{"id":42488,"date":"2022-06-29T23:18:13","date_gmt":"2022-06-29T21:18:13","guid":{"rendered":"https:\/\/prismagamers.com\/produkt\/mayhem-in-single-valley\/"},"modified":"2022-06-29T23:18:13","modified_gmt":"2022-06-29T21:18:13","slug":"mayhem-in-single-valley","status":"publish","type":"product","link":"https:\/\/prismagamers.com\/hu\/produkt\/mayhem-in-single-valley\/","title":{"rendered":"Mayhem in Single Valley"},"content":{"rendered":"<p>N\u00e9ha bal l\u00e1bbal kelsz fel, n\u00e9ha pedig v\u00e9letlen\u00fcl v\u00e1ltod ki az apokalipszist. Ismerd meg Jacket, a kis csintalankod\u00f3t, akinek a csal\u00e1dja kiz\u00f6kkent, egy \u00f3ri\u00e1si f\u00e9lresiker\u00fclt \u00e9s egy megb\u00edzhat\u00f3 cs\u00fazli van az oldal\u00e1n. Ebben az akci\u00f3-kalandj\u00e1t\u00e9kban csak te tudod meg\u00e1ll\u00edtani a sz\u00f6rnyek sereg\u00e9t az \u00edt\u00e9letnapon, \u00e9ppen id\u0151ben, hogy haza\u00e9rj vacsor\u00e1ra. <strong>Mentsd meg a vil\u00e1got, \u00e9s tartsd a v\u00e1rost a leveg\u0151ben<\/strong> &#8211; Nem k\u00f6nny\u0171 egy csendes kisv\u00e1ros mag\u00e1nyos h\u0151s\u00e9nek lenni. Amikor a dolgok elkezdenek \u00f6sszeomlani a Single Valleyben, elkezded megismerni sz\u00fcl\u0151v\u00e1rosod titkait. Egy rejtett csal\u00e1di titok, k\u00fcl\u00f6n\u00f6s t\u00e9nyek a szomsz\u00e9daidr\u00f3l vagy egy kalandj\u00e1t\u00e9k, amely k\u00f6zvetlen\u00fcl a Steam bolt oldal\u00e1ra kacsintgat a j\u00e1t\u00e9kosok fel\u00e9? Ez csak a j\u00e9ghegy cs\u00facsa.<br \/>\n<strong>Az apokaliptikus sz\u00f6rnyeknek is vannak \u00e9rz\u00e9seik<\/strong> &#8211; a Single Valley-ben tal\u00e1lkozol a l\u00e9nyeknek megvan a maguk kedvence \u00e9s ellenszenve &#8211; csak figyeld \u0151ket egy darabig, ahogy elpuszt\u00edtanak valamit. A meg\u00f6l\u00e9s\u00fck nem mindig bizonyul a legjobb taktik\u00e1nak, n\u00e9ha meg\u00e9ri saj\u00e1t magadnak gondolkodni, \u00e9s a viselked\u00e9s\u00fcket ellen\u00fck ford\u00edtani!<br \/>\n<strong>H\u00e9, legal\u00e1bb a vil\u00e1gv\u00e9ge is j\u00f3 \u00fcr\u00fcgy a nem szokv\u00e1nyos rejtv\u00e9nyek megold\u00e1s\u00e1ra<\/strong> &#8211; a Single Valley val\u00f3s\u00e1ga kezd recsegni-ropogni-ropogni! Ahhoz, hogy mindenkit megments, a k\u00f6vetkez\u0151ket kell tenned: tutajozni m\u00e9rgez\u0151 foly\u00f3kon, \u00e1tmenni egy szellem \u00e1ltal\u00e1nos iskol\u00e1ban, kl\u00f3nozni magad, \u00e9s m\u00e9g egy alattomos \u00f6sv\u00e9nyen is \u00e1t kell navig\u00e1lnod, hogy elnyerd ap\u00e1d j\u00f3v\u00e1hagy\u00e1s\u00e1t. <\/p>\n<div class=\"URplpg\"><strong>Nyelvek<\/strong>:<\/div>\n<ul>\n<li style=\"list-style-type: none;\">\n<ul class=\"r1iAKt\">\n<li>Angol<\/li>\n<li>Francia<\/li>\n<li>N\u00e9met<\/li>\n<li>Olasz<\/li>\n<li>Jap\u00e1n<\/li>\n<li>Koreai<\/li>\n<li>Portug\u00e1l &#8211; Braz\u00edlia<\/li>\n<li>Orosz<\/li>\n<li>Egyszer\u0171s\u00edtett k\u00ednai<\/li>\n<li>Spanyol &#8211; Spanyolorsz\u00e1g<\/li>\n<\/ul>\n<\/li>\n<\/ul>\n<div class=\"URplpg\"><strong>M\u0171k\u00f6dik:<\/strong><\/div>\n<ul>\n<li style=\"list-style-type: none;\">\n<ul class=\"r1iAKt\">\n<li>Windows<\/li>\n<\/ul>\n<\/li>\n<\/ul>\n","protected":false},"excerpt":{"rendered":"<p>A The Legend of Zelda sorozatra eml\u00e9keztet\u0151 akci\u00f3-kalandj\u00e1t\u00e9k RPG elemekkel. A Mayhem in Single Valley-ben Jacket alak\u00edtjuk, akinek, miut\u00e1n a helyi \u00e1llatok v\u00e9rszomjas sz\u00f6rnyekk\u00e9 v\u00e1ltak, mindent meg kell tennie, hogy megmentse sz\u00fcl\u0151v\u00e1ros\u00e1t. <\/p>\n<p>\ud83c\udf0d Glob\u00e1lis<br \/>\n\u2699\ufe0f Steam<br \/>\n\ud83d\udddd Digit\u00e1lis kulcs<\/p>\n","protected":false},"featured_media":24816,"template":"","meta":{"_acf_changed":false,"site-sidebar-layout":"default","site-content-layout":"default","ast-site-content-layout":"default","site-content-style":"default","site-sidebar-style":"default","ast-global-header-display":"","ast-banner-title-visibility":"","ast-main-header-display":"","ast-hfb-above-header-display":"","ast-hfb-below-header-display":"","ast-hfb-mobile-header-display":"","site-post-title":"","ast-breadcrumbs-content":"","ast-featured-img":"","footer-sml-layout":"","ast-disable-related-posts":"","theme-transparent-header-meta":"default","adv-header-id-meta":"","stick-header-meta":"","header-above-stick-meta":"","header-main-stick-meta":"","header-below-stick-meta":"","astra-migrate-meta-layouts":"default","ast-page-background-enabled":"default","ast-page-background-meta":{"desktop":{"background-color":"var(--ast-global-color-4)","background-image":"","background-repeat":"repeat","background-position":"center center","background-size":"auto","background-attachment":"scroll","background-type":"","background-media":"","overlay-type":"","overlay-color":"","overlay-opacity":"","overlay-gradient":""},"tablet":{"background-color":"","background-image":"","background-repeat":"repeat","background-position":"center center","background-size":"auto","background-attachment":"scroll","background-type":"","background-media":"","overlay-type":"","overlay-color":"","overlay-opacity":"","overlay-gradient":""},"mobile":{"background-color":"","background-image":"","background-repeat":"repeat","background-position":"center center","background-size":"auto","background-attachment":"scroll","background-type":"","background-media":"","overlay-type":"","overlay-color":"","overlay-opacity":"","overlay-gradient":""}},"ast-content-background-meta":{"desktop":{"background-color":"var(--ast-global-color-5)","background-image":"","background-repeat":"repeat","background-position":"center center","background-size":"auto","background-attachment":"scroll","background-type":"","background-media":"","overlay-type":"","overlay-color":"","overlay-opacity":"","overlay-gradient":""},"tablet":{"background-color":"var(--ast-global-color-5)","background-image":"","background-repeat":"repeat","background-position":"center center","background-size":"auto","background-attachment":"scroll","background-type":"","background-media":"","overlay-type":"","overlay-color":"","overlay-opacity":"","overlay-gradient":""},"mobile":{"background-color":"var(--ast-global-color-5)","background-image":"","background-repeat":"repeat","background-position":"center center","background-size":"auto","background-attachment":"scroll","background-type":"","background-media":"","overlay-type":"","overlay-color":"","overlay-opacity":"","overlay-gradient":""}}},"product_brand":[],"product_cat":[371,394,365,392,363,378,367],"product_tag":[],"class_list":{"0":"post-42488","1":"product","2":"type-product","3":"status-publish","4":"has-post-thumbnail","6":"product_cat-akcio-jatekok","7":"product_cat-digitalis-jatekok","8":"product_cat-goz","9":"product_cat-india","10":"product_cat-kaland-jatekok","11":"product_cat-minden-digitalis-jatek","12":"product_cat-pc-jatekok","13":"desktop-align-left","14":"tablet-align-left","15":"mobile-align-left","17":"first","18":"instock","19":"shipping-taxable","20":"purchasable","21":"product-type-simple"},"acf":[],"yoast_head":"<!-- This site is optimized with the Yoast SEO Premium plugin v27.4 (Yoast SEO v27.4) - https:\/\/yoast.com\/product\/yoast-seo-premium-wordpress\/ -->\n<title>Mayhem in Single Valley - Prismagamers.com<\/title>\n<meta name=\"description\" content=\"A The Legend of Zelda sorozatra eml\u00e9keztet\u0151 akci\u00f3-kalandj\u00e1t\u00e9k RPG elemekkel. A Mayhem in Single Valley-ben Jacket alak\u00edtjuk, akinek, miut\u00e1n a helyi \u00e1llatok v\u00e9rszomjas sz\u00f6rnyekk\u00e9 v\u00e1ltak, mindent meg kell tennie, hogy megmentse sz\u00fcl\u0151v\u00e1ros\u00e1t.  \ud83c\udf0d Glob\u00e1lis \u2699\ufe0f Steam \ud83d\udddd Digit\u00e1lis kulcs\" \/>\n<meta name=\"robots\" content=\"index, follow, max-snippet:-1, max-image-preview:large, max-video-preview:-1\" \/>\n<link rel=\"canonical\" href=\"https:\/\/prismagamers.com\/hu\/produkt\/mayhem-in-single-valley\/\" \/>\n<meta property=\"og:locale\" content=\"hu_HU\" \/>\n<meta property=\"og:type\" content=\"article\" \/>\n<meta property=\"og:title\" content=\"Mayhem in Single Valley\" \/>\n<meta property=\"og:description\" content=\"A The Legend of Zelda sorozatra eml\u00e9keztet\u0151 akci\u00f3-kalandj\u00e1t\u00e9k RPG elemekkel. A Mayhem in Single Valley-ben Jacket alak\u00edtjuk, akinek, miut\u00e1n a helyi \u00e1llatok v\u00e9rszomjas sz\u00f6rnyekk\u00e9 v\u00e1ltak, mindent meg kell tennie, hogy megmentse sz\u00fcl\u0151v\u00e1ros\u00e1t.  \ud83c\udf0d Glob\u00e1lis \u2699\ufe0f Steam \ud83d\udddd Digit\u00e1lis kulcs\" \/>\n<meta property=\"og:url\" content=\"https:\/\/prismagamers.com\/hu\/produkt\/mayhem-in-single-valley\/\" \/>\n<meta property=\"og:site_name\" content=\"Prismagamers.com\" \/>\n<meta property=\"article:publisher\" content=\"https:\/\/www.facebook.com\/prismagamers\" \/>\n<meta property=\"og:image\" content=\"https:\/\/prismagamers.com\/wp-content\/uploads\/2022\/06\/Mayhem-in-Single-Valley.jpg\" \/>\n\t<meta property=\"og:image:width\" content=\"350\" \/>\n\t<meta property=\"og:image:height\" content=\"467\" \/>\n\t<meta property=\"og:image:type\" content=\"image\/jpeg\" \/>\n<meta name=\"twitter:card\" content=\"summary_large_image\" \/>\n<meta name=\"twitter:label1\" content=\"Becs\u00fclt olvas\u00e1si id\u0151\" \/>\n\t<meta name=\"twitter:data1\" content=\"2 perc\" \/>\n<script type=\"application\/ld+json\" class=\"yoast-schema-graph\">{\"@context\":\"https:\\\/\\\/schema.org\",\"@graph\":[{\"@type\":\"WebPage\",\"@id\":\"https:\\\/\\\/prismagamers.com\\\/hu\\\/produkt\\\/mayhem-in-single-valley\\\/\",\"url\":\"https:\\\/\\\/prismagamers.com\\\/hu\\\/produkt\\\/mayhem-in-single-valley\\\/\",\"name\":\"Mayhem in Single Valley - Prismagamers.com\",\"isPartOf\":{\"@id\":\"https:\\\/\\\/prismagamers.com\\\/hu\\\/#website\"},\"primaryImageOfPage\":{\"@id\":\"https:\\\/\\\/prismagamers.com\\\/hu\\\/produkt\\\/mayhem-in-single-valley\\\/#primaryimage\"},\"image\":{\"@id\":\"https:\\\/\\\/prismagamers.com\\\/hu\\\/produkt\\\/mayhem-in-single-valley\\\/#primaryimage\"},\"thumbnailUrl\":\"https:\\\/\\\/prismagamers.com\\\/wp-content\\\/uploads\\\/2022\\\/06\\\/Mayhem-in-Single-Valley.jpg\",\"datePublished\":\"2022-06-29T21:18:13+00:00\",\"description\":\"A The Legend of Zelda sorozatra eml\u00e9keztet\u0151 akci\u00f3-kalandj\u00e1t\u00e9k RPG elemekkel. A Mayhem in Single Valley-ben Jacket alak\u00edtjuk, akinek, miut\u00e1n a helyi \u00e1llatok v\u00e9rszomjas sz\u00f6rnyekk\u00e9 v\u00e1ltak, mindent meg kell tennie, hogy megmentse sz\u00fcl\u0151v\u00e1ros\u00e1t. \ud83c\udf0d Glob\u00e1lis \u2699\ufe0f Steam \ud83d\udddd Digit\u00e1lis kulcs\",\"breadcrumb\":{\"@id\":\"https:\\\/\\\/prismagamers.com\\\/hu\\\/produkt\\\/mayhem-in-single-valley\\\/#breadcrumb\"},\"inLanguage\":\"hu\",\"potentialAction\":[{\"@type\":\"ReadAction\",\"target\":[\"https:\\\/\\\/prismagamers.com\\\/hu\\\/produkt\\\/mayhem-in-single-valley\\\/\"]}]},{\"@type\":\"ImageObject\",\"inLanguage\":\"hu\",\"@id\":\"https:\\\/\\\/prismagamers.com\\\/hu\\\/produkt\\\/mayhem-in-single-valley\\\/#primaryimage\",\"url\":\"https:\\\/\\\/prismagamers.com\\\/wp-content\\\/uploads\\\/2022\\\/06\\\/Mayhem-in-Single-Valley.jpg\",\"contentUrl\":\"https:\\\/\\\/prismagamers.com\\\/wp-content\\\/uploads\\\/2022\\\/06\\\/Mayhem-in-Single-Valley.jpg\",\"width\":350,\"height\":467},{\"@type\":\"BreadcrumbList\",\"@id\":\"https:\\\/\\\/prismagamers.com\\\/hu\\\/produkt\\\/mayhem-in-single-valley\\\/#breadcrumb\",\"itemListElement\":[{\"@type\":\"ListItem\",\"position\":1,\"name\":\"Strona g\u0142\u00f3wna\",\"item\":\"https:\\\/\\\/prismagamers.com\\\/hu\\\/prismagamers\\\/\"},{\"@type\":\"ListItem\",\"position\":2,\"name\":\"Shop\",\"item\":\"https:\\\/\\\/prismagamers.com\\\/hu\\\/shop\\\/\"},{\"@type\":\"ListItem\",\"position\":3,\"name\":\"Mayhem in Single Valley\"}]},{\"@type\":\"WebSite\",\"@id\":\"https:\\\/\\\/prismagamers.com\\\/hu\\\/#website\",\"url\":\"https:\\\/\\\/prismagamers.com\\\/hu\\\/\",\"name\":\"Prismagamers\",\"description\":\"Sklep z grami PC I Sklep klucze Steam\",\"publisher\":{\"@id\":\"https:\\\/\\\/prismagamers.com\\\/hu\\\/#organization\"},\"potentialAction\":[{\"@type\":\"SearchAction\",\"target\":{\"@type\":\"EntryPoint\",\"urlTemplate\":\"https:\\\/\\\/prismagamers.com\\\/hu\\\/?s={search_term_string}\"},\"query-input\":{\"@type\":\"PropertyValueSpecification\",\"valueRequired\":true,\"valueName\":\"search_term_string\"}}],\"inLanguage\":\"hu\"},{\"@type\":\"Organization\",\"@id\":\"https:\\\/\\\/prismagamers.com\\\/hu\\\/#organization\",\"name\":\"Prismagamers\",\"url\":\"https:\\\/\\\/prismagamers.com\\\/hu\\\/\",\"logo\":{\"@type\":\"ImageObject\",\"inLanguage\":\"hu\",\"@id\":\"https:\\\/\\\/prismagamers.com\\\/hu\\\/#\\\/schema\\\/logo\\\/image\\\/\",\"url\":\"https:\\\/\\\/prismagamers.com\\\/wp-content\\\/uploads\\\/2022\\\/04\\\/cropped-logo-Prismagamers-01-scaled-1.jpg\",\"contentUrl\":\"https:\\\/\\\/prismagamers.com\\\/wp-content\\\/uploads\\\/2022\\\/04\\\/cropped-logo-Prismagamers-01-scaled-1.jpg\",\"width\":512,\"height\":512,\"caption\":\"Prismagamers\"},\"image\":{\"@id\":\"https:\\\/\\\/prismagamers.com\\\/hu\\\/#\\\/schema\\\/logo\\\/image\\\/\"},\"sameAs\":[\"https:\\\/\\\/www.facebook.com\\\/prismagamers\",\"https:\\\/\\\/www.instagram.com\\\/prismagamers_grycyfrowe\\\/\"],\"description\":\"Prismagamers.com to dynamiczny sklep z grami cyfrowymi, stworzony z my\u015bl\u0105 o entuzjastach gier wideo. Nasza strona oferuje szerok\u0105 gam\u0119 gier komputerowych, w tym najnowsze tytu\u0142y, dobrze znane klasyki oraz gry stworzone przez niezale\u017cne studia Ca\u0142y czas d\u0105\u017cymy do rozszerzenia naszej oferty. Do\u0142\u0105cz do nas i sta\u0144 si\u0119 cz\u0119\u015bci\u0105 naszej rosn\u0105cej spo\u0142eczno\u015bci graczy!\",\"email\":\"shop@prismagamers.com\",\"telephone\":\"48795541705\",\"legalName\":\"East Caravan Maksym \u017bukow\",\"foundingDate\":\"2012-05-10\",\"vatID\":\"PL8943038612\",\"taxID\":\"PL8943038612\",\"numberOfEmployees\":{\"@type\":\"QuantitativeValue\",\"minValue\":\"11\",\"maxValue\":\"50\"}}]}<\/script>\n<!-- \/ Yoast SEO Premium plugin. -->","yoast_head_json":{"title":"Mayhem in Single Valley - Prismagamers.com","description":"A The Legend of Zelda sorozatra eml\u00e9keztet\u0151 akci\u00f3-kalandj\u00e1t\u00e9k RPG elemekkel. A Mayhem in Single Valley-ben Jacket alak\u00edtjuk, akinek, miut\u00e1n a helyi \u00e1llatok v\u00e9rszomjas sz\u00f6rnyekk\u00e9 v\u00e1ltak, mindent meg kell tennie, hogy megmentse sz\u00fcl\u0151v\u00e1ros\u00e1t.  \ud83c\udf0d Glob\u00e1lis \u2699\ufe0f Steam \ud83d\udddd Digit\u00e1lis kulcs","robots":{"index":"index","follow":"follow","max-snippet":"max-snippet:-1","max-image-preview":"max-image-preview:large","max-video-preview":"max-video-preview:-1"},"canonical":"https:\/\/prismagamers.com\/hu\/produkt\/mayhem-in-single-valley\/","og_locale":"hu_HU","og_type":"article","og_title":"Mayhem in Single Valley","og_description":"A The Legend of Zelda sorozatra eml\u00e9keztet\u0151 akci\u00f3-kalandj\u00e1t\u00e9k RPG elemekkel. A Mayhem in Single Valley-ben Jacket alak\u00edtjuk, akinek, miut\u00e1n a helyi \u00e1llatok v\u00e9rszomjas sz\u00f6rnyekk\u00e9 v\u00e1ltak, mindent meg kell tennie, hogy megmentse sz\u00fcl\u0151v\u00e1ros\u00e1t.  \ud83c\udf0d Glob\u00e1lis \u2699\ufe0f Steam \ud83d\udddd Digit\u00e1lis kulcs","og_url":"https:\/\/prismagamers.com\/hu\/produkt\/mayhem-in-single-valley\/","og_site_name":"Prismagamers.com","article_publisher":"https:\/\/www.facebook.com\/prismagamers","og_image":[{"width":350,"height":467,"url":"https:\/\/prismagamers.com\/wp-content\/uploads\/2022\/06\/Mayhem-in-Single-Valley.jpg","type":"image\/jpeg"}],"twitter_card":"summary_large_image","twitter_misc":{"Becs\u00fclt olvas\u00e1si id\u0151":"2 perc"},"schema":{"@context":"https:\/\/schema.org","@graph":[{"@type":"WebPage","@id":"https:\/\/prismagamers.com\/hu\/produkt\/mayhem-in-single-valley\/","url":"https:\/\/prismagamers.com\/hu\/produkt\/mayhem-in-single-valley\/","name":"Mayhem in Single Valley - Prismagamers.com","isPartOf":{"@id":"https:\/\/prismagamers.com\/hu\/#website"},"primaryImageOfPage":{"@id":"https:\/\/prismagamers.com\/hu\/produkt\/mayhem-in-single-valley\/#primaryimage"},"image":{"@id":"https:\/\/prismagamers.com\/hu\/produkt\/mayhem-in-single-valley\/#primaryimage"},"thumbnailUrl":"https:\/\/prismagamers.com\/wp-content\/uploads\/2022\/06\/Mayhem-in-Single-Valley.jpg","datePublished":"2022-06-29T21:18:13+00:00","description":"A The Legend of Zelda sorozatra eml\u00e9keztet\u0151 akci\u00f3-kalandj\u00e1t\u00e9k RPG elemekkel. A Mayhem in Single Valley-ben Jacket alak\u00edtjuk, akinek, miut\u00e1n a helyi \u00e1llatok v\u00e9rszomjas sz\u00f6rnyekk\u00e9 v\u00e1ltak, mindent meg kell tennie, hogy megmentse sz\u00fcl\u0151v\u00e1ros\u00e1t. \ud83c\udf0d Glob\u00e1lis \u2699\ufe0f Steam \ud83d\udddd Digit\u00e1lis kulcs","breadcrumb":{"@id":"https:\/\/prismagamers.com\/hu\/produkt\/mayhem-in-single-valley\/#breadcrumb"},"inLanguage":"hu","potentialAction":[{"@type":"ReadAction","target":["https:\/\/prismagamers.com\/hu\/produkt\/mayhem-in-single-valley\/"]}]},{"@type":"ImageObject","inLanguage":"hu","@id":"https:\/\/prismagamers.com\/hu\/produkt\/mayhem-in-single-valley\/#primaryimage","url":"https:\/\/prismagamers.com\/wp-content\/uploads\/2022\/06\/Mayhem-in-Single-Valley.jpg","contentUrl":"https:\/\/prismagamers.com\/wp-content\/uploads\/2022\/06\/Mayhem-in-Single-Valley.jpg","width":350,"height":467},{"@type":"BreadcrumbList","@id":"https:\/\/prismagamers.com\/hu\/produkt\/mayhem-in-single-valley\/#breadcrumb","itemListElement":[{"@type":"ListItem","position":1,"name":"Strona g\u0142\u00f3wna","item":"https:\/\/prismagamers.com\/hu\/prismagamers\/"},{"@type":"ListItem","position":2,"name":"Shop","item":"https:\/\/prismagamers.com\/hu\/shop\/"},{"@type":"ListItem","position":3,"name":"Mayhem in Single Valley"}]},{"@type":"WebSite","@id":"https:\/\/prismagamers.com\/hu\/#website","url":"https:\/\/prismagamers.com\/hu\/","name":"Prismagamers","description":"Sklep z grami PC I Sklep klucze Steam","publisher":{"@id":"https:\/\/prismagamers.com\/hu\/#organization"},"potentialAction":[{"@type":"SearchAction","target":{"@type":"EntryPoint","urlTemplate":"https:\/\/prismagamers.com\/hu\/?s={search_term_string}"},"query-input":{"@type":"PropertyValueSpecification","valueRequired":true,"valueName":"search_term_string"}}],"inLanguage":"hu"},{"@type":"Organization","@id":"https:\/\/prismagamers.com\/hu\/#organization","name":"Prismagamers","url":"https:\/\/prismagamers.com\/hu\/","logo":{"@type":"ImageObject","inLanguage":"hu","@id":"https:\/\/prismagamers.com\/hu\/#\/schema\/logo\/image\/","url":"https:\/\/prismagamers.com\/wp-content\/uploads\/2022\/04\/cropped-logo-Prismagamers-01-scaled-1.jpg","contentUrl":"https:\/\/prismagamers.com\/wp-content\/uploads\/2022\/04\/cropped-logo-Prismagamers-01-scaled-1.jpg","width":512,"height":512,"caption":"Prismagamers"},"image":{"@id":"https:\/\/prismagamers.com\/hu\/#\/schema\/logo\/image\/"},"sameAs":["https:\/\/www.facebook.com\/prismagamers","https:\/\/www.instagram.com\/prismagamers_grycyfrowe\/"],"description":"Prismagamers.com to dynamiczny sklep z grami cyfrowymi, stworzony z my\u015bl\u0105 o entuzjastach gier wideo. Nasza strona oferuje szerok\u0105 gam\u0119 gier komputerowych, w tym najnowsze tytu\u0142y, dobrze znane klasyki oraz gry stworzone przez niezale\u017cne studia Ca\u0142y czas d\u0105\u017cymy do rozszerzenia naszej oferty. Do\u0142\u0105cz do nas i sta\u0144 si\u0119 cz\u0119\u015bci\u0105 naszej rosn\u0105cej spo\u0142eczno\u015bci graczy!","email":"shop@prismagamers.com","telephone":"48795541705","legalName":"East Caravan Maksym \u017bukow","foundingDate":"2012-05-10","vatID":"PL8943038612","taxID":"PL8943038612","numberOfEmployees":{"@type":"QuantitativeValue","minValue":"11","maxValue":"50"}}]}},"_links":{"self":[{"href":"https:\/\/prismagamers.com\/hu\/wp-json\/wp\/v2\/product\/42488","targetHints":{"allow":["GET"]}}],"collection":[{"href":"https:\/\/prismagamers.com\/hu\/wp-json\/wp\/v2\/product"}],"about":[{"href":"https:\/\/prismagamers.com\/hu\/wp-json\/wp\/v2\/types\/product"}],"wp:featuredmedia":[{"embeddable":true,"href":"https:\/\/prismagamers.com\/hu\/wp-json\/wp\/v2\/media\/24816"}],"wp:attachment":[{"href":"https:\/\/prismagamers.com\/hu\/wp-json\/wp\/v2\/media?parent=42488"}],"wp:term":[{"taxonomy":"product_brand","embeddable":true,"href":"https:\/\/prismagamers.com\/hu\/wp-json\/wp\/v2\/product_brand?post=42488"},{"taxonomy":"product_cat","embeddable":true,"href":"https:\/\/prismagamers.com\/hu\/wp-json\/wp\/v2\/product_cat?post=42488"},{"taxonomy":"product_tag","embeddable":true,"href":"https:\/\/prismagamers.com\/hu\/wp-json\/wp\/v2\/product_tag?post=42488"}],"curies":[{"name":"wp","href":"https:\/\/api.w.org\/{rel}","templated":true}]}}