{"id":42489,"date":"2022-06-18T23:36:51","date_gmt":"2022-06-18T21:36:51","guid":{"rendered":"https:\/\/prismagamers.com\/produkt\/ice-age-scrats-nutty-adventure\/"},"modified":"2022-06-18T23:36:51","modified_gmt":"2022-06-18T21:36:51","slug":"ice-age-scrats-nutty-adventure","status":"publish","type":"product","link":"https:\/\/prismagamers.com\/hu\/produkt\/ice-age-scrats-nutty-adventure\/","title":{"rendered":"Ice Age Scrats Nutty Adventure"},"content":{"rendered":"<p>Csatlakozz Scrat k\u00fcldet\u00e9s\u00e9hez, hogy megtal\u00e1lja a krist\u00e1lymakkokat A h\u00edres \u00e9s k\u00f6zkedvelt J\u00e9gkorszak kardfog\u00fa m\u00f3kus, Scrat \u00faj kalandra k\u00e9sz\u00fcl! Egy \u0151si Scratazonian templomban egy titokzatos mechanizmus miatt Scrat felbecs\u00fclhetetlen \u00e9rt\u00e9k\u0171 kincs\u00e9t elz\u00e1rta, \u00e9s az egyetlen m\u00f3dja, hogy visszaszerezze azt, ha belev\u00e1g egy epikus k\u00fcldet\u00e9sbe, hogy megtal\u00e1lja a n\u00e9gy legend\u00e1s krist\u00e1lymakkot, amelyek sz\u00e9tsz\u00f3r\u00f3dtak az eg\u00e9sz orsz\u00e1gban. Rajtad \u00e1ll, hogy v\u00e9gigvezesd Scratet egy sz\u00f3rakoztat\u00f3, 3D-s, akci\u00f3d\u00fas kalandon, ahol vad, \u0151skori l\u00e9nyekkel kell szemben\u00e9zned, \u0151r\u00fclt katasztr\u00f3f\u00e1kat kell t\u00fal\u00e9lned, \u00e9s vissza kell \u00e1ll\u00edtanod az elveszett erekly\u00e9ket az \u0151ket megillet\u0151 helyre.<br \/>\nL\u00e9pj be a J\u00e9gkorszak vil\u00e1g\u00e1ba!<br \/>\nK\u00e9sz\u00fclj fel a klasszikus Ice Age helysz\u00ednek megl\u00e1togat\u00e1s\u00e1ra, ahol j\u00e9gcsapokon ugr\u00e1lsz \u00e1t, tombol\u00f3 gejz\u00edreket haszn\u00e1lsz, forr\u00f3 l\u00e1v\u00e1t ker\u00fclgetsz \u00e9s val\u00f3sz\u00edn\u0171tlen magass\u00e1gokba jutsz, mindezt Scrat pofonegyszer\u0171 akrobatik\u00e1j\u00e1nak k\u00eds\u00e9ret\u00e9ben. \u00datk\u00f6zben tal\u00e1n megpillanthatsz n\u00e9h\u00e1ny ismer\u0151s arcot a J\u00e9gkorszakb\u00f3l!   <\/p>\n<p>Vad\u00e1szni a k\u00fcl\u00f6nleges er\u0151k!<br \/>\nFedezd fel a kalandos helysz\u00edneket, hogy kincseket fedezz fel, amelyekkel k\u00fcl\u00f6nleges k\u00e9pess\u00e9geket szabad\u00edthatsz fel, hogy Scrat magasabbra ugorhasson, nehezebb t\u00e1rgyakat emelhessen fel, \u00e9s el\u00e9rje a megmaradt kincseket!<\/p>\n<p>Ez egy vesz\u00e9lyes vil\u00e1g<br \/>\nNem kis b\u00e1tors\u00e1g kell ahhoz, hogy visszaszerezz\u00fck a krist\u00e1lymakkokat! K\u00e9sz\u00fclj fel a vad farkasokkal, gonosz rovarokkal, hatalmas \u0151skori f\u0151n\u00f6k\u00f6kkel \u00e9s &#8211; ami m\u00e9g rosszabb &#8211; Scrata v\u00e9gtelen balszerencs\u00e9j\u00e9vel val\u00f3 \u00f6sszecsap\u00e1sokra! <\/p>\n<div class=\"URplpg\">Nyelvek:<\/div>\n<ul>\n<li style=\"list-style-type: none;\">\n<ul class=\"r1iAKt\">\n<li>Angol<\/li>\n<\/ul>\n<\/li>\n<\/ul>\n<div class=\"URplpg\">M\u0171k\u00f6dik:<\/div>\n<ul>\n<li style=\"list-style-type: none;\">\n<ul class=\"r1iAKt\">\n<li>Windows<\/li>\n<\/ul>\n<\/li>\n<\/ul>\n","protected":false},"excerpt":{"rendered":"<p>Csatlakozz Scrat k\u00fcldet\u00e9s\u00e9hez, hogy megtal\u00e1lja a krist\u00e1lymakkokat A j\u00f3l ismert \u00e9s kedvelt J\u00e9gkorszak kardfog\u00fa m\u00f3kus, Scrat, ism\u00e9t \u00fatra kel egy \u00faj kalandra!<\/p>\n<p>\ud83c\udf0d Global<br \/>\n\u2699\ufe0f Steam<br \/>\n\ud83d\udddd Digital key<\/p>\n","protected":false},"featured_media":24664,"template":"","meta":{"_acf_changed":false,"site-sidebar-layout":"default","site-content-layout":"default","ast-site-content-layout":"default","site-content-style":"default","site-sidebar-style":"default","ast-global-header-display":"","ast-banner-title-visibility":"","ast-main-header-display":"","ast-hfb-above-header-display":"","ast-hfb-below-header-display":"","ast-hfb-mobile-header-display":"","site-post-title":"","ast-breadcrumbs-content":"","ast-featured-img":"","footer-sml-layout":"","ast-disable-related-posts":"","theme-transparent-header-meta":"default","adv-header-id-meta":"","stick-header-meta":"","header-above-stick-meta":"","header-main-stick-meta":"","header-below-stick-meta":"","astra-migrate-meta-layouts":"default","ast-page-background-enabled":"default","ast-page-background-meta":{"desktop":{"background-color":"var(--ast-global-color-4)","background-image":"","background-repeat":"repeat","background-position":"center center","background-size":"auto","background-attachment":"scroll","background-type":"","background-media":"","overlay-type":"","overlay-color":"","overlay-opacity":"","overlay-gradient":""},"tablet":{"background-color":"","background-image":"","background-repeat":"repeat","background-position":"center center","background-size":"auto","background-attachment":"scroll","background-type":"","background-media":"","overlay-type":"","overlay-color":"","overlay-opacity":"","overlay-gradient":""},"mobile":{"background-color":"","background-image":"","background-repeat":"repeat","background-position":"center center","background-size":"auto","background-attachment":"scroll","background-type":"","background-media":"","overlay-type":"","overlay-color":"","overlay-opacity":"","overlay-gradient":""}},"ast-content-background-meta":{"desktop":{"background-color":"var(--ast-global-color-5)","background-image":"","background-repeat":"repeat","background-position":"center center","background-size":"auto","background-attachment":"scroll","background-type":"","background-media":"","overlay-type":"","overlay-color":"","overlay-opacity":"","overlay-gradient":""},"tablet":{"background-color":"var(--ast-global-color-5)","background-image":"","background-repeat":"repeat","background-position":"center center","background-size":"auto","background-attachment":"scroll","background-type":"","background-media":"","overlay-type":"","overlay-color":"","overlay-opacity":"","overlay-gradient":""},"mobile":{"background-color":"var(--ast-global-color-5)","background-image":"","background-repeat":"repeat","background-position":"center center","background-size":"auto","background-attachment":"scroll","background-type":"","background-media":"","overlay-type":"","overlay-color":"","overlay-opacity":"","overlay-gradient":""}}},"product_brand":[],"product_cat":[394,378,367],"product_tag":[],"class_list":{"0":"post-42489","1":"product","2":"type-product","3":"status-publish","4":"has-post-thumbnail","6":"product_cat-digitalis-jatekok","7":"product_cat-minden-digitalis-jatek","8":"product_cat-pc-jatekok","9":"desktop-align-left","10":"tablet-align-left","11":"mobile-align-left","13":"first","14":"instock","15":"shipping-taxable","16":"purchasable","17":"product-type-simple"},"acf":[],"yoast_head":"<!-- This site is optimized with the Yoast SEO Premium plugin v27.4 (Yoast SEO v27.4) - https:\/\/yoast.com\/product\/yoast-seo-premium-wordpress\/ -->\n<title>Ice Age Scrats Nutty Adventure - Prismagamers.com<\/title>\n<meta name=\"description\" content=\"Csatlakozz Scrat k\u00fcldet\u00e9s\u00e9hez, hogy megtal\u00e1lja a krist\u00e1lymakkokat A j\u00f3l ismert \u00e9s kedvelt J\u00e9gkorszak kardfog\u00fa m\u00f3kus, Scrat, ism\u00e9t \u00fatra kel egy \u00faj kalandra! \ud83c\udf0d Global \u2699\ufe0f Steam \ud83d\udddd Digital key\" \/>\n<meta name=\"robots\" content=\"index, follow, max-snippet:-1, max-image-preview:large, max-video-preview:-1\" \/>\n<link rel=\"canonical\" href=\"https:\/\/prismagamers.com\/hu\/produkt\/ice-age-scrats-nutty-adventure\/\" \/>\n<meta property=\"og:locale\" content=\"hu_HU\" \/>\n<meta property=\"og:type\" content=\"article\" \/>\n<meta property=\"og:title\" content=\"Ice Age Scrats Nutty Adventure\" \/>\n<meta property=\"og:description\" content=\"Csatlakozz Scrat k\u00fcldet\u00e9s\u00e9hez, hogy megtal\u00e1lja a krist\u00e1lymakkokat A j\u00f3l ismert \u00e9s kedvelt J\u00e9gkorszak kardfog\u00fa m\u00f3kus, Scrat, ism\u00e9t \u00fatra kel egy \u00faj kalandra! \ud83c\udf0d Global \u2699\ufe0f Steam \ud83d\udddd Digital key\" \/>\n<meta property=\"og:url\" content=\"https:\/\/prismagamers.com\/hu\/produkt\/ice-age-scrats-nutty-adventure\/\" \/>\n<meta property=\"og:site_name\" content=\"Prismagamers.com\" \/>\n<meta property=\"article:publisher\" content=\"https:\/\/www.facebook.com\/prismagamers\" \/>\n<meta property=\"og:image\" content=\"https:\/\/prismagamers.com\/wp-content\/uploads\/2022\/06\/Ice-Age-Scrats-Nutty-Adventure.jpeg\" \/>\n\t<meta property=\"og:image:width\" content=\"350\" \/>\n\t<meta property=\"og:image:height\" content=\"491\" \/>\n\t<meta property=\"og:image:type\" content=\"image\/jpeg\" \/>\n<meta name=\"twitter:card\" content=\"summary_large_image\" \/>\n<meta name=\"twitter:label1\" content=\"Becs\u00fclt olvas\u00e1si id\u0151\" \/>\n\t<meta name=\"twitter:data1\" content=\"1 perc\" \/>\n<script type=\"application\/ld+json\" class=\"yoast-schema-graph\">{\"@context\":\"https:\\\/\\\/schema.org\",\"@graph\":[{\"@type\":\"WebPage\",\"@id\":\"https:\\\/\\\/prismagamers.com\\\/hu\\\/produkt\\\/ice-age-scrats-nutty-adventure\\\/\",\"url\":\"https:\\\/\\\/prismagamers.com\\\/hu\\\/produkt\\\/ice-age-scrats-nutty-adventure\\\/\",\"name\":\"Ice Age Scrats Nutty Adventure - Prismagamers.com\",\"isPartOf\":{\"@id\":\"https:\\\/\\\/prismagamers.com\\\/hu\\\/#website\"},\"primaryImageOfPage\":{\"@id\":\"https:\\\/\\\/prismagamers.com\\\/hu\\\/produkt\\\/ice-age-scrats-nutty-adventure\\\/#primaryimage\"},\"image\":{\"@id\":\"https:\\\/\\\/prismagamers.com\\\/hu\\\/produkt\\\/ice-age-scrats-nutty-adventure\\\/#primaryimage\"},\"thumbnailUrl\":\"https:\\\/\\\/prismagamers.com\\\/wp-content\\\/uploads\\\/2022\\\/06\\\/Ice-Age-Scrats-Nutty-Adventure.jpeg\",\"datePublished\":\"2022-06-18T21:36:51+00:00\",\"description\":\"Csatlakozz Scrat k\u00fcldet\u00e9s\u00e9hez, hogy megtal\u00e1lja a krist\u00e1lymakkokat A j\u00f3l ismert \u00e9s kedvelt J\u00e9gkorszak kardfog\u00fa m\u00f3kus, Scrat, ism\u00e9t \u00fatra kel egy \u00faj kalandra! \ud83c\udf0d Global \u2699\ufe0f Steam \ud83d\udddd Digital key\",\"breadcrumb\":{\"@id\":\"https:\\\/\\\/prismagamers.com\\\/hu\\\/produkt\\\/ice-age-scrats-nutty-adventure\\\/#breadcrumb\"},\"inLanguage\":\"hu\",\"potentialAction\":[{\"@type\":\"ReadAction\",\"target\":[\"https:\\\/\\\/prismagamers.com\\\/hu\\\/produkt\\\/ice-age-scrats-nutty-adventure\\\/\"]}]},{\"@type\":\"ImageObject\",\"inLanguage\":\"hu\",\"@id\":\"https:\\\/\\\/prismagamers.com\\\/hu\\\/produkt\\\/ice-age-scrats-nutty-adventure\\\/#primaryimage\",\"url\":\"https:\\\/\\\/prismagamers.com\\\/wp-content\\\/uploads\\\/2022\\\/06\\\/Ice-Age-Scrats-Nutty-Adventure.jpeg\",\"contentUrl\":\"https:\\\/\\\/prismagamers.com\\\/wp-content\\\/uploads\\\/2022\\\/06\\\/Ice-Age-Scrats-Nutty-Adventure.jpeg\",\"width\":350,\"height\":491},{\"@type\":\"BreadcrumbList\",\"@id\":\"https:\\\/\\\/prismagamers.com\\\/hu\\\/produkt\\\/ice-age-scrats-nutty-adventure\\\/#breadcrumb\",\"itemListElement\":[{\"@type\":\"ListItem\",\"position\":1,\"name\":\"Strona g\u0142\u00f3wna\",\"item\":\"https:\\\/\\\/prismagamers.com\\\/hu\\\/prismagamers\\\/\"},{\"@type\":\"ListItem\",\"position\":2,\"name\":\"Shop\",\"item\":\"https:\\\/\\\/prismagamers.com\\\/hu\\\/shop\\\/\"},{\"@type\":\"ListItem\",\"position\":3,\"name\":\"Ice Age Scrats Nutty Adventure\"}]},{\"@type\":\"WebSite\",\"@id\":\"https:\\\/\\\/prismagamers.com\\\/hu\\\/#website\",\"url\":\"https:\\\/\\\/prismagamers.com\\\/hu\\\/\",\"name\":\"Prismagamers\",\"description\":\"Sklep z grami PC I Sklep klucze Steam\",\"publisher\":{\"@id\":\"https:\\\/\\\/prismagamers.com\\\/hu\\\/#organization\"},\"potentialAction\":[{\"@type\":\"SearchAction\",\"target\":{\"@type\":\"EntryPoint\",\"urlTemplate\":\"https:\\\/\\\/prismagamers.com\\\/hu\\\/?s={search_term_string}\"},\"query-input\":{\"@type\":\"PropertyValueSpecification\",\"valueRequired\":true,\"valueName\":\"search_term_string\"}}],\"inLanguage\":\"hu\"},{\"@type\":\"Organization\",\"@id\":\"https:\\\/\\\/prismagamers.com\\\/hu\\\/#organization\",\"name\":\"Prismagamers\",\"url\":\"https:\\\/\\\/prismagamers.com\\\/hu\\\/\",\"logo\":{\"@type\":\"ImageObject\",\"inLanguage\":\"hu\",\"@id\":\"https:\\\/\\\/prismagamers.com\\\/hu\\\/#\\\/schema\\\/logo\\\/image\\\/\",\"url\":\"https:\\\/\\\/prismagamers.com\\\/wp-content\\\/uploads\\\/2022\\\/04\\\/cropped-logo-Prismagamers-01-scaled-1.jpg\",\"contentUrl\":\"https:\\\/\\\/prismagamers.com\\\/wp-content\\\/uploads\\\/2022\\\/04\\\/cropped-logo-Prismagamers-01-scaled-1.jpg\",\"width\":512,\"height\":512,\"caption\":\"Prismagamers\"},\"image\":{\"@id\":\"https:\\\/\\\/prismagamers.com\\\/hu\\\/#\\\/schema\\\/logo\\\/image\\\/\"},\"sameAs\":[\"https:\\\/\\\/www.facebook.com\\\/prismagamers\",\"https:\\\/\\\/www.instagram.com\\\/prismagamers_grycyfrowe\\\/\"],\"description\":\"Prismagamers.com to dynamiczny sklep z grami cyfrowymi, stworzony z my\u015bl\u0105 o entuzjastach gier wideo. Nasza strona oferuje szerok\u0105 gam\u0119 gier komputerowych, w tym najnowsze tytu\u0142y, dobrze znane klasyki oraz gry stworzone przez niezale\u017cne studia Ca\u0142y czas d\u0105\u017cymy do rozszerzenia naszej oferty. Do\u0142\u0105cz do nas i sta\u0144 si\u0119 cz\u0119\u015bci\u0105 naszej rosn\u0105cej spo\u0142eczno\u015bci graczy!\",\"email\":\"shop@prismagamers.com\",\"telephone\":\"48795541705\",\"legalName\":\"East Caravan Maksym \u017bukow\",\"foundingDate\":\"2012-05-10\",\"vatID\":\"PL8943038612\",\"taxID\":\"PL8943038612\",\"numberOfEmployees\":{\"@type\":\"QuantitativeValue\",\"minValue\":\"11\",\"maxValue\":\"50\"}}]}<\/script>\n<!-- \/ Yoast SEO Premium plugin. -->","yoast_head_json":{"title":"Ice Age Scrats Nutty Adventure - Prismagamers.com","description":"Csatlakozz Scrat k\u00fcldet\u00e9s\u00e9hez, hogy megtal\u00e1lja a krist\u00e1lymakkokat A j\u00f3l ismert \u00e9s kedvelt J\u00e9gkorszak kardfog\u00fa m\u00f3kus, Scrat, ism\u00e9t \u00fatra kel egy \u00faj kalandra! \ud83c\udf0d Global \u2699\ufe0f Steam \ud83d\udddd Digital key","robots":{"index":"index","follow":"follow","max-snippet":"max-snippet:-1","max-image-preview":"max-image-preview:large","max-video-preview":"max-video-preview:-1"},"canonical":"https:\/\/prismagamers.com\/hu\/produkt\/ice-age-scrats-nutty-adventure\/","og_locale":"hu_HU","og_type":"article","og_title":"Ice Age Scrats Nutty Adventure","og_description":"Csatlakozz Scrat k\u00fcldet\u00e9s\u00e9hez, hogy megtal\u00e1lja a krist\u00e1lymakkokat A j\u00f3l ismert \u00e9s kedvelt J\u00e9gkorszak kardfog\u00fa m\u00f3kus, Scrat, ism\u00e9t \u00fatra kel egy \u00faj kalandra! \ud83c\udf0d Global \u2699\ufe0f Steam \ud83d\udddd Digital key","og_url":"https:\/\/prismagamers.com\/hu\/produkt\/ice-age-scrats-nutty-adventure\/","og_site_name":"Prismagamers.com","article_publisher":"https:\/\/www.facebook.com\/prismagamers","og_image":[{"width":350,"height":491,"url":"https:\/\/prismagamers.com\/wp-content\/uploads\/2022\/06\/Ice-Age-Scrats-Nutty-Adventure.jpeg","type":"image\/jpeg"}],"twitter_card":"summary_large_image","twitter_misc":{"Becs\u00fclt olvas\u00e1si id\u0151":"1 perc"},"schema":{"@context":"https:\/\/schema.org","@graph":[{"@type":"WebPage","@id":"https:\/\/prismagamers.com\/hu\/produkt\/ice-age-scrats-nutty-adventure\/","url":"https:\/\/prismagamers.com\/hu\/produkt\/ice-age-scrats-nutty-adventure\/","name":"Ice Age Scrats Nutty Adventure - Prismagamers.com","isPartOf":{"@id":"https:\/\/prismagamers.com\/hu\/#website"},"primaryImageOfPage":{"@id":"https:\/\/prismagamers.com\/hu\/produkt\/ice-age-scrats-nutty-adventure\/#primaryimage"},"image":{"@id":"https:\/\/prismagamers.com\/hu\/produkt\/ice-age-scrats-nutty-adventure\/#primaryimage"},"thumbnailUrl":"https:\/\/prismagamers.com\/wp-content\/uploads\/2022\/06\/Ice-Age-Scrats-Nutty-Adventure.jpeg","datePublished":"2022-06-18T21:36:51+00:00","description":"Csatlakozz Scrat k\u00fcldet\u00e9s\u00e9hez, hogy megtal\u00e1lja a krist\u00e1lymakkokat A j\u00f3l ismert \u00e9s kedvelt J\u00e9gkorszak kardfog\u00fa m\u00f3kus, Scrat, ism\u00e9t \u00fatra kel egy \u00faj kalandra! \ud83c\udf0d Global \u2699\ufe0f Steam \ud83d\udddd Digital key","breadcrumb":{"@id":"https:\/\/prismagamers.com\/hu\/produkt\/ice-age-scrats-nutty-adventure\/#breadcrumb"},"inLanguage":"hu","potentialAction":[{"@type":"ReadAction","target":["https:\/\/prismagamers.com\/hu\/produkt\/ice-age-scrats-nutty-adventure\/"]}]},{"@type":"ImageObject","inLanguage":"hu","@id":"https:\/\/prismagamers.com\/hu\/produkt\/ice-age-scrats-nutty-adventure\/#primaryimage","url":"https:\/\/prismagamers.com\/wp-content\/uploads\/2022\/06\/Ice-Age-Scrats-Nutty-Adventure.jpeg","contentUrl":"https:\/\/prismagamers.com\/wp-content\/uploads\/2022\/06\/Ice-Age-Scrats-Nutty-Adventure.jpeg","width":350,"height":491},{"@type":"BreadcrumbList","@id":"https:\/\/prismagamers.com\/hu\/produkt\/ice-age-scrats-nutty-adventure\/#breadcrumb","itemListElement":[{"@type":"ListItem","position":1,"name":"Strona g\u0142\u00f3wna","item":"https:\/\/prismagamers.com\/hu\/prismagamers\/"},{"@type":"ListItem","position":2,"name":"Shop","item":"https:\/\/prismagamers.com\/hu\/shop\/"},{"@type":"ListItem","position":3,"name":"Ice Age Scrats Nutty Adventure"}]},{"@type":"WebSite","@id":"https:\/\/prismagamers.com\/hu\/#website","url":"https:\/\/prismagamers.com\/hu\/","name":"Prismagamers","description":"Sklep z grami PC I Sklep klucze Steam","publisher":{"@id":"https:\/\/prismagamers.com\/hu\/#organization"},"potentialAction":[{"@type":"SearchAction","target":{"@type":"EntryPoint","urlTemplate":"https:\/\/prismagamers.com\/hu\/?s={search_term_string}"},"query-input":{"@type":"PropertyValueSpecification","valueRequired":true,"valueName":"search_term_string"}}],"inLanguage":"hu"},{"@type":"Organization","@id":"https:\/\/prismagamers.com\/hu\/#organization","name":"Prismagamers","url":"https:\/\/prismagamers.com\/hu\/","logo":{"@type":"ImageObject","inLanguage":"hu","@id":"https:\/\/prismagamers.com\/hu\/#\/schema\/logo\/image\/","url":"https:\/\/prismagamers.com\/wp-content\/uploads\/2022\/04\/cropped-logo-Prismagamers-01-scaled-1.jpg","contentUrl":"https:\/\/prismagamers.com\/wp-content\/uploads\/2022\/04\/cropped-logo-Prismagamers-01-scaled-1.jpg","width":512,"height":512,"caption":"Prismagamers"},"image":{"@id":"https:\/\/prismagamers.com\/hu\/#\/schema\/logo\/image\/"},"sameAs":["https:\/\/www.facebook.com\/prismagamers","https:\/\/www.instagram.com\/prismagamers_grycyfrowe\/"],"description":"Prismagamers.com to dynamiczny sklep z grami cyfrowymi, stworzony z my\u015bl\u0105 o entuzjastach gier wideo. Nasza strona oferuje szerok\u0105 gam\u0119 gier komputerowych, w tym najnowsze tytu\u0142y, dobrze znane klasyki oraz gry stworzone przez niezale\u017cne studia Ca\u0142y czas d\u0105\u017cymy do rozszerzenia naszej oferty. Do\u0142\u0105cz do nas i sta\u0144 si\u0119 cz\u0119\u015bci\u0105 naszej rosn\u0105cej spo\u0142eczno\u015bci graczy!","email":"shop@prismagamers.com","telephone":"48795541705","legalName":"East Caravan Maksym \u017bukow","foundingDate":"2012-05-10","vatID":"PL8943038612","taxID":"PL8943038612","numberOfEmployees":{"@type":"QuantitativeValue","minValue":"11","maxValue":"50"}}]}},"_links":{"self":[{"href":"https:\/\/prismagamers.com\/hu\/wp-json\/wp\/v2\/product\/42489","targetHints":{"allow":["GET"]}}],"collection":[{"href":"https:\/\/prismagamers.com\/hu\/wp-json\/wp\/v2\/product"}],"about":[{"href":"https:\/\/prismagamers.com\/hu\/wp-json\/wp\/v2\/types\/product"}],"wp:featuredmedia":[{"embeddable":true,"href":"https:\/\/prismagamers.com\/hu\/wp-json\/wp\/v2\/media\/24664"}],"wp:attachment":[{"href":"https:\/\/prismagamers.com\/hu\/wp-json\/wp\/v2\/media?parent=42489"}],"wp:term":[{"taxonomy":"product_brand","embeddable":true,"href":"https:\/\/prismagamers.com\/hu\/wp-json\/wp\/v2\/product_brand?post=42489"},{"taxonomy":"product_cat","embeddable":true,"href":"https:\/\/prismagamers.com\/hu\/wp-json\/wp\/v2\/product_cat?post=42489"},{"taxonomy":"product_tag","embeddable":true,"href":"https:\/\/prismagamers.com\/hu\/wp-json\/wp\/v2\/product_tag?post=42489"}],"curies":[{"name":"wp","href":"https:\/\/api.w.org\/{rel}","templated":true}]}}