{"id":42490,"date":"2022-06-18T22:31:46","date_gmt":"2022-06-18T20:31:46","guid":{"rendered":"https:\/\/prismagamers.com\/produkt\/hyperdimension-neptunia-rebirth1\/"},"modified":"2025-08-24T00:01:45","modified_gmt":"2025-08-23T22:01:45","slug":"hyperdimension-neptunia-rebirth1","status":"publish","type":"product","link":"https:\/\/prismagamers.com\/hu\/produkt\/hyperdimension-neptunia-rebirth1\/","title":{"rendered":"Hyperdimension Neptunia Re;Birth1"},"content":{"rendered":"<p>A Hyperdimension Neptunia Re;Birth 1 a szatirikus jRPG-sorozat els\u0151 r\u00e9sz\u00e9nek teljes remake-je, amelynek f\u0151szerepl\u0151i a konzolok \u00e9s a jap\u00e1n j\u00e1t\u00e9kfejleszt\u0151k megszem\u00e9lyes\u00edt\u0151i. A c\u00edm eredetileg 2010-ben jelent meg PlayStation 3 konzolra, \u00e9s a Compile Heart \u00e9s az Idea Factory st\u00fadi\u00f3 fejlesztette. A j\u00e1t\u00e9k annyira n\u00e9pszer\u0171nek bizonyult, hogy a megjelen\u00e9se ut\u00e1n h\u00e1rom \u00e9vvel k\u00e9t teljes \u00e9rt\u00e9k\u0171 folytat\u00e1st \u00e9s egy mell\u00e9kc\u00edmet kapott. A meglehet\u0151sen nagy \u00e9rdekl\u0151d\u00e9sre val\u00f3 tekintettel a k\u00e9sz\u00edt\u0151k \u00fagy d\u00f6nt\u00f6ttek, hogy a rajong\u00f3k \u00e1ltal is kritiz\u00e1lt, teljesen sikertelen harcrendszere \u00e9s \u00e9rdektelen j\u00e1t\u00e9kmenete miatt m\u00e9g a rajong\u00f3k \u00e1ltal is kritiz\u00e1lt els\u0151 r\u00e9szt \u00e9rdemes tov\u00e1bbfejleszteni, \u00e9s t\u00f6bbek k\u00f6z\u00f6tt PC-re \u00e9s PSV-re is kiadni. A portol\u00e1s fejleszt\u00e9s\u00e9vel a Summon Night \u00e9gisze alatt a jRPG-k\u00e9rt felel\u0151s Felistella st\u00fadi\u00f3t b\u00edzt\u00e1k meg.     <\/p>\n<p>A Hyperdimension Neptunia Re;Birth 1 eset\u00e9ben egy hagyom\u00e1nyos jRPG-vel van dolgunk, tele abszurd humorral. Ez gyakran nagyon saj\u00e1tos, hiszen a jap\u00e1n kult\u00far\u00e1ra vagy a j\u00e1t\u00e9kokb\u00f3l, illetve az anim\u00e9b\u0151l ismert k\u00fcl\u00f6nb\u00f6z\u0151 mint\u00e1k \u00e9s klis\u00e9k ismeret\u00e9re utal. Sok id\u0151t fogunk t\u00f6lteni a t\u00f6rt\u00e9neti bet\u00e9tekkel, amelyek a vizu\u00e1lis reg\u00e9nyekb\u0151l ismert s\u00e9m\u00e1t haszn\u00e1lj\u00e1k (anim\u00e1lt k\u00e9tdimenzi\u00f3s karakterportr\u00e9k \u00e9s ablakokban megjelen\u0151 p\u00e1rbesz\u00e9dsz\u00f6vegek). A j\u00e1t\u00e9kid\u0151 nagy r\u00e9sz\u00e9t azonban a k\u00fcl\u00f6nb\u00f6z\u0151 f\u00f6ldalatti \u00e9s z\u00e1rt helysz\u00ednek felfedez\u00e9s\u00e9vel \u00e9s az ott felbukkan\u00f3 ellens\u00e9gekkel val\u00f3 harcokkal fogjuk t\u00f6lteni. Az eredetihez k\u00e9pest, amelyben a p\u00e1ly\u00e1k egyszer\u0171 \u00e9s unalmas folyos\u00f3k voltak, a fejleszt\u0151k tov\u00e1bbfejlesztett\u00e9k \u00e9s v\u00e1ltozatosabb\u00e1 tett\u00e9k azokat, sok kor\u00e1bban hi\u00e1nyz\u00f3 elemet \u00e9s meglepet\u00e9st vezetve be.    <\/p>\n<div class=\"URplpg\">Nyelvek:<\/div>\n<ul>\n<li style=\"list-style-type: none;\">\n<ul class=\"r1iAKt\">\n<li>Angol<\/li>\n<li>Jap\u00e1n<\/li>\n<\/ul>\n<\/li>\n<\/ul>\n<div class=\"URplpg\">M\u0171k\u00f6dik:<\/div>\n<ul>\n<li style=\"list-style-type: none;\">\n<ul class=\"r1iAKt\">\n<li>Windows<\/li>\n<\/ul>\n<\/li>\n<\/ul>\n","protected":false},"excerpt":{"rendered":"<p>A Hyperdimension Neptunia jRPG-sorozat els\u0151 r\u00e9sz\u00e9nek teljes remake-je, amely szatirikus pillant\u00e1st vet a j\u00e1t\u00e9kiparra \u00e9s a konzolok k\u00f6z\u00f6tt foly\u00f3 &#8222;h\u00e1bor\u00fara&#8221;.<\/p>\n<p>\ud83c\udf0d Global<br \/>\n\u2699\ufe0f Steam<br \/>\n\ud83d\udddd Digit\u00e1lis kulcs.<\/p>\n","protected":false},"featured_media":24653,"template":"","meta":{"_acf_changed":false,"site-sidebar-layout":"default","site-content-layout":"default","ast-site-content-layout":"default","site-content-style":"default","site-sidebar-style":"default","ast-global-header-display":"","ast-banner-title-visibility":"","ast-main-header-display":"","ast-hfb-above-header-display":"","ast-hfb-below-header-display":"","ast-hfb-mobile-header-display":"","site-post-title":"","ast-breadcrumbs-content":"","ast-featured-img":"","footer-sml-layout":"","ast-disable-related-posts":"","theme-transparent-header-meta":"default","adv-header-id-meta":"","stick-header-meta":"","header-above-stick-meta":"","header-main-stick-meta":"","header-below-stick-meta":"","astra-migrate-meta-layouts":"default","ast-page-background-enabled":"default","ast-page-background-meta":{"desktop":{"background-color":"var(--ast-global-color-4)","background-image":"","background-repeat":"repeat","background-position":"center center","background-size":"auto","background-attachment":"scroll","background-type":"","background-media":"","overlay-type":"","overlay-color":"","overlay-opacity":"","overlay-gradient":""},"tablet":{"background-color":"","background-image":"","background-repeat":"repeat","background-position":"center center","background-size":"auto","background-attachment":"scroll","background-type":"","background-media":"","overlay-type":"","overlay-color":"","overlay-opacity":"","overlay-gradient":""},"mobile":{"background-color":"","background-image":"","background-repeat":"repeat","background-position":"center center","background-size":"auto","background-attachment":"scroll","background-type":"","background-media":"","overlay-type":"","overlay-color":"","overlay-opacity":"","overlay-gradient":""}},"ast-content-background-meta":{"desktop":{"background-color":"var(--ast-global-color-5)","background-image":"","background-repeat":"repeat","background-position":"center center","background-size":"auto","background-attachment":"scroll","background-type":"","background-media":"","overlay-type":"","overlay-color":"","overlay-opacity":"","overlay-gradient":""},"tablet":{"background-color":"var(--ast-global-color-5)","background-image":"","background-repeat":"repeat","background-position":"center center","background-size":"auto","background-attachment":"scroll","background-type":"","background-media":"","overlay-type":"","overlay-color":"","overlay-opacity":"","overlay-gradient":""},"mobile":{"background-color":"var(--ast-global-color-5)","background-image":"","background-repeat":"repeat","background-position":"center center","background-size":"auto","background-attachment":"scroll","background-type":"","background-media":"","overlay-type":"","overlay-color":"","overlay-opacity":"","overlay-gradient":""}}},"product_brand":[],"product_cat":[369,394,464,378],"product_tag":[370],"class_list":{"0":"post-42490","1":"product","2":"type-product","3":"status-publish","4":"has-post-thumbnail","6":"product_cat-csarnokok","7":"product_cat-digitalis-jatekok","8":"product_cat-idea-factory-international-hu","9":"product_cat-minden-digitalis-jatek","10":"product_tag-pid-tel","11":"desktop-align-left","12":"tablet-align-left","13":"mobile-align-left","15":"first","16":"instock","17":"shipping-taxable","18":"purchasable","19":"product-type-simple"},"acf":[],"yoast_head":"<!-- This site is optimized with the Yoast SEO Premium plugin v27.4 (Yoast SEO v27.4) - https:\/\/yoast.com\/product\/yoast-seo-premium-wordpress\/ -->\n<title>Hyperdimension Neptunia Re;Birth1 - Prismagamers.com<\/title>\n<meta name=\"description\" content=\"A Hyperdimension Neptunia jRPG-sorozat els\u0151 r\u00e9sz\u00e9nek teljes remake-je, amely szatirikus pillant\u00e1st vet a j\u00e1t\u00e9kiparra \u00e9s a konzolok k\u00f6z\u00f6tt foly\u00f3 &quot;h\u00e1bor\u00fara&quot;. \ud83c\udf0d Global \u2699\ufe0f Steam \ud83d\udddd Digit\u00e1lis kulcs.\" \/>\n<meta name=\"robots\" content=\"index, follow, max-snippet:-1, max-image-preview:large, max-video-preview:-1\" \/>\n<link rel=\"canonical\" href=\"https:\/\/prismagamers.com\/hu\/produkt\/hyperdimension-neptunia-rebirth1\/\" \/>\n<meta property=\"og:locale\" content=\"hu_HU\" \/>\n<meta property=\"og:type\" content=\"article\" \/>\n<meta property=\"og:title\" content=\"Hyperdimension Neptunia Re;Birth1\" \/>\n<meta property=\"og:description\" content=\"A Hyperdimension Neptunia jRPG-sorozat els\u0151 r\u00e9sz\u00e9nek teljes remake-je, amely szatirikus pillant\u00e1st vet a j\u00e1t\u00e9kiparra \u00e9s a konzolok k\u00f6z\u00f6tt foly\u00f3 &quot;h\u00e1bor\u00fara&quot;. \ud83c\udf0d Global \u2699\ufe0f Steam \ud83d\udddd Digit\u00e1lis kulcs.\" \/>\n<meta property=\"og:url\" content=\"https:\/\/prismagamers.com\/hu\/produkt\/hyperdimension-neptunia-rebirth1\/\" \/>\n<meta property=\"og:site_name\" content=\"Prismagamers.com\" \/>\n<meta property=\"article:publisher\" content=\"https:\/\/www.facebook.com\/prismagamers\" \/>\n<meta property=\"article:modified_time\" content=\"2025-08-23T22:01:45+00:00\" \/>\n<meta property=\"og:image\" content=\"https:\/\/prismagamers.com\/wp-content\/uploads\/2022\/06\/Hyperdimension-Neptunia-ReBirth1-e1727183767741.jpeg\" \/>\n\t<meta property=\"og:image:width\" content=\"320\" \/>\n\t<meta property=\"og:image:height\" content=\"450\" \/>\n\t<meta property=\"og:image:type\" content=\"image\/jpeg\" \/>\n<meta name=\"twitter:card\" content=\"summary_large_image\" \/>\n<meta name=\"twitter:label1\" content=\"Becs\u00fclt olvas\u00e1si id\u0151\" \/>\n\t<meta name=\"twitter:data1\" content=\"2 perc\" \/>\n<script type=\"application\/ld+json\" class=\"yoast-schema-graph\">{\"@context\":\"https:\\\/\\\/schema.org\",\"@graph\":[{\"@type\":\"WebPage\",\"@id\":\"https:\\\/\\\/prismagamers.com\\\/hu\\\/produkt\\\/hyperdimension-neptunia-rebirth1\\\/\",\"url\":\"https:\\\/\\\/prismagamers.com\\\/hu\\\/produkt\\\/hyperdimension-neptunia-rebirth1\\\/\",\"name\":\"Hyperdimension Neptunia Re;Birth1 - Prismagamers.com\",\"isPartOf\":{\"@id\":\"https:\\\/\\\/prismagamers.com\\\/hu\\\/#website\"},\"primaryImageOfPage\":{\"@id\":\"https:\\\/\\\/prismagamers.com\\\/hu\\\/produkt\\\/hyperdimension-neptunia-rebirth1\\\/#primaryimage\"},\"image\":{\"@id\":\"https:\\\/\\\/prismagamers.com\\\/hu\\\/produkt\\\/hyperdimension-neptunia-rebirth1\\\/#primaryimage\"},\"thumbnailUrl\":\"https:\\\/\\\/prismagamers.com\\\/wp-content\\\/uploads\\\/2022\\\/06\\\/Hyperdimension-Neptunia-ReBirth1-e1727183767741.jpeg\",\"datePublished\":\"2022-06-18T20:31:46+00:00\",\"dateModified\":\"2025-08-23T22:01:45+00:00\",\"description\":\"A Hyperdimension Neptunia jRPG-sorozat els\u0151 r\u00e9sz\u00e9nek teljes remake-je, amely szatirikus pillant\u00e1st vet a j\u00e1t\u00e9kiparra \u00e9s a konzolok k\u00f6z\u00f6tt foly\u00f3 \\\"h\u00e1bor\u00fara\\\". \ud83c\udf0d Global \u2699\ufe0f Steam \ud83d\udddd Digit\u00e1lis kulcs.\",\"breadcrumb\":{\"@id\":\"https:\\\/\\\/prismagamers.com\\\/hu\\\/produkt\\\/hyperdimension-neptunia-rebirth1\\\/#breadcrumb\"},\"inLanguage\":\"hu\",\"potentialAction\":[{\"@type\":\"ReadAction\",\"target\":[\"https:\\\/\\\/prismagamers.com\\\/hu\\\/produkt\\\/hyperdimension-neptunia-rebirth1\\\/\"]}]},{\"@type\":\"ImageObject\",\"inLanguage\":\"hu\",\"@id\":\"https:\\\/\\\/prismagamers.com\\\/hu\\\/produkt\\\/hyperdimension-neptunia-rebirth1\\\/#primaryimage\",\"url\":\"https:\\\/\\\/prismagamers.com\\\/wp-content\\\/uploads\\\/2022\\\/06\\\/Hyperdimension-Neptunia-ReBirth1-e1727183767741.jpeg\",\"contentUrl\":\"https:\\\/\\\/prismagamers.com\\\/wp-content\\\/uploads\\\/2022\\\/06\\\/Hyperdimension-Neptunia-ReBirth1-e1727183767741.jpeg\",\"width\":320,\"height\":450},{\"@type\":\"BreadcrumbList\",\"@id\":\"https:\\\/\\\/prismagamers.com\\\/hu\\\/produkt\\\/hyperdimension-neptunia-rebirth1\\\/#breadcrumb\",\"itemListElement\":[{\"@type\":\"ListItem\",\"position\":1,\"name\":\"Strona g\u0142\u00f3wna\",\"item\":\"https:\\\/\\\/prismagamers.com\\\/hu\\\/prismagamers\\\/\"},{\"@type\":\"ListItem\",\"position\":2,\"name\":\"Shop\",\"item\":\"https:\\\/\\\/prismagamers.com\\\/hu\\\/shop\\\/\"},{\"@type\":\"ListItem\",\"position\":3,\"name\":\"Hyperdimension Neptunia Re;Birth1\"}]},{\"@type\":\"WebSite\",\"@id\":\"https:\\\/\\\/prismagamers.com\\\/hu\\\/#website\",\"url\":\"https:\\\/\\\/prismagamers.com\\\/hu\\\/\",\"name\":\"Prismagamers\",\"description\":\"Sklep z grami PC I Sklep klucze Steam\",\"publisher\":{\"@id\":\"https:\\\/\\\/prismagamers.com\\\/hu\\\/#organization\"},\"potentialAction\":[{\"@type\":\"SearchAction\",\"target\":{\"@type\":\"EntryPoint\",\"urlTemplate\":\"https:\\\/\\\/prismagamers.com\\\/hu\\\/?s={search_term_string}\"},\"query-input\":{\"@type\":\"PropertyValueSpecification\",\"valueRequired\":true,\"valueName\":\"search_term_string\"}}],\"inLanguage\":\"hu\"},{\"@type\":\"Organization\",\"@id\":\"https:\\\/\\\/prismagamers.com\\\/hu\\\/#organization\",\"name\":\"Prismagamers\",\"url\":\"https:\\\/\\\/prismagamers.com\\\/hu\\\/\",\"logo\":{\"@type\":\"ImageObject\",\"inLanguage\":\"hu\",\"@id\":\"https:\\\/\\\/prismagamers.com\\\/hu\\\/#\\\/schema\\\/logo\\\/image\\\/\",\"url\":\"https:\\\/\\\/prismagamers.com\\\/wp-content\\\/uploads\\\/2022\\\/04\\\/cropped-logo-Prismagamers-01-scaled-1.jpg\",\"contentUrl\":\"https:\\\/\\\/prismagamers.com\\\/wp-content\\\/uploads\\\/2022\\\/04\\\/cropped-logo-Prismagamers-01-scaled-1.jpg\",\"width\":512,\"height\":512,\"caption\":\"Prismagamers\"},\"image\":{\"@id\":\"https:\\\/\\\/prismagamers.com\\\/hu\\\/#\\\/schema\\\/logo\\\/image\\\/\"},\"sameAs\":[\"https:\\\/\\\/www.facebook.com\\\/prismagamers\",\"https:\\\/\\\/www.instagram.com\\\/prismagamers_grycyfrowe\\\/\"],\"description\":\"Prismagamers.com to dynamiczny sklep z grami cyfrowymi, stworzony z my\u015bl\u0105 o entuzjastach gier wideo. Nasza strona oferuje szerok\u0105 gam\u0119 gier komputerowych, w tym najnowsze tytu\u0142y, dobrze znane klasyki oraz gry stworzone przez niezale\u017cne studia Ca\u0142y czas d\u0105\u017cymy do rozszerzenia naszej oferty. Do\u0142\u0105cz do nas i sta\u0144 si\u0119 cz\u0119\u015bci\u0105 naszej rosn\u0105cej spo\u0142eczno\u015bci graczy!\",\"email\":\"shop@prismagamers.com\",\"telephone\":\"48795541705\",\"legalName\":\"East Caravan Maksym \u017bukow\",\"foundingDate\":\"2012-05-10\",\"vatID\":\"PL8943038612\",\"taxID\":\"PL8943038612\",\"numberOfEmployees\":{\"@type\":\"QuantitativeValue\",\"minValue\":\"11\",\"maxValue\":\"50\"}}]}<\/script>\n<!-- \/ Yoast SEO Premium plugin. -->","yoast_head_json":{"title":"Hyperdimension Neptunia Re;Birth1 - Prismagamers.com","description":"A Hyperdimension Neptunia jRPG-sorozat els\u0151 r\u00e9sz\u00e9nek teljes remake-je, amely szatirikus pillant\u00e1st vet a j\u00e1t\u00e9kiparra \u00e9s a konzolok k\u00f6z\u00f6tt foly\u00f3 \"h\u00e1bor\u00fara\". \ud83c\udf0d Global \u2699\ufe0f Steam \ud83d\udddd Digit\u00e1lis kulcs.","robots":{"index":"index","follow":"follow","max-snippet":"max-snippet:-1","max-image-preview":"max-image-preview:large","max-video-preview":"max-video-preview:-1"},"canonical":"https:\/\/prismagamers.com\/hu\/produkt\/hyperdimension-neptunia-rebirth1\/","og_locale":"hu_HU","og_type":"article","og_title":"Hyperdimension Neptunia Re;Birth1","og_description":"A Hyperdimension Neptunia jRPG-sorozat els\u0151 r\u00e9sz\u00e9nek teljes remake-je, amely szatirikus pillant\u00e1st vet a j\u00e1t\u00e9kiparra \u00e9s a konzolok k\u00f6z\u00f6tt foly\u00f3 \"h\u00e1bor\u00fara\". \ud83c\udf0d Global \u2699\ufe0f Steam \ud83d\udddd Digit\u00e1lis kulcs.","og_url":"https:\/\/prismagamers.com\/hu\/produkt\/hyperdimension-neptunia-rebirth1\/","og_site_name":"Prismagamers.com","article_publisher":"https:\/\/www.facebook.com\/prismagamers","article_modified_time":"2025-08-23T22:01:45+00:00","og_image":[{"width":320,"height":450,"url":"https:\/\/prismagamers.com\/wp-content\/uploads\/2022\/06\/Hyperdimension-Neptunia-ReBirth1-e1727183767741.jpeg","type":"image\/jpeg"}],"twitter_card":"summary_large_image","twitter_misc":{"Becs\u00fclt olvas\u00e1si id\u0151":"2 perc"},"schema":{"@context":"https:\/\/schema.org","@graph":[{"@type":"WebPage","@id":"https:\/\/prismagamers.com\/hu\/produkt\/hyperdimension-neptunia-rebirth1\/","url":"https:\/\/prismagamers.com\/hu\/produkt\/hyperdimension-neptunia-rebirth1\/","name":"Hyperdimension Neptunia Re;Birth1 - Prismagamers.com","isPartOf":{"@id":"https:\/\/prismagamers.com\/hu\/#website"},"primaryImageOfPage":{"@id":"https:\/\/prismagamers.com\/hu\/produkt\/hyperdimension-neptunia-rebirth1\/#primaryimage"},"image":{"@id":"https:\/\/prismagamers.com\/hu\/produkt\/hyperdimension-neptunia-rebirth1\/#primaryimage"},"thumbnailUrl":"https:\/\/prismagamers.com\/wp-content\/uploads\/2022\/06\/Hyperdimension-Neptunia-ReBirth1-e1727183767741.jpeg","datePublished":"2022-06-18T20:31:46+00:00","dateModified":"2025-08-23T22:01:45+00:00","description":"A Hyperdimension Neptunia jRPG-sorozat els\u0151 r\u00e9sz\u00e9nek teljes remake-je, amely szatirikus pillant\u00e1st vet a j\u00e1t\u00e9kiparra \u00e9s a konzolok k\u00f6z\u00f6tt foly\u00f3 \"h\u00e1bor\u00fara\". \ud83c\udf0d Global \u2699\ufe0f Steam \ud83d\udddd Digit\u00e1lis kulcs.","breadcrumb":{"@id":"https:\/\/prismagamers.com\/hu\/produkt\/hyperdimension-neptunia-rebirth1\/#breadcrumb"},"inLanguage":"hu","potentialAction":[{"@type":"ReadAction","target":["https:\/\/prismagamers.com\/hu\/produkt\/hyperdimension-neptunia-rebirth1\/"]}]},{"@type":"ImageObject","inLanguage":"hu","@id":"https:\/\/prismagamers.com\/hu\/produkt\/hyperdimension-neptunia-rebirth1\/#primaryimage","url":"https:\/\/prismagamers.com\/wp-content\/uploads\/2022\/06\/Hyperdimension-Neptunia-ReBirth1-e1727183767741.jpeg","contentUrl":"https:\/\/prismagamers.com\/wp-content\/uploads\/2022\/06\/Hyperdimension-Neptunia-ReBirth1-e1727183767741.jpeg","width":320,"height":450},{"@type":"BreadcrumbList","@id":"https:\/\/prismagamers.com\/hu\/produkt\/hyperdimension-neptunia-rebirth1\/#breadcrumb","itemListElement":[{"@type":"ListItem","position":1,"name":"Strona g\u0142\u00f3wna","item":"https:\/\/prismagamers.com\/hu\/prismagamers\/"},{"@type":"ListItem","position":2,"name":"Shop","item":"https:\/\/prismagamers.com\/hu\/shop\/"},{"@type":"ListItem","position":3,"name":"Hyperdimension Neptunia Re;Birth1"}]},{"@type":"WebSite","@id":"https:\/\/prismagamers.com\/hu\/#website","url":"https:\/\/prismagamers.com\/hu\/","name":"Prismagamers","description":"Sklep z grami PC I Sklep klucze Steam","publisher":{"@id":"https:\/\/prismagamers.com\/hu\/#organization"},"potentialAction":[{"@type":"SearchAction","target":{"@type":"EntryPoint","urlTemplate":"https:\/\/prismagamers.com\/hu\/?s={search_term_string}"},"query-input":{"@type":"PropertyValueSpecification","valueRequired":true,"valueName":"search_term_string"}}],"inLanguage":"hu"},{"@type":"Organization","@id":"https:\/\/prismagamers.com\/hu\/#organization","name":"Prismagamers","url":"https:\/\/prismagamers.com\/hu\/","logo":{"@type":"ImageObject","inLanguage":"hu","@id":"https:\/\/prismagamers.com\/hu\/#\/schema\/logo\/image\/","url":"https:\/\/prismagamers.com\/wp-content\/uploads\/2022\/04\/cropped-logo-Prismagamers-01-scaled-1.jpg","contentUrl":"https:\/\/prismagamers.com\/wp-content\/uploads\/2022\/04\/cropped-logo-Prismagamers-01-scaled-1.jpg","width":512,"height":512,"caption":"Prismagamers"},"image":{"@id":"https:\/\/prismagamers.com\/hu\/#\/schema\/logo\/image\/"},"sameAs":["https:\/\/www.facebook.com\/prismagamers","https:\/\/www.instagram.com\/prismagamers_grycyfrowe\/"],"description":"Prismagamers.com to dynamiczny sklep z grami cyfrowymi, stworzony z my\u015bl\u0105 o entuzjastach gier wideo. Nasza strona oferuje szerok\u0105 gam\u0119 gier komputerowych, w tym najnowsze tytu\u0142y, dobrze znane klasyki oraz gry stworzone przez niezale\u017cne studia Ca\u0142y czas d\u0105\u017cymy do rozszerzenia naszej oferty. Do\u0142\u0105cz do nas i sta\u0144 si\u0119 cz\u0119\u015bci\u0105 naszej rosn\u0105cej spo\u0142eczno\u015bci graczy!","email":"shop@prismagamers.com","telephone":"48795541705","legalName":"East Caravan Maksym \u017bukow","foundingDate":"2012-05-10","vatID":"PL8943038612","taxID":"PL8943038612","numberOfEmployees":{"@type":"QuantitativeValue","minValue":"11","maxValue":"50"}}]}},"_links":{"self":[{"href":"https:\/\/prismagamers.com\/hu\/wp-json\/wp\/v2\/product\/42490","targetHints":{"allow":["GET"]}}],"collection":[{"href":"https:\/\/prismagamers.com\/hu\/wp-json\/wp\/v2\/product"}],"about":[{"href":"https:\/\/prismagamers.com\/hu\/wp-json\/wp\/v2\/types\/product"}],"wp:featuredmedia":[{"embeddable":true,"href":"https:\/\/prismagamers.com\/hu\/wp-json\/wp\/v2\/media\/24653"}],"wp:attachment":[{"href":"https:\/\/prismagamers.com\/hu\/wp-json\/wp\/v2\/media?parent=42490"}],"wp:term":[{"taxonomy":"product_brand","embeddable":true,"href":"https:\/\/prismagamers.com\/hu\/wp-json\/wp\/v2\/product_brand?post=42490"},{"taxonomy":"product_cat","embeddable":true,"href":"https:\/\/prismagamers.com\/hu\/wp-json\/wp\/v2\/product_cat?post=42490"},{"taxonomy":"product_tag","embeddable":true,"href":"https:\/\/prismagamers.com\/hu\/wp-json\/wp\/v2\/product_tag?post=42490"}],"curies":[{"name":"wp","href":"https:\/\/api.w.org\/{rel}","templated":true}]}}