{"id":42492,"date":"2022-07-03T20:30:12","date_gmt":"2022-07-03T18:30:12","guid":{"rendered":"https:\/\/prismagamers.com\/produkt\/neptunia-virtualis-csillagok\/"},"modified":"2022-07-03T20:30:12","modified_gmt":"2022-07-03T18:30:12","slug":"neptunia-virtualis-csillagok","status":"publish","type":"product","link":"https:\/\/prismagamers.com\/hu\/produkt\/neptunia-virtualis-csillagok\/","title":{"rendered":"Neptunia virtu\u00e1lis csillagok"},"content":{"rendered":"<p>L\u00e9pjen be a Virtualandba &#8211; egy digit\u00e1lis vil\u00e1gba, amely a k\u00fcl\u00f6nb\u00f6z\u0151 dimenzi\u00f3k h\u00e1l\u00f3zata mellett l\u00e9tezik. Virtualand belsej\u00e9ben tal\u00e1lhat\u00f3 az Emote bolyg\u00f3 &#8211; egy bolyg\u00f3, amelyet a kihal\u00e1s vesz\u00e9lye fenyeget egy Antik\u00e9nt ismert tartalomrombol\u00f3kb\u00f3l \u00e1ll\u00f3 balj\u00f3s csoport miatt. <\/p>\n<p>Faira, az Emote bolyg\u00f3 digit\u00e1lis istenn\u0151je k\u00e9ts\u00e9gbees\u00e9s\u00e9ben v\u00e9szjelz\u00e9st k\u00fcld m\u00e1s dimenzi\u00f3kba, abban a rem\u00e9nyben, hogy megtal\u00e1lja a bolyg\u00f3 megment\u0151j\u00e9t.<\/p>\n<p>\u00c9s a megment\u0151k el\u00e9rtek? A felt\u00f6rekv\u0151 szt\u00e1rok Vtuber, Me and You, a MEWTRAL tagjai, \u00e9s a Gamindustri istenn\u0151i: Neptun, Noire, Blanc \u00e9s Vert! <\/p>\n<p>Vajon MEWTRAL \u00e9s az Istenn\u0151k egyes\u00edthetik er\u0151iket, \u00e9s megmenthetik az Emote bolyg\u00f3t a teljes pusztul\u00e1st\u00f3l?<\/p>\n<h2><strong>F\u0151bb jellemz\u0151k<\/strong><\/h2>\n<ul>\n<li><strong>V\u00e1lts<\/strong> \u00e9s mozogj &#8211; v\u00e1lts z\u00f6kken\u0151mentesen perspekt\u00edv\u00e1t n\u00e9gy istenn\u0151 \u00e9s j\u00e1tszhat\u00f3 VTubers k\u00f6z\u00f6tt a gyors temp\u00f3j\u00fa hack &#8216;n&#8217; slash csat\u00e1kban. Ringasd meg az ellens\u00e9get vill\u00e1mgyors komb\u00f3kkal, \u00e9s sikl\u00e1ssal t\u00e9rj ki a p\u00e1ly\u00e1n a bej\u00f6v\u0151 t\u00e1mad\u00e1sok el\u0151l. <\/li>\n<li><strong>\u00c9rezd a BeatTik ritmust<\/strong> &#8211; Tartsd a ritmust a BeatTik ritmusj\u00e1t\u00e9kban! Adj kieg\u00e9sz\u00edt\u0151ket kedvenc karaktereidhez, \u00e9s hagyd, hogy kedvenc Neptunia Virtual Stars-dalaid \u00fctem\u00e9re j\u00e1tsszanak. Vedd fel a BeatTik el\u0151ad\u00e1sodat, majd a vide\u00f3t haszn\u00e1ld a Vide\u00f3csat\u00e1k r\u00e9szben, hogy egyedi t\u00e1rgyakat, dalokat \u00e9s m\u00e9g t\u00f6bb t\u00e1ncmozdulatot oldj fel!  <\/li>\n<li><strong>Vigy\u00fck az EM\u00d3CI\u00d3KAT T\u00falhajt\u00e1sra<\/strong> &#8211; Az \u00c9rzelmi t\u00falhajt\u00e1s speci\u00e1lis t\u00e1mad\u00e1s harmonikus gy\u0151zelemre vezetheti az Istenn\u0151ket \u00e9s a Vtubosokat. Az Emotional Overdrive aktiv\u00e1l\u00e1s\u00e1hoz t\u00f6ltsd ki az \u00e9rzelemjelz\u0151t, \u00e9s n\u00e9zd, ahogy a Vtuberek \u00e9letre kelnek. M\u00e9g extra zs\u00e1km\u00e1nyt is kaphatsz a leny\u0171g\u00f6z\u0151 teljes\u00edtm\u00e9nyed\u00e9rt!  <\/li>\n<li><strong>Mentsd meg a Vtuber-t, mentsd meg a bolyg\u00f3t<\/strong> &#8211; Tal\u00e1ld meg \u00e9s mentsd meg az eg\u00e9sz Virtu\u00e1lisf\u00f6ld\u00f6n sz\u00e9tsz\u00f3r\u00f3dott Vtuber-t! Elbuksz a csat\u00e1ban? A Guest Connect rendszernek k\u00f6sz\u00f6nhet\u0151en a Vtuber k\u00fcl\u00f6nleges k\u00e9pess\u00e9geivel t\u00e1mogathat t\u00e9ged, hogy legy\u0151zz\u00f6n b\u00e1rmilyen ellens\u00e9get!  <\/li>\n<\/ul>\n<div class=\"URplpg\"><strong>Nyelvek<\/strong>:<\/div>\n<ul>\n<li style=\"list-style-type: none;\">\n<ul class=\"r1iAKt\">\n<li>Angol<\/li>\n<li>Jap\u00e1n<\/li>\n<li>Hagyom\u00e1nyos k\u00ednai<\/li>\n<\/ul>\n<\/li>\n<\/ul>\n<div class=\"URplpg\"><strong>M\u0171k\u00f6dik a<\/strong><\/div>\n<ul>\n<li style=\"list-style-type: none;\">\n<ul class=\"r1iAKt\">\n<li>Windows<\/li>\n<\/ul>\n<\/li>\n<\/ul>\n","protected":false},"excerpt":{"rendered":"<p>L\u00e9pjen be a Virtualandba &#8211; egy digit\u00e1lis vil\u00e1gba, amely a k\u00fcl\u00f6nb\u00f6z\u0151 dimenzi\u00f3k h\u00e1l\u00f3zata mellett l\u00e9tezik. Virtualand belsej\u00e9ben tal\u00e1lhat\u00f3 az Emote bolyg\u00f3 &#8211; egy bolyg\u00f3, amelyet a kihal\u00e1s vesz\u00e9lye fenyeget egy Antik\u00e9nt ismert tartalomrombol\u00f3kb\u00f3l \u00e1ll\u00f3 balj\u00f3s csoport miatt. <\/p>\n<p>\ud83c\udf0d Glob\u00e1lis<br \/>\n\u2699\ufe0f Steam<br \/>\n\ud83d\udddd Digit\u00e1lis kulcs<\/p>\n","protected":false},"featured_media":24902,"template":"","meta":{"_acf_changed":false,"site-sidebar-layout":"default","site-content-layout":"default","ast-site-content-layout":"default","site-content-style":"default","site-sidebar-style":"default","ast-global-header-display":"","ast-banner-title-visibility":"","ast-main-header-display":"","ast-hfb-above-header-display":"","ast-hfb-below-header-display":"","ast-hfb-mobile-header-display":"","site-post-title":"","ast-breadcrumbs-content":"","ast-featured-img":"","footer-sml-layout":"","ast-disable-related-posts":"","theme-transparent-header-meta":"default","adv-header-id-meta":"","stick-header-meta":"","header-above-stick-meta":"","header-main-stick-meta":"","header-below-stick-meta":"","astra-migrate-meta-layouts":"default","ast-page-background-enabled":"default","ast-page-background-meta":{"desktop":{"background-color":"var(--ast-global-color-4)","background-image":"","background-repeat":"repeat","background-position":"center center","background-size":"auto","background-attachment":"scroll","background-type":"","background-media":"","overlay-type":"","overlay-color":"","overlay-opacity":"","overlay-gradient":""},"tablet":{"background-color":"","background-image":"","background-repeat":"repeat","background-position":"center center","background-size":"auto","background-attachment":"scroll","background-type":"","background-media":"","overlay-type":"","overlay-color":"","overlay-opacity":"","overlay-gradient":""},"mobile":{"background-color":"","background-image":"","background-repeat":"repeat","background-position":"center center","background-size":"auto","background-attachment":"scroll","background-type":"","background-media":"","overlay-type":"","overlay-color":"","overlay-opacity":"","overlay-gradient":""}},"ast-content-background-meta":{"desktop":{"background-color":"var(--ast-global-color-5)","background-image":"","background-repeat":"repeat","background-position":"center center","background-size":"auto","background-attachment":"scroll","background-type":"","background-media":"","overlay-type":"","overlay-color":"","overlay-opacity":"","overlay-gradient":""},"tablet":{"background-color":"var(--ast-global-color-5)","background-image":"","background-repeat":"repeat","background-position":"center center","background-size":"auto","background-attachment":"scroll","background-type":"","background-media":"","overlay-type":"","overlay-color":"","overlay-opacity":"","overlay-gradient":""},"mobile":{"background-color":"var(--ast-global-color-5)","background-image":"","background-repeat":"repeat","background-position":"center center","background-size":"auto","background-attachment":"scroll","background-type":"","background-media":"","overlay-type":"","overlay-color":"","overlay-opacity":"","overlay-gradient":""}}},"product_brand":[],"product_cat":[371,394,365,363,378,367,364],"product_tag":[],"class_list":{"0":"post-42492","1":"product","2":"type-product","3":"status-publish","4":"has-post-thumbnail","6":"product_cat-akcio-jatekok","7":"product_cat-digitalis-jatekok","8":"product_cat-goz","9":"product_cat-kaland-jatekok","10":"product_cat-minden-digitalis-jatek","11":"product_cat-pc-jatekok","12":"product_cat-rpg-k","13":"desktop-align-left","14":"tablet-align-left","15":"mobile-align-left","17":"first","18":"instock","19":"shipping-taxable","20":"purchasable","21":"product-type-simple"},"acf":[],"yoast_head":"<!-- This site is optimized with the Yoast SEO Premium plugin v27.4 (Yoast SEO v27.4) - https:\/\/yoast.com\/product\/yoast-seo-premium-wordpress\/ -->\n<title>Neptunia virtu\u00e1lis csillagok - Prismagamers.com<\/title>\n<meta name=\"description\" content=\"L\u00e9pjen be a Virtualandba - egy digit\u00e1lis vil\u00e1gba, amely a k\u00fcl\u00f6nb\u00f6z\u0151 dimenzi\u00f3k h\u00e1l\u00f3zata mellett l\u00e9tezik. Virtualand belsej\u00e9ben tal\u00e1lhat\u00f3 az Emote bolyg\u00f3 - egy bolyg\u00f3, amelyet a kihal\u00e1s vesz\u00e9lye fenyeget egy Antik\u00e9nt ismert tartalomrombol\u00f3kb\u00f3l \u00e1ll\u00f3 balj\u00f3s csoport miatt.  \ud83c\udf0d Glob\u00e1lis \u2699\ufe0f Steam \ud83d\udddd Digit\u00e1lis kulcs\" \/>\n<meta name=\"robots\" content=\"index, follow, max-snippet:-1, max-image-preview:large, max-video-preview:-1\" \/>\n<link rel=\"canonical\" href=\"https:\/\/prismagamers.com\/hu\/produkt\/neptunia-virtualis-csillagok\/\" \/>\n<meta property=\"og:locale\" content=\"hu_HU\" \/>\n<meta property=\"og:type\" content=\"article\" \/>\n<meta property=\"og:title\" content=\"Neptunia virtu\u00e1lis csillagok\" \/>\n<meta property=\"og:description\" content=\"L\u00e9pjen be a Virtualandba - egy digit\u00e1lis vil\u00e1gba, amely a k\u00fcl\u00f6nb\u00f6z\u0151 dimenzi\u00f3k h\u00e1l\u00f3zata mellett l\u00e9tezik. Virtualand belsej\u00e9ben tal\u00e1lhat\u00f3 az Emote bolyg\u00f3 - egy bolyg\u00f3, amelyet a kihal\u00e1s vesz\u00e9lye fenyeget egy Antik\u00e9nt ismert tartalomrombol\u00f3kb\u00f3l \u00e1ll\u00f3 balj\u00f3s csoport miatt.  \ud83c\udf0d Glob\u00e1lis \u2699\ufe0f Steam \ud83d\udddd Digit\u00e1lis kulcs\" \/>\n<meta property=\"og:url\" content=\"https:\/\/prismagamers.com\/hu\/produkt\/neptunia-virtualis-csillagok\/\" \/>\n<meta property=\"og:site_name\" content=\"Prismagamers.com\" \/>\n<meta property=\"article:publisher\" content=\"https:\/\/www.facebook.com\/prismagamers\" \/>\n<meta property=\"og:image\" content=\"https:\/\/prismagamers.com\/wp-content\/uploads\/2022\/07\/Neptunia-Virtual-Stars.jpeg\" \/>\n\t<meta property=\"og:image:width\" content=\"350\" \/>\n\t<meta property=\"og:image:height\" content=\"504\" \/>\n\t<meta property=\"og:image:type\" content=\"image\/jpeg\" \/>\n<meta name=\"twitter:card\" content=\"summary_large_image\" \/>\n<meta name=\"twitter:label1\" content=\"Becs\u00fclt olvas\u00e1si id\u0151\" \/>\n\t<meta name=\"twitter:data1\" content=\"2 perc\" \/>\n<script type=\"application\/ld+json\" class=\"yoast-schema-graph\">{\"@context\":\"https:\\\/\\\/schema.org\",\"@graph\":[{\"@type\":\"WebPage\",\"@id\":\"https:\\\/\\\/prismagamers.com\\\/hu\\\/produkt\\\/neptunia-virtualis-csillagok\\\/\",\"url\":\"https:\\\/\\\/prismagamers.com\\\/hu\\\/produkt\\\/neptunia-virtualis-csillagok\\\/\",\"name\":\"Neptunia virtu\u00e1lis csillagok - Prismagamers.com\",\"isPartOf\":{\"@id\":\"https:\\\/\\\/prismagamers.com\\\/hu\\\/#website\"},\"primaryImageOfPage\":{\"@id\":\"https:\\\/\\\/prismagamers.com\\\/hu\\\/produkt\\\/neptunia-virtualis-csillagok\\\/#primaryimage\"},\"image\":{\"@id\":\"https:\\\/\\\/prismagamers.com\\\/hu\\\/produkt\\\/neptunia-virtualis-csillagok\\\/#primaryimage\"},\"thumbnailUrl\":\"https:\\\/\\\/prismagamers.com\\\/wp-content\\\/uploads\\\/2022\\\/07\\\/Neptunia-Virtual-Stars.jpeg\",\"datePublished\":\"2022-07-03T18:30:12+00:00\",\"description\":\"L\u00e9pjen be a Virtualandba - egy digit\u00e1lis vil\u00e1gba, amely a k\u00fcl\u00f6nb\u00f6z\u0151 dimenzi\u00f3k h\u00e1l\u00f3zata mellett l\u00e9tezik. Virtualand belsej\u00e9ben tal\u00e1lhat\u00f3 az Emote bolyg\u00f3 - egy bolyg\u00f3, amelyet a kihal\u00e1s vesz\u00e9lye fenyeget egy Antik\u00e9nt ismert tartalomrombol\u00f3kb\u00f3l \u00e1ll\u00f3 balj\u00f3s csoport miatt. \ud83c\udf0d Glob\u00e1lis \u2699\ufe0f Steam \ud83d\udddd Digit\u00e1lis kulcs\",\"breadcrumb\":{\"@id\":\"https:\\\/\\\/prismagamers.com\\\/hu\\\/produkt\\\/neptunia-virtualis-csillagok\\\/#breadcrumb\"},\"inLanguage\":\"hu\",\"potentialAction\":[{\"@type\":\"ReadAction\",\"target\":[\"https:\\\/\\\/prismagamers.com\\\/hu\\\/produkt\\\/neptunia-virtualis-csillagok\\\/\"]}]},{\"@type\":\"ImageObject\",\"inLanguage\":\"hu\",\"@id\":\"https:\\\/\\\/prismagamers.com\\\/hu\\\/produkt\\\/neptunia-virtualis-csillagok\\\/#primaryimage\",\"url\":\"https:\\\/\\\/prismagamers.com\\\/wp-content\\\/uploads\\\/2022\\\/07\\\/Neptunia-Virtual-Stars.jpeg\",\"contentUrl\":\"https:\\\/\\\/prismagamers.com\\\/wp-content\\\/uploads\\\/2022\\\/07\\\/Neptunia-Virtual-Stars.jpeg\",\"width\":350,\"height\":504},{\"@type\":\"BreadcrumbList\",\"@id\":\"https:\\\/\\\/prismagamers.com\\\/hu\\\/produkt\\\/neptunia-virtualis-csillagok\\\/#breadcrumb\",\"itemListElement\":[{\"@type\":\"ListItem\",\"position\":1,\"name\":\"Strona g\u0142\u00f3wna\",\"item\":\"https:\\\/\\\/prismagamers.com\\\/hu\\\/prismagamers\\\/\"},{\"@type\":\"ListItem\",\"position\":2,\"name\":\"Shop\",\"item\":\"https:\\\/\\\/prismagamers.com\\\/hu\\\/shop\\\/\"},{\"@type\":\"ListItem\",\"position\":3,\"name\":\"Neptunia virtu\u00e1lis csillagok\"}]},{\"@type\":\"WebSite\",\"@id\":\"https:\\\/\\\/prismagamers.com\\\/hu\\\/#website\",\"url\":\"https:\\\/\\\/prismagamers.com\\\/hu\\\/\",\"name\":\"Prismagamers\",\"description\":\"Sklep z grami PC I Sklep klucze Steam\",\"publisher\":{\"@id\":\"https:\\\/\\\/prismagamers.com\\\/hu\\\/#organization\"},\"potentialAction\":[{\"@type\":\"SearchAction\",\"target\":{\"@type\":\"EntryPoint\",\"urlTemplate\":\"https:\\\/\\\/prismagamers.com\\\/hu\\\/?s={search_term_string}\"},\"query-input\":{\"@type\":\"PropertyValueSpecification\",\"valueRequired\":true,\"valueName\":\"search_term_string\"}}],\"inLanguage\":\"hu\"},{\"@type\":\"Organization\",\"@id\":\"https:\\\/\\\/prismagamers.com\\\/hu\\\/#organization\",\"name\":\"Prismagamers\",\"url\":\"https:\\\/\\\/prismagamers.com\\\/hu\\\/\",\"logo\":{\"@type\":\"ImageObject\",\"inLanguage\":\"hu\",\"@id\":\"https:\\\/\\\/prismagamers.com\\\/hu\\\/#\\\/schema\\\/logo\\\/image\\\/\",\"url\":\"https:\\\/\\\/prismagamers.com\\\/wp-content\\\/uploads\\\/2022\\\/04\\\/cropped-logo-Prismagamers-01-scaled-1.jpg\",\"contentUrl\":\"https:\\\/\\\/prismagamers.com\\\/wp-content\\\/uploads\\\/2022\\\/04\\\/cropped-logo-Prismagamers-01-scaled-1.jpg\",\"width\":512,\"height\":512,\"caption\":\"Prismagamers\"},\"image\":{\"@id\":\"https:\\\/\\\/prismagamers.com\\\/hu\\\/#\\\/schema\\\/logo\\\/image\\\/\"},\"sameAs\":[\"https:\\\/\\\/www.facebook.com\\\/prismagamers\",\"https:\\\/\\\/www.instagram.com\\\/prismagamers_grycyfrowe\\\/\"],\"description\":\"Prismagamers.com to dynamiczny sklep z grami cyfrowymi, stworzony z my\u015bl\u0105 o entuzjastach gier wideo. Nasza strona oferuje szerok\u0105 gam\u0119 gier komputerowych, w tym najnowsze tytu\u0142y, dobrze znane klasyki oraz gry stworzone przez niezale\u017cne studia Ca\u0142y czas d\u0105\u017cymy do rozszerzenia naszej oferty. Do\u0142\u0105cz do nas i sta\u0144 si\u0119 cz\u0119\u015bci\u0105 naszej rosn\u0105cej spo\u0142eczno\u015bci graczy!\",\"email\":\"shop@prismagamers.com\",\"telephone\":\"48795541705\",\"legalName\":\"East Caravan Maksym \u017bukow\",\"foundingDate\":\"2012-05-10\",\"vatID\":\"PL8943038612\",\"taxID\":\"PL8943038612\",\"numberOfEmployees\":{\"@type\":\"QuantitativeValue\",\"minValue\":\"11\",\"maxValue\":\"50\"}}]}<\/script>\n<!-- \/ Yoast SEO Premium plugin. -->","yoast_head_json":{"title":"Neptunia virtu\u00e1lis csillagok - Prismagamers.com","description":"L\u00e9pjen be a Virtualandba - egy digit\u00e1lis vil\u00e1gba, amely a k\u00fcl\u00f6nb\u00f6z\u0151 dimenzi\u00f3k h\u00e1l\u00f3zata mellett l\u00e9tezik. Virtualand belsej\u00e9ben tal\u00e1lhat\u00f3 az Emote bolyg\u00f3 - egy bolyg\u00f3, amelyet a kihal\u00e1s vesz\u00e9lye fenyeget egy Antik\u00e9nt ismert tartalomrombol\u00f3kb\u00f3l \u00e1ll\u00f3 balj\u00f3s csoport miatt.  \ud83c\udf0d Glob\u00e1lis \u2699\ufe0f Steam \ud83d\udddd Digit\u00e1lis kulcs","robots":{"index":"index","follow":"follow","max-snippet":"max-snippet:-1","max-image-preview":"max-image-preview:large","max-video-preview":"max-video-preview:-1"},"canonical":"https:\/\/prismagamers.com\/hu\/produkt\/neptunia-virtualis-csillagok\/","og_locale":"hu_HU","og_type":"article","og_title":"Neptunia virtu\u00e1lis csillagok","og_description":"L\u00e9pjen be a Virtualandba - egy digit\u00e1lis vil\u00e1gba, amely a k\u00fcl\u00f6nb\u00f6z\u0151 dimenzi\u00f3k h\u00e1l\u00f3zata mellett l\u00e9tezik. Virtualand belsej\u00e9ben tal\u00e1lhat\u00f3 az Emote bolyg\u00f3 - egy bolyg\u00f3, amelyet a kihal\u00e1s vesz\u00e9lye fenyeget egy Antik\u00e9nt ismert tartalomrombol\u00f3kb\u00f3l \u00e1ll\u00f3 balj\u00f3s csoport miatt.  \ud83c\udf0d Glob\u00e1lis \u2699\ufe0f Steam \ud83d\udddd Digit\u00e1lis kulcs","og_url":"https:\/\/prismagamers.com\/hu\/produkt\/neptunia-virtualis-csillagok\/","og_site_name":"Prismagamers.com","article_publisher":"https:\/\/www.facebook.com\/prismagamers","og_image":[{"width":350,"height":504,"url":"https:\/\/prismagamers.com\/wp-content\/uploads\/2022\/07\/Neptunia-Virtual-Stars.jpeg","type":"image\/jpeg"}],"twitter_card":"summary_large_image","twitter_misc":{"Becs\u00fclt olvas\u00e1si id\u0151":"2 perc"},"schema":{"@context":"https:\/\/schema.org","@graph":[{"@type":"WebPage","@id":"https:\/\/prismagamers.com\/hu\/produkt\/neptunia-virtualis-csillagok\/","url":"https:\/\/prismagamers.com\/hu\/produkt\/neptunia-virtualis-csillagok\/","name":"Neptunia virtu\u00e1lis csillagok - Prismagamers.com","isPartOf":{"@id":"https:\/\/prismagamers.com\/hu\/#website"},"primaryImageOfPage":{"@id":"https:\/\/prismagamers.com\/hu\/produkt\/neptunia-virtualis-csillagok\/#primaryimage"},"image":{"@id":"https:\/\/prismagamers.com\/hu\/produkt\/neptunia-virtualis-csillagok\/#primaryimage"},"thumbnailUrl":"https:\/\/prismagamers.com\/wp-content\/uploads\/2022\/07\/Neptunia-Virtual-Stars.jpeg","datePublished":"2022-07-03T18:30:12+00:00","description":"L\u00e9pjen be a Virtualandba - egy digit\u00e1lis vil\u00e1gba, amely a k\u00fcl\u00f6nb\u00f6z\u0151 dimenzi\u00f3k h\u00e1l\u00f3zata mellett l\u00e9tezik. Virtualand belsej\u00e9ben tal\u00e1lhat\u00f3 az Emote bolyg\u00f3 - egy bolyg\u00f3, amelyet a kihal\u00e1s vesz\u00e9lye fenyeget egy Antik\u00e9nt ismert tartalomrombol\u00f3kb\u00f3l \u00e1ll\u00f3 balj\u00f3s csoport miatt. \ud83c\udf0d Glob\u00e1lis \u2699\ufe0f Steam \ud83d\udddd Digit\u00e1lis kulcs","breadcrumb":{"@id":"https:\/\/prismagamers.com\/hu\/produkt\/neptunia-virtualis-csillagok\/#breadcrumb"},"inLanguage":"hu","potentialAction":[{"@type":"ReadAction","target":["https:\/\/prismagamers.com\/hu\/produkt\/neptunia-virtualis-csillagok\/"]}]},{"@type":"ImageObject","inLanguage":"hu","@id":"https:\/\/prismagamers.com\/hu\/produkt\/neptunia-virtualis-csillagok\/#primaryimage","url":"https:\/\/prismagamers.com\/wp-content\/uploads\/2022\/07\/Neptunia-Virtual-Stars.jpeg","contentUrl":"https:\/\/prismagamers.com\/wp-content\/uploads\/2022\/07\/Neptunia-Virtual-Stars.jpeg","width":350,"height":504},{"@type":"BreadcrumbList","@id":"https:\/\/prismagamers.com\/hu\/produkt\/neptunia-virtualis-csillagok\/#breadcrumb","itemListElement":[{"@type":"ListItem","position":1,"name":"Strona g\u0142\u00f3wna","item":"https:\/\/prismagamers.com\/hu\/prismagamers\/"},{"@type":"ListItem","position":2,"name":"Shop","item":"https:\/\/prismagamers.com\/hu\/shop\/"},{"@type":"ListItem","position":3,"name":"Neptunia virtu\u00e1lis csillagok"}]},{"@type":"WebSite","@id":"https:\/\/prismagamers.com\/hu\/#website","url":"https:\/\/prismagamers.com\/hu\/","name":"Prismagamers","description":"Sklep z grami PC I Sklep klucze Steam","publisher":{"@id":"https:\/\/prismagamers.com\/hu\/#organization"},"potentialAction":[{"@type":"SearchAction","target":{"@type":"EntryPoint","urlTemplate":"https:\/\/prismagamers.com\/hu\/?s={search_term_string}"},"query-input":{"@type":"PropertyValueSpecification","valueRequired":true,"valueName":"search_term_string"}}],"inLanguage":"hu"},{"@type":"Organization","@id":"https:\/\/prismagamers.com\/hu\/#organization","name":"Prismagamers","url":"https:\/\/prismagamers.com\/hu\/","logo":{"@type":"ImageObject","inLanguage":"hu","@id":"https:\/\/prismagamers.com\/hu\/#\/schema\/logo\/image\/","url":"https:\/\/prismagamers.com\/wp-content\/uploads\/2022\/04\/cropped-logo-Prismagamers-01-scaled-1.jpg","contentUrl":"https:\/\/prismagamers.com\/wp-content\/uploads\/2022\/04\/cropped-logo-Prismagamers-01-scaled-1.jpg","width":512,"height":512,"caption":"Prismagamers"},"image":{"@id":"https:\/\/prismagamers.com\/hu\/#\/schema\/logo\/image\/"},"sameAs":["https:\/\/www.facebook.com\/prismagamers","https:\/\/www.instagram.com\/prismagamers_grycyfrowe\/"],"description":"Prismagamers.com to dynamiczny sklep z grami cyfrowymi, stworzony z my\u015bl\u0105 o entuzjastach gier wideo. Nasza strona oferuje szerok\u0105 gam\u0119 gier komputerowych, w tym najnowsze tytu\u0142y, dobrze znane klasyki oraz gry stworzone przez niezale\u017cne studia Ca\u0142y czas d\u0105\u017cymy do rozszerzenia naszej oferty. Do\u0142\u0105cz do nas i sta\u0144 si\u0119 cz\u0119\u015bci\u0105 naszej rosn\u0105cej spo\u0142eczno\u015bci graczy!","email":"shop@prismagamers.com","telephone":"48795541705","legalName":"East Caravan Maksym \u017bukow","foundingDate":"2012-05-10","vatID":"PL8943038612","taxID":"PL8943038612","numberOfEmployees":{"@type":"QuantitativeValue","minValue":"11","maxValue":"50"}}]}},"_links":{"self":[{"href":"https:\/\/prismagamers.com\/hu\/wp-json\/wp\/v2\/product\/42492","targetHints":{"allow":["GET"]}}],"collection":[{"href":"https:\/\/prismagamers.com\/hu\/wp-json\/wp\/v2\/product"}],"about":[{"href":"https:\/\/prismagamers.com\/hu\/wp-json\/wp\/v2\/types\/product"}],"wp:featuredmedia":[{"embeddable":true,"href":"https:\/\/prismagamers.com\/hu\/wp-json\/wp\/v2\/media\/24902"}],"wp:attachment":[{"href":"https:\/\/prismagamers.com\/hu\/wp-json\/wp\/v2\/media?parent=42492"}],"wp:term":[{"taxonomy":"product_brand","embeddable":true,"href":"https:\/\/prismagamers.com\/hu\/wp-json\/wp\/v2\/product_brand?post=42492"},{"taxonomy":"product_cat","embeddable":true,"href":"https:\/\/prismagamers.com\/hu\/wp-json\/wp\/v2\/product_cat?post=42492"},{"taxonomy":"product_tag","embeddable":true,"href":"https:\/\/prismagamers.com\/hu\/wp-json\/wp\/v2\/product_tag?post=42492"}],"curies":[{"name":"wp","href":"https:\/\/api.w.org\/{rel}","templated":true}]}}