{"id":42497,"date":"2023-05-24T22:28:56","date_gmt":"2023-05-24T20:28:56","guid":{"rendered":"https:\/\/prismagamers.com\/produkt\/super-dungeon-maker\/"},"modified":"2026-03-05T00:00:52","modified_gmt":"2026-03-04T23:00:52","slug":"super-dungeon-maker","status":"publish","type":"product","link":"https:\/\/prismagamers.com\/hu\/produkt\/super-dungeon-maker\/","title":{"rendered":"Super Dungeon Maker"},"content":{"rendered":"<h2 data-start=\"130\" data-end=\"190\">K\u00e9sz\u00edtsd el a saj\u00e1t dungeonodat &#8211; pixel art level creator<\/h2>\n<p data-start=\"192\" data-end=\"497\">Legy\u00e9l te a saj\u00e1t kalandjaid megalkot\u00f3ja <strong data-start=\"230\" data-end=\"270\">a k\u00f6nnyen haszn\u00e1lhat\u00f3 dungeon creator<\/strong> seg\u00edts\u00e9g\u00e9vel! Percek alatt olyan <strong data-start=\"307\" data-end=\"337\">mag\u00e1val ragad\u00f3 szinteket \u00e9s v\u00e1rb\u00f6rt\u00f6n\u00f6ket<\/strong> tervezhetsz, amelyek pr\u00f3b\u00e1ra teszik a j\u00e1t\u00e9kosok k\u00e9pzel\u0151erej\u00e9t \u00e9s \u00fcgyess\u00e9g\u00e9t. V\u00e1laszd ki az emeletek sz\u00e1m\u00e1t, a rejtett t\u00e1rgyakat \u00e9s csapd\u00e1kat, majd szabd testre az egyes szintek kin\u00e9zet\u00e9t \u00e9s neh\u00e9zs\u00e9g\u00e9t. <\/p>\n<h3 data-start=\"499\" data-end=\"524\">A j\u00e1t\u00e9k f\u0151bb jellemz\u0151i:<\/h3>\n<ul data-start=\"525\" data-end=\"1147\">\n<li data-start=\"525\" data-end=\"637\">\n<p data-start=\"527\" data-end=\"637\"><strong data-start=\"527\" data-end=\"555\">Gyors v\u00e1rb\u00f6rt\u00f6nk\u00e9sz\u00edt\u00e9s<\/strong> &#8211; m\u00e9g a kezd\u0151 j\u00e1t\u00e9kosok is percek alatt teljesen m\u0171k\u00f6d\u0151k\u00e9pes szinteket hozhatnak l\u00e9tre.<\/p>\n<\/li>\n<li data-start=\"638\" data-end=\"764\">\n<p data-start=\"640\" data-end=\"764\"><strong data-start=\"640\" data-end=\"671\">Pixel art k\u00fcl\u00f6nb\u00f6z\u0151 st\u00edlusokban<\/strong> &#8211; tervezz b\u00f6rt\u00f6n\u00f6ket egyedi, retro eszt\u00e9tik\u00e1val, v\u00e1ltoztatva az egyes szintek t\u00e9m\u00e1j\u00e1t \u00e9s hangulat\u00e1t.<\/p>\n<\/li>\n<li data-start=\"765\" data-end=\"886\">\n<p data-start=\"767\" data-end=\"886\"><strong data-start=\"767\" data-end=\"800\">Teljes kontroll az elemek felett<\/strong> &#8211; adj hozz\u00e1 t\u00e1rgyakat, rejtett kincseket, csapd\u00e1kat \u00e9s akad\u00e1lyokat a kih\u00edv\u00e1s n\u00f6vel\u00e9se \u00e9rdek\u00e9ben.<\/p>\n<\/li>\n<li data-start=\"887\" data-end=\"1012\">\n<p data-start=\"889\" data-end=\"1012\"><strong data-start=\"889\" data-end=\"921\">T\u00f6bbf\u00e9le neh\u00e9zs\u00e9gi szint<\/strong> &#8211; hozzon l\u00e9tre v\u00e1rb\u00f6rt\u00f6n\u00f6ket kezd\u0151knek \u00e9s halad\u00f3knak, szab\u00e1lyozva a neh\u00e9zs\u00e9gi fokot.<\/p>\n<\/li>\n<li data-start=\"1013\" data-end=\"1147\">\n<p data-start=\"1015\" data-end=\"1147\"><strong data-start=\"1015\" data-end=\"1034\">Egyszer\u0171 kezel\u0151fel\u00fclet<\/strong> &#8211; az intuit\u00edv men\u00fck lehet\u0151v\u00e9 teszik az \u00f6sszes param\u00e9ter gyors be\u00e1ll\u00edt\u00e1s\u00e1t \u00e9s a hat\u00e1sok val\u00f3s idej\u0171 el\u0151n\u00e9zet\u00e9t.<\/p>\n<\/li>\n<\/ul>\n<p data-start=\"1149\" data-end=\"1389\">K\u00e9sz\u00edts <strong data-start=\"1156\" data-end=\"1183\">egyedi kalandokat<\/strong>, teszteld kreativit\u00e1sodat, \u00e9s oszd meg bar\u00e1taiddal a saj\u00e1t dungeonjaidat. Ez a var\u00e1zsl\u00f3 t\u00f6k\u00e9letes eszk\u00f6z az RPG \u00e9s a retro puzzle j\u00e1t\u00e9kok rajong\u00f3inak, akik szeretn\u00e9k magukat igazi tervez\u0151nek \u00e9rezni! <\/p>\n","protected":false},"excerpt":{"rendered":"<p data-start=\"101\" data-end=\"391\"><strong data-start=\"101\" data-end=\"140\">K\u00e9sz\u00edtsd el a saj\u00e1t b\u00f6rt\u00f6n\u00f6det n\u00e9h\u00e1ny l\u00e9p\u00e9sben!<\/strong> A k\u00f6nnyen haszn\u00e1lhat\u00f3 dungeon creator seg\u00edts\u00e9g\u00e9vel percek alatt izgalmas <strong data-start=\"242\" data-end=\"255\">pixel art<\/strong> st\u00edlus\u00fa szinteket hozhatsz l\u00e9tre. V\u00e1laszd ki az emeletek, t\u00e1rgyak \u00e9s rejtett t\u00e1rgyak sz\u00e1m\u00e1t, majd tervezz k\u00fcl\u00f6nb\u00f6z\u0151 t\u00e9m\u00e1j\u00fa \u00e9s neh\u00e9zs\u00e9gi szint\u0171 dungeonokat! <\/p>\n<p><img decoding=\"async\" class=\"emoji\" role=\"img\" draggable=\"false\" src=\"https:\/\/s.w.org\/images\/core\/emoji\/14.0.0\/svg\/1f30d.svg\" alt=\"\ud83c\udf0d\">  Glob\u00e1lis<br \/>\n<img decoding=\"async\" class=\"emoji\" role=\"img\" draggable=\"false\" src=\"https:\/\/s.w.org\/images\/core\/emoji\/14.0.0\/svg\/2699.svg\" alt=\"\u2699\ufe0f\">  G\u0151z<br \/>\n<img decoding=\"async\" class=\"emoji\" role=\"img\" draggable=\"false\" src=\"https:\/\/s.w.org\/images\/core\/emoji\/14.0.0\/svg\/1f5dd.svg\" alt=\"\ud83d\udddd\">  Digit\u00e1lis kulcs<\/p>\n","protected":false},"featured_media":25754,"template":"","meta":{"_acf_changed":false,"site-sidebar-layout":"default","site-content-layout":"default","ast-site-content-layout":"default","site-content-style":"default","site-sidebar-style":"default","ast-global-header-display":"","ast-banner-title-visibility":"","ast-main-header-display":"","ast-hfb-above-header-display":"","ast-hfb-below-header-display":"","ast-hfb-mobile-header-display":"","site-post-title":"","ast-breadcrumbs-content":"","ast-featured-img":"","footer-sml-layout":"","ast-disable-related-posts":"","theme-transparent-header-meta":"default","adv-header-id-meta":"","stick-header-meta":"","header-above-stick-meta":"","header-main-stick-meta":"","header-below-stick-meta":"","astra-migrate-meta-layouts":"default","ast-page-background-enabled":"default","ast-page-background-meta":{"desktop":{"background-color":"var(--ast-global-color-4)","background-image":"","background-repeat":"repeat","background-position":"center center","background-size":"auto","background-attachment":"scroll","background-type":"","background-media":"","overlay-type":"","overlay-color":"","overlay-opacity":"","overlay-gradient":""},"tablet":{"background-color":"","background-image":"","background-repeat":"repeat","background-position":"center center","background-size":"auto","background-attachment":"scroll","background-type":"","background-media":"","overlay-type":"","overlay-color":"","overlay-opacity":"","overlay-gradient":""},"mobile":{"background-color":"","background-image":"","background-repeat":"repeat","background-position":"center center","background-size":"auto","background-attachment":"scroll","background-type":"","background-media":"","overlay-type":"","overlay-color":"","overlay-opacity":"","overlay-gradient":""}},"ast-content-background-meta":{"desktop":{"background-color":"var(--ast-global-color-5)","background-image":"","background-repeat":"repeat","background-position":"center center","background-size":"auto","background-attachment":"scroll","background-type":"","background-media":"","overlay-type":"","overlay-color":"","overlay-opacity":"","overlay-gradient":""},"tablet":{"background-color":"var(--ast-global-color-5)","background-image":"","background-repeat":"repeat","background-position":"center center","background-size":"auto","background-attachment":"scroll","background-type":"","background-media":"","overlay-type":"","overlay-color":"","overlay-opacity":"","overlay-gradient":""},"mobile":{"background-color":"var(--ast-global-color-5)","background-image":"","background-repeat":"repeat","background-position":"center center","background-size":"auto","background-attachment":"scroll","background-type":"","background-media":"","overlay-type":"","overlay-color":"","overlay-opacity":"","overlay-gradient":""}}},"product_brand":[],"product_cat":[369,394,365,392,363,367],"product_tag":[],"class_list":{"0":"post-42497","1":"product","2":"type-product","3":"status-publish","4":"has-post-thumbnail","6":"product_cat-csarnokok","7":"product_cat-digitalis-jatekok","8":"product_cat-goz","9":"product_cat-india","10":"product_cat-kaland-jatekok","11":"product_cat-pc-jatekok","12":"desktop-align-left","13":"tablet-align-left","14":"mobile-align-left","16":"first","17":"instock","18":"shipping-taxable","19":"purchasable","20":"product-type-simple"},"acf":[],"yoast_head":"<!-- This site is optimized with the Yoast SEO Premium plugin v27.4 (Yoast SEO v27.4) - https:\/\/yoast.com\/product\/yoast-seo-premium-wordpress\/ -->\n<title>Super Dungeon Maker - Prismagamers.com<\/title>\n<meta name=\"description\" content=\"K\u00e9sz\u00edtsd el a saj\u00e1t b\u00f6rt\u00f6n\u00f6det n\u00e9h\u00e1ny l\u00e9p\u00e9sben! A k\u00f6nnyen haszn\u00e1lhat\u00f3 dungeon creator seg\u00edts\u00e9g\u00e9vel percek alatt izgalmas pixel art st\u00edlus\u00fa szinteket hozhatsz l\u00e9tre. V\u00e1laszd ki az emeletek, t\u00e1rgyak \u00e9s rejtett t\u00e1rgyak sz\u00e1m\u00e1t, majd tervezz k\u00fcl\u00f6nb\u00f6z\u0151 t\u00e9m\u00e1j\u00fa \u00e9s neh\u00e9zs\u00e9gi szint\u0171 dungeonokat!  Glob\u00e1lis  G\u0151z  Digit\u00e1lis kulcs\" \/>\n<meta name=\"robots\" content=\"index, follow, max-snippet:-1, max-image-preview:large, max-video-preview:-1\" \/>\n<link rel=\"canonical\" href=\"https:\/\/prismagamers.com\/hu\/produkt\/super-dungeon-maker\/\" \/>\n<meta property=\"og:locale\" content=\"hu_HU\" \/>\n<meta property=\"og:type\" content=\"article\" \/>\n<meta property=\"og:title\" content=\"Super Dungeon Maker\" \/>\n<meta property=\"og:description\" content=\"K\u00e9sz\u00edtsd el a saj\u00e1t b\u00f6rt\u00f6n\u00f6det n\u00e9h\u00e1ny l\u00e9p\u00e9sben! A k\u00f6nnyen haszn\u00e1lhat\u00f3 dungeon creator seg\u00edts\u00e9g\u00e9vel percek alatt izgalmas pixel art st\u00edlus\u00fa szinteket hozhatsz l\u00e9tre. V\u00e1laszd ki az emeletek, t\u00e1rgyak \u00e9s rejtett t\u00e1rgyak sz\u00e1m\u00e1t, majd tervezz k\u00fcl\u00f6nb\u00f6z\u0151 t\u00e9m\u00e1j\u00fa \u00e9s neh\u00e9zs\u00e9gi szint\u0171 dungeonokat!  Glob\u00e1lis  G\u0151z  Digit\u00e1lis kulcs\" \/>\n<meta property=\"og:url\" content=\"https:\/\/prismagamers.com\/hu\/produkt\/super-dungeon-maker\/\" \/>\n<meta property=\"og:site_name\" content=\"Prismagamers.com\" \/>\n<meta property=\"article:publisher\" content=\"https:\/\/www.facebook.com\/prismagamers\" \/>\n<meta property=\"article:modified_time\" content=\"2026-03-04T23:00:52+00:00\" \/>\n<meta property=\"og:image\" content=\"https:\/\/prismagamers.com\/wp-content\/uploads\/2023\/05\/super-dungeon-maker-button-000-1638217990004.jpg\" \/>\n\t<meta property=\"og:image:width\" content=\"1080\" \/>\n\t<meta property=\"og:image:height\" content=\"1080\" \/>\n\t<meta property=\"og:image:type\" content=\"image\/jpeg\" \/>\n<meta name=\"twitter:card\" content=\"summary_large_image\" \/>\n<meta name=\"twitter:label1\" content=\"Becs\u00fclt olvas\u00e1si id\u0151\" \/>\n\t<meta name=\"twitter:data1\" content=\"1 perc\" \/>\n<script type=\"application\/ld+json\" class=\"yoast-schema-graph\">{\"@context\":\"https:\\\/\\\/schema.org\",\"@graph\":[{\"@type\":\"WebPage\",\"@id\":\"https:\\\/\\\/prismagamers.com\\\/hu\\\/produkt\\\/super-dungeon-maker\\\/\",\"url\":\"https:\\\/\\\/prismagamers.com\\\/hu\\\/produkt\\\/super-dungeon-maker\\\/\",\"name\":\"Super Dungeon Maker - Prismagamers.com\",\"isPartOf\":{\"@id\":\"https:\\\/\\\/prismagamers.com\\\/hu\\\/#website\"},\"primaryImageOfPage\":{\"@id\":\"https:\\\/\\\/prismagamers.com\\\/hu\\\/produkt\\\/super-dungeon-maker\\\/#primaryimage\"},\"image\":{\"@id\":\"https:\\\/\\\/prismagamers.com\\\/hu\\\/produkt\\\/super-dungeon-maker\\\/#primaryimage\"},\"thumbnailUrl\":\"https:\\\/\\\/prismagamers.com\\\/wp-content\\\/uploads\\\/2023\\\/05\\\/super-dungeon-maker-button-000-1638217990004.jpg\",\"datePublished\":\"2023-05-24T20:28:56+00:00\",\"dateModified\":\"2026-03-04T23:00:52+00:00\",\"description\":\"K\u00e9sz\u00edtsd el a saj\u00e1t b\u00f6rt\u00f6n\u00f6det n\u00e9h\u00e1ny l\u00e9p\u00e9sben! A k\u00f6nnyen haszn\u00e1lhat\u00f3 dungeon creator seg\u00edts\u00e9g\u00e9vel percek alatt izgalmas pixel art st\u00edlus\u00fa szinteket hozhatsz l\u00e9tre. V\u00e1laszd ki az emeletek, t\u00e1rgyak \u00e9s rejtett t\u00e1rgyak sz\u00e1m\u00e1t, majd tervezz k\u00fcl\u00f6nb\u00f6z\u0151 t\u00e9m\u00e1j\u00fa \u00e9s neh\u00e9zs\u00e9gi szint\u0171 dungeonokat! Glob\u00e1lis G\u0151z Digit\u00e1lis kulcs\",\"breadcrumb\":{\"@id\":\"https:\\\/\\\/prismagamers.com\\\/hu\\\/produkt\\\/super-dungeon-maker\\\/#breadcrumb\"},\"inLanguage\":\"hu\",\"potentialAction\":[{\"@type\":\"ReadAction\",\"target\":[\"https:\\\/\\\/prismagamers.com\\\/hu\\\/produkt\\\/super-dungeon-maker\\\/\"]}]},{\"@type\":\"ImageObject\",\"inLanguage\":\"hu\",\"@id\":\"https:\\\/\\\/prismagamers.com\\\/hu\\\/produkt\\\/super-dungeon-maker\\\/#primaryimage\",\"url\":\"https:\\\/\\\/prismagamers.com\\\/wp-content\\\/uploads\\\/2023\\\/05\\\/super-dungeon-maker-button-000-1638217990004.jpg\",\"contentUrl\":\"https:\\\/\\\/prismagamers.com\\\/wp-content\\\/uploads\\\/2023\\\/05\\\/super-dungeon-maker-button-000-1638217990004.jpg\",\"width\":1080,\"height\":1080},{\"@type\":\"BreadcrumbList\",\"@id\":\"https:\\\/\\\/prismagamers.com\\\/hu\\\/produkt\\\/super-dungeon-maker\\\/#breadcrumb\",\"itemListElement\":[{\"@type\":\"ListItem\",\"position\":1,\"name\":\"Strona g\u0142\u00f3wna\",\"item\":\"https:\\\/\\\/prismagamers.com\\\/hu\\\/prismagamers\\\/\"},{\"@type\":\"ListItem\",\"position\":2,\"name\":\"Shop\",\"item\":\"https:\\\/\\\/prismagamers.com\\\/hu\\\/shop\\\/\"},{\"@type\":\"ListItem\",\"position\":3,\"name\":\"Super Dungeon Maker\"}]},{\"@type\":\"WebSite\",\"@id\":\"https:\\\/\\\/prismagamers.com\\\/hu\\\/#website\",\"url\":\"https:\\\/\\\/prismagamers.com\\\/hu\\\/\",\"name\":\"Prismagamers\",\"description\":\"Sklep z grami PC I Sklep klucze Steam\",\"publisher\":{\"@id\":\"https:\\\/\\\/prismagamers.com\\\/hu\\\/#organization\"},\"potentialAction\":[{\"@type\":\"SearchAction\",\"target\":{\"@type\":\"EntryPoint\",\"urlTemplate\":\"https:\\\/\\\/prismagamers.com\\\/hu\\\/?s={search_term_string}\"},\"query-input\":{\"@type\":\"PropertyValueSpecification\",\"valueRequired\":true,\"valueName\":\"search_term_string\"}}],\"inLanguage\":\"hu\"},{\"@type\":\"Organization\",\"@id\":\"https:\\\/\\\/prismagamers.com\\\/hu\\\/#organization\",\"name\":\"Prismagamers\",\"url\":\"https:\\\/\\\/prismagamers.com\\\/hu\\\/\",\"logo\":{\"@type\":\"ImageObject\",\"inLanguage\":\"hu\",\"@id\":\"https:\\\/\\\/prismagamers.com\\\/hu\\\/#\\\/schema\\\/logo\\\/image\\\/\",\"url\":\"https:\\\/\\\/prismagamers.com\\\/wp-content\\\/uploads\\\/2022\\\/04\\\/cropped-logo-Prismagamers-01-scaled-1.jpg\",\"contentUrl\":\"https:\\\/\\\/prismagamers.com\\\/wp-content\\\/uploads\\\/2022\\\/04\\\/cropped-logo-Prismagamers-01-scaled-1.jpg\",\"width\":512,\"height\":512,\"caption\":\"Prismagamers\"},\"image\":{\"@id\":\"https:\\\/\\\/prismagamers.com\\\/hu\\\/#\\\/schema\\\/logo\\\/image\\\/\"},\"sameAs\":[\"https:\\\/\\\/www.facebook.com\\\/prismagamers\",\"https:\\\/\\\/www.instagram.com\\\/prismagamers_grycyfrowe\\\/\"],\"description\":\"Prismagamers.com to dynamiczny sklep z grami cyfrowymi, stworzony z my\u015bl\u0105 o entuzjastach gier wideo. Nasza strona oferuje szerok\u0105 gam\u0119 gier komputerowych, w tym najnowsze tytu\u0142y, dobrze znane klasyki oraz gry stworzone przez niezale\u017cne studia Ca\u0142y czas d\u0105\u017cymy do rozszerzenia naszej oferty. Do\u0142\u0105cz do nas i sta\u0144 si\u0119 cz\u0119\u015bci\u0105 naszej rosn\u0105cej spo\u0142eczno\u015bci graczy!\",\"email\":\"shop@prismagamers.com\",\"telephone\":\"48795541705\",\"legalName\":\"East Caravan Maksym \u017bukow\",\"foundingDate\":\"2012-05-10\",\"vatID\":\"PL8943038612\",\"taxID\":\"PL8943038612\",\"numberOfEmployees\":{\"@type\":\"QuantitativeValue\",\"minValue\":\"11\",\"maxValue\":\"50\"}}]}<\/script>\n<!-- \/ Yoast SEO Premium plugin. -->","yoast_head_json":{"title":"Super Dungeon Maker - Prismagamers.com","description":"K\u00e9sz\u00edtsd el a saj\u00e1t b\u00f6rt\u00f6n\u00f6det n\u00e9h\u00e1ny l\u00e9p\u00e9sben! A k\u00f6nnyen haszn\u00e1lhat\u00f3 dungeon creator seg\u00edts\u00e9g\u00e9vel percek alatt izgalmas pixel art st\u00edlus\u00fa szinteket hozhatsz l\u00e9tre. V\u00e1laszd ki az emeletek, t\u00e1rgyak \u00e9s rejtett t\u00e1rgyak sz\u00e1m\u00e1t, majd tervezz k\u00fcl\u00f6nb\u00f6z\u0151 t\u00e9m\u00e1j\u00fa \u00e9s neh\u00e9zs\u00e9gi szint\u0171 dungeonokat!  Glob\u00e1lis  G\u0151z  Digit\u00e1lis kulcs","robots":{"index":"index","follow":"follow","max-snippet":"max-snippet:-1","max-image-preview":"max-image-preview:large","max-video-preview":"max-video-preview:-1"},"canonical":"https:\/\/prismagamers.com\/hu\/produkt\/super-dungeon-maker\/","og_locale":"hu_HU","og_type":"article","og_title":"Super Dungeon Maker","og_description":"K\u00e9sz\u00edtsd el a saj\u00e1t b\u00f6rt\u00f6n\u00f6det n\u00e9h\u00e1ny l\u00e9p\u00e9sben! A k\u00f6nnyen haszn\u00e1lhat\u00f3 dungeon creator seg\u00edts\u00e9g\u00e9vel percek alatt izgalmas pixel art st\u00edlus\u00fa szinteket hozhatsz l\u00e9tre. V\u00e1laszd ki az emeletek, t\u00e1rgyak \u00e9s rejtett t\u00e1rgyak sz\u00e1m\u00e1t, majd tervezz k\u00fcl\u00f6nb\u00f6z\u0151 t\u00e9m\u00e1j\u00fa \u00e9s neh\u00e9zs\u00e9gi szint\u0171 dungeonokat!  Glob\u00e1lis  G\u0151z  Digit\u00e1lis kulcs","og_url":"https:\/\/prismagamers.com\/hu\/produkt\/super-dungeon-maker\/","og_site_name":"Prismagamers.com","article_publisher":"https:\/\/www.facebook.com\/prismagamers","article_modified_time":"2026-03-04T23:00:52+00:00","og_image":[{"width":1080,"height":1080,"url":"https:\/\/prismagamers.com\/wp-content\/uploads\/2023\/05\/super-dungeon-maker-button-000-1638217990004.jpg","type":"image\/jpeg"}],"twitter_card":"summary_large_image","twitter_misc":{"Becs\u00fclt olvas\u00e1si id\u0151":"1 perc"},"schema":{"@context":"https:\/\/schema.org","@graph":[{"@type":"WebPage","@id":"https:\/\/prismagamers.com\/hu\/produkt\/super-dungeon-maker\/","url":"https:\/\/prismagamers.com\/hu\/produkt\/super-dungeon-maker\/","name":"Super Dungeon Maker - Prismagamers.com","isPartOf":{"@id":"https:\/\/prismagamers.com\/hu\/#website"},"primaryImageOfPage":{"@id":"https:\/\/prismagamers.com\/hu\/produkt\/super-dungeon-maker\/#primaryimage"},"image":{"@id":"https:\/\/prismagamers.com\/hu\/produkt\/super-dungeon-maker\/#primaryimage"},"thumbnailUrl":"https:\/\/prismagamers.com\/wp-content\/uploads\/2023\/05\/super-dungeon-maker-button-000-1638217990004.jpg","datePublished":"2023-05-24T20:28:56+00:00","dateModified":"2026-03-04T23:00:52+00:00","description":"K\u00e9sz\u00edtsd el a saj\u00e1t b\u00f6rt\u00f6n\u00f6det n\u00e9h\u00e1ny l\u00e9p\u00e9sben! A k\u00f6nnyen haszn\u00e1lhat\u00f3 dungeon creator seg\u00edts\u00e9g\u00e9vel percek alatt izgalmas pixel art st\u00edlus\u00fa szinteket hozhatsz l\u00e9tre. V\u00e1laszd ki az emeletek, t\u00e1rgyak \u00e9s rejtett t\u00e1rgyak sz\u00e1m\u00e1t, majd tervezz k\u00fcl\u00f6nb\u00f6z\u0151 t\u00e9m\u00e1j\u00fa \u00e9s neh\u00e9zs\u00e9gi szint\u0171 dungeonokat! Glob\u00e1lis G\u0151z Digit\u00e1lis kulcs","breadcrumb":{"@id":"https:\/\/prismagamers.com\/hu\/produkt\/super-dungeon-maker\/#breadcrumb"},"inLanguage":"hu","potentialAction":[{"@type":"ReadAction","target":["https:\/\/prismagamers.com\/hu\/produkt\/super-dungeon-maker\/"]}]},{"@type":"ImageObject","inLanguage":"hu","@id":"https:\/\/prismagamers.com\/hu\/produkt\/super-dungeon-maker\/#primaryimage","url":"https:\/\/prismagamers.com\/wp-content\/uploads\/2023\/05\/super-dungeon-maker-button-000-1638217990004.jpg","contentUrl":"https:\/\/prismagamers.com\/wp-content\/uploads\/2023\/05\/super-dungeon-maker-button-000-1638217990004.jpg","width":1080,"height":1080},{"@type":"BreadcrumbList","@id":"https:\/\/prismagamers.com\/hu\/produkt\/super-dungeon-maker\/#breadcrumb","itemListElement":[{"@type":"ListItem","position":1,"name":"Strona g\u0142\u00f3wna","item":"https:\/\/prismagamers.com\/hu\/prismagamers\/"},{"@type":"ListItem","position":2,"name":"Shop","item":"https:\/\/prismagamers.com\/hu\/shop\/"},{"@type":"ListItem","position":3,"name":"Super Dungeon Maker"}]},{"@type":"WebSite","@id":"https:\/\/prismagamers.com\/hu\/#website","url":"https:\/\/prismagamers.com\/hu\/","name":"Prismagamers","description":"Sklep z grami PC I Sklep klucze Steam","publisher":{"@id":"https:\/\/prismagamers.com\/hu\/#organization"},"potentialAction":[{"@type":"SearchAction","target":{"@type":"EntryPoint","urlTemplate":"https:\/\/prismagamers.com\/hu\/?s={search_term_string}"},"query-input":{"@type":"PropertyValueSpecification","valueRequired":true,"valueName":"search_term_string"}}],"inLanguage":"hu"},{"@type":"Organization","@id":"https:\/\/prismagamers.com\/hu\/#organization","name":"Prismagamers","url":"https:\/\/prismagamers.com\/hu\/","logo":{"@type":"ImageObject","inLanguage":"hu","@id":"https:\/\/prismagamers.com\/hu\/#\/schema\/logo\/image\/","url":"https:\/\/prismagamers.com\/wp-content\/uploads\/2022\/04\/cropped-logo-Prismagamers-01-scaled-1.jpg","contentUrl":"https:\/\/prismagamers.com\/wp-content\/uploads\/2022\/04\/cropped-logo-Prismagamers-01-scaled-1.jpg","width":512,"height":512,"caption":"Prismagamers"},"image":{"@id":"https:\/\/prismagamers.com\/hu\/#\/schema\/logo\/image\/"},"sameAs":["https:\/\/www.facebook.com\/prismagamers","https:\/\/www.instagram.com\/prismagamers_grycyfrowe\/"],"description":"Prismagamers.com to dynamiczny sklep z grami cyfrowymi, stworzony z my\u015bl\u0105 o entuzjastach gier wideo. Nasza strona oferuje szerok\u0105 gam\u0119 gier komputerowych, w tym najnowsze tytu\u0142y, dobrze znane klasyki oraz gry stworzone przez niezale\u017cne studia Ca\u0142y czas d\u0105\u017cymy do rozszerzenia naszej oferty. Do\u0142\u0105cz do nas i sta\u0144 si\u0119 cz\u0119\u015bci\u0105 naszej rosn\u0105cej spo\u0142eczno\u015bci graczy!","email":"shop@prismagamers.com","telephone":"48795541705","legalName":"East Caravan Maksym \u017bukow","foundingDate":"2012-05-10","vatID":"PL8943038612","taxID":"PL8943038612","numberOfEmployees":{"@type":"QuantitativeValue","minValue":"11","maxValue":"50"}}]}},"_links":{"self":[{"href":"https:\/\/prismagamers.com\/hu\/wp-json\/wp\/v2\/product\/42497","targetHints":{"allow":["GET"]}}],"collection":[{"href":"https:\/\/prismagamers.com\/hu\/wp-json\/wp\/v2\/product"}],"about":[{"href":"https:\/\/prismagamers.com\/hu\/wp-json\/wp\/v2\/types\/product"}],"wp:featuredmedia":[{"embeddable":true,"href":"https:\/\/prismagamers.com\/hu\/wp-json\/wp\/v2\/media\/25754"}],"wp:attachment":[{"href":"https:\/\/prismagamers.com\/hu\/wp-json\/wp\/v2\/media?parent=42497"}],"wp:term":[{"taxonomy":"product_brand","embeddable":true,"href":"https:\/\/prismagamers.com\/hu\/wp-json\/wp\/v2\/product_brand?post=42497"},{"taxonomy":"product_cat","embeddable":true,"href":"https:\/\/prismagamers.com\/hu\/wp-json\/wp\/v2\/product_cat?post=42497"},{"taxonomy":"product_tag","embeddable":true,"href":"https:\/\/prismagamers.com\/hu\/wp-json\/wp\/v2\/product_tag?post=42497"}],"curies":[{"name":"wp","href":"https:\/\/api.w.org\/{rel}","templated":true}]}}