{"id":42522,"date":"2023-07-05T09:08:21","date_gmt":"2023-07-05T07:08:21","guid":{"rendered":"https:\/\/prismagamers.com\/produkt\/god-of-rock\/"},"modified":"2023-07-05T09:08:21","modified_gmt":"2023-07-05T07:08:21","slug":"god-of-rock","status":"publish","type":"product","link":"https:\/\/prismagamers.com\/hu\/produkt\/god-of-rock\/","title":{"rendered":"God of Rock"},"content":{"rendered":"<p>A rock titokzatos istene \u00fagy d\u00f6nt\u00f6tt, hogy visszahozza a legkiv\u00e1l\u00f3bb zen\u00e9szek lelk\u00e9t, hogy az \u0151 sz\u00f3rakoztat\u00e1s\u00e1ra v\u00edvjanak zenei csat\u00e1t egym\u00e1s k\u00f6z\u00f6tt. Miut\u00e1n \u00faj testet \u00e9s er\u0151t kaptak, mindannyian r\u00e9szt vesznek egy epikus versenyen, \u00e9s a vil\u00e1g zenei sz\u00ednpad\u00e1nak uralm\u00e1\u00e9rt k\u00fczdenek. <\/p>\n<p>A &#8222;God of Rock&#8221; \u00f6tv\u00f6zi a ritmikus j\u00e1t\u00e9kmenetet a vereked\u0151s mechanik\u00e1val, hihetetlen\u00fcl izgalmas 1 az 1 elleni p\u00e1rbajokat k\u00edn\u00e1lva. 12 egyedi harcos k\u00f6z\u00fcl v\u00e1laszthatsz, akiket egyedi diz\u00e1jn, mechanika \u00e9s harmonikus t\u00e1mad\u00e1sok jellemeznek. Z\u00fazd sz\u00e9t ellenfeleidet a dalok ritmus\u00e1ra a standard mozdulatokkal, \u00e9s t\u00f6ltsd fel a m\u00e9r\u0151\u00f3r\u00e1t, majd k\u00f6ltsd a pontokat egy speci\u00e1lis mozdulatra, amely k\u00e1rt okoz az ellenfelednek, \u00e9s bonyol\u00edtja a zenesz\u00e1mot. V\u00e9g\u00fcl ne feledd, hogy a csat\u00e1t egy puszt\u00edt\u00f3 szupert\u00e1mad\u00e1ssal fejezd be! Min\u00e9l tov\u00e1bb tart a csetepat\u00e9, ann\u00e1l \u00f6sszetettebb\u00e9 v\u00e1lik a zenesz\u00e1m, fenntartva a fesz\u00fclts\u00e9get a p\u00e1rbaj v\u00e9g\u00e9ig!    <\/p>\n<h5>Mire sz\u00e1m\u00edthatsz ebben a j\u00e1t\u00e9kban:<\/h5>\n<p>&nbsp;<\/p>\n<ul class=\"bb_ul\">\n<li>Ez egy ritmikus vereked\u00e9s, ahol izgalmas zenei p\u00e1rbajokba bocs\u00e1tkozol, \u00e9s megpr\u00f3b\u00e1lod tartani a temp\u00f3t \u00e9s a ritmust, mik\u00f6zben harcolsz.<\/li>\n<li>A neh\u00e9zs\u00e9gnek nincs hat\u00e1ra &#8211; a zenesz\u00e1mok egyre nehezebbek lesznek, am\u00edg csak egy gy\u0151ztes marad.<\/li>\n<li>T\u00f6bb mint 40 eredeti p\u00e1lya &#8211; Mindegyiknek van egy egyedi \u00e9s kih\u00edv\u00e1st jelent\u0151 zenesz\u00e1m, amelyet el kell saj\u00e1t\u00edtanod.<\/li>\n<li>\n<div class=\"group final-completion w-full text-token-text-primary border-b border-black\/10 gizmo:border-0 dark:border-gray-900\/50 gizmo:dark:border-0 bg-gray-50 gizmo:bg-transparent dark:bg-[#444654] gizmo:dark:bg-transparent\" data-testid=\"conversation-turn-127\">\n<div class=\"p-4 justify-center text-base md:gap-6 md:py-6 m-auto\">\n<div class=\"flex flex-1 gap-4 text-base mx-auto md:gap-6 gizmo:gap-3 gizmo:md:px-5 gizmo:lg:px-1 gizmo:xl:px-5 md:max-w-2xl lg:max-w-[38rem] gizmo:md:max-w-3xl gizmo:lg:max-w-[40rem] gizmo:xl:max-w-[48rem] xl:max-w-3xl }\">\n<div class=\"relative flex w-[calc(100%-50px)] flex-col gizmo:w-full lg:w-[calc(100%-115px)] agent-turn\">\n<div class=\"flex-col gap-1 md:gap-3\">\n<div class=\"flex flex-grow flex-col gap-3 max-w-full\">\n<div class=\"min-h-[20px] flex flex-col items-start gap-3 whitespace-pre-wrap break-words overflow-x-auto\">\n<div class=\"markdown prose w-full break-words dark:prose-invert light\">\n<p>A vil\u00e1g a te sz\u00ednpadod &#8211; Utazz a 12 egyedi zenei altereg\u00f3 egyikek\u00e9nt, amelyek mindegyike teljesen m\u00e1s j\u00e1t\u00e9kst\u00edlust k\u00e9pvisel. Fedezz fel 8 dinamikus sz\u00ednpadot a vil\u00e1g minden t\u00e1j\u00e1n. <\/p>\n<\/div>\n<\/div>\n<\/div>\n<div class=\"flex justify-between empty:hidden gizmo:justify-start gizmo:gap-3 lg:block\"><\/div>\n<\/div>\n<\/div>\n<\/div>\n<\/div>\n<\/div>\n<\/li>\n<\/ul>\n","protected":false},"excerpt":{"rendered":"<p>Egy olyan vil\u00e1gban, ahol a ritmus hangjai \u00f6sszefon\u00f3dnak a harccal, a rock istene \u00f6sszeh\u00edvta a zen\u00e9szek elitj\u00e9t, hogy a zenei fels\u0151bbrend\u0171s\u00e9g\u00e9rt v\u00edvott csat\u00e1ban n\u00e9zzenek szembe egym\u00e1ssal. A te feladatod, hogy r\u00e9szt vegy\u00e9l a zenei j\u00e1t\u00e9k \u00e9s a vereked\u0151s j\u00e1t\u00e9k e szokatlan hibridj\u00e9ben, ahol a j\u00e1t\u00e9kmenetet a ritmus alak\u00edtja, a dallam pedig fegyverr\u00e9 v\u00e1lik. <\/p>\n<p>\ud83c\udf0d Glob\u00e1lis<br \/>\n\u2699\ufe0f Steam<br \/>\n\ud83d\udddd Digit\u00e1lis kulcs<\/p>\n","protected":false},"featured_media":25706,"template":"","meta":{"_acf_changed":false,"site-sidebar-layout":"default","site-content-layout":"default","ast-site-content-layout":"default","site-content-style":"default","site-sidebar-style":"default","ast-global-header-display":"","ast-banner-title-visibility":"","ast-main-header-display":"","ast-hfb-above-header-display":"","ast-hfb-below-header-display":"","ast-hfb-mobile-header-display":"","site-post-title":"","ast-breadcrumbs-content":"","ast-featured-img":"","footer-sml-layout":"","ast-disable-related-posts":"","theme-transparent-header-meta":"default","adv-header-id-meta":"","stick-header-meta":"","header-above-stick-meta":"","header-main-stick-meta":"","header-below-stick-meta":"","astra-migrate-meta-layouts":"default","ast-page-background-enabled":"default","ast-page-background-meta":{"desktop":{"background-color":"var(--ast-global-color-4)","background-image":"","background-repeat":"repeat","background-position":"center center","background-size":"auto","background-attachment":"scroll","background-type":"","background-media":"","overlay-type":"","overlay-color":"","overlay-opacity":"","overlay-gradient":""},"tablet":{"background-color":"","background-image":"","background-repeat":"repeat","background-position":"center center","background-size":"auto","background-attachment":"scroll","background-type":"","background-media":"","overlay-type":"","overlay-color":"","overlay-opacity":"","overlay-gradient":""},"mobile":{"background-color":"","background-image":"","background-repeat":"repeat","background-position":"center center","background-size":"auto","background-attachment":"scroll","background-type":"","background-media":"","overlay-type":"","overlay-color":"","overlay-opacity":"","overlay-gradient":""}},"ast-content-background-meta":{"desktop":{"background-color":"var(--ast-global-color-5)","background-image":"","background-repeat":"repeat","background-position":"center center","background-size":"auto","background-attachment":"scroll","background-type":"","background-media":"","overlay-type":"","overlay-color":"","overlay-opacity":"","overlay-gradient":""},"tablet":{"background-color":"var(--ast-global-color-5)","background-image":"","background-repeat":"repeat","background-position":"center center","background-size":"auto","background-attachment":"scroll","background-type":"","background-media":"","overlay-type":"","overlay-color":"","overlay-opacity":"","overlay-gradient":""},"mobile":{"background-color":"var(--ast-global-color-5)","background-image":"","background-repeat":"repeat","background-position":"center center","background-size":"auto","background-attachment":"scroll","background-type":"","background-media":"","overlay-type":"","overlay-color":"","overlay-opacity":"","overlay-gradient":""}}},"product_brand":[],"product_cat":[371,394,365,379,378,367,386],"product_tag":[],"class_list":{"0":"post-42522","1":"product","2":"type-product","3":"status-publish","4":"has-post-thumbnail","6":"product_cat-akcio-jatekok","7":"product_cat-digitalis-jatekok","8":"product_cat-goz","9":"product_cat-harci-jatekok","10":"product_cat-minden-digitalis-jatek","11":"product_cat-pc-jatekok","12":"product_cat-strategiai-jatekok","13":"desktop-align-left","14":"tablet-align-left","15":"mobile-align-left","17":"first","18":"instock","19":"shipping-taxable","20":"purchasable","21":"product-type-simple"},"acf":[],"yoast_head":"<!-- This site is optimized with the Yoast SEO Premium plugin v27.4 (Yoast SEO v27.4) - https:\/\/yoast.com\/product\/yoast-seo-premium-wordpress\/ -->\n<title>God of Rock - Prismagamers.com<\/title>\n<meta name=\"description\" content=\"Egy olyan vil\u00e1gban, ahol a ritmus hangjai \u00f6sszefon\u00f3dnak a harccal, a rock istene \u00f6sszeh\u00edvta a zen\u00e9szek elitj\u00e9t, hogy a zenei fels\u0151bbrend\u0171s\u00e9g\u00e9rt v\u00edvott csat\u00e1ban n\u00e9zzenek szembe egym\u00e1ssal. A te feladatod, hogy r\u00e9szt vegy\u00e9l a zenei j\u00e1t\u00e9k \u00e9s a vereked\u0151s j\u00e1t\u00e9k e szokatlan hibridj\u00e9ben, ahol a j\u00e1t\u00e9kmenetet a ritmus alak\u00edtja, a dallam pedig fegyverr\u00e9 v\u00e1lik.  \ud83c\udf0d Glob\u00e1lis \u2699\ufe0f Steam \ud83d\udddd Digit\u00e1lis kulcs\" \/>\n<meta name=\"robots\" content=\"index, follow, max-snippet:-1, max-image-preview:large, max-video-preview:-1\" \/>\n<link rel=\"canonical\" href=\"https:\/\/prismagamers.com\/hu\/produkt\/god-of-rock\/\" \/>\n<meta property=\"og:locale\" content=\"hu_HU\" \/>\n<meta property=\"og:type\" content=\"article\" \/>\n<meta property=\"og:title\" content=\"God of Rock\" \/>\n<meta property=\"og:description\" content=\"Egy olyan vil\u00e1gban, ahol a ritmus hangjai \u00f6sszefon\u00f3dnak a harccal, a rock istene \u00f6sszeh\u00edvta a zen\u00e9szek elitj\u00e9t, hogy a zenei fels\u0151bbrend\u0171s\u00e9g\u00e9rt v\u00edvott csat\u00e1ban n\u00e9zzenek szembe egym\u00e1ssal. A te feladatod, hogy r\u00e9szt vegy\u00e9l a zenei j\u00e1t\u00e9k \u00e9s a vereked\u0151s j\u00e1t\u00e9k e szokatlan hibridj\u00e9ben, ahol a j\u00e1t\u00e9kmenetet a ritmus alak\u00edtja, a dallam pedig fegyverr\u00e9 v\u00e1lik.  \ud83c\udf0d Glob\u00e1lis \u2699\ufe0f Steam \ud83d\udddd Digit\u00e1lis kulcs\" \/>\n<meta property=\"og:url\" content=\"https:\/\/prismagamers.com\/hu\/produkt\/god-of-rock\/\" \/>\n<meta property=\"og:site_name\" content=\"Prismagamers.com\" \/>\n<meta property=\"article:publisher\" content=\"https:\/\/www.facebook.com\/prismagamers\" \/>\n<meta property=\"og:image\" content=\"https:\/\/prismagamers.com\/wp-content\/uploads\/2023\/07\/library_600x900_2x-5.jpg\" \/>\n\t<meta property=\"og:image:width\" content=\"600\" \/>\n\t<meta property=\"og:image:height\" content=\"900\" \/>\n\t<meta property=\"og:image:type\" content=\"image\/jpeg\" \/>\n<meta name=\"twitter:card\" content=\"summary_large_image\" \/>\n<meta name=\"twitter:label1\" content=\"Becs\u00fclt olvas\u00e1si id\u0151\" \/>\n\t<meta name=\"twitter:data1\" content=\"2 perc\" \/>\n<script type=\"application\/ld+json\" class=\"yoast-schema-graph\">{\"@context\":\"https:\\\/\\\/schema.org\",\"@graph\":[{\"@type\":\"WebPage\",\"@id\":\"https:\\\/\\\/prismagamers.com\\\/hu\\\/produkt\\\/god-of-rock\\\/\",\"url\":\"https:\\\/\\\/prismagamers.com\\\/hu\\\/produkt\\\/god-of-rock\\\/\",\"name\":\"God of Rock - Prismagamers.com\",\"isPartOf\":{\"@id\":\"https:\\\/\\\/prismagamers.com\\\/hu\\\/#website\"},\"primaryImageOfPage\":{\"@id\":\"https:\\\/\\\/prismagamers.com\\\/hu\\\/produkt\\\/god-of-rock\\\/#primaryimage\"},\"image\":{\"@id\":\"https:\\\/\\\/prismagamers.com\\\/hu\\\/produkt\\\/god-of-rock\\\/#primaryimage\"},\"thumbnailUrl\":\"https:\\\/\\\/prismagamers.com\\\/wp-content\\\/uploads\\\/2023\\\/07\\\/library_600x900_2x-5.jpg\",\"datePublished\":\"2023-07-05T07:08:21+00:00\",\"description\":\"Egy olyan vil\u00e1gban, ahol a ritmus hangjai \u00f6sszefon\u00f3dnak a harccal, a rock istene \u00f6sszeh\u00edvta a zen\u00e9szek elitj\u00e9t, hogy a zenei fels\u0151bbrend\u0171s\u00e9g\u00e9rt v\u00edvott csat\u00e1ban n\u00e9zzenek szembe egym\u00e1ssal. A te feladatod, hogy r\u00e9szt vegy\u00e9l a zenei j\u00e1t\u00e9k \u00e9s a vereked\u0151s j\u00e1t\u00e9k e szokatlan hibridj\u00e9ben, ahol a j\u00e1t\u00e9kmenetet a ritmus alak\u00edtja, a dallam pedig fegyverr\u00e9 v\u00e1lik. \ud83c\udf0d Glob\u00e1lis \u2699\ufe0f Steam \ud83d\udddd Digit\u00e1lis kulcs\",\"breadcrumb\":{\"@id\":\"https:\\\/\\\/prismagamers.com\\\/hu\\\/produkt\\\/god-of-rock\\\/#breadcrumb\"},\"inLanguage\":\"hu\",\"potentialAction\":[{\"@type\":\"ReadAction\",\"target\":[\"https:\\\/\\\/prismagamers.com\\\/hu\\\/produkt\\\/god-of-rock\\\/\"]}]},{\"@type\":\"ImageObject\",\"inLanguage\":\"hu\",\"@id\":\"https:\\\/\\\/prismagamers.com\\\/hu\\\/produkt\\\/god-of-rock\\\/#primaryimage\",\"url\":\"https:\\\/\\\/prismagamers.com\\\/wp-content\\\/uploads\\\/2023\\\/07\\\/library_600x900_2x-5.jpg\",\"contentUrl\":\"https:\\\/\\\/prismagamers.com\\\/wp-content\\\/uploads\\\/2023\\\/07\\\/library_600x900_2x-5.jpg\",\"width\":600,\"height\":900},{\"@type\":\"BreadcrumbList\",\"@id\":\"https:\\\/\\\/prismagamers.com\\\/hu\\\/produkt\\\/god-of-rock\\\/#breadcrumb\",\"itemListElement\":[{\"@type\":\"ListItem\",\"position\":1,\"name\":\"Strona g\u0142\u00f3wna\",\"item\":\"https:\\\/\\\/prismagamers.com\\\/hu\\\/prismagamers\\\/\"},{\"@type\":\"ListItem\",\"position\":2,\"name\":\"Shop\",\"item\":\"https:\\\/\\\/prismagamers.com\\\/hu\\\/shop\\\/\"},{\"@type\":\"ListItem\",\"position\":3,\"name\":\"God of Rock\"}]},{\"@type\":\"WebSite\",\"@id\":\"https:\\\/\\\/prismagamers.com\\\/hu\\\/#website\",\"url\":\"https:\\\/\\\/prismagamers.com\\\/hu\\\/\",\"name\":\"Prismagamers\",\"description\":\"Sklep z grami PC I Sklep klucze Steam\",\"publisher\":{\"@id\":\"https:\\\/\\\/prismagamers.com\\\/hu\\\/#organization\"},\"potentialAction\":[{\"@type\":\"SearchAction\",\"target\":{\"@type\":\"EntryPoint\",\"urlTemplate\":\"https:\\\/\\\/prismagamers.com\\\/hu\\\/?s={search_term_string}\"},\"query-input\":{\"@type\":\"PropertyValueSpecification\",\"valueRequired\":true,\"valueName\":\"search_term_string\"}}],\"inLanguage\":\"hu\"},{\"@type\":\"Organization\",\"@id\":\"https:\\\/\\\/prismagamers.com\\\/hu\\\/#organization\",\"name\":\"Prismagamers\",\"url\":\"https:\\\/\\\/prismagamers.com\\\/hu\\\/\",\"logo\":{\"@type\":\"ImageObject\",\"inLanguage\":\"hu\",\"@id\":\"https:\\\/\\\/prismagamers.com\\\/hu\\\/#\\\/schema\\\/logo\\\/image\\\/\",\"url\":\"https:\\\/\\\/prismagamers.com\\\/wp-content\\\/uploads\\\/2022\\\/04\\\/cropped-logo-Prismagamers-01-scaled-1.jpg\",\"contentUrl\":\"https:\\\/\\\/prismagamers.com\\\/wp-content\\\/uploads\\\/2022\\\/04\\\/cropped-logo-Prismagamers-01-scaled-1.jpg\",\"width\":512,\"height\":512,\"caption\":\"Prismagamers\"},\"image\":{\"@id\":\"https:\\\/\\\/prismagamers.com\\\/hu\\\/#\\\/schema\\\/logo\\\/image\\\/\"},\"sameAs\":[\"https:\\\/\\\/www.facebook.com\\\/prismagamers\",\"https:\\\/\\\/www.instagram.com\\\/prismagamers_grycyfrowe\\\/\"],\"description\":\"Prismagamers.com to dynamiczny sklep z grami cyfrowymi, stworzony z my\u015bl\u0105 o entuzjastach gier wideo. Nasza strona oferuje szerok\u0105 gam\u0119 gier komputerowych, w tym najnowsze tytu\u0142y, dobrze znane klasyki oraz gry stworzone przez niezale\u017cne studia Ca\u0142y czas d\u0105\u017cymy do rozszerzenia naszej oferty. Do\u0142\u0105cz do nas i sta\u0144 si\u0119 cz\u0119\u015bci\u0105 naszej rosn\u0105cej spo\u0142eczno\u015bci graczy!\",\"email\":\"shop@prismagamers.com\",\"telephone\":\"48795541705\",\"legalName\":\"East Caravan Maksym \u017bukow\",\"foundingDate\":\"2012-05-10\",\"vatID\":\"PL8943038612\",\"taxID\":\"PL8943038612\",\"numberOfEmployees\":{\"@type\":\"QuantitativeValue\",\"minValue\":\"11\",\"maxValue\":\"50\"}}]}<\/script>\n<!-- \/ Yoast SEO Premium plugin. -->","yoast_head_json":{"title":"God of Rock - Prismagamers.com","description":"Egy olyan vil\u00e1gban, ahol a ritmus hangjai \u00f6sszefon\u00f3dnak a harccal, a rock istene \u00f6sszeh\u00edvta a zen\u00e9szek elitj\u00e9t, hogy a zenei fels\u0151bbrend\u0171s\u00e9g\u00e9rt v\u00edvott csat\u00e1ban n\u00e9zzenek szembe egym\u00e1ssal. A te feladatod, hogy r\u00e9szt vegy\u00e9l a zenei j\u00e1t\u00e9k \u00e9s a vereked\u0151s j\u00e1t\u00e9k e szokatlan hibridj\u00e9ben, ahol a j\u00e1t\u00e9kmenetet a ritmus alak\u00edtja, a dallam pedig fegyverr\u00e9 v\u00e1lik.  \ud83c\udf0d Glob\u00e1lis \u2699\ufe0f Steam \ud83d\udddd Digit\u00e1lis kulcs","robots":{"index":"index","follow":"follow","max-snippet":"max-snippet:-1","max-image-preview":"max-image-preview:large","max-video-preview":"max-video-preview:-1"},"canonical":"https:\/\/prismagamers.com\/hu\/produkt\/god-of-rock\/","og_locale":"hu_HU","og_type":"article","og_title":"God of Rock","og_description":"Egy olyan vil\u00e1gban, ahol a ritmus hangjai \u00f6sszefon\u00f3dnak a harccal, a rock istene \u00f6sszeh\u00edvta a zen\u00e9szek elitj\u00e9t, hogy a zenei fels\u0151bbrend\u0171s\u00e9g\u00e9rt v\u00edvott csat\u00e1ban n\u00e9zzenek szembe egym\u00e1ssal. A te feladatod, hogy r\u00e9szt vegy\u00e9l a zenei j\u00e1t\u00e9k \u00e9s a vereked\u0151s j\u00e1t\u00e9k e szokatlan hibridj\u00e9ben, ahol a j\u00e1t\u00e9kmenetet a ritmus alak\u00edtja, a dallam pedig fegyverr\u00e9 v\u00e1lik.  \ud83c\udf0d Glob\u00e1lis \u2699\ufe0f Steam \ud83d\udddd Digit\u00e1lis kulcs","og_url":"https:\/\/prismagamers.com\/hu\/produkt\/god-of-rock\/","og_site_name":"Prismagamers.com","article_publisher":"https:\/\/www.facebook.com\/prismagamers","og_image":[{"width":600,"height":900,"url":"https:\/\/prismagamers.com\/wp-content\/uploads\/2023\/07\/library_600x900_2x-5.jpg","type":"image\/jpeg"}],"twitter_card":"summary_large_image","twitter_misc":{"Becs\u00fclt olvas\u00e1si id\u0151":"2 perc"},"schema":{"@context":"https:\/\/schema.org","@graph":[{"@type":"WebPage","@id":"https:\/\/prismagamers.com\/hu\/produkt\/god-of-rock\/","url":"https:\/\/prismagamers.com\/hu\/produkt\/god-of-rock\/","name":"God of Rock - Prismagamers.com","isPartOf":{"@id":"https:\/\/prismagamers.com\/hu\/#website"},"primaryImageOfPage":{"@id":"https:\/\/prismagamers.com\/hu\/produkt\/god-of-rock\/#primaryimage"},"image":{"@id":"https:\/\/prismagamers.com\/hu\/produkt\/god-of-rock\/#primaryimage"},"thumbnailUrl":"https:\/\/prismagamers.com\/wp-content\/uploads\/2023\/07\/library_600x900_2x-5.jpg","datePublished":"2023-07-05T07:08:21+00:00","description":"Egy olyan vil\u00e1gban, ahol a ritmus hangjai \u00f6sszefon\u00f3dnak a harccal, a rock istene \u00f6sszeh\u00edvta a zen\u00e9szek elitj\u00e9t, hogy a zenei fels\u0151bbrend\u0171s\u00e9g\u00e9rt v\u00edvott csat\u00e1ban n\u00e9zzenek szembe egym\u00e1ssal. A te feladatod, hogy r\u00e9szt vegy\u00e9l a zenei j\u00e1t\u00e9k \u00e9s a vereked\u0151s j\u00e1t\u00e9k e szokatlan hibridj\u00e9ben, ahol a j\u00e1t\u00e9kmenetet a ritmus alak\u00edtja, a dallam pedig fegyverr\u00e9 v\u00e1lik. \ud83c\udf0d Glob\u00e1lis \u2699\ufe0f Steam \ud83d\udddd Digit\u00e1lis kulcs","breadcrumb":{"@id":"https:\/\/prismagamers.com\/hu\/produkt\/god-of-rock\/#breadcrumb"},"inLanguage":"hu","potentialAction":[{"@type":"ReadAction","target":["https:\/\/prismagamers.com\/hu\/produkt\/god-of-rock\/"]}]},{"@type":"ImageObject","inLanguage":"hu","@id":"https:\/\/prismagamers.com\/hu\/produkt\/god-of-rock\/#primaryimage","url":"https:\/\/prismagamers.com\/wp-content\/uploads\/2023\/07\/library_600x900_2x-5.jpg","contentUrl":"https:\/\/prismagamers.com\/wp-content\/uploads\/2023\/07\/library_600x900_2x-5.jpg","width":600,"height":900},{"@type":"BreadcrumbList","@id":"https:\/\/prismagamers.com\/hu\/produkt\/god-of-rock\/#breadcrumb","itemListElement":[{"@type":"ListItem","position":1,"name":"Strona g\u0142\u00f3wna","item":"https:\/\/prismagamers.com\/hu\/prismagamers\/"},{"@type":"ListItem","position":2,"name":"Shop","item":"https:\/\/prismagamers.com\/hu\/shop\/"},{"@type":"ListItem","position":3,"name":"God of Rock"}]},{"@type":"WebSite","@id":"https:\/\/prismagamers.com\/hu\/#website","url":"https:\/\/prismagamers.com\/hu\/","name":"Prismagamers","description":"Sklep z grami PC I Sklep klucze Steam","publisher":{"@id":"https:\/\/prismagamers.com\/hu\/#organization"},"potentialAction":[{"@type":"SearchAction","target":{"@type":"EntryPoint","urlTemplate":"https:\/\/prismagamers.com\/hu\/?s={search_term_string}"},"query-input":{"@type":"PropertyValueSpecification","valueRequired":true,"valueName":"search_term_string"}}],"inLanguage":"hu"},{"@type":"Organization","@id":"https:\/\/prismagamers.com\/hu\/#organization","name":"Prismagamers","url":"https:\/\/prismagamers.com\/hu\/","logo":{"@type":"ImageObject","inLanguage":"hu","@id":"https:\/\/prismagamers.com\/hu\/#\/schema\/logo\/image\/","url":"https:\/\/prismagamers.com\/wp-content\/uploads\/2022\/04\/cropped-logo-Prismagamers-01-scaled-1.jpg","contentUrl":"https:\/\/prismagamers.com\/wp-content\/uploads\/2022\/04\/cropped-logo-Prismagamers-01-scaled-1.jpg","width":512,"height":512,"caption":"Prismagamers"},"image":{"@id":"https:\/\/prismagamers.com\/hu\/#\/schema\/logo\/image\/"},"sameAs":["https:\/\/www.facebook.com\/prismagamers","https:\/\/www.instagram.com\/prismagamers_grycyfrowe\/"],"description":"Prismagamers.com to dynamiczny sklep z grami cyfrowymi, stworzony z my\u015bl\u0105 o entuzjastach gier wideo. Nasza strona oferuje szerok\u0105 gam\u0119 gier komputerowych, w tym najnowsze tytu\u0142y, dobrze znane klasyki oraz gry stworzone przez niezale\u017cne studia Ca\u0142y czas d\u0105\u017cymy do rozszerzenia naszej oferty. Do\u0142\u0105cz do nas i sta\u0144 si\u0119 cz\u0119\u015bci\u0105 naszej rosn\u0105cej spo\u0142eczno\u015bci graczy!","email":"shop@prismagamers.com","telephone":"48795541705","legalName":"East Caravan Maksym \u017bukow","foundingDate":"2012-05-10","vatID":"PL8943038612","taxID":"PL8943038612","numberOfEmployees":{"@type":"QuantitativeValue","minValue":"11","maxValue":"50"}}]}},"_links":{"self":[{"href":"https:\/\/prismagamers.com\/hu\/wp-json\/wp\/v2\/product\/42522","targetHints":{"allow":["GET"]}}],"collection":[{"href":"https:\/\/prismagamers.com\/hu\/wp-json\/wp\/v2\/product"}],"about":[{"href":"https:\/\/prismagamers.com\/hu\/wp-json\/wp\/v2\/types\/product"}],"wp:featuredmedia":[{"embeddable":true,"href":"https:\/\/prismagamers.com\/hu\/wp-json\/wp\/v2\/media\/25706"}],"wp:attachment":[{"href":"https:\/\/prismagamers.com\/hu\/wp-json\/wp\/v2\/media?parent=42522"}],"wp:term":[{"taxonomy":"product_brand","embeddable":true,"href":"https:\/\/prismagamers.com\/hu\/wp-json\/wp\/v2\/product_brand?post=42522"},{"taxonomy":"product_cat","embeddable":true,"href":"https:\/\/prismagamers.com\/hu\/wp-json\/wp\/v2\/product_cat?post=42522"},{"taxonomy":"product_tag","embeddable":true,"href":"https:\/\/prismagamers.com\/hu\/wp-json\/wp\/v2\/product_tag?post=42522"}],"curies":[{"name":"wp","href":"https:\/\/api.w.org\/{rel}","templated":true}]}}