{"id":42523,"date":"2023-07-05T09:34:35","date_gmt":"2023-07-05T07:34:35","guid":{"rendered":"https:\/\/prismagamers.com\/produkt\/doug-fluties-maximum-football-2020\/"},"modified":"2023-07-05T09:34:35","modified_gmt":"2023-07-05T07:34:35","slug":"doug-fluties-maximum-football-2020","status":"publish","type":"product","link":"https:\/\/prismagamers.com\/hu\/produkt\/doug-fluties-maximum-football-2020\/","title":{"rendered":"Doug Fluties Maximum Football 2020"},"content":{"rendered":"<p>A k\u00f6z\u00f6ss\u00e9g \u00e1ltal m\u0171k\u00f6dtetett futballmeccs! A Doug Flutie&#8217;s Maximum Football tov\u00e1bbra is a legjobb futballszimul\u00e1ci\u00f3t ny\u00fajtja. <\/p>\n<p>Fel\u00faj\u00edtott j\u00e1t\u00e9k\u00e9lm\u00e9ny &#8211; Jav\u00edtott j\u00e1t\u00e9kteljes\u00edtm\u00e9ny, vil\u00e1g\u00edt\u00e1si rendszer, j\u00e1t\u00e9kosmozg\u00e1s, t\u00e1rgyak elker\u00fcl\u00e9se \u00e9s a vev\u0151kre szabott anim\u00e1ci\u00f3k. Jav\u00edtottuk a vonalinterakci\u00f3t, kib\u0151v\u00edtett\u00fck a v\u00e9delem mesters\u00e9ges intelligenci\u00e1j\u00e1t \u00e9s \u00fajratervezt\u00fck a passzj\u00e1t\u00e9kot (t\u00f6bbek k\u00f6z\u00f6tt t\u00f6bb elhaj\u00edtott passz, agressz\u00edv v\u00e9d\u0151k, gyorsabb ir\u00e1ny\u00edt\u00f3 anim\u00e1ci\u00f3k). <\/p>\n<p>Playbook Designer &#8211; Teljes j\u00e1t\u00e9kk\u00f6nyv tervez\u0151 t\u00e1mad\u00e1shoz \u00e9s v\u00e9delemhez. Adja meg a standard playbook strat\u00e9gi\u00e1kat a vev\u0151 \u00fatvonalf\u00e1kkal, read progression, fade action, run t\u00edpusok, man-to-man \u00e9s z\u00f3na fedez\u00e9s, blitz csomagok, QB v\u00e9d\u0151 \u00e9s m\u00e9g meghat\u00e1rozott j\u00e1t\u00e9kos mozg\u00e1s. <\/p>\n<p>College Dynasty Mode 2.0 &#8211; J\u00e1t\u00e9kos d\u00edjak, konferencia bajnoks\u00e1gok, j\u00e1t\u00e9kos \u00e1tigazol\u00e1sok, \u00faj bowl j\u00e1t\u00e9kok, friss\u00edtett csapat m\u00e9lys\u00e9g k\u00e9perny\u0151, gyorsabb szimul\u00e1ci\u00f3s motor, differenci\u00e1lt j\u00e1t\u00e9kfelh\u00edv\u00e1s (ami minden csapatnak \u00faj identit\u00e1st ad), nagyobb pontoss\u00e1g az \u00fajonc gener\u00e1l\u00e1sban (bele\u00e9rtve a magass\u00e1got \u00e9s s\u00falyt), r\u00e9szletes \u00fajonc k\u00f6telezetts\u00e9gek \u00e9s j\u00e1t\u00e9kos felf\u00fcggeszt\u00e9sek, \u00e9s m\u00e9g sok m\u00e1s! T\u00f6bb testreszabhat\u00f3s\u00e1g &#8211; F\u0151iskolai csapatok hozz\u00e1ad\u00e1sa a Play Now-hoz, \u00faj 32 csapatos liga hozz\u00e1ad\u00e1sa a Play Now-hoz \u00e9s a szezon m\u00f3dhoz, \u00faj testreszab\u00e1si csom\u00f3pont, egyszer\u0171 sz\u00ednv\u00e1laszt\u00e1s az els\u0151dleges \u00e9s m\u00e1sodlagos csapatsz\u00ednek alapj\u00e1n, valamint tov\u00e1bbi k\u00e9sz log\u00f3k. <\/p>\n<p>Egy\u00e9ni vez\u00e9rl\u0151k &#8211; K\u00e9sz\u00edtsd el saj\u00e1t gombjaidat! Testre szabhatod a p\u00e1lyaj\u00e1t\u00e9k vez\u00e9rl\u00e9s\u00e9t, hogy ismer\u0151s vagy teljesen \u00faj \u00e9rz\u00e9st keltsen. <\/p>\n<p>T\u00f6bbf\u00e9le szab\u00e1lyk\u00e9szlet, p\u00e1lyam\u00e9ret \u00e9s labdat\u00edpus! J\u00e1tssz a k\u00edv\u00e1nt t\u00edpus\u00fa futballt &#8211; v\u00e1lassz az amerikai profi, a f\u0151iskolai \u00e9s a kanadai futballal kapcsolatos lehet\u0151s\u00e9gek k\u00f6z\u00fcl. <\/p>\n<p><strong>FIGYELMEZTET\u00c9S<\/strong> A Canuck Play j\u00e1t\u00e9kokat a megv\u00e1s\u00e1rolt modellnek megfelel\u0151en kell haszn\u00e1lni, \u00e9s minden felhaszn\u00e1l\u00f3nak el kell ismernie \u00e9s bele kell egyeznie, hogy nem m\u00f3dos\u00edtja, szerkeszti vagy m\u00f3dos\u00edtja a j\u00e1t\u00e9kot. Ez mag\u00e1ban foglalja t\u00f6bbek k\u00f6z\u00f6tt, de nem kiz\u00e1r\u00f3lagosan azt, hogy beleegyezik abba, hogy nem haszn\u00e1l harmadik f\u00e9l tulajdon\u00e1ban l\u00e9v\u0151 tartalmat, \u00e9s a felhaszn\u00e1l\u00f3k kiz\u00e1r\u00f3lagosan felel\u0151sek minden egyes alkalommal, amikor egy Canuck Play j\u00e1t\u00e9kkal j\u00e1tszanak. <\/p>\n<p><strong>T\u00c1MOGAT\u00c1S<\/strong> A Maximum Football 2020 PC-s v\u00e1ltozata a konzolr\u00f3l k\u00e9sz\u00fclt port. A j\u00e1t\u00e9khoz egy f\u00fcggetlen 3rd party c\u00e9gt\u0151l sz\u00e1rmaz\u00f3 Xbox vagy PS4 j\u00e1t\u00e9kvez\u00e9rl\u0151re lesz sz\u00fcks\u00e9ged. Nem t\u00e1mogatjuk az \u00e1ltal\u00e1nos j\u00e1t\u00e9kvez\u00e9rl\u0151ket. A PC Canuck Play hardver- \u00e9s szoftverkonfigur\u00e1ci\u00f3k hatalmas v\u00e1ltozatoss\u00e1ga miatt nem tudunk seg\u00edteni a j\u00e1t\u00e9k rendszereden t\u00f6rt\u00e9n\u0151 futtat\u00e1sa sor\u00e1n esetlegesen felmer\u00fcl\u0151 probl\u00e9m\u00e1kkal kapcsolatban.    <\/p>\n","protected":false},"excerpt":{"rendered":"<p>\u00c9rj el nagys\u00e1got a p\u00e1ly\u00e1n, ahogy Doug Flutie \u00e9s a Maximum Football 2020 elhozza neked a v\u00e9gs\u0151 futball j\u00e1t\u00e9kteret.<\/p>\n<p>\ud83c\udf0d Global<br \/>\n\u2699\ufe0f Steam<br \/>\n\ud83d\udddd Digit\u00e1lis kulcs.<\/p>\n","protected":false},"featured_media":25715,"template":"","meta":{"_acf_changed":false,"site-sidebar-layout":"default","site-content-layout":"default","ast-site-content-layout":"default","site-content-style":"default","site-sidebar-style":"default","ast-global-header-display":"","ast-banner-title-visibility":"","ast-main-header-display":"","ast-hfb-above-header-display":"","ast-hfb-below-header-display":"","ast-hfb-mobile-header-display":"","site-post-title":"","ast-breadcrumbs-content":"","ast-featured-img":"","footer-sml-layout":"","ast-disable-related-posts":"","theme-transparent-header-meta":"default","adv-header-id-meta":"","stick-header-meta":"","header-above-stick-meta":"","header-main-stick-meta":"","header-below-stick-meta":"","astra-migrate-meta-layouts":"default","ast-page-background-enabled":"default","ast-page-background-meta":{"desktop":{"background-color":"var(--ast-global-color-4)","background-image":"","background-repeat":"repeat","background-position":"center center","background-size":"auto","background-attachment":"scroll","background-type":"","background-media":"","overlay-type":"","overlay-color":"","overlay-opacity":"","overlay-gradient":""},"tablet":{"background-color":"","background-image":"","background-repeat":"repeat","background-position":"center center","background-size":"auto","background-attachment":"scroll","background-type":"","background-media":"","overlay-type":"","overlay-color":"","overlay-opacity":"","overlay-gradient":""},"mobile":{"background-color":"","background-image":"","background-repeat":"repeat","background-position":"center center","background-size":"auto","background-attachment":"scroll","background-type":"","background-media":"","overlay-type":"","overlay-color":"","overlay-opacity":"","overlay-gradient":""}},"ast-content-background-meta":{"desktop":{"background-color":"var(--ast-global-color-5)","background-image":"","background-repeat":"repeat","background-position":"center center","background-size":"auto","background-attachment":"scroll","background-type":"","background-media":"","overlay-type":"","overlay-color":"","overlay-opacity":"","overlay-gradient":""},"tablet":{"background-color":"var(--ast-global-color-5)","background-image":"","background-repeat":"repeat","background-position":"center center","background-size":"auto","background-attachment":"scroll","background-type":"","background-media":"","overlay-type":"","overlay-color":"","overlay-opacity":"","overlay-gradient":""},"mobile":{"background-color":"var(--ast-global-color-5)","background-image":"","background-repeat":"repeat","background-position":"center center","background-size":"auto","background-attachment":"scroll","background-type":"","background-media":"","overlay-type":"","overlay-color":"","overlay-opacity":"","overlay-gradient":""}}},"product_brand":[],"product_cat":[394,365,372,378,367,376],"product_tag":[],"class_list":{"0":"post-42523","1":"product","2":"type-product","3":"status-publish","4":"has-post-thumbnail","6":"product_cat-digitalis-jatekok","7":"product_cat-goz","8":"product_cat-jatekok-szimulatorok","9":"product_cat-minden-digitalis-jatek","10":"product_cat-pc-jatekok","11":"product_cat-sport-jatekok","12":"desktop-align-left","13":"tablet-align-left","14":"mobile-align-left","16":"first","17":"instock","18":"shipping-taxable","19":"purchasable","20":"product-type-simple"},"acf":[],"yoast_head":"<!-- This site is optimized with the Yoast SEO Premium plugin v27.4 (Yoast SEO v27.4) - https:\/\/yoast.com\/product\/yoast-seo-premium-wordpress\/ -->\n<title>Doug Fluties Maximum Football 2020 - Prismagamers.com<\/title>\n<meta name=\"description\" content=\"\u00c9rj el nagys\u00e1got a p\u00e1ly\u00e1n, ahogy Doug Flutie \u00e9s a Maximum Football 2020 elhozza neked a v\u00e9gs\u0151 futball j\u00e1t\u00e9kteret. \ud83c\udf0d Global \u2699\ufe0f Steam \ud83d\udddd Digit\u00e1lis kulcs.\" \/>\n<meta name=\"robots\" content=\"index, follow, max-snippet:-1, max-image-preview:large, max-video-preview:-1\" \/>\n<link rel=\"canonical\" href=\"https:\/\/prismagamers.com\/hu\/produkt\/doug-fluties-maximum-football-2020\/\" \/>\n<meta property=\"og:locale\" content=\"hu_HU\" \/>\n<meta property=\"og:type\" content=\"article\" \/>\n<meta property=\"og:title\" content=\"Doug Fluties Maximum Football 2020\" \/>\n<meta property=\"og:description\" content=\"\u00c9rj el nagys\u00e1got a p\u00e1ly\u00e1n, ahogy Doug Flutie \u00e9s a Maximum Football 2020 elhozza neked a v\u00e9gs\u0151 futball j\u00e1t\u00e9kteret. \ud83c\udf0d Global \u2699\ufe0f Steam \ud83d\udddd Digit\u00e1lis kulcs.\" \/>\n<meta property=\"og:url\" content=\"https:\/\/prismagamers.com\/hu\/produkt\/doug-fluties-maximum-football-2020\/\" \/>\n<meta property=\"og:site_name\" content=\"Prismagamers.com\" \/>\n<meta property=\"article:publisher\" content=\"https:\/\/www.facebook.com\/prismagamers\" \/>\n<meta property=\"og:image\" content=\"https:\/\/prismagamers.com\/wp-content\/uploads\/2023\/07\/library_600x900_2x-7.jpg\" \/>\n\t<meta property=\"og:image:width\" content=\"600\" \/>\n\t<meta property=\"og:image:height\" content=\"900\" \/>\n\t<meta property=\"og:image:type\" content=\"image\/jpeg\" \/>\n<meta name=\"twitter:card\" content=\"summary_large_image\" \/>\n<meta name=\"twitter:label1\" content=\"Becs\u00fclt olvas\u00e1si id\u0151\" \/>\n\t<meta name=\"twitter:data1\" content=\"3 perc\" \/>\n<script type=\"application\/ld+json\" class=\"yoast-schema-graph\">{\"@context\":\"https:\\\/\\\/schema.org\",\"@graph\":[{\"@type\":\"WebPage\",\"@id\":\"https:\\\/\\\/prismagamers.com\\\/hu\\\/produkt\\\/doug-fluties-maximum-football-2020\\\/\",\"url\":\"https:\\\/\\\/prismagamers.com\\\/hu\\\/produkt\\\/doug-fluties-maximum-football-2020\\\/\",\"name\":\"Doug Fluties Maximum Football 2020 - Prismagamers.com\",\"isPartOf\":{\"@id\":\"https:\\\/\\\/prismagamers.com\\\/hu\\\/#website\"},\"primaryImageOfPage\":{\"@id\":\"https:\\\/\\\/prismagamers.com\\\/hu\\\/produkt\\\/doug-fluties-maximum-football-2020\\\/#primaryimage\"},\"image\":{\"@id\":\"https:\\\/\\\/prismagamers.com\\\/hu\\\/produkt\\\/doug-fluties-maximum-football-2020\\\/#primaryimage\"},\"thumbnailUrl\":\"https:\\\/\\\/prismagamers.com\\\/wp-content\\\/uploads\\\/2023\\\/07\\\/library_600x900_2x-7.jpg\",\"datePublished\":\"2023-07-05T07:34:35+00:00\",\"description\":\"\u00c9rj el nagys\u00e1got a p\u00e1ly\u00e1n, ahogy Doug Flutie \u00e9s a Maximum Football 2020 elhozza neked a v\u00e9gs\u0151 futball j\u00e1t\u00e9kteret. \ud83c\udf0d Global \u2699\ufe0f Steam \ud83d\udddd Digit\u00e1lis kulcs.\",\"breadcrumb\":{\"@id\":\"https:\\\/\\\/prismagamers.com\\\/hu\\\/produkt\\\/doug-fluties-maximum-football-2020\\\/#breadcrumb\"},\"inLanguage\":\"hu\",\"potentialAction\":[{\"@type\":\"ReadAction\",\"target\":[\"https:\\\/\\\/prismagamers.com\\\/hu\\\/produkt\\\/doug-fluties-maximum-football-2020\\\/\"]}]},{\"@type\":\"ImageObject\",\"inLanguage\":\"hu\",\"@id\":\"https:\\\/\\\/prismagamers.com\\\/hu\\\/produkt\\\/doug-fluties-maximum-football-2020\\\/#primaryimage\",\"url\":\"https:\\\/\\\/prismagamers.com\\\/wp-content\\\/uploads\\\/2023\\\/07\\\/library_600x900_2x-7.jpg\",\"contentUrl\":\"https:\\\/\\\/prismagamers.com\\\/wp-content\\\/uploads\\\/2023\\\/07\\\/library_600x900_2x-7.jpg\",\"width\":600,\"height\":900},{\"@type\":\"BreadcrumbList\",\"@id\":\"https:\\\/\\\/prismagamers.com\\\/hu\\\/produkt\\\/doug-fluties-maximum-football-2020\\\/#breadcrumb\",\"itemListElement\":[{\"@type\":\"ListItem\",\"position\":1,\"name\":\"Strona g\u0142\u00f3wna\",\"item\":\"https:\\\/\\\/prismagamers.com\\\/hu\\\/prismagamers\\\/\"},{\"@type\":\"ListItem\",\"position\":2,\"name\":\"Shop\",\"item\":\"https:\\\/\\\/prismagamers.com\\\/hu\\\/shop\\\/\"},{\"@type\":\"ListItem\",\"position\":3,\"name\":\"Doug Fluties Maximum Football 2020\"}]},{\"@type\":\"WebSite\",\"@id\":\"https:\\\/\\\/prismagamers.com\\\/hu\\\/#website\",\"url\":\"https:\\\/\\\/prismagamers.com\\\/hu\\\/\",\"name\":\"Prismagamers\",\"description\":\"Sklep z grami PC I Sklep klucze Steam\",\"publisher\":{\"@id\":\"https:\\\/\\\/prismagamers.com\\\/hu\\\/#organization\"},\"potentialAction\":[{\"@type\":\"SearchAction\",\"target\":{\"@type\":\"EntryPoint\",\"urlTemplate\":\"https:\\\/\\\/prismagamers.com\\\/hu\\\/?s={search_term_string}\"},\"query-input\":{\"@type\":\"PropertyValueSpecification\",\"valueRequired\":true,\"valueName\":\"search_term_string\"}}],\"inLanguage\":\"hu\"},{\"@type\":\"Organization\",\"@id\":\"https:\\\/\\\/prismagamers.com\\\/hu\\\/#organization\",\"name\":\"Prismagamers\",\"url\":\"https:\\\/\\\/prismagamers.com\\\/hu\\\/\",\"logo\":{\"@type\":\"ImageObject\",\"inLanguage\":\"hu\",\"@id\":\"https:\\\/\\\/prismagamers.com\\\/hu\\\/#\\\/schema\\\/logo\\\/image\\\/\",\"url\":\"https:\\\/\\\/prismagamers.com\\\/wp-content\\\/uploads\\\/2022\\\/04\\\/cropped-logo-Prismagamers-01-scaled-1.jpg\",\"contentUrl\":\"https:\\\/\\\/prismagamers.com\\\/wp-content\\\/uploads\\\/2022\\\/04\\\/cropped-logo-Prismagamers-01-scaled-1.jpg\",\"width\":512,\"height\":512,\"caption\":\"Prismagamers\"},\"image\":{\"@id\":\"https:\\\/\\\/prismagamers.com\\\/hu\\\/#\\\/schema\\\/logo\\\/image\\\/\"},\"sameAs\":[\"https:\\\/\\\/www.facebook.com\\\/prismagamers\",\"https:\\\/\\\/www.instagram.com\\\/prismagamers_grycyfrowe\\\/\"],\"description\":\"Prismagamers.com to dynamiczny sklep z grami cyfrowymi, stworzony z my\u015bl\u0105 o entuzjastach gier wideo. Nasza strona oferuje szerok\u0105 gam\u0119 gier komputerowych, w tym najnowsze tytu\u0142y, dobrze znane klasyki oraz gry stworzone przez niezale\u017cne studia Ca\u0142y czas d\u0105\u017cymy do rozszerzenia naszej oferty. Do\u0142\u0105cz do nas i sta\u0144 si\u0119 cz\u0119\u015bci\u0105 naszej rosn\u0105cej spo\u0142eczno\u015bci graczy!\",\"email\":\"shop@prismagamers.com\",\"telephone\":\"48795541705\",\"legalName\":\"East Caravan Maksym \u017bukow\",\"foundingDate\":\"2012-05-10\",\"vatID\":\"PL8943038612\",\"taxID\":\"PL8943038612\",\"numberOfEmployees\":{\"@type\":\"QuantitativeValue\",\"minValue\":\"11\",\"maxValue\":\"50\"}}]}<\/script>\n<!-- \/ Yoast SEO Premium plugin. -->","yoast_head_json":{"title":"Doug Fluties Maximum Football 2020 - Prismagamers.com","description":"\u00c9rj el nagys\u00e1got a p\u00e1ly\u00e1n, ahogy Doug Flutie \u00e9s a Maximum Football 2020 elhozza neked a v\u00e9gs\u0151 futball j\u00e1t\u00e9kteret. \ud83c\udf0d Global \u2699\ufe0f Steam \ud83d\udddd Digit\u00e1lis kulcs.","robots":{"index":"index","follow":"follow","max-snippet":"max-snippet:-1","max-image-preview":"max-image-preview:large","max-video-preview":"max-video-preview:-1"},"canonical":"https:\/\/prismagamers.com\/hu\/produkt\/doug-fluties-maximum-football-2020\/","og_locale":"hu_HU","og_type":"article","og_title":"Doug Fluties Maximum Football 2020","og_description":"\u00c9rj el nagys\u00e1got a p\u00e1ly\u00e1n, ahogy Doug Flutie \u00e9s a Maximum Football 2020 elhozza neked a v\u00e9gs\u0151 futball j\u00e1t\u00e9kteret. \ud83c\udf0d Global \u2699\ufe0f Steam \ud83d\udddd Digit\u00e1lis kulcs.","og_url":"https:\/\/prismagamers.com\/hu\/produkt\/doug-fluties-maximum-football-2020\/","og_site_name":"Prismagamers.com","article_publisher":"https:\/\/www.facebook.com\/prismagamers","og_image":[{"width":600,"height":900,"url":"https:\/\/prismagamers.com\/wp-content\/uploads\/2023\/07\/library_600x900_2x-7.jpg","type":"image\/jpeg"}],"twitter_card":"summary_large_image","twitter_misc":{"Becs\u00fclt olvas\u00e1si id\u0151":"3 perc"},"schema":{"@context":"https:\/\/schema.org","@graph":[{"@type":"WebPage","@id":"https:\/\/prismagamers.com\/hu\/produkt\/doug-fluties-maximum-football-2020\/","url":"https:\/\/prismagamers.com\/hu\/produkt\/doug-fluties-maximum-football-2020\/","name":"Doug Fluties Maximum Football 2020 - Prismagamers.com","isPartOf":{"@id":"https:\/\/prismagamers.com\/hu\/#website"},"primaryImageOfPage":{"@id":"https:\/\/prismagamers.com\/hu\/produkt\/doug-fluties-maximum-football-2020\/#primaryimage"},"image":{"@id":"https:\/\/prismagamers.com\/hu\/produkt\/doug-fluties-maximum-football-2020\/#primaryimage"},"thumbnailUrl":"https:\/\/prismagamers.com\/wp-content\/uploads\/2023\/07\/library_600x900_2x-7.jpg","datePublished":"2023-07-05T07:34:35+00:00","description":"\u00c9rj el nagys\u00e1got a p\u00e1ly\u00e1n, ahogy Doug Flutie \u00e9s a Maximum Football 2020 elhozza neked a v\u00e9gs\u0151 futball j\u00e1t\u00e9kteret. \ud83c\udf0d Global \u2699\ufe0f Steam \ud83d\udddd Digit\u00e1lis kulcs.","breadcrumb":{"@id":"https:\/\/prismagamers.com\/hu\/produkt\/doug-fluties-maximum-football-2020\/#breadcrumb"},"inLanguage":"hu","potentialAction":[{"@type":"ReadAction","target":["https:\/\/prismagamers.com\/hu\/produkt\/doug-fluties-maximum-football-2020\/"]}]},{"@type":"ImageObject","inLanguage":"hu","@id":"https:\/\/prismagamers.com\/hu\/produkt\/doug-fluties-maximum-football-2020\/#primaryimage","url":"https:\/\/prismagamers.com\/wp-content\/uploads\/2023\/07\/library_600x900_2x-7.jpg","contentUrl":"https:\/\/prismagamers.com\/wp-content\/uploads\/2023\/07\/library_600x900_2x-7.jpg","width":600,"height":900},{"@type":"BreadcrumbList","@id":"https:\/\/prismagamers.com\/hu\/produkt\/doug-fluties-maximum-football-2020\/#breadcrumb","itemListElement":[{"@type":"ListItem","position":1,"name":"Strona g\u0142\u00f3wna","item":"https:\/\/prismagamers.com\/hu\/prismagamers\/"},{"@type":"ListItem","position":2,"name":"Shop","item":"https:\/\/prismagamers.com\/hu\/shop\/"},{"@type":"ListItem","position":3,"name":"Doug Fluties Maximum Football 2020"}]},{"@type":"WebSite","@id":"https:\/\/prismagamers.com\/hu\/#website","url":"https:\/\/prismagamers.com\/hu\/","name":"Prismagamers","description":"Sklep z grami PC I Sklep klucze Steam","publisher":{"@id":"https:\/\/prismagamers.com\/hu\/#organization"},"potentialAction":[{"@type":"SearchAction","target":{"@type":"EntryPoint","urlTemplate":"https:\/\/prismagamers.com\/hu\/?s={search_term_string}"},"query-input":{"@type":"PropertyValueSpecification","valueRequired":true,"valueName":"search_term_string"}}],"inLanguage":"hu"},{"@type":"Organization","@id":"https:\/\/prismagamers.com\/hu\/#organization","name":"Prismagamers","url":"https:\/\/prismagamers.com\/hu\/","logo":{"@type":"ImageObject","inLanguage":"hu","@id":"https:\/\/prismagamers.com\/hu\/#\/schema\/logo\/image\/","url":"https:\/\/prismagamers.com\/wp-content\/uploads\/2022\/04\/cropped-logo-Prismagamers-01-scaled-1.jpg","contentUrl":"https:\/\/prismagamers.com\/wp-content\/uploads\/2022\/04\/cropped-logo-Prismagamers-01-scaled-1.jpg","width":512,"height":512,"caption":"Prismagamers"},"image":{"@id":"https:\/\/prismagamers.com\/hu\/#\/schema\/logo\/image\/"},"sameAs":["https:\/\/www.facebook.com\/prismagamers","https:\/\/www.instagram.com\/prismagamers_grycyfrowe\/"],"description":"Prismagamers.com to dynamiczny sklep z grami cyfrowymi, stworzony z my\u015bl\u0105 o entuzjastach gier wideo. Nasza strona oferuje szerok\u0105 gam\u0119 gier komputerowych, w tym najnowsze tytu\u0142y, dobrze znane klasyki oraz gry stworzone przez niezale\u017cne studia Ca\u0142y czas d\u0105\u017cymy do rozszerzenia naszej oferty. Do\u0142\u0105cz do nas i sta\u0144 si\u0119 cz\u0119\u015bci\u0105 naszej rosn\u0105cej spo\u0142eczno\u015bci graczy!","email":"shop@prismagamers.com","telephone":"48795541705","legalName":"East Caravan Maksym \u017bukow","foundingDate":"2012-05-10","vatID":"PL8943038612","taxID":"PL8943038612","numberOfEmployees":{"@type":"QuantitativeValue","minValue":"11","maxValue":"50"}}]}},"_links":{"self":[{"href":"https:\/\/prismagamers.com\/hu\/wp-json\/wp\/v2\/product\/42523","targetHints":{"allow":["GET"]}}],"collection":[{"href":"https:\/\/prismagamers.com\/hu\/wp-json\/wp\/v2\/product"}],"about":[{"href":"https:\/\/prismagamers.com\/hu\/wp-json\/wp\/v2\/types\/product"}],"wp:featuredmedia":[{"embeddable":true,"href":"https:\/\/prismagamers.com\/hu\/wp-json\/wp\/v2\/media\/25715"}],"wp:attachment":[{"href":"https:\/\/prismagamers.com\/hu\/wp-json\/wp\/v2\/media?parent=42523"}],"wp:term":[{"taxonomy":"product_brand","embeddable":true,"href":"https:\/\/prismagamers.com\/hu\/wp-json\/wp\/v2\/product_brand?post=42523"},{"taxonomy":"product_cat","embeddable":true,"href":"https:\/\/prismagamers.com\/hu\/wp-json\/wp\/v2\/product_cat?post=42523"},{"taxonomy":"product_tag","embeddable":true,"href":"https:\/\/prismagamers.com\/hu\/wp-json\/wp\/v2\/product_tag?post=42523"}],"curies":[{"name":"wp","href":"https:\/\/api.w.org\/{rel}","templated":true}]}}