{"id":42532,"date":"2023-06-08T18:52:34","date_gmt":"2023-06-08T16:52:34","guid":{"rendered":"https:\/\/prismagamers.com\/produkt\/ary-and-the-secret-of-seasons\/"},"modified":"2023-06-08T18:52:34","modified_gmt":"2023-06-08T16:52:34","slug":"ary-and-the-secret-of-seasons","status":"publish","type":"product","link":"https:\/\/prismagamers.com\/hu\/produkt\/ary-and-the-secret-of-seasons\/","title":{"rendered":"Ary and the Secret of Seasons"},"content":{"rendered":"<p><strong>Utazz v\u00e9gig Valdi csod\u00e1latos vil\u00e1g\u00e1n!<\/strong><br \/>\nAz Ary and the Secret of Seasons egy d\u00edjnyertes kalandj\u00e1t\u00e9k, amely egy fiatal l\u00e1nyt, Aryelle-t, azaz Aryt k\u00f6veti, amint v\u00e9gigutazik Valdi nagyszer\u0171 vil\u00e1g\u00e1n. Azzal, hogy Ary a T\u00e9l \u0151rz\u0151j\u00e9v\u00e9 v\u00e1lik, k\u00e9pess\u00e9 v\u00e1lik arra, hogy manipul\u00e1lja a k\u00f6r\u00fcl\u00f6tte l\u00e9v\u0151 \u00e9vszakokat. Ary megtanulja ir\u00e1ny\u00edtani az \u00e9vszakokat, \u00e9s arra haszn\u00e1lja \u0151ket, hogy legy\u0151zze az ellens\u00e9get, legy\u0151zze az akad\u00e1lyokat \u00e9s megoldja az \u00f6sszetett rejtv\u00e9nyeket a Valdi-szerte zajl\u00f3 kalandoz\u00e1sa sor\u00e1n.  <\/p>\n<p>R\u00e9ges-r\u00e9gen Valdi vil\u00e1g\u00e1t egy gonosz m\u00e1gus fenyegette. Hatalmas k\u00fczdelem ut\u00e1n a Legend\u00e1s Harcos legy\u0151zte \u0151t, \u00e9s a Sz\u00e9fbe z\u00e1rta, ahol \u00f6r\u00f6kre beb\u00f6rt\u00f6n\u00f6zt\u00e9k. Hogy biztos\u00edts\u00e1k a m\u00e1gus beb\u00f6rt\u00f6nz\u00e9s\u00e9t, n\u00e9gy nagy b\u00f6lcs megesk\u00fcd\u00f6tt, hogy \u0151rk\u00f6dni fog \u00e9s megv\u00e9di a Sz\u00e9fet. \u0150k alkott\u00e1k az \u00c9vszakok \u0150rz\u0151it, egy titkos szervezetet, amelyet ma m\u00e1r a t\u00f6rt\u00e9nelem \u00e9s a legenda \u00e1tsz\u0151tt.   <\/p>\n<p>Miut\u00e1n egy titokzatos er\u0151 felforgatja Valdi \u00e9vszakait, Ary \u00fagy d\u00f6nt, hogy seg\u00edt az \u00c9vszakok \u0150rz\u0151inek, \u00e9s elindul, hogy megtal\u00e1lja a z\u0171rzavar forr\u00e1s\u00e1t. Arynak az esz\u00e9t \u00e9s b\u00e1tors\u00e1g\u00e1t felhaszn\u00e1lva kell legy\u0151znie sz\u00f6rny\u0171 ellens\u00e9geket, titkos \u00f6sszeesk\u00fcv\u00e9seket \u00e9s f\u00fclledt hagyom\u00e1nyokat, hogy megmentse Valdit \u00e9s \u00fajra egyens\u00falyt teremtsen a vil\u00e1gban. <\/p>\n<p>&nbsp;<\/p>\n","protected":false},"excerpt":{"rendered":"<p>Vedd \u00e1t az \u00e9vszakok ir\u00e1ny\u00edt\u00e1s\u00e1t, \u00e9s haszn\u00e1ld \u0151ket rejtv\u00e9nyek megold\u00e1s\u00e1ra, ellens\u00e9gek legy\u0151z\u00e9s\u00e9re, valamint Valdi gy\u00f6ny\u00f6r\u0171 vil\u00e1g\u00e1nak felfedez\u00e9s\u00e9re ebben a d\u00edjnyertes indie kalandj\u00e1t\u00e9kban.<\/p>\n<p><img decoding=\"async\" class=\"emoji\" role=\"img\" draggable=\"false\" src=\"https:\/\/s.w.org\/images\/core\/emoji\/14.0.0\/svg\/1f30d.svg\" alt=\"\ud83c\udf0d\"> Global<br \/>\n<img decoding=\"async\" class=\"emoji\" role=\"img\" draggable=\"false\" src=\"https:\/\/s.w.org\/images\/core\/emoji\/14.0.0\/svg\/2699.svg\" alt=\"\u2699\ufe0f\"> Steam<br \/>\n<img decoding=\"async\" class=\"emoji\" role=\"img\" draggable=\"false\" src=\"https:\/\/s.w.org\/images\/core\/emoji\/14.0.0\/svg\/1f5dd.svg\" alt=\"\ud83d\udddd\"> Digit\u00e1lis kulcs<\/p>\n","protected":false},"featured_media":25472,"template":"","meta":{"_acf_changed":false,"site-sidebar-layout":"default","site-content-layout":"default","ast-site-content-layout":"default","site-content-style":"default","site-sidebar-style":"default","ast-global-header-display":"","ast-banner-title-visibility":"","ast-main-header-display":"","ast-hfb-above-header-display":"","ast-hfb-below-header-display":"","ast-hfb-mobile-header-display":"","site-post-title":"","ast-breadcrumbs-content":"","ast-featured-img":"","footer-sml-layout":"","ast-disable-related-posts":"","theme-transparent-header-meta":"default","adv-header-id-meta":"","stick-header-meta":"","header-above-stick-meta":"","header-main-stick-meta":"","header-below-stick-meta":"","astra-migrate-meta-layouts":"default","ast-page-background-enabled":"default","ast-page-background-meta":{"desktop":{"background-color":"var(--ast-global-color-4)","background-image":"","background-repeat":"repeat","background-position":"center center","background-size":"auto","background-attachment":"scroll","background-type":"","background-media":"","overlay-type":"","overlay-color":"","overlay-opacity":"","overlay-gradient":""},"tablet":{"background-color":"","background-image":"","background-repeat":"repeat","background-position":"center center","background-size":"auto","background-attachment":"scroll","background-type":"","background-media":"","overlay-type":"","overlay-color":"","overlay-opacity":"","overlay-gradient":""},"mobile":{"background-color":"","background-image":"","background-repeat":"repeat","background-position":"center center","background-size":"auto","background-attachment":"scroll","background-type":"","background-media":"","overlay-type":"","overlay-color":"","overlay-opacity":"","overlay-gradient":""}},"ast-content-background-meta":{"desktop":{"background-color":"var(--ast-global-color-5)","background-image":"","background-repeat":"repeat","background-position":"center center","background-size":"auto","background-attachment":"scroll","background-type":"","background-media":"","overlay-type":"","overlay-color":"","overlay-opacity":"","overlay-gradient":""},"tablet":{"background-color":"var(--ast-global-color-5)","background-image":"","background-repeat":"repeat","background-position":"center center","background-size":"auto","background-attachment":"scroll","background-type":"","background-media":"","overlay-type":"","overlay-color":"","overlay-opacity":"","overlay-gradient":""},"mobile":{"background-color":"var(--ast-global-color-5)","background-image":"","background-repeat":"repeat","background-position":"center center","background-size":"auto","background-attachment":"scroll","background-type":"","background-media":"","overlay-type":"","overlay-color":"","overlay-opacity":"","overlay-gradient":""}}},"product_brand":[],"product_cat":[371,394,365,363,378,367,364],"product_tag":[],"class_list":{"0":"post-42532","1":"product","2":"type-product","3":"status-publish","4":"has-post-thumbnail","6":"product_cat-akcio-jatekok","7":"product_cat-digitalis-jatekok","8":"product_cat-goz","9":"product_cat-kaland-jatekok","10":"product_cat-minden-digitalis-jatek","11":"product_cat-pc-jatekok","12":"product_cat-rpg-k","13":"desktop-align-left","14":"tablet-align-left","15":"mobile-align-left","17":"first","18":"instock","19":"shipping-taxable","20":"purchasable","21":"product-type-simple"},"acf":[],"yoast_head":"<!-- This site is optimized with the Yoast SEO Premium plugin v27.4 (Yoast SEO v27.4) - https:\/\/yoast.com\/product\/yoast-seo-premium-wordpress\/ -->\n<title>Ary and the Secret of Seasons - Prismagamers.com<\/title>\n<meta name=\"description\" content=\"Vedd \u00e1t az \u00e9vszakok ir\u00e1ny\u00edt\u00e1s\u00e1t, \u00e9s haszn\u00e1ld \u0151ket rejtv\u00e9nyek megold\u00e1s\u00e1ra, ellens\u00e9gek legy\u0151z\u00e9s\u00e9re, valamint Valdi gy\u00f6ny\u00f6r\u0171 vil\u00e1g\u00e1nak felfedez\u00e9s\u00e9re ebben a d\u00edjnyertes indie kalandj\u00e1t\u00e9kban.  Global Steam Digit\u00e1lis kulcs\" \/>\n<meta name=\"robots\" content=\"index, follow, max-snippet:-1, max-image-preview:large, max-video-preview:-1\" \/>\n<link rel=\"canonical\" href=\"https:\/\/prismagamers.com\/hu\/produkt\/ary-and-the-secret-of-seasons\/\" \/>\n<meta property=\"og:locale\" content=\"hu_HU\" \/>\n<meta property=\"og:type\" content=\"article\" \/>\n<meta property=\"og:title\" content=\"Ary and the Secret of Seasons\" \/>\n<meta property=\"og:description\" content=\"Vedd \u00e1t az \u00e9vszakok ir\u00e1ny\u00edt\u00e1s\u00e1t, \u00e9s haszn\u00e1ld \u0151ket rejtv\u00e9nyek megold\u00e1s\u00e1ra, ellens\u00e9gek legy\u0151z\u00e9s\u00e9re, valamint Valdi gy\u00f6ny\u00f6r\u0171 vil\u00e1g\u00e1nak felfedez\u00e9s\u00e9re ebben a d\u00edjnyertes indie kalandj\u00e1t\u00e9kban.  Global Steam Digit\u00e1lis kulcs\" \/>\n<meta property=\"og:url\" content=\"https:\/\/prismagamers.com\/hu\/produkt\/ary-and-the-secret-of-seasons\/\" \/>\n<meta property=\"og:site_name\" content=\"Prismagamers.com\" \/>\n<meta property=\"article:publisher\" content=\"https:\/\/www.facebook.com\/prismagamers\" \/>\n<meta property=\"og:image\" content=\"https:\/\/prismagamers.com\/wp-content\/uploads\/2023\/06\/boxshot.jpg\" \/>\n\t<meta property=\"og:image:width\" content=\"600\" \/>\n\t<meta property=\"og:image:height\" content=\"900\" \/>\n\t<meta property=\"og:image:type\" content=\"image\/jpeg\" \/>\n<meta name=\"twitter:card\" content=\"summary_large_image\" \/>\n<meta name=\"twitter:label1\" content=\"Becs\u00fclt olvas\u00e1si id\u0151\" \/>\n\t<meta name=\"twitter:data1\" content=\"1 perc\" \/>\n<script type=\"application\/ld+json\" class=\"yoast-schema-graph\">{\"@context\":\"https:\\\/\\\/schema.org\",\"@graph\":[{\"@type\":\"WebPage\",\"@id\":\"https:\\\/\\\/prismagamers.com\\\/hu\\\/produkt\\\/ary-and-the-secret-of-seasons\\\/\",\"url\":\"https:\\\/\\\/prismagamers.com\\\/hu\\\/produkt\\\/ary-and-the-secret-of-seasons\\\/\",\"name\":\"Ary and the Secret of Seasons - Prismagamers.com\",\"isPartOf\":{\"@id\":\"https:\\\/\\\/prismagamers.com\\\/hu\\\/#website\"},\"primaryImageOfPage\":{\"@id\":\"https:\\\/\\\/prismagamers.com\\\/hu\\\/produkt\\\/ary-and-the-secret-of-seasons\\\/#primaryimage\"},\"image\":{\"@id\":\"https:\\\/\\\/prismagamers.com\\\/hu\\\/produkt\\\/ary-and-the-secret-of-seasons\\\/#primaryimage\"},\"thumbnailUrl\":\"https:\\\/\\\/prismagamers.com\\\/wp-content\\\/uploads\\\/2023\\\/06\\\/boxshot.jpg\",\"datePublished\":\"2023-06-08T16:52:34+00:00\",\"description\":\"Vedd \u00e1t az \u00e9vszakok ir\u00e1ny\u00edt\u00e1s\u00e1t, \u00e9s haszn\u00e1ld \u0151ket rejtv\u00e9nyek megold\u00e1s\u00e1ra, ellens\u00e9gek legy\u0151z\u00e9s\u00e9re, valamint Valdi gy\u00f6ny\u00f6r\u0171 vil\u00e1g\u00e1nak felfedez\u00e9s\u00e9re ebben a d\u00edjnyertes indie kalandj\u00e1t\u00e9kban. Global Steam Digit\u00e1lis kulcs\",\"breadcrumb\":{\"@id\":\"https:\\\/\\\/prismagamers.com\\\/hu\\\/produkt\\\/ary-and-the-secret-of-seasons\\\/#breadcrumb\"},\"inLanguage\":\"hu\",\"potentialAction\":[{\"@type\":\"ReadAction\",\"target\":[\"https:\\\/\\\/prismagamers.com\\\/hu\\\/produkt\\\/ary-and-the-secret-of-seasons\\\/\"]}]},{\"@type\":\"ImageObject\",\"inLanguage\":\"hu\",\"@id\":\"https:\\\/\\\/prismagamers.com\\\/hu\\\/produkt\\\/ary-and-the-secret-of-seasons\\\/#primaryimage\",\"url\":\"https:\\\/\\\/prismagamers.com\\\/wp-content\\\/uploads\\\/2023\\\/06\\\/boxshot.jpg\",\"contentUrl\":\"https:\\\/\\\/prismagamers.com\\\/wp-content\\\/uploads\\\/2023\\\/06\\\/boxshot.jpg\",\"width\":600,\"height\":900},{\"@type\":\"BreadcrumbList\",\"@id\":\"https:\\\/\\\/prismagamers.com\\\/hu\\\/produkt\\\/ary-and-the-secret-of-seasons\\\/#breadcrumb\",\"itemListElement\":[{\"@type\":\"ListItem\",\"position\":1,\"name\":\"Strona g\u0142\u00f3wna\",\"item\":\"https:\\\/\\\/prismagamers.com\\\/hu\\\/prismagamers\\\/\"},{\"@type\":\"ListItem\",\"position\":2,\"name\":\"Shop\",\"item\":\"https:\\\/\\\/prismagamers.com\\\/hu\\\/shop\\\/\"},{\"@type\":\"ListItem\",\"position\":3,\"name\":\"Ary and the Secret of Seasons\"}]},{\"@type\":\"WebSite\",\"@id\":\"https:\\\/\\\/prismagamers.com\\\/hu\\\/#website\",\"url\":\"https:\\\/\\\/prismagamers.com\\\/hu\\\/\",\"name\":\"Prismagamers\",\"description\":\"Sklep z grami PC I Sklep klucze Steam\",\"publisher\":{\"@id\":\"https:\\\/\\\/prismagamers.com\\\/hu\\\/#organization\"},\"potentialAction\":[{\"@type\":\"SearchAction\",\"target\":{\"@type\":\"EntryPoint\",\"urlTemplate\":\"https:\\\/\\\/prismagamers.com\\\/hu\\\/?s={search_term_string}\"},\"query-input\":{\"@type\":\"PropertyValueSpecification\",\"valueRequired\":true,\"valueName\":\"search_term_string\"}}],\"inLanguage\":\"hu\"},{\"@type\":\"Organization\",\"@id\":\"https:\\\/\\\/prismagamers.com\\\/hu\\\/#organization\",\"name\":\"Prismagamers\",\"url\":\"https:\\\/\\\/prismagamers.com\\\/hu\\\/\",\"logo\":{\"@type\":\"ImageObject\",\"inLanguage\":\"hu\",\"@id\":\"https:\\\/\\\/prismagamers.com\\\/hu\\\/#\\\/schema\\\/logo\\\/image\\\/\",\"url\":\"https:\\\/\\\/prismagamers.com\\\/wp-content\\\/uploads\\\/2022\\\/04\\\/cropped-logo-Prismagamers-01-scaled-1.jpg\",\"contentUrl\":\"https:\\\/\\\/prismagamers.com\\\/wp-content\\\/uploads\\\/2022\\\/04\\\/cropped-logo-Prismagamers-01-scaled-1.jpg\",\"width\":512,\"height\":512,\"caption\":\"Prismagamers\"},\"image\":{\"@id\":\"https:\\\/\\\/prismagamers.com\\\/hu\\\/#\\\/schema\\\/logo\\\/image\\\/\"},\"sameAs\":[\"https:\\\/\\\/www.facebook.com\\\/prismagamers\",\"https:\\\/\\\/www.instagram.com\\\/prismagamers_grycyfrowe\\\/\"],\"description\":\"Prismagamers.com to dynamiczny sklep z grami cyfrowymi, stworzony z my\u015bl\u0105 o entuzjastach gier wideo. Nasza strona oferuje szerok\u0105 gam\u0119 gier komputerowych, w tym najnowsze tytu\u0142y, dobrze znane klasyki oraz gry stworzone przez niezale\u017cne studia Ca\u0142y czas d\u0105\u017cymy do rozszerzenia naszej oferty. Do\u0142\u0105cz do nas i sta\u0144 si\u0119 cz\u0119\u015bci\u0105 naszej rosn\u0105cej spo\u0142eczno\u015bci graczy!\",\"email\":\"shop@prismagamers.com\",\"telephone\":\"48795541705\",\"legalName\":\"East Caravan Maksym \u017bukow\",\"foundingDate\":\"2012-05-10\",\"vatID\":\"PL8943038612\",\"taxID\":\"PL8943038612\",\"numberOfEmployees\":{\"@type\":\"QuantitativeValue\",\"minValue\":\"11\",\"maxValue\":\"50\"}}]}<\/script>\n<!-- \/ Yoast SEO Premium plugin. -->","yoast_head_json":{"title":"Ary and the Secret of Seasons - Prismagamers.com","description":"Vedd \u00e1t az \u00e9vszakok ir\u00e1ny\u00edt\u00e1s\u00e1t, \u00e9s haszn\u00e1ld \u0151ket rejtv\u00e9nyek megold\u00e1s\u00e1ra, ellens\u00e9gek legy\u0151z\u00e9s\u00e9re, valamint Valdi gy\u00f6ny\u00f6r\u0171 vil\u00e1g\u00e1nak felfedez\u00e9s\u00e9re ebben a d\u00edjnyertes indie kalandj\u00e1t\u00e9kban.  Global Steam Digit\u00e1lis kulcs","robots":{"index":"index","follow":"follow","max-snippet":"max-snippet:-1","max-image-preview":"max-image-preview:large","max-video-preview":"max-video-preview:-1"},"canonical":"https:\/\/prismagamers.com\/hu\/produkt\/ary-and-the-secret-of-seasons\/","og_locale":"hu_HU","og_type":"article","og_title":"Ary and the Secret of Seasons","og_description":"Vedd \u00e1t az \u00e9vszakok ir\u00e1ny\u00edt\u00e1s\u00e1t, \u00e9s haszn\u00e1ld \u0151ket rejtv\u00e9nyek megold\u00e1s\u00e1ra, ellens\u00e9gek legy\u0151z\u00e9s\u00e9re, valamint Valdi gy\u00f6ny\u00f6r\u0171 vil\u00e1g\u00e1nak felfedez\u00e9s\u00e9re ebben a d\u00edjnyertes indie kalandj\u00e1t\u00e9kban.  Global Steam Digit\u00e1lis kulcs","og_url":"https:\/\/prismagamers.com\/hu\/produkt\/ary-and-the-secret-of-seasons\/","og_site_name":"Prismagamers.com","article_publisher":"https:\/\/www.facebook.com\/prismagamers","og_image":[{"width":600,"height":900,"url":"https:\/\/prismagamers.com\/wp-content\/uploads\/2023\/06\/boxshot.jpg","type":"image\/jpeg"}],"twitter_card":"summary_large_image","twitter_misc":{"Becs\u00fclt olvas\u00e1si id\u0151":"1 perc"},"schema":{"@context":"https:\/\/schema.org","@graph":[{"@type":"WebPage","@id":"https:\/\/prismagamers.com\/hu\/produkt\/ary-and-the-secret-of-seasons\/","url":"https:\/\/prismagamers.com\/hu\/produkt\/ary-and-the-secret-of-seasons\/","name":"Ary and the Secret of Seasons - Prismagamers.com","isPartOf":{"@id":"https:\/\/prismagamers.com\/hu\/#website"},"primaryImageOfPage":{"@id":"https:\/\/prismagamers.com\/hu\/produkt\/ary-and-the-secret-of-seasons\/#primaryimage"},"image":{"@id":"https:\/\/prismagamers.com\/hu\/produkt\/ary-and-the-secret-of-seasons\/#primaryimage"},"thumbnailUrl":"https:\/\/prismagamers.com\/wp-content\/uploads\/2023\/06\/boxshot.jpg","datePublished":"2023-06-08T16:52:34+00:00","description":"Vedd \u00e1t az \u00e9vszakok ir\u00e1ny\u00edt\u00e1s\u00e1t, \u00e9s haszn\u00e1ld \u0151ket rejtv\u00e9nyek megold\u00e1s\u00e1ra, ellens\u00e9gek legy\u0151z\u00e9s\u00e9re, valamint Valdi gy\u00f6ny\u00f6r\u0171 vil\u00e1g\u00e1nak felfedez\u00e9s\u00e9re ebben a d\u00edjnyertes indie kalandj\u00e1t\u00e9kban. Global Steam Digit\u00e1lis kulcs","breadcrumb":{"@id":"https:\/\/prismagamers.com\/hu\/produkt\/ary-and-the-secret-of-seasons\/#breadcrumb"},"inLanguage":"hu","potentialAction":[{"@type":"ReadAction","target":["https:\/\/prismagamers.com\/hu\/produkt\/ary-and-the-secret-of-seasons\/"]}]},{"@type":"ImageObject","inLanguage":"hu","@id":"https:\/\/prismagamers.com\/hu\/produkt\/ary-and-the-secret-of-seasons\/#primaryimage","url":"https:\/\/prismagamers.com\/wp-content\/uploads\/2023\/06\/boxshot.jpg","contentUrl":"https:\/\/prismagamers.com\/wp-content\/uploads\/2023\/06\/boxshot.jpg","width":600,"height":900},{"@type":"BreadcrumbList","@id":"https:\/\/prismagamers.com\/hu\/produkt\/ary-and-the-secret-of-seasons\/#breadcrumb","itemListElement":[{"@type":"ListItem","position":1,"name":"Strona g\u0142\u00f3wna","item":"https:\/\/prismagamers.com\/hu\/prismagamers\/"},{"@type":"ListItem","position":2,"name":"Shop","item":"https:\/\/prismagamers.com\/hu\/shop\/"},{"@type":"ListItem","position":3,"name":"Ary and the Secret of Seasons"}]},{"@type":"WebSite","@id":"https:\/\/prismagamers.com\/hu\/#website","url":"https:\/\/prismagamers.com\/hu\/","name":"Prismagamers","description":"Sklep z grami PC I Sklep klucze Steam","publisher":{"@id":"https:\/\/prismagamers.com\/hu\/#organization"},"potentialAction":[{"@type":"SearchAction","target":{"@type":"EntryPoint","urlTemplate":"https:\/\/prismagamers.com\/hu\/?s={search_term_string}"},"query-input":{"@type":"PropertyValueSpecification","valueRequired":true,"valueName":"search_term_string"}}],"inLanguage":"hu"},{"@type":"Organization","@id":"https:\/\/prismagamers.com\/hu\/#organization","name":"Prismagamers","url":"https:\/\/prismagamers.com\/hu\/","logo":{"@type":"ImageObject","inLanguage":"hu","@id":"https:\/\/prismagamers.com\/hu\/#\/schema\/logo\/image\/","url":"https:\/\/prismagamers.com\/wp-content\/uploads\/2022\/04\/cropped-logo-Prismagamers-01-scaled-1.jpg","contentUrl":"https:\/\/prismagamers.com\/wp-content\/uploads\/2022\/04\/cropped-logo-Prismagamers-01-scaled-1.jpg","width":512,"height":512,"caption":"Prismagamers"},"image":{"@id":"https:\/\/prismagamers.com\/hu\/#\/schema\/logo\/image\/"},"sameAs":["https:\/\/www.facebook.com\/prismagamers","https:\/\/www.instagram.com\/prismagamers_grycyfrowe\/"],"description":"Prismagamers.com to dynamiczny sklep z grami cyfrowymi, stworzony z my\u015bl\u0105 o entuzjastach gier wideo. Nasza strona oferuje szerok\u0105 gam\u0119 gier komputerowych, w tym najnowsze tytu\u0142y, dobrze znane klasyki oraz gry stworzone przez niezale\u017cne studia Ca\u0142y czas d\u0105\u017cymy do rozszerzenia naszej oferty. Do\u0142\u0105cz do nas i sta\u0144 si\u0119 cz\u0119\u015bci\u0105 naszej rosn\u0105cej spo\u0142eczno\u015bci graczy!","email":"shop@prismagamers.com","telephone":"48795541705","legalName":"East Caravan Maksym \u017bukow","foundingDate":"2012-05-10","vatID":"PL8943038612","taxID":"PL8943038612","numberOfEmployees":{"@type":"QuantitativeValue","minValue":"11","maxValue":"50"}}]}},"_links":{"self":[{"href":"https:\/\/prismagamers.com\/hu\/wp-json\/wp\/v2\/product\/42532","targetHints":{"allow":["GET"]}}],"collection":[{"href":"https:\/\/prismagamers.com\/hu\/wp-json\/wp\/v2\/product"}],"about":[{"href":"https:\/\/prismagamers.com\/hu\/wp-json\/wp\/v2\/types\/product"}],"wp:featuredmedia":[{"embeddable":true,"href":"https:\/\/prismagamers.com\/hu\/wp-json\/wp\/v2\/media\/25472"}],"wp:attachment":[{"href":"https:\/\/prismagamers.com\/hu\/wp-json\/wp\/v2\/media?parent=42532"}],"wp:term":[{"taxonomy":"product_brand","embeddable":true,"href":"https:\/\/prismagamers.com\/hu\/wp-json\/wp\/v2\/product_brand?post=42532"},{"taxonomy":"product_cat","embeddable":true,"href":"https:\/\/prismagamers.com\/hu\/wp-json\/wp\/v2\/product_cat?post=42532"},{"taxonomy":"product_tag","embeddable":true,"href":"https:\/\/prismagamers.com\/hu\/wp-json\/wp\/v2\/product_tag?post=42532"}],"curies":[{"name":"wp","href":"https:\/\/api.w.org\/{rel}","templated":true}]}}