{"id":42678,"date":"2023-06-13T22:34:02","date_gmt":"2023-06-13T20:34:02","guid":{"rendered":"https:\/\/prismagamers.com\/produkt\/one-lonely-outpost-early-access\/"},"modified":"2023-06-13T22:34:02","modified_gmt":"2023-06-13T20:34:02","slug":"one-lonely-outpost-early-access","status":"publish","type":"product","link":"https:\/\/prismagamers.com\/hu\/produkt\/one-lonely-outpost-early-access\/","title":{"rendered":"One Lonely Outpost Early Access"},"content":{"rendered":"<p>A CountryBalls Heroes egy olyan j\u00e1t\u00e9k, ahol j\u00e1tszhatsz a kedvenc countryballoddal. V\u00e1lj legend\u00e1v\u00e1 \u00e9s bizony\u00edtsd be, hogy m\u00e9lt\u00f3 vagy arra, hogy hatalmas seregeket vezess.<br \/>\nA vil\u00e1g, a vodka \u00e9s a m\u00e9mek sorsa a te kezedben van, csak a legnagyobb strat\u00e9g\u00e1k lesznek k\u00e9pesek szembesz\u00e1llni a nagy gonosszal. Minden\u00e1ron biztos\u00edtani kell a vodkak\u00e9szletet.<br \/>\nUralkodj a saj\u00e1tjaidon az intenz\u00edv, fordul\u00f3alap\u00fa csat\u00e1roz\u00e1sokban.<br \/>\n\u00c1ll\u00edtsd \u00f6ssze a seregedet, \u00e9p\u00edts hatalmas v\u00e1rosokat, fejleszd h\u0151seidet, gy\u0171jts hatalmas erekly\u00e9ket \u00e9s bizony\u00edtsd be, hogy a te orsz\u00e1ggoly\u00f3id a leghatalmasabbak.  <\/p>\n<h2 class=\"bb_tag\">K\u00e9sz\u00edtsd el a hadsereged!<\/h2>\n<p>Fejleszd a b\u00e1zisodat, toborozz egyedi Countryballa egys\u00e9geket, \u00e9s vezesd \u0151ket a gy\u0151zelemre. Minden egys\u00e9gnek saj\u00e1t, egyedi k\u00e9pess\u00e9gei vannak, amelyek lehet\u0151v\u00e9 teszik, hogy a v\u00e1lasztott taktik\u00e1nak megfelel\u0151en alak\u00edtsd ki a hadseregedet. A v\u00edzvezet\u00e9k-szerel\u0151, a husz\u00e1r, a pap, a cloche, a cowboy, a tipikus brit&#8230;. ez csak a kezdet. N\u00e9zd meg, h\u00e1nyf\u00e9le egys\u00e9g v\u00e1r r\u00e1d a j\u00e1t\u00e9k vil\u00e1g\u00e1ban!   <\/p>\n<h2 class=\"bb_tag\">Vedd \u00e1t a hadsereged ir\u00e1ny\u00edt\u00e1s\u00e1t!<\/h2>\n<p>Vezesd Countryballa seregedet a csatat\u00e9ren. Ne agg\u00f3dj, nem leszel egyed\u00fcl ebben a feladatban. Toborozz hatalmas h\u0151s\u00f6ket, akik a strat\u00e9gi\u00e1dt\u00f3l f\u00fcgg\u0151en ir\u00e1ny\u00edtj\u00e1k a seregeidet. Haszn\u00e1lj annyi vodk\u00e1t, amennyit csak sz\u00fcks\u00e9ges, hogy sz\u00e9tz\u00fazd ellenfeleidet. Megvan benned, ami ahhoz kell, hogy megnyerd ezt a h\u00e1bor\u00fat?    <\/p>\n<h2 class=\"bb_tag\">Haszn\u00e1lja a sztereot\u00edpi\u00e1kat el\u0151ny\u00e9re!<\/h2>\n<p>Tapasztald meg, hogyan m\u0171k\u00f6dnek a k\u00fcl\u00f6nb\u00f6z\u0151 m\u00e9mek a csatat\u00e9ren. F\u00e9ktelen, \u0151rj\u00f6ng\u0151, kisz\u00e1m\u00edthatatlan &#8211; abban a pillanatban, amikor haszn\u00e1lod \u0151ket, soha nem fogod kit\u00f6r\u00f6lni az \u00e9lm\u00e9nyt az eml\u00e9kezetedb\u0151l. N\u00e9zd meg, melyik j\u00e1t\u00e9kst\u00edlus illik hozz\u00e1d a legjobban.  <\/p>\n<h2 class=\"bb_tag\">A j\u00e1t\u00e9k f\u0151bb jellemz\u0151i:<\/h2>\n<ul class=\"bb_ul\">\n<li>7 j\u00e1tszhat\u00f3 Countryball frakci\u00f3.<\/li>\n<li>T\u00f6bb mint 90 egyedi egys\u00e9g.<\/li>\n<li>M\u00e9mek akci\u00f3ban!<\/li>\n<li>K\u00fcl\u00f6nlegesen el\u0151k\u00e9sz\u00edtett kamp\u00e1ny, a legikonikusabb m\u00e9mek alapj\u00e1n (Lengyelorsz\u00e1g nem juthat be az \u0171rbe?! Kell egy fal!)<\/li>\n<li>T\u00f6bb tucatnyi er\u0151s m\u00e1gikus m\u00e9m \u00e9s sztereot\u00edpia felfedez\u00e9se!<\/li>\n<li>T\u00f6bb tucat egyedi lelet, haszn\u00e1ld \u0151ket saj\u00e1t felel\u0151ss\u00e9gedre!<\/li>\n<li>Sok ikonikus h\u0151s \u00e9s ellens\u00e9g a Countryballa univerzumb\u00f3l.<\/li>\n<li>T\u00f6bb mint 12 egyedi, j\u00e1tszhat\u00f3 karakter.<\/li>\n<li>Fordul\u00f3alap\u00fa harcrendszer az izgalmas, strat\u00e9giai csat\u00e1khoz.<\/li>\n<\/ul>\n","protected":false},"excerpt":{"rendered":"<p>A CountryBalls Heroes egy olyan j\u00e1t\u00e9k, amelyben a kedvenc Countryball-frakci\u00f3d szerep\u00e9t veszed fel. Vezesd a hatalmas Countryball seregeket \u00e9s h\u00f3d\u00edtsd meg a vil\u00e1got. Hozz l\u00e9tre hadsereget, \u00e9p\u00edts v\u00e1rosokat, urald a t\u00e9rk\u00e9pet, gy\u0171jts hatalmas erekly\u00e9ket \u00e9s bizony\u00edtsd be, hogy a Countryballjaid a leger\u0151sebbek.  <\/p>\n<p><img decoding=\"async\" class=\"emoji\" role=\"img\" draggable=\"false\" src=\"https:\/\/s.w.org\/images\/core\/emoji\/14.0.0\/svg\/1f30d.svg\" alt=\"\ud83c\udf0d\">  Glob\u00e1lis<br \/>\n<img decoding=\"async\" class=\"emoji\" role=\"img\" draggable=\"false\" src=\"https:\/\/s.w.org\/images\/core\/emoji\/14.0.0\/svg\/2699.svg\" alt=\"\u2699\ufe0f\">  G\u0151z<br \/>\n<img decoding=\"async\" class=\"emoji\" role=\"img\" draggable=\"false\" src=\"https:\/\/s.w.org\/images\/core\/emoji\/14.0.0\/svg\/1f5dd.svg\" alt=\"\ud83d\udddd\">  Digit\u00e1lis kulcs<\/p>\n","protected":false},"featured_media":25586,"template":"","meta":{"_acf_changed":false,"site-sidebar-layout":"default","site-content-layout":"default","ast-site-content-layout":"default","site-content-style":"default","site-sidebar-style":"default","ast-global-header-display":"","ast-banner-title-visibility":"","ast-main-header-display":"","ast-hfb-above-header-display":"","ast-hfb-below-header-display":"","ast-hfb-mobile-header-display":"","site-post-title":"","ast-breadcrumbs-content":"","ast-featured-img":"","footer-sml-layout":"","ast-disable-related-posts":"","theme-transparent-header-meta":"default","adv-header-id-meta":"","stick-header-meta":"","header-above-stick-meta":"","header-main-stick-meta":"","header-below-stick-meta":"","astra-migrate-meta-layouts":"default","ast-page-background-enabled":"default","ast-page-background-meta":{"desktop":{"background-color":"var(--ast-global-color-4)","background-image":"","background-repeat":"repeat","background-position":"center center","background-size":"auto","background-attachment":"scroll","background-type":"","background-media":"","overlay-type":"","overlay-color":"","overlay-opacity":"","overlay-gradient":""},"tablet":{"background-color":"","background-image":"","background-repeat":"repeat","background-position":"center center","background-size":"auto","background-attachment":"scroll","background-type":"","background-media":"","overlay-type":"","overlay-color":"","overlay-opacity":"","overlay-gradient":""},"mobile":{"background-color":"","background-image":"","background-repeat":"repeat","background-position":"center center","background-size":"auto","background-attachment":"scroll","background-type":"","background-media":"","overlay-type":"","overlay-color":"","overlay-opacity":"","overlay-gradient":""}},"ast-content-background-meta":{"desktop":{"background-color":"var(--ast-global-color-5)","background-image":"","background-repeat":"repeat","background-position":"center center","background-size":"auto","background-attachment":"scroll","background-type":"","background-media":"","overlay-type":"","overlay-color":"","overlay-opacity":"","overlay-gradient":""},"tablet":{"background-color":"var(--ast-global-color-5)","background-image":"","background-repeat":"repeat","background-position":"center center","background-size":"auto","background-attachment":"scroll","background-type":"","background-media":"","overlay-type":"","overlay-color":"","overlay-opacity":"","overlay-gradient":""},"mobile":{"background-color":"var(--ast-global-color-5)","background-image":"","background-repeat":"repeat","background-position":"center center","background-size":"auto","background-attachment":"scroll","background-type":"","background-media":"","overlay-type":"","overlay-color":"","overlay-opacity":"","overlay-gradient":""}}},"product_brand":[],"product_cat":[394,365,378,367,386],"product_tag":[],"class_list":{"0":"post-42678","1":"product","2":"type-product","3":"status-publish","4":"has-post-thumbnail","6":"product_cat-digitalis-jatekok","7":"product_cat-goz","8":"product_cat-minden-digitalis-jatek","9":"product_cat-pc-jatekok","10":"product_cat-strategiai-jatekok","11":"desktop-align-left","12":"tablet-align-left","13":"mobile-align-left","15":"first","16":"instock","17":"shipping-taxable","18":"purchasable","19":"product-type-simple"},"acf":[],"yoast_head":"<!-- This site is optimized with the Yoast SEO Premium plugin v27.4 (Yoast SEO v27.4) - https:\/\/yoast.com\/product\/yoast-seo-premium-wordpress\/ -->\n<title>One Lonely Outpost Early Access - Prismagamers.com<\/title>\n<meta name=\"description\" content=\"A CountryBalls Heroes egy olyan j\u00e1t\u00e9k, amelyben a kedvenc Countryball-frakci\u00f3d szerep\u00e9t veszed fel. Vezesd a hatalmas Countryball seregeket \u00e9s h\u00f3d\u00edtsd meg a vil\u00e1got. Hozz l\u00e9tre hadsereget, \u00e9p\u00edts v\u00e1rosokat, urald a t\u00e9rk\u00e9pet, gy\u0171jts hatalmas erekly\u00e9ket \u00e9s bizony\u00edtsd be, hogy a Countryballjaid a leger\u0151sebbek.   Glob\u00e1lis  G\u0151z  Digit\u00e1lis kulcs\" \/>\n<meta name=\"robots\" content=\"index, follow, max-snippet:-1, max-image-preview:large, max-video-preview:-1\" \/>\n<link rel=\"canonical\" href=\"https:\/\/prismagamers.com\/hu\/produkt\/one-lonely-outpost-early-access\/\" \/>\n<meta property=\"og:locale\" content=\"hu_HU\" \/>\n<meta property=\"og:type\" content=\"article\" \/>\n<meta property=\"og:title\" content=\"One Lonely Outpost Early Access\" \/>\n<meta property=\"og:description\" content=\"A CountryBalls Heroes egy olyan j\u00e1t\u00e9k, amelyben a kedvenc Countryball-frakci\u00f3d szerep\u00e9t veszed fel. Vezesd a hatalmas Countryball seregeket \u00e9s h\u00f3d\u00edtsd meg a vil\u00e1got. Hozz l\u00e9tre hadsereget, \u00e9p\u00edts v\u00e1rosokat, urald a t\u00e9rk\u00e9pet, gy\u0171jts hatalmas erekly\u00e9ket \u00e9s bizony\u00edtsd be, hogy a Countryballjaid a leger\u0151sebbek.   Glob\u00e1lis  G\u0151z  Digit\u00e1lis kulcs\" \/>\n<meta property=\"og:url\" content=\"https:\/\/prismagamers.com\/hu\/produkt\/one-lonely-outpost-early-access\/\" \/>\n<meta property=\"og:site_name\" content=\"Prismagamers.com\" \/>\n<meta property=\"article:publisher\" content=\"https:\/\/www.facebook.com\/prismagamers\" \/>\n<meta property=\"og:image\" content=\"https:\/\/prismagamers.com\/wp-content\/uploads\/2023\/06\/library_600x900_2x-10.jpg\" \/>\n\t<meta property=\"og:image:width\" content=\"600\" \/>\n\t<meta property=\"og:image:height\" content=\"900\" \/>\n\t<meta property=\"og:image:type\" content=\"image\/jpeg\" \/>\n<meta name=\"twitter:card\" content=\"summary_large_image\" \/>\n<meta name=\"twitter:label1\" content=\"Becs\u00fclt olvas\u00e1si id\u0151\" \/>\n\t<meta name=\"twitter:data1\" content=\"2 perc\" \/>\n<script type=\"application\/ld+json\" class=\"yoast-schema-graph\">{\"@context\":\"https:\\\/\\\/schema.org\",\"@graph\":[{\"@type\":\"WebPage\",\"@id\":\"https:\\\/\\\/prismagamers.com\\\/hu\\\/produkt\\\/one-lonely-outpost-early-access\\\/\",\"url\":\"https:\\\/\\\/prismagamers.com\\\/hu\\\/produkt\\\/one-lonely-outpost-early-access\\\/\",\"name\":\"One Lonely Outpost Early Access - Prismagamers.com\",\"isPartOf\":{\"@id\":\"https:\\\/\\\/prismagamers.com\\\/hu\\\/#website\"},\"primaryImageOfPage\":{\"@id\":\"https:\\\/\\\/prismagamers.com\\\/hu\\\/produkt\\\/one-lonely-outpost-early-access\\\/#primaryimage\"},\"image\":{\"@id\":\"https:\\\/\\\/prismagamers.com\\\/hu\\\/produkt\\\/one-lonely-outpost-early-access\\\/#primaryimage\"},\"thumbnailUrl\":\"https:\\\/\\\/prismagamers.com\\\/wp-content\\\/uploads\\\/2023\\\/06\\\/library_600x900_2x-10.jpg\",\"datePublished\":\"2023-06-13T20:34:02+00:00\",\"description\":\"A CountryBalls Heroes egy olyan j\u00e1t\u00e9k, amelyben a kedvenc Countryball-frakci\u00f3d szerep\u00e9t veszed fel. Vezesd a hatalmas Countryball seregeket \u00e9s h\u00f3d\u00edtsd meg a vil\u00e1got. Hozz l\u00e9tre hadsereget, \u00e9p\u00edts v\u00e1rosokat, urald a t\u00e9rk\u00e9pet, gy\u0171jts hatalmas erekly\u00e9ket \u00e9s bizony\u00edtsd be, hogy a Countryballjaid a leger\u0151sebbek. Glob\u00e1lis G\u0151z Digit\u00e1lis kulcs\",\"breadcrumb\":{\"@id\":\"https:\\\/\\\/prismagamers.com\\\/hu\\\/produkt\\\/one-lonely-outpost-early-access\\\/#breadcrumb\"},\"inLanguage\":\"hu\",\"potentialAction\":[{\"@type\":\"ReadAction\",\"target\":[\"https:\\\/\\\/prismagamers.com\\\/hu\\\/produkt\\\/one-lonely-outpost-early-access\\\/\"]}]},{\"@type\":\"ImageObject\",\"inLanguage\":\"hu\",\"@id\":\"https:\\\/\\\/prismagamers.com\\\/hu\\\/produkt\\\/one-lonely-outpost-early-access\\\/#primaryimage\",\"url\":\"https:\\\/\\\/prismagamers.com\\\/wp-content\\\/uploads\\\/2023\\\/06\\\/library_600x900_2x-10.jpg\",\"contentUrl\":\"https:\\\/\\\/prismagamers.com\\\/wp-content\\\/uploads\\\/2023\\\/06\\\/library_600x900_2x-10.jpg\",\"width\":600,\"height\":900},{\"@type\":\"BreadcrumbList\",\"@id\":\"https:\\\/\\\/prismagamers.com\\\/hu\\\/produkt\\\/one-lonely-outpost-early-access\\\/#breadcrumb\",\"itemListElement\":[{\"@type\":\"ListItem\",\"position\":1,\"name\":\"Strona g\u0142\u00f3wna\",\"item\":\"https:\\\/\\\/prismagamers.com\\\/hu\\\/prismagamers\\\/\"},{\"@type\":\"ListItem\",\"position\":2,\"name\":\"Shop\",\"item\":\"https:\\\/\\\/prismagamers.com\\\/hu\\\/shop\\\/\"},{\"@type\":\"ListItem\",\"position\":3,\"name\":\"One Lonely Outpost Early Access\"}]},{\"@type\":\"WebSite\",\"@id\":\"https:\\\/\\\/prismagamers.com\\\/hu\\\/#website\",\"url\":\"https:\\\/\\\/prismagamers.com\\\/hu\\\/\",\"name\":\"Prismagamers\",\"description\":\"Sklep z grami PC I Sklep klucze Steam\",\"publisher\":{\"@id\":\"https:\\\/\\\/prismagamers.com\\\/hu\\\/#organization\"},\"potentialAction\":[{\"@type\":\"SearchAction\",\"target\":{\"@type\":\"EntryPoint\",\"urlTemplate\":\"https:\\\/\\\/prismagamers.com\\\/hu\\\/?s={search_term_string}\"},\"query-input\":{\"@type\":\"PropertyValueSpecification\",\"valueRequired\":true,\"valueName\":\"search_term_string\"}}],\"inLanguage\":\"hu\"},{\"@type\":\"Organization\",\"@id\":\"https:\\\/\\\/prismagamers.com\\\/hu\\\/#organization\",\"name\":\"Prismagamers\",\"url\":\"https:\\\/\\\/prismagamers.com\\\/hu\\\/\",\"logo\":{\"@type\":\"ImageObject\",\"inLanguage\":\"hu\",\"@id\":\"https:\\\/\\\/prismagamers.com\\\/hu\\\/#\\\/schema\\\/logo\\\/image\\\/\",\"url\":\"https:\\\/\\\/prismagamers.com\\\/wp-content\\\/uploads\\\/2022\\\/04\\\/cropped-logo-Prismagamers-01-scaled-1.jpg\",\"contentUrl\":\"https:\\\/\\\/prismagamers.com\\\/wp-content\\\/uploads\\\/2022\\\/04\\\/cropped-logo-Prismagamers-01-scaled-1.jpg\",\"width\":512,\"height\":512,\"caption\":\"Prismagamers\"},\"image\":{\"@id\":\"https:\\\/\\\/prismagamers.com\\\/hu\\\/#\\\/schema\\\/logo\\\/image\\\/\"},\"sameAs\":[\"https:\\\/\\\/www.facebook.com\\\/prismagamers\",\"https:\\\/\\\/www.instagram.com\\\/prismagamers_grycyfrowe\\\/\"],\"description\":\"Prismagamers.com to dynamiczny sklep z grami cyfrowymi, stworzony z my\u015bl\u0105 o entuzjastach gier wideo. Nasza strona oferuje szerok\u0105 gam\u0119 gier komputerowych, w tym najnowsze tytu\u0142y, dobrze znane klasyki oraz gry stworzone przez niezale\u017cne studia Ca\u0142y czas d\u0105\u017cymy do rozszerzenia naszej oferty. Do\u0142\u0105cz do nas i sta\u0144 si\u0119 cz\u0119\u015bci\u0105 naszej rosn\u0105cej spo\u0142eczno\u015bci graczy!\",\"email\":\"shop@prismagamers.com\",\"telephone\":\"48795541705\",\"legalName\":\"East Caravan Maksym \u017bukow\",\"foundingDate\":\"2012-05-10\",\"vatID\":\"PL8943038612\",\"taxID\":\"PL8943038612\",\"numberOfEmployees\":{\"@type\":\"QuantitativeValue\",\"minValue\":\"11\",\"maxValue\":\"50\"}}]}<\/script>\n<!-- \/ Yoast SEO Premium plugin. -->","yoast_head_json":{"title":"One Lonely Outpost Early Access - Prismagamers.com","description":"A CountryBalls Heroes egy olyan j\u00e1t\u00e9k, amelyben a kedvenc Countryball-frakci\u00f3d szerep\u00e9t veszed fel. Vezesd a hatalmas Countryball seregeket \u00e9s h\u00f3d\u00edtsd meg a vil\u00e1got. Hozz l\u00e9tre hadsereget, \u00e9p\u00edts v\u00e1rosokat, urald a t\u00e9rk\u00e9pet, gy\u0171jts hatalmas erekly\u00e9ket \u00e9s bizony\u00edtsd be, hogy a Countryballjaid a leger\u0151sebbek.   Glob\u00e1lis  G\u0151z  Digit\u00e1lis kulcs","robots":{"index":"index","follow":"follow","max-snippet":"max-snippet:-1","max-image-preview":"max-image-preview:large","max-video-preview":"max-video-preview:-1"},"canonical":"https:\/\/prismagamers.com\/hu\/produkt\/one-lonely-outpost-early-access\/","og_locale":"hu_HU","og_type":"article","og_title":"One Lonely Outpost Early Access","og_description":"A CountryBalls Heroes egy olyan j\u00e1t\u00e9k, amelyben a kedvenc Countryball-frakci\u00f3d szerep\u00e9t veszed fel. Vezesd a hatalmas Countryball seregeket \u00e9s h\u00f3d\u00edtsd meg a vil\u00e1got. Hozz l\u00e9tre hadsereget, \u00e9p\u00edts v\u00e1rosokat, urald a t\u00e9rk\u00e9pet, gy\u0171jts hatalmas erekly\u00e9ket \u00e9s bizony\u00edtsd be, hogy a Countryballjaid a leger\u0151sebbek.   Glob\u00e1lis  G\u0151z  Digit\u00e1lis kulcs","og_url":"https:\/\/prismagamers.com\/hu\/produkt\/one-lonely-outpost-early-access\/","og_site_name":"Prismagamers.com","article_publisher":"https:\/\/www.facebook.com\/prismagamers","og_image":[{"width":600,"height":900,"url":"https:\/\/prismagamers.com\/wp-content\/uploads\/2023\/06\/library_600x900_2x-10.jpg","type":"image\/jpeg"}],"twitter_card":"summary_large_image","twitter_misc":{"Becs\u00fclt olvas\u00e1si id\u0151":"2 perc"},"schema":{"@context":"https:\/\/schema.org","@graph":[{"@type":"WebPage","@id":"https:\/\/prismagamers.com\/hu\/produkt\/one-lonely-outpost-early-access\/","url":"https:\/\/prismagamers.com\/hu\/produkt\/one-lonely-outpost-early-access\/","name":"One Lonely Outpost Early Access - Prismagamers.com","isPartOf":{"@id":"https:\/\/prismagamers.com\/hu\/#website"},"primaryImageOfPage":{"@id":"https:\/\/prismagamers.com\/hu\/produkt\/one-lonely-outpost-early-access\/#primaryimage"},"image":{"@id":"https:\/\/prismagamers.com\/hu\/produkt\/one-lonely-outpost-early-access\/#primaryimage"},"thumbnailUrl":"https:\/\/prismagamers.com\/wp-content\/uploads\/2023\/06\/library_600x900_2x-10.jpg","datePublished":"2023-06-13T20:34:02+00:00","description":"A CountryBalls Heroes egy olyan j\u00e1t\u00e9k, amelyben a kedvenc Countryball-frakci\u00f3d szerep\u00e9t veszed fel. Vezesd a hatalmas Countryball seregeket \u00e9s h\u00f3d\u00edtsd meg a vil\u00e1got. Hozz l\u00e9tre hadsereget, \u00e9p\u00edts v\u00e1rosokat, urald a t\u00e9rk\u00e9pet, gy\u0171jts hatalmas erekly\u00e9ket \u00e9s bizony\u00edtsd be, hogy a Countryballjaid a leger\u0151sebbek. Glob\u00e1lis G\u0151z Digit\u00e1lis kulcs","breadcrumb":{"@id":"https:\/\/prismagamers.com\/hu\/produkt\/one-lonely-outpost-early-access\/#breadcrumb"},"inLanguage":"hu","potentialAction":[{"@type":"ReadAction","target":["https:\/\/prismagamers.com\/hu\/produkt\/one-lonely-outpost-early-access\/"]}]},{"@type":"ImageObject","inLanguage":"hu","@id":"https:\/\/prismagamers.com\/hu\/produkt\/one-lonely-outpost-early-access\/#primaryimage","url":"https:\/\/prismagamers.com\/wp-content\/uploads\/2023\/06\/library_600x900_2x-10.jpg","contentUrl":"https:\/\/prismagamers.com\/wp-content\/uploads\/2023\/06\/library_600x900_2x-10.jpg","width":600,"height":900},{"@type":"BreadcrumbList","@id":"https:\/\/prismagamers.com\/hu\/produkt\/one-lonely-outpost-early-access\/#breadcrumb","itemListElement":[{"@type":"ListItem","position":1,"name":"Strona g\u0142\u00f3wna","item":"https:\/\/prismagamers.com\/hu\/prismagamers\/"},{"@type":"ListItem","position":2,"name":"Shop","item":"https:\/\/prismagamers.com\/hu\/shop\/"},{"@type":"ListItem","position":3,"name":"One Lonely Outpost Early Access"}]},{"@type":"WebSite","@id":"https:\/\/prismagamers.com\/hu\/#website","url":"https:\/\/prismagamers.com\/hu\/","name":"Prismagamers","description":"Sklep z grami PC I Sklep klucze Steam","publisher":{"@id":"https:\/\/prismagamers.com\/hu\/#organization"},"potentialAction":[{"@type":"SearchAction","target":{"@type":"EntryPoint","urlTemplate":"https:\/\/prismagamers.com\/hu\/?s={search_term_string}"},"query-input":{"@type":"PropertyValueSpecification","valueRequired":true,"valueName":"search_term_string"}}],"inLanguage":"hu"},{"@type":"Organization","@id":"https:\/\/prismagamers.com\/hu\/#organization","name":"Prismagamers","url":"https:\/\/prismagamers.com\/hu\/","logo":{"@type":"ImageObject","inLanguage":"hu","@id":"https:\/\/prismagamers.com\/hu\/#\/schema\/logo\/image\/","url":"https:\/\/prismagamers.com\/wp-content\/uploads\/2022\/04\/cropped-logo-Prismagamers-01-scaled-1.jpg","contentUrl":"https:\/\/prismagamers.com\/wp-content\/uploads\/2022\/04\/cropped-logo-Prismagamers-01-scaled-1.jpg","width":512,"height":512,"caption":"Prismagamers"},"image":{"@id":"https:\/\/prismagamers.com\/hu\/#\/schema\/logo\/image\/"},"sameAs":["https:\/\/www.facebook.com\/prismagamers","https:\/\/www.instagram.com\/prismagamers_grycyfrowe\/"],"description":"Prismagamers.com to dynamiczny sklep z grami cyfrowymi, stworzony z my\u015bl\u0105 o entuzjastach gier wideo. Nasza strona oferuje szerok\u0105 gam\u0119 gier komputerowych, w tym najnowsze tytu\u0142y, dobrze znane klasyki oraz gry stworzone przez niezale\u017cne studia Ca\u0142y czas d\u0105\u017cymy do rozszerzenia naszej oferty. Do\u0142\u0105cz do nas i sta\u0144 si\u0119 cz\u0119\u015bci\u0105 naszej rosn\u0105cej spo\u0142eczno\u015bci graczy!","email":"shop@prismagamers.com","telephone":"48795541705","legalName":"East Caravan Maksym \u017bukow","foundingDate":"2012-05-10","vatID":"PL8943038612","taxID":"PL8943038612","numberOfEmployees":{"@type":"QuantitativeValue","minValue":"11","maxValue":"50"}}]}},"_links":{"self":[{"href":"https:\/\/prismagamers.com\/hu\/wp-json\/wp\/v2\/product\/42678","targetHints":{"allow":["GET"]}}],"collection":[{"href":"https:\/\/prismagamers.com\/hu\/wp-json\/wp\/v2\/product"}],"about":[{"href":"https:\/\/prismagamers.com\/hu\/wp-json\/wp\/v2\/types\/product"}],"wp:featuredmedia":[{"embeddable":true,"href":"https:\/\/prismagamers.com\/hu\/wp-json\/wp\/v2\/media\/25586"}],"wp:attachment":[{"href":"https:\/\/prismagamers.com\/hu\/wp-json\/wp\/v2\/media?parent=42678"}],"wp:term":[{"taxonomy":"product_brand","embeddable":true,"href":"https:\/\/prismagamers.com\/hu\/wp-json\/wp\/v2\/product_brand?post=42678"},{"taxonomy":"product_cat","embeddable":true,"href":"https:\/\/prismagamers.com\/hu\/wp-json\/wp\/v2\/product_cat?post=42678"},{"taxonomy":"product_tag","embeddable":true,"href":"https:\/\/prismagamers.com\/hu\/wp-json\/wp\/v2\/product_tag?post=42678"}],"curies":[{"name":"wp","href":"https:\/\/api.w.org\/{rel}","templated":true}]}}