{"id":42679,"date":"2023-06-13T22:51:58","date_gmt":"2023-06-13T20:51:58","guid":{"rendered":"https:\/\/prismagamers.com\/produkt\/pax-nova\/"},"modified":"2026-04-21T01:56:08","modified_gmt":"2026-04-20T23:56:08","slug":"pax-nova","status":"publish","type":"product","link":"https:\/\/prismagamers.com\/hu\/produkt\/pax-nova\/","title":{"rendered":"Pax Nova"},"content":{"rendered":"<p>A &#8222;Pax Nova&#8221; nev\u0171 j\u00e1t\u00e9k egy futurisztikus vil\u00e1gban j\u00e1tsz\u00f3dik, ahol a pusztul\u00e1s sz\u00e9l\u00e9n \u00e1ll\u00f3 emberis\u00e9g lehet\u0151s\u00e9get kap arra, hogy az Eos bolyg\u00f3ra k\u00f6lt\u00f6zve megmentse mag\u00e1t. Egy \u00e9vsz\u00e1zadnyi politikai fesz\u00fclts\u00e9g \u00e9s sz\u00e1mos fegyveres konfliktus ut\u00e1n a F\u00f6ld a lakhatatlans\u00e1g sz\u00e9l\u00e9re ker\u00fclt. De vajon ez el\u00e9g lesz-e az emberis\u00e9g megment\u00e9s\u00e9hez?  <\/p>\n<p>Ebben a tudom\u00e1nyos-fantasztikus, fordul\u00f3alap\u00fa 4X strat\u00e9giai j\u00e1t\u00e9kban t\u00f6bb frakci\u00f3 k\u00f6z\u00fcl v\u00e1laszthatsz, amelyek h\u00e1rom faj k\u00f6z\u00f6tt oszlanak meg, \u00e9s Eoson telepedhetsz le. Fedezz fel \u00faj vil\u00e1gokat \u00e9s csillagrendszereket, amelyek tele vannak izgalmas rejt\u00e9lyekkel, de sz\u00f6rny\u0171 vesz\u00e9lyekkel is. \u00c9p\u00edts nagyszer\u0171 v\u00e1rosokat, \u00e9s n\u00f6veld befoly\u00e1sodat hat\u00e9kony diplom\u00e1cia seg\u00edts\u00e9g\u00e9vel, vagy k\u00e9sz\u00fclj fel a sz\u00e1razf\u00f6ldi \u00e9s \u0171rbeli csat\u00e1kra, ha a diplom\u00e1cia kudarcot vall, vagy ha csak harcos vagy.  <\/p>\n<p>Fedezd fel a vil\u00e1gaidat \u00e9s a vil\u00e1gokon t\u00fal&#8230;.<\/p>\n<p>A bolyg\u00f3k sokkal t\u00f6bbek, mint statisztik\u00e1k gy\u0171jtem\u00e9nye. A civiliz\u00e1ci\u00f3d el\u0151bb-ut\u00f3bb fel akarja fedezni, hogy mi van a l\u00e9gk\u00f6r\u00e9n t\u00fal, \u00e9s \u00faj vil\u00e1gokat akar felfedezni, koloniz\u00e1lni vagy ak\u00e1r meg is sz\u00e1llni. Minden bolyg\u00f3 procedur\u00e1lisan gener\u00e1lt, k\u00fcl\u00f6nb\u00f6z\u0151 biomokkal \u00e9s k\u00fcl\u00f6nf\u00e9le kih\u00edv\u00e1sokkal rendelkezik, \u00e9s tele van sz\u00e1mos titokkal, l\u00e9nyekkel, karakterekkel, frakci\u00f3kkal \u00e9s m\u00e9g sok m\u00e1ssal.  <\/p>\n<p>&#8230;bele\u00e9rtve a vil\u00e1g\u0171rt is<\/p>\n<p>Az \u0171r sok titkot rejt, de sok vesz\u00e9lyt is. Kal\u00f3zok, \u0171rl\u00e9nyek \u00e9s m\u00e1s l\u00e9nyek pr\u00f3b\u00e1lj\u00e1k majd akad\u00e1lyozni vagy seg\u00edteni az Eoson val\u00f3 el\u0151rehalad\u00e1sodat. <\/p>\n<p>Epikus \u0171ropera<\/p>\n<p>H\u00e1rom k\u00fcl\u00f6nb\u00f6z\u0151 faj, amelyek mindegyike megh\u00edv\u00e1st kapott, \u00f6sszesen 15 frakci\u00f3 k\u00f6z\u00fcl v\u00e1laszthatsz. Minden frakci\u00f3nak saj\u00e1t j\u00e1t\u00e9kst\u00edlusa \u00e9s kih\u00edv\u00e1sai vannak. Fedezd fel Eos m\u00faltj\u00e1t, \u00e9s hat\u00e1rozd meg a j\u00f6v\u0151j\u00e9t! Az azonban, hogy ezt hogyan teszed, csak rajtad m\u00falik.   <\/p>\n<p>Dinamikus diplom\u00e1ciai rendszerek \u00e9s a politikai t\u00e1jk\u00e9p<\/p>\n<p>\u00daj diplom\u00e1ciai lehet\u0151s\u00e9geket lehet feloldani a tulajdons\u00e1gaidt\u00f3l, technol\u00f3gi\u00e1dt\u00f3l, k\u00fcl\u00f6nleges esem\u00e9nyekt\u0151l \u00e9s egyebekt\u0151l f\u00fcgg\u0151en.<\/p>\n<p>\u00c9s m\u00e9g sok m\u00e1s<\/p>\n<p>Fedezd fel az Eos titkait \u00e9s oldj meg feladatokat, \u00e9p\u00edts \u0171rb\u00e1zisokat \u00e9s el\u0151\u0151rs\u00f6ket Egyedi gy\u0151zelmi felt\u00e9telek minden j\u00e1t\u00e9kos sz\u00e1m\u00e1ra Egys\u00e9gek \u00e9s haj\u00f3k testreszab\u00e1sa<\/p>\n","protected":false},"excerpt":{"rendered":"<p>Ez egy tudom\u00e1nyos-fantasztikus, fordul\u00f3alap\u00fa 4X strat\u00e9giai j\u00e1t\u00e9k, amelyben h\u00e1rom faj k\u00f6z\u00f6tt felosztott frakci\u00f3k egyik\u00e9nek sors\u00e1t ir\u00e1ny\u00edtod. Fedezz fel \u00faj vil\u00e1gokat \u00e9s csillagrendszereket, amelyek tele vannak izgalmas rejt\u00e9lyekkel, de vesz\u00e9lyekkel is. \u00c9p\u00edts v\u00e1rosokat, n\u00f6veld a befoly\u00e1sodat, \u00e9s v\u00edvj nagy csat\u00e1kat a sz\u00e1razf\u00f6ld\u00f6n \u00e9s az \u0171rben.  <\/p>\n<p><img decoding=\"async\" class=\"emoji\" role=\"img\" src=\"https:\/\/s.w.org\/images\/core\/emoji\/14.0.0\/svg\/1f30d.svg\" alt=\"\ud83c\udf0d\">  Glob\u00e1lis<br \/>\n<img decoding=\"async\" class=\"emoji\" role=\"img\" src=\"https:\/\/s.w.org\/images\/core\/emoji\/14.0.0\/svg\/2699.svg\" alt=\"\u2699\ufe0f\">  G\u0151z<br \/>\n<img decoding=\"async\" class=\"emoji\" role=\"img\" src=\"https:\/\/s.w.org\/images\/core\/emoji\/14.0.0\/svg\/1f5dd.svg\" alt=\"\ud83d\udddd\">  Digit\u00e1lis kulcs<\/p>\n","protected":false},"featured_media":25598,"template":"","meta":{"_acf_changed":false,"site-sidebar-layout":"default","site-content-layout":"default","ast-site-content-layout":"default","site-content-style":"default","site-sidebar-style":"default","ast-global-header-display":"","ast-banner-title-visibility":"","ast-main-header-display":"","ast-hfb-above-header-display":"","ast-hfb-below-header-display":"","ast-hfb-mobile-header-display":"","site-post-title":"","ast-breadcrumbs-content":"","ast-featured-img":"","footer-sml-layout":"","ast-disable-related-posts":"","theme-transparent-header-meta":"default","adv-header-id-meta":"","stick-header-meta":"","header-above-stick-meta":"","header-main-stick-meta":"","header-below-stick-meta":"","astra-migrate-meta-layouts":"default","ast-page-background-enabled":"default","ast-page-background-meta":{"desktop":{"background-color":"var(--ast-global-color-4)","background-image":"","background-repeat":"repeat","background-position":"center center","background-size":"auto","background-attachment":"scroll","background-type":"","background-media":"","overlay-type":"","overlay-color":"","overlay-opacity":"","overlay-gradient":""},"tablet":{"background-color":"","background-image":"","background-repeat":"repeat","background-position":"center center","background-size":"auto","background-attachment":"scroll","background-type":"","background-media":"","overlay-type":"","overlay-color":"","overlay-opacity":"","overlay-gradient":""},"mobile":{"background-color":"","background-image":"","background-repeat":"repeat","background-position":"center center","background-size":"auto","background-attachment":"scroll","background-type":"","background-media":"","overlay-type":"","overlay-color":"","overlay-opacity":"","overlay-gradient":""}},"ast-content-background-meta":{"desktop":{"background-color":"var(--ast-global-color-5)","background-image":"","background-repeat":"repeat","background-position":"center center","background-size":"auto","background-attachment":"scroll","background-type":"","background-media":"","overlay-type":"","overlay-color":"","overlay-opacity":"","overlay-gradient":""},"tablet":{"background-color":"var(--ast-global-color-5)","background-image":"","background-repeat":"repeat","background-position":"center center","background-size":"auto","background-attachment":"scroll","background-type":"","background-media":"","overlay-type":"","overlay-color":"","overlay-opacity":"","overlay-gradient":""},"mobile":{"background-color":"var(--ast-global-color-5)","background-image":"","background-repeat":"repeat","background-position":"center center","background-size":"auto","background-attachment":"scroll","background-type":"","background-media":"","overlay-type":"","overlay-color":"","overlay-opacity":"","overlay-gradient":""}}},"product_brand":[],"product_cat":[394,463,378,386],"product_tag":[],"class_list":{"0":"post-42679","1":"product","2":"type-product","3":"status-publish","4":"has-post-thumbnail","6":"product_cat-digitalis-jatekok","7":"product_cat-iceberg-interactive-hu","8":"product_cat-minden-digitalis-jatek","9":"product_cat-strategiai-jatekok","10":"desktop-align-left","11":"tablet-align-left","12":"mobile-align-left","14":"first","15":"instock","16":"virtual","17":"purchasable","18":"product-type-simple"},"acf":[],"yoast_head":"<!-- This site is optimized with the Yoast SEO Premium plugin v27.4 (Yoast SEO v27.4) - https:\/\/yoast.com\/product\/yoast-seo-premium-wordpress\/ -->\n<title>Pax Nova - Prismagamers.com<\/title>\n<meta name=\"description\" content=\"Ez egy tudom\u00e1nyos-fantasztikus, fordul\u00f3alap\u00fa 4X strat\u00e9giai j\u00e1t\u00e9k, amelyben h\u00e1rom faj k\u00f6z\u00f6tt felosztott frakci\u00f3k egyik\u00e9nek sors\u00e1t ir\u00e1ny\u00edtod. Fedezz fel \u00faj vil\u00e1gokat \u00e9s csillagrendszereket, amelyek tele vannak izgalmas rejt\u00e9lyekkel, de vesz\u00e9lyekkel is. \u00c9p\u00edts v\u00e1rosokat, n\u00f6veld a befoly\u00e1sodat, \u00e9s v\u00edvj nagy csat\u00e1kat a sz\u00e1razf\u00f6ld\u00f6n \u00e9s az \u0171rben.   Glob\u00e1lis  G\u0151z  Digit\u00e1lis kulcs\" \/>\n<meta name=\"robots\" content=\"index, follow, max-snippet:-1, max-image-preview:large, max-video-preview:-1\" \/>\n<link rel=\"canonical\" href=\"https:\/\/prismagamers.com\/hu\/produkt\/pax-nova\/\" \/>\n<meta property=\"og:locale\" content=\"hu_HU\" \/>\n<meta property=\"og:type\" content=\"article\" \/>\n<meta property=\"og:title\" content=\"Pax Nova\" \/>\n<meta property=\"og:description\" content=\"Ez egy tudom\u00e1nyos-fantasztikus, fordul\u00f3alap\u00fa 4X strat\u00e9giai j\u00e1t\u00e9k, amelyben h\u00e1rom faj k\u00f6z\u00f6tt felosztott frakci\u00f3k egyik\u00e9nek sors\u00e1t ir\u00e1ny\u00edtod. Fedezz fel \u00faj vil\u00e1gokat \u00e9s csillagrendszereket, amelyek tele vannak izgalmas rejt\u00e9lyekkel, de vesz\u00e9lyekkel is. \u00c9p\u00edts v\u00e1rosokat, n\u00f6veld a befoly\u00e1sodat, \u00e9s v\u00edvj nagy csat\u00e1kat a sz\u00e1razf\u00f6ld\u00f6n \u00e9s az \u0171rben.   Glob\u00e1lis  G\u0151z  Digit\u00e1lis kulcs\" \/>\n<meta property=\"og:url\" content=\"https:\/\/prismagamers.com\/hu\/produkt\/pax-nova\/\" \/>\n<meta property=\"og:site_name\" content=\"Prismagamers.com\" \/>\n<meta property=\"article:publisher\" content=\"https:\/\/www.facebook.com\/prismagamers\" \/>\n<meta property=\"article:modified_time\" content=\"2026-04-20T23:56:08+00:00\" \/>\n<meta property=\"og:image\" content=\"https:\/\/prismagamers.com\/wp-content\/uploads\/2023\/06\/library_600x900_2x-12-e1727182599876.jpg\" \/>\n\t<meta property=\"og:image:width\" content=\"300\" \/>\n\t<meta property=\"og:image:height\" content=\"450\" \/>\n\t<meta property=\"og:image:type\" content=\"image\/jpeg\" \/>\n<meta name=\"twitter:card\" content=\"summary_large_image\" \/>\n<meta name=\"twitter:label1\" content=\"Becs\u00fclt olvas\u00e1si id\u0151\" \/>\n\t<meta name=\"twitter:data1\" content=\"2 perc\" \/>\n<script type=\"application\/ld+json\" class=\"yoast-schema-graph\">{\"@context\":\"https:\\\/\\\/schema.org\",\"@graph\":[{\"@type\":\"WebPage\",\"@id\":\"https:\\\/\\\/prismagamers.com\\\/hu\\\/produkt\\\/pax-nova\\\/\",\"url\":\"https:\\\/\\\/prismagamers.com\\\/hu\\\/produkt\\\/pax-nova\\\/\",\"name\":\"Pax Nova - Prismagamers.com\",\"isPartOf\":{\"@id\":\"https:\\\/\\\/prismagamers.com\\\/hu\\\/#website\"},\"primaryImageOfPage\":{\"@id\":\"https:\\\/\\\/prismagamers.com\\\/hu\\\/produkt\\\/pax-nova\\\/#primaryimage\"},\"image\":{\"@id\":\"https:\\\/\\\/prismagamers.com\\\/hu\\\/produkt\\\/pax-nova\\\/#primaryimage\"},\"thumbnailUrl\":\"https:\\\/\\\/prismagamers.com\\\/wp-content\\\/uploads\\\/2023\\\/06\\\/library_600x900_2x-12-e1727182599876.jpg\",\"datePublished\":\"2023-06-13T20:51:58+00:00\",\"dateModified\":\"2026-04-20T23:56:08+00:00\",\"description\":\"Ez egy tudom\u00e1nyos-fantasztikus, fordul\u00f3alap\u00fa 4X strat\u00e9giai j\u00e1t\u00e9k, amelyben h\u00e1rom faj k\u00f6z\u00f6tt felosztott frakci\u00f3k egyik\u00e9nek sors\u00e1t ir\u00e1ny\u00edtod. Fedezz fel \u00faj vil\u00e1gokat \u00e9s csillagrendszereket, amelyek tele vannak izgalmas rejt\u00e9lyekkel, de vesz\u00e9lyekkel is. \u00c9p\u00edts v\u00e1rosokat, n\u00f6veld a befoly\u00e1sodat, \u00e9s v\u00edvj nagy csat\u00e1kat a sz\u00e1razf\u00f6ld\u00f6n \u00e9s az \u0171rben. Glob\u00e1lis G\u0151z Digit\u00e1lis kulcs\",\"breadcrumb\":{\"@id\":\"https:\\\/\\\/prismagamers.com\\\/hu\\\/produkt\\\/pax-nova\\\/#breadcrumb\"},\"inLanguage\":\"hu\",\"potentialAction\":[{\"@type\":\"ReadAction\",\"target\":[\"https:\\\/\\\/prismagamers.com\\\/hu\\\/produkt\\\/pax-nova\\\/\"]}]},{\"@type\":\"ImageObject\",\"inLanguage\":\"hu\",\"@id\":\"https:\\\/\\\/prismagamers.com\\\/hu\\\/produkt\\\/pax-nova\\\/#primaryimage\",\"url\":\"https:\\\/\\\/prismagamers.com\\\/wp-content\\\/uploads\\\/2023\\\/06\\\/library_600x900_2x-12-e1727182599876.jpg\",\"contentUrl\":\"https:\\\/\\\/prismagamers.com\\\/wp-content\\\/uploads\\\/2023\\\/06\\\/library_600x900_2x-12-e1727182599876.jpg\",\"width\":300,\"height\":450},{\"@type\":\"BreadcrumbList\",\"@id\":\"https:\\\/\\\/prismagamers.com\\\/hu\\\/produkt\\\/pax-nova\\\/#breadcrumb\",\"itemListElement\":[{\"@type\":\"ListItem\",\"position\":1,\"name\":\"Strona g\u0142\u00f3wna\",\"item\":\"https:\\\/\\\/prismagamers.com\\\/hu\\\/prismagamers\\\/\"},{\"@type\":\"ListItem\",\"position\":2,\"name\":\"Shop\",\"item\":\"https:\\\/\\\/prismagamers.com\\\/hu\\\/shop\\\/\"},{\"@type\":\"ListItem\",\"position\":3,\"name\":\"Pax Nova\"}]},{\"@type\":\"WebSite\",\"@id\":\"https:\\\/\\\/prismagamers.com\\\/hu\\\/#website\",\"url\":\"https:\\\/\\\/prismagamers.com\\\/hu\\\/\",\"name\":\"Prismagamers\",\"description\":\"Sklep z grami PC I Sklep klucze Steam\",\"publisher\":{\"@id\":\"https:\\\/\\\/prismagamers.com\\\/hu\\\/#organization\"},\"potentialAction\":[{\"@type\":\"SearchAction\",\"target\":{\"@type\":\"EntryPoint\",\"urlTemplate\":\"https:\\\/\\\/prismagamers.com\\\/hu\\\/?s={search_term_string}\"},\"query-input\":{\"@type\":\"PropertyValueSpecification\",\"valueRequired\":true,\"valueName\":\"search_term_string\"}}],\"inLanguage\":\"hu\"},{\"@type\":\"Organization\",\"@id\":\"https:\\\/\\\/prismagamers.com\\\/hu\\\/#organization\",\"name\":\"Prismagamers\",\"url\":\"https:\\\/\\\/prismagamers.com\\\/hu\\\/\",\"logo\":{\"@type\":\"ImageObject\",\"inLanguage\":\"hu\",\"@id\":\"https:\\\/\\\/prismagamers.com\\\/hu\\\/#\\\/schema\\\/logo\\\/image\\\/\",\"url\":\"https:\\\/\\\/prismagamers.com\\\/wp-content\\\/uploads\\\/2022\\\/04\\\/cropped-logo-Prismagamers-01-scaled-1.jpg\",\"contentUrl\":\"https:\\\/\\\/prismagamers.com\\\/wp-content\\\/uploads\\\/2022\\\/04\\\/cropped-logo-Prismagamers-01-scaled-1.jpg\",\"width\":512,\"height\":512,\"caption\":\"Prismagamers\"},\"image\":{\"@id\":\"https:\\\/\\\/prismagamers.com\\\/hu\\\/#\\\/schema\\\/logo\\\/image\\\/\"},\"sameAs\":[\"https:\\\/\\\/www.facebook.com\\\/prismagamers\",\"https:\\\/\\\/www.instagram.com\\\/prismagamers_grycyfrowe\\\/\"],\"description\":\"Prismagamers.com to dynamiczny sklep z grami cyfrowymi, stworzony z my\u015bl\u0105 o entuzjastach gier wideo. Nasza strona oferuje szerok\u0105 gam\u0119 gier komputerowych, w tym najnowsze tytu\u0142y, dobrze znane klasyki oraz gry stworzone przez niezale\u017cne studia Ca\u0142y czas d\u0105\u017cymy do rozszerzenia naszej oferty. Do\u0142\u0105cz do nas i sta\u0144 si\u0119 cz\u0119\u015bci\u0105 naszej rosn\u0105cej spo\u0142eczno\u015bci graczy!\",\"email\":\"shop@prismagamers.com\",\"telephone\":\"48795541705\",\"legalName\":\"East Caravan Maksym \u017bukow\",\"foundingDate\":\"2012-05-10\",\"vatID\":\"PL8943038612\",\"taxID\":\"PL8943038612\",\"numberOfEmployees\":{\"@type\":\"QuantitativeValue\",\"minValue\":\"11\",\"maxValue\":\"50\"}}]}<\/script>\n<!-- \/ Yoast SEO Premium plugin. -->","yoast_head_json":{"title":"Pax Nova - Prismagamers.com","description":"Ez egy tudom\u00e1nyos-fantasztikus, fordul\u00f3alap\u00fa 4X strat\u00e9giai j\u00e1t\u00e9k, amelyben h\u00e1rom faj k\u00f6z\u00f6tt felosztott frakci\u00f3k egyik\u00e9nek sors\u00e1t ir\u00e1ny\u00edtod. Fedezz fel \u00faj vil\u00e1gokat \u00e9s csillagrendszereket, amelyek tele vannak izgalmas rejt\u00e9lyekkel, de vesz\u00e9lyekkel is. \u00c9p\u00edts v\u00e1rosokat, n\u00f6veld a befoly\u00e1sodat, \u00e9s v\u00edvj nagy csat\u00e1kat a sz\u00e1razf\u00f6ld\u00f6n \u00e9s az \u0171rben.   Glob\u00e1lis  G\u0151z  Digit\u00e1lis kulcs","robots":{"index":"index","follow":"follow","max-snippet":"max-snippet:-1","max-image-preview":"max-image-preview:large","max-video-preview":"max-video-preview:-1"},"canonical":"https:\/\/prismagamers.com\/hu\/produkt\/pax-nova\/","og_locale":"hu_HU","og_type":"article","og_title":"Pax Nova","og_description":"Ez egy tudom\u00e1nyos-fantasztikus, fordul\u00f3alap\u00fa 4X strat\u00e9giai j\u00e1t\u00e9k, amelyben h\u00e1rom faj k\u00f6z\u00f6tt felosztott frakci\u00f3k egyik\u00e9nek sors\u00e1t ir\u00e1ny\u00edtod. Fedezz fel \u00faj vil\u00e1gokat \u00e9s csillagrendszereket, amelyek tele vannak izgalmas rejt\u00e9lyekkel, de vesz\u00e9lyekkel is. \u00c9p\u00edts v\u00e1rosokat, n\u00f6veld a befoly\u00e1sodat, \u00e9s v\u00edvj nagy csat\u00e1kat a sz\u00e1razf\u00f6ld\u00f6n \u00e9s az \u0171rben.   Glob\u00e1lis  G\u0151z  Digit\u00e1lis kulcs","og_url":"https:\/\/prismagamers.com\/hu\/produkt\/pax-nova\/","og_site_name":"Prismagamers.com","article_publisher":"https:\/\/www.facebook.com\/prismagamers","article_modified_time":"2026-04-20T23:56:08+00:00","og_image":[{"width":300,"height":450,"url":"https:\/\/prismagamers.com\/wp-content\/uploads\/2023\/06\/library_600x900_2x-12-e1727182599876.jpg","type":"image\/jpeg"}],"twitter_card":"summary_large_image","twitter_misc":{"Becs\u00fclt olvas\u00e1si id\u0151":"2 perc"},"schema":{"@context":"https:\/\/schema.org","@graph":[{"@type":"WebPage","@id":"https:\/\/prismagamers.com\/hu\/produkt\/pax-nova\/","url":"https:\/\/prismagamers.com\/hu\/produkt\/pax-nova\/","name":"Pax Nova - Prismagamers.com","isPartOf":{"@id":"https:\/\/prismagamers.com\/hu\/#website"},"primaryImageOfPage":{"@id":"https:\/\/prismagamers.com\/hu\/produkt\/pax-nova\/#primaryimage"},"image":{"@id":"https:\/\/prismagamers.com\/hu\/produkt\/pax-nova\/#primaryimage"},"thumbnailUrl":"https:\/\/prismagamers.com\/wp-content\/uploads\/2023\/06\/library_600x900_2x-12-e1727182599876.jpg","datePublished":"2023-06-13T20:51:58+00:00","dateModified":"2026-04-20T23:56:08+00:00","description":"Ez egy tudom\u00e1nyos-fantasztikus, fordul\u00f3alap\u00fa 4X strat\u00e9giai j\u00e1t\u00e9k, amelyben h\u00e1rom faj k\u00f6z\u00f6tt felosztott frakci\u00f3k egyik\u00e9nek sors\u00e1t ir\u00e1ny\u00edtod. Fedezz fel \u00faj vil\u00e1gokat \u00e9s csillagrendszereket, amelyek tele vannak izgalmas rejt\u00e9lyekkel, de vesz\u00e9lyekkel is. \u00c9p\u00edts v\u00e1rosokat, n\u00f6veld a befoly\u00e1sodat, \u00e9s v\u00edvj nagy csat\u00e1kat a sz\u00e1razf\u00f6ld\u00f6n \u00e9s az \u0171rben. Glob\u00e1lis G\u0151z Digit\u00e1lis kulcs","breadcrumb":{"@id":"https:\/\/prismagamers.com\/hu\/produkt\/pax-nova\/#breadcrumb"},"inLanguage":"hu","potentialAction":[{"@type":"ReadAction","target":["https:\/\/prismagamers.com\/hu\/produkt\/pax-nova\/"]}]},{"@type":"ImageObject","inLanguage":"hu","@id":"https:\/\/prismagamers.com\/hu\/produkt\/pax-nova\/#primaryimage","url":"https:\/\/prismagamers.com\/wp-content\/uploads\/2023\/06\/library_600x900_2x-12-e1727182599876.jpg","contentUrl":"https:\/\/prismagamers.com\/wp-content\/uploads\/2023\/06\/library_600x900_2x-12-e1727182599876.jpg","width":300,"height":450},{"@type":"BreadcrumbList","@id":"https:\/\/prismagamers.com\/hu\/produkt\/pax-nova\/#breadcrumb","itemListElement":[{"@type":"ListItem","position":1,"name":"Strona g\u0142\u00f3wna","item":"https:\/\/prismagamers.com\/hu\/prismagamers\/"},{"@type":"ListItem","position":2,"name":"Shop","item":"https:\/\/prismagamers.com\/hu\/shop\/"},{"@type":"ListItem","position":3,"name":"Pax Nova"}]},{"@type":"WebSite","@id":"https:\/\/prismagamers.com\/hu\/#website","url":"https:\/\/prismagamers.com\/hu\/","name":"Prismagamers","description":"Sklep z grami PC I Sklep klucze Steam","publisher":{"@id":"https:\/\/prismagamers.com\/hu\/#organization"},"potentialAction":[{"@type":"SearchAction","target":{"@type":"EntryPoint","urlTemplate":"https:\/\/prismagamers.com\/hu\/?s={search_term_string}"},"query-input":{"@type":"PropertyValueSpecification","valueRequired":true,"valueName":"search_term_string"}}],"inLanguage":"hu"},{"@type":"Organization","@id":"https:\/\/prismagamers.com\/hu\/#organization","name":"Prismagamers","url":"https:\/\/prismagamers.com\/hu\/","logo":{"@type":"ImageObject","inLanguage":"hu","@id":"https:\/\/prismagamers.com\/hu\/#\/schema\/logo\/image\/","url":"https:\/\/prismagamers.com\/wp-content\/uploads\/2022\/04\/cropped-logo-Prismagamers-01-scaled-1.jpg","contentUrl":"https:\/\/prismagamers.com\/wp-content\/uploads\/2022\/04\/cropped-logo-Prismagamers-01-scaled-1.jpg","width":512,"height":512,"caption":"Prismagamers"},"image":{"@id":"https:\/\/prismagamers.com\/hu\/#\/schema\/logo\/image\/"},"sameAs":["https:\/\/www.facebook.com\/prismagamers","https:\/\/www.instagram.com\/prismagamers_grycyfrowe\/"],"description":"Prismagamers.com to dynamiczny sklep z grami cyfrowymi, stworzony z my\u015bl\u0105 o entuzjastach gier wideo. Nasza strona oferuje szerok\u0105 gam\u0119 gier komputerowych, w tym najnowsze tytu\u0142y, dobrze znane klasyki oraz gry stworzone przez niezale\u017cne studia Ca\u0142y czas d\u0105\u017cymy do rozszerzenia naszej oferty. Do\u0142\u0105cz do nas i sta\u0144 si\u0119 cz\u0119\u015bci\u0105 naszej rosn\u0105cej spo\u0142eczno\u015bci graczy!","email":"shop@prismagamers.com","telephone":"48795541705","legalName":"East Caravan Maksym \u017bukow","foundingDate":"2012-05-10","vatID":"PL8943038612","taxID":"PL8943038612","numberOfEmployees":{"@type":"QuantitativeValue","minValue":"11","maxValue":"50"}}]}},"_links":{"self":[{"href":"https:\/\/prismagamers.com\/hu\/wp-json\/wp\/v2\/product\/42679","targetHints":{"allow":["GET"]}}],"collection":[{"href":"https:\/\/prismagamers.com\/hu\/wp-json\/wp\/v2\/product"}],"about":[{"href":"https:\/\/prismagamers.com\/hu\/wp-json\/wp\/v2\/types\/product"}],"wp:featuredmedia":[{"embeddable":true,"href":"https:\/\/prismagamers.com\/hu\/wp-json\/wp\/v2\/media\/25598"}],"wp:attachment":[{"href":"https:\/\/prismagamers.com\/hu\/wp-json\/wp\/v2\/media?parent=42679"}],"wp:term":[{"taxonomy":"product_brand","embeddable":true,"href":"https:\/\/prismagamers.com\/hu\/wp-json\/wp\/v2\/product_brand?post=42679"},{"taxonomy":"product_cat","embeddable":true,"href":"https:\/\/prismagamers.com\/hu\/wp-json\/wp\/v2\/product_cat?post=42679"},{"taxonomy":"product_tag","embeddable":true,"href":"https:\/\/prismagamers.com\/hu\/wp-json\/wp\/v2\/product_tag?post=42679"}],"curies":[{"name":"wp","href":"https:\/\/api.w.org\/{rel}","templated":true}]}}