{"id":42680,"date":"2023-06-13T23:04:00","date_gmt":"2023-06-13T21:04:00","guid":{"rendered":"https:\/\/prismagamers.com\/produkt\/railroad-corporation\/"},"modified":"2026-01-02T00:36:10","modified_gmt":"2026-01-01T23:36:10","slug":"railroad-corporation","status":"publish","type":"product","link":"https:\/\/prismagamers.com\/hu\/produkt\/railroad-corporation\/","title":{"rendered":"Railroad Corporation"},"content":{"rendered":"<p>Eleven\u00edtsd fel a g\u0151zmozdonyok aranykor\u00e1nak \u00fatt\u00f6r\u0151inek szellem\u00e9t a saj\u00e1t vas\u00fati birodalmad megalap\u00edt\u00e1s\u00e1val a 19. sz\u00e1zadi \u00c9szak-Amerik\u00e1ban. K\u00f6sd \u00f6ssze a telep\u00fcl\u00e9seket, termelj \u00e9s kereskedj \u00e1rukkal, \u00e9s fejlessz \u00faj technol\u00f3gi\u00e1kat, hogy meg\u0151rizd versenyel\u0151ny\u00f6det. <\/p>\n<p>Kezdje el \u00e1lmai karrierj\u00e9t, \u00e9s szerezzen szerencs\u00e9t az \u00dajvil\u00e1gban. Dolgozz az Egyes\u00fclt \u00c1llamok t\u00f6rt\u00e9nelmi vas\u00fath\u00e1l\u00f3zat\u00e1n alapul\u00f3 szerz\u0151d\u00e9seken \u00e9s k\u00fcldet\u00e9seken. Fektess s\u00edneket, \u00e1ss alagutakat \u00e9s \u00e9p\u00edts hidakat, hogy \u00f6sszek\u00f6sd a kisebb \u00e9s nagyobb, r\u00e9gi \u00e9s \u00faj telep\u00fcl\u00e9seket. A strat\u00e9gia \u00e9s az el\u0151retervez\u00e9s kulcsfontoss\u00e1g\u00fa a legjobb \u00fczletek megk\u00f6t\u00e9s\u00e9hez &#8211; ez\u00e9rt a szervezet minden aspektus\u00e1t ismerned kell. Ir\u00e1ny\u00edtsd \u00e9s egyes\u00edtsd az er\u0151forr\u00e1sokat, hozz l\u00e9tre \u00faj ipar\u00e1gakat, \u00e9s m\u00e9g a politikusokn\u00e1l is lobbizhatsz, hogy megv\u00e1ltoztasd az orsz\u00e1g t\u00f6rv\u00e9nyeit.    <\/p>\n","protected":false},"excerpt":{"rendered":"<div class=\"flex-1 overflow-hidden\">\n<div class=\"react-scroll-to-bottom--css-nkzux-79elbk h-full\">\n<div class=\"react-scroll-to-bottom--css-nkzux-1n7m0yu\">\n<div class=\"flex flex-col text-sm pb-9\">\n<div class=\"w-full text-token-text-primary\" dir=\"auto\" data-testid=\"conversation-turn-47\" data-scroll-anchor=\"true\">\n<div class=\"py-2 px-3 text-base md:px-4 m-auto md:px-5 lg:px-1 xl:px-5\">\n<div class=\"mx-auto flex flex-1 gap-3 text-base juice:gap-4 juice:md:gap-6 md:max-w-3xl lg:max-w-[40rem] xl:max-w-[48rem]\">\n<div class=\"relative flex w-full min-w-0 flex-col agent-turn\">\n<div class=\"flex-col gap-1 md:gap-3\">\n<div class=\"flex flex-grow flex-col max-w-full\">\n<div class=\"min-h-[20px] text-message flex flex-col items-start whitespace-pre-wrap break-words [.text-message+&amp;]:mt-5 juice:w-full juice:items-end overflow-x-auto gap-3\" dir=\"auto\" data-message-author-role=\"assistant\" data-message-id=\"64f6136b-02d5-4cf1-9a6d-b77f26161bb0\">\n<div class=\"markdown prose w-full break-words dark:prose-invert light\">\n<p>\u00c9ld \u00e1t \u00fajra a g\u0151zmozdonyok aranykor\u00e1nak \u00fatt\u00f6r\u0151inek szellem\u00e9t, mik\u00f6zben megalap\u00edtod saj\u00e1t vas\u00fati birodalmadat a 19. sz\u00e1zadi \u00c9szak-Amerik\u00e1ban. K\u00f6sd \u00f6ssze a telep\u00fcl\u00e9seket, termelj \u00e9s kereskedj \u00e1rukkal, \u00e9s fejlessz \u00faj technol\u00f3gi\u00e1kat, hogy a versenyt\u00e1rsak el\u0151tt maradj. <\/p>\n<p>&nbsp;<\/p>\n<\/div>\n<\/div>\n<\/div>\n<\/div>\n<\/div>\n<\/div>\n<\/div>\n<\/div>\n<\/div>\n<\/div>\n<\/div>\n<\/div>\n<p><img decoding=\"async\" class=\"emoji\" role=\"img\" src=\"https:\/\/s.w.org\/images\/core\/emoji\/14.0.0\/svg\/1f30d.svg\" alt=\"\ud83c\udf0d\">  Glob\u00e1lis<br \/>\n<img decoding=\"async\" class=\"emoji\" role=\"img\" src=\"https:\/\/s.w.org\/images\/core\/emoji\/14.0.0\/svg\/2699.svg\" alt=\"\u2699\ufe0f\">  G\u0151z<br \/>\n<img decoding=\"async\" class=\"emoji\" role=\"img\" src=\"https:\/\/s.w.org\/images\/core\/emoji\/14.0.0\/svg\/1f5dd.svg\" alt=\"\ud83d\udddd\">  Digit\u00e1lis kulcs<\/p>\n","protected":false},"featured_media":25610,"template":"","meta":{"_acf_changed":false,"site-sidebar-layout":"default","site-content-layout":"default","ast-site-content-layout":"default","site-content-style":"default","site-sidebar-style":"default","ast-global-header-display":"","ast-banner-title-visibility":"","ast-main-header-display":"","ast-hfb-above-header-display":"","ast-hfb-below-header-display":"","ast-hfb-mobile-header-display":"","site-post-title":"","ast-breadcrumbs-content":"","ast-featured-img":"","footer-sml-layout":"","ast-disable-related-posts":"","theme-transparent-header-meta":"default","adv-header-id-meta":"","stick-header-meta":"","header-above-stick-meta":"","header-main-stick-meta":"","header-below-stick-meta":"","astra-migrate-meta-layouts":"default","ast-page-background-enabled":"default","ast-page-background-meta":{"desktop":{"background-color":"var(--ast-global-color-4)","background-image":"","background-repeat":"repeat","background-position":"center center","background-size":"auto","background-attachment":"scroll","background-type":"","background-media":"","overlay-type":"","overlay-color":"","overlay-opacity":"","overlay-gradient":""},"tablet":{"background-color":"","background-image":"","background-repeat":"repeat","background-position":"center center","background-size":"auto","background-attachment":"scroll","background-type":"","background-media":"","overlay-type":"","overlay-color":"","overlay-opacity":"","overlay-gradient":""},"mobile":{"background-color":"","background-image":"","background-repeat":"repeat","background-position":"center center","background-size":"auto","background-attachment":"scroll","background-type":"","background-media":"","overlay-type":"","overlay-color":"","overlay-opacity":"","overlay-gradient":""}},"ast-content-background-meta":{"desktop":{"background-color":"var(--ast-global-color-5)","background-image":"","background-repeat":"repeat","background-position":"center center","background-size":"auto","background-attachment":"scroll","background-type":"","background-media":"","overlay-type":"","overlay-color":"","overlay-opacity":"","overlay-gradient":""},"tablet":{"background-color":"var(--ast-global-color-5)","background-image":"","background-repeat":"repeat","background-position":"center center","background-size":"auto","background-attachment":"scroll","background-type":"","background-media":"","overlay-type":"","overlay-color":"","overlay-opacity":"","overlay-gradient":""},"mobile":{"background-color":"var(--ast-global-color-5)","background-image":"","background-repeat":"repeat","background-position":"center center","background-size":"auto","background-attachment":"scroll","background-type":"","background-media":"","overlay-type":"","overlay-color":"","overlay-opacity":"","overlay-gradient":""}}},"product_brand":[],"product_cat":[365,463,378,386],"product_tag":[],"class_list":{"0":"post-42680","1":"product","2":"type-product","3":"status-publish","4":"has-post-thumbnail","6":"product_cat-goz","7":"product_cat-iceberg-interactive-hu","8":"product_cat-minden-digitalis-jatek","9":"product_cat-strategiai-jatekok","10":"desktop-align-left","11":"tablet-align-left","12":"mobile-align-left","14":"first","15":"instock","16":"shipping-taxable","17":"purchasable","18":"product-type-simple"},"acf":[],"yoast_head":"<!-- This site is optimized with the Yoast SEO Premium plugin v27.4 (Yoast SEO v27.4) - https:\/\/yoast.com\/product\/yoast-seo-premium-wordpress\/ -->\n<title>Railroad Corporation - Prismagamers.com<\/title>\n<meta name=\"description\" content=\"\u00c9ld \u00e1t \u00fajra a g\u0151zmozdonyok aranykor\u00e1nak \u00fatt\u00f6r\u0151inek szellem\u00e9t, mik\u00f6zben megalap\u00edtod saj\u00e1t vas\u00fati birodalmadat a 19. sz\u00e1zadi \u00c9szak-Amerik\u00e1ban. K\u00f6sd \u00f6ssze a telep\u00fcl\u00e9seket, termelj \u00e9s kereskedj \u00e1rukkal, \u00e9s fejlessz \u00faj technol\u00f3gi\u00e1kat, hogy a versenyt\u00e1rsak el\u0151tt maradj.  &nbsp;        Glob\u00e1lis  G\u0151z  Digit\u00e1lis kulcs\" \/>\n<meta name=\"robots\" content=\"index, follow, max-snippet:-1, max-image-preview:large, max-video-preview:-1\" \/>\n<link rel=\"canonical\" href=\"https:\/\/prismagamers.com\/hu\/produkt\/railroad-corporation\/\" \/>\n<meta property=\"og:locale\" content=\"hu_HU\" \/>\n<meta property=\"og:type\" content=\"article\" \/>\n<meta property=\"og:title\" content=\"Railroad Corporation\" \/>\n<meta property=\"og:description\" content=\"\u00c9ld \u00e1t \u00fajra a g\u0151zmozdonyok aranykor\u00e1nak \u00fatt\u00f6r\u0151inek szellem\u00e9t, mik\u00f6zben megalap\u00edtod saj\u00e1t vas\u00fati birodalmadat a 19. sz\u00e1zadi \u00c9szak-Amerik\u00e1ban. K\u00f6sd \u00f6ssze a telep\u00fcl\u00e9seket, termelj \u00e9s kereskedj \u00e1rukkal, \u00e9s fejlessz \u00faj technol\u00f3gi\u00e1kat, hogy a versenyt\u00e1rsak el\u0151tt maradj.  &nbsp;        Glob\u00e1lis  G\u0151z  Digit\u00e1lis kulcs\" \/>\n<meta property=\"og:url\" content=\"https:\/\/prismagamers.com\/hu\/produkt\/railroad-corporation\/\" \/>\n<meta property=\"og:site_name\" content=\"Prismagamers.com\" \/>\n<meta property=\"article:publisher\" content=\"https:\/\/www.facebook.com\/prismagamers\" \/>\n<meta property=\"article:modified_time\" content=\"2026-01-01T23:36:10+00:00\" \/>\n<meta property=\"og:image\" content=\"https:\/\/prismagamers.com\/wp-content\/uploads\/2023\/06\/library_600x900_2x-14.jpg\" \/>\n\t<meta property=\"og:image:width\" content=\"600\" \/>\n\t<meta property=\"og:image:height\" content=\"900\" \/>\n\t<meta property=\"og:image:type\" content=\"image\/jpeg\" \/>\n<meta name=\"twitter:card\" content=\"summary_large_image\" \/>\n<meta name=\"twitter:label1\" content=\"Becs\u00fclt olvas\u00e1si id\u0151\" \/>\n\t<meta name=\"twitter:data1\" content=\"1 perc\" \/>\n<script type=\"application\/ld+json\" class=\"yoast-schema-graph\">{\"@context\":\"https:\\\/\\\/schema.org\",\"@graph\":[{\"@type\":\"WebPage\",\"@id\":\"https:\\\/\\\/prismagamers.com\\\/hu\\\/produkt\\\/railroad-corporation\\\/\",\"url\":\"https:\\\/\\\/prismagamers.com\\\/hu\\\/produkt\\\/railroad-corporation\\\/\",\"name\":\"Railroad Corporation - Prismagamers.com\",\"isPartOf\":{\"@id\":\"https:\\\/\\\/prismagamers.com\\\/hu\\\/#website\"},\"primaryImageOfPage\":{\"@id\":\"https:\\\/\\\/prismagamers.com\\\/hu\\\/produkt\\\/railroad-corporation\\\/#primaryimage\"},\"image\":{\"@id\":\"https:\\\/\\\/prismagamers.com\\\/hu\\\/produkt\\\/railroad-corporation\\\/#primaryimage\"},\"thumbnailUrl\":\"https:\\\/\\\/prismagamers.com\\\/wp-content\\\/uploads\\\/2023\\\/06\\\/library_600x900_2x-14.jpg\",\"datePublished\":\"2023-06-13T21:04:00+00:00\",\"dateModified\":\"2026-01-01T23:36:10+00:00\",\"description\":\"\u00c9ld \u00e1t \u00fajra a g\u0151zmozdonyok aranykor\u00e1nak \u00fatt\u00f6r\u0151inek szellem\u00e9t, mik\u00f6zben megalap\u00edtod saj\u00e1t vas\u00fati birodalmadat a 19. sz\u00e1zadi \u00c9szak-Amerik\u00e1ban. K\u00f6sd \u00f6ssze a telep\u00fcl\u00e9seket, termelj \u00e9s kereskedj \u00e1rukkal, \u00e9s fejlessz \u00faj technol\u00f3gi\u00e1kat, hogy a versenyt\u00e1rsak el\u0151tt maradj. &nbsp; Glob\u00e1lis G\u0151z Digit\u00e1lis kulcs\",\"breadcrumb\":{\"@id\":\"https:\\\/\\\/prismagamers.com\\\/hu\\\/produkt\\\/railroad-corporation\\\/#breadcrumb\"},\"inLanguage\":\"hu\",\"potentialAction\":[{\"@type\":\"ReadAction\",\"target\":[\"https:\\\/\\\/prismagamers.com\\\/hu\\\/produkt\\\/railroad-corporation\\\/\"]}]},{\"@type\":\"ImageObject\",\"inLanguage\":\"hu\",\"@id\":\"https:\\\/\\\/prismagamers.com\\\/hu\\\/produkt\\\/railroad-corporation\\\/#primaryimage\",\"url\":\"https:\\\/\\\/prismagamers.com\\\/wp-content\\\/uploads\\\/2023\\\/06\\\/library_600x900_2x-14.jpg\",\"contentUrl\":\"https:\\\/\\\/prismagamers.com\\\/wp-content\\\/uploads\\\/2023\\\/06\\\/library_600x900_2x-14.jpg\",\"width\":600,\"height\":900},{\"@type\":\"BreadcrumbList\",\"@id\":\"https:\\\/\\\/prismagamers.com\\\/hu\\\/produkt\\\/railroad-corporation\\\/#breadcrumb\",\"itemListElement\":[{\"@type\":\"ListItem\",\"position\":1,\"name\":\"Strona g\u0142\u00f3wna\",\"item\":\"https:\\\/\\\/prismagamers.com\\\/hu\\\/prismagamers\\\/\"},{\"@type\":\"ListItem\",\"position\":2,\"name\":\"Shop\",\"item\":\"https:\\\/\\\/prismagamers.com\\\/hu\\\/shop\\\/\"},{\"@type\":\"ListItem\",\"position\":3,\"name\":\"Railroad Corporation\"}]},{\"@type\":\"WebSite\",\"@id\":\"https:\\\/\\\/prismagamers.com\\\/hu\\\/#website\",\"url\":\"https:\\\/\\\/prismagamers.com\\\/hu\\\/\",\"name\":\"Prismagamers\",\"description\":\"Sklep z grami PC I Sklep klucze Steam\",\"publisher\":{\"@id\":\"https:\\\/\\\/prismagamers.com\\\/hu\\\/#organization\"},\"potentialAction\":[{\"@type\":\"SearchAction\",\"target\":{\"@type\":\"EntryPoint\",\"urlTemplate\":\"https:\\\/\\\/prismagamers.com\\\/hu\\\/?s={search_term_string}\"},\"query-input\":{\"@type\":\"PropertyValueSpecification\",\"valueRequired\":true,\"valueName\":\"search_term_string\"}}],\"inLanguage\":\"hu\"},{\"@type\":\"Organization\",\"@id\":\"https:\\\/\\\/prismagamers.com\\\/hu\\\/#organization\",\"name\":\"Prismagamers\",\"url\":\"https:\\\/\\\/prismagamers.com\\\/hu\\\/\",\"logo\":{\"@type\":\"ImageObject\",\"inLanguage\":\"hu\",\"@id\":\"https:\\\/\\\/prismagamers.com\\\/hu\\\/#\\\/schema\\\/logo\\\/image\\\/\",\"url\":\"https:\\\/\\\/prismagamers.com\\\/wp-content\\\/uploads\\\/2022\\\/04\\\/cropped-logo-Prismagamers-01-scaled-1.jpg\",\"contentUrl\":\"https:\\\/\\\/prismagamers.com\\\/wp-content\\\/uploads\\\/2022\\\/04\\\/cropped-logo-Prismagamers-01-scaled-1.jpg\",\"width\":512,\"height\":512,\"caption\":\"Prismagamers\"},\"image\":{\"@id\":\"https:\\\/\\\/prismagamers.com\\\/hu\\\/#\\\/schema\\\/logo\\\/image\\\/\"},\"sameAs\":[\"https:\\\/\\\/www.facebook.com\\\/prismagamers\",\"https:\\\/\\\/www.instagram.com\\\/prismagamers_grycyfrowe\\\/\"],\"description\":\"Prismagamers.com to dynamiczny sklep z grami cyfrowymi, stworzony z my\u015bl\u0105 o entuzjastach gier wideo. Nasza strona oferuje szerok\u0105 gam\u0119 gier komputerowych, w tym najnowsze tytu\u0142y, dobrze znane klasyki oraz gry stworzone przez niezale\u017cne studia Ca\u0142y czas d\u0105\u017cymy do rozszerzenia naszej oferty. Do\u0142\u0105cz do nas i sta\u0144 si\u0119 cz\u0119\u015bci\u0105 naszej rosn\u0105cej spo\u0142eczno\u015bci graczy!\",\"email\":\"shop@prismagamers.com\",\"telephone\":\"48795541705\",\"legalName\":\"East Caravan Maksym \u017bukow\",\"foundingDate\":\"2012-05-10\",\"vatID\":\"PL8943038612\",\"taxID\":\"PL8943038612\",\"numberOfEmployees\":{\"@type\":\"QuantitativeValue\",\"minValue\":\"11\",\"maxValue\":\"50\"}}]}<\/script>\n<!-- \/ Yoast SEO Premium plugin. -->","yoast_head_json":{"title":"Railroad Corporation - Prismagamers.com","description":"\u00c9ld \u00e1t \u00fajra a g\u0151zmozdonyok aranykor\u00e1nak \u00fatt\u00f6r\u0151inek szellem\u00e9t, mik\u00f6zben megalap\u00edtod saj\u00e1t vas\u00fati birodalmadat a 19. sz\u00e1zadi \u00c9szak-Amerik\u00e1ban. K\u00f6sd \u00f6ssze a telep\u00fcl\u00e9seket, termelj \u00e9s kereskedj \u00e1rukkal, \u00e9s fejlessz \u00faj technol\u00f3gi\u00e1kat, hogy a versenyt\u00e1rsak el\u0151tt maradj.  &nbsp;        Glob\u00e1lis  G\u0151z  Digit\u00e1lis kulcs","robots":{"index":"index","follow":"follow","max-snippet":"max-snippet:-1","max-image-preview":"max-image-preview:large","max-video-preview":"max-video-preview:-1"},"canonical":"https:\/\/prismagamers.com\/hu\/produkt\/railroad-corporation\/","og_locale":"hu_HU","og_type":"article","og_title":"Railroad Corporation","og_description":"\u00c9ld \u00e1t \u00fajra a g\u0151zmozdonyok aranykor\u00e1nak \u00fatt\u00f6r\u0151inek szellem\u00e9t, mik\u00f6zben megalap\u00edtod saj\u00e1t vas\u00fati birodalmadat a 19. sz\u00e1zadi \u00c9szak-Amerik\u00e1ban. K\u00f6sd \u00f6ssze a telep\u00fcl\u00e9seket, termelj \u00e9s kereskedj \u00e1rukkal, \u00e9s fejlessz \u00faj technol\u00f3gi\u00e1kat, hogy a versenyt\u00e1rsak el\u0151tt maradj.  &nbsp;        Glob\u00e1lis  G\u0151z  Digit\u00e1lis kulcs","og_url":"https:\/\/prismagamers.com\/hu\/produkt\/railroad-corporation\/","og_site_name":"Prismagamers.com","article_publisher":"https:\/\/www.facebook.com\/prismagamers","article_modified_time":"2026-01-01T23:36:10+00:00","og_image":[{"width":600,"height":900,"url":"https:\/\/prismagamers.com\/wp-content\/uploads\/2023\/06\/library_600x900_2x-14.jpg","type":"image\/jpeg"}],"twitter_card":"summary_large_image","twitter_misc":{"Becs\u00fclt olvas\u00e1si id\u0151":"1 perc"},"schema":{"@context":"https:\/\/schema.org","@graph":[{"@type":"WebPage","@id":"https:\/\/prismagamers.com\/hu\/produkt\/railroad-corporation\/","url":"https:\/\/prismagamers.com\/hu\/produkt\/railroad-corporation\/","name":"Railroad Corporation - Prismagamers.com","isPartOf":{"@id":"https:\/\/prismagamers.com\/hu\/#website"},"primaryImageOfPage":{"@id":"https:\/\/prismagamers.com\/hu\/produkt\/railroad-corporation\/#primaryimage"},"image":{"@id":"https:\/\/prismagamers.com\/hu\/produkt\/railroad-corporation\/#primaryimage"},"thumbnailUrl":"https:\/\/prismagamers.com\/wp-content\/uploads\/2023\/06\/library_600x900_2x-14.jpg","datePublished":"2023-06-13T21:04:00+00:00","dateModified":"2026-01-01T23:36:10+00:00","description":"\u00c9ld \u00e1t \u00fajra a g\u0151zmozdonyok aranykor\u00e1nak \u00fatt\u00f6r\u0151inek szellem\u00e9t, mik\u00f6zben megalap\u00edtod saj\u00e1t vas\u00fati birodalmadat a 19. sz\u00e1zadi \u00c9szak-Amerik\u00e1ban. K\u00f6sd \u00f6ssze a telep\u00fcl\u00e9seket, termelj \u00e9s kereskedj \u00e1rukkal, \u00e9s fejlessz \u00faj technol\u00f3gi\u00e1kat, hogy a versenyt\u00e1rsak el\u0151tt maradj. &nbsp; Glob\u00e1lis G\u0151z Digit\u00e1lis kulcs","breadcrumb":{"@id":"https:\/\/prismagamers.com\/hu\/produkt\/railroad-corporation\/#breadcrumb"},"inLanguage":"hu","potentialAction":[{"@type":"ReadAction","target":["https:\/\/prismagamers.com\/hu\/produkt\/railroad-corporation\/"]}]},{"@type":"ImageObject","inLanguage":"hu","@id":"https:\/\/prismagamers.com\/hu\/produkt\/railroad-corporation\/#primaryimage","url":"https:\/\/prismagamers.com\/wp-content\/uploads\/2023\/06\/library_600x900_2x-14.jpg","contentUrl":"https:\/\/prismagamers.com\/wp-content\/uploads\/2023\/06\/library_600x900_2x-14.jpg","width":600,"height":900},{"@type":"BreadcrumbList","@id":"https:\/\/prismagamers.com\/hu\/produkt\/railroad-corporation\/#breadcrumb","itemListElement":[{"@type":"ListItem","position":1,"name":"Strona g\u0142\u00f3wna","item":"https:\/\/prismagamers.com\/hu\/prismagamers\/"},{"@type":"ListItem","position":2,"name":"Shop","item":"https:\/\/prismagamers.com\/hu\/shop\/"},{"@type":"ListItem","position":3,"name":"Railroad Corporation"}]},{"@type":"WebSite","@id":"https:\/\/prismagamers.com\/hu\/#website","url":"https:\/\/prismagamers.com\/hu\/","name":"Prismagamers","description":"Sklep z grami PC I Sklep klucze Steam","publisher":{"@id":"https:\/\/prismagamers.com\/hu\/#organization"},"potentialAction":[{"@type":"SearchAction","target":{"@type":"EntryPoint","urlTemplate":"https:\/\/prismagamers.com\/hu\/?s={search_term_string}"},"query-input":{"@type":"PropertyValueSpecification","valueRequired":true,"valueName":"search_term_string"}}],"inLanguage":"hu"},{"@type":"Organization","@id":"https:\/\/prismagamers.com\/hu\/#organization","name":"Prismagamers","url":"https:\/\/prismagamers.com\/hu\/","logo":{"@type":"ImageObject","inLanguage":"hu","@id":"https:\/\/prismagamers.com\/hu\/#\/schema\/logo\/image\/","url":"https:\/\/prismagamers.com\/wp-content\/uploads\/2022\/04\/cropped-logo-Prismagamers-01-scaled-1.jpg","contentUrl":"https:\/\/prismagamers.com\/wp-content\/uploads\/2022\/04\/cropped-logo-Prismagamers-01-scaled-1.jpg","width":512,"height":512,"caption":"Prismagamers"},"image":{"@id":"https:\/\/prismagamers.com\/hu\/#\/schema\/logo\/image\/"},"sameAs":["https:\/\/www.facebook.com\/prismagamers","https:\/\/www.instagram.com\/prismagamers_grycyfrowe\/"],"description":"Prismagamers.com to dynamiczny sklep z grami cyfrowymi, stworzony z my\u015bl\u0105 o entuzjastach gier wideo. Nasza strona oferuje szerok\u0105 gam\u0119 gier komputerowych, w tym najnowsze tytu\u0142y, dobrze znane klasyki oraz gry stworzone przez niezale\u017cne studia Ca\u0142y czas d\u0105\u017cymy do rozszerzenia naszej oferty. Do\u0142\u0105cz do nas i sta\u0144 si\u0119 cz\u0119\u015bci\u0105 naszej rosn\u0105cej spo\u0142eczno\u015bci graczy!","email":"shop@prismagamers.com","telephone":"48795541705","legalName":"East Caravan Maksym \u017bukow","foundingDate":"2012-05-10","vatID":"PL8943038612","taxID":"PL8943038612","numberOfEmployees":{"@type":"QuantitativeValue","minValue":"11","maxValue":"50"}}]}},"_links":{"self":[{"href":"https:\/\/prismagamers.com\/hu\/wp-json\/wp\/v2\/product\/42680","targetHints":{"allow":["GET"]}}],"collection":[{"href":"https:\/\/prismagamers.com\/hu\/wp-json\/wp\/v2\/product"}],"about":[{"href":"https:\/\/prismagamers.com\/hu\/wp-json\/wp\/v2\/types\/product"}],"wp:featuredmedia":[{"embeddable":true,"href":"https:\/\/prismagamers.com\/hu\/wp-json\/wp\/v2\/media\/25610"}],"wp:attachment":[{"href":"https:\/\/prismagamers.com\/hu\/wp-json\/wp\/v2\/media?parent=42680"}],"wp:term":[{"taxonomy":"product_brand","embeddable":true,"href":"https:\/\/prismagamers.com\/hu\/wp-json\/wp\/v2\/product_brand?post=42680"},{"taxonomy":"product_cat","embeddable":true,"href":"https:\/\/prismagamers.com\/hu\/wp-json\/wp\/v2\/product_cat?post=42680"},{"taxonomy":"product_tag","embeddable":true,"href":"https:\/\/prismagamers.com\/hu\/wp-json\/wp\/v2\/product_tag?post=42680"}],"curies":[{"name":"wp","href":"https:\/\/api.w.org\/{rel}","templated":true}]}}