{"id":43833,"date":"2025-09-29T21:53:06","date_gmt":"2025-09-29T19:53:06","guid":{"rendered":"https:\/\/prismagamers.com\/produkt\/death-end-request-code-z\/"},"modified":"2026-03-04T01:23:44","modified_gmt":"2026-03-04T00:23:44","slug":"death-end-request-code-z","status":"publish","type":"product","link":"https:\/\/prismagamers.com\/hu\/produkt\/death-end-request-code-z\/","title":{"rendered":"Death end re;Quest: Code Z"},"content":{"rendered":"<p class=\"my-2 [&amp;+p]:mt-4 [&amp;_strong:has(+br)]:inline-block [&amp;_strong:has(+br)]:pb-2\"><strong>T\u00f6rt\u00e9net<\/strong><\/p>\n<p class=\"my-2 [&amp;+p]:mt-4 [&amp;_strong:has(+br)]:inline-block [&amp;_strong:has(+br)]:pb-2\">L\u00e9pj be a p\u00e1rhuzamos vil\u00e1gok t\u00f6rt\u00e9net\u00e9be&#8230;<br \/>\nIris a DE-1-ben sz\u00fcletett, egy olyan val\u00f3s\u00e1gban, amely hasonl\u00edt a 21. sz\u00e1zad eleji F\u00f6ldre. Sz\u00fclet\u00e9se tragikus hurkok sorozat\u00e1t ind\u00edtotta el, amelyet Arata Mizunashi \u00e9s csapata l\u00e9p\u00e9sr\u0151l l\u00e9p\u00e9sre kibogozott. Amikor Iris j\u00f3akarata helyre\u00e1llt, l\u00e9trehozta a DE-1 vil\u00e1g\u00e1nak m\u00e1solat\u00e1t, a DE-1.5-\u00f6t. Itt a r\u00e9gi konfliktusok \u00e1tadj\u00e1k hely\u00fcket a bar\u00e1ts\u00e1gnak, \u00e9s minden egyes ember t\u00f6k\u00e9letesen m\u0171k\u00f6d\u0151 fogasker\u00e9kk\u00e9 v\u00e1lik egy t\u00f6k\u00e9letes vil\u00e1gban. Azonban egy \u00faj v\u00e1ls\u00e1g fenyegeti a b\u00e9k\u00e9t&#8230;<br \/>\nEgy titokzatos f\u00e9rfi jelenik meg a sz\u00ednen, akit olyan emberek k\u00eds\u00e9rnek, akik zavarba ejt\u0151en hasonl\u00edtanak a kor\u00e1bbi f\u0151szerepl\u0151kre. \u00daj f\u0151h\u0151s\u00fcnk, Sayaka Hiwatari szembes\u00fcl a n\u00f6vekv\u0151 k\u00e1osszal, \u00e9s szinte lehetetlenn\u00e9 v\u00e1lik megk\u00fcl\u00f6nb\u00f6ztetni az ellens\u00e9get a bar\u00e1tt\u00f3l.<br \/>\n\u00c9s \u00edgy a m\u00e1svil\u00e1g elleni harc \u00faj szakaszba l\u00e9p&#8230;     <\/p>\n<hr class=\"bg-subtle h-px border-0\">\n<p class=\"my-2 [&amp;+p]:mt-4 [&amp;_strong:has(+br)]:inline-block [&amp;_strong:has(+br)]:pb-2\"><strong>A j\u00e1t\u00e9k f\u0151bb jellemz\u0151i<\/strong><\/p>\n<ul class=\"marker:text-quiet list-disc\">\n<li class=\"py-0 my-0 prose-p:pt-0 prose-p:mb-2 prose-p:my-0 [&amp;&gt;p]:pt-0 [&amp;&gt;p]:mb-2 [&amp;&gt;p]:my-0\">\n<p class=\"my-2 [&amp;+p]:mt-4 [&amp;_strong:has(+br)]:inline-block [&amp;_strong:has(+br)]:pb-2\">Nincs er\u0151fesz\u00edt\u00e9s, nincs hat\u00e1s &#8211; Mer\u00e9szkedj a Strain Zone vesz\u00e9lyes b\u00f6rt\u00f6neibe, amelyek tele vannak v\u00e9letlenszer\u0171en gener\u00e1lt sz\u00f6rnyekkel, csapd\u00e1kkal \u00e9s vesz\u00e9lyekkel. Minden d\u00f6nt\u00e9s sz\u00e1m\u00edt: amikor te l\u00e9psz, az ellenfeleid is megkapj\u00e1k a lehet\u0151s\u00e9get. Fedezd fel a v\u00e1rb\u00f6rt\u00f6n minden szeglet\u00e9t, gy\u0171jts hasznos t\u00e1rgyakat, \u00e9s pr\u00f3b\u00e1lj min\u00e9l lejjebb ker\u00fclni.  <\/p>\n<\/li>\n<li class=\"py-0 my-0 prose-p:pt-0 prose-p:mb-2 prose-p:my-0 [&amp;&gt;p]:pt-0 [&amp;&gt;p]:mb-2 [&amp;&gt;p]:my-0\">\n<p class=\"my-2 [&amp;+p]:mt-4 [&amp;_strong:has(+br)]:inline-block [&amp;_strong:has(+br)]:pb-2\">Ha pislogsz &#8211; meghalsz! &#8211; Minden mozdulatod brut\u00e1lis hal\u00e1los v\u00e9get \u00e9rhet. M\u00e9g egy k\u00fcl\u00f6n\u00f6sen v\u00e9res Double Death Enddel is tal\u00e1lkozhatsz, Keia Nanameda illusztr\u00e1ci\u00f3ival \u00e9s Makoto Kodouin \u00e9rz\u00e9keny szem\u00e9vel.  <\/p>\n<\/li>\n<li class=\"py-0 my-0 prose-p:pt-0 prose-p:mb-2 prose-p:my-0 [&amp;&gt;p]:pt-0 [&amp;&gt;p]:mb-2 [&amp;&gt;p]:my-0\">\n<p class=\"my-2 [&amp;+p]:mt-4 [&amp;_strong:has(+br)]:inline-block [&amp;_strong:has(+br)]:pb-2\">Menj a v\u00e9g\u00e9re, \u00e9s ne n\u00e9zz vissza &#8211; A legnagyobb kih\u00edv\u00e1sok az egyes b\u00f6rt\u00f6n\u00f6k v\u00e9g\u00e9n v\u00e1rnak r\u00e1d. Teszteld a hat\u00e1raidat, k\u00fczdj meg egy hatalmas f\u0151n\u00f6kkel, mentsd meg a bar\u00e1taidat, \u00e9s pr\u00f3b\u00e1lj meg kijutni a Strain Zone-b\u00f3l az \u00faj t\u00e1rsaddal. <\/p>\n<\/li>\n<li class=\"py-0 my-0 prose-p:pt-0 prose-p:mb-2 prose-p:my-0 [&amp;&gt;p]:pt-0 [&amp;&gt;p]:mb-2 [&amp;&gt;p]:my-0\">\n<p class=\"my-2 [&amp;+p]:mt-4 [&amp;_strong:has(+br)]:inline-block [&amp;_strong:has(+br)]:pb-2\">Vissza a v\u00e1rosba! &#8211; A Strain Zone-ba tett kir\u00e1ndul\u00e1sok k\u00f6z\u00f6tt mindenk\u00e9ppen pihenj otthon, szereld fel magad alapvet\u0151 t\u00e1rgyakkal, fejleszd a fegyvereidet az \u00c9jszakai Bagoly K\u00e1v\u00e9z\u00f3ban, vagy l\u00e1togasd meg a bar\u00e1taidat a v\u00e1rosban. <\/p>\n<\/li>\n<\/ul>\n","protected":false},"excerpt":{"rendered":"<p>T\u00f6rt\u00e9net L\u00e9pj be a p\u00e1rhuzamos vil\u00e1gok t\u00f6rt\u00e9net\u00e9be&#8230; Iris a DE-1-ben sz\u00fcletett, egy olyan val\u00f3s\u00e1gban, amely hasonl\u00edt a 21. sz\u00e1zad eleji F\u00f6ldre. Sz\u00fclet\u00e9se tragikus hurkok sorozat\u00e1t ind\u00edtotta el, amelyet Arata Mizunashi \u00e9s csapata l\u00e9p\u00e9sr\u0151l l\u00e9p\u00e9sre kibogozott. Amikor Iris j\u00f3akarata helyre\u00e1llt, l\u00e9trehozta a DE-1 vil\u00e1g\u00e1nak m\u00e1solat\u00e1t, a DE-1.5-\u00f6t. Itt a r\u00e9gi konfliktusok \u00e1tadj\u00e1k hely\u00fcket a bar\u00e1ts\u00e1gnak, \u00e9s [&hellip;]<\/p>\n","protected":false},"featured_media":43825,"template":"","meta":{"_acf_changed":false,"site-sidebar-layout":"default","site-content-layout":"","ast-site-content-layout":"default","site-content-style":"default","site-sidebar-style":"default","ast-global-header-display":"","ast-banner-title-visibility":"","ast-main-header-display":"","ast-hfb-above-header-display":"","ast-hfb-below-header-display":"","ast-hfb-mobile-header-display":"","site-post-title":"","ast-breadcrumbs-content":"","ast-featured-img":"","footer-sml-layout":"","ast-disable-related-posts":"","theme-transparent-header-meta":"default","adv-header-id-meta":"","stick-header-meta":"","header-above-stick-meta":"","header-main-stick-meta":"","header-below-stick-meta":"","astra-migrate-meta-layouts":"default","ast-page-background-enabled":"default","ast-page-background-meta":{"desktop":{"background-color":"var(--ast-global-color-4)","background-image":"","background-repeat":"repeat","background-position":"center center","background-size":"auto","background-attachment":"scroll","background-type":"","background-media":"","overlay-type":"","overlay-color":"","overlay-opacity":"","overlay-gradient":""},"tablet":{"background-color":"","background-image":"","background-repeat":"repeat","background-position":"center center","background-size":"auto","background-attachment":"scroll","background-type":"","background-media":"","overlay-type":"","overlay-color":"","overlay-opacity":"","overlay-gradient":""},"mobile":{"background-color":"","background-image":"","background-repeat":"repeat","background-position":"center center","background-size":"auto","background-attachment":"scroll","background-type":"","background-media":"","overlay-type":"","overlay-color":"","overlay-opacity":"","overlay-gradient":""}},"ast-content-background-meta":{"desktop":{"background-color":"var(--ast-global-color-5)","background-image":"","background-repeat":"repeat","background-position":"center center","background-size":"auto","background-attachment":"scroll","background-type":"","background-media":"","overlay-type":"","overlay-color":"","overlay-opacity":"","overlay-gradient":""},"tablet":{"background-color":"var(--ast-global-color-5)","background-image":"","background-repeat":"repeat","background-position":"center center","background-size":"auto","background-attachment":"scroll","background-type":"","background-media":"","overlay-type":"","overlay-color":"","overlay-opacity":"","overlay-gradient":""},"mobile":{"background-color":"var(--ast-global-color-5)","background-image":"","background-repeat":"repeat","background-position":"center center","background-size":"auto","background-attachment":"scroll","background-type":"","background-media":"","overlay-type":"","overlay-color":"","overlay-opacity":"","overlay-gradient":""}}},"product_brand":[],"product_cat":[369,365,523,464,364,386],"product_tag":[],"class_list":{"0":"post-43833","1":"product","2":"type-product","3":"status-publish","4":"has-post-thumbnail","6":"product_cat-csarnokok","7":"product_cat-goz","8":"product_cat-hirek","9":"product_cat-idea-factory-international-hu","10":"product_cat-rpg-k","11":"product_cat-strategiai-jatekok","12":"desktop-align-left","13":"tablet-align-left","14":"mobile-align-left","16":"first","17":"instock","18":"shipping-taxable","19":"purchasable","20":"product-type-simple"},"acf":[],"yoast_head":"<!-- This site is optimized with the Yoast SEO Premium plugin v27.4 (Yoast SEO v27.4) - https:\/\/yoast.com\/product\/yoast-seo-premium-wordpress\/ -->\n<title>Death end re;Quest: Code Z - Prismagamers.com<\/title>\n<meta name=\"description\" content=\"T\u00f6rt\u00e9net L\u00e9pj be a p\u00e1rhuzamos vil\u00e1gok t\u00f6rt\u00e9net\u00e9be... Iris a DE-1-ben sz\u00fcletett, egy olyan val\u00f3s\u00e1gban, amely hasonl\u00edt a 21. sz\u00e1zad eleji F\u00f6ldre. Sz\u00fclet\u00e9se\" \/>\n<meta name=\"robots\" content=\"index, follow, max-snippet:-1, max-image-preview:large, max-video-preview:-1\" \/>\n<link rel=\"canonical\" href=\"https:\/\/prismagamers.com\/hu\/produkt\/death-end-request-code-z\/\" \/>\n<meta property=\"og:locale\" content=\"hu_HU\" \/>\n<meta property=\"og:type\" content=\"article\" \/>\n<meta property=\"og:title\" content=\"Death end re;Quest: Code Z\" \/>\n<meta property=\"og:description\" content=\"T\u00f6rt\u00e9net L\u00e9pj be a p\u00e1rhuzamos vil\u00e1gok t\u00f6rt\u00e9net\u00e9be... Iris a DE-1-ben sz\u00fcletett, egy olyan val\u00f3s\u00e1gban, amely hasonl\u00edt a 21. sz\u00e1zad eleji F\u00f6ldre. Sz\u00fclet\u00e9se\" \/>\n<meta property=\"og:url\" content=\"https:\/\/prismagamers.com\/hu\/produkt\/death-end-request-code-z\/\" \/>\n<meta property=\"og:site_name\" content=\"Prismagamers.com\" \/>\n<meta property=\"article:publisher\" content=\"https:\/\/www.facebook.com\/prismagamers\" \/>\n<meta property=\"article:modified_time\" content=\"2026-03-04T00:23:44+00:00\" \/>\n<meta property=\"og:image\" content=\"https:\/\/prismagamers.com\/wp-content\/uploads\/2025\/09\/DeathEndBoxshot.jpg\" \/>\n\t<meta property=\"og:image:width\" content=\"300\" \/>\n\t<meta property=\"og:image:height\" content=\"450\" \/>\n\t<meta property=\"og:image:type\" content=\"image\/jpeg\" \/>\n<meta name=\"twitter:card\" content=\"summary_large_image\" \/>\n<meta name=\"twitter:label1\" content=\"Becs\u00fclt olvas\u00e1si id\u0151\" \/>\n\t<meta name=\"twitter:data1\" content=\"2 perc\" \/>\n<script type=\"application\/ld+json\" class=\"yoast-schema-graph\">{\"@context\":\"https:\\\/\\\/schema.org\",\"@graph\":[{\"@type\":\"WebPage\",\"@id\":\"https:\\\/\\\/prismagamers.com\\\/hu\\\/produkt\\\/death-end-request-code-z\\\/\",\"url\":\"https:\\\/\\\/prismagamers.com\\\/hu\\\/produkt\\\/death-end-request-code-z\\\/\",\"name\":\"Death end re;Quest: Code Z - Prismagamers.com\",\"isPartOf\":{\"@id\":\"https:\\\/\\\/prismagamers.com\\\/hu\\\/#website\"},\"primaryImageOfPage\":{\"@id\":\"https:\\\/\\\/prismagamers.com\\\/hu\\\/produkt\\\/death-end-request-code-z\\\/#primaryimage\"},\"image\":{\"@id\":\"https:\\\/\\\/prismagamers.com\\\/hu\\\/produkt\\\/death-end-request-code-z\\\/#primaryimage\"},\"thumbnailUrl\":\"https:\\\/\\\/prismagamers.com\\\/wp-content\\\/uploads\\\/2025\\\/09\\\/DeathEndBoxshot.jpg\",\"datePublished\":\"2025-09-29T19:53:06+00:00\",\"dateModified\":\"2026-03-04T00:23:44+00:00\",\"description\":\"T\u00f6rt\u00e9net L\u00e9pj be a p\u00e1rhuzamos vil\u00e1gok t\u00f6rt\u00e9net\u00e9be... Iris a DE-1-ben sz\u00fcletett, egy olyan val\u00f3s\u00e1gban, amely hasonl\u00edt a 21. sz\u00e1zad eleji F\u00f6ldre. Sz\u00fclet\u00e9se\",\"breadcrumb\":{\"@id\":\"https:\\\/\\\/prismagamers.com\\\/hu\\\/produkt\\\/death-end-request-code-z\\\/#breadcrumb\"},\"inLanguage\":\"hu\",\"potentialAction\":[{\"@type\":\"ReadAction\",\"target\":[\"https:\\\/\\\/prismagamers.com\\\/hu\\\/produkt\\\/death-end-request-code-z\\\/\"]}]},{\"@type\":\"ImageObject\",\"inLanguage\":\"hu\",\"@id\":\"https:\\\/\\\/prismagamers.com\\\/hu\\\/produkt\\\/death-end-request-code-z\\\/#primaryimage\",\"url\":\"https:\\\/\\\/prismagamers.com\\\/wp-content\\\/uploads\\\/2025\\\/09\\\/DeathEndBoxshot.jpg\",\"contentUrl\":\"https:\\\/\\\/prismagamers.com\\\/wp-content\\\/uploads\\\/2025\\\/09\\\/DeathEndBoxshot.jpg\",\"width\":300,\"height\":450},{\"@type\":\"BreadcrumbList\",\"@id\":\"https:\\\/\\\/prismagamers.com\\\/hu\\\/produkt\\\/death-end-request-code-z\\\/#breadcrumb\",\"itemListElement\":[{\"@type\":\"ListItem\",\"position\":1,\"name\":\"Strona g\u0142\u00f3wna\",\"item\":\"https:\\\/\\\/prismagamers.com\\\/hu\\\/prismagamers\\\/\"},{\"@type\":\"ListItem\",\"position\":2,\"name\":\"Shop\",\"item\":\"https:\\\/\\\/prismagamers.com\\\/hu\\\/shop\\\/\"},{\"@type\":\"ListItem\",\"position\":3,\"name\":\"Death end re;Quest: Code Z\"}]},{\"@type\":\"WebSite\",\"@id\":\"https:\\\/\\\/prismagamers.com\\\/hu\\\/#website\",\"url\":\"https:\\\/\\\/prismagamers.com\\\/hu\\\/\",\"name\":\"Prismagamers\",\"description\":\"Sklep z grami PC I Sklep klucze Steam\",\"publisher\":{\"@id\":\"https:\\\/\\\/prismagamers.com\\\/hu\\\/#organization\"},\"potentialAction\":[{\"@type\":\"SearchAction\",\"target\":{\"@type\":\"EntryPoint\",\"urlTemplate\":\"https:\\\/\\\/prismagamers.com\\\/hu\\\/?s={search_term_string}\"},\"query-input\":{\"@type\":\"PropertyValueSpecification\",\"valueRequired\":true,\"valueName\":\"search_term_string\"}}],\"inLanguage\":\"hu\"},{\"@type\":\"Organization\",\"@id\":\"https:\\\/\\\/prismagamers.com\\\/hu\\\/#organization\",\"name\":\"Prismagamers\",\"url\":\"https:\\\/\\\/prismagamers.com\\\/hu\\\/\",\"logo\":{\"@type\":\"ImageObject\",\"inLanguage\":\"hu\",\"@id\":\"https:\\\/\\\/prismagamers.com\\\/hu\\\/#\\\/schema\\\/logo\\\/image\\\/\",\"url\":\"https:\\\/\\\/prismagamers.com\\\/wp-content\\\/uploads\\\/2022\\\/04\\\/cropped-logo-Prismagamers-01-scaled-1.jpg\",\"contentUrl\":\"https:\\\/\\\/prismagamers.com\\\/wp-content\\\/uploads\\\/2022\\\/04\\\/cropped-logo-Prismagamers-01-scaled-1.jpg\",\"width\":512,\"height\":512,\"caption\":\"Prismagamers\"},\"image\":{\"@id\":\"https:\\\/\\\/prismagamers.com\\\/hu\\\/#\\\/schema\\\/logo\\\/image\\\/\"},\"sameAs\":[\"https:\\\/\\\/www.facebook.com\\\/prismagamers\",\"https:\\\/\\\/www.instagram.com\\\/prismagamers_grycyfrowe\\\/\"],\"description\":\"Prismagamers.com to dynamiczny sklep z grami cyfrowymi, stworzony z my\u015bl\u0105 o entuzjastach gier wideo. Nasza strona oferuje szerok\u0105 gam\u0119 gier komputerowych, w tym najnowsze tytu\u0142y, dobrze znane klasyki oraz gry stworzone przez niezale\u017cne studia Ca\u0142y czas d\u0105\u017cymy do rozszerzenia naszej oferty. Do\u0142\u0105cz do nas i sta\u0144 si\u0119 cz\u0119\u015bci\u0105 naszej rosn\u0105cej spo\u0142eczno\u015bci graczy!\",\"email\":\"shop@prismagamers.com\",\"telephone\":\"48795541705\",\"legalName\":\"East Caravan Maksym \u017bukow\",\"foundingDate\":\"2012-05-10\",\"vatID\":\"PL8943038612\",\"taxID\":\"PL8943038612\",\"numberOfEmployees\":{\"@type\":\"QuantitativeValue\",\"minValue\":\"11\",\"maxValue\":\"50\"}}]}<\/script>\n<!-- \/ Yoast SEO Premium plugin. -->","yoast_head_json":{"title":"Death end re;Quest: Code Z - Prismagamers.com","description":"T\u00f6rt\u00e9net L\u00e9pj be a p\u00e1rhuzamos vil\u00e1gok t\u00f6rt\u00e9net\u00e9be... Iris a DE-1-ben sz\u00fcletett, egy olyan val\u00f3s\u00e1gban, amely hasonl\u00edt a 21. sz\u00e1zad eleji F\u00f6ldre. Sz\u00fclet\u00e9se","robots":{"index":"index","follow":"follow","max-snippet":"max-snippet:-1","max-image-preview":"max-image-preview:large","max-video-preview":"max-video-preview:-1"},"canonical":"https:\/\/prismagamers.com\/hu\/produkt\/death-end-request-code-z\/","og_locale":"hu_HU","og_type":"article","og_title":"Death end re;Quest: Code Z","og_description":"T\u00f6rt\u00e9net L\u00e9pj be a p\u00e1rhuzamos vil\u00e1gok t\u00f6rt\u00e9net\u00e9be... Iris a DE-1-ben sz\u00fcletett, egy olyan val\u00f3s\u00e1gban, amely hasonl\u00edt a 21. sz\u00e1zad eleji F\u00f6ldre. Sz\u00fclet\u00e9se","og_url":"https:\/\/prismagamers.com\/hu\/produkt\/death-end-request-code-z\/","og_site_name":"Prismagamers.com","article_publisher":"https:\/\/www.facebook.com\/prismagamers","article_modified_time":"2026-03-04T00:23:44+00:00","og_image":[{"width":300,"height":450,"url":"https:\/\/prismagamers.com\/wp-content\/uploads\/2025\/09\/DeathEndBoxshot.jpg","type":"image\/jpeg"}],"twitter_card":"summary_large_image","twitter_misc":{"Becs\u00fclt olvas\u00e1si id\u0151":"2 perc"},"schema":{"@context":"https:\/\/schema.org","@graph":[{"@type":"WebPage","@id":"https:\/\/prismagamers.com\/hu\/produkt\/death-end-request-code-z\/","url":"https:\/\/prismagamers.com\/hu\/produkt\/death-end-request-code-z\/","name":"Death end re;Quest: Code Z - Prismagamers.com","isPartOf":{"@id":"https:\/\/prismagamers.com\/hu\/#website"},"primaryImageOfPage":{"@id":"https:\/\/prismagamers.com\/hu\/produkt\/death-end-request-code-z\/#primaryimage"},"image":{"@id":"https:\/\/prismagamers.com\/hu\/produkt\/death-end-request-code-z\/#primaryimage"},"thumbnailUrl":"https:\/\/prismagamers.com\/wp-content\/uploads\/2025\/09\/DeathEndBoxshot.jpg","datePublished":"2025-09-29T19:53:06+00:00","dateModified":"2026-03-04T00:23:44+00:00","description":"T\u00f6rt\u00e9net L\u00e9pj be a p\u00e1rhuzamos vil\u00e1gok t\u00f6rt\u00e9net\u00e9be... Iris a DE-1-ben sz\u00fcletett, egy olyan val\u00f3s\u00e1gban, amely hasonl\u00edt a 21. sz\u00e1zad eleji F\u00f6ldre. Sz\u00fclet\u00e9se","breadcrumb":{"@id":"https:\/\/prismagamers.com\/hu\/produkt\/death-end-request-code-z\/#breadcrumb"},"inLanguage":"hu","potentialAction":[{"@type":"ReadAction","target":["https:\/\/prismagamers.com\/hu\/produkt\/death-end-request-code-z\/"]}]},{"@type":"ImageObject","inLanguage":"hu","@id":"https:\/\/prismagamers.com\/hu\/produkt\/death-end-request-code-z\/#primaryimage","url":"https:\/\/prismagamers.com\/wp-content\/uploads\/2025\/09\/DeathEndBoxshot.jpg","contentUrl":"https:\/\/prismagamers.com\/wp-content\/uploads\/2025\/09\/DeathEndBoxshot.jpg","width":300,"height":450},{"@type":"BreadcrumbList","@id":"https:\/\/prismagamers.com\/hu\/produkt\/death-end-request-code-z\/#breadcrumb","itemListElement":[{"@type":"ListItem","position":1,"name":"Strona g\u0142\u00f3wna","item":"https:\/\/prismagamers.com\/hu\/prismagamers\/"},{"@type":"ListItem","position":2,"name":"Shop","item":"https:\/\/prismagamers.com\/hu\/shop\/"},{"@type":"ListItem","position":3,"name":"Death end re;Quest: Code Z"}]},{"@type":"WebSite","@id":"https:\/\/prismagamers.com\/hu\/#website","url":"https:\/\/prismagamers.com\/hu\/","name":"Prismagamers","description":"Sklep z grami PC I Sklep klucze Steam","publisher":{"@id":"https:\/\/prismagamers.com\/hu\/#organization"},"potentialAction":[{"@type":"SearchAction","target":{"@type":"EntryPoint","urlTemplate":"https:\/\/prismagamers.com\/hu\/?s={search_term_string}"},"query-input":{"@type":"PropertyValueSpecification","valueRequired":true,"valueName":"search_term_string"}}],"inLanguage":"hu"},{"@type":"Organization","@id":"https:\/\/prismagamers.com\/hu\/#organization","name":"Prismagamers","url":"https:\/\/prismagamers.com\/hu\/","logo":{"@type":"ImageObject","inLanguage":"hu","@id":"https:\/\/prismagamers.com\/hu\/#\/schema\/logo\/image\/","url":"https:\/\/prismagamers.com\/wp-content\/uploads\/2022\/04\/cropped-logo-Prismagamers-01-scaled-1.jpg","contentUrl":"https:\/\/prismagamers.com\/wp-content\/uploads\/2022\/04\/cropped-logo-Prismagamers-01-scaled-1.jpg","width":512,"height":512,"caption":"Prismagamers"},"image":{"@id":"https:\/\/prismagamers.com\/hu\/#\/schema\/logo\/image\/"},"sameAs":["https:\/\/www.facebook.com\/prismagamers","https:\/\/www.instagram.com\/prismagamers_grycyfrowe\/"],"description":"Prismagamers.com to dynamiczny sklep z grami cyfrowymi, stworzony z my\u015bl\u0105 o entuzjastach gier wideo. Nasza strona oferuje szerok\u0105 gam\u0119 gier komputerowych, w tym najnowsze tytu\u0142y, dobrze znane klasyki oraz gry stworzone przez niezale\u017cne studia Ca\u0142y czas d\u0105\u017cymy do rozszerzenia naszej oferty. Do\u0142\u0105cz do nas i sta\u0144 si\u0119 cz\u0119\u015bci\u0105 naszej rosn\u0105cej spo\u0142eczno\u015bci graczy!","email":"shop@prismagamers.com","telephone":"48795541705","legalName":"East Caravan Maksym \u017bukow","foundingDate":"2012-05-10","vatID":"PL8943038612","taxID":"PL8943038612","numberOfEmployees":{"@type":"QuantitativeValue","minValue":"11","maxValue":"50"}}]}},"_links":{"self":[{"href":"https:\/\/prismagamers.com\/hu\/wp-json\/wp\/v2\/product\/43833","targetHints":{"allow":["GET"]}}],"collection":[{"href":"https:\/\/prismagamers.com\/hu\/wp-json\/wp\/v2\/product"}],"about":[{"href":"https:\/\/prismagamers.com\/hu\/wp-json\/wp\/v2\/types\/product"}],"wp:featuredmedia":[{"embeddable":true,"href":"https:\/\/prismagamers.com\/hu\/wp-json\/wp\/v2\/media\/43825"}],"wp:attachment":[{"href":"https:\/\/prismagamers.com\/hu\/wp-json\/wp\/v2\/media?parent=43833"}],"wp:term":[{"taxonomy":"product_brand","embeddable":true,"href":"https:\/\/prismagamers.com\/hu\/wp-json\/wp\/v2\/product_brand?post=43833"},{"taxonomy":"product_cat","embeddable":true,"href":"https:\/\/prismagamers.com\/hu\/wp-json\/wp\/v2\/product_cat?post=43833"},{"taxonomy":"product_tag","embeddable":true,"href":"https:\/\/prismagamers.com\/hu\/wp-json\/wp\/v2\/product_tag?post=43833"}],"curies":[{"name":"wp","href":"https:\/\/api.w.org\/{rel}","templated":true}]}}