{"id":44057,"date":"2025-10-16T15:00:58","date_gmt":"2025-10-16T13:00:58","guid":{"rendered":"https:\/\/prismagamers.com\/produkt\/pax-dei\/"},"modified":"2026-01-02T00:36:11","modified_gmt":"2026-01-01T23:36:11","slug":"pax-dei","status":"publish","type":"product","link":"https:\/\/prismagamers.com\/hu\/produkt\/pax-dei\/","title":{"rendered":"Pax Dei"},"content":{"rendered":"<p class=\"my-2 [&amp;+p]:mt-4 [&amp;_strong:has(+br)]:inline-block [&amp;_strong:has(+br)]:pb-2\"><strong>Pax Dei: The Basic Game &#8211; Nyisd ki az ajt\u00f3t egy \u00faj MMO vil\u00e1gba!<\/strong><\/p>\n<p class=\"my-2 [&amp;+p]:mt-4 [&amp;_strong:has(+br)]:inline-block [&amp;_strong:has(+br)]:pb-2\">J\u00e1tsszon Pax Dei most! Az alapverzi\u00f3 teljes hozz\u00e1f\u00e9r\u00e9st biztos\u00edt a j\u00e1t\u00e9khoz id\u0151korl\u00e1toz\u00e1s n\u00e9lk\u00fcl &#8211; minden, amire sz\u00fcks\u00e9ged van ahhoz, hogy elkezdhesd a kalandodat ebben az egyed\u00fcl\u00e1ll\u00f3 MMO sandbox j\u00e1t\u00e9kban, amelyet a k\u00f6z\u00e9pkori legend\u00e1k ihlettek. <\/p>\n<p class=\"my-2 [&amp;+p]:mt-4 [&amp;_strong:has(+br)]:inline-block [&amp;_strong:has(+br)]:pb-2\"><strong>A csomagban kapja:<\/strong><\/p>\n<ul class=\"marker:text-quiet list-disc\">\n<li class=\"py-0 my-0 prose-p:pt-0 prose-p:mb-2 prose-p:my-0 [&amp;&gt;p]:pt-0 [&amp;&gt;p]:mb-2 [&amp;&gt;p]:my-0\">\n<p class=\"my-2 [&amp;+p]:mt-4 [&amp;_strong:has(+br)]:inline-block [&amp;_strong:has(+br)]:pb-2\">Hozz\u00e1f\u00e9r\u00e9s a Pax Deihez<\/p>\n<\/li>\n<li class=\"py-0 my-0 prose-p:pt-0 prose-p:mb-2 prose-p:my-0 [&amp;&gt;p]:pt-0 [&amp;&gt;p]:mb-2 [&amp;&gt;p]:my-0\">\n<p class=\"my-2 [&amp;+p]:mt-4 [&amp;_strong:has(+br)]:inline-block [&amp;_strong:has(+br)]:pb-2\">2 karakterhely<\/p>\n<\/li>\n<li class=\"py-0 my-0 prose-p:pt-0 prose-p:mb-2 prose-p:my-0 [&amp;&gt;p]:pt-0 [&amp;&gt;p]:mb-2 [&amp;&gt;p]:my-0\">\n<p class=\"my-2 [&amp;+p]:mt-4 [&amp;_strong:has(+br)]:inline-block [&amp;_strong:has(+br)]:pb-2\">Ingyenes havi pr\u00e9mium tags\u00e1g (1 h\u00e1z telek)*.<\/p>\n<\/li>\n<\/ul>\n<p class=\"my-2 [&amp;+p]:mt-4 [&amp;_strong:has(+br)]:inline-block [&amp;_strong:has(+br)]:pb-2\">*Az ingyenes pr\u00e9mium h\u00f3nap tartalmazza: A havi pr\u00e9mium st\u00e1tusz 50%-kal n\u00f6veli a napi bejelentkez\u00e9sek kegyelm\u00e9t, 50%-kal a vesztes\u00e9gek kegyelm\u00e9t \u00e9s 50%-kal n\u00f6veli a tapasztalati szinteket. A pr\u00e9mium tags\u00e1g nem sz\u00fcks\u00e9ges a j\u00e1t\u00e9khoz. Tov\u00e1bbi d\u00edjakat lehet felsz\u00e1m\u00edtani.  <\/p>\n<hr class=\"bg-subtle h-px border-0\">\n<p class=\"my-2 [&amp;+p]:mt-4 [&amp;_strong:has(+br)]:inline-block [&amp;_strong:has(+br)]:pb-2\"><strong>A j\u00e1t\u00e9k le\u00edr\u00e1sa<\/strong><\/p>\n<p class=\"my-2 [&amp;+p]:mt-4 [&amp;_strong:has(+br)]:inline-block [&amp;_strong:has(+br)]:pb-2\">L\u00e9pj be egy kiterjedt, k\u00f6z\u00f6ss\u00e9gi MMO sandboxba, amely egy k\u00f6z\u00e9pkori m\u00edtoszok \u00e1ltal inspir\u00e1lt vil\u00e1gban j\u00e1tsz\u00f3dik. Itt a m\u00edtoszok val\u00f3s\u00e1got jelentenek, szellemek l\u00e9teznek, \u00e9s a m\u00e1gia az \u00e9let szerves r\u00e9sze. J\u00e1t\u00e9kosok sz\u00e1zai hozz\u00e1k l\u00e9tre veled egy\u00fctt ezt a vil\u00e1got &#8211; fedezd fel, \u00e9p\u00edtkezz, alak\u00edtsd a h\u00edrnevedet \u00e9s \u00edrd meg a saj\u00e1t legend\u00e1dat egy lehet\u0151s\u00e9gekkel teli, nyitott vil\u00e1gban.  <\/p>\n<p class=\"my-2 [&amp;+p]:mt-4 [&amp;_strong:has(+br)]:inline-block [&amp;_strong:has(+br)]:pb-2\">Otthon \u00e9s kl\u00e1n<br \/>\nTal\u00e1ld meg a t\u00f6k\u00e9letes telket a biztons\u00e1gos Sz\u00edvf\u00f6ld\u00f6n, \u00e9s \u00e9p\u00edtsd fel a saj\u00e1t otthonodat &#8211; itt vir\u00e1gozhat a falud \u00e9s a kl\u00e1nod az isteni kegyelem v\u00e9delme alatt. Ebben a vil\u00e1gban minden a j\u00e1t\u00e9kosok munk\u00e1ja \u00e9s k\u00e9pess\u00e9gei r\u00e9v\u00e9n j\u00f6n l\u00e9tre: ruh\u00e1k, \u00e9telek, szersz\u00e1mok, fegyverek, d\u00edszek \u00e9s m\u00e9g sok minden m\u00e1s. <\/p>\n<p class=\"my-2 [&amp;+p]:mt-4 [&amp;_strong:has(+br)]:inline-block [&amp;_strong:has(+br)]:pb-2\"><strong>Fedezd fel a<\/strong><br \/>\n<strong>sz\u0171z f\u00f6ldjeit<\/strong> Mer\u00e9szkedj a vadonba, ahol kih\u00edv\u00e1sok v\u00e1rnak r\u00e1d: gy\u0151zd le a s\u00f6t\u00e9t l\u00e9nyek, fedezd fel a m\u00falt titkait, \u00e9s versengj m\u00e1s kl\u00e1nokkal az er\u0151forr\u00e1sok\u00e9rt \u00e9s a befoly\u00e1s\u00e9rt. Min\u00e9l t\u00e1volabb ker\u00fclsz otthonodt\u00f3l, ann\u00e1l vesz\u00e9lyesebb\u00e9 \u00e9s meglep\u0151bb\u00e9 v\u00e1lik a vil\u00e1g. <\/p>\n<p class=\"my-2 [&amp;+p]:mt-4 [&amp;_strong:has(+br)]:inline-block [&amp;_strong:has(+br)]:pb-2\"><strong>Minden j\u00e1t\u00e9kos sokat jelent<\/strong><br \/>\nMinden d\u00f6nt\u00e9s \u00e9s tev\u00e9kenys\u00e9g sz\u00e1m\u00edt a teljes j\u00e1t\u00e9kosok vil\u00e1g\u00e1ban. Egy\u00fcttm\u0171k\u00f6dj, harcolj, alkoss \u00e9s fedezz fel t\u00f6rt\u00e9neteket m\u00e1sokkal, akik \u00e9ppen most sz\u00fcletnek! <\/p>\n<p class=\"my-2 [&amp;+p]:mt-4 [&amp;_strong:has(+br)]:inline-block [&amp;_strong:has(+br)]:pb-2\"><strong>A Pax Dei f\u0151bb jellemz\u0151i:<\/strong><\/p>\n<ul class=\"marker:text-quiet list-disc\">\n<li class=\"py-0 my-0 prose-p:pt-0 prose-p:mb-2 prose-p:my-0 [&amp;&gt;p]:pt-0 [&amp;&gt;p]:mb-2 [&amp;&gt;p]:my-0\">\n<p class=\"my-2 [&amp;+p]:mt-4 [&amp;_strong:has(+br)]:inline-block [&amp;_strong:has(+br)]:pb-2\">Hatalmas, ~300 km\u00b2-es vil\u00e1g, \u00f6t tartom\u00e1nyra \u00e9s 40 egyedi v\u00f6lgyre osztva a leteleped\u00e9shez<\/p>\n<\/li>\n<li class=\"py-0 my-0 prose-p:pt-0 prose-p:mb-2 prose-p:my-0 [&amp;&gt;p]:pt-0 [&amp;&gt;p]:mb-2 [&amp;&gt;p]:my-0\">\n<p class=\"my-2 [&amp;+p]:mt-4 [&amp;_strong:has(+br)]:inline-block [&amp;_strong:has(+br)]:pb-2\">Fejlett k\u00e9zm\u0171ves rendszer \u00e9s t\u00f6bb sz\u00e1z recept felold\u00e1sa<\/p>\n<\/li>\n<li class=\"py-0 my-0 prose-p:pt-0 prose-p:mb-2 prose-p:my-0 [&amp;&gt;p]:pt-0 [&amp;&gt;p]:mb-2 [&amp;&gt;p]:my-0\">\n<p class=\"my-2 [&amp;+p]:mt-4 [&amp;_strong:has(+br)]:inline-block [&amp;_strong:has(+br)]:pb-2\">Home Wizard &#8211; \u00e9p\u00edtse meg otthon\u00e1t saj\u00e1t elk\u00e9pzel\u00e9se szerint<\/p>\n<\/li>\n<li class=\"py-0 my-0 prose-p:pt-0 prose-p:mb-2 prose-p:my-0 [&amp;&gt;p]:pt-0 [&amp;&gt;p]:mb-2 [&amp;&gt;p]:my-0\">\n<p class=\"my-2 [&amp;+p]:mt-4 [&amp;_strong:has(+br)]:inline-block [&amp;_strong:has(+br)]:pb-2\">J\u00e1t\u00e9kosok k\u00f6z\u00f6tti kereskedelem, saj\u00e1t standok \u00e9s piact\u00e9r<\/p>\n<\/li>\n<li class=\"py-0 my-0 prose-p:pt-0 prose-p:mb-2 prose-p:my-0 [&amp;&gt;p]:pt-0 [&amp;&gt;p]:mb-2 [&amp;&gt;p]:my-0\">\n<p class=\"my-2 [&amp;+p]:mt-4 [&amp;_strong:has(+br)]:inline-block [&amp;_strong:has(+br)]:pb-2\">Csod\u00e1k \u00e9s kegyelem, amelyek egyedi b\u00f3nuszokat \u00e9s k\u00fcl\u00f6nleges k\u00e9pess\u00e9geket biztos\u00edtanak<\/p>\n<\/li>\n<li class=\"py-0 my-0 prose-p:pt-0 prose-p:mb-2 prose-p:my-0 [&amp;&gt;p]:pt-0 [&amp;&gt;p]:mb-2 [&amp;&gt;p]:my-0\">\n<p class=\"my-2 [&amp;+p]:mt-4 [&amp;_strong:has(+br)]:inline-block [&amp;_strong:has(+br)]:pb-2\">Kl\u00e1nok kialakul\u00e1sa, telep\u00fcl\u00e9sfejleszt\u00e9s, k\u00f6z\u00f6s hadj\u00e1ratok \u00e9s ostromok<\/p>\n<\/li>\n<li class=\"py-0 my-0 prose-p:pt-0 prose-p:mb-2 prose-p:my-0 [&amp;&gt;p]:pt-0 [&amp;&gt;p]:mb-2 [&amp;&gt;p]:my-0\">\n<p class=\"my-2 [&amp;+p]:mt-4 [&amp;_strong:has(+br)]:inline-block [&amp;_strong:has(+br)]:pb-2\">Discord integr\u00e1ci\u00f3 &#8211; besz\u00e9lgess m\u00e1s j\u00e1t\u00e9kosokkal a j\u00e1t\u00e9kon k\u00edv\u00fcl is<\/p>\n<\/li>\n<li class=\"py-0 my-0 prose-p:pt-0 prose-p:mb-2 prose-p:my-0 [&amp;&gt;p]:pt-0 [&amp;&gt;p]:mb-2 [&amp;&gt;p]:my-0\">\n<p class=\"my-2 [&amp;+p]:mt-4 [&amp;_strong:has(+br)]:inline-block [&amp;_strong:has(+br)]:pb-2\">Teljesen testreszabhat\u00f3 j\u00e1t\u00e9kst\u00edlus &#8211; t\u00f6bb sz\u00e1z t\u00e1rgy \u00e9s k\u00e9pess\u00e9g<\/p>\n<\/li>\n<li class=\"py-0 my-0 prose-p:pt-0 prose-p:mb-2 prose-p:my-0 [&amp;&gt;p]:pt-0 [&amp;&gt;p]:mb-2 [&amp;&gt;p]:my-0\">\n<p class=\"my-2 [&amp;+p]:mt-4 [&amp;_strong:has(+br)]:inline-block [&amp;_strong:has(+br)]:pb-2\">Egyed\u00fcl\u00e1ll\u00f3 dungeonok \u00e9s romok, PvP a Lyonesse z\u00f3n\u00e1ban, val\u00f3di hal\u00e1los k\u00f6vetkezm\u00e9nyekkel.<\/p>\n<\/li>\n<li class=\"py-0 my-0 prose-p:pt-0 prose-p:mb-2 prose-p:my-0 [&amp;&gt;p]:pt-0 [&amp;&gt;p]:mb-2 [&amp;&gt;p]:my-0\">\n<p class=\"my-2 [&amp;+p]:mt-4 [&amp;_strong:has(+br)]:inline-block [&amp;_strong:has(+br)]:pb-2\">A j\u00e1t\u00e9k folyamatos fejleszt\u00e9se, rendszeres friss\u00edt\u00e9sek \u00e9s \u00faj tartalom<\/p>\n<\/li>\n<\/ul>\n<p class=\"my-2 [&amp;+p]:mt-4 [&amp;_strong:has(+br)]:inline-block [&amp;_strong:has(+br)]:pb-2\">Csatlakozz a Pax Dei vil\u00e1g\u00e1hoz, \u00e9p\u00edts, fedezd fel \u00e9s j\u00e1tssz, ahogyan csak akarod! L\u00e9gy r\u00e9sze egy \u00e9l\u0151 j\u00e1t\u00e9kosk\u00f6z\u00f6ss\u00e9gnek, \u00e9s teremtsd meg a saj\u00e1t legend\u00e1dat az egyik legkiterjedtebb MMO homokoz\u00f3ban! <\/p>\n","protected":false},"excerpt":{"rendered":"<p>A Pax Dei egy modern MMO sandbox, amelyet a k\u00f6z\u00e9pkori legend\u00e1k ihlettek, \u00e9s egy hatalmas nyitott vil\u00e1got k\u00edn\u00e1l, ahol felfedezheted, fel\u00e9p\u00edtheted \u00e9s fejlesztheted saj\u00e1t telep\u00fcl\u00e9sedet \u00e9s kl\u00e1nodat. A j\u00e1t\u00e9kban minden a j\u00e1t\u00e9kosok tev\u00e9kenys\u00e9g\u00e9n alapul &#8211; a k\u00e9zm\u0171vess\u00e9gt\u0151l a gazdas\u00e1gon \u00e1t a harcig. <\/p>\n<p><img decoding=\"async\" class=\"emoji\" role=\"img\" draggable=\"false\" src=\"https:\/\/s.w.org\/images\/core\/emoji\/16.0.1\/svg\/1f30d.svg\" alt=\"\ud83c\udf0d\">  Glob\u00e1lis<br \/>\n<img decoding=\"async\" class=\"emoji\" role=\"img\" draggable=\"false\" src=\"https:\/\/s.w.org\/images\/core\/emoji\/16.0.1\/svg\/2699.svg\" alt=\"\u2699\ufe0f\">  G\u0151z<br \/>\n<img decoding=\"async\" class=\"emoji\" role=\"img\" draggable=\"false\" src=\"https:\/\/s.w.org\/images\/core\/emoji\/16.0.1\/svg\/1f5dd.svg\" alt=\"\ud83d\udddd\">  Digit\u00e1lis kulcs<\/p>\n","protected":false},"featured_media":44223,"template":"","meta":{"_acf_changed":false,"site-sidebar-layout":"default","site-content-layout":"","ast-site-content-layout":"default","site-content-style":"default","site-sidebar-style":"default","ast-global-header-display":"","ast-banner-title-visibility":"","ast-main-header-display":"","ast-hfb-above-header-display":"","ast-hfb-below-header-display":"","ast-hfb-mobile-header-display":"","site-post-title":"","ast-breadcrumbs-content":"","ast-featured-img":"","footer-sml-layout":"","ast-disable-related-posts":"","theme-transparent-header-meta":"default","adv-header-id-meta":"","stick-header-meta":"","header-above-stick-meta":"","header-main-stick-meta":"","header-below-stick-meta":"","astra-migrate-meta-layouts":"default","ast-page-background-enabled":"default","ast-page-background-meta":{"desktop":{"background-color":"var(--ast-global-color-4)","background-image":"","background-repeat":"repeat","background-position":"center center","background-size":"auto","background-attachment":"scroll","background-type":"","background-media":"","overlay-type":"","overlay-color":"","overlay-opacity":"","overlay-gradient":""},"tablet":{"background-color":"","background-image":"","background-repeat":"repeat","background-position":"center center","background-size":"auto","background-attachment":"scroll","background-type":"","background-media":"","overlay-type":"","overlay-color":"","overlay-opacity":"","overlay-gradient":""},"mobile":{"background-color":"","background-image":"","background-repeat":"repeat","background-position":"center center","background-size":"auto","background-attachment":"scroll","background-type":"","background-media":"","overlay-type":"","overlay-color":"","overlay-opacity":"","overlay-gradient":""}},"ast-content-background-meta":{"desktop":{"background-color":"var(--ast-global-color-5)","background-image":"","background-repeat":"repeat","background-position":"center center","background-size":"auto","background-attachment":"scroll","background-type":"","background-media":"","overlay-type":"","overlay-color":"","overlay-opacity":"","overlay-gradient":""},"tablet":{"background-color":"var(--ast-global-color-5)","background-image":"","background-repeat":"repeat","background-position":"center center","background-size":"auto","background-attachment":"scroll","background-type":"","background-media":"","overlay-type":"","overlay-color":"","overlay-opacity":"","overlay-gradient":""},"mobile":{"background-color":"var(--ast-global-color-5)","background-image":"","background-repeat":"repeat","background-position":"center center","background-size":"auto","background-attachment":"scroll","background-type":"","background-media":"","overlay-type":"","overlay-color":"","overlay-opacity":"","overlay-gradient":""}}},"product_brand":[],"product_cat":[359,365,651,364],"product_tag":[],"class_list":{"0":"post-44057","1":"product","2":"type-product","3":"status-publish","4":"has-post-thumbnail","6":"product_cat-bestseller-hu","7":"product_cat-goz","8":"product_cat-mainframe-industries-hu","9":"product_cat-rpg-k","10":"desktop-align-left","11":"tablet-align-left","12":"mobile-align-left","14":"first","15":"instock","16":"virtual","17":"purchasable","18":"product-type-simple"},"acf":[],"yoast_head":"<!-- This site is optimized with the Yoast SEO Premium plugin v27.4 (Yoast SEO v27.4) - https:\/\/yoast.com\/product\/yoast-seo-premium-wordpress\/ -->\n<title>Pax Dei - Prismagamers.com<\/title>\n<meta name=\"description\" content=\"A Pax Dei egy modern MMO sandbox, amelyet a k\u00f6z\u00e9pkori legend\u00e1k ihlettek, \u00e9s egy hatalmas nyitott vil\u00e1got k\u00edn\u00e1l, ahol felfedezheted, fel\u00e9p\u00edtheted \u00e9s fejlesztheted saj\u00e1t telep\u00fcl\u00e9sedet \u00e9s kl\u00e1nodat. A j\u00e1t\u00e9kban minden a j\u00e1t\u00e9kosok tev\u00e9kenys\u00e9g\u00e9n alapul - a k\u00e9zm\u0171vess\u00e9gt\u0151l a gazdas\u00e1gon \u00e1t a harcig.   Glob\u00e1lis  G\u0151z  Digit\u00e1lis kulcs\" \/>\n<meta name=\"robots\" content=\"index, follow, max-snippet:-1, max-image-preview:large, max-video-preview:-1\" \/>\n<link rel=\"canonical\" href=\"https:\/\/prismagamers.com\/hu\/produkt\/pax-dei\/\" \/>\n<meta property=\"og:locale\" content=\"hu_HU\" \/>\n<meta property=\"og:type\" content=\"article\" \/>\n<meta property=\"og:title\" content=\"Pax Dei\" \/>\n<meta property=\"og:description\" content=\"A Pax Dei egy modern MMO sandbox, amelyet a k\u00f6z\u00e9pkori legend\u00e1k ihlettek, \u00e9s egy hatalmas nyitott vil\u00e1got k\u00edn\u00e1l, ahol felfedezheted, fel\u00e9p\u00edtheted \u00e9s fejlesztheted saj\u00e1t telep\u00fcl\u00e9sedet \u00e9s kl\u00e1nodat. A j\u00e1t\u00e9kban minden a j\u00e1t\u00e9kosok tev\u00e9kenys\u00e9g\u00e9n alapul - a k\u00e9zm\u0171vess\u00e9gt\u0151l a gazdas\u00e1gon \u00e1t a harcig.   Glob\u00e1lis  G\u0151z  Digit\u00e1lis kulcs\" \/>\n<meta property=\"og:url\" content=\"https:\/\/prismagamers.com\/hu\/produkt\/pax-dei\/\" \/>\n<meta property=\"og:site_name\" content=\"Prismagamers.com\" \/>\n<meta property=\"article:publisher\" content=\"https:\/\/www.facebook.com\/prismagamers\" \/>\n<meta property=\"article:modified_time\" content=\"2026-01-01T23:36:11+00:00\" \/>\n<meta property=\"og:image\" content=\"https:\/\/prismagamers.com\/wp-content\/uploads\/2025\/10\/600x900.jpg\" \/>\n\t<meta property=\"og:image:width\" content=\"600\" \/>\n\t<meta property=\"og:image:height\" content=\"900\" \/>\n\t<meta property=\"og:image:type\" content=\"image\/jpeg\" \/>\n<meta name=\"twitter:card\" content=\"summary_large_image\" \/>\n<meta name=\"twitter:label1\" content=\"Becs\u00fclt olvas\u00e1si id\u0151\" \/>\n\t<meta name=\"twitter:data1\" content=\"3 perc\" \/>\n<script type=\"application\/ld+json\" class=\"yoast-schema-graph\">{\"@context\":\"https:\\\/\\\/schema.org\",\"@graph\":[{\"@type\":\"WebPage\",\"@id\":\"https:\\\/\\\/prismagamers.com\\\/hu\\\/produkt\\\/pax-dei\\\/\",\"url\":\"https:\\\/\\\/prismagamers.com\\\/hu\\\/produkt\\\/pax-dei\\\/\",\"name\":\"Pax Dei - Prismagamers.com\",\"isPartOf\":{\"@id\":\"https:\\\/\\\/prismagamers.com\\\/hu\\\/#website\"},\"primaryImageOfPage\":{\"@id\":\"https:\\\/\\\/prismagamers.com\\\/hu\\\/produkt\\\/pax-dei\\\/#primaryimage\"},\"image\":{\"@id\":\"https:\\\/\\\/prismagamers.com\\\/hu\\\/produkt\\\/pax-dei\\\/#primaryimage\"},\"thumbnailUrl\":\"https:\\\/\\\/prismagamers.com\\\/wp-content\\\/uploads\\\/2025\\\/10\\\/600x900.jpg\",\"datePublished\":\"2025-10-16T13:00:58+00:00\",\"dateModified\":\"2026-01-01T23:36:11+00:00\",\"description\":\"A Pax Dei egy modern MMO sandbox, amelyet a k\u00f6z\u00e9pkori legend\u00e1k ihlettek, \u00e9s egy hatalmas nyitott vil\u00e1got k\u00edn\u00e1l, ahol felfedezheted, fel\u00e9p\u00edtheted \u00e9s fejlesztheted saj\u00e1t telep\u00fcl\u00e9sedet \u00e9s kl\u00e1nodat. A j\u00e1t\u00e9kban minden a j\u00e1t\u00e9kosok tev\u00e9kenys\u00e9g\u00e9n alapul - a k\u00e9zm\u0171vess\u00e9gt\u0151l a gazdas\u00e1gon \u00e1t a harcig. Glob\u00e1lis G\u0151z Digit\u00e1lis kulcs\",\"breadcrumb\":{\"@id\":\"https:\\\/\\\/prismagamers.com\\\/hu\\\/produkt\\\/pax-dei\\\/#breadcrumb\"},\"inLanguage\":\"hu\",\"potentialAction\":[{\"@type\":\"ReadAction\",\"target\":[\"https:\\\/\\\/prismagamers.com\\\/hu\\\/produkt\\\/pax-dei\\\/\"]}]},{\"@type\":\"ImageObject\",\"inLanguage\":\"hu\",\"@id\":\"https:\\\/\\\/prismagamers.com\\\/hu\\\/produkt\\\/pax-dei\\\/#primaryimage\",\"url\":\"https:\\\/\\\/prismagamers.com\\\/wp-content\\\/uploads\\\/2025\\\/10\\\/600x900.jpg\",\"contentUrl\":\"https:\\\/\\\/prismagamers.com\\\/wp-content\\\/uploads\\\/2025\\\/10\\\/600x900.jpg\",\"width\":600,\"height\":900},{\"@type\":\"BreadcrumbList\",\"@id\":\"https:\\\/\\\/prismagamers.com\\\/hu\\\/produkt\\\/pax-dei\\\/#breadcrumb\",\"itemListElement\":[{\"@type\":\"ListItem\",\"position\":1,\"name\":\"Strona g\u0142\u00f3wna\",\"item\":\"https:\\\/\\\/prismagamers.com\\\/hu\\\/prismagamers\\\/\"},{\"@type\":\"ListItem\",\"position\":2,\"name\":\"Shop\",\"item\":\"https:\\\/\\\/prismagamers.com\\\/hu\\\/shop\\\/\"},{\"@type\":\"ListItem\",\"position\":3,\"name\":\"Pax Dei\"}]},{\"@type\":\"WebSite\",\"@id\":\"https:\\\/\\\/prismagamers.com\\\/hu\\\/#website\",\"url\":\"https:\\\/\\\/prismagamers.com\\\/hu\\\/\",\"name\":\"Prismagamers\",\"description\":\"Sklep z grami PC I Sklep klucze Steam\",\"publisher\":{\"@id\":\"https:\\\/\\\/prismagamers.com\\\/hu\\\/#organization\"},\"potentialAction\":[{\"@type\":\"SearchAction\",\"target\":{\"@type\":\"EntryPoint\",\"urlTemplate\":\"https:\\\/\\\/prismagamers.com\\\/hu\\\/?s={search_term_string}\"},\"query-input\":{\"@type\":\"PropertyValueSpecification\",\"valueRequired\":true,\"valueName\":\"search_term_string\"}}],\"inLanguage\":\"hu\"},{\"@type\":\"Organization\",\"@id\":\"https:\\\/\\\/prismagamers.com\\\/hu\\\/#organization\",\"name\":\"Prismagamers\",\"url\":\"https:\\\/\\\/prismagamers.com\\\/hu\\\/\",\"logo\":{\"@type\":\"ImageObject\",\"inLanguage\":\"hu\",\"@id\":\"https:\\\/\\\/prismagamers.com\\\/hu\\\/#\\\/schema\\\/logo\\\/image\\\/\",\"url\":\"https:\\\/\\\/prismagamers.com\\\/wp-content\\\/uploads\\\/2022\\\/04\\\/cropped-logo-Prismagamers-01-scaled-1.jpg\",\"contentUrl\":\"https:\\\/\\\/prismagamers.com\\\/wp-content\\\/uploads\\\/2022\\\/04\\\/cropped-logo-Prismagamers-01-scaled-1.jpg\",\"width\":512,\"height\":512,\"caption\":\"Prismagamers\"},\"image\":{\"@id\":\"https:\\\/\\\/prismagamers.com\\\/hu\\\/#\\\/schema\\\/logo\\\/image\\\/\"},\"sameAs\":[\"https:\\\/\\\/www.facebook.com\\\/prismagamers\",\"https:\\\/\\\/www.instagram.com\\\/prismagamers_grycyfrowe\\\/\"],\"description\":\"Prismagamers.com to dynamiczny sklep z grami cyfrowymi, stworzony z my\u015bl\u0105 o entuzjastach gier wideo. Nasza strona oferuje szerok\u0105 gam\u0119 gier komputerowych, w tym najnowsze tytu\u0142y, dobrze znane klasyki oraz gry stworzone przez niezale\u017cne studia Ca\u0142y czas d\u0105\u017cymy do rozszerzenia naszej oferty. Do\u0142\u0105cz do nas i sta\u0144 si\u0119 cz\u0119\u015bci\u0105 naszej rosn\u0105cej spo\u0142eczno\u015bci graczy!\",\"email\":\"shop@prismagamers.com\",\"telephone\":\"48795541705\",\"legalName\":\"East Caravan Maksym \u017bukow\",\"foundingDate\":\"2012-05-10\",\"vatID\":\"PL8943038612\",\"taxID\":\"PL8943038612\",\"numberOfEmployees\":{\"@type\":\"QuantitativeValue\",\"minValue\":\"11\",\"maxValue\":\"50\"}}]}<\/script>\n<!-- \/ Yoast SEO Premium plugin. -->","yoast_head_json":{"title":"Pax Dei - Prismagamers.com","description":"A Pax Dei egy modern MMO sandbox, amelyet a k\u00f6z\u00e9pkori legend\u00e1k ihlettek, \u00e9s egy hatalmas nyitott vil\u00e1got k\u00edn\u00e1l, ahol felfedezheted, fel\u00e9p\u00edtheted \u00e9s fejlesztheted saj\u00e1t telep\u00fcl\u00e9sedet \u00e9s kl\u00e1nodat. A j\u00e1t\u00e9kban minden a j\u00e1t\u00e9kosok tev\u00e9kenys\u00e9g\u00e9n alapul - a k\u00e9zm\u0171vess\u00e9gt\u0151l a gazdas\u00e1gon \u00e1t a harcig.   Glob\u00e1lis  G\u0151z  Digit\u00e1lis kulcs","robots":{"index":"index","follow":"follow","max-snippet":"max-snippet:-1","max-image-preview":"max-image-preview:large","max-video-preview":"max-video-preview:-1"},"canonical":"https:\/\/prismagamers.com\/hu\/produkt\/pax-dei\/","og_locale":"hu_HU","og_type":"article","og_title":"Pax Dei","og_description":"A Pax Dei egy modern MMO sandbox, amelyet a k\u00f6z\u00e9pkori legend\u00e1k ihlettek, \u00e9s egy hatalmas nyitott vil\u00e1got k\u00edn\u00e1l, ahol felfedezheted, fel\u00e9p\u00edtheted \u00e9s fejlesztheted saj\u00e1t telep\u00fcl\u00e9sedet \u00e9s kl\u00e1nodat. A j\u00e1t\u00e9kban minden a j\u00e1t\u00e9kosok tev\u00e9kenys\u00e9g\u00e9n alapul - a k\u00e9zm\u0171vess\u00e9gt\u0151l a gazdas\u00e1gon \u00e1t a harcig.   Glob\u00e1lis  G\u0151z  Digit\u00e1lis kulcs","og_url":"https:\/\/prismagamers.com\/hu\/produkt\/pax-dei\/","og_site_name":"Prismagamers.com","article_publisher":"https:\/\/www.facebook.com\/prismagamers","article_modified_time":"2026-01-01T23:36:11+00:00","og_image":[{"width":600,"height":900,"url":"https:\/\/prismagamers.com\/wp-content\/uploads\/2025\/10\/600x900.jpg","type":"image\/jpeg"}],"twitter_card":"summary_large_image","twitter_misc":{"Becs\u00fclt olvas\u00e1si id\u0151":"3 perc"},"schema":{"@context":"https:\/\/schema.org","@graph":[{"@type":"WebPage","@id":"https:\/\/prismagamers.com\/hu\/produkt\/pax-dei\/","url":"https:\/\/prismagamers.com\/hu\/produkt\/pax-dei\/","name":"Pax Dei - Prismagamers.com","isPartOf":{"@id":"https:\/\/prismagamers.com\/hu\/#website"},"primaryImageOfPage":{"@id":"https:\/\/prismagamers.com\/hu\/produkt\/pax-dei\/#primaryimage"},"image":{"@id":"https:\/\/prismagamers.com\/hu\/produkt\/pax-dei\/#primaryimage"},"thumbnailUrl":"https:\/\/prismagamers.com\/wp-content\/uploads\/2025\/10\/600x900.jpg","datePublished":"2025-10-16T13:00:58+00:00","dateModified":"2026-01-01T23:36:11+00:00","description":"A Pax Dei egy modern MMO sandbox, amelyet a k\u00f6z\u00e9pkori legend\u00e1k ihlettek, \u00e9s egy hatalmas nyitott vil\u00e1got k\u00edn\u00e1l, ahol felfedezheted, fel\u00e9p\u00edtheted \u00e9s fejlesztheted saj\u00e1t telep\u00fcl\u00e9sedet \u00e9s kl\u00e1nodat. A j\u00e1t\u00e9kban minden a j\u00e1t\u00e9kosok tev\u00e9kenys\u00e9g\u00e9n alapul - a k\u00e9zm\u0171vess\u00e9gt\u0151l a gazdas\u00e1gon \u00e1t a harcig. Glob\u00e1lis G\u0151z Digit\u00e1lis kulcs","breadcrumb":{"@id":"https:\/\/prismagamers.com\/hu\/produkt\/pax-dei\/#breadcrumb"},"inLanguage":"hu","potentialAction":[{"@type":"ReadAction","target":["https:\/\/prismagamers.com\/hu\/produkt\/pax-dei\/"]}]},{"@type":"ImageObject","inLanguage":"hu","@id":"https:\/\/prismagamers.com\/hu\/produkt\/pax-dei\/#primaryimage","url":"https:\/\/prismagamers.com\/wp-content\/uploads\/2025\/10\/600x900.jpg","contentUrl":"https:\/\/prismagamers.com\/wp-content\/uploads\/2025\/10\/600x900.jpg","width":600,"height":900},{"@type":"BreadcrumbList","@id":"https:\/\/prismagamers.com\/hu\/produkt\/pax-dei\/#breadcrumb","itemListElement":[{"@type":"ListItem","position":1,"name":"Strona g\u0142\u00f3wna","item":"https:\/\/prismagamers.com\/hu\/prismagamers\/"},{"@type":"ListItem","position":2,"name":"Shop","item":"https:\/\/prismagamers.com\/hu\/shop\/"},{"@type":"ListItem","position":3,"name":"Pax Dei"}]},{"@type":"WebSite","@id":"https:\/\/prismagamers.com\/hu\/#website","url":"https:\/\/prismagamers.com\/hu\/","name":"Prismagamers","description":"Sklep z grami PC I Sklep klucze Steam","publisher":{"@id":"https:\/\/prismagamers.com\/hu\/#organization"},"potentialAction":[{"@type":"SearchAction","target":{"@type":"EntryPoint","urlTemplate":"https:\/\/prismagamers.com\/hu\/?s={search_term_string}"},"query-input":{"@type":"PropertyValueSpecification","valueRequired":true,"valueName":"search_term_string"}}],"inLanguage":"hu"},{"@type":"Organization","@id":"https:\/\/prismagamers.com\/hu\/#organization","name":"Prismagamers","url":"https:\/\/prismagamers.com\/hu\/","logo":{"@type":"ImageObject","inLanguage":"hu","@id":"https:\/\/prismagamers.com\/hu\/#\/schema\/logo\/image\/","url":"https:\/\/prismagamers.com\/wp-content\/uploads\/2022\/04\/cropped-logo-Prismagamers-01-scaled-1.jpg","contentUrl":"https:\/\/prismagamers.com\/wp-content\/uploads\/2022\/04\/cropped-logo-Prismagamers-01-scaled-1.jpg","width":512,"height":512,"caption":"Prismagamers"},"image":{"@id":"https:\/\/prismagamers.com\/hu\/#\/schema\/logo\/image\/"},"sameAs":["https:\/\/www.facebook.com\/prismagamers","https:\/\/www.instagram.com\/prismagamers_grycyfrowe\/"],"description":"Prismagamers.com to dynamiczny sklep z grami cyfrowymi, stworzony z my\u015bl\u0105 o entuzjastach gier wideo. Nasza strona oferuje szerok\u0105 gam\u0119 gier komputerowych, w tym najnowsze tytu\u0142y, dobrze znane klasyki oraz gry stworzone przez niezale\u017cne studia Ca\u0142y czas d\u0105\u017cymy do rozszerzenia naszej oferty. Do\u0142\u0105cz do nas i sta\u0144 si\u0119 cz\u0119\u015bci\u0105 naszej rosn\u0105cej spo\u0142eczno\u015bci graczy!","email":"shop@prismagamers.com","telephone":"48795541705","legalName":"East Caravan Maksym \u017bukow","foundingDate":"2012-05-10","vatID":"PL8943038612","taxID":"PL8943038612","numberOfEmployees":{"@type":"QuantitativeValue","minValue":"11","maxValue":"50"}}]}},"_links":{"self":[{"href":"https:\/\/prismagamers.com\/hu\/wp-json\/wp\/v2\/product\/44057","targetHints":{"allow":["GET"]}}],"collection":[{"href":"https:\/\/prismagamers.com\/hu\/wp-json\/wp\/v2\/product"}],"about":[{"href":"https:\/\/prismagamers.com\/hu\/wp-json\/wp\/v2\/types\/product"}],"wp:featuredmedia":[{"embeddable":true,"href":"https:\/\/prismagamers.com\/hu\/wp-json\/wp\/v2\/media\/44223"}],"wp:attachment":[{"href":"https:\/\/prismagamers.com\/hu\/wp-json\/wp\/v2\/media?parent=44057"}],"wp:term":[{"taxonomy":"product_brand","embeddable":true,"href":"https:\/\/prismagamers.com\/hu\/wp-json\/wp\/v2\/product_brand?post=44057"},{"taxonomy":"product_cat","embeddable":true,"href":"https:\/\/prismagamers.com\/hu\/wp-json\/wp\/v2\/product_cat?post=44057"},{"taxonomy":"product_tag","embeddable":true,"href":"https:\/\/prismagamers.com\/hu\/wp-json\/wp\/v2\/product_tag?post=44057"}],"curies":[{"name":"wp","href":"https:\/\/api.w.org\/{rel}","templated":true}]}}