{"id":45082,"date":"2025-10-31T11:29:09","date_gmt":"2025-10-31T10:29:09","guid":{"rendered":"https:\/\/prismagamers.com\/produkt\/desktop-heroes\/"},"modified":"2025-10-31T11:29:09","modified_gmt":"2025-10-31T10:29:09","slug":"desktop-heroes","status":"publish","type":"product","link":"https:\/\/prismagamers.com\/hu\/produkt\/desktop-heroes\/","title":{"rendered":"Desktop Heroes"},"content":{"rendered":"<p data-start=\"0\" data-end=\"433\"><strong data-start=\"0\" data-end=\"18\">A Desktop Heroes<\/strong> egy innovat\u00edv idle RPG, amelyet olyan emberek sz\u00e1m\u00e1ra terveztek, akik a sz\u00f3rakoz\u00e1st a mindennapi feladataikkal szeretn\u00e9k \u00f6sszekapcsolni. A j\u00e1t\u00e9k felt\u0171n\u00e9smentesen fut k\u00f6zvetlen\u00fcl a feladatsor felett, lehet\u0151v\u00e9 t\u00e9ve, hogy h\u0151s\u00f6kb\u0151l \u00e1ll\u00f3 csapatot \u00e9p\u00edtsen, sz\u00f6rnyekkel harcoljon \u00e9s kincseket szerezzen an\u00e9lk\u00fcl, hogy megzavarn\u00e1 a produktivit\u00e1s\u00e1t. Mik\u00f6zben e-maileket \u00edrsz, programozol vagy dokumentumokat n\u00e9zel \u00e1t, csapatod val\u00f3s id\u0151ben k\u00fcldet\u00e9sekre indul \u00e9s zs\u00e1km\u00e1nyt szerez.  <\/p>\n<p data-start=\"435\" data-end=\"798\"><strong data-start=\"435\" data-end=\"453\">A Desktop Heroes<\/strong> n\u00e9gy egyedi h\u0151soszt\u00e1lyt k\u00edn\u00e1l: m\u00e1gus, harcos, vad\u00e1sz \u00e9s lopakod\u00f3, amelyeket a saj\u00e1t j\u00e1t\u00e9kst\u00edlusodhoz igaz\u00edthatsz. A j\u00e1t\u00e9k a h\u00e1tt\u00e9rben fut, \u00edgy a sz\u00fcnetekben pillanatok alatt felveheted a jutalmakat \u00e9s fejlesztheted a felszerel\u00e9sedet. <strong data-start=\"726\" data-end=\"744\">A Desktop Heroes<\/strong> b\u0151v\u00fcl\u0151 kalandokkal \u00e9s er\u0151s f\u0151n\u00f6k\u00f6kkel \u00f3r\u00e1kig tart\u00f3 sz\u00f3rakoz\u00e1st ny\u00fajt an\u00e9lk\u00fcl, hogy \u00fatban lenne.  <\/p>\n<p data-start=\"800\" data-end=\"1132\">A j\u00e1t\u00e9k bar\u00e1ts\u00e1gos <strong data-start=\"823\" data-end=\"836\">pixel art<\/strong> st\u00edlusa egy k\u00f6nnyed, de mag\u00e1val ragad\u00f3 kalandba vezet be, amely t\u00f6k\u00e9letesen illeszkedik a munkak\u00f6rnyezethez. Az olyan egyed\u00fcl\u00e1ll\u00f3 funkci\u00f3k, mint a <strong data-start=\"962\" data-end=\"978\">V\u00e9delmi m\u00f3d<\/strong> lehet\u0151v\u00e9 teszik, hogy a j\u00e1t\u00e9kot elrejtsd a megbesz\u00e9l\u00e9sek alatt, a <strong data-start=\"1019\" data-end=\"1037\">Virtu\u00e1lis m\u00f3d<\/strong> pedig lehet\u0151v\u00e9 teszi, hogy a j\u00e1t\u00e9k m\u00f6g\u00f6tt l\u00e9v\u0151 t\u00e1rgyakra kattints, \u00edgy megszak\u00edt\u00e1s n\u00e9lk\u00fcl folytathatod a munk\u00e1t. <\/p>\n<p data-start=\"1134\" data-end=\"1233\" data-is-last-node=\"\" data-is-only-node=\"\"><strong data-start=\"1136\" data-end=\"1154\">A Desktop Heroes<\/strong> seg\u00edts\u00e9g\u00e9vel minden, a sz\u00e1m\u00edt\u00f3g\u00e9p el\u0151tt t\u00f6lt\u00f6tt perc egy epikus kaland r\u00e9sz\u00e9v\u00e9 v\u00e1lhat.<\/p>\n","protected":false},"excerpt":{"rendered":"<p><strong data-start=\"0\" data-end=\"18\" data-is-only-node=\"\">A Desktop Heroes<\/strong> egy t\u00e9tlen RPG, amely elk\u00eds\u00e9r t\u00e9ged munka k\u00f6zben. A h\u00e1tt\u00e9rben fut, k\u00f6zvetlen\u00fcl a feladatsor felett, lehet\u0151v\u00e9 t\u00e9ve, hogy fejleszd a csapatodat, harcolj a sz\u00f6rnyekkel \u00e9s szerezz zs\u00e1km\u00e1nyt &#8211; an\u00e9lk\u00fcl, hogy megszak\u00edtan\u00e1d a napi tev\u00e9kenys\u00e9geidet. <\/p>\n<p><img decoding=\"async\" class=\"emoji\" role=\"img\" src=\"https:\/\/s.w.org\/images\/core\/emoji\/14.0.0\/svg\/1f30d.svg\" alt=\"\ud83c\udf0d\">  Glob\u00e1lis<br \/>\n<img decoding=\"async\" class=\"emoji\" role=\"img\" src=\"https:\/\/s.w.org\/images\/core\/emoji\/14.0.0\/svg\/2699.svg\" alt=\"\u2699\ufe0f\">  G\u0151z<br \/>\n<img decoding=\"async\" class=\"emoji\" role=\"img\" src=\"https:\/\/s.w.org\/images\/core\/emoji\/14.0.0\/svg\/1f5dd.svg\" alt=\"\ud83d\udddd\">  Digit\u00e1lis kulcs<\/p>\n","protected":false},"featured_media":45074,"template":"","meta":{"_acf_changed":false,"site-sidebar-layout":"default","site-content-layout":"","ast-site-content-layout":"default","site-content-style":"default","site-sidebar-style":"default","ast-global-header-display":"","ast-banner-title-visibility":"","ast-main-header-display":"","ast-hfb-above-header-display":"","ast-hfb-below-header-display":"","ast-hfb-mobile-header-display":"","site-post-title":"","ast-breadcrumbs-content":"","ast-featured-img":"","footer-sml-layout":"","ast-disable-related-posts":"","theme-transparent-header-meta":"default","adv-header-id-meta":"","stick-header-meta":"","header-above-stick-meta":"","header-main-stick-meta":"","header-below-stick-meta":"","astra-migrate-meta-layouts":"default","ast-page-background-enabled":"default","ast-page-background-meta":{"desktop":{"background-color":"var(--ast-global-color-4)","background-image":"","background-repeat":"repeat","background-position":"center center","background-size":"auto","background-attachment":"scroll","background-type":"","background-media":"","overlay-type":"","overlay-color":"","overlay-opacity":"","overlay-gradient":""},"tablet":{"background-color":"","background-image":"","background-repeat":"repeat","background-position":"center center","background-size":"auto","background-attachment":"scroll","background-type":"","background-media":"","overlay-type":"","overlay-color":"","overlay-opacity":"","overlay-gradient":""},"mobile":{"background-color":"","background-image":"","background-repeat":"repeat","background-position":"center center","background-size":"auto","background-attachment":"scroll","background-type":"","background-media":"","overlay-type":"","overlay-color":"","overlay-opacity":"","overlay-gradient":""}},"ast-content-background-meta":{"desktop":{"background-color":"var(--ast-global-color-5)","background-image":"","background-repeat":"repeat","background-position":"center center","background-size":"auto","background-attachment":"scroll","background-type":"","background-media":"","overlay-type":"","overlay-color":"","overlay-opacity":"","overlay-gradient":""},"tablet":{"background-color":"var(--ast-global-color-5)","background-image":"","background-repeat":"repeat","background-position":"center center","background-size":"auto","background-attachment":"scroll","background-type":"","background-media":"","overlay-type":"","overlay-color":"","overlay-opacity":"","overlay-gradient":""},"mobile":{"background-color":"var(--ast-global-color-5)","background-image":"","background-repeat":"repeat","background-position":"center center","background-size":"auto","background-attachment":"scroll","background-type":"","background-media":"","overlay-type":"","overlay-color":"","overlay-opacity":"","overlay-gradient":""}}},"product_brand":[],"product_cat":[668,365,372,363],"product_tag":[],"class_list":{"0":"post-45082","1":"product","2":"type-product","3":"status-publish","4":"has-post-thumbnail","6":"product_cat-blackburne-jatekok","7":"product_cat-goz","8":"product_cat-jatekok-szimulatorok","9":"product_cat-kaland-jatekok","10":"desktop-align-left","11":"tablet-align-left","12":"mobile-align-left","14":"first","15":"instock","16":"shipping-taxable","17":"purchasable","18":"product-type-simple"},"acf":[],"yoast_head":"<!-- This site is optimized with the Yoast SEO Premium plugin v27.4 (Yoast SEO v27.4) - https:\/\/yoast.com\/product\/yoast-seo-premium-wordpress\/ -->\n<title>Desktop Heroes - Prismagamers.com<\/title>\n<meta name=\"description\" content=\"A Desktop Heroes egy t\u00e9tlen RPG, amely elk\u00eds\u00e9r t\u00e9ged munka k\u00f6zben. A h\u00e1tt\u00e9rben fut, k\u00f6zvetlen\u00fcl a feladatsor felett, lehet\u0151v\u00e9 t\u00e9ve, hogy fejleszd a csapatodat, harcolj a sz\u00f6rnyekkel \u00e9s szerezz zs\u00e1km\u00e1nyt - an\u00e9lk\u00fcl, hogy megszak\u00edtan\u00e1d a napi tev\u00e9kenys\u00e9geidet.   Glob\u00e1lis  G\u0151z  Digit\u00e1lis kulcs\" \/>\n<meta name=\"robots\" content=\"index, follow, max-snippet:-1, max-image-preview:large, max-video-preview:-1\" \/>\n<link rel=\"canonical\" href=\"https:\/\/prismagamers.com\/hu\/produkt\/desktop-heroes\/\" \/>\n<meta property=\"og:locale\" content=\"hu_HU\" \/>\n<meta property=\"og:type\" content=\"article\" \/>\n<meta property=\"og:title\" content=\"Desktop Heroes\" \/>\n<meta property=\"og:description\" content=\"A Desktop Heroes egy t\u00e9tlen RPG, amely elk\u00eds\u00e9r t\u00e9ged munka k\u00f6zben. A h\u00e1tt\u00e9rben fut, k\u00f6zvetlen\u00fcl a feladatsor felett, lehet\u0151v\u00e9 t\u00e9ve, hogy fejleszd a csapatodat, harcolj a sz\u00f6rnyekkel \u00e9s szerezz zs\u00e1km\u00e1nyt - an\u00e9lk\u00fcl, hogy megszak\u00edtan\u00e1d a napi tev\u00e9kenys\u00e9geidet.   Glob\u00e1lis  G\u0151z  Digit\u00e1lis kulcs\" \/>\n<meta property=\"og:url\" content=\"https:\/\/prismagamers.com\/hu\/produkt\/desktop-heroes\/\" \/>\n<meta property=\"og:site_name\" content=\"Prismagamers.com\" \/>\n<meta property=\"article:publisher\" content=\"https:\/\/www.facebook.com\/prismagamers\" \/>\n<meta property=\"og:image\" content=\"https:\/\/prismagamers.com\/wp-content\/uploads\/2025\/10\/WvTI3rnOVVLX71KSf2bb8vWfDLOzzbKaemLN8QCVedw.jpg\" \/>\n\t<meta property=\"og:image:width\" content=\"600\" \/>\n\t<meta property=\"og:image:height\" content=\"900\" \/>\n\t<meta property=\"og:image:type\" content=\"image\/jpeg\" \/>\n<meta name=\"twitter:card\" content=\"summary_large_image\" \/>\n<meta name=\"twitter:label1\" content=\"Becs\u00fclt olvas\u00e1si id\u0151\" \/>\n\t<meta name=\"twitter:data1\" content=\"1 perc\" \/>\n<script type=\"application\/ld+json\" class=\"yoast-schema-graph\">{\"@context\":\"https:\\\/\\\/schema.org\",\"@graph\":[{\"@type\":\"WebPage\",\"@id\":\"https:\\\/\\\/prismagamers.com\\\/hu\\\/produkt\\\/desktop-heroes\\\/\",\"url\":\"https:\\\/\\\/prismagamers.com\\\/hu\\\/produkt\\\/desktop-heroes\\\/\",\"name\":\"Desktop Heroes - Prismagamers.com\",\"isPartOf\":{\"@id\":\"https:\\\/\\\/prismagamers.com\\\/hu\\\/#website\"},\"primaryImageOfPage\":{\"@id\":\"https:\\\/\\\/prismagamers.com\\\/hu\\\/produkt\\\/desktop-heroes\\\/#primaryimage\"},\"image\":{\"@id\":\"https:\\\/\\\/prismagamers.com\\\/hu\\\/produkt\\\/desktop-heroes\\\/#primaryimage\"},\"thumbnailUrl\":\"https:\\\/\\\/prismagamers.com\\\/wp-content\\\/uploads\\\/2025\\\/10\\\/WvTI3rnOVVLX71KSf2bb8vWfDLOzzbKaemLN8QCVedw.jpg\",\"datePublished\":\"2025-10-31T10:29:09+00:00\",\"description\":\"A Desktop Heroes egy t\u00e9tlen RPG, amely elk\u00eds\u00e9r t\u00e9ged munka k\u00f6zben. A h\u00e1tt\u00e9rben fut, k\u00f6zvetlen\u00fcl a feladatsor felett, lehet\u0151v\u00e9 t\u00e9ve, hogy fejleszd a csapatodat, harcolj a sz\u00f6rnyekkel \u00e9s szerezz zs\u00e1km\u00e1nyt - an\u00e9lk\u00fcl, hogy megszak\u00edtan\u00e1d a napi tev\u00e9kenys\u00e9geidet. Glob\u00e1lis G\u0151z Digit\u00e1lis kulcs\",\"breadcrumb\":{\"@id\":\"https:\\\/\\\/prismagamers.com\\\/hu\\\/produkt\\\/desktop-heroes\\\/#breadcrumb\"},\"inLanguage\":\"hu\",\"potentialAction\":[{\"@type\":\"ReadAction\",\"target\":[\"https:\\\/\\\/prismagamers.com\\\/hu\\\/produkt\\\/desktop-heroes\\\/\"]}]},{\"@type\":\"ImageObject\",\"inLanguage\":\"hu\",\"@id\":\"https:\\\/\\\/prismagamers.com\\\/hu\\\/produkt\\\/desktop-heroes\\\/#primaryimage\",\"url\":\"https:\\\/\\\/prismagamers.com\\\/wp-content\\\/uploads\\\/2025\\\/10\\\/WvTI3rnOVVLX71KSf2bb8vWfDLOzzbKaemLN8QCVedw.jpg\",\"contentUrl\":\"https:\\\/\\\/prismagamers.com\\\/wp-content\\\/uploads\\\/2025\\\/10\\\/WvTI3rnOVVLX71KSf2bb8vWfDLOzzbKaemLN8QCVedw.jpg\",\"width\":600,\"height\":900},{\"@type\":\"BreadcrumbList\",\"@id\":\"https:\\\/\\\/prismagamers.com\\\/hu\\\/produkt\\\/desktop-heroes\\\/#breadcrumb\",\"itemListElement\":[{\"@type\":\"ListItem\",\"position\":1,\"name\":\"Strona g\u0142\u00f3wna\",\"item\":\"https:\\\/\\\/prismagamers.com\\\/hu\\\/prismagamers\\\/\"},{\"@type\":\"ListItem\",\"position\":2,\"name\":\"Shop\",\"item\":\"https:\\\/\\\/prismagamers.com\\\/hu\\\/shop\\\/\"},{\"@type\":\"ListItem\",\"position\":3,\"name\":\"Desktop Heroes\"}]},{\"@type\":\"WebSite\",\"@id\":\"https:\\\/\\\/prismagamers.com\\\/hu\\\/#website\",\"url\":\"https:\\\/\\\/prismagamers.com\\\/hu\\\/\",\"name\":\"Prismagamers\",\"description\":\"Sklep z grami PC I Sklep klucze Steam\",\"publisher\":{\"@id\":\"https:\\\/\\\/prismagamers.com\\\/hu\\\/#organization\"},\"potentialAction\":[{\"@type\":\"SearchAction\",\"target\":{\"@type\":\"EntryPoint\",\"urlTemplate\":\"https:\\\/\\\/prismagamers.com\\\/hu\\\/?s={search_term_string}\"},\"query-input\":{\"@type\":\"PropertyValueSpecification\",\"valueRequired\":true,\"valueName\":\"search_term_string\"}}],\"inLanguage\":\"hu\"},{\"@type\":\"Organization\",\"@id\":\"https:\\\/\\\/prismagamers.com\\\/hu\\\/#organization\",\"name\":\"Prismagamers\",\"url\":\"https:\\\/\\\/prismagamers.com\\\/hu\\\/\",\"logo\":{\"@type\":\"ImageObject\",\"inLanguage\":\"hu\",\"@id\":\"https:\\\/\\\/prismagamers.com\\\/hu\\\/#\\\/schema\\\/logo\\\/image\\\/\",\"url\":\"https:\\\/\\\/prismagamers.com\\\/wp-content\\\/uploads\\\/2022\\\/04\\\/cropped-logo-Prismagamers-01-scaled-1.jpg\",\"contentUrl\":\"https:\\\/\\\/prismagamers.com\\\/wp-content\\\/uploads\\\/2022\\\/04\\\/cropped-logo-Prismagamers-01-scaled-1.jpg\",\"width\":512,\"height\":512,\"caption\":\"Prismagamers\"},\"image\":{\"@id\":\"https:\\\/\\\/prismagamers.com\\\/hu\\\/#\\\/schema\\\/logo\\\/image\\\/\"},\"sameAs\":[\"https:\\\/\\\/www.facebook.com\\\/prismagamers\",\"https:\\\/\\\/www.instagram.com\\\/prismagamers_grycyfrowe\\\/\"],\"description\":\"Prismagamers.com to dynamiczny sklep z grami cyfrowymi, stworzony z my\u015bl\u0105 o entuzjastach gier wideo. Nasza strona oferuje szerok\u0105 gam\u0119 gier komputerowych, w tym najnowsze tytu\u0142y, dobrze znane klasyki oraz gry stworzone przez niezale\u017cne studia Ca\u0142y czas d\u0105\u017cymy do rozszerzenia naszej oferty. Do\u0142\u0105cz do nas i sta\u0144 si\u0119 cz\u0119\u015bci\u0105 naszej rosn\u0105cej spo\u0142eczno\u015bci graczy!\",\"email\":\"shop@prismagamers.com\",\"telephone\":\"48795541705\",\"legalName\":\"East Caravan Maksym \u017bukow\",\"foundingDate\":\"2012-05-10\",\"vatID\":\"PL8943038612\",\"taxID\":\"PL8943038612\",\"numberOfEmployees\":{\"@type\":\"QuantitativeValue\",\"minValue\":\"11\",\"maxValue\":\"50\"}}]}<\/script>\n<!-- \/ Yoast SEO Premium plugin. -->","yoast_head_json":{"title":"Desktop Heroes - Prismagamers.com","description":"A Desktop Heroes egy t\u00e9tlen RPG, amely elk\u00eds\u00e9r t\u00e9ged munka k\u00f6zben. A h\u00e1tt\u00e9rben fut, k\u00f6zvetlen\u00fcl a feladatsor felett, lehet\u0151v\u00e9 t\u00e9ve, hogy fejleszd a csapatodat, harcolj a sz\u00f6rnyekkel \u00e9s szerezz zs\u00e1km\u00e1nyt - an\u00e9lk\u00fcl, hogy megszak\u00edtan\u00e1d a napi tev\u00e9kenys\u00e9geidet.   Glob\u00e1lis  G\u0151z  Digit\u00e1lis kulcs","robots":{"index":"index","follow":"follow","max-snippet":"max-snippet:-1","max-image-preview":"max-image-preview:large","max-video-preview":"max-video-preview:-1"},"canonical":"https:\/\/prismagamers.com\/hu\/produkt\/desktop-heroes\/","og_locale":"hu_HU","og_type":"article","og_title":"Desktop Heroes","og_description":"A Desktop Heroes egy t\u00e9tlen RPG, amely elk\u00eds\u00e9r t\u00e9ged munka k\u00f6zben. A h\u00e1tt\u00e9rben fut, k\u00f6zvetlen\u00fcl a feladatsor felett, lehet\u0151v\u00e9 t\u00e9ve, hogy fejleszd a csapatodat, harcolj a sz\u00f6rnyekkel \u00e9s szerezz zs\u00e1km\u00e1nyt - an\u00e9lk\u00fcl, hogy megszak\u00edtan\u00e1d a napi tev\u00e9kenys\u00e9geidet.   Glob\u00e1lis  G\u0151z  Digit\u00e1lis kulcs","og_url":"https:\/\/prismagamers.com\/hu\/produkt\/desktop-heroes\/","og_site_name":"Prismagamers.com","article_publisher":"https:\/\/www.facebook.com\/prismagamers","og_image":[{"width":600,"height":900,"url":"https:\/\/prismagamers.com\/wp-content\/uploads\/2025\/10\/WvTI3rnOVVLX71KSf2bb8vWfDLOzzbKaemLN8QCVedw.jpg","type":"image\/jpeg"}],"twitter_card":"summary_large_image","twitter_misc":{"Becs\u00fclt olvas\u00e1si id\u0151":"1 perc"},"schema":{"@context":"https:\/\/schema.org","@graph":[{"@type":"WebPage","@id":"https:\/\/prismagamers.com\/hu\/produkt\/desktop-heroes\/","url":"https:\/\/prismagamers.com\/hu\/produkt\/desktop-heroes\/","name":"Desktop Heroes - Prismagamers.com","isPartOf":{"@id":"https:\/\/prismagamers.com\/hu\/#website"},"primaryImageOfPage":{"@id":"https:\/\/prismagamers.com\/hu\/produkt\/desktop-heroes\/#primaryimage"},"image":{"@id":"https:\/\/prismagamers.com\/hu\/produkt\/desktop-heroes\/#primaryimage"},"thumbnailUrl":"https:\/\/prismagamers.com\/wp-content\/uploads\/2025\/10\/WvTI3rnOVVLX71KSf2bb8vWfDLOzzbKaemLN8QCVedw.jpg","datePublished":"2025-10-31T10:29:09+00:00","description":"A Desktop Heroes egy t\u00e9tlen RPG, amely elk\u00eds\u00e9r t\u00e9ged munka k\u00f6zben. A h\u00e1tt\u00e9rben fut, k\u00f6zvetlen\u00fcl a feladatsor felett, lehet\u0151v\u00e9 t\u00e9ve, hogy fejleszd a csapatodat, harcolj a sz\u00f6rnyekkel \u00e9s szerezz zs\u00e1km\u00e1nyt - an\u00e9lk\u00fcl, hogy megszak\u00edtan\u00e1d a napi tev\u00e9kenys\u00e9geidet. Glob\u00e1lis G\u0151z Digit\u00e1lis kulcs","breadcrumb":{"@id":"https:\/\/prismagamers.com\/hu\/produkt\/desktop-heroes\/#breadcrumb"},"inLanguage":"hu","potentialAction":[{"@type":"ReadAction","target":["https:\/\/prismagamers.com\/hu\/produkt\/desktop-heroes\/"]}]},{"@type":"ImageObject","inLanguage":"hu","@id":"https:\/\/prismagamers.com\/hu\/produkt\/desktop-heroes\/#primaryimage","url":"https:\/\/prismagamers.com\/wp-content\/uploads\/2025\/10\/WvTI3rnOVVLX71KSf2bb8vWfDLOzzbKaemLN8QCVedw.jpg","contentUrl":"https:\/\/prismagamers.com\/wp-content\/uploads\/2025\/10\/WvTI3rnOVVLX71KSf2bb8vWfDLOzzbKaemLN8QCVedw.jpg","width":600,"height":900},{"@type":"BreadcrumbList","@id":"https:\/\/prismagamers.com\/hu\/produkt\/desktop-heroes\/#breadcrumb","itemListElement":[{"@type":"ListItem","position":1,"name":"Strona g\u0142\u00f3wna","item":"https:\/\/prismagamers.com\/hu\/prismagamers\/"},{"@type":"ListItem","position":2,"name":"Shop","item":"https:\/\/prismagamers.com\/hu\/shop\/"},{"@type":"ListItem","position":3,"name":"Desktop Heroes"}]},{"@type":"WebSite","@id":"https:\/\/prismagamers.com\/hu\/#website","url":"https:\/\/prismagamers.com\/hu\/","name":"Prismagamers","description":"Sklep z grami PC I Sklep klucze Steam","publisher":{"@id":"https:\/\/prismagamers.com\/hu\/#organization"},"potentialAction":[{"@type":"SearchAction","target":{"@type":"EntryPoint","urlTemplate":"https:\/\/prismagamers.com\/hu\/?s={search_term_string}"},"query-input":{"@type":"PropertyValueSpecification","valueRequired":true,"valueName":"search_term_string"}}],"inLanguage":"hu"},{"@type":"Organization","@id":"https:\/\/prismagamers.com\/hu\/#organization","name":"Prismagamers","url":"https:\/\/prismagamers.com\/hu\/","logo":{"@type":"ImageObject","inLanguage":"hu","@id":"https:\/\/prismagamers.com\/hu\/#\/schema\/logo\/image\/","url":"https:\/\/prismagamers.com\/wp-content\/uploads\/2022\/04\/cropped-logo-Prismagamers-01-scaled-1.jpg","contentUrl":"https:\/\/prismagamers.com\/wp-content\/uploads\/2022\/04\/cropped-logo-Prismagamers-01-scaled-1.jpg","width":512,"height":512,"caption":"Prismagamers"},"image":{"@id":"https:\/\/prismagamers.com\/hu\/#\/schema\/logo\/image\/"},"sameAs":["https:\/\/www.facebook.com\/prismagamers","https:\/\/www.instagram.com\/prismagamers_grycyfrowe\/"],"description":"Prismagamers.com to dynamiczny sklep z grami cyfrowymi, stworzony z my\u015bl\u0105 o entuzjastach gier wideo. Nasza strona oferuje szerok\u0105 gam\u0119 gier komputerowych, w tym najnowsze tytu\u0142y, dobrze znane klasyki oraz gry stworzone przez niezale\u017cne studia Ca\u0142y czas d\u0105\u017cymy do rozszerzenia naszej oferty. Do\u0142\u0105cz do nas i sta\u0144 si\u0119 cz\u0119\u015bci\u0105 naszej rosn\u0105cej spo\u0142eczno\u015bci graczy!","email":"shop@prismagamers.com","telephone":"48795541705","legalName":"East Caravan Maksym \u017bukow","foundingDate":"2012-05-10","vatID":"PL8943038612","taxID":"PL8943038612","numberOfEmployees":{"@type":"QuantitativeValue","minValue":"11","maxValue":"50"}}]}},"_links":{"self":[{"href":"https:\/\/prismagamers.com\/hu\/wp-json\/wp\/v2\/product\/45082","targetHints":{"allow":["GET"]}}],"collection":[{"href":"https:\/\/prismagamers.com\/hu\/wp-json\/wp\/v2\/product"}],"about":[{"href":"https:\/\/prismagamers.com\/hu\/wp-json\/wp\/v2\/types\/product"}],"wp:featuredmedia":[{"embeddable":true,"href":"https:\/\/prismagamers.com\/hu\/wp-json\/wp\/v2\/media\/45074"}],"wp:attachment":[{"href":"https:\/\/prismagamers.com\/hu\/wp-json\/wp\/v2\/media?parent=45082"}],"wp:term":[{"taxonomy":"product_brand","embeddable":true,"href":"https:\/\/prismagamers.com\/hu\/wp-json\/wp\/v2\/product_brand?post=45082"},{"taxonomy":"product_cat","embeddable":true,"href":"https:\/\/prismagamers.com\/hu\/wp-json\/wp\/v2\/product_cat?post=45082"},{"taxonomy":"product_tag","embeddable":true,"href":"https:\/\/prismagamers.com\/hu\/wp-json\/wp\/v2\/product_tag?post=45082"}],"curies":[{"name":"wp","href":"https:\/\/api.w.org\/{rel}","templated":true}]}}