{"id":45137,"date":"2025-10-31T23:42:34","date_gmt":"2025-10-31T22:42:34","guid":{"rendered":"https:\/\/prismagamers.com\/produkt\/escape-the-backrooms\/"},"modified":"2026-03-05T00:00:38","modified_gmt":"2026-03-04T23:00:38","slug":"escape-the-backrooms","status":"publish","type":"product","link":"https:\/\/prismagamers.com\/hu\/produkt\/escape-the-backrooms\/","title":{"rendered":"Escape the Backrooms"},"content":{"rendered":"<p data-start=\"103\" data-end=\"504\">L\u00e9pj be a <em data-start=\"157\" data-end=\"187\">Backrooms Multiplayer Horror<\/em> vil\u00e1g\u00e1ba, egy s\u00f6t\u00e9t t\u00fal\u00e9l\u0151 horrorj\u00e1t\u00e9kba, amelyet a v\u00e9gtelen s\u00e1rga folyos\u00f3k kultikus v\u00e1rosi legend\u00e1ja ihletett. Fedezd fel a hat\u00e1rtalannak t\u0171n\u0151 h\u00e1ts\u00f3 szob\u00e1k szintjeit, amelyek tele vannak nyugtalans\u00e1ggal, titkokkal \u00e9s hal\u00e1los fenyeget\u00e9sekkel. Minden egyes szakasz egyedi menek\u00fcl\u00e9si lehet\u0151s\u00e9geket k\u00edn\u00e1l, de sz\u00e1mos csapda \u00e9s f\u00e9lelmetes l\u00e9nyek is leselkednek r\u00e1d a s\u00f6t\u00e9tben.  <\/p>\n<p data-start=\"506\" data-end=\"713\"><strong data-start=\"506\" data-end=\"531\">Mag\u00e1val ragad\u00f3 j\u00e1t\u00e9kmenet:<\/strong><br data-start=\"531\" data-end=\"534\">A realisztikus grafika, a minimalista kezel\u0151fel\u00fclet \u00e9s a s\u0171r\u0171, nyugtalan\u00edt\u00f3 atmoszf\u00e9ra egyed\u00fcl\u00e1ll\u00f3 horror\u00e9lm\u00e9nyt ny\u00fajt. Minden hang \u00e9s minden \u00e1rny\u00e9k vesz\u00e9lyt jelenthet. <\/p>\n<p data-start=\"715\" data-end=\"924\"><strong data-start=\"715\" data-end=\"737\">T\u00f6bbj\u00e1t\u00e9kos m\u00f3d:<\/strong><br data-start=\"737\" data-end=\"740\">J\u00e1tsszon ak\u00e1r 4 f\u0151s csapatk\u00e9nt, \u00e9s pr\u00f3b\u00e1ljon meg egy\u00fctt menek\u00fcl\u00e9si \u00fatvonalat tal\u00e1lni. L\u00e9gy \u00f3vatos &#8211; a csapat sz\u00e9tszakadhat, \u00e9s mindenkinek \u00e9lve kell el\u00e9rnie a kij\u00e1ratot a t\u00fal\u00e9l\u00e9shez. <\/p>\n<p data-start=\"926\" data-end=\"1138\"><strong data-start=\"926\" data-end=\"948\">T\u00f6bb mint 30 szint:<\/strong><br data-start=\"948\" data-end=\"951\">Fedezz fel t\u00f6bb mint 30 v\u00e1ltozatos \u00e9s r\u00e9szletes szintet, amelyeket a Backrooms mitol\u00f3gia ihletett. Mindegyik \u00faj kih\u00edv\u00e1sokat \u00e9s labirintusokat rejt, ahol k\u00f6nny\u0171 elt\u00e9vedni. <\/p>\n<p data-start=\"1140\" data-end=\"1313\"><strong data-start=\"1140\" data-end=\"1165\">Vesz\u00e9lyes l\u00e9nyek:<\/strong><br data-start=\"1165\" data-end=\"1168\">Ker\u00fcld el a f\u00e9lelmetes, egyedi viselked\u00e9s\u0171 ellens\u00e9geket. Ismerd meg a mechanik\u00e1jukat \u00e9s azt, hogyan j\u00e1rj t\u00fal a sz\u00f6rnyek esz\u00e9n, ha t\u00fal akarod \u00e9lni. <\/p>\n<p data-start=\"1315\" data-end=\"1498\"><strong data-start=\"1315\" data-end=\"1344\">Proximity voice chat:<\/strong><br data-start=\"1344\" data-end=\"1347\">Kommunik\u00e1ljon csapat\u00e1val t\u00e1vols\u00e1gi hangchat seg\u00edts\u00e9g\u00e9vel. Ne feledd azonban &#8211; a sz\u00f6rnyek is hallanak t\u00e9ged. A csend megmentheti az \u00e9letedet.  <\/p>\n","protected":false},"excerpt":{"rendered":"<p>Fedezd fel a v\u00e9gtelen h\u00e1ts\u00f3 szob\u00e1k folyos\u00f3it egy s\u00f6t\u00e9t horrorj\u00e1t\u00e9kban, amelyet a Backrooms legend\u00e1ja ihletett. Fedezz fel t\u00f6bb mint 30 szintet, ker\u00fcld el a hal\u00e1los l\u00e9nyeket, \u00e9s dolgozz a csapatoddal kooperat\u00edv m\u00f3dban, hogy megtal\u00e1ld a kiutat a r\u00e9m\u00e1lomb\u00f3l. <\/p>\n<p><img decoding=\"async\" class=\"emoji\" role=\"img\" draggable=\"false\" src=\"https:\/\/s.w.org\/images\/core\/emoji\/16.0.1\/svg\/1f30d.svg\" alt=\"\ud83c\udf0d\">  Glob\u00e1lis<br \/>\n<img decoding=\"async\" class=\"emoji\" role=\"img\" draggable=\"false\" src=\"https:\/\/s.w.org\/images\/core\/emoji\/16.0.1\/svg\/2699.svg\" alt=\"\u2699\ufe0f\">  G\u0151z<br \/>\n<img decoding=\"async\" class=\"emoji\" role=\"img\" draggable=\"false\" src=\"https:\/\/s.w.org\/images\/core\/emoji\/16.0.1\/svg\/1f5dd.svg\" alt=\"\ud83d\udddd\">  Digit\u00e1lis kulcs<\/p>\n<p>&nbsp;<\/p>\n","protected":false},"featured_media":45129,"template":"","meta":{"_acf_changed":false,"site-sidebar-layout":"default","site-content-layout":"","ast-site-content-layout":"default","site-content-style":"default","site-sidebar-style":"default","ast-global-header-display":"","ast-banner-title-visibility":"","ast-main-header-display":"","ast-hfb-above-header-display":"","ast-hfb-below-header-display":"","ast-hfb-mobile-header-display":"","site-post-title":"","ast-breadcrumbs-content":"","ast-featured-img":"","footer-sml-layout":"","ast-disable-related-posts":"","theme-transparent-header-meta":"default","adv-header-id-meta":"","stick-header-meta":"","header-above-stick-meta":"","header-main-stick-meta":"","header-below-stick-meta":"","astra-migrate-meta-layouts":"default","ast-page-background-enabled":"default","ast-page-background-meta":{"desktop":{"background-color":"var(--ast-global-color-4)","background-image":"","background-repeat":"repeat","background-position":"center center","background-size":"auto","background-attachment":"scroll","background-type":"","background-media":"","overlay-type":"","overlay-color":"","overlay-opacity":"","overlay-gradient":""},"tablet":{"background-color":"","background-image":"","background-repeat":"repeat","background-position":"center center","background-size":"auto","background-attachment":"scroll","background-type":"","background-media":"","overlay-type":"","overlay-color":"","overlay-opacity":"","overlay-gradient":""},"mobile":{"background-color":"","background-image":"","background-repeat":"repeat","background-position":"center center","background-size":"auto","background-attachment":"scroll","background-type":"","background-media":"","overlay-type":"","overlay-color":"","overlay-opacity":"","overlay-gradient":""}},"ast-content-background-meta":{"desktop":{"background-color":"var(--ast-global-color-5)","background-image":"","background-repeat":"repeat","background-position":"center center","background-size":"auto","background-attachment":"scroll","background-type":"","background-media":"","overlay-type":"","overlay-color":"","overlay-opacity":"","overlay-gradient":""},"tablet":{"background-color":"var(--ast-global-color-5)","background-image":"","background-repeat":"repeat","background-position":"center center","background-size":"auto","background-attachment":"scroll","background-type":"","background-media":"","overlay-type":"","overlay-color":"","overlay-opacity":"","overlay-gradient":""},"mobile":{"background-color":"var(--ast-global-color-5)","background-image":"","background-repeat":"repeat","background-position":"center center","background-size":"auto","background-attachment":"scroll","background-type":"","background-media":"","overlay-type":"","overlay-color":"","overlay-opacity":"","overlay-gradient":""}}},"product_brand":[],"product_cat":[371,359,369,365,385,363,633],"product_tag":[],"class_list":{"0":"post-45137","1":"product","2":"type-product","3":"status-publish","4":"has-post-thumbnail","6":"product_cat-akcio-jatekok","7":"product_cat-bestseller-hu","8":"product_cat-csarnokok","9":"product_cat-goz","10":"product_cat-horror-hu","11":"product_cat-kaland-jatekok","12":"product_cat-secret-mode-hu","13":"desktop-align-left","14":"tablet-align-left","15":"mobile-align-left","17":"first","18":"instock","19":"shipping-taxable","20":"purchasable","21":"product-type-simple"},"acf":[],"yoast_head":"<!-- This site is optimized with the Yoast SEO Premium plugin v27.4 (Yoast SEO v27.4) - https:\/\/yoast.com\/product\/yoast-seo-premium-wordpress\/ -->\n<title>Escape the Backrooms - Prismagamers.com<\/title>\n<meta name=\"description\" content=\"Fedezd fel a v\u00e9gtelen h\u00e1ts\u00f3 szob\u00e1k folyos\u00f3it egy s\u00f6t\u00e9t horrorj\u00e1t\u00e9kban, amelyet a Backrooms legend\u00e1ja ihletett. Fedezz fel t\u00f6bb mint 30 szintet, ker\u00fcld el a hal\u00e1los l\u00e9nyeket, \u00e9s dolgozz a csapatoddal kooperat\u00edv m\u00f3dban, hogy megtal\u00e1ld a kiutat a r\u00e9m\u00e1lomb\u00f3l.   Glob\u00e1lis  G\u0151z  Digit\u00e1lis kulcs &nbsp;\" \/>\n<meta name=\"robots\" content=\"index, follow, max-snippet:-1, max-image-preview:large, max-video-preview:-1\" \/>\n<link rel=\"canonical\" href=\"https:\/\/prismagamers.com\/hu\/produkt\/escape-the-backrooms\/\" \/>\n<meta property=\"og:locale\" content=\"hu_HU\" \/>\n<meta property=\"og:type\" content=\"article\" \/>\n<meta property=\"og:title\" content=\"Escape the Backrooms\" \/>\n<meta property=\"og:description\" content=\"Fedezd fel a v\u00e9gtelen h\u00e1ts\u00f3 szob\u00e1k folyos\u00f3it egy s\u00f6t\u00e9t horrorj\u00e1t\u00e9kban, amelyet a Backrooms legend\u00e1ja ihletett. Fedezz fel t\u00f6bb mint 30 szintet, ker\u00fcld el a hal\u00e1los l\u00e9nyeket, \u00e9s dolgozz a csapatoddal kooperat\u00edv m\u00f3dban, hogy megtal\u00e1ld a kiutat a r\u00e9m\u00e1lomb\u00f3l.   Glob\u00e1lis  G\u0151z  Digit\u00e1lis kulcs &nbsp;\" \/>\n<meta property=\"og:url\" content=\"https:\/\/prismagamers.com\/hu\/produkt\/escape-the-backrooms\/\" \/>\n<meta property=\"og:site_name\" content=\"Prismagamers.com\" \/>\n<meta property=\"article:publisher\" content=\"https:\/\/www.facebook.com\/prismagamers\" \/>\n<meta property=\"article:modified_time\" content=\"2026-03-04T23:00:38+00:00\" \/>\n<meta property=\"og:image\" content=\"https:\/\/prismagamers.com\/wp-content\/uploads\/2025\/10\/library_600x900_2x-8.jpg\" \/>\n\t<meta property=\"og:image:width\" content=\"600\" \/>\n\t<meta property=\"og:image:height\" content=\"900\" \/>\n\t<meta property=\"og:image:type\" content=\"image\/jpeg\" \/>\n<meta name=\"twitter:card\" content=\"summary_large_image\" \/>\n<meta name=\"twitter:label1\" content=\"Becs\u00fclt olvas\u00e1si id\u0151\" \/>\n\t<meta name=\"twitter:data1\" content=\"1 perc\" \/>\n<script type=\"application\/ld+json\" class=\"yoast-schema-graph\">{\"@context\":\"https:\\\/\\\/schema.org\",\"@graph\":[{\"@type\":\"WebPage\",\"@id\":\"https:\\\/\\\/prismagamers.com\\\/hu\\\/produkt\\\/escape-the-backrooms\\\/\",\"url\":\"https:\\\/\\\/prismagamers.com\\\/hu\\\/produkt\\\/escape-the-backrooms\\\/\",\"name\":\"Escape the Backrooms - Prismagamers.com\",\"isPartOf\":{\"@id\":\"https:\\\/\\\/prismagamers.com\\\/hu\\\/#website\"},\"primaryImageOfPage\":{\"@id\":\"https:\\\/\\\/prismagamers.com\\\/hu\\\/produkt\\\/escape-the-backrooms\\\/#primaryimage\"},\"image\":{\"@id\":\"https:\\\/\\\/prismagamers.com\\\/hu\\\/produkt\\\/escape-the-backrooms\\\/#primaryimage\"},\"thumbnailUrl\":\"https:\\\/\\\/prismagamers.com\\\/wp-content\\\/uploads\\\/2025\\\/10\\\/library_600x900_2x-8.jpg\",\"datePublished\":\"2025-10-31T22:42:34+00:00\",\"dateModified\":\"2026-03-04T23:00:38+00:00\",\"description\":\"Fedezd fel a v\u00e9gtelen h\u00e1ts\u00f3 szob\u00e1k folyos\u00f3it egy s\u00f6t\u00e9t horrorj\u00e1t\u00e9kban, amelyet a Backrooms legend\u00e1ja ihletett. Fedezz fel t\u00f6bb mint 30 szintet, ker\u00fcld el a hal\u00e1los l\u00e9nyeket, \u00e9s dolgozz a csapatoddal kooperat\u00edv m\u00f3dban, hogy megtal\u00e1ld a kiutat a r\u00e9m\u00e1lomb\u00f3l. Glob\u00e1lis G\u0151z Digit\u00e1lis kulcs &nbsp;\",\"breadcrumb\":{\"@id\":\"https:\\\/\\\/prismagamers.com\\\/hu\\\/produkt\\\/escape-the-backrooms\\\/#breadcrumb\"},\"inLanguage\":\"hu\",\"potentialAction\":[{\"@type\":\"ReadAction\",\"target\":[\"https:\\\/\\\/prismagamers.com\\\/hu\\\/produkt\\\/escape-the-backrooms\\\/\"]}]},{\"@type\":\"ImageObject\",\"inLanguage\":\"hu\",\"@id\":\"https:\\\/\\\/prismagamers.com\\\/hu\\\/produkt\\\/escape-the-backrooms\\\/#primaryimage\",\"url\":\"https:\\\/\\\/prismagamers.com\\\/wp-content\\\/uploads\\\/2025\\\/10\\\/library_600x900_2x-8.jpg\",\"contentUrl\":\"https:\\\/\\\/prismagamers.com\\\/wp-content\\\/uploads\\\/2025\\\/10\\\/library_600x900_2x-8.jpg\",\"width\":600,\"height\":900},{\"@type\":\"BreadcrumbList\",\"@id\":\"https:\\\/\\\/prismagamers.com\\\/hu\\\/produkt\\\/escape-the-backrooms\\\/#breadcrumb\",\"itemListElement\":[{\"@type\":\"ListItem\",\"position\":1,\"name\":\"Strona g\u0142\u00f3wna\",\"item\":\"https:\\\/\\\/prismagamers.com\\\/hu\\\/prismagamers\\\/\"},{\"@type\":\"ListItem\",\"position\":2,\"name\":\"Shop\",\"item\":\"https:\\\/\\\/prismagamers.com\\\/hu\\\/shop\\\/\"},{\"@type\":\"ListItem\",\"position\":3,\"name\":\"Escape the Backrooms\"}]},{\"@type\":\"WebSite\",\"@id\":\"https:\\\/\\\/prismagamers.com\\\/hu\\\/#website\",\"url\":\"https:\\\/\\\/prismagamers.com\\\/hu\\\/\",\"name\":\"Prismagamers\",\"description\":\"Sklep z grami PC I Sklep klucze Steam\",\"publisher\":{\"@id\":\"https:\\\/\\\/prismagamers.com\\\/hu\\\/#organization\"},\"potentialAction\":[{\"@type\":\"SearchAction\",\"target\":{\"@type\":\"EntryPoint\",\"urlTemplate\":\"https:\\\/\\\/prismagamers.com\\\/hu\\\/?s={search_term_string}\"},\"query-input\":{\"@type\":\"PropertyValueSpecification\",\"valueRequired\":true,\"valueName\":\"search_term_string\"}}],\"inLanguage\":\"hu\"},{\"@type\":\"Organization\",\"@id\":\"https:\\\/\\\/prismagamers.com\\\/hu\\\/#organization\",\"name\":\"Prismagamers\",\"url\":\"https:\\\/\\\/prismagamers.com\\\/hu\\\/\",\"logo\":{\"@type\":\"ImageObject\",\"inLanguage\":\"hu\",\"@id\":\"https:\\\/\\\/prismagamers.com\\\/hu\\\/#\\\/schema\\\/logo\\\/image\\\/\",\"url\":\"https:\\\/\\\/prismagamers.com\\\/wp-content\\\/uploads\\\/2022\\\/04\\\/cropped-logo-Prismagamers-01-scaled-1.jpg\",\"contentUrl\":\"https:\\\/\\\/prismagamers.com\\\/wp-content\\\/uploads\\\/2022\\\/04\\\/cropped-logo-Prismagamers-01-scaled-1.jpg\",\"width\":512,\"height\":512,\"caption\":\"Prismagamers\"},\"image\":{\"@id\":\"https:\\\/\\\/prismagamers.com\\\/hu\\\/#\\\/schema\\\/logo\\\/image\\\/\"},\"sameAs\":[\"https:\\\/\\\/www.facebook.com\\\/prismagamers\",\"https:\\\/\\\/www.instagram.com\\\/prismagamers_grycyfrowe\\\/\"],\"description\":\"Prismagamers.com to dynamiczny sklep z grami cyfrowymi, stworzony z my\u015bl\u0105 o entuzjastach gier wideo. Nasza strona oferuje szerok\u0105 gam\u0119 gier komputerowych, w tym najnowsze tytu\u0142y, dobrze znane klasyki oraz gry stworzone przez niezale\u017cne studia Ca\u0142y czas d\u0105\u017cymy do rozszerzenia naszej oferty. Do\u0142\u0105cz do nas i sta\u0144 si\u0119 cz\u0119\u015bci\u0105 naszej rosn\u0105cej spo\u0142eczno\u015bci graczy!\",\"email\":\"shop@prismagamers.com\",\"telephone\":\"48795541705\",\"legalName\":\"East Caravan Maksym \u017bukow\",\"foundingDate\":\"2012-05-10\",\"vatID\":\"PL8943038612\",\"taxID\":\"PL8943038612\",\"numberOfEmployees\":{\"@type\":\"QuantitativeValue\",\"minValue\":\"11\",\"maxValue\":\"50\"}}]}<\/script>\n<!-- \/ Yoast SEO Premium plugin. -->","yoast_head_json":{"title":"Escape the Backrooms - Prismagamers.com","description":"Fedezd fel a v\u00e9gtelen h\u00e1ts\u00f3 szob\u00e1k folyos\u00f3it egy s\u00f6t\u00e9t horrorj\u00e1t\u00e9kban, amelyet a Backrooms legend\u00e1ja ihletett. Fedezz fel t\u00f6bb mint 30 szintet, ker\u00fcld el a hal\u00e1los l\u00e9nyeket, \u00e9s dolgozz a csapatoddal kooperat\u00edv m\u00f3dban, hogy megtal\u00e1ld a kiutat a r\u00e9m\u00e1lomb\u00f3l.   Glob\u00e1lis  G\u0151z  Digit\u00e1lis kulcs &nbsp;","robots":{"index":"index","follow":"follow","max-snippet":"max-snippet:-1","max-image-preview":"max-image-preview:large","max-video-preview":"max-video-preview:-1"},"canonical":"https:\/\/prismagamers.com\/hu\/produkt\/escape-the-backrooms\/","og_locale":"hu_HU","og_type":"article","og_title":"Escape the Backrooms","og_description":"Fedezd fel a v\u00e9gtelen h\u00e1ts\u00f3 szob\u00e1k folyos\u00f3it egy s\u00f6t\u00e9t horrorj\u00e1t\u00e9kban, amelyet a Backrooms legend\u00e1ja ihletett. Fedezz fel t\u00f6bb mint 30 szintet, ker\u00fcld el a hal\u00e1los l\u00e9nyeket, \u00e9s dolgozz a csapatoddal kooperat\u00edv m\u00f3dban, hogy megtal\u00e1ld a kiutat a r\u00e9m\u00e1lomb\u00f3l.   Glob\u00e1lis  G\u0151z  Digit\u00e1lis kulcs &nbsp;","og_url":"https:\/\/prismagamers.com\/hu\/produkt\/escape-the-backrooms\/","og_site_name":"Prismagamers.com","article_publisher":"https:\/\/www.facebook.com\/prismagamers","article_modified_time":"2026-03-04T23:00:38+00:00","og_image":[{"width":600,"height":900,"url":"https:\/\/prismagamers.com\/wp-content\/uploads\/2025\/10\/library_600x900_2x-8.jpg","type":"image\/jpeg"}],"twitter_card":"summary_large_image","twitter_misc":{"Becs\u00fclt olvas\u00e1si id\u0151":"1 perc"},"schema":{"@context":"https:\/\/schema.org","@graph":[{"@type":"WebPage","@id":"https:\/\/prismagamers.com\/hu\/produkt\/escape-the-backrooms\/","url":"https:\/\/prismagamers.com\/hu\/produkt\/escape-the-backrooms\/","name":"Escape the Backrooms - Prismagamers.com","isPartOf":{"@id":"https:\/\/prismagamers.com\/hu\/#website"},"primaryImageOfPage":{"@id":"https:\/\/prismagamers.com\/hu\/produkt\/escape-the-backrooms\/#primaryimage"},"image":{"@id":"https:\/\/prismagamers.com\/hu\/produkt\/escape-the-backrooms\/#primaryimage"},"thumbnailUrl":"https:\/\/prismagamers.com\/wp-content\/uploads\/2025\/10\/library_600x900_2x-8.jpg","datePublished":"2025-10-31T22:42:34+00:00","dateModified":"2026-03-04T23:00:38+00:00","description":"Fedezd fel a v\u00e9gtelen h\u00e1ts\u00f3 szob\u00e1k folyos\u00f3it egy s\u00f6t\u00e9t horrorj\u00e1t\u00e9kban, amelyet a Backrooms legend\u00e1ja ihletett. Fedezz fel t\u00f6bb mint 30 szintet, ker\u00fcld el a hal\u00e1los l\u00e9nyeket, \u00e9s dolgozz a csapatoddal kooperat\u00edv m\u00f3dban, hogy megtal\u00e1ld a kiutat a r\u00e9m\u00e1lomb\u00f3l. Glob\u00e1lis G\u0151z Digit\u00e1lis kulcs &nbsp;","breadcrumb":{"@id":"https:\/\/prismagamers.com\/hu\/produkt\/escape-the-backrooms\/#breadcrumb"},"inLanguage":"hu","potentialAction":[{"@type":"ReadAction","target":["https:\/\/prismagamers.com\/hu\/produkt\/escape-the-backrooms\/"]}]},{"@type":"ImageObject","inLanguage":"hu","@id":"https:\/\/prismagamers.com\/hu\/produkt\/escape-the-backrooms\/#primaryimage","url":"https:\/\/prismagamers.com\/wp-content\/uploads\/2025\/10\/library_600x900_2x-8.jpg","contentUrl":"https:\/\/prismagamers.com\/wp-content\/uploads\/2025\/10\/library_600x900_2x-8.jpg","width":600,"height":900},{"@type":"BreadcrumbList","@id":"https:\/\/prismagamers.com\/hu\/produkt\/escape-the-backrooms\/#breadcrumb","itemListElement":[{"@type":"ListItem","position":1,"name":"Strona g\u0142\u00f3wna","item":"https:\/\/prismagamers.com\/hu\/prismagamers\/"},{"@type":"ListItem","position":2,"name":"Shop","item":"https:\/\/prismagamers.com\/hu\/shop\/"},{"@type":"ListItem","position":3,"name":"Escape the Backrooms"}]},{"@type":"WebSite","@id":"https:\/\/prismagamers.com\/hu\/#website","url":"https:\/\/prismagamers.com\/hu\/","name":"Prismagamers","description":"Sklep z grami PC I Sklep klucze Steam","publisher":{"@id":"https:\/\/prismagamers.com\/hu\/#organization"},"potentialAction":[{"@type":"SearchAction","target":{"@type":"EntryPoint","urlTemplate":"https:\/\/prismagamers.com\/hu\/?s={search_term_string}"},"query-input":{"@type":"PropertyValueSpecification","valueRequired":true,"valueName":"search_term_string"}}],"inLanguage":"hu"},{"@type":"Organization","@id":"https:\/\/prismagamers.com\/hu\/#organization","name":"Prismagamers","url":"https:\/\/prismagamers.com\/hu\/","logo":{"@type":"ImageObject","inLanguage":"hu","@id":"https:\/\/prismagamers.com\/hu\/#\/schema\/logo\/image\/","url":"https:\/\/prismagamers.com\/wp-content\/uploads\/2022\/04\/cropped-logo-Prismagamers-01-scaled-1.jpg","contentUrl":"https:\/\/prismagamers.com\/wp-content\/uploads\/2022\/04\/cropped-logo-Prismagamers-01-scaled-1.jpg","width":512,"height":512,"caption":"Prismagamers"},"image":{"@id":"https:\/\/prismagamers.com\/hu\/#\/schema\/logo\/image\/"},"sameAs":["https:\/\/www.facebook.com\/prismagamers","https:\/\/www.instagram.com\/prismagamers_grycyfrowe\/"],"description":"Prismagamers.com to dynamiczny sklep z grami cyfrowymi, stworzony z my\u015bl\u0105 o entuzjastach gier wideo. Nasza strona oferuje szerok\u0105 gam\u0119 gier komputerowych, w tym najnowsze tytu\u0142y, dobrze znane klasyki oraz gry stworzone przez niezale\u017cne studia Ca\u0142y czas d\u0105\u017cymy do rozszerzenia naszej oferty. Do\u0142\u0105cz do nas i sta\u0144 si\u0119 cz\u0119\u015bci\u0105 naszej rosn\u0105cej spo\u0142eczno\u015bci graczy!","email":"shop@prismagamers.com","telephone":"48795541705","legalName":"East Caravan Maksym \u017bukow","foundingDate":"2012-05-10","vatID":"PL8943038612","taxID":"PL8943038612","numberOfEmployees":{"@type":"QuantitativeValue","minValue":"11","maxValue":"50"}}]}},"_links":{"self":[{"href":"https:\/\/prismagamers.com\/hu\/wp-json\/wp\/v2\/product\/45137","targetHints":{"allow":["GET"]}}],"collection":[{"href":"https:\/\/prismagamers.com\/hu\/wp-json\/wp\/v2\/product"}],"about":[{"href":"https:\/\/prismagamers.com\/hu\/wp-json\/wp\/v2\/types\/product"}],"wp:featuredmedia":[{"embeddable":true,"href":"https:\/\/prismagamers.com\/hu\/wp-json\/wp\/v2\/media\/45129"}],"wp:attachment":[{"href":"https:\/\/prismagamers.com\/hu\/wp-json\/wp\/v2\/media?parent=45137"}],"wp:term":[{"taxonomy":"product_brand","embeddable":true,"href":"https:\/\/prismagamers.com\/hu\/wp-json\/wp\/v2\/product_brand?post=45137"},{"taxonomy":"product_cat","embeddable":true,"href":"https:\/\/prismagamers.com\/hu\/wp-json\/wp\/v2\/product_cat?post=45137"},{"taxonomy":"product_tag","embeddable":true,"href":"https:\/\/prismagamers.com\/hu\/wp-json\/wp\/v2\/product_tag?post=45137"}],"curies":[{"name":"wp","href":"https:\/\/api.w.org\/{rel}","templated":true}]}}