{"id":45270,"date":"2025-11-04T14:33:10","date_gmt":"2025-11-04T13:33:10","guid":{"rendered":"https:\/\/prismagamers.com\/produkt\/farming-simulator-25-highlands-fishing-expansion\/"},"modified":"2025-11-04T23:00:28","modified_gmt":"2025-11-04T22:00:28","slug":"farming-simulator-25-highlands-fishing-expansion","status":"publish","type":"product","link":"https:\/\/prismagamers.com\/hu\/produkt\/farming-simulator-25-highlands-fishing-expansion\/","title":{"rendered":"Farming Simulator 25 &#8211; Highlands Fishing Expansion<br><br>"},"content":{"rendered":"<h3 data-start=\"131\" data-end=\"225\">Farming Simulator 25: Mer\u00fclj el a gazd\u00e1lkod\u00e1s \u00faj dimenzi\u00f3j\u00e1ban!<\/h3>\n<p data-start=\"227\" data-end=\"636\"><strong data-start=\"227\" data-end=\"278\">Farming Simulator 25: Highlands Fishing Edition<\/strong> friss, halas hangulatot hoz a n\u00e9pszer\u0171 mez\u0151gazdas\u00e1gi szimul\u00e1tor-sorozatba. Fedezd fel a fest\u0151i <g id=\"gid_1\">Kinlaig<\/g> v\u00e1rost, amelyet Sk\u00f3cia t\u00e1jai ihlettek &#8211; tele hegyekkel, tavakkal \u00e9s t\u00f6rt\u00e9nelmi kast\u00e9lyokkal. Fejleszd a farmodat, <strong data-start=\"506\" data-end=\"581\">ir\u00e1ny\u00edtsd<\/strong> a <strong data-start=\"506\" data-end=\"581\">hal\u00e1szhaj\u00f3dat, termessz \u00faj n\u00f6v\u00e9nyeket, nevelj \u00e1llatokat \u00e9s halakat<\/strong>, haszn\u00e1lj modern g\u00e9peket \u00e9s eszk\u00f6z\u00f6ket.  <\/p>\n<hr data-start=\"638\" data-end=\"641\">\n<h3 data-start=\"643\" data-end=\"693\">\u00daj t\u00e9rk\u00e9p: Kinlaig &#8211; a felf\u00f6ldi hal\u00e1szat sz\u00edve<\/h3>\n<p data-start=\"695\" data-end=\"1011\">L\u00e9pjen be <strong data-start=\"711\" data-end=\"722\">Kinlaig<\/strong> vil\u00e1g\u00e1ba, ahol szikl\u00e1s v\u00f6lgyek tal\u00e1lkoznak a ny\u00edlt tengerrel. Ez a hely tele van autentikus b\u00e1jjal, t\u00f6rt\u00e9nelmi \u00e9p\u00edt\u00e9szettel \u00e9s vad term\u00e9szettel. Ebben a kih\u00edv\u00e1sokkal teli, de gy\u00f6ny\u00f6r\u0171 k\u00f6rnyezetben <strong data-start=\"911\" data-end=\"965\">sz\u00e1ntani tudsz a f\u00f6ldeken, tengerre sz\u00e1llhatsz \u00e9s akvakult\u00far\u00e1t fejleszthetsz<\/strong>, l\u00e9trehozva saj\u00e1t sk\u00f3t mez\u0151gazdas\u00e1gi birodalmadat.  <\/p>\n<hr data-start=\"1013\" data-end=\"1016\">\n<h3 data-start=\"1018\" data-end=\"1072\">Akvakult\u00fara \u00e9s hal\u00e1szat &#8211; a mez\u0151gazdas\u00e1g \u00faj dimenzi\u00f3ja<\/h3>\n<p data-start=\"1074\" data-end=\"1361\">\u00dclj be <strong data-start=\"1093\" data-end=\"1112\">egy hal\u00e1szhaj\u00f3<\/strong> ir\u00e1ny\u00edt\u00e1sa m\u00f6g\u00e9, \u00e9s fedezd fel a halteny\u00e9szt\u00e9s vil\u00e1g\u00e1t! Teny\u00e9szd, neveld \u00e9s fogd ki a legk\u00fcl\u00f6nf\u00e9l\u00e9bb fajokat, p\u00e9ld\u00e1ul a <strong data-start=\"1194\" data-end=\"1220\">lazacot \u00e9s a sziv\u00e1rv\u00e1nyos pisztr\u00e1ngot<\/strong>. A mez\u0151n \u00e9s az erd\u0151kben v\u00e9gzett munka mellett most m\u00e1r <strong data-start=\"1269\" data-end=\"1306\">horg\u00e1szat k\u00f6zben is pihenhetsz<\/strong> &#8211; a tengeren \u00e9s a partr\u00f3l, bottal a kezedben.  <\/p>\n<hr data-start=\"1363\" data-end=\"1366\">\n<h3 data-start=\"1368\" data-end=\"1402\">\u00daj n\u00f6v\u00e9nyek, g\u00e9pek \u00e9s m\u00e1rk\u00e1k<\/h3>\n<p data-start=\"1404\" data-end=\"1711\">A b\u0151v\u00edt\u00e9s <strong data-start=\"1427\" data-end=\"1451\">egy \u00faj term\u00e9nyt &#8211; a hagym\u00e1t &#8211;<\/strong> \u00e9s egy sor erre a c\u00e9lra szolg\u00e1l\u00f3 g\u00e9pet vezet be. <strong data-start=\"1500\" data-end=\"1539\">T\u00f6bb mint 20 \u00faj j\u00e1rm\u0171 \u00e9s munkag\u00e9p<\/strong> csatlakozik a j\u00e1t\u00e9khoz, valamint n\u00e9gy m\u00e1r ismert m\u00e1rka: <strong data-start=\"1566\" data-end=\"1598\">Monosem, Can-Am, Agri-Spread<\/strong> \u00e9s <strong data-start=\"1601\" data-end=\"1615\">GT Bunning<\/strong>. Seg\u00edts\u00e9g\u00fckkel teljesen \u00faj m\u00f3don fogod m\u0171k\u00f6dtetni a gazdas\u00e1godat &#8211; sz\u00e1razf\u00f6ld\u00f6n \u00e9s v\u00edzen egyar\u00e1nt.  <\/p>\n<hr data-start=\"1713\" data-end=\"1716\">\n<h3 data-start=\"1718\" data-end=\"1786\">A Farming Simulator 25 legfontosabb jellemz\u0151i: Fishing Edition: Highlands Fishing Edition<\/h3>\n<ul data-start=\"1788\" data-end=\"2071\">\n<li data-start=\"1788\" data-end=\"1852\">\n<p data-start=\"1790\" data-end=\"1852\">  Az \u00faj <strong data-start=\"1803\" data-end=\"1814\">Kinlaig<\/strong> t\u00e9rk\u00e9pet sk\u00f3t t\u00e1jak ihlett\u00e9k<\/p>\n<\/li>\n<li data-start=\"1853\" data-end=\"1918\">\n<p data-start=\"1855\" data-end=\"1918\">  Halgazd\u00e1lkod\u00e1s \u00e9s hal\u00e1szat &#8211; lazac, sziv\u00e1rv\u00e1nyos pisztr\u00e1ng \u00e9s egy\u00e9b fajok<\/p>\n<\/li>\n<li data-start=\"1919\" data-end=\"1949\">\n<p data-start=\"1921\" data-end=\"1949\">  \u00daj term\u00e9ny: <strong data-start=\"1937\" data-end=\"1947\">hagyma<\/strong><\/p>\n<\/li>\n<li data-start=\"1950\" data-end=\"1997\">\n<p data-start=\"1952\" data-end=\"1997\">  T\u00f6bb mint <strong data-start=\"1961\" data-end=\"1981\">20 \u00faj g\u00e9p<\/strong> \u00e9s <strong data-start=\"1984\" data-end=\"1995\">4 m\u00e1rka<\/strong><\/p>\n<\/li>\n<li data-start=\"1998\" data-end=\"2071\">\n<p data-start=\"2000\" data-end=\"2071\">  A <strong data-start=\"2014\" data-end=\"2052\">mez\u0151gazdas\u00e1g, az erd\u0151gazd\u00e1lkod\u00e1s \u00e9s az akvakult\u00fara<\/strong> egyes\u00edt\u00e9se egy vil\u00e1gban<\/p>\n<\/li>\n<\/ul>\n<hr data-start=\"2073\" data-end=\"2076\">\n<p data-start=\"2078\" data-end=\"2357\"><strong data-start=\"2078\" data-end=\"2129\">Farming Simulator 25:<\/strong> A <strong data-start=\"2078\" data-end=\"2129\">Highlands Fishing Edition<\/strong> a t\u00f6k\u00e9letes b\u0151v\u00edt\u00e9s a sorozat minden rajong\u00f3ja sz\u00e1m\u00e1ra &#8211; m\u00e9g t\u00f6bb realizmust, kikapcsol\u00f3d\u00e1st \u00e9s farmfejleszt\u00e9si lehet\u0151s\u00e9get k\u00edn\u00e1l. Mer\u00fclj el a term\u00e9szet b\u00e9k\u00e9s vil\u00e1g\u00e1ban, \u00e9s fedezd fel, milyen a val\u00f3di \u00e9let a sk\u00f3t felf\u00f6ld\u00f6n! <\/p>\n","protected":false},"excerpt":{"rendered":"<p data-start=\"101\" data-end=\"370\"><strong data-start=\"101\" data-end=\"152\">Farming Simulator 25: Highlands Fishing Edition<\/strong> \u00faj szintre emeli a gazd\u00e1lkod\u00e1st, bevezetve az akvakult\u00far\u00e1t \u00e9s a sk\u00f3t hangulatot. Fedezd fel a <strong data-start=\"243\" data-end=\"254\">Kinlaig<\/strong> t\u00e9rk\u00e9pet, termessz halat \u00e9s hagym\u00e1t, haszn\u00e1lj t\u00f6bb mint <strong data-start=\"295\" data-end=\"315\">20 \u00faj g\u00e9pet<\/strong>, \u00e9s fejleszd a farmodat a sz\u00e1razf\u00f6ld\u00f6n \u00e9s a v\u00edzen! <\/p>\n<p data-start=\"101\" data-end=\"370\"><img decoding=\"async\" class=\"emoji\" role=\"img\" draggable=\"false\" src=\"https:\/\/s.w.org\/images\/core\/emoji\/16.0.1\/svg\/1f30d.svg\" alt=\"\ud83c\udf0d\">  Global<br \/>\n<img decoding=\"async\" class=\"emoji\" role=\"img\" draggable=\"false\" src=\"https:\/\/s.w.org\/images\/core\/emoji\/16.0.1\/svg\/2699.svg\" alt=\"\u2699\ufe0f\"> Steam<br \/>\n<img decoding=\"async\" class=\"emoji\" role=\"img\" draggable=\"false\" src=\"https:\/\/s.w.org\/images\/core\/emoji\/16.0.1\/svg\/1f5dd.svg\" alt=\"\ud83d\udddd\"> Digit\u00e1lis kulcs<\/p>\n","protected":false},"featured_media":39933,"template":"","meta":{"_acf_changed":false,"site-sidebar-layout":"default","site-content-layout":"","ast-site-content-layout":"default","site-content-style":"default","site-sidebar-style":"default","ast-global-header-display":"","ast-banner-title-visibility":"","ast-main-header-display":"","ast-hfb-above-header-display":"","ast-hfb-below-header-display":"","ast-hfb-mobile-header-display":"","site-post-title":"","ast-breadcrumbs-content":"","ast-featured-img":"","footer-sml-layout":"","ast-disable-related-posts":"","theme-transparent-header-meta":"default","adv-header-id-meta":"","stick-header-meta":"","header-above-stick-meta":"","header-main-stick-meta":"","header-below-stick-meta":"","astra-migrate-meta-layouts":"default","ast-page-background-enabled":"default","ast-page-background-meta":{"desktop":{"background-color":"var(--ast-global-color-4)","background-image":"","background-repeat":"repeat","background-position":"center center","background-size":"auto","background-attachment":"scroll","background-type":"","background-media":"","overlay-type":"","overlay-color":"","overlay-opacity":"","overlay-gradient":""},"tablet":{"background-color":"","background-image":"","background-repeat":"repeat","background-position":"center center","background-size":"auto","background-attachment":"scroll","background-type":"","background-media":"","overlay-type":"","overlay-color":"","overlay-opacity":"","overlay-gradient":""},"mobile":{"background-color":"","background-image":"","background-repeat":"repeat","background-position":"center center","background-size":"auto","background-attachment":"scroll","background-type":"","background-media":"","overlay-type":"","overlay-color":"","overlay-opacity":"","overlay-gradient":""}},"ast-content-background-meta":{"desktop":{"background-color":"var(--ast-global-color-5)","background-image":"","background-repeat":"repeat","background-position":"center center","background-size":"auto","background-attachment":"scroll","background-type":"","background-media":"","overlay-type":"","overlay-color":"","overlay-opacity":"","overlay-gradient":""},"tablet":{"background-color":"var(--ast-global-color-5)","background-image":"","background-repeat":"repeat","background-position":"center center","background-size":"auto","background-attachment":"scroll","background-type":"","background-media":"","overlay-type":"","overlay-color":"","overlay-opacity":"","overlay-gradient":""},"mobile":{"background-color":"var(--ast-global-color-5)","background-image":"","background-repeat":"repeat","background-position":"center center","background-size":"auto","background-attachment":"scroll","background-type":"","background-media":"","overlay-type":"","overlay-color":"","overlay-opacity":"","overlay-gradient":""}}},"product_brand":[],"product_cat":[368,451,365,372],"product_tag":[],"class_list":{"0":"post-45270","1":"product","2":"type-product","3":"status-publish","4":"has-post-thumbnail","6":"product_cat-dlc-hu","7":"product_cat-giants-software-gmbh-hu","8":"product_cat-goz","9":"product_cat-jatekok-szimulatorok","10":"desktop-align-left","11":"tablet-align-left","12":"mobile-align-left","14":"first","15":"instock","16":"shipping-taxable","17":"purchasable","18":"product-type-simple"},"acf":[],"yoast_head":"<!-- This site is optimized with the Yoast SEO Premium plugin v27.4 (Yoast SEO v27.4) - https:\/\/yoast.com\/product\/yoast-seo-premium-wordpress\/ -->\n<title>Farming Simulator 25 - Highlands Fishing Expansion - Prismagamers.com<\/title>\n<meta name=\"description\" content=\"Farming Simulator 25: Highlands Fishing Edition \u00faj szintre emeli a gazd\u00e1lkod\u00e1st, bevezetve az akvakult\u00far\u00e1t \u00e9s a sk\u00f3t hangulatot. Fedezd fel a Kinlaig t\u00e9rk\u00e9pet, termessz halat \u00e9s hagym\u00e1t, haszn\u00e1lj t\u00f6bb mint 20 \u00faj g\u00e9pet, \u00e9s fejleszd a farmodat a sz\u00e1razf\u00f6ld\u00f6n \u00e9s a v\u00edzen!  Global Steam Digit\u00e1lis kulcs\" \/>\n<meta name=\"robots\" content=\"index, follow, max-snippet:-1, max-image-preview:large, max-video-preview:-1\" \/>\n<link rel=\"canonical\" href=\"https:\/\/prismagamers.com\/hu\/produkt\/farming-simulator-25-highlands-fishing-expansion\/\" \/>\n<meta property=\"og:locale\" content=\"hu_HU\" \/>\n<meta property=\"og:type\" content=\"article\" \/>\n<meta property=\"og:title\" content=\"Farming Simulator 25 - Highlands Fishing Expansion\" \/>\n<meta property=\"og:description\" content=\"Farming Simulator 25: Highlands Fishing Edition \u00faj szintre emeli a gazd\u00e1lkod\u00e1st, bevezetve az akvakult\u00far\u00e1t \u00e9s a sk\u00f3t hangulatot. Fedezd fel a Kinlaig t\u00e9rk\u00e9pet, termessz halat \u00e9s hagym\u00e1t, haszn\u00e1lj t\u00f6bb mint 20 \u00faj g\u00e9pet, \u00e9s fejleszd a farmodat a sz\u00e1razf\u00f6ld\u00f6n \u00e9s a v\u00edzen!  Global Steam Digit\u00e1lis kulcs\" \/>\n<meta property=\"og:url\" content=\"https:\/\/prismagamers.com\/hu\/produkt\/farming-simulator-25-highlands-fishing-expansion\/\" \/>\n<meta property=\"og:site_name\" content=\"Prismagamers.com\" \/>\n<meta property=\"article:publisher\" content=\"https:\/\/www.facebook.com\/prismagamers\" \/>\n<meta property=\"article:modified_time\" content=\"2025-11-04T22:00:28+00:00\" \/>\n<meta property=\"og:image\" content=\"https:\/\/prismagamers.com\/wp-content\/uploads\/2025\/06\/03-VerticalCapsule_748x896.png\" \/>\n\t<meta property=\"og:image:width\" content=\"748\" \/>\n\t<meta property=\"og:image:height\" content=\"896\" \/>\n\t<meta property=\"og:image:type\" content=\"image\/png\" \/>\n<meta name=\"twitter:card\" content=\"summary_large_image\" \/>\n<meta name=\"twitter:label1\" content=\"Becs\u00fclt olvas\u00e1si id\u0151\" \/>\n\t<meta name=\"twitter:data1\" content=\"2 perc\" \/>\n<script type=\"application\/ld+json\" class=\"yoast-schema-graph\">{\"@context\":\"https:\\\/\\\/schema.org\",\"@graph\":[{\"@type\":\"WebPage\",\"@id\":\"https:\\\/\\\/prismagamers.com\\\/hu\\\/produkt\\\/farming-simulator-25-highlands-fishing-expansion\\\/\",\"url\":\"https:\\\/\\\/prismagamers.com\\\/hu\\\/produkt\\\/farming-simulator-25-highlands-fishing-expansion\\\/\",\"name\":\"Farming Simulator 25 - Highlands Fishing Expansion - Prismagamers.com\",\"isPartOf\":{\"@id\":\"https:\\\/\\\/prismagamers.com\\\/hu\\\/#website\"},\"primaryImageOfPage\":{\"@id\":\"https:\\\/\\\/prismagamers.com\\\/hu\\\/produkt\\\/farming-simulator-25-highlands-fishing-expansion\\\/#primaryimage\"},\"image\":{\"@id\":\"https:\\\/\\\/prismagamers.com\\\/hu\\\/produkt\\\/farming-simulator-25-highlands-fishing-expansion\\\/#primaryimage\"},\"thumbnailUrl\":\"https:\\\/\\\/prismagamers.com\\\/wp-content\\\/uploads\\\/2025\\\/06\\\/03-VerticalCapsule_748x896.png\",\"datePublished\":\"2025-11-04T13:33:10+00:00\",\"dateModified\":\"2025-11-04T22:00:28+00:00\",\"description\":\"Farming Simulator 25: Highlands Fishing Edition \u00faj szintre emeli a gazd\u00e1lkod\u00e1st, bevezetve az akvakult\u00far\u00e1t \u00e9s a sk\u00f3t hangulatot. Fedezd fel a Kinlaig t\u00e9rk\u00e9pet, termessz halat \u00e9s hagym\u00e1t, haszn\u00e1lj t\u00f6bb mint 20 \u00faj g\u00e9pet, \u00e9s fejleszd a farmodat a sz\u00e1razf\u00f6ld\u00f6n \u00e9s a v\u00edzen! Global Steam Digit\u00e1lis kulcs\",\"breadcrumb\":{\"@id\":\"https:\\\/\\\/prismagamers.com\\\/hu\\\/produkt\\\/farming-simulator-25-highlands-fishing-expansion\\\/#breadcrumb\"},\"inLanguage\":\"hu\",\"potentialAction\":[{\"@type\":\"ReadAction\",\"target\":[\"https:\\\/\\\/prismagamers.com\\\/hu\\\/produkt\\\/farming-simulator-25-highlands-fishing-expansion\\\/\"]}]},{\"@type\":\"ImageObject\",\"inLanguage\":\"hu\",\"@id\":\"https:\\\/\\\/prismagamers.com\\\/hu\\\/produkt\\\/farming-simulator-25-highlands-fishing-expansion\\\/#primaryimage\",\"url\":\"https:\\\/\\\/prismagamers.com\\\/wp-content\\\/uploads\\\/2025\\\/06\\\/03-VerticalCapsule_748x896.png\",\"contentUrl\":\"https:\\\/\\\/prismagamers.com\\\/wp-content\\\/uploads\\\/2025\\\/06\\\/03-VerticalCapsule_748x896.png\",\"width\":748,\"height\":896},{\"@type\":\"BreadcrumbList\",\"@id\":\"https:\\\/\\\/prismagamers.com\\\/hu\\\/produkt\\\/farming-simulator-25-highlands-fishing-expansion\\\/#breadcrumb\",\"itemListElement\":[{\"@type\":\"ListItem\",\"position\":1,\"name\":\"Strona g\u0142\u00f3wna\",\"item\":\"https:\\\/\\\/prismagamers.com\\\/hu\\\/prismagamers\\\/\"},{\"@type\":\"ListItem\",\"position\":2,\"name\":\"Shop\",\"item\":\"https:\\\/\\\/prismagamers.com\\\/hu\\\/shop\\\/\"},{\"@type\":\"ListItem\",\"position\":3,\"name\":\"Farming Simulator 25 &#8211; Highlands Fishing Expansion\"}]},{\"@type\":\"WebSite\",\"@id\":\"https:\\\/\\\/prismagamers.com\\\/hu\\\/#website\",\"url\":\"https:\\\/\\\/prismagamers.com\\\/hu\\\/\",\"name\":\"Prismagamers\",\"description\":\"Sklep z grami PC I Sklep klucze Steam\",\"publisher\":{\"@id\":\"https:\\\/\\\/prismagamers.com\\\/hu\\\/#organization\"},\"potentialAction\":[{\"@type\":\"SearchAction\",\"target\":{\"@type\":\"EntryPoint\",\"urlTemplate\":\"https:\\\/\\\/prismagamers.com\\\/hu\\\/?s={search_term_string}\"},\"query-input\":{\"@type\":\"PropertyValueSpecification\",\"valueRequired\":true,\"valueName\":\"search_term_string\"}}],\"inLanguage\":\"hu\"},{\"@type\":\"Organization\",\"@id\":\"https:\\\/\\\/prismagamers.com\\\/hu\\\/#organization\",\"name\":\"Prismagamers\",\"url\":\"https:\\\/\\\/prismagamers.com\\\/hu\\\/\",\"logo\":{\"@type\":\"ImageObject\",\"inLanguage\":\"hu\",\"@id\":\"https:\\\/\\\/prismagamers.com\\\/hu\\\/#\\\/schema\\\/logo\\\/image\\\/\",\"url\":\"https:\\\/\\\/prismagamers.com\\\/wp-content\\\/uploads\\\/2022\\\/04\\\/cropped-logo-Prismagamers-01-scaled-1.jpg\",\"contentUrl\":\"https:\\\/\\\/prismagamers.com\\\/wp-content\\\/uploads\\\/2022\\\/04\\\/cropped-logo-Prismagamers-01-scaled-1.jpg\",\"width\":512,\"height\":512,\"caption\":\"Prismagamers\"},\"image\":{\"@id\":\"https:\\\/\\\/prismagamers.com\\\/hu\\\/#\\\/schema\\\/logo\\\/image\\\/\"},\"sameAs\":[\"https:\\\/\\\/www.facebook.com\\\/prismagamers\",\"https:\\\/\\\/www.instagram.com\\\/prismagamers_grycyfrowe\\\/\"],\"description\":\"Prismagamers.com to dynamiczny sklep z grami cyfrowymi, stworzony z my\u015bl\u0105 o entuzjastach gier wideo. Nasza strona oferuje szerok\u0105 gam\u0119 gier komputerowych, w tym najnowsze tytu\u0142y, dobrze znane klasyki oraz gry stworzone przez niezale\u017cne studia Ca\u0142y czas d\u0105\u017cymy do rozszerzenia naszej oferty. Do\u0142\u0105cz do nas i sta\u0144 si\u0119 cz\u0119\u015bci\u0105 naszej rosn\u0105cej spo\u0142eczno\u015bci graczy!\",\"email\":\"shop@prismagamers.com\",\"telephone\":\"48795541705\",\"legalName\":\"East Caravan Maksym \u017bukow\",\"foundingDate\":\"2012-05-10\",\"vatID\":\"PL8943038612\",\"taxID\":\"PL8943038612\",\"numberOfEmployees\":{\"@type\":\"QuantitativeValue\",\"minValue\":\"11\",\"maxValue\":\"50\"}}]}<\/script>\n<!-- \/ Yoast SEO Premium plugin. -->","yoast_head_json":{"title":"Farming Simulator 25 - Highlands Fishing Expansion - Prismagamers.com","description":"Farming Simulator 25: Highlands Fishing Edition \u00faj szintre emeli a gazd\u00e1lkod\u00e1st, bevezetve az akvakult\u00far\u00e1t \u00e9s a sk\u00f3t hangulatot. Fedezd fel a Kinlaig t\u00e9rk\u00e9pet, termessz halat \u00e9s hagym\u00e1t, haszn\u00e1lj t\u00f6bb mint 20 \u00faj g\u00e9pet, \u00e9s fejleszd a farmodat a sz\u00e1razf\u00f6ld\u00f6n \u00e9s a v\u00edzen!  Global Steam Digit\u00e1lis kulcs","robots":{"index":"index","follow":"follow","max-snippet":"max-snippet:-1","max-image-preview":"max-image-preview:large","max-video-preview":"max-video-preview:-1"},"canonical":"https:\/\/prismagamers.com\/hu\/produkt\/farming-simulator-25-highlands-fishing-expansion\/","og_locale":"hu_HU","og_type":"article","og_title":"Farming Simulator 25 - Highlands Fishing Expansion","og_description":"Farming Simulator 25: Highlands Fishing Edition \u00faj szintre emeli a gazd\u00e1lkod\u00e1st, bevezetve az akvakult\u00far\u00e1t \u00e9s a sk\u00f3t hangulatot. Fedezd fel a Kinlaig t\u00e9rk\u00e9pet, termessz halat \u00e9s hagym\u00e1t, haszn\u00e1lj t\u00f6bb mint 20 \u00faj g\u00e9pet, \u00e9s fejleszd a farmodat a sz\u00e1razf\u00f6ld\u00f6n \u00e9s a v\u00edzen!  Global Steam Digit\u00e1lis kulcs","og_url":"https:\/\/prismagamers.com\/hu\/produkt\/farming-simulator-25-highlands-fishing-expansion\/","og_site_name":"Prismagamers.com","article_publisher":"https:\/\/www.facebook.com\/prismagamers","article_modified_time":"2025-11-04T22:00:28+00:00","og_image":[{"width":748,"height":896,"url":"https:\/\/prismagamers.com\/wp-content\/uploads\/2025\/06\/03-VerticalCapsule_748x896.png","type":"image\/png"}],"twitter_card":"summary_large_image","twitter_misc":{"Becs\u00fclt olvas\u00e1si id\u0151":"2 perc"},"schema":{"@context":"https:\/\/schema.org","@graph":[{"@type":"WebPage","@id":"https:\/\/prismagamers.com\/hu\/produkt\/farming-simulator-25-highlands-fishing-expansion\/","url":"https:\/\/prismagamers.com\/hu\/produkt\/farming-simulator-25-highlands-fishing-expansion\/","name":"Farming Simulator 25 - Highlands Fishing Expansion - Prismagamers.com","isPartOf":{"@id":"https:\/\/prismagamers.com\/hu\/#website"},"primaryImageOfPage":{"@id":"https:\/\/prismagamers.com\/hu\/produkt\/farming-simulator-25-highlands-fishing-expansion\/#primaryimage"},"image":{"@id":"https:\/\/prismagamers.com\/hu\/produkt\/farming-simulator-25-highlands-fishing-expansion\/#primaryimage"},"thumbnailUrl":"https:\/\/prismagamers.com\/wp-content\/uploads\/2025\/06\/03-VerticalCapsule_748x896.png","datePublished":"2025-11-04T13:33:10+00:00","dateModified":"2025-11-04T22:00:28+00:00","description":"Farming Simulator 25: Highlands Fishing Edition \u00faj szintre emeli a gazd\u00e1lkod\u00e1st, bevezetve az akvakult\u00far\u00e1t \u00e9s a sk\u00f3t hangulatot. Fedezd fel a Kinlaig t\u00e9rk\u00e9pet, termessz halat \u00e9s hagym\u00e1t, haszn\u00e1lj t\u00f6bb mint 20 \u00faj g\u00e9pet, \u00e9s fejleszd a farmodat a sz\u00e1razf\u00f6ld\u00f6n \u00e9s a v\u00edzen! Global Steam Digit\u00e1lis kulcs","breadcrumb":{"@id":"https:\/\/prismagamers.com\/hu\/produkt\/farming-simulator-25-highlands-fishing-expansion\/#breadcrumb"},"inLanguage":"hu","potentialAction":[{"@type":"ReadAction","target":["https:\/\/prismagamers.com\/hu\/produkt\/farming-simulator-25-highlands-fishing-expansion\/"]}]},{"@type":"ImageObject","inLanguage":"hu","@id":"https:\/\/prismagamers.com\/hu\/produkt\/farming-simulator-25-highlands-fishing-expansion\/#primaryimage","url":"https:\/\/prismagamers.com\/wp-content\/uploads\/2025\/06\/03-VerticalCapsule_748x896.png","contentUrl":"https:\/\/prismagamers.com\/wp-content\/uploads\/2025\/06\/03-VerticalCapsule_748x896.png","width":748,"height":896},{"@type":"BreadcrumbList","@id":"https:\/\/prismagamers.com\/hu\/produkt\/farming-simulator-25-highlands-fishing-expansion\/#breadcrumb","itemListElement":[{"@type":"ListItem","position":1,"name":"Strona g\u0142\u00f3wna","item":"https:\/\/prismagamers.com\/hu\/prismagamers\/"},{"@type":"ListItem","position":2,"name":"Shop","item":"https:\/\/prismagamers.com\/hu\/shop\/"},{"@type":"ListItem","position":3,"name":"Farming Simulator 25 &#8211; Highlands Fishing Expansion"}]},{"@type":"WebSite","@id":"https:\/\/prismagamers.com\/hu\/#website","url":"https:\/\/prismagamers.com\/hu\/","name":"Prismagamers","description":"Sklep z grami PC I Sklep klucze Steam","publisher":{"@id":"https:\/\/prismagamers.com\/hu\/#organization"},"potentialAction":[{"@type":"SearchAction","target":{"@type":"EntryPoint","urlTemplate":"https:\/\/prismagamers.com\/hu\/?s={search_term_string}"},"query-input":{"@type":"PropertyValueSpecification","valueRequired":true,"valueName":"search_term_string"}}],"inLanguage":"hu"},{"@type":"Organization","@id":"https:\/\/prismagamers.com\/hu\/#organization","name":"Prismagamers","url":"https:\/\/prismagamers.com\/hu\/","logo":{"@type":"ImageObject","inLanguage":"hu","@id":"https:\/\/prismagamers.com\/hu\/#\/schema\/logo\/image\/","url":"https:\/\/prismagamers.com\/wp-content\/uploads\/2022\/04\/cropped-logo-Prismagamers-01-scaled-1.jpg","contentUrl":"https:\/\/prismagamers.com\/wp-content\/uploads\/2022\/04\/cropped-logo-Prismagamers-01-scaled-1.jpg","width":512,"height":512,"caption":"Prismagamers"},"image":{"@id":"https:\/\/prismagamers.com\/hu\/#\/schema\/logo\/image\/"},"sameAs":["https:\/\/www.facebook.com\/prismagamers","https:\/\/www.instagram.com\/prismagamers_grycyfrowe\/"],"description":"Prismagamers.com to dynamiczny sklep z grami cyfrowymi, stworzony z my\u015bl\u0105 o entuzjastach gier wideo. Nasza strona oferuje szerok\u0105 gam\u0119 gier komputerowych, w tym najnowsze tytu\u0142y, dobrze znane klasyki oraz gry stworzone przez niezale\u017cne studia Ca\u0142y czas d\u0105\u017cymy do rozszerzenia naszej oferty. Do\u0142\u0105cz do nas i sta\u0144 si\u0119 cz\u0119\u015bci\u0105 naszej rosn\u0105cej spo\u0142eczno\u015bci graczy!","email":"shop@prismagamers.com","telephone":"48795541705","legalName":"East Caravan Maksym \u017bukow","foundingDate":"2012-05-10","vatID":"PL8943038612","taxID":"PL8943038612","numberOfEmployees":{"@type":"QuantitativeValue","minValue":"11","maxValue":"50"}}]}},"_links":{"self":[{"href":"https:\/\/prismagamers.com\/hu\/wp-json\/wp\/v2\/product\/45270","targetHints":{"allow":["GET"]}}],"collection":[{"href":"https:\/\/prismagamers.com\/hu\/wp-json\/wp\/v2\/product"}],"about":[{"href":"https:\/\/prismagamers.com\/hu\/wp-json\/wp\/v2\/types\/product"}],"wp:featuredmedia":[{"embeddable":true,"href":"https:\/\/prismagamers.com\/hu\/wp-json\/wp\/v2\/media\/39933"}],"wp:attachment":[{"href":"https:\/\/prismagamers.com\/hu\/wp-json\/wp\/v2\/media?parent=45270"}],"wp:term":[{"taxonomy":"product_brand","embeddable":true,"href":"https:\/\/prismagamers.com\/hu\/wp-json\/wp\/v2\/product_brand?post=45270"},{"taxonomy":"product_cat","embeddable":true,"href":"https:\/\/prismagamers.com\/hu\/wp-json\/wp\/v2\/product_cat?post=45270"},{"taxonomy":"product_tag","embeddable":true,"href":"https:\/\/prismagamers.com\/hu\/wp-json\/wp\/v2\/product_tag?post=45270"}],"curies":[{"name":"wp","href":"https:\/\/api.w.org\/{rel}","templated":true}]}}