{"id":46980,"date":"2025-12-02T23:43:22","date_gmt":"2025-12-02T22:43:22","guid":{"rendered":"https:\/\/prismagamers.com\/produkt\/toem-a-photo-adventure\/"},"modified":"2025-12-06T00:19:10","modified_gmt":"2025-12-05T23:19:10","slug":"toem-a-photo-adventure","status":"publish","type":"product","link":"https:\/\/prismagamers.com\/hu\/produkt\/toem-a-photo-adventure\/","title":{"rendered":"TOEM: A Photo Adventure"},"content":{"rendered":"<p class=\"my-2 [&amp;+p]:mt-4 [&amp;_strong:has(+br)]:inline-block [&amp;_strong:has(+br)]:pb-2\">A TOEM: A Photo Adventure egy b\u00e1jos, k\u00e9zzel rajzolt kalandj\u00e1t\u00e9k, amelyben egy csendes, de meglepet\u00e9sekkel teli utaz\u00e1sra indulsz, hogy felfedd a c\u00edmad\u00f3 TOEM rejt\u00e9lyeit. Egy f\u00e9nyk\u00e9pez\u0151g\u00e9ppel felfegyverkezve b\u00e1jos v\u00e1rosokat \u00e9s vid\u00e9ket fedezel fel, k\u00fcl\u00f6nb\u00f6z\u0151 perspekt\u00edv\u00e1kb\u00f3l figyeled meg a vil\u00e1got, \u00e9s a leg\u00e9rdekesebb pillanatokat kapod lencsev\u00e9gre. Minden j\u00f3 felv\u00e9tel egy l\u00e9p\u00e9ssel k\u00f6zelebb visz a rejtv\u00e9nyek megold\u00e1s\u00e1hoz \u00e9s a megismert karakterek megseg\u00edt\u00e9s\u00e9hez.  <\/p>\n<h2 class=\"mb-2 mt-4 font-display font-semimedium text-base first:mt-0\">A f\u00e9nyk\u00e9pez\u00e9s mint a f\u0151 mechanika<\/h2>\n<p class=\"my-2 [&amp;+p]:mt-4 [&amp;_strong:has(+br)]:inline-block [&amp;_strong:has(+br)]:pb-2\">A f\u0151 eszk\u00f6z\u00f6d a kamera &#8211; f\u00e9nyk\u00e9peket k\u00e9sz\u00edtesz, hogy megoldd a k\u00f6rnyezeti rejtv\u00e9nyeket, megtal\u00e1ld a rejtett t\u00e1rgyakat \u00e9s teljes\u00edtsd a szokatlan karakterek k\u00e9r\u00e9seit. Ez ide\u00e1lis azoknak a j\u00e1t\u00e9kosoknak, akik \u00e9rt\u00e9kelik a kreat\u00edv j\u00e1t\u00e9kmenetet, \u00e9s a fant\u00e1ziad\u00fas feladatokat jobban kedvelik a gyors akci\u00f3 helyett. A j\u00e1t\u00e9k nyugodt temp\u00f3ja felfedez\u00e9sre \u00e9s a k\u00e9pkeretekkel val\u00f3 k\u00eds\u00e9rletez\u00e9sre \u00f6szt\u00f6n\u00f6z.  <\/p>\n<h2 class=\"mb-2 mt-4 font-display font-semimedium text-base first:mt-0\">Egyed\u00fcl\u00e1ll\u00f3 audiovizu\u00e1lis k\u00f6rnyezet<\/h2>\n<p class=\"my-2 [&amp;+p]:mt-4 [&amp;_strong:has(+br)]:inline-block [&amp;_strong:has(+br)]:pb-2\">A TOEM jellegzetes, fekete-feh\u00e9r, v\u00e1zlatk\u00f6nyv ihlette l\u00e1tv\u00e1nyvil\u00e1ggal \u00e9s nyugtat\u00f3 hangs\u00e1vval rendelkezik, amely fokozza a kaland hangulatos, pozit\u00edv l\u00e9gk\u00f6r\u00e9t. \u00datk\u00f6zben bar\u00e1ts\u00e1gos, furcsa karakterek eg\u00e9sz gal\u00e9ri\u00e1j\u00e1val tal\u00e1lkozol &#8211; a szokatlan lak\u00f3kt\u00f3l az \u00e1llatokig -, akiknek seg\u00edtesz azzal, hogy lef\u00e9nyk\u00e9pezed a sz\u00e1mukra fontos dolgokat. Minden egyes teljes\u00edtett feladat \u00faj b\u00e9lyegekkel jutalmaz a napl\u00f3dban, \u00e9s \u00fajabb helysz\u00ednekhez nyit hozz\u00e1f\u00e9r\u00e9st.  <\/p>\n<h2 class=\"mb-2 mt-4 font-display font-semimedium text-base first:mt-0\">A t\u00f6k\u00e9letes j\u00e1t\u00e9k egy csendes est\u00e9re<\/h2>\n<p class=\"my-2 [&amp;+p]:mt-4 [&amp;_strong:has(+br)]:inline-block [&amp;_strong:has(+br)]:pb-2\">A j\u00e1t\u00e9k nagyszer\u0171 lesz a nyugodt, felfedez\u0151 \u00e9s csal\u00e1dbar\u00e1t produkci\u00f3k rajong\u00f3inak &#8211; id\u0151nyom\u00e1s \u00e9s bonyolult rendszerek n\u00e9lk\u00fcl. A TOEM: A Photo Adventure egy meleg, pozit\u00edv utaz\u00e1s, amely lehet\u0151v\u00e9 teszi, hogy lelass\u00edtsunk, \u00e9lvezz\u00fck a l\u00e1tnival\u00f3kat, \u00e9s felfedezz\u00fck, milyen sz\u00f3rakoztat\u00f3 lehet a vil\u00e1got egy f\u00e9nyk\u00e9pez\u0151g\u00e9p lencs\u00e9j\u00e9n kereszt\u00fcl szeml\u00e9lni. <\/p>\n","protected":false},"excerpt":{"rendered":"<p>A TOEM: A Photo Adventure egy k\u00e9zzel rajzolt, pihentet\u0151 kalandj\u00e1t\u00e9k, amelyben rejtv\u00e9nyeket oldasz meg fot\u00f3k k\u00e9sz\u00edt\u00e9s\u00e9vel \u00e9s szokatlan karakterek seg\u00edt\u00e9s\u00e9vel. Fedezd fel a var\u00e1zslatos vid\u00e9ket, haszn\u00e1ld a f\u00e9nyk\u00e9pez\u0151g\u00e9pedet f\u0151 eszk\u00f6z\u00f6dk\u00e9nt, \u00e9s fedezd fel a var\u00e1zslatos TOEM titkait a saj\u00e1t temp\u00f3dban. <\/p>\n<p><img decoding=\"async\" class=\"emoji\" role=\"img\" draggable=\"false\" src=\"https:\/\/s.w.org\/images\/core\/emoji\/16.0.1\/svg\/1f30d.svg\" alt=\"\ud83c\udf0d\">  Glob\u00e1lis<br \/>\n<img decoding=\"async\" class=\"emoji\" role=\"img\" draggable=\"false\" src=\"https:\/\/s.w.org\/images\/core\/emoji\/16.0.1\/svg\/2699.svg\" alt=\"\u2699\ufe0f\">  G\u0151z<br \/>\n<img decoding=\"async\" class=\"emoji\" role=\"img\" draggable=\"false\" src=\"https:\/\/s.w.org\/images\/core\/emoji\/16.0.1\/svg\/1f5dd.svg\" alt=\"\ud83d\udddd\">  Digit\u00e1lis kulcs<\/p>\n","protected":false},"featured_media":46979,"template":"","meta":{"_acf_changed":false,"site-sidebar-layout":"default","site-content-layout":"","ast-site-content-layout":"default","site-content-style":"default","site-sidebar-style":"default","ast-global-header-display":"","ast-banner-title-visibility":"","ast-main-header-display":"","ast-hfb-above-header-display":"","ast-hfb-below-header-display":"","ast-hfb-mobile-header-display":"","site-post-title":"","ast-breadcrumbs-content":"","ast-featured-img":"","footer-sml-layout":"","ast-disable-related-posts":"","theme-transparent-header-meta":"default","adv-header-id-meta":"","stick-header-meta":"","header-above-stick-meta":"","header-main-stick-meta":"","header-below-stick-meta":"","astra-migrate-meta-layouts":"default","ast-page-background-enabled":"default","ast-page-background-meta":{"desktop":{"background-color":"var(--ast-global-color-4)","background-image":"","background-repeat":"repeat","background-position":"center center","background-size":"auto","background-attachment":"scroll","background-type":"","background-media":"","overlay-type":"","overlay-color":"","overlay-opacity":"","overlay-gradient":""},"tablet":{"background-color":"","background-image":"","background-repeat":"repeat","background-position":"center center","background-size":"auto","background-attachment":"scroll","background-type":"","background-media":"","overlay-type":"","overlay-color":"","overlay-opacity":"","overlay-gradient":""},"mobile":{"background-color":"","background-image":"","background-repeat":"repeat","background-position":"center center","background-size":"auto","background-attachment":"scroll","background-type":"","background-media":"","overlay-type":"","overlay-color":"","overlay-opacity":"","overlay-gradient":""}},"ast-content-background-meta":{"desktop":{"background-color":"var(--ast-global-color-5)","background-image":"","background-repeat":"repeat","background-position":"center center","background-size":"auto","background-attachment":"scroll","background-type":"","background-media":"","overlay-type":"","overlay-color":"","overlay-opacity":"","overlay-gradient":""},"tablet":{"background-color":"var(--ast-global-color-5)","background-image":"","background-repeat":"repeat","background-position":"center center","background-size":"auto","background-attachment":"scroll","background-type":"","background-media":"","overlay-type":"","overlay-color":"","overlay-opacity":"","overlay-gradient":""},"mobile":{"background-color":"var(--ast-global-color-5)","background-image":"","background-repeat":"repeat","background-position":"center center","background-size":"auto","background-attachment":"scroll","background-type":"","background-media":"","overlay-type":"","overlay-color":"","overlay-opacity":"","overlay-gradient":""}}},"product_brand":[],"product_cat":[369,365,392,363,705],"product_tag":[],"class_list":{"0":"post-46980","1":"product","2":"type-product","3":"status-publish","4":"has-post-thumbnail","6":"product_cat-csarnokok","7":"product_cat-goz","8":"product_cat-india","9":"product_cat-kaland-jatekok","10":"product_cat-valami-amit-mi-keszitettunk","11":"desktop-align-left","12":"tablet-align-left","13":"mobile-align-left","15":"first","16":"instock","17":"shipping-taxable","18":"purchasable","19":"product-type-simple"},"acf":[],"yoast_head":"<!-- This site is optimized with the Yoast SEO Premium plugin v27.5 (Yoast SEO v27.5) - https:\/\/yoast.com\/product\/yoast-seo-premium-wordpress\/ -->\n<title>TOEM: A Photo Adventure - Prismagamers.com<\/title>\n<meta name=\"description\" content=\"A TOEM: A Photo Adventure egy k\u00e9zzel rajzolt, pihentet\u0151 kalandj\u00e1t\u00e9k, amelyben rejtv\u00e9nyeket oldasz meg fot\u00f3k k\u00e9sz\u00edt\u00e9s\u00e9vel \u00e9s szokatlan karakterek seg\u00edt\u00e9s\u00e9vel. Fedezd fel a var\u00e1zslatos vid\u00e9ket, haszn\u00e1ld a f\u00e9nyk\u00e9pez\u0151g\u00e9pedet f\u0151 eszk\u00f6z\u00f6dk\u00e9nt, \u00e9s fedezd fel a var\u00e1zslatos TOEM titkait a saj\u00e1t temp\u00f3dban.   Glob\u00e1lis  G\u0151z  Digit\u00e1lis kulcs\" \/>\n<meta name=\"robots\" content=\"index, follow, max-snippet:-1, max-image-preview:large, max-video-preview:-1\" \/>\n<link rel=\"canonical\" href=\"https:\/\/prismagamers.com\/hu\/produkt\/toem-a-photo-adventure\/\" \/>\n<meta property=\"og:locale\" content=\"hu_HU\" \/>\n<meta property=\"og:type\" content=\"article\" \/>\n<meta property=\"og:title\" content=\"TOEM: A Photo Adventure\" \/>\n<meta property=\"og:description\" content=\"A TOEM: A Photo Adventure egy k\u00e9zzel rajzolt, pihentet\u0151 kalandj\u00e1t\u00e9k, amelyben rejtv\u00e9nyeket oldasz meg fot\u00f3k k\u00e9sz\u00edt\u00e9s\u00e9vel \u00e9s szokatlan karakterek seg\u00edt\u00e9s\u00e9vel. Fedezd fel a var\u00e1zslatos vid\u00e9ket, haszn\u00e1ld a f\u00e9nyk\u00e9pez\u0151g\u00e9pedet f\u0151 eszk\u00f6z\u00f6dk\u00e9nt, \u00e9s fedezd fel a var\u00e1zslatos TOEM titkait a saj\u00e1t temp\u00f3dban.   Glob\u00e1lis  G\u0151z  Digit\u00e1lis kulcs\" \/>\n<meta property=\"og:url\" content=\"https:\/\/prismagamers.com\/hu\/produkt\/toem-a-photo-adventure\/\" \/>\n<meta property=\"og:site_name\" content=\"Prismagamers.com\" \/>\n<meta property=\"article:publisher\" content=\"https:\/\/www.facebook.com\/prismagamers\" \/>\n<meta property=\"article:modified_time\" content=\"2025-12-05T23:19:10+00:00\" \/>\n<meta property=\"og:image\" content=\"https:\/\/prismagamers.com\/wp-content\/uploads\/2025\/12\/TOEM_A-Photo-Adventure.jpg\" \/>\n\t<meta property=\"og:image:width\" content=\"300\" \/>\n\t<meta property=\"og:image:height\" content=\"450\" \/>\n\t<meta property=\"og:image:type\" content=\"image\/jpeg\" \/>\n<meta name=\"twitter:card\" content=\"summary_large_image\" \/>\n<meta name=\"twitter:label1\" content=\"Becs\u00fclt olvas\u00e1si id\u0151\" \/>\n\t<meta name=\"twitter:data1\" content=\"2 perc\" \/>\n<script type=\"application\/ld+json\" class=\"yoast-schema-graph\">{\"@context\":\"https:\\\/\\\/schema.org\",\"@graph\":[{\"@type\":\"WebPage\",\"@id\":\"https:\\\/\\\/prismagamers.com\\\/hu\\\/produkt\\\/toem-a-photo-adventure\\\/\",\"url\":\"https:\\\/\\\/prismagamers.com\\\/hu\\\/produkt\\\/toem-a-photo-adventure\\\/\",\"name\":\"TOEM: A Photo Adventure - Prismagamers.com\",\"isPartOf\":{\"@id\":\"https:\\\/\\\/prismagamers.com\\\/hu\\\/#website\"},\"primaryImageOfPage\":{\"@id\":\"https:\\\/\\\/prismagamers.com\\\/hu\\\/produkt\\\/toem-a-photo-adventure\\\/#primaryimage\"},\"image\":{\"@id\":\"https:\\\/\\\/prismagamers.com\\\/hu\\\/produkt\\\/toem-a-photo-adventure\\\/#primaryimage\"},\"thumbnailUrl\":\"https:\\\/\\\/prismagamers.com\\\/wp-content\\\/uploads\\\/2025\\\/12\\\/TOEM_A-Photo-Adventure.jpg\",\"datePublished\":\"2025-12-02T22:43:22+00:00\",\"dateModified\":\"2025-12-05T23:19:10+00:00\",\"description\":\"A TOEM: A Photo Adventure egy k\u00e9zzel rajzolt, pihentet\u0151 kalandj\u00e1t\u00e9k, amelyben rejtv\u00e9nyeket oldasz meg fot\u00f3k k\u00e9sz\u00edt\u00e9s\u00e9vel \u00e9s szokatlan karakterek seg\u00edt\u00e9s\u00e9vel. Fedezd fel a var\u00e1zslatos vid\u00e9ket, haszn\u00e1ld a f\u00e9nyk\u00e9pez\u0151g\u00e9pedet f\u0151 eszk\u00f6z\u00f6dk\u00e9nt, \u00e9s fedezd fel a var\u00e1zslatos TOEM titkait a saj\u00e1t temp\u00f3dban. Glob\u00e1lis G\u0151z Digit\u00e1lis kulcs\",\"breadcrumb\":{\"@id\":\"https:\\\/\\\/prismagamers.com\\\/hu\\\/produkt\\\/toem-a-photo-adventure\\\/#breadcrumb\"},\"inLanguage\":\"hu\",\"potentialAction\":[{\"@type\":\"ReadAction\",\"target\":[\"https:\\\/\\\/prismagamers.com\\\/hu\\\/produkt\\\/toem-a-photo-adventure\\\/\"]}]},{\"@type\":\"ImageObject\",\"inLanguage\":\"hu\",\"@id\":\"https:\\\/\\\/prismagamers.com\\\/hu\\\/produkt\\\/toem-a-photo-adventure\\\/#primaryimage\",\"url\":\"https:\\\/\\\/prismagamers.com\\\/wp-content\\\/uploads\\\/2025\\\/12\\\/TOEM_A-Photo-Adventure.jpg\",\"contentUrl\":\"https:\\\/\\\/prismagamers.com\\\/wp-content\\\/uploads\\\/2025\\\/12\\\/TOEM_A-Photo-Adventure.jpg\",\"width\":300,\"height\":450},{\"@type\":\"BreadcrumbList\",\"@id\":\"https:\\\/\\\/prismagamers.com\\\/hu\\\/produkt\\\/toem-a-photo-adventure\\\/#breadcrumb\",\"itemListElement\":[{\"@type\":\"ListItem\",\"position\":1,\"name\":\"Strona g\u0142\u00f3wna\",\"item\":\"https:\\\/\\\/prismagamers.com\\\/hu\\\/prismagamers\\\/\"},{\"@type\":\"ListItem\",\"position\":2,\"name\":\"Shop\",\"item\":\"https:\\\/\\\/prismagamers.com\\\/hu\\\/shop\\\/\"},{\"@type\":\"ListItem\",\"position\":3,\"name\":\"TOEM: A Photo Adventure\"}]},{\"@type\":\"WebSite\",\"@id\":\"https:\\\/\\\/prismagamers.com\\\/hu\\\/#website\",\"url\":\"https:\\\/\\\/prismagamers.com\\\/hu\\\/\",\"name\":\"Prismagamers\",\"description\":\"Sklep z grami PC I Sklep klucze Steam\",\"publisher\":{\"@id\":\"https:\\\/\\\/prismagamers.com\\\/hu\\\/#organization\"},\"potentialAction\":[{\"@type\":\"SearchAction\",\"target\":{\"@type\":\"EntryPoint\",\"urlTemplate\":\"https:\\\/\\\/prismagamers.com\\\/hu\\\/?s={search_term_string}\"},\"query-input\":{\"@type\":\"PropertyValueSpecification\",\"valueRequired\":true,\"valueName\":\"search_term_string\"}}],\"inLanguage\":\"hu\"},{\"@type\":\"Organization\",\"@id\":\"https:\\\/\\\/prismagamers.com\\\/hu\\\/#organization\",\"name\":\"Prismagamers\",\"url\":\"https:\\\/\\\/prismagamers.com\\\/hu\\\/\",\"logo\":{\"@type\":\"ImageObject\",\"inLanguage\":\"hu\",\"@id\":\"https:\\\/\\\/prismagamers.com\\\/hu\\\/#\\\/schema\\\/logo\\\/image\\\/\",\"url\":\"https:\\\/\\\/prismagamers.com\\\/wp-content\\\/uploads\\\/2022\\\/04\\\/cropped-logo-Prismagamers-01-scaled-1.jpg\",\"contentUrl\":\"https:\\\/\\\/prismagamers.com\\\/wp-content\\\/uploads\\\/2022\\\/04\\\/cropped-logo-Prismagamers-01-scaled-1.jpg\",\"width\":512,\"height\":512,\"caption\":\"Prismagamers\"},\"image\":{\"@id\":\"https:\\\/\\\/prismagamers.com\\\/hu\\\/#\\\/schema\\\/logo\\\/image\\\/\"},\"sameAs\":[\"https:\\\/\\\/www.facebook.com\\\/prismagamers\",\"https:\\\/\\\/www.instagram.com\\\/prismagamers_grycyfrowe\\\/\"],\"description\":\"Prismagamers.com to dynamiczny sklep z grami cyfrowymi, stworzony z my\u015bl\u0105 o entuzjastach gier wideo. Nasza strona oferuje szerok\u0105 gam\u0119 gier komputerowych, w tym najnowsze tytu\u0142y, dobrze znane klasyki oraz gry stworzone przez niezale\u017cne studia Ca\u0142y czas d\u0105\u017cymy do rozszerzenia naszej oferty. Do\u0142\u0105cz do nas i sta\u0144 si\u0119 cz\u0119\u015bci\u0105 naszej rosn\u0105cej spo\u0142eczno\u015bci graczy!\",\"email\":\"shop@prismagamers.com\",\"telephone\":\"48795541705\",\"legalName\":\"East Caravan Maksym \u017bukow\",\"foundingDate\":\"2012-05-10\",\"vatID\":\"PL8943038612\",\"taxID\":\"PL8943038612\",\"numberOfEmployees\":{\"@type\":\"QuantitativeValue\",\"minValue\":\"11\",\"maxValue\":\"50\"}}]}<\/script>\n<!-- \/ Yoast SEO Premium plugin. -->","yoast_head_json":{"title":"TOEM: A Photo Adventure - Prismagamers.com","description":"A TOEM: A Photo Adventure egy k\u00e9zzel rajzolt, pihentet\u0151 kalandj\u00e1t\u00e9k, amelyben rejtv\u00e9nyeket oldasz meg fot\u00f3k k\u00e9sz\u00edt\u00e9s\u00e9vel \u00e9s szokatlan karakterek seg\u00edt\u00e9s\u00e9vel. Fedezd fel a var\u00e1zslatos vid\u00e9ket, haszn\u00e1ld a f\u00e9nyk\u00e9pez\u0151g\u00e9pedet f\u0151 eszk\u00f6z\u00f6dk\u00e9nt, \u00e9s fedezd fel a var\u00e1zslatos TOEM titkait a saj\u00e1t temp\u00f3dban.   Glob\u00e1lis  G\u0151z  Digit\u00e1lis kulcs","robots":{"index":"index","follow":"follow","max-snippet":"max-snippet:-1","max-image-preview":"max-image-preview:large","max-video-preview":"max-video-preview:-1"},"canonical":"https:\/\/prismagamers.com\/hu\/produkt\/toem-a-photo-adventure\/","og_locale":"hu_HU","og_type":"article","og_title":"TOEM: A Photo Adventure","og_description":"A TOEM: A Photo Adventure egy k\u00e9zzel rajzolt, pihentet\u0151 kalandj\u00e1t\u00e9k, amelyben rejtv\u00e9nyeket oldasz meg fot\u00f3k k\u00e9sz\u00edt\u00e9s\u00e9vel \u00e9s szokatlan karakterek seg\u00edt\u00e9s\u00e9vel. Fedezd fel a var\u00e1zslatos vid\u00e9ket, haszn\u00e1ld a f\u00e9nyk\u00e9pez\u0151g\u00e9pedet f\u0151 eszk\u00f6z\u00f6dk\u00e9nt, \u00e9s fedezd fel a var\u00e1zslatos TOEM titkait a saj\u00e1t temp\u00f3dban.   Glob\u00e1lis  G\u0151z  Digit\u00e1lis kulcs","og_url":"https:\/\/prismagamers.com\/hu\/produkt\/toem-a-photo-adventure\/","og_site_name":"Prismagamers.com","article_publisher":"https:\/\/www.facebook.com\/prismagamers","article_modified_time":"2025-12-05T23:19:10+00:00","og_image":[{"width":300,"height":450,"url":"https:\/\/prismagamers.com\/wp-content\/uploads\/2025\/12\/TOEM_A-Photo-Adventure.jpg","type":"image\/jpeg"}],"twitter_card":"summary_large_image","twitter_misc":{"Becs\u00fclt olvas\u00e1si id\u0151":"2 perc"},"schema":{"@context":"https:\/\/schema.org","@graph":[{"@type":"WebPage","@id":"https:\/\/prismagamers.com\/hu\/produkt\/toem-a-photo-adventure\/","url":"https:\/\/prismagamers.com\/hu\/produkt\/toem-a-photo-adventure\/","name":"TOEM: A Photo Adventure - Prismagamers.com","isPartOf":{"@id":"https:\/\/prismagamers.com\/hu\/#website"},"primaryImageOfPage":{"@id":"https:\/\/prismagamers.com\/hu\/produkt\/toem-a-photo-adventure\/#primaryimage"},"image":{"@id":"https:\/\/prismagamers.com\/hu\/produkt\/toem-a-photo-adventure\/#primaryimage"},"thumbnailUrl":"https:\/\/prismagamers.com\/wp-content\/uploads\/2025\/12\/TOEM_A-Photo-Adventure.jpg","datePublished":"2025-12-02T22:43:22+00:00","dateModified":"2025-12-05T23:19:10+00:00","description":"A TOEM: A Photo Adventure egy k\u00e9zzel rajzolt, pihentet\u0151 kalandj\u00e1t\u00e9k, amelyben rejtv\u00e9nyeket oldasz meg fot\u00f3k k\u00e9sz\u00edt\u00e9s\u00e9vel \u00e9s szokatlan karakterek seg\u00edt\u00e9s\u00e9vel. Fedezd fel a var\u00e1zslatos vid\u00e9ket, haszn\u00e1ld a f\u00e9nyk\u00e9pez\u0151g\u00e9pedet f\u0151 eszk\u00f6z\u00f6dk\u00e9nt, \u00e9s fedezd fel a var\u00e1zslatos TOEM titkait a saj\u00e1t temp\u00f3dban. Glob\u00e1lis G\u0151z Digit\u00e1lis kulcs","breadcrumb":{"@id":"https:\/\/prismagamers.com\/hu\/produkt\/toem-a-photo-adventure\/#breadcrumb"},"inLanguage":"hu","potentialAction":[{"@type":"ReadAction","target":["https:\/\/prismagamers.com\/hu\/produkt\/toem-a-photo-adventure\/"]}]},{"@type":"ImageObject","inLanguage":"hu","@id":"https:\/\/prismagamers.com\/hu\/produkt\/toem-a-photo-adventure\/#primaryimage","url":"https:\/\/prismagamers.com\/wp-content\/uploads\/2025\/12\/TOEM_A-Photo-Adventure.jpg","contentUrl":"https:\/\/prismagamers.com\/wp-content\/uploads\/2025\/12\/TOEM_A-Photo-Adventure.jpg","width":300,"height":450},{"@type":"BreadcrumbList","@id":"https:\/\/prismagamers.com\/hu\/produkt\/toem-a-photo-adventure\/#breadcrumb","itemListElement":[{"@type":"ListItem","position":1,"name":"Strona g\u0142\u00f3wna","item":"https:\/\/prismagamers.com\/hu\/prismagamers\/"},{"@type":"ListItem","position":2,"name":"Shop","item":"https:\/\/prismagamers.com\/hu\/shop\/"},{"@type":"ListItem","position":3,"name":"TOEM: A Photo Adventure"}]},{"@type":"WebSite","@id":"https:\/\/prismagamers.com\/hu\/#website","url":"https:\/\/prismagamers.com\/hu\/","name":"Prismagamers","description":"Sklep z grami PC I Sklep klucze Steam","publisher":{"@id":"https:\/\/prismagamers.com\/hu\/#organization"},"potentialAction":[{"@type":"SearchAction","target":{"@type":"EntryPoint","urlTemplate":"https:\/\/prismagamers.com\/hu\/?s={search_term_string}"},"query-input":{"@type":"PropertyValueSpecification","valueRequired":true,"valueName":"search_term_string"}}],"inLanguage":"hu"},{"@type":"Organization","@id":"https:\/\/prismagamers.com\/hu\/#organization","name":"Prismagamers","url":"https:\/\/prismagamers.com\/hu\/","logo":{"@type":"ImageObject","inLanguage":"hu","@id":"https:\/\/prismagamers.com\/hu\/#\/schema\/logo\/image\/","url":"https:\/\/prismagamers.com\/wp-content\/uploads\/2022\/04\/cropped-logo-Prismagamers-01-scaled-1.jpg","contentUrl":"https:\/\/prismagamers.com\/wp-content\/uploads\/2022\/04\/cropped-logo-Prismagamers-01-scaled-1.jpg","width":512,"height":512,"caption":"Prismagamers"},"image":{"@id":"https:\/\/prismagamers.com\/hu\/#\/schema\/logo\/image\/"},"sameAs":["https:\/\/www.facebook.com\/prismagamers","https:\/\/www.instagram.com\/prismagamers_grycyfrowe\/"],"description":"Prismagamers.com to dynamiczny sklep z grami cyfrowymi, stworzony z my\u015bl\u0105 o entuzjastach gier wideo. Nasza strona oferuje szerok\u0105 gam\u0119 gier komputerowych, w tym najnowsze tytu\u0142y, dobrze znane klasyki oraz gry stworzone przez niezale\u017cne studia Ca\u0142y czas d\u0105\u017cymy do rozszerzenia naszej oferty. Do\u0142\u0105cz do nas i sta\u0144 si\u0119 cz\u0119\u015bci\u0105 naszej rosn\u0105cej spo\u0142eczno\u015bci graczy!","email":"shop@prismagamers.com","telephone":"48795541705","legalName":"East Caravan Maksym \u017bukow","foundingDate":"2012-05-10","vatID":"PL8943038612","taxID":"PL8943038612","numberOfEmployees":{"@type":"QuantitativeValue","minValue":"11","maxValue":"50"}}]}},"_links":{"self":[{"href":"https:\/\/prismagamers.com\/hu\/wp-json\/wp\/v2\/product\/46980","targetHints":{"allow":["GET"]}}],"collection":[{"href":"https:\/\/prismagamers.com\/hu\/wp-json\/wp\/v2\/product"}],"about":[{"href":"https:\/\/prismagamers.com\/hu\/wp-json\/wp\/v2\/types\/product"}],"wp:featuredmedia":[{"embeddable":true,"href":"https:\/\/prismagamers.com\/hu\/wp-json\/wp\/v2\/media\/46979"}],"wp:attachment":[{"href":"https:\/\/prismagamers.com\/hu\/wp-json\/wp\/v2\/media?parent=46980"}],"wp:term":[{"taxonomy":"product_brand","embeddable":true,"href":"https:\/\/prismagamers.com\/hu\/wp-json\/wp\/v2\/product_brand?post=46980"},{"taxonomy":"product_cat","embeddable":true,"href":"https:\/\/prismagamers.com\/hu\/wp-json\/wp\/v2\/product_cat?post=46980"},{"taxonomy":"product_tag","embeddable":true,"href":"https:\/\/prismagamers.com\/hu\/wp-json\/wp\/v2\/product_tag?post=46980"}],"curies":[{"name":"wp","href":"https:\/\/api.w.org\/{rel}","templated":true}]}}