{"id":47343,"date":"2025-12-17T16:09:25","date_gmt":"2025-12-17T15:09:25","guid":{"rendered":"https:\/\/prismagamers.com\/produkt\/fish-stick-protocol\/"},"modified":"2025-12-26T00:33:10","modified_gmt":"2025-12-25T23:33:10","slug":"fish-stick-protocol","status":"publish","type":"product","link":"https:\/\/prismagamers.com\/hu\/produkt\/fish-stick-protocol\/","title":{"rendered":"Fish Stick Protocol"},"content":{"rendered":"<p class=\"my-2 [&amp;+p]:mt-4 [&amp;_strong:has(+br)]:inline-block [&amp;_strong:has(+br)]:pb-2\"><strong>A Fish Stick Protocol<\/strong> egy kaotikus kooperat\u00edv j\u00e1t\u00e9k roguelike elemekkel \u00e9s fizika alap\u00fa humorral, ahol k\u00f6z\u00f6ns\u00e9ges halujjak v\u00e1lnak egy \u0151r\u00fclt k\u00eds\u00e9rlet h\u0151seiv\u00e9 (vagy antih\u0151seiv\u00e9). Egy f\u00f6ldalatti laborat\u00f3riumban dolgoz\u00f3 tud\u00f3scsapat tagjak\u00e9nt aktiv\u00e1lsz egy titokzatos Protokollt, amely forradalmas\u00edtani hivatott az \u00e9lelmiszereket. Ehelyett a fagyasztott halak \u00e9letre kelnek, mut\u00e1l\u00f3dnak \u00e9s puszt\u00edt\u00e1st v\u00e9geznek &#8211; a rep\u00fcl\u0151 fil\u00e9kt\u0151l a ropog\u00f3s zombi-halak seregeiig.  <\/p>\n<p class=\"my-2 [&amp;+p]:mt-4 [&amp;_strong:has(+br)]:inline-block [&amp;_strong:has(+br)]:pb-2\">A j\u00e1t\u00e9kmenet a f\u00e9ktelen k\u00fcty\u00fckever\u00e9s k\u00f6r\u00fcl forog: \u00e9p\u00edts g\u00e9peket turmixg\u00e9pekb\u0151l, mikrohull\u00e1m\u00fa s\u00fct\u0151kb\u0151l \u00e9s serpeny\u0151kb\u0151l, l\u0151j majon\u00e9z\u00e1gy\u00fakat, \u00e9s fejleszd ujjaidat szuperfegyverr\u00e9. Dolgozz egy\u00fctt a bar\u00e1taiddal (ak\u00e1r 4 j\u00e1t\u00e9kos), hogy egy\u00fcttm\u0171k\u00f6djetek, szabot\u00e1lj\u00e1tok egym\u00e1st vagy improviz\u00e1ljatok val\u00f3s id\u0151ben, elker\u00fclve a t\u00e9sztalavin\u00e1kat vagy az olajcunamikat. Minden egyes szint egy procedur\u00e1lisan gener\u00e1lt laborat\u00f3riumi k\u00e1osz, egyedi kih\u00edv\u00e1sokkal, half\u0151n\u00f6k\u00f6kkel \u00e9s olyan power-upokkal, mint a &#8222;nukle\u00e1ris ketchup&#8221;.  <\/p>\n<p class=\"my-2 [&amp;+p]:mt-4 [&amp;_strong:has(+br)]:inline-block [&amp;_strong:has(+br)]:pb-2\">A j\u00e1t\u00e9k sz\u00f3l\u00f3 \u00e9s t\u00f6bbj\u00e1t\u00e9kos m\u00f3dot k\u00edn\u00e1l glob\u00e1lis ranglist\u00e1kkal, ahol a legjobb robban\u00e1s- \u00e9s hal-komb\u00f3kombin\u00e1ci\u00f3k hat\u00e1rozz\u00e1k meg a dics\u0151s\u00e9get. Az abszurd humort karik\u00edrozott anim\u00e1ci\u00f3k, memetikus p\u00e1rbesz\u00e9dek \u00e9s gyors\u00e9ttermi dzsinglik remixeit tartalmaz\u00f3 hangs\u00e1v hangs\u00falyozza. Gy\u0171jtsd \u00f6ssze a &#8222;halp\u00e1lcik\u00e1kat&#8221;, hogy \u00faj k\u00fcty\u00fcket, b\u0151r\u00f6ket \u00e9s abszurd befejez\u00e9seket oldj fel &#8211; a b\u00e9ke men\u00fcj\u00e9t\u0151l a p\u00e1nikba borult apokalipszisig.  <\/p>\n<p class=\"my-2 [&amp;+p]:mt-4 [&amp;_strong:has(+br)]:inline-block [&amp;_strong:has(+br)]:pb-2\">A <strong>Fish Stick Protocol<\/strong> t\u00f6k\u00e9letes j\u00e1t\u00e9k az Overcooked, a Gang Beasts vagy az Untitled Goose Game rajong\u00f3inak, akik kooperat\u00edv \u0151r\u00fcletet keresnek fizik\u00e1val \u00e9s humorral. Ha k\u00f6nnyekig akarsz nevetni magadon, mik\u00f6zben s\u00fclt krumplib\u00f3l \u00e9p\u00edtesz er\u0151d\u00f6ket \u00e9s harcolsz egy halhadsereggel &#8211; ez a j\u00e1t\u00e9k az est\u00e9idet epikus csat\u00e1v\u00e1 v\u00e1ltoztatja az utols\u00f3 ujj\u00e9rt. <\/p>\n","protected":false},"excerpt":{"rendered":"<p><strong>A Fish Stick Protocol<\/strong> egy abszurd humor\u00fa kooperat\u00edv j\u00e1t\u00e9k, amelyben egy \u0151r\u00fclt tud\u00f3st j\u00e1tszol, aki egy titkos laborban pr\u00f3b\u00e1lja fel\u00e9leszteni a fagyasztott halujjakat. K\u00eds\u00e9rletezz az \u0151r\u00fclt tudom\u00e1nyokkal, ker\u00fcld el a katasztrof\u00e1lis baleseteket \u00e9s k\u00fczdj a mut\u00e1l\u00f3d\u00f3 halakkal, hogy megmentsd a protokollt! vagy a vil\u00e1got a gyors\u00e9ttermi apokalipszist\u0151l. <\/p>\n","protected":false},"featured_media":47336,"template":"","meta":{"_acf_changed":false,"site-sidebar-layout":"default","site-content-layout":"","ast-site-content-layout":"default","site-content-style":"default","site-sidebar-style":"default","ast-global-header-display":"","ast-banner-title-visibility":"","ast-main-header-display":"","ast-hfb-above-header-display":"","ast-hfb-below-header-display":"","ast-hfb-mobile-header-display":"","site-post-title":"","ast-breadcrumbs-content":"","ast-featured-img":"","footer-sml-layout":"","ast-disable-related-posts":"","theme-transparent-header-meta":"default","adv-header-id-meta":"","stick-header-meta":"","header-above-stick-meta":"","header-main-stick-meta":"","header-below-stick-meta":"","astra-migrate-meta-layouts":"default","ast-page-background-enabled":"default","ast-page-background-meta":{"desktop":{"background-color":"var(--ast-global-color-4)","background-image":"","background-repeat":"repeat","background-position":"center center","background-size":"auto","background-attachment":"scroll","background-type":"","background-media":"","overlay-type":"","overlay-color":"","overlay-opacity":"","overlay-gradient":""},"tablet":{"background-color":"","background-image":"","background-repeat":"repeat","background-position":"center center","background-size":"auto","background-attachment":"scroll","background-type":"","background-media":"","overlay-type":"","overlay-color":"","overlay-opacity":"","overlay-gradient":""},"mobile":{"background-color":"","background-image":"","background-repeat":"repeat","background-position":"center center","background-size":"auto","background-attachment":"scroll","background-type":"","background-media":"","overlay-type":"","overlay-color":"","overlay-opacity":"","overlay-gradient":""}},"ast-content-background-meta":{"desktop":{"background-color":"var(--ast-global-color-5)","background-image":"","background-repeat":"repeat","background-position":"center center","background-size":"auto","background-attachment":"scroll","background-type":"","background-media":"","overlay-type":"","overlay-color":"","overlay-opacity":"","overlay-gradient":""},"tablet":{"background-color":"var(--ast-global-color-5)","background-image":"","background-repeat":"repeat","background-position":"center center","background-size":"auto","background-attachment":"scroll","background-type":"","background-media":"","overlay-type":"","overlay-color":"","overlay-opacity":"","overlay-gradient":""},"mobile":{"background-color":"var(--ast-global-color-5)","background-image":"","background-repeat":"repeat","background-position":"center center","background-size":"auto","background-attachment":"scroll","background-type":"","background-media":"","overlay-type":"","overlay-color":"","overlay-opacity":"","overlay-gradient":""}}},"product_brand":[],"product_cat":[371,365,717],"product_tag":[],"class_list":{"0":"post-47343","1":"product","2":"type-product","3":"status-publish","4":"has-post-thumbnail","6":"product_cat-akcio-jatekok","7":"product_cat-goz","8":"product_cat-maracas-studio-hu","9":"desktop-align-left","10":"tablet-align-left","11":"mobile-align-left","13":"first","14":"instock","15":"shipping-taxable","16":"purchasable","17":"product-type-simple"},"acf":[],"yoast_head":"<!-- This site is optimized with the Yoast SEO Premium plugin v27.4 (Yoast SEO v27.4) - https:\/\/yoast.com\/product\/yoast-seo-premium-wordpress\/ -->\n<title>Fish Stick Protocol - Prismagamers.com<\/title>\n<meta name=\"description\" content=\"A Fish Stick Protocol egy abszurd humor\u00fa kooperat\u00edv j\u00e1t\u00e9k, amelyben egy \u0151r\u00fclt tud\u00f3st j\u00e1tszol, aki egy titkos laborban pr\u00f3b\u00e1lja fel\u00e9leszteni a fagyasztott halujjakat. K\u00eds\u00e9rletezz az \u0151r\u00fclt tudom\u00e1nyokkal, ker\u00fcld el a katasztrof\u00e1lis baleseteket \u00e9s k\u00fczdj a mut\u00e1l\u00f3d\u00f3 halakkal, hogy megmentsd a protokollt! vagy a vil\u00e1got a gyors\u00e9ttermi apokalipszist\u0151l.\" \/>\n<meta name=\"robots\" content=\"index, follow, max-snippet:-1, max-image-preview:large, max-video-preview:-1\" \/>\n<link rel=\"canonical\" href=\"https:\/\/prismagamers.com\/hu\/produkt\/fish-stick-protocol\/\" \/>\n<meta property=\"og:locale\" content=\"hu_HU\" \/>\n<meta property=\"og:type\" content=\"article\" \/>\n<meta property=\"og:title\" content=\"Fish Stick Protocol\" \/>\n<meta property=\"og:description\" content=\"A Fish Stick Protocol egy abszurd humor\u00fa kooperat\u00edv j\u00e1t\u00e9k, amelyben egy \u0151r\u00fclt tud\u00f3st j\u00e1tszol, aki egy titkos laborban pr\u00f3b\u00e1lja fel\u00e9leszteni a fagyasztott halujjakat. K\u00eds\u00e9rletezz az \u0151r\u00fclt tudom\u00e1nyokkal, ker\u00fcld el a katasztrof\u00e1lis baleseteket \u00e9s k\u00fczdj a mut\u00e1l\u00f3d\u00f3 halakkal, hogy megmentsd a protokollt! vagy a vil\u00e1got a gyors\u00e9ttermi apokalipszist\u0151l.\" \/>\n<meta property=\"og:url\" content=\"https:\/\/prismagamers.com\/hu\/produkt\/fish-stick-protocol\/\" \/>\n<meta property=\"og:site_name\" content=\"Prismagamers.com\" \/>\n<meta property=\"article:publisher\" content=\"https:\/\/www.facebook.com\/prismagamers\" \/>\n<meta property=\"article:modified_time\" content=\"2025-12-25T23:33:10+00:00\" \/>\n<meta property=\"og:image\" content=\"https:\/\/prismagamers.com\/wp-content\/uploads\/2025\/12\/library_600x900_2x-15.jpg\" \/>\n\t<meta property=\"og:image:width\" content=\"600\" \/>\n\t<meta property=\"og:image:height\" content=\"900\" \/>\n\t<meta property=\"og:image:type\" content=\"image\/jpeg\" \/>\n<meta name=\"twitter:card\" content=\"summary_large_image\" \/>\n<meta name=\"twitter:label1\" content=\"Becs\u00fclt olvas\u00e1si id\u0151\" \/>\n\t<meta name=\"twitter:data1\" content=\"2 perc\" \/>\n<script type=\"application\/ld+json\" class=\"yoast-schema-graph\">{\"@context\":\"https:\\\/\\\/schema.org\",\"@graph\":[{\"@type\":\"WebPage\",\"@id\":\"https:\\\/\\\/prismagamers.com\\\/hu\\\/produkt\\\/fish-stick-protocol\\\/\",\"url\":\"https:\\\/\\\/prismagamers.com\\\/hu\\\/produkt\\\/fish-stick-protocol\\\/\",\"name\":\"Fish Stick Protocol - Prismagamers.com\",\"isPartOf\":{\"@id\":\"https:\\\/\\\/prismagamers.com\\\/hu\\\/#website\"},\"primaryImageOfPage\":{\"@id\":\"https:\\\/\\\/prismagamers.com\\\/hu\\\/produkt\\\/fish-stick-protocol\\\/#primaryimage\"},\"image\":{\"@id\":\"https:\\\/\\\/prismagamers.com\\\/hu\\\/produkt\\\/fish-stick-protocol\\\/#primaryimage\"},\"thumbnailUrl\":\"https:\\\/\\\/prismagamers.com\\\/wp-content\\\/uploads\\\/2025\\\/12\\\/library_600x900_2x-15.jpg\",\"datePublished\":\"2025-12-17T15:09:25+00:00\",\"dateModified\":\"2025-12-25T23:33:10+00:00\",\"description\":\"A Fish Stick Protocol egy abszurd humor\u00fa kooperat\u00edv j\u00e1t\u00e9k, amelyben egy \u0151r\u00fclt tud\u00f3st j\u00e1tszol, aki egy titkos laborban pr\u00f3b\u00e1lja fel\u00e9leszteni a fagyasztott halujjakat. K\u00eds\u00e9rletezz az \u0151r\u00fclt tudom\u00e1nyokkal, ker\u00fcld el a katasztrof\u00e1lis baleseteket \u00e9s k\u00fczdj a mut\u00e1l\u00f3d\u00f3 halakkal, hogy megmentsd a protokollt! vagy a vil\u00e1got a gyors\u00e9ttermi apokalipszist\u0151l.\",\"breadcrumb\":{\"@id\":\"https:\\\/\\\/prismagamers.com\\\/hu\\\/produkt\\\/fish-stick-protocol\\\/#breadcrumb\"},\"inLanguage\":\"hu\",\"potentialAction\":[{\"@type\":\"ReadAction\",\"target\":[\"https:\\\/\\\/prismagamers.com\\\/hu\\\/produkt\\\/fish-stick-protocol\\\/\"]}]},{\"@type\":\"ImageObject\",\"inLanguage\":\"hu\",\"@id\":\"https:\\\/\\\/prismagamers.com\\\/hu\\\/produkt\\\/fish-stick-protocol\\\/#primaryimage\",\"url\":\"https:\\\/\\\/prismagamers.com\\\/wp-content\\\/uploads\\\/2025\\\/12\\\/library_600x900_2x-15.jpg\",\"contentUrl\":\"https:\\\/\\\/prismagamers.com\\\/wp-content\\\/uploads\\\/2025\\\/12\\\/library_600x900_2x-15.jpg\",\"width\":600,\"height\":900},{\"@type\":\"BreadcrumbList\",\"@id\":\"https:\\\/\\\/prismagamers.com\\\/hu\\\/produkt\\\/fish-stick-protocol\\\/#breadcrumb\",\"itemListElement\":[{\"@type\":\"ListItem\",\"position\":1,\"name\":\"Strona g\u0142\u00f3wna\",\"item\":\"https:\\\/\\\/prismagamers.com\\\/hu\\\/prismagamers\\\/\"},{\"@type\":\"ListItem\",\"position\":2,\"name\":\"Shop\",\"item\":\"https:\\\/\\\/prismagamers.com\\\/hu\\\/shop\\\/\"},{\"@type\":\"ListItem\",\"position\":3,\"name\":\"Fish Stick Protocol\"}]},{\"@type\":\"WebSite\",\"@id\":\"https:\\\/\\\/prismagamers.com\\\/hu\\\/#website\",\"url\":\"https:\\\/\\\/prismagamers.com\\\/hu\\\/\",\"name\":\"Prismagamers\",\"description\":\"Sklep z grami PC I Sklep klucze Steam\",\"publisher\":{\"@id\":\"https:\\\/\\\/prismagamers.com\\\/hu\\\/#organization\"},\"potentialAction\":[{\"@type\":\"SearchAction\",\"target\":{\"@type\":\"EntryPoint\",\"urlTemplate\":\"https:\\\/\\\/prismagamers.com\\\/hu\\\/?s={search_term_string}\"},\"query-input\":{\"@type\":\"PropertyValueSpecification\",\"valueRequired\":true,\"valueName\":\"search_term_string\"}}],\"inLanguage\":\"hu\"},{\"@type\":\"Organization\",\"@id\":\"https:\\\/\\\/prismagamers.com\\\/hu\\\/#organization\",\"name\":\"Prismagamers\",\"url\":\"https:\\\/\\\/prismagamers.com\\\/hu\\\/\",\"logo\":{\"@type\":\"ImageObject\",\"inLanguage\":\"hu\",\"@id\":\"https:\\\/\\\/prismagamers.com\\\/hu\\\/#\\\/schema\\\/logo\\\/image\\\/\",\"url\":\"https:\\\/\\\/prismagamers.com\\\/wp-content\\\/uploads\\\/2022\\\/04\\\/cropped-logo-Prismagamers-01-scaled-1.jpg\",\"contentUrl\":\"https:\\\/\\\/prismagamers.com\\\/wp-content\\\/uploads\\\/2022\\\/04\\\/cropped-logo-Prismagamers-01-scaled-1.jpg\",\"width\":512,\"height\":512,\"caption\":\"Prismagamers\"},\"image\":{\"@id\":\"https:\\\/\\\/prismagamers.com\\\/hu\\\/#\\\/schema\\\/logo\\\/image\\\/\"},\"sameAs\":[\"https:\\\/\\\/www.facebook.com\\\/prismagamers\",\"https:\\\/\\\/www.instagram.com\\\/prismagamers_grycyfrowe\\\/\"],\"description\":\"Prismagamers.com to dynamiczny sklep z grami cyfrowymi, stworzony z my\u015bl\u0105 o entuzjastach gier wideo. Nasza strona oferuje szerok\u0105 gam\u0119 gier komputerowych, w tym najnowsze tytu\u0142y, dobrze znane klasyki oraz gry stworzone przez niezale\u017cne studia Ca\u0142y czas d\u0105\u017cymy do rozszerzenia naszej oferty. Do\u0142\u0105cz do nas i sta\u0144 si\u0119 cz\u0119\u015bci\u0105 naszej rosn\u0105cej spo\u0142eczno\u015bci graczy!\",\"email\":\"shop@prismagamers.com\",\"telephone\":\"48795541705\",\"legalName\":\"East Caravan Maksym \u017bukow\",\"foundingDate\":\"2012-05-10\",\"vatID\":\"PL8943038612\",\"taxID\":\"PL8943038612\",\"numberOfEmployees\":{\"@type\":\"QuantitativeValue\",\"minValue\":\"11\",\"maxValue\":\"50\"}}]}<\/script>\n<!-- \/ Yoast SEO Premium plugin. -->","yoast_head_json":{"title":"Fish Stick Protocol - Prismagamers.com","description":"A Fish Stick Protocol egy abszurd humor\u00fa kooperat\u00edv j\u00e1t\u00e9k, amelyben egy \u0151r\u00fclt tud\u00f3st j\u00e1tszol, aki egy titkos laborban pr\u00f3b\u00e1lja fel\u00e9leszteni a fagyasztott halujjakat. K\u00eds\u00e9rletezz az \u0151r\u00fclt tudom\u00e1nyokkal, ker\u00fcld el a katasztrof\u00e1lis baleseteket \u00e9s k\u00fczdj a mut\u00e1l\u00f3d\u00f3 halakkal, hogy megmentsd a protokollt! vagy a vil\u00e1got a gyors\u00e9ttermi apokalipszist\u0151l.","robots":{"index":"index","follow":"follow","max-snippet":"max-snippet:-1","max-image-preview":"max-image-preview:large","max-video-preview":"max-video-preview:-1"},"canonical":"https:\/\/prismagamers.com\/hu\/produkt\/fish-stick-protocol\/","og_locale":"hu_HU","og_type":"article","og_title":"Fish Stick Protocol","og_description":"A Fish Stick Protocol egy abszurd humor\u00fa kooperat\u00edv j\u00e1t\u00e9k, amelyben egy \u0151r\u00fclt tud\u00f3st j\u00e1tszol, aki egy titkos laborban pr\u00f3b\u00e1lja fel\u00e9leszteni a fagyasztott halujjakat. K\u00eds\u00e9rletezz az \u0151r\u00fclt tudom\u00e1nyokkal, ker\u00fcld el a katasztrof\u00e1lis baleseteket \u00e9s k\u00fczdj a mut\u00e1l\u00f3d\u00f3 halakkal, hogy megmentsd a protokollt! vagy a vil\u00e1got a gyors\u00e9ttermi apokalipszist\u0151l.","og_url":"https:\/\/prismagamers.com\/hu\/produkt\/fish-stick-protocol\/","og_site_name":"Prismagamers.com","article_publisher":"https:\/\/www.facebook.com\/prismagamers","article_modified_time":"2025-12-25T23:33:10+00:00","og_image":[{"width":600,"height":900,"url":"https:\/\/prismagamers.com\/wp-content\/uploads\/2025\/12\/library_600x900_2x-15.jpg","type":"image\/jpeg"}],"twitter_card":"summary_large_image","twitter_misc":{"Becs\u00fclt olvas\u00e1si id\u0151":"2 perc"},"schema":{"@context":"https:\/\/schema.org","@graph":[{"@type":"WebPage","@id":"https:\/\/prismagamers.com\/hu\/produkt\/fish-stick-protocol\/","url":"https:\/\/prismagamers.com\/hu\/produkt\/fish-stick-protocol\/","name":"Fish Stick Protocol - Prismagamers.com","isPartOf":{"@id":"https:\/\/prismagamers.com\/hu\/#website"},"primaryImageOfPage":{"@id":"https:\/\/prismagamers.com\/hu\/produkt\/fish-stick-protocol\/#primaryimage"},"image":{"@id":"https:\/\/prismagamers.com\/hu\/produkt\/fish-stick-protocol\/#primaryimage"},"thumbnailUrl":"https:\/\/prismagamers.com\/wp-content\/uploads\/2025\/12\/library_600x900_2x-15.jpg","datePublished":"2025-12-17T15:09:25+00:00","dateModified":"2025-12-25T23:33:10+00:00","description":"A Fish Stick Protocol egy abszurd humor\u00fa kooperat\u00edv j\u00e1t\u00e9k, amelyben egy \u0151r\u00fclt tud\u00f3st j\u00e1tszol, aki egy titkos laborban pr\u00f3b\u00e1lja fel\u00e9leszteni a fagyasztott halujjakat. K\u00eds\u00e9rletezz az \u0151r\u00fclt tudom\u00e1nyokkal, ker\u00fcld el a katasztrof\u00e1lis baleseteket \u00e9s k\u00fczdj a mut\u00e1l\u00f3d\u00f3 halakkal, hogy megmentsd a protokollt! vagy a vil\u00e1got a gyors\u00e9ttermi apokalipszist\u0151l.","breadcrumb":{"@id":"https:\/\/prismagamers.com\/hu\/produkt\/fish-stick-protocol\/#breadcrumb"},"inLanguage":"hu","potentialAction":[{"@type":"ReadAction","target":["https:\/\/prismagamers.com\/hu\/produkt\/fish-stick-protocol\/"]}]},{"@type":"ImageObject","inLanguage":"hu","@id":"https:\/\/prismagamers.com\/hu\/produkt\/fish-stick-protocol\/#primaryimage","url":"https:\/\/prismagamers.com\/wp-content\/uploads\/2025\/12\/library_600x900_2x-15.jpg","contentUrl":"https:\/\/prismagamers.com\/wp-content\/uploads\/2025\/12\/library_600x900_2x-15.jpg","width":600,"height":900},{"@type":"BreadcrumbList","@id":"https:\/\/prismagamers.com\/hu\/produkt\/fish-stick-protocol\/#breadcrumb","itemListElement":[{"@type":"ListItem","position":1,"name":"Strona g\u0142\u00f3wna","item":"https:\/\/prismagamers.com\/hu\/prismagamers\/"},{"@type":"ListItem","position":2,"name":"Shop","item":"https:\/\/prismagamers.com\/hu\/shop\/"},{"@type":"ListItem","position":3,"name":"Fish Stick Protocol"}]},{"@type":"WebSite","@id":"https:\/\/prismagamers.com\/hu\/#website","url":"https:\/\/prismagamers.com\/hu\/","name":"Prismagamers","description":"Sklep z grami PC I Sklep klucze Steam","publisher":{"@id":"https:\/\/prismagamers.com\/hu\/#organization"},"potentialAction":[{"@type":"SearchAction","target":{"@type":"EntryPoint","urlTemplate":"https:\/\/prismagamers.com\/hu\/?s={search_term_string}"},"query-input":{"@type":"PropertyValueSpecification","valueRequired":true,"valueName":"search_term_string"}}],"inLanguage":"hu"},{"@type":"Organization","@id":"https:\/\/prismagamers.com\/hu\/#organization","name":"Prismagamers","url":"https:\/\/prismagamers.com\/hu\/","logo":{"@type":"ImageObject","inLanguage":"hu","@id":"https:\/\/prismagamers.com\/hu\/#\/schema\/logo\/image\/","url":"https:\/\/prismagamers.com\/wp-content\/uploads\/2022\/04\/cropped-logo-Prismagamers-01-scaled-1.jpg","contentUrl":"https:\/\/prismagamers.com\/wp-content\/uploads\/2022\/04\/cropped-logo-Prismagamers-01-scaled-1.jpg","width":512,"height":512,"caption":"Prismagamers"},"image":{"@id":"https:\/\/prismagamers.com\/hu\/#\/schema\/logo\/image\/"},"sameAs":["https:\/\/www.facebook.com\/prismagamers","https:\/\/www.instagram.com\/prismagamers_grycyfrowe\/"],"description":"Prismagamers.com to dynamiczny sklep z grami cyfrowymi, stworzony z my\u015bl\u0105 o entuzjastach gier wideo. Nasza strona oferuje szerok\u0105 gam\u0119 gier komputerowych, w tym najnowsze tytu\u0142y, dobrze znane klasyki oraz gry stworzone przez niezale\u017cne studia Ca\u0142y czas d\u0105\u017cymy do rozszerzenia naszej oferty. Do\u0142\u0105cz do nas i sta\u0144 si\u0119 cz\u0119\u015bci\u0105 naszej rosn\u0105cej spo\u0142eczno\u015bci graczy!","email":"shop@prismagamers.com","telephone":"48795541705","legalName":"East Caravan Maksym \u017bukow","foundingDate":"2012-05-10","vatID":"PL8943038612","taxID":"PL8943038612","numberOfEmployees":{"@type":"QuantitativeValue","minValue":"11","maxValue":"50"}}]}},"_links":{"self":[{"href":"https:\/\/prismagamers.com\/hu\/wp-json\/wp\/v2\/product\/47343","targetHints":{"allow":["GET"]}}],"collection":[{"href":"https:\/\/prismagamers.com\/hu\/wp-json\/wp\/v2\/product"}],"about":[{"href":"https:\/\/prismagamers.com\/hu\/wp-json\/wp\/v2\/types\/product"}],"wp:featuredmedia":[{"embeddable":true,"href":"https:\/\/prismagamers.com\/hu\/wp-json\/wp\/v2\/media\/47336"}],"wp:attachment":[{"href":"https:\/\/prismagamers.com\/hu\/wp-json\/wp\/v2\/media?parent=47343"}],"wp:term":[{"taxonomy":"product_brand","embeddable":true,"href":"https:\/\/prismagamers.com\/hu\/wp-json\/wp\/v2\/product_brand?post=47343"},{"taxonomy":"product_cat","embeddable":true,"href":"https:\/\/prismagamers.com\/hu\/wp-json\/wp\/v2\/product_cat?post=47343"},{"taxonomy":"product_tag","embeddable":true,"href":"https:\/\/prismagamers.com\/hu\/wp-json\/wp\/v2\/product_tag?post=47343"}],"curies":[{"name":"wp","href":"https:\/\/api.w.org\/{rel}","templated":true}]}}