{"id":48735,"date":"2026-01-22T16:00:58","date_gmt":"2026-01-22T15:00:58","guid":{"rendered":"https:\/\/prismagamers.com\/?post_type=product&p=48735"},"modified":"2026-02-06T00:59:05","modified_gmt":"2026-02-05T23:59:05","slug":"reus-2-grasslands","status":"publish","type":"product","link":"https:\/\/prismagamers.com\/hu\/produkt\/reus-2-grasslands\/","title":{"rendered":"Reus 2 &#8211; Grasslands<br><br>"},"content":{"rendered":"<p data-start=\"300\" data-end=\"601\">A <strong data-start=\"313\" data-end=\"330\">Reus 2: Steppes<\/strong> b\u0151v\u00edtm\u00e9ny a bolyg\u00f3kon bemutatja <strong data-start=\"358\" data-end=\"383\">a vil\u00e1g hatalmas sztyepp\u00e9it<\/strong> &#8211; egy sz\u00e1raz, t\u00f6r\u00e9keny bioszf\u00e9ra, amely az \u00e9let \u00e9s a pusztul\u00e1s hat\u00e1r\u00e1n egyens\u00falyoz. Ez egy olyan hely, ahol minden d\u00f6nt\u00e9s sz\u00e1m\u00edt, \u00e9s a term\u00e9szet kezel\u00e9se strat\u00e9giai gondolkod\u00e1st \u00e9s a l\u00e1ncreakci\u00f3k \u00fcgyes haszn\u00e1lat\u00e1t ig\u00e9nyli. <\/p>\n<p data-start=\"603\" data-end=\"1034\">A sztyepp\u00e9k reag\u00e1lnak a biotikumok jelenl\u00e9t\u00e9re &#8211; minden egyes elhelyezett egys\u00e9g n\u00f6veli <strong data-start=\"675\" data-end=\"693\">a f\u00f6ld fesz\u00fclts\u00e9g\u00e9t<\/strong>, ami elker\u00fclhetetlen\u00fcl t\u00fczekhez vezet. A t\u0171z nem puszt\u00e1n fenyeget\u00e9s, hanem a fejl\u0151d\u00e9s eszk\u00f6z\u00e9v\u00e9 v\u00e1lik: a megfelel\u0151en alkalmazott <strong data-start=\"829\" data-end=\"850\">l\u00e1ncreakci\u00f3k<\/strong> er\u0151s\u00edtik az \u00e9rintett ter\u00fcleteket. Hozd vissza az \u00e9letet erre az ellens\u00e9ges f\u00f6ldre a <strong data-start=\"931\" data-end=\"968\">tov\u00e1bbfejlesztett \u00e9s h\u00e1zias\u00edtott biotik\u00e1kkal<\/strong>, amelyek lehet\u0151v\u00e9 teszik, hogy a k\u00e1oszt ir\u00e1ny\u00edtsd \u00e9s el\u0151nyre ford\u00edtsd.  <\/p>\n<p data-start=\"1036\" data-end=\"1228\">A kieg\u00e9sz\u00edt\u0151 <strong data-start=\"1052\" data-end=\"1084\">egy teljesen \u00faj biomot<\/strong> k\u00edn\u00e1l <strong data-start=\"1052\" data-end=\"1084\">&#8211; a sztyepp\u00e9ket<\/strong>, <strong data-start=\"1086\" data-end=\"1121\">a Yangwa egy v\u00e1ltozat\u00e1t, a Szavanna \u00f3ri\u00e1s\u00e1t<\/strong>, valamint <strong data-start=\"1128\" data-end=\"1154\">t\u00f6bb mint 65 \u00faj biotikumot<\/strong>, amelyek jelent\u0151sen kib\u0151v\u00edtik a j\u00e1t\u00e9kmenet \u00e9s a bolyg\u00f3strat\u00e9gia lehet\u0151s\u00e9geit.<\/p>\n<p data-start=\"1230\" data-end=\"1333\">A kieg\u00e9sz\u00edt\u0151vel <strong data-start=\"1267\" data-end=\"1287\">4 \u00faj vezet\u0151<\/strong> is el\u00e9rhet\u0151, akik mindegyike egyedi j\u00e1t\u00e9kst\u00edlust vezet be:<\/p>\n<ul data-start=\"1334\" data-end=\"1746\">\n<li data-start=\"1334\" data-end=\"1423\">\n<p data-start=\"1336\" data-end=\"1423\"><strong data-start=\"1336\" data-end=\"1346\">Gazd\u00e1lkod\u00f3<\/strong> &#8211; az emberek a f\u00f6ldm\u0171vel\u00e9sb\u0151l \u00e9s a f\u00f6ld min\u00e9l jobb kihaszn\u00e1l\u00e1s\u00e1b\u00f3l \u00e9lnek.<\/p>\n<\/li>\n<li data-start=\"1424\" data-end=\"1526\">\n<p data-start=\"1426\" data-end=\"1526\"><strong data-start=\"1426\" data-end=\"1438\">Kultista<\/strong> &#8211; nagy gazdags\u00e1gra tesz szert a S\u00f6t\u00e9t \u00c1ldozatok Biotik\u00e1ja r\u00e9v\u00e9n a S\u00f6t\u00e9t Istenek dics\u0151s\u00e9g\u00e9re.<\/p>\n<\/li>\n<li data-start=\"1527\" data-end=\"1620\">\n<p data-start=\"1529\" data-end=\"1620\"><strong data-start=\"1529\" data-end=\"1542\">\u00c9p\u00edt\u00e9sz<\/strong> &#8211; Az \u00e9p\u00edt\u0151ipari biotik\u00e1k n\u00f6velik a k\u00edv\u00e1ncsis\u00e1got \u00e9s inspir\u00e1lj\u00e1k a civiliz\u00e1ci\u00f3 fejl\u0151d\u00e9s\u00e9t<\/p>\n<\/li>\n<li data-start=\"1621\" data-end=\"1746\">\n<p data-start=\"1623\" data-end=\"1746\"><strong data-start=\"1623\" data-end=\"1637\">\u0170rhaj\u00f3s<\/strong> &#8211; gyorsabban eljuthatsz a 3. korszakba, kevesebb Eon fogyaszt\u00e1ssal \u00e9s t\u00f6bb lehet\u0151s\u00e9ggel a fejlett biotika tanul\u00e1s\u00e1ra.<\/p>\n<\/li>\n<\/ul>\n<p data-start=\"1748\" data-end=\"1869\">A b\u0151v\u00edtm\u00e9ny <strong data-start=\"1777\" data-end=\"1800\">3 teljesen \u00faj korszakot<\/strong> is bevezet, amelyek elm\u00e9ly\u00edtik a bolyg\u00f3 t\u00f6rt\u00e9net\u00e9t, \u00e9s k\u00fcl\u00f6nb\u00f6z\u0151 fejl\u0151d\u00e9si elk\u00e9pzel\u00e9seket k\u00edn\u00e1lnak:<\/p>\n<ul data-start=\"1870\" data-end=\"2140\">\n<li data-start=\"1870\" data-end=\"1970\">\n<p data-start=\"1872\" data-end=\"1970\"><strong data-start=\"1872\" data-end=\"1891\">Mesev\u00e1ros<\/strong> &#8211; legend\u00e1k \u00e9s t\u00f6rt\u00e9netek mozgatj\u00e1k a fejl\u0151d\u00e9st, az \u00e1llatok pedig \u00faj tal\u00e1lm\u00e1nyokat inspir\u00e1lnak<\/p>\n<\/li>\n<li data-start=\"1971\" data-end=\"2049\">\n<p data-start=\"1973\" data-end=\"2049\"><strong data-start=\"1973\" data-end=\"1995\">Mennyei Bolyg\u00f3<\/strong> &#8211; egy b\u00e9k\u00e9s vil\u00e1g, amely az \u00d3ri\u00e1sok hit\u00e9n \u00e9s im\u00e1dat\u00e1n alapul.<\/p>\n<\/li>\n<li data-start=\"2050\" data-end=\"2140\">\n<p data-start=\"2052\" data-end=\"2140\"><strong data-start=\"2052\" data-end=\"2073\">Biokinetikus \u00e1lom<\/strong> &#8211; a term\u00e9szet \u00e9s a tudom\u00e1ny egyes\u00fcl\u00e9se egy \u00e1lomszer\u0171, sci-fi ut\u00f3pi\u00e1ban<\/p>\n<\/li>\n<\/ul>\n<p data-start=\"2142\" data-end=\"2303\">A <strong data-start=\"2142\" data-end=\"2159\">Reus 2: Steppes<\/strong> egy kib\u0151v\u00edtett DLC a strat\u00e9giai bolyg\u00f3menedzsment rajong\u00f3inak, akik \u00faj kih\u00edv\u00e1sokra, m\u00e9lyebb narrat\u00edv\u00e1ra \u00e9s friss j\u00e1t\u00e9kmechanizmusokra v\u00e1gynak.<\/p>\n<p data-start=\"2305\" data-end=\"2337\"><strong data-start=\"2305\" data-end=\"2337\">A kieg\u00e9sz\u00edt\u00e9s f\u0151bb jellemz\u0151i:<\/strong><\/p>\n<ul data-start=\"2338\" data-end=\"2562\">\n<li data-start=\"2338\" data-end=\"2358\">\n<p data-start=\"2340\" data-end=\"2358\">\u00faj bioszf\u00e9ra: Steppek<\/p>\n<\/li>\n<li data-start=\"2359\" data-end=\"2385\">\n<p data-start=\"2361\" data-end=\"2385\">t\u00f6bb mint 65 \u00faj biotikum<\/p>\n<\/li>\n<li data-start=\"2386\" data-end=\"2422\">\n<p data-start=\"2388\" data-end=\"2422\">\u00d3ri\u00e1s szavanna v\u00e1ltozat &#8211; Yangwa<\/p>\n<\/li>\n<li data-start=\"2423\" data-end=\"2469\">\n<p data-start=\"2425\" data-end=\"2469\">4 egyedi vezet\u0151 k\u00fcl\u00f6nb\u00f6z\u0151 j\u00e1t\u00e9kst\u00edlusokkal<\/p>\n<\/li>\n<li data-start=\"2470\" data-end=\"2514\">\n<p data-start=\"2472\" data-end=\"2514\">3 \u00faj korszak a bolyg\u00f3 t\u00f6rt\u00e9nelm\u00e9nek gazdag\u00edt\u00e1s\u00e1ra<\/p>\n<\/li>\n<li data-start=\"2515\" data-end=\"2562\">\n<p data-start=\"2517\" data-end=\"2562\">\u00faj t\u0171zmechanika \u00e9s l\u00e1ncreakci\u00f3k<\/p>\n<\/li>\n<\/ul>\n","protected":false},"excerpt":{"rendered":"<p>A <strong data-start=\"2602\" data-end=\"2619\">Reus 2: Steppes<\/strong> egy \u00faj bioszf\u00e9ra, t\u00f6bb mint 65 biotikus, n\u00e9gy egyedi vezet\u0151 \u00e9s a bolyg\u00f3 fejl\u0151d\u00e9s\u00e9nek h\u00e1rom \u00faj korszaka. Kezeld a sztyepp\u00e9k t\u00f6r\u00e9keny f\u00f6ldj\u00e9t, haszn\u00e1ld a t\u0171z- \u00e9s l\u00e1ncreakci\u00f3kat, \u00e9s hozz l\u00e9tre egyedi, strat\u00e9gi\u00e1val \u00e9s narrat\u00edv\u00e1val teli vil\u00e1gokat. <\/p>\n","protected":false},"featured_media":48726,"template":"","meta":{"_acf_changed":false,"site-sidebar-layout":"default","site-content-layout":"","ast-site-content-layout":"default","site-content-style":"default","site-sidebar-style":"default","ast-global-header-display":"","ast-banner-title-visibility":"","ast-main-header-display":"","ast-hfb-above-header-display":"","ast-hfb-below-header-display":"","ast-hfb-mobile-header-display":"","site-post-title":"","ast-breadcrumbs-content":"","ast-featured-img":"","footer-sml-layout":"","ast-disable-related-posts":"","theme-transparent-header-meta":"default","adv-header-id-meta":"","stick-header-meta":"","header-above-stick-meta":"","header-main-stick-meta":"","header-below-stick-meta":"","astra-migrate-meta-layouts":"default","ast-page-background-enabled":"default","ast-page-background-meta":{"desktop":{"background-color":"var(--ast-global-color-4)","background-image":"","background-repeat":"repeat","background-position":"center center","background-size":"auto","background-attachment":"scroll","background-type":"","background-media":"","overlay-type":"","overlay-color":"","overlay-opacity":"","overlay-gradient":""},"tablet":{"background-color":"","background-image":"","background-repeat":"repeat","background-position":"center center","background-size":"auto","background-attachment":"scroll","background-type":"","background-media":"","overlay-type":"","overlay-color":"","overlay-opacity":"","overlay-gradient":""},"mobile":{"background-color":"","background-image":"","background-repeat":"repeat","background-position":"center center","background-size":"auto","background-attachment":"scroll","background-type":"","background-media":"","overlay-type":"","overlay-color":"","overlay-opacity":"","overlay-gradient":""}},"ast-content-background-meta":{"desktop":{"background-color":"var(--ast-global-color-5)","background-image":"","background-repeat":"repeat","background-position":"center center","background-size":"auto","background-attachment":"scroll","background-type":"","background-media":"","overlay-type":"","overlay-color":"","overlay-opacity":"","overlay-gradient":""},"tablet":{"background-color":"var(--ast-global-color-5)","background-image":"","background-repeat":"repeat","background-position":"center center","background-size":"auto","background-attachment":"scroll","background-type":"","background-media":"","overlay-type":"","overlay-color":"","overlay-opacity":"","overlay-gradient":""},"mobile":{"background-color":"var(--ast-global-color-5)","background-image":"","background-repeat":"repeat","background-position":"center center","background-size":"auto","background-attachment":"scroll","background-type":"","background-media":"","overlay-type":"","overlay-color":"","overlay-opacity":"","overlay-gradient":""}}},"product_brand":[],"product_cat":[369,368,576,365,523,392,372,386],"product_tag":[],"class_list":{"0":"post-48735","1":"product","2":"type-product","3":"status-publish","4":"has-post-thumbnail","6":"product_cat-csarnokok","7":"product_cat-dlc-hu","8":"product_cat-firesquid-hu","9":"product_cat-goz","10":"product_cat-hirek","11":"product_cat-india","12":"product_cat-jatekok-szimulatorok","13":"product_cat-strategiai-jatekok","14":"desktop-align-left","15":"tablet-align-left","16":"mobile-align-left","18":"first","19":"instock","20":"shipping-taxable","21":"purchasable","22":"product-type-simple"},"acf":[],"yoast_head":"<!-- This site is optimized with the Yoast SEO Premium plugin v27.5 (Yoast SEO v27.5) - https:\/\/yoast.com\/product\/yoast-seo-premium-wordpress\/ -->\n<title>Reus 2 - Grasslands - Prismagamers.com<\/title>\n<meta name=\"description\" content=\"A Reus 2: Steppes egy \u00faj bioszf\u00e9ra, t\u00f6bb mint 65 biotikus, n\u00e9gy egyedi vezet\u0151 \u00e9s a bolyg\u00f3 fejl\u0151d\u00e9s\u00e9nek h\u00e1rom \u00faj korszaka. Kezeld a sztyepp\u00e9k t\u00f6r\u00e9keny f\u00f6ldj\u00e9t, haszn\u00e1ld a t\u0171z- \u00e9s l\u00e1ncreakci\u00f3kat, \u00e9s hozz l\u00e9tre egyedi, strat\u00e9gi\u00e1val \u00e9s narrat\u00edv\u00e1val teli vil\u00e1gokat.\" \/>\n<meta name=\"robots\" content=\"index, follow, max-snippet:-1, max-image-preview:large, max-video-preview:-1\" \/>\n<link rel=\"canonical\" href=\"https:\/\/prismagamers.com\/hu\/produkt\/reus-2-grasslands\/\" \/>\n<meta property=\"og:locale\" content=\"hu_HU\" \/>\n<meta property=\"og:type\" content=\"article\" \/>\n<meta property=\"og:title\" content=\"Reus 2 - Grasslands\" \/>\n<meta property=\"og:description\" content=\"A Reus 2: Steppes egy \u00faj bioszf\u00e9ra, t\u00f6bb mint 65 biotikus, n\u00e9gy egyedi vezet\u0151 \u00e9s a bolyg\u00f3 fejl\u0151d\u00e9s\u00e9nek h\u00e1rom \u00faj korszaka. Kezeld a sztyepp\u00e9k t\u00f6r\u00e9keny f\u00f6ldj\u00e9t, haszn\u00e1ld a t\u0171z- \u00e9s l\u00e1ncreakci\u00f3kat, \u00e9s hozz l\u00e9tre egyedi, strat\u00e9gi\u00e1val \u00e9s narrat\u00edv\u00e1val teli vil\u00e1gokat.\" \/>\n<meta property=\"og:url\" content=\"https:\/\/prismagamers.com\/hu\/produkt\/reus-2-grasslands\/\" \/>\n<meta property=\"og:site_name\" content=\"Prismagamers.com\" \/>\n<meta property=\"article:publisher\" content=\"https:\/\/www.facebook.com\/prismagamers\" \/>\n<meta property=\"article:modified_time\" content=\"2026-02-05T23:59:05+00:00\" \/>\n<meta property=\"og:image\" content=\"https:\/\/prismagamers.com\/wp-content\/uploads\/2026\/01\/reus-2.jpeg\" \/>\n\t<meta property=\"og:image:width\" content=\"600\" \/>\n\t<meta property=\"og:image:height\" content=\"900\" \/>\n\t<meta property=\"og:image:type\" content=\"image\/jpeg\" \/>\n<meta name=\"twitter:card\" content=\"summary_large_image\" \/>\n<meta name=\"twitter:label1\" content=\"Becs\u00fclt olvas\u00e1si id\u0151\" \/>\n\t<meta name=\"twitter:data1\" content=\"3 perc\" \/>\n<script type=\"application\/ld+json\" class=\"yoast-schema-graph\">{\"@context\":\"https:\\\/\\\/schema.org\",\"@graph\":[{\"@type\":\"WebPage\",\"@id\":\"https:\\\/\\\/prismagamers.com\\\/hu\\\/produkt\\\/reus-2-grasslands\\\/\",\"url\":\"https:\\\/\\\/prismagamers.com\\\/hu\\\/produkt\\\/reus-2-grasslands\\\/\",\"name\":\"Reus 2 - Grasslands - Prismagamers.com\",\"isPartOf\":{\"@id\":\"https:\\\/\\\/prismagamers.com\\\/hu\\\/#website\"},\"primaryImageOfPage\":{\"@id\":\"https:\\\/\\\/prismagamers.com\\\/hu\\\/produkt\\\/reus-2-grasslands\\\/#primaryimage\"},\"image\":{\"@id\":\"https:\\\/\\\/prismagamers.com\\\/hu\\\/produkt\\\/reus-2-grasslands\\\/#primaryimage\"},\"thumbnailUrl\":\"https:\\\/\\\/prismagamers.com\\\/wp-content\\\/uploads\\\/2026\\\/01\\\/reus-2.jpeg\",\"datePublished\":\"2026-01-22T15:00:58+00:00\",\"dateModified\":\"2026-02-05T23:59:05+00:00\",\"description\":\"A Reus 2: Steppes egy \u00faj bioszf\u00e9ra, t\u00f6bb mint 65 biotikus, n\u00e9gy egyedi vezet\u0151 \u00e9s a bolyg\u00f3 fejl\u0151d\u00e9s\u00e9nek h\u00e1rom \u00faj korszaka. Kezeld a sztyepp\u00e9k t\u00f6r\u00e9keny f\u00f6ldj\u00e9t, haszn\u00e1ld a t\u0171z- \u00e9s l\u00e1ncreakci\u00f3kat, \u00e9s hozz l\u00e9tre egyedi, strat\u00e9gi\u00e1val \u00e9s narrat\u00edv\u00e1val teli vil\u00e1gokat.\",\"breadcrumb\":{\"@id\":\"https:\\\/\\\/prismagamers.com\\\/hu\\\/produkt\\\/reus-2-grasslands\\\/#breadcrumb\"},\"inLanguage\":\"hu\",\"potentialAction\":[{\"@type\":\"ReadAction\",\"target\":[\"https:\\\/\\\/prismagamers.com\\\/hu\\\/produkt\\\/reus-2-grasslands\\\/\"]}]},{\"@type\":\"ImageObject\",\"inLanguage\":\"hu\",\"@id\":\"https:\\\/\\\/prismagamers.com\\\/hu\\\/produkt\\\/reus-2-grasslands\\\/#primaryimage\",\"url\":\"https:\\\/\\\/prismagamers.com\\\/wp-content\\\/uploads\\\/2026\\\/01\\\/reus-2.jpeg\",\"contentUrl\":\"https:\\\/\\\/prismagamers.com\\\/wp-content\\\/uploads\\\/2026\\\/01\\\/reus-2.jpeg\",\"width\":600,\"height\":900},{\"@type\":\"BreadcrumbList\",\"@id\":\"https:\\\/\\\/prismagamers.com\\\/hu\\\/produkt\\\/reus-2-grasslands\\\/#breadcrumb\",\"itemListElement\":[{\"@type\":\"ListItem\",\"position\":1,\"name\":\"Strona g\u0142\u00f3wna\",\"item\":\"https:\\\/\\\/prismagamers.com\\\/hu\\\/prismagamers\\\/\"},{\"@type\":\"ListItem\",\"position\":2,\"name\":\"Shop\",\"item\":\"https:\\\/\\\/prismagamers.com\\\/hu\\\/shop\\\/\"},{\"@type\":\"ListItem\",\"position\":3,\"name\":\"Reus 2 &#8211; Grasslands\"}]},{\"@type\":\"WebSite\",\"@id\":\"https:\\\/\\\/prismagamers.com\\\/hu\\\/#website\",\"url\":\"https:\\\/\\\/prismagamers.com\\\/hu\\\/\",\"name\":\"Prismagamers\",\"description\":\"Sklep z grami PC I Sklep klucze Steam\",\"publisher\":{\"@id\":\"https:\\\/\\\/prismagamers.com\\\/hu\\\/#organization\"},\"potentialAction\":[{\"@type\":\"SearchAction\",\"target\":{\"@type\":\"EntryPoint\",\"urlTemplate\":\"https:\\\/\\\/prismagamers.com\\\/hu\\\/?s={search_term_string}\"},\"query-input\":{\"@type\":\"PropertyValueSpecification\",\"valueRequired\":true,\"valueName\":\"search_term_string\"}}],\"inLanguage\":\"hu\"},{\"@type\":\"Organization\",\"@id\":\"https:\\\/\\\/prismagamers.com\\\/hu\\\/#organization\",\"name\":\"Prismagamers\",\"url\":\"https:\\\/\\\/prismagamers.com\\\/hu\\\/\",\"logo\":{\"@type\":\"ImageObject\",\"inLanguage\":\"hu\",\"@id\":\"https:\\\/\\\/prismagamers.com\\\/hu\\\/#\\\/schema\\\/logo\\\/image\\\/\",\"url\":\"https:\\\/\\\/prismagamers.com\\\/wp-content\\\/uploads\\\/2022\\\/04\\\/cropped-logo-Prismagamers-01-scaled-1.jpg\",\"contentUrl\":\"https:\\\/\\\/prismagamers.com\\\/wp-content\\\/uploads\\\/2022\\\/04\\\/cropped-logo-Prismagamers-01-scaled-1.jpg\",\"width\":512,\"height\":512,\"caption\":\"Prismagamers\"},\"image\":{\"@id\":\"https:\\\/\\\/prismagamers.com\\\/hu\\\/#\\\/schema\\\/logo\\\/image\\\/\"},\"sameAs\":[\"https:\\\/\\\/www.facebook.com\\\/prismagamers\",\"https:\\\/\\\/www.instagram.com\\\/prismagamers_grycyfrowe\\\/\"],\"description\":\"Prismagamers.com to dynamiczny sklep z grami cyfrowymi, stworzony z my\u015bl\u0105 o entuzjastach gier wideo. Nasza strona oferuje szerok\u0105 gam\u0119 gier komputerowych, w tym najnowsze tytu\u0142y, dobrze znane klasyki oraz gry stworzone przez niezale\u017cne studia Ca\u0142y czas d\u0105\u017cymy do rozszerzenia naszej oferty. Do\u0142\u0105cz do nas i sta\u0144 si\u0119 cz\u0119\u015bci\u0105 naszej rosn\u0105cej spo\u0142eczno\u015bci graczy!\",\"email\":\"shop@prismagamers.com\",\"telephone\":\"48795541705\",\"legalName\":\"East Caravan Maksym \u017bukow\",\"foundingDate\":\"2012-05-10\",\"vatID\":\"PL8943038612\",\"taxID\":\"PL8943038612\",\"numberOfEmployees\":{\"@type\":\"QuantitativeValue\",\"minValue\":\"11\",\"maxValue\":\"50\"}}]}<\/script>\n<!-- \/ Yoast SEO Premium plugin. -->","yoast_head_json":{"title":"Reus 2 - Grasslands - Prismagamers.com","description":"A Reus 2: Steppes egy \u00faj bioszf\u00e9ra, t\u00f6bb mint 65 biotikus, n\u00e9gy egyedi vezet\u0151 \u00e9s a bolyg\u00f3 fejl\u0151d\u00e9s\u00e9nek h\u00e1rom \u00faj korszaka. Kezeld a sztyepp\u00e9k t\u00f6r\u00e9keny f\u00f6ldj\u00e9t, haszn\u00e1ld a t\u0171z- \u00e9s l\u00e1ncreakci\u00f3kat, \u00e9s hozz l\u00e9tre egyedi, strat\u00e9gi\u00e1val \u00e9s narrat\u00edv\u00e1val teli vil\u00e1gokat.","robots":{"index":"index","follow":"follow","max-snippet":"max-snippet:-1","max-image-preview":"max-image-preview:large","max-video-preview":"max-video-preview:-1"},"canonical":"https:\/\/prismagamers.com\/hu\/produkt\/reus-2-grasslands\/","og_locale":"hu_HU","og_type":"article","og_title":"Reus 2 - Grasslands","og_description":"A Reus 2: Steppes egy \u00faj bioszf\u00e9ra, t\u00f6bb mint 65 biotikus, n\u00e9gy egyedi vezet\u0151 \u00e9s a bolyg\u00f3 fejl\u0151d\u00e9s\u00e9nek h\u00e1rom \u00faj korszaka. Kezeld a sztyepp\u00e9k t\u00f6r\u00e9keny f\u00f6ldj\u00e9t, haszn\u00e1ld a t\u0171z- \u00e9s l\u00e1ncreakci\u00f3kat, \u00e9s hozz l\u00e9tre egyedi, strat\u00e9gi\u00e1val \u00e9s narrat\u00edv\u00e1val teli vil\u00e1gokat.","og_url":"https:\/\/prismagamers.com\/hu\/produkt\/reus-2-grasslands\/","og_site_name":"Prismagamers.com","article_publisher":"https:\/\/www.facebook.com\/prismagamers","article_modified_time":"2026-02-05T23:59:05+00:00","og_image":[{"width":600,"height":900,"url":"https:\/\/prismagamers.com\/wp-content\/uploads\/2026\/01\/reus-2.jpeg","type":"image\/jpeg"}],"twitter_card":"summary_large_image","twitter_misc":{"Becs\u00fclt olvas\u00e1si id\u0151":"3 perc"},"schema":{"@context":"https:\/\/schema.org","@graph":[{"@type":"WebPage","@id":"https:\/\/prismagamers.com\/hu\/produkt\/reus-2-grasslands\/","url":"https:\/\/prismagamers.com\/hu\/produkt\/reus-2-grasslands\/","name":"Reus 2 - Grasslands - Prismagamers.com","isPartOf":{"@id":"https:\/\/prismagamers.com\/hu\/#website"},"primaryImageOfPage":{"@id":"https:\/\/prismagamers.com\/hu\/produkt\/reus-2-grasslands\/#primaryimage"},"image":{"@id":"https:\/\/prismagamers.com\/hu\/produkt\/reus-2-grasslands\/#primaryimage"},"thumbnailUrl":"https:\/\/prismagamers.com\/wp-content\/uploads\/2026\/01\/reus-2.jpeg","datePublished":"2026-01-22T15:00:58+00:00","dateModified":"2026-02-05T23:59:05+00:00","description":"A Reus 2: Steppes egy \u00faj bioszf\u00e9ra, t\u00f6bb mint 65 biotikus, n\u00e9gy egyedi vezet\u0151 \u00e9s a bolyg\u00f3 fejl\u0151d\u00e9s\u00e9nek h\u00e1rom \u00faj korszaka. Kezeld a sztyepp\u00e9k t\u00f6r\u00e9keny f\u00f6ldj\u00e9t, haszn\u00e1ld a t\u0171z- \u00e9s l\u00e1ncreakci\u00f3kat, \u00e9s hozz l\u00e9tre egyedi, strat\u00e9gi\u00e1val \u00e9s narrat\u00edv\u00e1val teli vil\u00e1gokat.","breadcrumb":{"@id":"https:\/\/prismagamers.com\/hu\/produkt\/reus-2-grasslands\/#breadcrumb"},"inLanguage":"hu","potentialAction":[{"@type":"ReadAction","target":["https:\/\/prismagamers.com\/hu\/produkt\/reus-2-grasslands\/"]}]},{"@type":"ImageObject","inLanguage":"hu","@id":"https:\/\/prismagamers.com\/hu\/produkt\/reus-2-grasslands\/#primaryimage","url":"https:\/\/prismagamers.com\/wp-content\/uploads\/2026\/01\/reus-2.jpeg","contentUrl":"https:\/\/prismagamers.com\/wp-content\/uploads\/2026\/01\/reus-2.jpeg","width":600,"height":900},{"@type":"BreadcrumbList","@id":"https:\/\/prismagamers.com\/hu\/produkt\/reus-2-grasslands\/#breadcrumb","itemListElement":[{"@type":"ListItem","position":1,"name":"Strona g\u0142\u00f3wna","item":"https:\/\/prismagamers.com\/hu\/prismagamers\/"},{"@type":"ListItem","position":2,"name":"Shop","item":"https:\/\/prismagamers.com\/hu\/shop\/"},{"@type":"ListItem","position":3,"name":"Reus 2 &#8211; Grasslands"}]},{"@type":"WebSite","@id":"https:\/\/prismagamers.com\/hu\/#website","url":"https:\/\/prismagamers.com\/hu\/","name":"Prismagamers","description":"Sklep z grami PC I Sklep klucze Steam","publisher":{"@id":"https:\/\/prismagamers.com\/hu\/#organization"},"potentialAction":[{"@type":"SearchAction","target":{"@type":"EntryPoint","urlTemplate":"https:\/\/prismagamers.com\/hu\/?s={search_term_string}"},"query-input":{"@type":"PropertyValueSpecification","valueRequired":true,"valueName":"search_term_string"}}],"inLanguage":"hu"},{"@type":"Organization","@id":"https:\/\/prismagamers.com\/hu\/#organization","name":"Prismagamers","url":"https:\/\/prismagamers.com\/hu\/","logo":{"@type":"ImageObject","inLanguage":"hu","@id":"https:\/\/prismagamers.com\/hu\/#\/schema\/logo\/image\/","url":"https:\/\/prismagamers.com\/wp-content\/uploads\/2022\/04\/cropped-logo-Prismagamers-01-scaled-1.jpg","contentUrl":"https:\/\/prismagamers.com\/wp-content\/uploads\/2022\/04\/cropped-logo-Prismagamers-01-scaled-1.jpg","width":512,"height":512,"caption":"Prismagamers"},"image":{"@id":"https:\/\/prismagamers.com\/hu\/#\/schema\/logo\/image\/"},"sameAs":["https:\/\/www.facebook.com\/prismagamers","https:\/\/www.instagram.com\/prismagamers_grycyfrowe\/"],"description":"Prismagamers.com to dynamiczny sklep z grami cyfrowymi, stworzony z my\u015bl\u0105 o entuzjastach gier wideo. Nasza strona oferuje szerok\u0105 gam\u0119 gier komputerowych, w tym najnowsze tytu\u0142y, dobrze znane klasyki oraz gry stworzone przez niezale\u017cne studia Ca\u0142y czas d\u0105\u017cymy do rozszerzenia naszej oferty. Do\u0142\u0105cz do nas i sta\u0144 si\u0119 cz\u0119\u015bci\u0105 naszej rosn\u0105cej spo\u0142eczno\u015bci graczy!","email":"shop@prismagamers.com","telephone":"48795541705","legalName":"East Caravan Maksym \u017bukow","foundingDate":"2012-05-10","vatID":"PL8943038612","taxID":"PL8943038612","numberOfEmployees":{"@type":"QuantitativeValue","minValue":"11","maxValue":"50"}}]}},"_links":{"self":[{"href":"https:\/\/prismagamers.com\/hu\/wp-json\/wp\/v2\/product\/48735","targetHints":{"allow":["GET"]}}],"collection":[{"href":"https:\/\/prismagamers.com\/hu\/wp-json\/wp\/v2\/product"}],"about":[{"href":"https:\/\/prismagamers.com\/hu\/wp-json\/wp\/v2\/types\/product"}],"wp:featuredmedia":[{"embeddable":true,"href":"https:\/\/prismagamers.com\/hu\/wp-json\/wp\/v2\/media\/48726"}],"wp:attachment":[{"href":"https:\/\/prismagamers.com\/hu\/wp-json\/wp\/v2\/media?parent=48735"}],"wp:term":[{"taxonomy":"product_brand","embeddable":true,"href":"https:\/\/prismagamers.com\/hu\/wp-json\/wp\/v2\/product_brand?post=48735"},{"taxonomy":"product_cat","embeddable":true,"href":"https:\/\/prismagamers.com\/hu\/wp-json\/wp\/v2\/product_cat?post=48735"},{"taxonomy":"product_tag","embeddable":true,"href":"https:\/\/prismagamers.com\/hu\/wp-json\/wp\/v2\/product_tag?post=48735"}],"curies":[{"name":"wp","href":"https:\/\/api.w.org\/{rel}","templated":true}]}}