{"id":48871,"date":"2026-01-19T16:44:45","date_gmt":"2026-01-19T15:44:45","guid":{"rendered":"https:\/\/prismagamers.com\/produkt\/cairn\/"},"modified":"2026-04-18T01:51:53","modified_gmt":"2026-04-17T23:51:53","slug":"cairn","status":"publish","type":"product","link":"https:\/\/prismagamers.com\/hu\/produkt\/cairn\/","title":{"rendered":"Cairn"},"content":{"rendered":"<p data-start=\"188\" data-end=\"569\">A <strong data-start=\"188\" data-end=\"197\">Cairn<\/strong> egy realisztikus hegym\u00e1sz\u00f3 szimul\u00e1ci\u00f3, amely a val\u00f3di hegym\u00e1sz\u00e1sb\u00f3l ismert autentikus kih\u00edv\u00e1sok el\u00e9 \u00e1ll\u00edtja a j\u00e1t\u00e9kost. A j\u00e1t\u00e9k egy intuit\u00edv, de kih\u00edv\u00e1st jelent\u0151 hegym\u00e1sz\u00f3 rendszert k\u00edn\u00e1l, amelyben a pontos mozg\u00e1stervez\u00e9s, az er\u0151gazd\u00e1lkod\u00e1s \u00e9s az egyens\u00faly fenntart\u00e1sa kulcsfontoss\u00e1g\u00fa. Minden egyes k\u00e9zfog\u00e1s \u00e9s l\u00e1bl\u00e9p\u00e9s meghat\u00e1rozhatja a sikert vagy a f\u00e1jdalmas zuhan\u00e1st.  <\/p>\n<p data-start=\"571\" data-end=\"911\">Vedd \u00e1t <strong data-start=\"583\" data-end=\"591\">Aava<\/strong>, egy tapasztalt hegym\u00e1sz\u00f3 szerep\u00e9t, aki \u00e9lete exped\u00edci\u00f3j\u00e1ra v\u00e1llalkozik a kor\u00e1bban m\u00e9g meg nem h\u00f3d\u00edtott <strong data-start=\"673\" data-end=\"681\">Kami-hegyre<\/strong>. A mag\u00e1nyos, vesz\u00e9lyes m\u00e1sz\u00e1s sor\u00e1n megismerheted a hegy l\u00e1b\u00e1n\u00e1l h\u00e1trahagyott emberek t\u00f6rt\u00e9neteit, \u00e9s felfedezheted mag\u00e1nak a hegys\u00e9gnek a titkait. Ez a t\u00f6rt\u00e9net az amb\u00edci\u00f3r\u00f3l, az elsz\u00e1nts\u00e1gr\u00f3l \u00e9s arr\u00f3l az \u00e1rr\u00f3l sz\u00f3l, amit meg kell fizetni az \u00e1lmok megval\u00f3s\u00edt\u00e1s\u00e1\u00e9rt.  <\/p>\n<p data-start=\"913\" data-end=\"1216\">A Cairn teljes szabads\u00e1got ad a felfedez\u00e9sben &#8211; <strong data-start=\"952\" data-end=\"982\">nem k\u00e9nyszer\u00edt egyetlen \u00fatra<\/strong>. Szinte b\u00e1rhov\u00e1 felm\u00e1szhatsz, elemezheted a sziklafalakat a f\u00f6ldr\u0151l, \u00e9s saj\u00e1t magad hat\u00e1rozhatod meg az \u00fatvonalat a cs\u00facsra. Minden d\u00f6nt\u00e9s sz\u00e1m\u00edt, \u00e9s egy rosszul megtervezett \u00fatvonal oda vezethet, hogy egy kritikus pillanatban kifutsz vagy elfogynak az er\u0151forr\u00e1sok.  <\/p>\n<p data-start=\"1218\" data-end=\"1507\">A Cairnben a m\u00e1sz\u00e1s igazi k\u00fczdelem &#8211; <strong data-start=\"1258\" data-end=\"1321\">minden fal egy f\u0151n\u00f6ki harchoz hasonl\u00f3 kih\u00edv\u00e1st jelent<\/strong>. A j\u00e1t\u00e9k jutalmazza a t\u00fcrelmet, a megfigyel\u00e9st \u00e9s az alkalmazkod\u00f3k\u00e9pess\u00e9get, ugyanakkor lehet\u0151v\u00e9 teszi a neh\u00e9zs\u00e9gi szint be\u00e1ll\u00edt\u00e1s\u00e1t, \u00edgy minden j\u00e1t\u00e9kos a saj\u00e1t k\u00e9pess\u00e9geihez igaz\u00edthatja az \u00e9lm\u00e9nyt. <\/p>\n<p data-start=\"1509\" data-end=\"1732\">Ahhoz, hogy t\u00fal\u00e9lj a hal\u00e1los hegyen, kezelned kell a felszerel\u00e9sedet: horgokat, kr\u00e9t\u00e1t, ujjszalagot, \u00e9lelmet, vizet \u00e9s gy\u00f3gyszereket. \u00c1ll\u00edtsd fel a t\u00e1borokat, fedezd fel a nehezen el\u00e9rhet\u0151 ter\u00fcleteket, \u00e9s gy\u0171jtsd \u00f6ssze a m\u00e1sz\u00e1s folytat\u00e1s\u00e1hoz sz\u00fcks\u00e9ges er\u0151forr\u00e1sokat. <\/p>\n<p data-start=\"1734\" data-end=\"2063\">A Cairn\u00e9rt <strong data-start=\"1753\" data-end=\"1800\">a Furi \u00e9s a Haven d\u00edjnyertes j\u00e1t\u00e9kfejleszt\u0151 csapata<\/strong> felel, a hangtervez\u00e9st pedig olyan m\u0171v\u00e9szek v\u00e9gzik, akik olyan c\u00edmekr\u0151l ismertek, mint a <em data-start=\"1878\" data-end=\"1885\">Limbo<\/em>, az <em data-start=\"1887\" data-end=\"1895\">Inside<\/em>, a <em data-start=\"1897\" data-end=\"1906\">Control<\/em> \u00e9s a <em data-start=\"1911\" data-end=\"1919\">Cocoon<\/em>. Az elismert k\u00e9preg\u00e9nyrajzol\u00f3 <strong data-start=\"1989\" data-end=\"2007\">Mathieu Bablet<\/strong> felel a vizu\u00e1lis \u00e9s a t\u00f6rt\u00e9net\u00e9rt, biztos\u00edtva az egyedi hangulatot \u00e9s a narrat\u00edv m\u00e9lys\u00e9get. <\/p>\n","protected":false},"excerpt":{"rendered":"<p>A <strong data-start=\"2103\" data-end=\"2112\">Cairn<\/strong> egy realisztikus hegym\u00e1sz\u00f3 j\u00e1t\u00e9k, ahol minden d\u00f6nt\u00e9s \u00e9letet vagy pusztul\u00e1st jelenthet. Vedd magadra Aava hegym\u00e1sz\u00f3 szerep\u00e9t, t\u00e9rk\u00e9pezd fel saj\u00e1t \u00fatvonaladat egy megm\u00e1szatlan hegyre, \u00e9s n\u00e9zz szembe a term\u00e9szettel v\u00edvott kimer\u00edt\u0151 k\u00fczdelemmel. Ez egy kih\u00edv\u00e1sokkal teli, hangulatos kaland a <em data-start=\"2375\" data-end=\"2381\">Furi<\/em> \u00e9s a <em data-start=\"2384\" data-end=\"2391\">Haven<\/em> alkot\u00f3it\u00f3l.  <\/p>\n<p><strong>Megjelen\u00e9si d\u00e1tum:<\/strong> megv\u00e1s\u00e1rolhat\u00f3 2026. febru\u00e1r 2-t\u00f3l<\/p>\n","protected":false},"featured_media":48863,"template":"","meta":{"_acf_changed":false,"site-sidebar-layout":"default","site-content-layout":"","ast-site-content-layout":"default","site-content-style":"default","site-sidebar-style":"default","ast-global-header-display":"","ast-banner-title-visibility":"","ast-main-header-display":"","ast-hfb-above-header-display":"","ast-hfb-below-header-display":"","ast-hfb-mobile-header-display":"","site-post-title":"","ast-breadcrumbs-content":"","ast-featured-img":"","footer-sml-layout":"","ast-disable-related-posts":"","theme-transparent-header-meta":"default","adv-header-id-meta":"","stick-header-meta":"","header-above-stick-meta":"","header-main-stick-meta":"","header-below-stick-meta":"","astra-migrate-meta-layouts":"set","ast-page-background-enabled":"default","ast-page-background-meta":{"desktop":{"background-color":"var(--ast-global-color-4)","background-image":"","background-repeat":"repeat","background-position":"center center","background-size":"auto","background-attachment":"scroll","background-type":"","background-media":"","overlay-type":"","overlay-color":"","overlay-opacity":"","overlay-gradient":""},"tablet":{"background-color":"","background-image":"","background-repeat":"repeat","background-position":"center center","background-size":"auto","background-attachment":"scroll","background-type":"","background-media":"","overlay-type":"","overlay-color":"","overlay-opacity":"","overlay-gradient":""},"mobile":{"background-color":"","background-image":"","background-repeat":"repeat","background-position":"center center","background-size":"auto","background-attachment":"scroll","background-type":"","background-media":"","overlay-type":"","overlay-color":"","overlay-opacity":"","overlay-gradient":""}},"ast-content-background-meta":{"desktop":{"background-color":"var(--ast-global-color-5)","background-image":"","background-repeat":"repeat","background-position":"center center","background-size":"auto","background-attachment":"scroll","background-type":"","background-media":"","overlay-type":"","overlay-color":"","overlay-opacity":"","overlay-gradient":""},"tablet":{"background-color":"var(--ast-global-color-5)","background-image":"","background-repeat":"repeat","background-position":"center center","background-size":"auto","background-attachment":"scroll","background-type":"","background-media":"","overlay-type":"","overlay-color":"","overlay-opacity":"","overlay-gradient":""},"mobile":{"background-color":"var(--ast-global-color-5)","background-image":"","background-repeat":"repeat","background-position":"center center","background-size":"auto","background-attachment":"scroll","background-type":"","background-media":"","overlay-type":"","overlay-color":"","overlay-opacity":"","overlay-gradient":""}}},"product_brand":[],"product_cat":[398,371,359,365,523,372,363,376],"product_tag":[],"class_list":{"0":"post-48871","1":"product","2":"type-product","3":"status-publish","4":"has-post-thumbnail","6":"product_cat-a-jatek-pekek","7":"product_cat-akcio-jatekok","8":"product_cat-bestseller-hu","9":"product_cat-goz","10":"product_cat-hirek","11":"product_cat-jatekok-szimulatorok","12":"product_cat-kaland-jatekok","13":"product_cat-sport-jatekok","14":"desktop-align-left","15":"tablet-align-left","16":"mobile-align-left","18":"first","19":"instock","20":"shipping-taxable","21":"purchasable","22":"product-type-simple"},"acf":[],"yoast_head":"<!-- This site is optimized with the Yoast SEO Premium plugin v27.4 (Yoast SEO v27.4) - https:\/\/yoast.com\/product\/yoast-seo-premium-wordpress\/ -->\n<title>Cairn - Prismagamers.com<\/title>\n<meta name=\"description\" content=\"A Cairn egy realisztikus hegym\u00e1sz\u00f3 j\u00e1t\u00e9k, ahol minden d\u00f6nt\u00e9s \u00e9letet vagy pusztul\u00e1st jelenthet. Vedd magadra Aava hegym\u00e1sz\u00f3 szerep\u00e9t, t\u00e9rk\u00e9pezd fel saj\u00e1t \u00fatvonaladat egy megm\u00e1szatlan hegyre, \u00e9s n\u00e9zz szembe a term\u00e9szettel v\u00edvott kimer\u00edt\u0151 k\u00fczdelemmel. Ez egy kih\u00edv\u00e1sokkal teli, hangulatos kaland a Furi \u00e9s a Haven alkot\u00f3it\u00f3l.  Megjelen\u00e9si d\u00e1tum: megv\u00e1s\u00e1rolhat\u00f3 2026. febru\u00e1r 2-t\u00f3l\" \/>\n<meta name=\"robots\" content=\"index, follow, max-snippet:-1, max-image-preview:large, max-video-preview:-1\" \/>\n<link rel=\"canonical\" href=\"https:\/\/prismagamers.com\/hu\/produkt\/cairn\/\" \/>\n<meta property=\"og:locale\" content=\"hu_HU\" \/>\n<meta property=\"og:type\" content=\"article\" \/>\n<meta property=\"og:title\" content=\"Cairn\" \/>\n<meta property=\"og:description\" content=\"A Cairn egy realisztikus hegym\u00e1sz\u00f3 j\u00e1t\u00e9k, ahol minden d\u00f6nt\u00e9s \u00e9letet vagy pusztul\u00e1st jelenthet. Vedd magadra Aava hegym\u00e1sz\u00f3 szerep\u00e9t, t\u00e9rk\u00e9pezd fel saj\u00e1t \u00fatvonaladat egy megm\u00e1szatlan hegyre, \u00e9s n\u00e9zz szembe a term\u00e9szettel v\u00edvott kimer\u00edt\u0151 k\u00fczdelemmel. Ez egy kih\u00edv\u00e1sokkal teli, hangulatos kaland a Furi \u00e9s a Haven alkot\u00f3it\u00f3l.  Megjelen\u00e9si d\u00e1tum: megv\u00e1s\u00e1rolhat\u00f3 2026. febru\u00e1r 2-t\u00f3l\" \/>\n<meta property=\"og:url\" content=\"https:\/\/prismagamers.com\/hu\/produkt\/cairn\/\" \/>\n<meta property=\"og:site_name\" content=\"Prismagamers.com\" \/>\n<meta property=\"article:publisher\" content=\"https:\/\/www.facebook.com\/prismagamers\" \/>\n<meta property=\"article:modified_time\" content=\"2026-04-17T23:51:53+00:00\" \/>\n<meta property=\"og:image\" content=\"https:\/\/prismagamers.com\/wp-content\/uploads\/2026\/01\/library_600x900_2x-7.jpg\" \/>\n\t<meta property=\"og:image:width\" content=\"600\" \/>\n\t<meta property=\"og:image:height\" content=\"900\" \/>\n\t<meta property=\"og:image:type\" content=\"image\/jpeg\" \/>\n<meta name=\"twitter:card\" content=\"summary_large_image\" \/>\n<meta name=\"twitter:label1\" content=\"Becs\u00fclt olvas\u00e1si id\u0151\" \/>\n\t<meta name=\"twitter:data1\" content=\"2 perc\" \/>\n<script type=\"application\/ld+json\" class=\"yoast-schema-graph\">{\"@context\":\"https:\\\/\\\/schema.org\",\"@graph\":[{\"@type\":\"WebPage\",\"@id\":\"https:\\\/\\\/prismagamers.com\\\/hu\\\/produkt\\\/cairn\\\/\",\"url\":\"https:\\\/\\\/prismagamers.com\\\/hu\\\/produkt\\\/cairn\\\/\",\"name\":\"Cairn - Prismagamers.com\",\"isPartOf\":{\"@id\":\"https:\\\/\\\/prismagamers.com\\\/hu\\\/#website\"},\"primaryImageOfPage\":{\"@id\":\"https:\\\/\\\/prismagamers.com\\\/hu\\\/produkt\\\/cairn\\\/#primaryimage\"},\"image\":{\"@id\":\"https:\\\/\\\/prismagamers.com\\\/hu\\\/produkt\\\/cairn\\\/#primaryimage\"},\"thumbnailUrl\":\"https:\\\/\\\/prismagamers.com\\\/wp-content\\\/uploads\\\/2026\\\/01\\\/library_600x900_2x-7.jpg\",\"datePublished\":\"2026-01-19T15:44:45+00:00\",\"dateModified\":\"2026-04-17T23:51:53+00:00\",\"description\":\"A Cairn egy realisztikus hegym\u00e1sz\u00f3 j\u00e1t\u00e9k, ahol minden d\u00f6nt\u00e9s \u00e9letet vagy pusztul\u00e1st jelenthet. Vedd magadra Aava hegym\u00e1sz\u00f3 szerep\u00e9t, t\u00e9rk\u00e9pezd fel saj\u00e1t \u00fatvonaladat egy megm\u00e1szatlan hegyre, \u00e9s n\u00e9zz szembe a term\u00e9szettel v\u00edvott kimer\u00edt\u0151 k\u00fczdelemmel. Ez egy kih\u00edv\u00e1sokkal teli, hangulatos kaland a Furi \u00e9s a Haven alkot\u00f3it\u00f3l. Megjelen\u00e9si d\u00e1tum: megv\u00e1s\u00e1rolhat\u00f3 2026. febru\u00e1r 2-t\u00f3l\",\"breadcrumb\":{\"@id\":\"https:\\\/\\\/prismagamers.com\\\/hu\\\/produkt\\\/cairn\\\/#breadcrumb\"},\"inLanguage\":\"hu\",\"potentialAction\":[{\"@type\":\"ReadAction\",\"target\":[\"https:\\\/\\\/prismagamers.com\\\/hu\\\/produkt\\\/cairn\\\/\"]}]},{\"@type\":\"ImageObject\",\"inLanguage\":\"hu\",\"@id\":\"https:\\\/\\\/prismagamers.com\\\/hu\\\/produkt\\\/cairn\\\/#primaryimage\",\"url\":\"https:\\\/\\\/prismagamers.com\\\/wp-content\\\/uploads\\\/2026\\\/01\\\/library_600x900_2x-7.jpg\",\"contentUrl\":\"https:\\\/\\\/prismagamers.com\\\/wp-content\\\/uploads\\\/2026\\\/01\\\/library_600x900_2x-7.jpg\",\"width\":600,\"height\":900},{\"@type\":\"BreadcrumbList\",\"@id\":\"https:\\\/\\\/prismagamers.com\\\/hu\\\/produkt\\\/cairn\\\/#breadcrumb\",\"itemListElement\":[{\"@type\":\"ListItem\",\"position\":1,\"name\":\"Strona g\u0142\u00f3wna\",\"item\":\"https:\\\/\\\/prismagamers.com\\\/hu\\\/prismagamers\\\/\"},{\"@type\":\"ListItem\",\"position\":2,\"name\":\"Shop\",\"item\":\"https:\\\/\\\/prismagamers.com\\\/hu\\\/shop\\\/\"},{\"@type\":\"ListItem\",\"position\":3,\"name\":\"Cairn\"}]},{\"@type\":\"WebSite\",\"@id\":\"https:\\\/\\\/prismagamers.com\\\/hu\\\/#website\",\"url\":\"https:\\\/\\\/prismagamers.com\\\/hu\\\/\",\"name\":\"Prismagamers\",\"description\":\"Sklep z grami PC I Sklep klucze Steam\",\"publisher\":{\"@id\":\"https:\\\/\\\/prismagamers.com\\\/hu\\\/#organization\"},\"potentialAction\":[{\"@type\":\"SearchAction\",\"target\":{\"@type\":\"EntryPoint\",\"urlTemplate\":\"https:\\\/\\\/prismagamers.com\\\/hu\\\/?s={search_term_string}\"},\"query-input\":{\"@type\":\"PropertyValueSpecification\",\"valueRequired\":true,\"valueName\":\"search_term_string\"}}],\"inLanguage\":\"hu\"},{\"@type\":\"Organization\",\"@id\":\"https:\\\/\\\/prismagamers.com\\\/hu\\\/#organization\",\"name\":\"Prismagamers\",\"url\":\"https:\\\/\\\/prismagamers.com\\\/hu\\\/\",\"logo\":{\"@type\":\"ImageObject\",\"inLanguage\":\"hu\",\"@id\":\"https:\\\/\\\/prismagamers.com\\\/hu\\\/#\\\/schema\\\/logo\\\/image\\\/\",\"url\":\"https:\\\/\\\/prismagamers.com\\\/wp-content\\\/uploads\\\/2022\\\/04\\\/cropped-logo-Prismagamers-01-scaled-1.jpg\",\"contentUrl\":\"https:\\\/\\\/prismagamers.com\\\/wp-content\\\/uploads\\\/2022\\\/04\\\/cropped-logo-Prismagamers-01-scaled-1.jpg\",\"width\":512,\"height\":512,\"caption\":\"Prismagamers\"},\"image\":{\"@id\":\"https:\\\/\\\/prismagamers.com\\\/hu\\\/#\\\/schema\\\/logo\\\/image\\\/\"},\"sameAs\":[\"https:\\\/\\\/www.facebook.com\\\/prismagamers\",\"https:\\\/\\\/www.instagram.com\\\/prismagamers_grycyfrowe\\\/\"],\"description\":\"Prismagamers.com to dynamiczny sklep z grami cyfrowymi, stworzony z my\u015bl\u0105 o entuzjastach gier wideo. Nasza strona oferuje szerok\u0105 gam\u0119 gier komputerowych, w tym najnowsze tytu\u0142y, dobrze znane klasyki oraz gry stworzone przez niezale\u017cne studia Ca\u0142y czas d\u0105\u017cymy do rozszerzenia naszej oferty. Do\u0142\u0105cz do nas i sta\u0144 si\u0119 cz\u0119\u015bci\u0105 naszej rosn\u0105cej spo\u0142eczno\u015bci graczy!\",\"email\":\"shop@prismagamers.com\",\"telephone\":\"48795541705\",\"legalName\":\"East Caravan Maksym \u017bukow\",\"foundingDate\":\"2012-05-10\",\"vatID\":\"PL8943038612\",\"taxID\":\"PL8943038612\",\"numberOfEmployees\":{\"@type\":\"QuantitativeValue\",\"minValue\":\"11\",\"maxValue\":\"50\"}}]}<\/script>\n<!-- \/ Yoast SEO Premium plugin. -->","yoast_head_json":{"title":"Cairn - Prismagamers.com","description":"A Cairn egy realisztikus hegym\u00e1sz\u00f3 j\u00e1t\u00e9k, ahol minden d\u00f6nt\u00e9s \u00e9letet vagy pusztul\u00e1st jelenthet. Vedd magadra Aava hegym\u00e1sz\u00f3 szerep\u00e9t, t\u00e9rk\u00e9pezd fel saj\u00e1t \u00fatvonaladat egy megm\u00e1szatlan hegyre, \u00e9s n\u00e9zz szembe a term\u00e9szettel v\u00edvott kimer\u00edt\u0151 k\u00fczdelemmel. Ez egy kih\u00edv\u00e1sokkal teli, hangulatos kaland a Furi \u00e9s a Haven alkot\u00f3it\u00f3l.  Megjelen\u00e9si d\u00e1tum: megv\u00e1s\u00e1rolhat\u00f3 2026. febru\u00e1r 2-t\u00f3l","robots":{"index":"index","follow":"follow","max-snippet":"max-snippet:-1","max-image-preview":"max-image-preview:large","max-video-preview":"max-video-preview:-1"},"canonical":"https:\/\/prismagamers.com\/hu\/produkt\/cairn\/","og_locale":"hu_HU","og_type":"article","og_title":"Cairn","og_description":"A Cairn egy realisztikus hegym\u00e1sz\u00f3 j\u00e1t\u00e9k, ahol minden d\u00f6nt\u00e9s \u00e9letet vagy pusztul\u00e1st jelenthet. Vedd magadra Aava hegym\u00e1sz\u00f3 szerep\u00e9t, t\u00e9rk\u00e9pezd fel saj\u00e1t \u00fatvonaladat egy megm\u00e1szatlan hegyre, \u00e9s n\u00e9zz szembe a term\u00e9szettel v\u00edvott kimer\u00edt\u0151 k\u00fczdelemmel. Ez egy kih\u00edv\u00e1sokkal teli, hangulatos kaland a Furi \u00e9s a Haven alkot\u00f3it\u00f3l.  Megjelen\u00e9si d\u00e1tum: megv\u00e1s\u00e1rolhat\u00f3 2026. febru\u00e1r 2-t\u00f3l","og_url":"https:\/\/prismagamers.com\/hu\/produkt\/cairn\/","og_site_name":"Prismagamers.com","article_publisher":"https:\/\/www.facebook.com\/prismagamers","article_modified_time":"2026-04-17T23:51:53+00:00","og_image":[{"width":600,"height":900,"url":"https:\/\/prismagamers.com\/wp-content\/uploads\/2026\/01\/library_600x900_2x-7.jpg","type":"image\/jpeg"}],"twitter_card":"summary_large_image","twitter_misc":{"Becs\u00fclt olvas\u00e1si id\u0151":"2 perc"},"schema":{"@context":"https:\/\/schema.org","@graph":[{"@type":"WebPage","@id":"https:\/\/prismagamers.com\/hu\/produkt\/cairn\/","url":"https:\/\/prismagamers.com\/hu\/produkt\/cairn\/","name":"Cairn - Prismagamers.com","isPartOf":{"@id":"https:\/\/prismagamers.com\/hu\/#website"},"primaryImageOfPage":{"@id":"https:\/\/prismagamers.com\/hu\/produkt\/cairn\/#primaryimage"},"image":{"@id":"https:\/\/prismagamers.com\/hu\/produkt\/cairn\/#primaryimage"},"thumbnailUrl":"https:\/\/prismagamers.com\/wp-content\/uploads\/2026\/01\/library_600x900_2x-7.jpg","datePublished":"2026-01-19T15:44:45+00:00","dateModified":"2026-04-17T23:51:53+00:00","description":"A Cairn egy realisztikus hegym\u00e1sz\u00f3 j\u00e1t\u00e9k, ahol minden d\u00f6nt\u00e9s \u00e9letet vagy pusztul\u00e1st jelenthet. Vedd magadra Aava hegym\u00e1sz\u00f3 szerep\u00e9t, t\u00e9rk\u00e9pezd fel saj\u00e1t \u00fatvonaladat egy megm\u00e1szatlan hegyre, \u00e9s n\u00e9zz szembe a term\u00e9szettel v\u00edvott kimer\u00edt\u0151 k\u00fczdelemmel. Ez egy kih\u00edv\u00e1sokkal teli, hangulatos kaland a Furi \u00e9s a Haven alkot\u00f3it\u00f3l. Megjelen\u00e9si d\u00e1tum: megv\u00e1s\u00e1rolhat\u00f3 2026. febru\u00e1r 2-t\u00f3l","breadcrumb":{"@id":"https:\/\/prismagamers.com\/hu\/produkt\/cairn\/#breadcrumb"},"inLanguage":"hu","potentialAction":[{"@type":"ReadAction","target":["https:\/\/prismagamers.com\/hu\/produkt\/cairn\/"]}]},{"@type":"ImageObject","inLanguage":"hu","@id":"https:\/\/prismagamers.com\/hu\/produkt\/cairn\/#primaryimage","url":"https:\/\/prismagamers.com\/wp-content\/uploads\/2026\/01\/library_600x900_2x-7.jpg","contentUrl":"https:\/\/prismagamers.com\/wp-content\/uploads\/2026\/01\/library_600x900_2x-7.jpg","width":600,"height":900},{"@type":"BreadcrumbList","@id":"https:\/\/prismagamers.com\/hu\/produkt\/cairn\/#breadcrumb","itemListElement":[{"@type":"ListItem","position":1,"name":"Strona g\u0142\u00f3wna","item":"https:\/\/prismagamers.com\/hu\/prismagamers\/"},{"@type":"ListItem","position":2,"name":"Shop","item":"https:\/\/prismagamers.com\/hu\/shop\/"},{"@type":"ListItem","position":3,"name":"Cairn"}]},{"@type":"WebSite","@id":"https:\/\/prismagamers.com\/hu\/#website","url":"https:\/\/prismagamers.com\/hu\/","name":"Prismagamers","description":"Sklep z grami PC I Sklep klucze Steam","publisher":{"@id":"https:\/\/prismagamers.com\/hu\/#organization"},"potentialAction":[{"@type":"SearchAction","target":{"@type":"EntryPoint","urlTemplate":"https:\/\/prismagamers.com\/hu\/?s={search_term_string}"},"query-input":{"@type":"PropertyValueSpecification","valueRequired":true,"valueName":"search_term_string"}}],"inLanguage":"hu"},{"@type":"Organization","@id":"https:\/\/prismagamers.com\/hu\/#organization","name":"Prismagamers","url":"https:\/\/prismagamers.com\/hu\/","logo":{"@type":"ImageObject","inLanguage":"hu","@id":"https:\/\/prismagamers.com\/hu\/#\/schema\/logo\/image\/","url":"https:\/\/prismagamers.com\/wp-content\/uploads\/2022\/04\/cropped-logo-Prismagamers-01-scaled-1.jpg","contentUrl":"https:\/\/prismagamers.com\/wp-content\/uploads\/2022\/04\/cropped-logo-Prismagamers-01-scaled-1.jpg","width":512,"height":512,"caption":"Prismagamers"},"image":{"@id":"https:\/\/prismagamers.com\/hu\/#\/schema\/logo\/image\/"},"sameAs":["https:\/\/www.facebook.com\/prismagamers","https:\/\/www.instagram.com\/prismagamers_grycyfrowe\/"],"description":"Prismagamers.com to dynamiczny sklep z grami cyfrowymi, stworzony z my\u015bl\u0105 o entuzjastach gier wideo. Nasza strona oferuje szerok\u0105 gam\u0119 gier komputerowych, w tym najnowsze tytu\u0142y, dobrze znane klasyki oraz gry stworzone przez niezale\u017cne studia Ca\u0142y czas d\u0105\u017cymy do rozszerzenia naszej oferty. Do\u0142\u0105cz do nas i sta\u0144 si\u0119 cz\u0119\u015bci\u0105 naszej rosn\u0105cej spo\u0142eczno\u015bci graczy!","email":"shop@prismagamers.com","telephone":"48795541705","legalName":"East Caravan Maksym \u017bukow","foundingDate":"2012-05-10","vatID":"PL8943038612","taxID":"PL8943038612","numberOfEmployees":{"@type":"QuantitativeValue","minValue":"11","maxValue":"50"}}]}},"_links":{"self":[{"href":"https:\/\/prismagamers.com\/hu\/wp-json\/wp\/v2\/product\/48871","targetHints":{"allow":["GET"]}}],"collection":[{"href":"https:\/\/prismagamers.com\/hu\/wp-json\/wp\/v2\/product"}],"about":[{"href":"https:\/\/prismagamers.com\/hu\/wp-json\/wp\/v2\/types\/product"}],"wp:featuredmedia":[{"embeddable":true,"href":"https:\/\/prismagamers.com\/hu\/wp-json\/wp\/v2\/media\/48863"}],"wp:attachment":[{"href":"https:\/\/prismagamers.com\/hu\/wp-json\/wp\/v2\/media?parent=48871"}],"wp:term":[{"taxonomy":"product_brand","embeddable":true,"href":"https:\/\/prismagamers.com\/hu\/wp-json\/wp\/v2\/product_brand?post=48871"},{"taxonomy":"product_cat","embeddable":true,"href":"https:\/\/prismagamers.com\/hu\/wp-json\/wp\/v2\/product_cat?post=48871"},{"taxonomy":"product_tag","embeddable":true,"href":"https:\/\/prismagamers.com\/hu\/wp-json\/wp\/v2\/product_tag?post=48871"}],"curies":[{"name":"wp","href":"https:\/\/api.w.org\/{rel}","templated":true}]}}