{"id":49088,"date":"2026-01-21T20:54:51","date_gmt":"2026-01-21T19:54:51","guid":{"rendered":"https:\/\/prismagamers.com\/produkt\/il-2-sturmovik-battle-of-normandy\/"},"modified":"2026-03-04T01:23:44","modified_gmt":"2026-03-04T00:23:44","slug":"il-2-sturmovik-battle-of-normandy","status":"publish","type":"product","link":"https:\/\/prismagamers.com\/hu\/produkt\/il-2-sturmovik-battle-of-normandy\/","title":{"rendered":"IL-2 Sturmovik: Battle of Normandy<br>"},"content":{"rendered":"<p data-start=\"252\" data-end=\"621\"><strong data-start=\"252\" data-end=\"290\">Az IL-2 Sturmovik: Battle of Normandy<\/strong> a j\u00e1t\u00e9kosokat a sz\u00f6vets\u00e9gesek 1944 j\u00faniusi franciaorsz\u00e1gi inv\u00e1zi\u00f3j\u00e1t k\u00eds\u00e9r\u0151 l\u00e9gi harcok k\u00f6zep\u00e9be rep\u00edti. Ez a realisztikus m\u00e1sodik vil\u00e1gh\u00e1bor\u00fas rep\u00fcl\u00e9sszimul\u00e1tor \u00fajrasz\u00ednezi az <strong data-start=\"491\" data-end=\"512\">Overlord hadm\u0171velet<\/strong> dr\u00e1mai esem\u00e9nyeit, bemutatva a rep\u00fcl\u00e9s d\u00f6nt\u0151 szerep\u00e9t a normandiai partrasz\u00e1ll\u00e1s \u00e9s az azt k\u00f6vet\u0151 harcok sor\u00e1n a nyugati fronton. <\/p>\n<p data-start=\"623\" data-end=\"1032\">A j\u00e1t\u00e9kos az <strong data-start=\"652\" data-end=\"673\">amerikai hadsereg<\/strong> \u00e9s a <strong data-start=\"676\" data-end=\"695\">Kir\u00e1lyi L<\/strong>\u00e9gier\u0151 oldal\u00e1n \u00e1llhat, kihaszn\u00e1lva az Eur\u00f3pa feletti l\u00e9gi f\u00f6l\u00e9nyt, vagy a <strong data-start=\"772\" data-end=\"785\">Luftwaffe<\/strong> pil\u00f3t\u00e1j\u00e1nak szerep\u00e9be b\u00fajhat, aki k\u00e9ts\u00e9gbeesetten pr\u00f3b\u00e1lja meg\u00e1ll\u00edtani a sz\u00f6vets\u00e9gesek offenz\u00edv\u00e1j\u00e1t, \u00e9s visszaszor\u00edtani a megsz\u00e1ll\u00f3 er\u0151ket a La Manche-csatorn\u00e1ig. Az akci\u00f3 az inv\u00e1zi\u00f3 el\u0151k\u00e9sz\u00edt\u00e9s\u00e9t\u0151l annak v\u00e9grehajt\u00e1s\u00e1ig, valamint a partrasz\u00e1ll\u00e1sok fenntart\u00e1s\u00e1\u00e9rt \u00e9s Franciaorsz\u00e1g felszabad\u00edt\u00e1s\u00e1\u00e9rt folytatott k\u00e9s\u0151bbi harcokig tart. <\/p>\n<p data-start=\"1034\" data-end=\"1485\">A b\u0151v\u00edtm\u00e9ny Normandia hatalmas t\u00e9rk\u00e9p\u00e9t k\u00edn\u00e1lja, amely lefedi <strong data-start=\"1091\" data-end=\"1146\">D\u00e9l-Anglia \u00e9s \u00c9szaknyugat-Franciaorsz\u00e1g<\/strong> egyes r\u00e9szeit, m\u0171holdas adatok \u00e9s t\u00f6rt\u00e9nelmi forr\u00e1sok alapj\u00e1n h\u0171en felt\u00e9rk\u00e9pezve. T\u00f6bb mint <strong data-start=\"1246\" data-end=\"1275\">100 t\u00f6rt\u00e9nelmi rep\u00fcl\u0151teret<\/strong> tartalmaz, bele\u00e9rtve a sz\u00f6vets\u00e9gesek <strong data-start=\"1293\" data-end=\"1321\">el\u0151retolt lesz\u00e1ll\u00f3helyeit<\/strong>, valamint a lefoglalt \u00e9s \u00fajrahasznos\u00edtott n\u00e9met l\u00e9gib\u00e1zisokat. A terep az 1944 k\u00f6zep\u00e9n &#8211; az inv\u00e1zi\u00f3 el\u0151tt \u00e9s ut\u00e1n &#8211; uralkod\u00f3 val\u00f3s\u00e1gnak megfelel\u0151en lett felt\u00e9rk\u00e9pezve.  <\/p>\n<p data-start=\"1487\" data-end=\"1939\">A <strong data-start=\"1487\" data-end=\"1509\">Battle of Normandy<\/strong> <strong data-start=\"1518\" data-end=\"1546\">9 legend\u00e1s rep\u00fcl\u0151g\u00e9pet<\/strong> tartalmaz, k\u00f6zt\u00fck ikonikus sz\u00f6vets\u00e9ges \u00e9s n\u00e9met <strong data-start=\"1518\" data-end=\"1546\">rep\u00fcl\u0151g\u00e9peket<\/strong>, amelyeket az egy- \u00e9s t\u00f6bbj\u00e1t\u00e9kos m\u00f3dban haszn\u00e1lhatsz. A fejlett szimul\u00e1ci\u00f3s motor realisztikus aerodinamik\u00e1t, r\u00e9szletes s\u00e9r\u00fcl\u00e9smodellt, a fegyverzet h\u0171 reprodukci\u00f3j\u00e1t, valamint a pil\u00f3t\u00e1k t\u00falterhelts\u00e9g\u00e9nek \u00e9s f\u00e1radts\u00e1g\u00e1nak hat\u00e1sait biztos\u00edtja. A teljes 3D-s pil\u00f3taf\u00fclk\u00e9k \u00e9s a <strong data-start=\"1865\" data-end=\"1871\">VR-t\u00e1mogat\u00e1s<\/strong> a lehet\u0151 legmagasabb szinten \u00e1ll\u00edtja a j\u00e1t\u00e9kba val\u00f3 bele\u00e9l\u00e9st.  <\/p>\n<p data-start=\"1941\" data-end=\"2355\">A j\u00e1t\u00e9k t\u00f6bbf\u00e9le j\u00e1t\u00e9km\u00f3dot k\u00edn\u00e1l: a <strong data-start=\"1977\" data-end=\"2002\">Quick Mission Builder<\/strong> a gyors akci\u00f3hoz, az <strong data-start=\"2023\" data-end=\"2059\">Advanced Quick Mission<\/strong> Generator a bonyolult k\u00fcldet\u00e9sek gener\u00e1l\u00e1s\u00e1hoz, egy kiterjedt <strong data-start=\"2108\" data-end=\"2131\">pil\u00f3ta karrier m\u00f3d<\/strong> t\u00f6bb mint 100 t\u00f6rt\u00e9nelmi sz\u00e1zaddal, valamint teljes t\u00e1mogat\u00e1s a <strong data-start=\"2192\" data-end=\"2236\">kooperat\u00edv t\u00f6bbj\u00e1t\u00e9kos m\u00f3dhoz \u00e9s a dogfightokhoz<\/strong>. Ezen k\u00edv\u00fcl forgat\u00f3k\u00f6nyves k\u00fcldet\u00e9sek, sztorikamp\u00e1nyok \u00e9s hatalmas mennyis\u00e9g\u0171, k\u00f6z\u00f6ss\u00e9g \u00e1ltal k\u00e9sz\u00edtett tartalom \u00e1ll rendelkez\u00e9sre. <\/p>\n<p data-start=\"2357\" data-end=\"2668\">Az <strong data-start=\"2357\" data-end=\"2395\">IL-2 Sturmovik: Battle of Normandy<\/strong> a <strong data-start=\"2426\" data-end=\"2443\">Great Battles<\/strong> sorozat szerves r\u00e9sz\u00e9t k\u00e9pezi, \u00e9s a <strong data-start=\"2461\" data-end=\"2547\">Szt\u00e1lingr\u00e1di csata, a Moszkvai csata, a Kub\u00e1ni csata \u00e9s a Bodenplatte-i csata<\/strong> j\u00e1t\u00e9kokkal egy\u00fctt a PC-n el\u00e9rhet\u0151 egyik legteljesebb \u00e9s legrealisztikusabb m\u00e1sodik vil\u00e1gh\u00e1bor\u00fas pil\u00f3ta\u00e9lm\u00e9nyt ny\u00fajtja.<\/p>\n<p data-start=\"2670\" data-end=\"2698\"><strong data-start=\"2670\" data-end=\"2698\">A j\u00e1t\u00e9k f\u0151bb jellemz\u0151i:<\/strong><\/p>\n<ul data-start=\"2699\" data-end=\"3132\">\n<li data-start=\"2699\" data-end=\"2753\">\n<p data-start=\"2701\" data-end=\"2753\">Egy val\u00f3s\u00e1gh\u0171 II. vil\u00e1gh\u00e1bor\u00fas rep\u00fcl\u00e9sszimul\u00e1tor<\/p>\n<\/li>\n<li data-start=\"2754\" data-end=\"2810\">\n<p data-start=\"2756\" data-end=\"2810\">A normandiai partrasz\u00e1ll\u00e1s k\u00f6r\u00fcli l\u00e9gi hadj\u00e1rat (1944)<\/p>\n<\/li>\n<li data-start=\"2811\" data-end=\"2864\">\n<p data-start=\"2813\" data-end=\"2864\">9 legend\u00e1s sz\u00f6vets\u00e9ges \u00e9s n\u00e9met rep\u00fcl\u0151g\u00e9p<\/p>\n<\/li>\n<li data-start=\"2865\" data-end=\"2928\">\n<p data-start=\"2867\" data-end=\"2928\">Hatalmas t\u00e9rk\u00e9p Angli\u00e1r\u00f3l \u00e9s \u00c9szak-Franciaorsz\u00e1gr\u00f3l (t\u00f6bb mint 100 rep\u00fcl\u0151t\u00e9r)<\/p>\n<\/li>\n<li data-start=\"2929\" data-end=\"2987\">\n<p data-start=\"2931\" data-end=\"2987\">Fejlett rep\u00fcl\u00e9si fizika \u00e9s r\u00e9szletes s\u00e9r\u00fcl\u00e9smodell<\/p>\n<\/li>\n<li data-start=\"2988\" data-end=\"3037\">\n<p data-start=\"2990\" data-end=\"3037\">Tov\u00e1bbfejlesztett karrierpil\u00f3ta \u00e9s t\u00f6bbj\u00e1t\u00e9kos m\u00f3dok<\/p>\n<\/li>\n<li data-start=\"3038\" data-end=\"3084\">\n<p data-start=\"3040\" data-end=\"3084\">Teljes VR, TrackIR \u00e9s k\u00fcldet\u00e9sszerkeszt\u0151 t\u00e1mogat\u00e1s<\/p>\n<\/li>\n<li data-start=\"3085\" data-end=\"3132\">\n<p data-start=\"3087\" data-end=\"3132\">Akt\u00edv k\u00f6z\u00f6ss\u00e9g \u00e9s kiterjedt mod-t\u00e1mogat\u00e1s<\/p>\n<\/li>\n<\/ul>\n","protected":false},"excerpt":{"rendered":"<p>Az IL-2 Sturmovik: Battle of Normandy a j\u00e1t\u00e9kosokat a sz\u00f6vets\u00e9gesek 1944 j\u00faniusi franciaorsz\u00e1gi inv\u00e1zi\u00f3j\u00e1t k\u00eds\u00e9r\u0151 l\u00e9gi harcok k\u00f6zep\u00e9be rep\u00edti. Ez a realisztikus m\u00e1sodik vil\u00e1gh\u00e1bor\u00fas rep\u00fcl\u00e9sszimul\u00e1tor \u00fajrasz\u00ednezi az Overlord hadm\u0171velet dr\u00e1mai esem\u00e9nyeit, bemutatva a rep\u00fcl\u00e9s d\u00f6nt\u0151 szerep\u00e9t a normandiai partrasz\u00e1ll\u00e1s \u00e9s az azt k\u00f6vet\u0151 harcok sor\u00e1n a nyugati fronton. A j\u00e1t\u00e9kos az amerikai hadsereg \u00e9s a [&hellip;]<\/p>\n","protected":false},"featured_media":49078,"template":"","meta":{"_acf_changed":false,"site-sidebar-layout":"default","site-content-layout":"","ast-site-content-layout":"default","site-content-style":"default","site-sidebar-style":"default","ast-global-header-display":"","ast-banner-title-visibility":"","ast-main-header-display":"","ast-hfb-above-header-display":"","ast-hfb-below-header-display":"","ast-hfb-mobile-header-display":"","site-post-title":"","ast-breadcrumbs-content":"","ast-featured-img":"","footer-sml-layout":"","ast-disable-related-posts":"","theme-transparent-header-meta":"default","adv-header-id-meta":"","stick-header-meta":"","header-above-stick-meta":"","header-main-stick-meta":"","header-below-stick-meta":"","astra-migrate-meta-layouts":"default","ast-page-background-enabled":"default","ast-page-background-meta":{"desktop":{"background-color":"var(--ast-global-color-4)","background-image":"","background-repeat":"repeat","background-position":"center center","background-size":"auto","background-attachment":"scroll","background-type":"","background-media":"","overlay-type":"","overlay-color":"","overlay-opacity":"","overlay-gradient":""},"tablet":{"background-color":"","background-image":"","background-repeat":"repeat","background-position":"center center","background-size":"auto","background-attachment":"scroll","background-type":"","background-media":"","overlay-type":"","overlay-color":"","overlay-opacity":"","overlay-gradient":""},"mobile":{"background-color":"","background-image":"","background-repeat":"repeat","background-position":"center center","background-size":"auto","background-attachment":"scroll","background-type":"","background-media":"","overlay-type":"","overlay-color":"","overlay-opacity":"","overlay-gradient":""}},"ast-content-background-meta":{"desktop":{"background-color":"var(--ast-global-color-5)","background-image":"","background-repeat":"repeat","background-position":"center center","background-size":"auto","background-attachment":"scroll","background-type":"","background-media":"","overlay-type":"","overlay-color":"","overlay-opacity":"","overlay-gradient":""},"tablet":{"background-color":"var(--ast-global-color-5)","background-image":"","background-repeat":"repeat","background-position":"center center","background-size":"auto","background-attachment":"scroll","background-type":"","background-media":"","overlay-type":"","overlay-color":"","overlay-opacity":"","overlay-gradient":""},"mobile":{"background-color":"var(--ast-global-color-5)","background-image":"","background-repeat":"repeat","background-position":"center center","background-size":"auto","background-attachment":"scroll","background-type":"","background-media":"","overlay-type":"","overlay-color":"","overlay-opacity":"","overlay-gradient":""}}},"product_brand":[],"product_cat":[369,394,368,737,365,372,367],"product_tag":[],"class_list":{"0":"post-49088","1":"product","2":"type-product","3":"status-publish","4":"has-post-thumbnail","6":"product_cat-csarnokok","7":"product_cat-digitalis-jatekok","8":"product_cat-dlc-hu","9":"product_cat-for-games-cr-ltd-hu","10":"product_cat-goz","11":"product_cat-jatekok-szimulatorok","12":"product_cat-pc-jatekok","13":"desktop-align-left","14":"tablet-align-left","15":"mobile-align-left","17":"first","18":"instock","19":"shipping-taxable","20":"purchasable","21":"product-type-simple"},"acf":[],"yoast_head":"<!-- This site is optimized with the Yoast SEO Premium plugin v27.5 (Yoast SEO v27.5) - https:\/\/yoast.com\/product\/yoast-seo-premium-wordpress\/ -->\n<title>IL-2 Sturmovik: Battle of Normandy - Prismagamers.com<\/title>\n<meta name=\"description\" content=\"Az IL-2 Sturmovik: Battle of Normandy a j\u00e1t\u00e9kosokat a sz\u00f6vets\u00e9gesek 1944 j\u00faniusi franciaorsz\u00e1gi inv\u00e1zi\u00f3j\u00e1t k\u00eds\u00e9r\u0151 l\u00e9gi harcok k\u00f6zep\u00e9be rep\u00edti. Ez a\" \/>\n<meta name=\"robots\" content=\"index, follow, max-snippet:-1, max-image-preview:large, max-video-preview:-1\" \/>\n<link rel=\"canonical\" href=\"https:\/\/prismagamers.com\/hu\/produkt\/il-2-sturmovik-battle-of-normandy\/\" \/>\n<meta property=\"og:locale\" content=\"hu_HU\" \/>\n<meta property=\"og:type\" content=\"article\" \/>\n<meta property=\"og:title\" content=\"IL-2 Sturmovik: Battle of Normandy\" \/>\n<meta property=\"og:description\" content=\"Az IL-2 Sturmovik: Battle of Normandy a j\u00e1t\u00e9kosokat a sz\u00f6vets\u00e9gesek 1944 j\u00faniusi franciaorsz\u00e1gi inv\u00e1zi\u00f3j\u00e1t k\u00eds\u00e9r\u0151 l\u00e9gi harcok k\u00f6zep\u00e9be rep\u00edti. Ez a\" \/>\n<meta property=\"og:url\" content=\"https:\/\/prismagamers.com\/hu\/produkt\/il-2-sturmovik-battle-of-normandy\/\" \/>\n<meta property=\"og:site_name\" content=\"Prismagamers.com\" \/>\n<meta property=\"article:publisher\" content=\"https:\/\/www.facebook.com\/prismagamers\" \/>\n<meta property=\"article:modified_time\" content=\"2026-03-04T00:23:44+00:00\" \/>\n<meta property=\"og:image\" content=\"https:\/\/prismagamers.com\/wp-content\/uploads\/2026\/01\/twk_zVxS_yVXKtYXD1Cn7p2zJU-t9kqEtjeUPIjuHcI.jpg\" \/>\n\t<meta property=\"og:image:width\" content=\"374\" \/>\n\t<meta property=\"og:image:height\" content=\"448\" \/>\n\t<meta property=\"og:image:type\" content=\"image\/jpeg\" \/>\n<meta name=\"twitter:card\" content=\"summary_large_image\" \/>\n<meta name=\"twitter:label1\" content=\"Becs\u00fclt olvas\u00e1si id\u0151\" \/>\n\t<meta name=\"twitter:data1\" content=\"3 perc\" \/>\n<script type=\"application\/ld+json\" class=\"yoast-schema-graph\">{\"@context\":\"https:\\\/\\\/schema.org\",\"@graph\":[{\"@type\":\"WebPage\",\"@id\":\"https:\\\/\\\/prismagamers.com\\\/hu\\\/produkt\\\/il-2-sturmovik-battle-of-normandy\\\/\",\"url\":\"https:\\\/\\\/prismagamers.com\\\/hu\\\/produkt\\\/il-2-sturmovik-battle-of-normandy\\\/\",\"name\":\"IL-2 Sturmovik: Battle of Normandy - Prismagamers.com\",\"isPartOf\":{\"@id\":\"https:\\\/\\\/prismagamers.com\\\/hu\\\/#website\"},\"primaryImageOfPage\":{\"@id\":\"https:\\\/\\\/prismagamers.com\\\/hu\\\/produkt\\\/il-2-sturmovik-battle-of-normandy\\\/#primaryimage\"},\"image\":{\"@id\":\"https:\\\/\\\/prismagamers.com\\\/hu\\\/produkt\\\/il-2-sturmovik-battle-of-normandy\\\/#primaryimage\"},\"thumbnailUrl\":\"https:\\\/\\\/prismagamers.com\\\/wp-content\\\/uploads\\\/2026\\\/01\\\/twk_zVxS_yVXKtYXD1Cn7p2zJU-t9kqEtjeUPIjuHcI.jpg\",\"datePublished\":\"2026-01-21T19:54:51+00:00\",\"dateModified\":\"2026-03-04T00:23:44+00:00\",\"description\":\"Az IL-2 Sturmovik: Battle of Normandy a j\u00e1t\u00e9kosokat a sz\u00f6vets\u00e9gesek 1944 j\u00faniusi franciaorsz\u00e1gi inv\u00e1zi\u00f3j\u00e1t k\u00eds\u00e9r\u0151 l\u00e9gi harcok k\u00f6zep\u00e9be rep\u00edti. Ez a\",\"breadcrumb\":{\"@id\":\"https:\\\/\\\/prismagamers.com\\\/hu\\\/produkt\\\/il-2-sturmovik-battle-of-normandy\\\/#breadcrumb\"},\"inLanguage\":\"hu\",\"potentialAction\":[{\"@type\":\"ReadAction\",\"target\":[\"https:\\\/\\\/prismagamers.com\\\/hu\\\/produkt\\\/il-2-sturmovik-battle-of-normandy\\\/\"]}]},{\"@type\":\"ImageObject\",\"inLanguage\":\"hu\",\"@id\":\"https:\\\/\\\/prismagamers.com\\\/hu\\\/produkt\\\/il-2-sturmovik-battle-of-normandy\\\/#primaryimage\",\"url\":\"https:\\\/\\\/prismagamers.com\\\/wp-content\\\/uploads\\\/2026\\\/01\\\/twk_zVxS_yVXKtYXD1Cn7p2zJU-t9kqEtjeUPIjuHcI.jpg\",\"contentUrl\":\"https:\\\/\\\/prismagamers.com\\\/wp-content\\\/uploads\\\/2026\\\/01\\\/twk_zVxS_yVXKtYXD1Cn7p2zJU-t9kqEtjeUPIjuHcI.jpg\",\"width\":374,\"height\":448},{\"@type\":\"BreadcrumbList\",\"@id\":\"https:\\\/\\\/prismagamers.com\\\/hu\\\/produkt\\\/il-2-sturmovik-battle-of-normandy\\\/#breadcrumb\",\"itemListElement\":[{\"@type\":\"ListItem\",\"position\":1,\"name\":\"Strona g\u0142\u00f3wna\",\"item\":\"https:\\\/\\\/prismagamers.com\\\/hu\\\/prismagamers\\\/\"},{\"@type\":\"ListItem\",\"position\":2,\"name\":\"Shop\",\"item\":\"https:\\\/\\\/prismagamers.com\\\/hu\\\/shop\\\/\"},{\"@type\":\"ListItem\",\"position\":3,\"name\":\"IL-2 Sturmovik: Battle of Normandy\"}]},{\"@type\":\"WebSite\",\"@id\":\"https:\\\/\\\/prismagamers.com\\\/hu\\\/#website\",\"url\":\"https:\\\/\\\/prismagamers.com\\\/hu\\\/\",\"name\":\"Prismagamers\",\"description\":\"Sklep z grami PC I Sklep klucze Steam\",\"publisher\":{\"@id\":\"https:\\\/\\\/prismagamers.com\\\/hu\\\/#organization\"},\"potentialAction\":[{\"@type\":\"SearchAction\",\"target\":{\"@type\":\"EntryPoint\",\"urlTemplate\":\"https:\\\/\\\/prismagamers.com\\\/hu\\\/?s={search_term_string}\"},\"query-input\":{\"@type\":\"PropertyValueSpecification\",\"valueRequired\":true,\"valueName\":\"search_term_string\"}}],\"inLanguage\":\"hu\"},{\"@type\":\"Organization\",\"@id\":\"https:\\\/\\\/prismagamers.com\\\/hu\\\/#organization\",\"name\":\"Prismagamers\",\"url\":\"https:\\\/\\\/prismagamers.com\\\/hu\\\/\",\"logo\":{\"@type\":\"ImageObject\",\"inLanguage\":\"hu\",\"@id\":\"https:\\\/\\\/prismagamers.com\\\/hu\\\/#\\\/schema\\\/logo\\\/image\\\/\",\"url\":\"https:\\\/\\\/prismagamers.com\\\/wp-content\\\/uploads\\\/2022\\\/04\\\/cropped-logo-Prismagamers-01-scaled-1.jpg\",\"contentUrl\":\"https:\\\/\\\/prismagamers.com\\\/wp-content\\\/uploads\\\/2022\\\/04\\\/cropped-logo-Prismagamers-01-scaled-1.jpg\",\"width\":512,\"height\":512,\"caption\":\"Prismagamers\"},\"image\":{\"@id\":\"https:\\\/\\\/prismagamers.com\\\/hu\\\/#\\\/schema\\\/logo\\\/image\\\/\"},\"sameAs\":[\"https:\\\/\\\/www.facebook.com\\\/prismagamers\",\"https:\\\/\\\/www.instagram.com\\\/prismagamers_grycyfrowe\\\/\"],\"description\":\"Prismagamers.com to dynamiczny sklep z grami cyfrowymi, stworzony z my\u015bl\u0105 o entuzjastach gier wideo. Nasza strona oferuje szerok\u0105 gam\u0119 gier komputerowych, w tym najnowsze tytu\u0142y, dobrze znane klasyki oraz gry stworzone przez niezale\u017cne studia Ca\u0142y czas d\u0105\u017cymy do rozszerzenia naszej oferty. Do\u0142\u0105cz do nas i sta\u0144 si\u0119 cz\u0119\u015bci\u0105 naszej rosn\u0105cej spo\u0142eczno\u015bci graczy!\",\"email\":\"shop@prismagamers.com\",\"telephone\":\"48795541705\",\"legalName\":\"East Caravan Maksym \u017bukow\",\"foundingDate\":\"2012-05-10\",\"vatID\":\"PL8943038612\",\"taxID\":\"PL8943038612\",\"numberOfEmployees\":{\"@type\":\"QuantitativeValue\",\"minValue\":\"11\",\"maxValue\":\"50\"}}]}<\/script>\n<!-- \/ Yoast SEO Premium plugin. -->","yoast_head_json":{"title":"IL-2 Sturmovik: Battle of Normandy - Prismagamers.com","description":"Az IL-2 Sturmovik: Battle of Normandy a j\u00e1t\u00e9kosokat a sz\u00f6vets\u00e9gesek 1944 j\u00faniusi franciaorsz\u00e1gi inv\u00e1zi\u00f3j\u00e1t k\u00eds\u00e9r\u0151 l\u00e9gi harcok k\u00f6zep\u00e9be rep\u00edti. Ez a","robots":{"index":"index","follow":"follow","max-snippet":"max-snippet:-1","max-image-preview":"max-image-preview:large","max-video-preview":"max-video-preview:-1"},"canonical":"https:\/\/prismagamers.com\/hu\/produkt\/il-2-sturmovik-battle-of-normandy\/","og_locale":"hu_HU","og_type":"article","og_title":"IL-2 Sturmovik: Battle of Normandy","og_description":"Az IL-2 Sturmovik: Battle of Normandy a j\u00e1t\u00e9kosokat a sz\u00f6vets\u00e9gesek 1944 j\u00faniusi franciaorsz\u00e1gi inv\u00e1zi\u00f3j\u00e1t k\u00eds\u00e9r\u0151 l\u00e9gi harcok k\u00f6zep\u00e9be rep\u00edti. Ez a","og_url":"https:\/\/prismagamers.com\/hu\/produkt\/il-2-sturmovik-battle-of-normandy\/","og_site_name":"Prismagamers.com","article_publisher":"https:\/\/www.facebook.com\/prismagamers","article_modified_time":"2026-03-04T00:23:44+00:00","og_image":[{"width":374,"height":448,"url":"https:\/\/prismagamers.com\/wp-content\/uploads\/2026\/01\/twk_zVxS_yVXKtYXD1Cn7p2zJU-t9kqEtjeUPIjuHcI.jpg","type":"image\/jpeg"}],"twitter_card":"summary_large_image","twitter_misc":{"Becs\u00fclt olvas\u00e1si id\u0151":"3 perc"},"schema":{"@context":"https:\/\/schema.org","@graph":[{"@type":"WebPage","@id":"https:\/\/prismagamers.com\/hu\/produkt\/il-2-sturmovik-battle-of-normandy\/","url":"https:\/\/prismagamers.com\/hu\/produkt\/il-2-sturmovik-battle-of-normandy\/","name":"IL-2 Sturmovik: Battle of Normandy - Prismagamers.com","isPartOf":{"@id":"https:\/\/prismagamers.com\/hu\/#website"},"primaryImageOfPage":{"@id":"https:\/\/prismagamers.com\/hu\/produkt\/il-2-sturmovik-battle-of-normandy\/#primaryimage"},"image":{"@id":"https:\/\/prismagamers.com\/hu\/produkt\/il-2-sturmovik-battle-of-normandy\/#primaryimage"},"thumbnailUrl":"https:\/\/prismagamers.com\/wp-content\/uploads\/2026\/01\/twk_zVxS_yVXKtYXD1Cn7p2zJU-t9kqEtjeUPIjuHcI.jpg","datePublished":"2026-01-21T19:54:51+00:00","dateModified":"2026-03-04T00:23:44+00:00","description":"Az IL-2 Sturmovik: Battle of Normandy a j\u00e1t\u00e9kosokat a sz\u00f6vets\u00e9gesek 1944 j\u00faniusi franciaorsz\u00e1gi inv\u00e1zi\u00f3j\u00e1t k\u00eds\u00e9r\u0151 l\u00e9gi harcok k\u00f6zep\u00e9be rep\u00edti. Ez a","breadcrumb":{"@id":"https:\/\/prismagamers.com\/hu\/produkt\/il-2-sturmovik-battle-of-normandy\/#breadcrumb"},"inLanguage":"hu","potentialAction":[{"@type":"ReadAction","target":["https:\/\/prismagamers.com\/hu\/produkt\/il-2-sturmovik-battle-of-normandy\/"]}]},{"@type":"ImageObject","inLanguage":"hu","@id":"https:\/\/prismagamers.com\/hu\/produkt\/il-2-sturmovik-battle-of-normandy\/#primaryimage","url":"https:\/\/prismagamers.com\/wp-content\/uploads\/2026\/01\/twk_zVxS_yVXKtYXD1Cn7p2zJU-t9kqEtjeUPIjuHcI.jpg","contentUrl":"https:\/\/prismagamers.com\/wp-content\/uploads\/2026\/01\/twk_zVxS_yVXKtYXD1Cn7p2zJU-t9kqEtjeUPIjuHcI.jpg","width":374,"height":448},{"@type":"BreadcrumbList","@id":"https:\/\/prismagamers.com\/hu\/produkt\/il-2-sturmovik-battle-of-normandy\/#breadcrumb","itemListElement":[{"@type":"ListItem","position":1,"name":"Strona g\u0142\u00f3wna","item":"https:\/\/prismagamers.com\/hu\/prismagamers\/"},{"@type":"ListItem","position":2,"name":"Shop","item":"https:\/\/prismagamers.com\/hu\/shop\/"},{"@type":"ListItem","position":3,"name":"IL-2 Sturmovik: Battle of Normandy"}]},{"@type":"WebSite","@id":"https:\/\/prismagamers.com\/hu\/#website","url":"https:\/\/prismagamers.com\/hu\/","name":"Prismagamers","description":"Sklep z grami PC I Sklep klucze Steam","publisher":{"@id":"https:\/\/prismagamers.com\/hu\/#organization"},"potentialAction":[{"@type":"SearchAction","target":{"@type":"EntryPoint","urlTemplate":"https:\/\/prismagamers.com\/hu\/?s={search_term_string}"},"query-input":{"@type":"PropertyValueSpecification","valueRequired":true,"valueName":"search_term_string"}}],"inLanguage":"hu"},{"@type":"Organization","@id":"https:\/\/prismagamers.com\/hu\/#organization","name":"Prismagamers","url":"https:\/\/prismagamers.com\/hu\/","logo":{"@type":"ImageObject","inLanguage":"hu","@id":"https:\/\/prismagamers.com\/hu\/#\/schema\/logo\/image\/","url":"https:\/\/prismagamers.com\/wp-content\/uploads\/2022\/04\/cropped-logo-Prismagamers-01-scaled-1.jpg","contentUrl":"https:\/\/prismagamers.com\/wp-content\/uploads\/2022\/04\/cropped-logo-Prismagamers-01-scaled-1.jpg","width":512,"height":512,"caption":"Prismagamers"},"image":{"@id":"https:\/\/prismagamers.com\/hu\/#\/schema\/logo\/image\/"},"sameAs":["https:\/\/www.facebook.com\/prismagamers","https:\/\/www.instagram.com\/prismagamers_grycyfrowe\/"],"description":"Prismagamers.com to dynamiczny sklep z grami cyfrowymi, stworzony z my\u015bl\u0105 o entuzjastach gier wideo. Nasza strona oferuje szerok\u0105 gam\u0119 gier komputerowych, w tym najnowsze tytu\u0142y, dobrze znane klasyki oraz gry stworzone przez niezale\u017cne studia Ca\u0142y czas d\u0105\u017cymy do rozszerzenia naszej oferty. Do\u0142\u0105cz do nas i sta\u0144 si\u0119 cz\u0119\u015bci\u0105 naszej rosn\u0105cej spo\u0142eczno\u015bci graczy!","email":"shop@prismagamers.com","telephone":"48795541705","legalName":"East Caravan Maksym \u017bukow","foundingDate":"2012-05-10","vatID":"PL8943038612","taxID":"PL8943038612","numberOfEmployees":{"@type":"QuantitativeValue","minValue":"11","maxValue":"50"}}]}},"_links":{"self":[{"href":"https:\/\/prismagamers.com\/hu\/wp-json\/wp\/v2\/product\/49088","targetHints":{"allow":["GET"]}}],"collection":[{"href":"https:\/\/prismagamers.com\/hu\/wp-json\/wp\/v2\/product"}],"about":[{"href":"https:\/\/prismagamers.com\/hu\/wp-json\/wp\/v2\/types\/product"}],"wp:featuredmedia":[{"embeddable":true,"href":"https:\/\/prismagamers.com\/hu\/wp-json\/wp\/v2\/media\/49078"}],"wp:attachment":[{"href":"https:\/\/prismagamers.com\/hu\/wp-json\/wp\/v2\/media?parent=49088"}],"wp:term":[{"taxonomy":"product_brand","embeddable":true,"href":"https:\/\/prismagamers.com\/hu\/wp-json\/wp\/v2\/product_brand?post=49088"},{"taxonomy":"product_cat","embeddable":true,"href":"https:\/\/prismagamers.com\/hu\/wp-json\/wp\/v2\/product_cat?post=49088"},{"taxonomy":"product_tag","embeddable":true,"href":"https:\/\/prismagamers.com\/hu\/wp-json\/wp\/v2\/product_tag?post=49088"}],"curies":[{"name":"wp","href":"https:\/\/api.w.org\/{rel}","templated":true}]}}