{"id":50429,"date":"2026-02-23T13:23:10","date_gmt":"2026-02-23T12:23:10","guid":{"rendered":"https:\/\/prismagamers.com\/produkt\/paradise-lost\/"},"modified":"2026-03-04T01:23:46","modified_gmt":"2026-03-04T00:23:46","slug":"paradise-lost","status":"publish","type":"product","link":"https:\/\/prismagamers.com\/hu\/produkt\/paradise-lost\/","title":{"rendered":"Paradise Lost<br><br>"},"content":{"rendered":"<p data-start=\"22\" data-end=\"386\">A m\u00e1sodik vil\u00e1gh\u00e1bor\u00fa alternat\u00edv t\u00f6rt\u00e9net\u00e9ben a konfliktus tov\u00e1bbi 20 \u00e9vig tartott, \u00e9s Eur\u00f3pa nukle\u00e1ris megsemmis\u00edt\u00e9s\u00e9vel v\u00e9gz\u0151d\u00f6tt. Ahogy a n\u00e1ci rak\u00e9t\u00e1k a kontinensre zuhantak, Eur\u00f3pa sz\u00edve radioakt\u00edv csendbe borult. A posztapokaliptikus Lengyelorsz\u00e1g e s\u00f6t\u00e9t v\u00edzi\u00f3j\u00e1ban egy megind\u00edt\u00f3 kalandos szerepj\u00e1t\u00e9k veszi kezdet\u00e9t, amely a felfedez\u00e9s \u00e9s a pszichol\u00f3giai elbesz\u00e9l\u00e9s elemeit tartalmazza.  <\/p>\n<p data-start=\"388\" data-end=\"732\">Simon &#8211; egy 12 \u00e9ves fi\u00fa &#8211; szerep\u00e9t veszed \u00e1t, aki \u00e9desanyja hal\u00e1la ut\u00e1n egy lepusztult, fert\u0151z\u00f6tt ter\u00fcleten bolyong, hogy megkeressen egy titokzatos f\u00e9rfit egy r\u00e9gi f\u00e9nyk\u00e9pen. Bolyong\u00e1sa sor\u00e1n felfedez egy hatalmas, retrofuturisztikus n\u00e1ci bunkert &#8211; egy helyet, ahol a fejlett ipari technol\u00f3gia \u00f6sszefon\u00f3dik a szl\u00e1v pog\u00e1nys\u00e1g szimbolik\u00e1j\u00e1val. <\/p>\n<p data-start=\"734\" data-end=\"1009\">Ereszkedjen le egy m\u00e9lyen a f\u00f6ld al\u00e1 rejtett f\u00f6ldalatti v\u00e1rosba, \u00e9s fedezze fel annak t\u00f6rt\u00e9net\u00e9t: a lengyel ellen\u00e1ll\u00e1s hatalom\u00e1tv\u00e9tel\u00e9t, a lakosok \u00e9let\u00e9t \u00e9s v\u00e9gs\u0151 sorsukat. Fedezd fel a klausztrof\u00f3b folyos\u00f3kat, oldj meg k\u00f6rnyezeti rejtv\u00e9nyeket, \u00e9s ismerd meg a romok k\u00f6z\u00f6tt rejt\u0151z\u0151 t\u00f6rt\u00e9net t\u00f6red\u00e9keit. <\/p>\n<p data-start=\"1011\" data-end=\"1312\">A bunker mag\u00e1ny\u00e1ban Simon kapcsolatba l\u00e9p egy Eve nev\u0171 titokzatos l\u00e1nnyal, aki egy r\u00e9gi technol\u00f3giai infrastrukt\u00far\u00e1n kereszt\u00fcl kommunik\u00e1l vele. Tal\u00e1n ismeri a f\u00e9rfit a f\u00e9nyk\u00e9pr\u0151l. Tal\u00e1n \u0151 a kulcs az igazs\u00e1ghoz. Vagy tal\u00e1n \u0151 az egyetlen szem\u00e9ly, aki biztos\u00edtja, hogy a fi\u00fa t\u00f6bb\u00e9 nincs egyed\u00fcl.   <\/p>\n<p data-start=\"1314\" data-end=\"1481\">Ez egy hangulatos kalandj\u00e1t\u00e9k egy poszt-apo val\u00f3s\u00e1gban, amely \u00f6tv\u00f6zi az alternat\u00edv t\u00f6rt\u00e9nelmet, a bunkerek felfedez\u00e9s\u00e9t, a rejt\u00e9lyt \u00e9s a vesztes\u00e9g, a rem\u00e9ny \u00e9s a t\u00fal\u00e9l\u00e9s \u00e9rzelmes t\u00f6rt\u00e9net\u00e9t.<\/p>\n","protected":false},"excerpt":{"rendered":"<p>Egy poszt-apokaliptikus kalandj\u00e1t\u00e9k, amely egy nukle\u00e1risan elpuszt\u00edtott Lengyelorsz\u00e1gban j\u00e1tsz\u00f3dik. Vedd \u00e1t a 12 \u00e9ves Simon szerep\u00e9t, fedezz fel egy titokzatos n\u00e1ci bunkert, \u00e9s ismerd meg a benne lak\u00f3k t\u00f6rt\u00e9net\u00e9t, mik\u00f6zben v\u00e1laszokat keresel a m\u00falt k\u00e9rd\u00e9seire. S\u00f6t\u00e9t hangulat, alternat\u00edv t\u00f6rt\u00e9nelem \u00e9s egy \u00e9rzelmes t\u00f6rt\u00e9net a mag\u00e1nyr\u00f3l \u00e9s a rem\u00e9nyr\u0151l.  <\/p>\n","protected":false},"featured_media":50422,"template":"","meta":{"_acf_changed":false,"site-sidebar-layout":"default","site-content-layout":"","ast-site-content-layout":"default","site-content-style":"default","site-sidebar-style":"default","ast-global-header-display":"","ast-banner-title-visibility":"","ast-main-header-display":"","ast-hfb-above-header-display":"","ast-hfb-below-header-display":"","ast-hfb-mobile-header-display":"","site-post-title":"","ast-breadcrumbs-content":"","ast-featured-img":"","footer-sml-layout":"","ast-disable-related-posts":"","theme-transparent-header-meta":"default","adv-header-id-meta":"","stick-header-meta":"","header-above-stick-meta":"","header-main-stick-meta":"","header-below-stick-meta":"","astra-migrate-meta-layouts":"default","ast-page-background-enabled":"default","ast-page-background-meta":{"desktop":{"background-color":"var(--ast-global-color-4)","background-image":"","background-repeat":"repeat","background-position":"center center","background-size":"auto","background-attachment":"scroll","background-type":"","background-media":"","overlay-type":"","overlay-color":"","overlay-opacity":"","overlay-gradient":""},"tablet":{"background-color":"","background-image":"","background-repeat":"repeat","background-position":"center center","background-size":"auto","background-attachment":"scroll","background-type":"","background-media":"","overlay-type":"","overlay-color":"","overlay-opacity":"","overlay-gradient":""},"mobile":{"background-color":"","background-image":"","background-repeat":"repeat","background-position":"center center","background-size":"auto","background-attachment":"scroll","background-type":"","background-media":"","overlay-type":"","overlay-color":"","overlay-opacity":"","overlay-gradient":""}},"ast-content-background-meta":{"desktop":{"background-color":"var(--ast-global-color-5)","background-image":"","background-repeat":"repeat","background-position":"center center","background-size":"auto","background-attachment":"scroll","background-type":"","background-media":"","overlay-type":"","overlay-color":"","overlay-opacity":"","overlay-gradient":""},"tablet":{"background-color":"var(--ast-global-color-5)","background-image":"","background-repeat":"repeat","background-position":"center center","background-size":"auto","background-attachment":"scroll","background-type":"","background-media":"","overlay-type":"","overlay-color":"","overlay-opacity":"","overlay-gradient":""},"mobile":{"background-color":"var(--ast-global-color-5)","background-image":"","background-repeat":"repeat","background-position":"center center","background-size":"auto","background-attachment":"scroll","background-type":"","background-media":"","overlay-type":"","overlay-color":"","overlay-opacity":"","overlay-gradient":""}}},"product_brand":[],"product_cat":[369,365,372,363,747],"product_tag":[],"class_list":{"0":"post-50429","1":"product","2":"type-product","3":"status-publish","4":"has-post-thumbnail","6":"product_cat-csarnokok","7":"product_cat-goz","8":"product_cat-jatekok-szimulatorok","9":"product_cat-kaland-jatekok","10":"product_cat-walkabout","11":"desktop-align-left","12":"tablet-align-left","13":"mobile-align-left","15":"first","16":"instock","17":"shipping-taxable","18":"purchasable","19":"product-type-simple"},"acf":[],"yoast_head":"<!-- This site is optimized with the Yoast SEO Premium plugin v27.5 (Yoast SEO v27.5) - https:\/\/yoast.com\/product\/yoast-seo-premium-wordpress\/ -->\n<title>Paradise Lost - Prismagamers.com<\/title>\n<meta name=\"description\" content=\"Egy poszt-apokaliptikus kalandj\u00e1t\u00e9k, amely egy nukle\u00e1risan elpuszt\u00edtott Lengyelorsz\u00e1gban j\u00e1tsz\u00f3dik. Vedd \u00e1t a 12 \u00e9ves Simon szerep\u00e9t, fedezz fel egy titokzatos n\u00e1ci bunkert, \u00e9s ismerd meg a benne lak\u00f3k t\u00f6rt\u00e9net\u00e9t, mik\u00f6zben v\u00e1laszokat keresel a m\u00falt k\u00e9rd\u00e9seire. S\u00f6t\u00e9t hangulat, alternat\u00edv t\u00f6rt\u00e9nelem \u00e9s egy \u00e9rzelmes t\u00f6rt\u00e9net a mag\u00e1nyr\u00f3l \u00e9s a rem\u00e9nyr\u0151l.\" \/>\n<meta name=\"robots\" content=\"index, follow, max-snippet:-1, max-image-preview:large, max-video-preview:-1\" \/>\n<link rel=\"canonical\" href=\"https:\/\/prismagamers.com\/hu\/produkt\/paradise-lost\/\" \/>\n<meta property=\"og:locale\" content=\"hu_HU\" \/>\n<meta property=\"og:type\" content=\"article\" \/>\n<meta property=\"og:title\" content=\"Paradise Lost\" \/>\n<meta property=\"og:description\" content=\"Egy poszt-apokaliptikus kalandj\u00e1t\u00e9k, amely egy nukle\u00e1risan elpuszt\u00edtott Lengyelorsz\u00e1gban j\u00e1tsz\u00f3dik. Vedd \u00e1t a 12 \u00e9ves Simon szerep\u00e9t, fedezz fel egy titokzatos n\u00e1ci bunkert, \u00e9s ismerd meg a benne lak\u00f3k t\u00f6rt\u00e9net\u00e9t, mik\u00f6zben v\u00e1laszokat keresel a m\u00falt k\u00e9rd\u00e9seire. S\u00f6t\u00e9t hangulat, alternat\u00edv t\u00f6rt\u00e9nelem \u00e9s egy \u00e9rzelmes t\u00f6rt\u00e9net a mag\u00e1nyr\u00f3l \u00e9s a rem\u00e9nyr\u0151l.\" \/>\n<meta property=\"og:url\" content=\"https:\/\/prismagamers.com\/hu\/produkt\/paradise-lost\/\" \/>\n<meta property=\"og:site_name\" content=\"Prismagamers.com\" \/>\n<meta property=\"article:publisher\" content=\"https:\/\/www.facebook.com\/prismagamers\" \/>\n<meta property=\"article:modified_time\" content=\"2026-03-04T00:23:46+00:00\" \/>\n<meta property=\"og:image\" content=\"https:\/\/prismagamers.com\/wp-content\/uploads\/2026\/02\/library_600x900.jpg\" \/>\n\t<meta property=\"og:image:width\" content=\"300\" \/>\n\t<meta property=\"og:image:height\" content=\"450\" \/>\n\t<meta property=\"og:image:type\" content=\"image\/jpeg\" \/>\n<meta name=\"twitter:card\" content=\"summary_large_image\" \/>\n<meta name=\"twitter:label1\" content=\"Becs\u00fclt olvas\u00e1si id\u0151\" \/>\n\t<meta name=\"twitter:data1\" content=\"2 perc\" \/>\n<script type=\"application\/ld+json\" class=\"yoast-schema-graph\">{\"@context\":\"https:\\\/\\\/schema.org\",\"@graph\":[{\"@type\":\"WebPage\",\"@id\":\"https:\\\/\\\/prismagamers.com\\\/hu\\\/produkt\\\/paradise-lost\\\/\",\"url\":\"https:\\\/\\\/prismagamers.com\\\/hu\\\/produkt\\\/paradise-lost\\\/\",\"name\":\"Paradise Lost - Prismagamers.com\",\"isPartOf\":{\"@id\":\"https:\\\/\\\/prismagamers.com\\\/hu\\\/#website\"},\"primaryImageOfPage\":{\"@id\":\"https:\\\/\\\/prismagamers.com\\\/hu\\\/produkt\\\/paradise-lost\\\/#primaryimage\"},\"image\":{\"@id\":\"https:\\\/\\\/prismagamers.com\\\/hu\\\/produkt\\\/paradise-lost\\\/#primaryimage\"},\"thumbnailUrl\":\"https:\\\/\\\/prismagamers.com\\\/wp-content\\\/uploads\\\/2026\\\/02\\\/library_600x900.jpg\",\"datePublished\":\"2026-02-23T12:23:10+00:00\",\"dateModified\":\"2026-03-04T00:23:46+00:00\",\"description\":\"Egy poszt-apokaliptikus kalandj\u00e1t\u00e9k, amely egy nukle\u00e1risan elpuszt\u00edtott Lengyelorsz\u00e1gban j\u00e1tsz\u00f3dik. Vedd \u00e1t a 12 \u00e9ves Simon szerep\u00e9t, fedezz fel egy titokzatos n\u00e1ci bunkert, \u00e9s ismerd meg a benne lak\u00f3k t\u00f6rt\u00e9net\u00e9t, mik\u00f6zben v\u00e1laszokat keresel a m\u00falt k\u00e9rd\u00e9seire. S\u00f6t\u00e9t hangulat, alternat\u00edv t\u00f6rt\u00e9nelem \u00e9s egy \u00e9rzelmes t\u00f6rt\u00e9net a mag\u00e1nyr\u00f3l \u00e9s a rem\u00e9nyr\u0151l.\",\"breadcrumb\":{\"@id\":\"https:\\\/\\\/prismagamers.com\\\/hu\\\/produkt\\\/paradise-lost\\\/#breadcrumb\"},\"inLanguage\":\"hu\",\"potentialAction\":[{\"@type\":\"ReadAction\",\"target\":[\"https:\\\/\\\/prismagamers.com\\\/hu\\\/produkt\\\/paradise-lost\\\/\"]}]},{\"@type\":\"ImageObject\",\"inLanguage\":\"hu\",\"@id\":\"https:\\\/\\\/prismagamers.com\\\/hu\\\/produkt\\\/paradise-lost\\\/#primaryimage\",\"url\":\"https:\\\/\\\/prismagamers.com\\\/wp-content\\\/uploads\\\/2026\\\/02\\\/library_600x900.jpg\",\"contentUrl\":\"https:\\\/\\\/prismagamers.com\\\/wp-content\\\/uploads\\\/2026\\\/02\\\/library_600x900.jpg\",\"width\":300,\"height\":450},{\"@type\":\"BreadcrumbList\",\"@id\":\"https:\\\/\\\/prismagamers.com\\\/hu\\\/produkt\\\/paradise-lost\\\/#breadcrumb\",\"itemListElement\":[{\"@type\":\"ListItem\",\"position\":1,\"name\":\"Strona g\u0142\u00f3wna\",\"item\":\"https:\\\/\\\/prismagamers.com\\\/hu\\\/prismagamers\\\/\"},{\"@type\":\"ListItem\",\"position\":2,\"name\":\"Shop\",\"item\":\"https:\\\/\\\/prismagamers.com\\\/hu\\\/shop\\\/\"},{\"@type\":\"ListItem\",\"position\":3,\"name\":\"Paradise Lost\"}]},{\"@type\":\"WebSite\",\"@id\":\"https:\\\/\\\/prismagamers.com\\\/hu\\\/#website\",\"url\":\"https:\\\/\\\/prismagamers.com\\\/hu\\\/\",\"name\":\"Prismagamers\",\"description\":\"Sklep z grami PC I Sklep klucze Steam\",\"publisher\":{\"@id\":\"https:\\\/\\\/prismagamers.com\\\/hu\\\/#organization\"},\"potentialAction\":[{\"@type\":\"SearchAction\",\"target\":{\"@type\":\"EntryPoint\",\"urlTemplate\":\"https:\\\/\\\/prismagamers.com\\\/hu\\\/?s={search_term_string}\"},\"query-input\":{\"@type\":\"PropertyValueSpecification\",\"valueRequired\":true,\"valueName\":\"search_term_string\"}}],\"inLanguage\":\"hu\"},{\"@type\":\"Organization\",\"@id\":\"https:\\\/\\\/prismagamers.com\\\/hu\\\/#organization\",\"name\":\"Prismagamers\",\"url\":\"https:\\\/\\\/prismagamers.com\\\/hu\\\/\",\"logo\":{\"@type\":\"ImageObject\",\"inLanguage\":\"hu\",\"@id\":\"https:\\\/\\\/prismagamers.com\\\/hu\\\/#\\\/schema\\\/logo\\\/image\\\/\",\"url\":\"https:\\\/\\\/prismagamers.com\\\/wp-content\\\/uploads\\\/2022\\\/04\\\/cropped-logo-Prismagamers-01-scaled-1.jpg\",\"contentUrl\":\"https:\\\/\\\/prismagamers.com\\\/wp-content\\\/uploads\\\/2022\\\/04\\\/cropped-logo-Prismagamers-01-scaled-1.jpg\",\"width\":512,\"height\":512,\"caption\":\"Prismagamers\"},\"image\":{\"@id\":\"https:\\\/\\\/prismagamers.com\\\/hu\\\/#\\\/schema\\\/logo\\\/image\\\/\"},\"sameAs\":[\"https:\\\/\\\/www.facebook.com\\\/prismagamers\",\"https:\\\/\\\/www.instagram.com\\\/prismagamers_grycyfrowe\\\/\"],\"description\":\"Prismagamers.com to dynamiczny sklep z grami cyfrowymi, stworzony z my\u015bl\u0105 o entuzjastach gier wideo. Nasza strona oferuje szerok\u0105 gam\u0119 gier komputerowych, w tym najnowsze tytu\u0142y, dobrze znane klasyki oraz gry stworzone przez niezale\u017cne studia Ca\u0142y czas d\u0105\u017cymy do rozszerzenia naszej oferty. Do\u0142\u0105cz do nas i sta\u0144 si\u0119 cz\u0119\u015bci\u0105 naszej rosn\u0105cej spo\u0142eczno\u015bci graczy!\",\"email\":\"shop@prismagamers.com\",\"telephone\":\"48795541705\",\"legalName\":\"East Caravan Maksym \u017bukow\",\"foundingDate\":\"2012-05-10\",\"vatID\":\"PL8943038612\",\"taxID\":\"PL8943038612\",\"numberOfEmployees\":{\"@type\":\"QuantitativeValue\",\"minValue\":\"11\",\"maxValue\":\"50\"}}]}<\/script>\n<!-- \/ Yoast SEO Premium plugin. -->","yoast_head_json":{"title":"Paradise Lost - Prismagamers.com","description":"Egy poszt-apokaliptikus kalandj\u00e1t\u00e9k, amely egy nukle\u00e1risan elpuszt\u00edtott Lengyelorsz\u00e1gban j\u00e1tsz\u00f3dik. Vedd \u00e1t a 12 \u00e9ves Simon szerep\u00e9t, fedezz fel egy titokzatos n\u00e1ci bunkert, \u00e9s ismerd meg a benne lak\u00f3k t\u00f6rt\u00e9net\u00e9t, mik\u00f6zben v\u00e1laszokat keresel a m\u00falt k\u00e9rd\u00e9seire. S\u00f6t\u00e9t hangulat, alternat\u00edv t\u00f6rt\u00e9nelem \u00e9s egy \u00e9rzelmes t\u00f6rt\u00e9net a mag\u00e1nyr\u00f3l \u00e9s a rem\u00e9nyr\u0151l.","robots":{"index":"index","follow":"follow","max-snippet":"max-snippet:-1","max-image-preview":"max-image-preview:large","max-video-preview":"max-video-preview:-1"},"canonical":"https:\/\/prismagamers.com\/hu\/produkt\/paradise-lost\/","og_locale":"hu_HU","og_type":"article","og_title":"Paradise Lost","og_description":"Egy poszt-apokaliptikus kalandj\u00e1t\u00e9k, amely egy nukle\u00e1risan elpuszt\u00edtott Lengyelorsz\u00e1gban j\u00e1tsz\u00f3dik. Vedd \u00e1t a 12 \u00e9ves Simon szerep\u00e9t, fedezz fel egy titokzatos n\u00e1ci bunkert, \u00e9s ismerd meg a benne lak\u00f3k t\u00f6rt\u00e9net\u00e9t, mik\u00f6zben v\u00e1laszokat keresel a m\u00falt k\u00e9rd\u00e9seire. S\u00f6t\u00e9t hangulat, alternat\u00edv t\u00f6rt\u00e9nelem \u00e9s egy \u00e9rzelmes t\u00f6rt\u00e9net a mag\u00e1nyr\u00f3l \u00e9s a rem\u00e9nyr\u0151l.","og_url":"https:\/\/prismagamers.com\/hu\/produkt\/paradise-lost\/","og_site_name":"Prismagamers.com","article_publisher":"https:\/\/www.facebook.com\/prismagamers","article_modified_time":"2026-03-04T00:23:46+00:00","og_image":[{"width":300,"height":450,"url":"https:\/\/prismagamers.com\/wp-content\/uploads\/2026\/02\/library_600x900.jpg","type":"image\/jpeg"}],"twitter_card":"summary_large_image","twitter_misc":{"Becs\u00fclt olvas\u00e1si id\u0151":"2 perc"},"schema":{"@context":"https:\/\/schema.org","@graph":[{"@type":"WebPage","@id":"https:\/\/prismagamers.com\/hu\/produkt\/paradise-lost\/","url":"https:\/\/prismagamers.com\/hu\/produkt\/paradise-lost\/","name":"Paradise Lost - Prismagamers.com","isPartOf":{"@id":"https:\/\/prismagamers.com\/hu\/#website"},"primaryImageOfPage":{"@id":"https:\/\/prismagamers.com\/hu\/produkt\/paradise-lost\/#primaryimage"},"image":{"@id":"https:\/\/prismagamers.com\/hu\/produkt\/paradise-lost\/#primaryimage"},"thumbnailUrl":"https:\/\/prismagamers.com\/wp-content\/uploads\/2026\/02\/library_600x900.jpg","datePublished":"2026-02-23T12:23:10+00:00","dateModified":"2026-03-04T00:23:46+00:00","description":"Egy poszt-apokaliptikus kalandj\u00e1t\u00e9k, amely egy nukle\u00e1risan elpuszt\u00edtott Lengyelorsz\u00e1gban j\u00e1tsz\u00f3dik. Vedd \u00e1t a 12 \u00e9ves Simon szerep\u00e9t, fedezz fel egy titokzatos n\u00e1ci bunkert, \u00e9s ismerd meg a benne lak\u00f3k t\u00f6rt\u00e9net\u00e9t, mik\u00f6zben v\u00e1laszokat keresel a m\u00falt k\u00e9rd\u00e9seire. S\u00f6t\u00e9t hangulat, alternat\u00edv t\u00f6rt\u00e9nelem \u00e9s egy \u00e9rzelmes t\u00f6rt\u00e9net a mag\u00e1nyr\u00f3l \u00e9s a rem\u00e9nyr\u0151l.","breadcrumb":{"@id":"https:\/\/prismagamers.com\/hu\/produkt\/paradise-lost\/#breadcrumb"},"inLanguage":"hu","potentialAction":[{"@type":"ReadAction","target":["https:\/\/prismagamers.com\/hu\/produkt\/paradise-lost\/"]}]},{"@type":"ImageObject","inLanguage":"hu","@id":"https:\/\/prismagamers.com\/hu\/produkt\/paradise-lost\/#primaryimage","url":"https:\/\/prismagamers.com\/wp-content\/uploads\/2026\/02\/library_600x900.jpg","contentUrl":"https:\/\/prismagamers.com\/wp-content\/uploads\/2026\/02\/library_600x900.jpg","width":300,"height":450},{"@type":"BreadcrumbList","@id":"https:\/\/prismagamers.com\/hu\/produkt\/paradise-lost\/#breadcrumb","itemListElement":[{"@type":"ListItem","position":1,"name":"Strona g\u0142\u00f3wna","item":"https:\/\/prismagamers.com\/hu\/prismagamers\/"},{"@type":"ListItem","position":2,"name":"Shop","item":"https:\/\/prismagamers.com\/hu\/shop\/"},{"@type":"ListItem","position":3,"name":"Paradise Lost"}]},{"@type":"WebSite","@id":"https:\/\/prismagamers.com\/hu\/#website","url":"https:\/\/prismagamers.com\/hu\/","name":"Prismagamers","description":"Sklep z grami PC I Sklep klucze Steam","publisher":{"@id":"https:\/\/prismagamers.com\/hu\/#organization"},"potentialAction":[{"@type":"SearchAction","target":{"@type":"EntryPoint","urlTemplate":"https:\/\/prismagamers.com\/hu\/?s={search_term_string}"},"query-input":{"@type":"PropertyValueSpecification","valueRequired":true,"valueName":"search_term_string"}}],"inLanguage":"hu"},{"@type":"Organization","@id":"https:\/\/prismagamers.com\/hu\/#organization","name":"Prismagamers","url":"https:\/\/prismagamers.com\/hu\/","logo":{"@type":"ImageObject","inLanguage":"hu","@id":"https:\/\/prismagamers.com\/hu\/#\/schema\/logo\/image\/","url":"https:\/\/prismagamers.com\/wp-content\/uploads\/2022\/04\/cropped-logo-Prismagamers-01-scaled-1.jpg","contentUrl":"https:\/\/prismagamers.com\/wp-content\/uploads\/2022\/04\/cropped-logo-Prismagamers-01-scaled-1.jpg","width":512,"height":512,"caption":"Prismagamers"},"image":{"@id":"https:\/\/prismagamers.com\/hu\/#\/schema\/logo\/image\/"},"sameAs":["https:\/\/www.facebook.com\/prismagamers","https:\/\/www.instagram.com\/prismagamers_grycyfrowe\/"],"description":"Prismagamers.com to dynamiczny sklep z grami cyfrowymi, stworzony z my\u015bl\u0105 o entuzjastach gier wideo. Nasza strona oferuje szerok\u0105 gam\u0119 gier komputerowych, w tym najnowsze tytu\u0142y, dobrze znane klasyki oraz gry stworzone przez niezale\u017cne studia Ca\u0142y czas d\u0105\u017cymy do rozszerzenia naszej oferty. Do\u0142\u0105cz do nas i sta\u0144 si\u0119 cz\u0119\u015bci\u0105 naszej rosn\u0105cej spo\u0142eczno\u015bci graczy!","email":"shop@prismagamers.com","telephone":"48795541705","legalName":"East Caravan Maksym \u017bukow","foundingDate":"2012-05-10","vatID":"PL8943038612","taxID":"PL8943038612","numberOfEmployees":{"@type":"QuantitativeValue","minValue":"11","maxValue":"50"}}]}},"_links":{"self":[{"href":"https:\/\/prismagamers.com\/hu\/wp-json\/wp\/v2\/product\/50429","targetHints":{"allow":["GET"]}}],"collection":[{"href":"https:\/\/prismagamers.com\/hu\/wp-json\/wp\/v2\/product"}],"about":[{"href":"https:\/\/prismagamers.com\/hu\/wp-json\/wp\/v2\/types\/product"}],"wp:featuredmedia":[{"embeddable":true,"href":"https:\/\/prismagamers.com\/hu\/wp-json\/wp\/v2\/media\/50422"}],"wp:attachment":[{"href":"https:\/\/prismagamers.com\/hu\/wp-json\/wp\/v2\/media?parent=50429"}],"wp:term":[{"taxonomy":"product_brand","embeddable":true,"href":"https:\/\/prismagamers.com\/hu\/wp-json\/wp\/v2\/product_brand?post=50429"},{"taxonomy":"product_cat","embeddable":true,"href":"https:\/\/prismagamers.com\/hu\/wp-json\/wp\/v2\/product_cat?post=50429"},{"taxonomy":"product_tag","embeddable":true,"href":"https:\/\/prismagamers.com\/hu\/wp-json\/wp\/v2\/product_tag?post=50429"}],"curies":[{"name":"wp","href":"https:\/\/api.w.org\/{rel}","templated":true}]}}