{"id":50734,"date":"2026-02-25T10:28:09","date_gmt":"2026-02-25T09:28:09","guid":{"rendered":"https:\/\/prismagamers.com\/produkt\/1348-ex-voto-coming-soon\/"},"modified":"2026-05-09T02:18:53","modified_gmt":"2026-05-09T00:18:53","slug":"1348-ex-voto-coming-soon","status":"publish","type":"product","link":"https:\/\/prismagamers.com\/hu\/produkt\/1348-ex-voto-coming-soon\/","title":{"rendered":"1348 Ex Voto &#8211; Coming soon!<br>"},"content":{"rendered":"<p class=\"my-2 [&amp;+p]:mt-4 [&amp;_strong:has(+br)]:inline-block [&amp;_strong:has(+br)]:pb-2\"><strong>1348 Ex Voto &#8211; egy epikus akci\u00f3-kalandj\u00e1t\u00e9k a k\u00f6z\u00e9pkori Olaszorsz\u00e1g s\u00f6t\u00e9t val\u00f3s\u00e1g\u00e1ban.<\/strong><\/p>\n<p class=\"my-2 [&amp;+p]:mt-4 [&amp;_strong:has(+br)]:inline-block [&amp;_strong:has(+br)]:pb-2\">Vedd magadra Aeta (Alby Baldwin), egy b\u00e1tor nemes lovag-erranta szerep\u00e9t, \u00e9s \u00e9lj \u00e1t egy brut\u00e1lis utaz\u00e1st a 14. sz\u00e1zadi It\u00e1li\u00e1ban az <strong>1348-as Ex Voto-ban<\/strong>. A m\u0171faj klasszikusai \u00e9s a lovagi t\u00f6rt\u00e9netek \u00e1ltal inspir\u00e1lt, izgalmas <strong>TPP akci\u00f3-kalandj\u00e1t\u00e9k<\/strong> a politikai intrik\u00e1k, bandit\u00e1k, zsoldosok \u00e9s az 1348-as pestis vil\u00e1g\u00e1ba kalauzol el. A c\u00e9lod? Megtal\u00e1lni \u00e9s megmenteni a minden\u00fctt jelenl\u00e9v\u0151 k\u00e1oszban &#8211; a vid\u00e9ki kunyh\u00f3kt\u00f3l a fens\u00e9ges kast\u00e9lyokig, a hegyvid\u00e9ki Appeninekig \u00e9s az \u00f3kori R\u00f3ma romjain \u00e1t &#8211; kedvesedet, Bianc\u00e1t (Jennifer English).   <\/p>\n<p class=\"my-2 [&amp;+p]:mt-4 [&amp;_strong:has(+br)]:inline-block [&amp;_strong:has(+br)]:pb-2\"><strong>Fedezd fel a vesz\u00e9lyekkel teli 14. sz\u00e1zadi It\u00e1li\u00e1t:<\/strong> fedezd fel a fest\u0151i k\u00f6z\u00e9pkori falvakat, keress kincseket \u00e9s gy\u0171jthet\u0151 t\u00e1rgyakat, mindezt egy val\u00f3s\u00e1gh\u0171 vil\u00e1gban, ahol vid\u00e9ki exodus \u00e9s vall\u00e1si fanatikusok uralkodnak.<\/p>\n<p class=\"my-2 [&amp;+p]:mt-4 [&amp;_strong:has(+br)]:inline-block [&amp;_strong:has(+br)]:pb-2\"><strong>T\u00f6rt\u00e9nelmi eur\u00f3pai harcm\u0171v\u00e9szet (HEMA) st\u00edlus\u00fa kardv\u00edv\u00e1s:<\/strong> \u00e9lvezd a filmszer\u0171, l\u00e9legzetel\u00e1ll\u00edt\u00f3 harci mechanik\u00e1t teljes\u00edtm\u00e9nyr\u00f6gz\u00edt\u00e9ssel. V\u00e1lassz k\u00e9t harci \u00e1ll\u00e1s k\u00f6z\u00fcl (egykezes \u00e9s k\u00e9tkezes), oldj fel \u00faj kombin\u00e1ci\u00f3kat a k\u00e9pess\u00e9gk\u00f6nyvekb\u0151l, \u00e9s szem\u00e9lyre szabd a fegyvereidet alkatr\u00e9szekkel. Lepd meg ellens\u00e9geidet taktik\u00e1val \u00e9s strat\u00e9gi\u00e1val!  <\/p>\n<p class=\"my-2 [&amp;+p]:mt-4 [&amp;_strong:has(+br)]:inline-block [&amp;_strong:has(+br)]:pb-2\">&#8222;Bianca, te vagy minden, ami nekem maradt&#8230; Meg foglak menteni. Erre esk\u00fcsz\u00f6m.&#8221; <\/p>\n<p class=\"my-2 [&amp;+p]:mt-4 [&amp;_strong:has(+br)]:inline-block [&amp;_strong:has(+br)]:pb-2\"><strong>V\u00e1s\u00e1rolja meg az 1348 Ex Voto-t m\u00e9g ma<\/strong>, \u00e9s mer\u00fclj\u00f6n el egy autentikus <strong>lovagi kalandban<\/strong>, t\u00fal\u00e9l\u00e9si \u00e9s felfedez\u0151 elemekkel. T\u00f6k\u00e9letes az olyan akci\u00f3j\u00e1t\u00e9kok rajong\u00f3inak, mint az Assassin&#8217;s Creed vagy a Shadow of the Tomb Raider! <\/p>\n","protected":false},"excerpt":{"rendered":"<p class=\"my-2 [&amp;+p]:mt-4 [&amp;_strong:has(+br)]:inline-block [&amp;_strong:has(+br)]:pb-2\"><strong>1348 Ex Voto<\/strong> egy izgalmas <strong>TPP akci\u00f3-kalandj\u00e1t\u00e9k<\/strong> a 14. sz\u00e1zadi It\u00e1li\u00e1ban, ahol Aeta lovagk\u00e9nt HEMA st\u00edlus\u00fa karddal harcolsz, v\u00e1rakat \u00e9s Appenineket fedezel fel, hogy megmentsd Bianc\u00e1t a pestist\u0151l \u00e9s a bandit\u00e1kt\u00f3l. Fedezz fel kincseket, szem\u00e9lyre szabd a komb\u00f3kat \u00e9s \u00e9ld \u00e1t a filmszer\u0171 <strong>k\u00f6z\u00e9pkori kardharcot<\/strong> a politikai intrik\u00e1k \u00e9s az 1348-as pestis vil\u00e1g\u00e1ban. <strong>V\u00e1s\u00e1rolj most<\/strong>, \u00e9s l\u00e9pj bele egy epikus csat\u00e1ba! <\/p>\n<p><strong>Megjelen\u00e9si d\u00e1tum: 12 m\u00e1rcius 2026<\/strong><\/p>\n","protected":false},"featured_media":50726,"template":"","meta":{"_acf_changed":false,"site-sidebar-layout":"default","site-content-layout":"","ast-site-content-layout":"default","site-content-style":"default","site-sidebar-style":"default","ast-global-header-display":"","ast-banner-title-visibility":"","ast-main-header-display":"","ast-hfb-above-header-display":"","ast-hfb-below-header-display":"","ast-hfb-mobile-header-display":"","site-post-title":"","ast-breadcrumbs-content":"","ast-featured-img":"","footer-sml-layout":"","ast-disable-related-posts":"","theme-transparent-header-meta":"default","adv-header-id-meta":"","stick-header-meta":"","header-above-stick-meta":"","header-main-stick-meta":"","header-below-stick-meta":"","astra-migrate-meta-layouts":"default","ast-page-background-enabled":"default","ast-page-background-meta":{"desktop":{"background-color":"var(--ast-global-color-4)","background-image":"","background-repeat":"repeat","background-position":"center center","background-size":"auto","background-attachment":"scroll","background-type":"","background-media":"","overlay-type":"","overlay-color":"","overlay-opacity":"","overlay-gradient":""},"tablet":{"background-color":"","background-image":"","background-repeat":"repeat","background-position":"center center","background-size":"auto","background-attachment":"scroll","background-type":"","background-media":"","overlay-type":"","overlay-color":"","overlay-opacity":"","overlay-gradient":""},"mobile":{"background-color":"","background-image":"","background-repeat":"repeat","background-position":"center center","background-size":"auto","background-attachment":"scroll","background-type":"","background-media":"","overlay-type":"","overlay-color":"","overlay-opacity":"","overlay-gradient":""}},"ast-content-background-meta":{"desktop":{"background-color":"var(--ast-global-color-5)","background-image":"","background-repeat":"repeat","background-position":"center center","background-size":"auto","background-attachment":"scroll","background-type":"","background-media":"","overlay-type":"","overlay-color":"","overlay-opacity":"","overlay-gradient":""},"tablet":{"background-color":"var(--ast-global-color-5)","background-image":"","background-repeat":"repeat","background-position":"center center","background-size":"auto","background-attachment":"scroll","background-type":"","background-media":"","overlay-type":"","overlay-color":"","overlay-opacity":"","overlay-gradient":""},"mobile":{"background-color":"var(--ast-global-color-5)","background-image":"","background-repeat":"repeat","background-position":"center center","background-size":"auto","background-attachment":"scroll","background-type":"","background-media":"","overlay-type":"","overlay-color":"","overlay-opacity":"","overlay-gradient":""}}},"product_brand":[],"product_cat":[371,365,523,363,384,335],"product_tag":[],"class_list":{"0":"post-50734","1":"product","2":"type-product","3":"status-publish","4":"has-post-thumbnail","6":"product_cat-akcio-jatekok","7":"product_cat-goz","8":"product_cat-hirek","9":"product_cat-kaland-jatekok","10":"product_cat-kedves-falusiak","11":"product_cat-wyprzedaz","12":"desktop-align-left","13":"tablet-align-left","14":"mobile-align-left","16":"first","17":"instock","18":"shipping-taxable","19":"purchasable","20":"product-type-simple"},"acf":[],"yoast_head":"<!-- This site is optimized with the Yoast SEO Premium plugin v27.5 (Yoast SEO v27.5) - https:\/\/yoast.com\/product\/yoast-seo-premium-wordpress\/ -->\n<title>1348 Ex Voto - Coming soon! - Prismagamers.com<\/title>\n<meta name=\"description\" content=\"1348 Ex Voto egy izgalmas TPP akci\u00f3-kalandj\u00e1t\u00e9k a 14. sz\u00e1zadi It\u00e1li\u00e1ban, ahol Aeta lovagk\u00e9nt HEMA st\u00edlus\u00fa karddal harcolsz, v\u00e1rakat \u00e9s Appenineket fedezel fel, hogy megmentsd Bianc\u00e1t a pestist\u0151l \u00e9s a bandit\u00e1kt\u00f3l. Fedezz fel kincseket, szem\u00e9lyre szabd a komb\u00f3kat \u00e9s \u00e9ld \u00e1t a filmszer\u0171 k\u00f6z\u00e9pkori kardharcot a politikai intrik\u00e1k \u00e9s az 1348-as pestis vil\u00e1g\u00e1ban. V\u00e1s\u00e1rolj most, \u00e9s l\u00e9pj bele egy epikus csat\u00e1ba! Megjelen\u00e9si d\u00e1tum: 12 m\u00e1rcius 2026\" \/>\n<meta name=\"robots\" content=\"index, follow, max-snippet:-1, max-image-preview:large, max-video-preview:-1\" \/>\n<link rel=\"canonical\" href=\"https:\/\/prismagamers.com\/hu\/produkt\/1348-ex-voto-coming-soon\/\" \/>\n<meta property=\"og:locale\" content=\"hu_HU\" \/>\n<meta property=\"og:type\" content=\"article\" \/>\n<meta property=\"og:title\" content=\"1348 Ex Voto - Coming soon!\" \/>\n<meta property=\"og:description\" content=\"1348 Ex Voto egy izgalmas TPP akci\u00f3-kalandj\u00e1t\u00e9k a 14. sz\u00e1zadi It\u00e1li\u00e1ban, ahol Aeta lovagk\u00e9nt HEMA st\u00edlus\u00fa karddal harcolsz, v\u00e1rakat \u00e9s Appenineket fedezel fel, hogy megmentsd Bianc\u00e1t a pestist\u0151l \u00e9s a bandit\u00e1kt\u00f3l. Fedezz fel kincseket, szem\u00e9lyre szabd a komb\u00f3kat \u00e9s \u00e9ld \u00e1t a filmszer\u0171 k\u00f6z\u00e9pkori kardharcot a politikai intrik\u00e1k \u00e9s az 1348-as pestis vil\u00e1g\u00e1ban. V\u00e1s\u00e1rolj most, \u00e9s l\u00e9pj bele egy epikus csat\u00e1ba! Megjelen\u00e9si d\u00e1tum: 12 m\u00e1rcius 2026\" \/>\n<meta property=\"og:url\" content=\"https:\/\/prismagamers.com\/hu\/produkt\/1348-ex-voto-coming-soon\/\" \/>\n<meta property=\"og:site_name\" content=\"Prismagamers.com\" \/>\n<meta property=\"article:publisher\" content=\"https:\/\/www.facebook.com\/prismagamers\" \/>\n<meta property=\"article:modified_time\" content=\"2026-05-09T00:18:53+00:00\" \/>\n<meta property=\"og:image\" content=\"https:\/\/prismagamers.com\/wp-content\/uploads\/2026\/02\/header-5.jpg\" \/>\n\t<meta property=\"og:image:width\" content=\"460\" \/>\n\t<meta property=\"og:image:height\" content=\"215\" \/>\n\t<meta property=\"og:image:type\" content=\"image\/jpeg\" \/>\n<meta name=\"twitter:card\" content=\"summary_large_image\" \/>\n<meta name=\"twitter:label1\" content=\"Becs\u00fclt olvas\u00e1si id\u0151\" \/>\n\t<meta name=\"twitter:data1\" content=\"2 perc\" \/>\n<script type=\"application\/ld+json\" class=\"yoast-schema-graph\">{\"@context\":\"https:\\\/\\\/schema.org\",\"@graph\":[{\"@type\":\"WebPage\",\"@id\":\"https:\\\/\\\/prismagamers.com\\\/hu\\\/produkt\\\/1348-ex-voto-coming-soon\\\/\",\"url\":\"https:\\\/\\\/prismagamers.com\\\/hu\\\/produkt\\\/1348-ex-voto-coming-soon\\\/\",\"name\":\"1348 Ex Voto - Coming soon! - Prismagamers.com\",\"isPartOf\":{\"@id\":\"https:\\\/\\\/prismagamers.com\\\/hu\\\/#website\"},\"primaryImageOfPage\":{\"@id\":\"https:\\\/\\\/prismagamers.com\\\/hu\\\/produkt\\\/1348-ex-voto-coming-soon\\\/#primaryimage\"},\"image\":{\"@id\":\"https:\\\/\\\/prismagamers.com\\\/hu\\\/produkt\\\/1348-ex-voto-coming-soon\\\/#primaryimage\"},\"thumbnailUrl\":\"https:\\\/\\\/prismagamers.com\\\/wp-content\\\/uploads\\\/2026\\\/02\\\/header-5.jpg\",\"datePublished\":\"2026-02-25T09:28:09+00:00\",\"dateModified\":\"2026-05-09T00:18:53+00:00\",\"description\":\"1348 Ex Voto egy izgalmas TPP akci\u00f3-kalandj\u00e1t\u00e9k a 14. sz\u00e1zadi It\u00e1li\u00e1ban, ahol Aeta lovagk\u00e9nt HEMA st\u00edlus\u00fa karddal harcolsz, v\u00e1rakat \u00e9s Appenineket fedezel fel, hogy megmentsd Bianc\u00e1t a pestist\u0151l \u00e9s a bandit\u00e1kt\u00f3l. Fedezz fel kincseket, szem\u00e9lyre szabd a komb\u00f3kat \u00e9s \u00e9ld \u00e1t a filmszer\u0171 k\u00f6z\u00e9pkori kardharcot a politikai intrik\u00e1k \u00e9s az 1348-as pestis vil\u00e1g\u00e1ban. V\u00e1s\u00e1rolj most, \u00e9s l\u00e9pj bele egy epikus csat\u00e1ba! Megjelen\u00e9si d\u00e1tum: 12 m\u00e1rcius 2026\",\"breadcrumb\":{\"@id\":\"https:\\\/\\\/prismagamers.com\\\/hu\\\/produkt\\\/1348-ex-voto-coming-soon\\\/#breadcrumb\"},\"inLanguage\":\"hu\",\"potentialAction\":[{\"@type\":\"ReadAction\",\"target\":[\"https:\\\/\\\/prismagamers.com\\\/hu\\\/produkt\\\/1348-ex-voto-coming-soon\\\/\"]}]},{\"@type\":\"ImageObject\",\"inLanguage\":\"hu\",\"@id\":\"https:\\\/\\\/prismagamers.com\\\/hu\\\/produkt\\\/1348-ex-voto-coming-soon\\\/#primaryimage\",\"url\":\"https:\\\/\\\/prismagamers.com\\\/wp-content\\\/uploads\\\/2026\\\/02\\\/header-5.jpg\",\"contentUrl\":\"https:\\\/\\\/prismagamers.com\\\/wp-content\\\/uploads\\\/2026\\\/02\\\/header-5.jpg\",\"width\":460,\"height\":215},{\"@type\":\"BreadcrumbList\",\"@id\":\"https:\\\/\\\/prismagamers.com\\\/hu\\\/produkt\\\/1348-ex-voto-coming-soon\\\/#breadcrumb\",\"itemListElement\":[{\"@type\":\"ListItem\",\"position\":1,\"name\":\"Strona g\u0142\u00f3wna\",\"item\":\"https:\\\/\\\/prismagamers.com\\\/hu\\\/prismagamers\\\/\"},{\"@type\":\"ListItem\",\"position\":2,\"name\":\"Shop\",\"item\":\"https:\\\/\\\/prismagamers.com\\\/hu\\\/shop\\\/\"},{\"@type\":\"ListItem\",\"position\":3,\"name\":\"1348 Ex Voto &#8211; Coming soon!\"}]},{\"@type\":\"WebSite\",\"@id\":\"https:\\\/\\\/prismagamers.com\\\/hu\\\/#website\",\"url\":\"https:\\\/\\\/prismagamers.com\\\/hu\\\/\",\"name\":\"Prismagamers\",\"description\":\"Sklep z grami PC I Sklep klucze Steam\",\"publisher\":{\"@id\":\"https:\\\/\\\/prismagamers.com\\\/hu\\\/#organization\"},\"potentialAction\":[{\"@type\":\"SearchAction\",\"target\":{\"@type\":\"EntryPoint\",\"urlTemplate\":\"https:\\\/\\\/prismagamers.com\\\/hu\\\/?s={search_term_string}\"},\"query-input\":{\"@type\":\"PropertyValueSpecification\",\"valueRequired\":true,\"valueName\":\"search_term_string\"}}],\"inLanguage\":\"hu\"},{\"@type\":\"Organization\",\"@id\":\"https:\\\/\\\/prismagamers.com\\\/hu\\\/#organization\",\"name\":\"Prismagamers\",\"url\":\"https:\\\/\\\/prismagamers.com\\\/hu\\\/\",\"logo\":{\"@type\":\"ImageObject\",\"inLanguage\":\"hu\",\"@id\":\"https:\\\/\\\/prismagamers.com\\\/hu\\\/#\\\/schema\\\/logo\\\/image\\\/\",\"url\":\"https:\\\/\\\/prismagamers.com\\\/wp-content\\\/uploads\\\/2022\\\/04\\\/cropped-logo-Prismagamers-01-scaled-1.jpg\",\"contentUrl\":\"https:\\\/\\\/prismagamers.com\\\/wp-content\\\/uploads\\\/2022\\\/04\\\/cropped-logo-Prismagamers-01-scaled-1.jpg\",\"width\":512,\"height\":512,\"caption\":\"Prismagamers\"},\"image\":{\"@id\":\"https:\\\/\\\/prismagamers.com\\\/hu\\\/#\\\/schema\\\/logo\\\/image\\\/\"},\"sameAs\":[\"https:\\\/\\\/www.facebook.com\\\/prismagamers\",\"https:\\\/\\\/www.instagram.com\\\/prismagamers_grycyfrowe\\\/\"],\"description\":\"Prismagamers.com to dynamiczny sklep z grami cyfrowymi, stworzony z my\u015bl\u0105 o entuzjastach gier wideo. Nasza strona oferuje szerok\u0105 gam\u0119 gier komputerowych, w tym najnowsze tytu\u0142y, dobrze znane klasyki oraz gry stworzone przez niezale\u017cne studia Ca\u0142y czas d\u0105\u017cymy do rozszerzenia naszej oferty. Do\u0142\u0105cz do nas i sta\u0144 si\u0119 cz\u0119\u015bci\u0105 naszej rosn\u0105cej spo\u0142eczno\u015bci graczy!\",\"email\":\"shop@prismagamers.com\",\"telephone\":\"48795541705\",\"legalName\":\"East Caravan Maksym \u017bukow\",\"foundingDate\":\"2012-05-10\",\"vatID\":\"PL8943038612\",\"taxID\":\"PL8943038612\",\"numberOfEmployees\":{\"@type\":\"QuantitativeValue\",\"minValue\":\"11\",\"maxValue\":\"50\"}}]}<\/script>\n<!-- \/ Yoast SEO Premium plugin. -->","yoast_head_json":{"title":"1348 Ex Voto - Coming soon! - Prismagamers.com","description":"1348 Ex Voto egy izgalmas TPP akci\u00f3-kalandj\u00e1t\u00e9k a 14. sz\u00e1zadi It\u00e1li\u00e1ban, ahol Aeta lovagk\u00e9nt HEMA st\u00edlus\u00fa karddal harcolsz, v\u00e1rakat \u00e9s Appenineket fedezel fel, hogy megmentsd Bianc\u00e1t a pestist\u0151l \u00e9s a bandit\u00e1kt\u00f3l. Fedezz fel kincseket, szem\u00e9lyre szabd a komb\u00f3kat \u00e9s \u00e9ld \u00e1t a filmszer\u0171 k\u00f6z\u00e9pkori kardharcot a politikai intrik\u00e1k \u00e9s az 1348-as pestis vil\u00e1g\u00e1ban. V\u00e1s\u00e1rolj most, \u00e9s l\u00e9pj bele egy epikus csat\u00e1ba! Megjelen\u00e9si d\u00e1tum: 12 m\u00e1rcius 2026","robots":{"index":"index","follow":"follow","max-snippet":"max-snippet:-1","max-image-preview":"max-image-preview:large","max-video-preview":"max-video-preview:-1"},"canonical":"https:\/\/prismagamers.com\/hu\/produkt\/1348-ex-voto-coming-soon\/","og_locale":"hu_HU","og_type":"article","og_title":"1348 Ex Voto - Coming soon!","og_description":"1348 Ex Voto egy izgalmas TPP akci\u00f3-kalandj\u00e1t\u00e9k a 14. sz\u00e1zadi It\u00e1li\u00e1ban, ahol Aeta lovagk\u00e9nt HEMA st\u00edlus\u00fa karddal harcolsz, v\u00e1rakat \u00e9s Appenineket fedezel fel, hogy megmentsd Bianc\u00e1t a pestist\u0151l \u00e9s a bandit\u00e1kt\u00f3l. Fedezz fel kincseket, szem\u00e9lyre szabd a komb\u00f3kat \u00e9s \u00e9ld \u00e1t a filmszer\u0171 k\u00f6z\u00e9pkori kardharcot a politikai intrik\u00e1k \u00e9s az 1348-as pestis vil\u00e1g\u00e1ban. V\u00e1s\u00e1rolj most, \u00e9s l\u00e9pj bele egy epikus csat\u00e1ba! Megjelen\u00e9si d\u00e1tum: 12 m\u00e1rcius 2026","og_url":"https:\/\/prismagamers.com\/hu\/produkt\/1348-ex-voto-coming-soon\/","og_site_name":"Prismagamers.com","article_publisher":"https:\/\/www.facebook.com\/prismagamers","article_modified_time":"2026-05-09T00:18:53+00:00","og_image":[{"width":460,"height":215,"url":"https:\/\/prismagamers.com\/wp-content\/uploads\/2026\/02\/header-5.jpg","type":"image\/jpeg"}],"twitter_card":"summary_large_image","twitter_misc":{"Becs\u00fclt olvas\u00e1si id\u0151":"2 perc"},"schema":{"@context":"https:\/\/schema.org","@graph":[{"@type":"WebPage","@id":"https:\/\/prismagamers.com\/hu\/produkt\/1348-ex-voto-coming-soon\/","url":"https:\/\/prismagamers.com\/hu\/produkt\/1348-ex-voto-coming-soon\/","name":"1348 Ex Voto - Coming soon! - Prismagamers.com","isPartOf":{"@id":"https:\/\/prismagamers.com\/hu\/#website"},"primaryImageOfPage":{"@id":"https:\/\/prismagamers.com\/hu\/produkt\/1348-ex-voto-coming-soon\/#primaryimage"},"image":{"@id":"https:\/\/prismagamers.com\/hu\/produkt\/1348-ex-voto-coming-soon\/#primaryimage"},"thumbnailUrl":"https:\/\/prismagamers.com\/wp-content\/uploads\/2026\/02\/header-5.jpg","datePublished":"2026-02-25T09:28:09+00:00","dateModified":"2026-05-09T00:18:53+00:00","description":"1348 Ex Voto egy izgalmas TPP akci\u00f3-kalandj\u00e1t\u00e9k a 14. sz\u00e1zadi It\u00e1li\u00e1ban, ahol Aeta lovagk\u00e9nt HEMA st\u00edlus\u00fa karddal harcolsz, v\u00e1rakat \u00e9s Appenineket fedezel fel, hogy megmentsd Bianc\u00e1t a pestist\u0151l \u00e9s a bandit\u00e1kt\u00f3l. Fedezz fel kincseket, szem\u00e9lyre szabd a komb\u00f3kat \u00e9s \u00e9ld \u00e1t a filmszer\u0171 k\u00f6z\u00e9pkori kardharcot a politikai intrik\u00e1k \u00e9s az 1348-as pestis vil\u00e1g\u00e1ban. V\u00e1s\u00e1rolj most, \u00e9s l\u00e9pj bele egy epikus csat\u00e1ba! Megjelen\u00e9si d\u00e1tum: 12 m\u00e1rcius 2026","breadcrumb":{"@id":"https:\/\/prismagamers.com\/hu\/produkt\/1348-ex-voto-coming-soon\/#breadcrumb"},"inLanguage":"hu","potentialAction":[{"@type":"ReadAction","target":["https:\/\/prismagamers.com\/hu\/produkt\/1348-ex-voto-coming-soon\/"]}]},{"@type":"ImageObject","inLanguage":"hu","@id":"https:\/\/prismagamers.com\/hu\/produkt\/1348-ex-voto-coming-soon\/#primaryimage","url":"https:\/\/prismagamers.com\/wp-content\/uploads\/2026\/02\/header-5.jpg","contentUrl":"https:\/\/prismagamers.com\/wp-content\/uploads\/2026\/02\/header-5.jpg","width":460,"height":215},{"@type":"BreadcrumbList","@id":"https:\/\/prismagamers.com\/hu\/produkt\/1348-ex-voto-coming-soon\/#breadcrumb","itemListElement":[{"@type":"ListItem","position":1,"name":"Strona g\u0142\u00f3wna","item":"https:\/\/prismagamers.com\/hu\/prismagamers\/"},{"@type":"ListItem","position":2,"name":"Shop","item":"https:\/\/prismagamers.com\/hu\/shop\/"},{"@type":"ListItem","position":3,"name":"1348 Ex Voto &#8211; Coming soon!"}]},{"@type":"WebSite","@id":"https:\/\/prismagamers.com\/hu\/#website","url":"https:\/\/prismagamers.com\/hu\/","name":"Prismagamers","description":"Sklep z grami PC I Sklep klucze Steam","publisher":{"@id":"https:\/\/prismagamers.com\/hu\/#organization"},"potentialAction":[{"@type":"SearchAction","target":{"@type":"EntryPoint","urlTemplate":"https:\/\/prismagamers.com\/hu\/?s={search_term_string}"},"query-input":{"@type":"PropertyValueSpecification","valueRequired":true,"valueName":"search_term_string"}}],"inLanguage":"hu"},{"@type":"Organization","@id":"https:\/\/prismagamers.com\/hu\/#organization","name":"Prismagamers","url":"https:\/\/prismagamers.com\/hu\/","logo":{"@type":"ImageObject","inLanguage":"hu","@id":"https:\/\/prismagamers.com\/hu\/#\/schema\/logo\/image\/","url":"https:\/\/prismagamers.com\/wp-content\/uploads\/2022\/04\/cropped-logo-Prismagamers-01-scaled-1.jpg","contentUrl":"https:\/\/prismagamers.com\/wp-content\/uploads\/2022\/04\/cropped-logo-Prismagamers-01-scaled-1.jpg","width":512,"height":512,"caption":"Prismagamers"},"image":{"@id":"https:\/\/prismagamers.com\/hu\/#\/schema\/logo\/image\/"},"sameAs":["https:\/\/www.facebook.com\/prismagamers","https:\/\/www.instagram.com\/prismagamers_grycyfrowe\/"],"description":"Prismagamers.com to dynamiczny sklep z grami cyfrowymi, stworzony z my\u015bl\u0105 o entuzjastach gier wideo. Nasza strona oferuje szerok\u0105 gam\u0119 gier komputerowych, w tym najnowsze tytu\u0142y, dobrze znane klasyki oraz gry stworzone przez niezale\u017cne studia Ca\u0142y czas d\u0105\u017cymy do rozszerzenia naszej oferty. Do\u0142\u0105cz do nas i sta\u0144 si\u0119 cz\u0119\u015bci\u0105 naszej rosn\u0105cej spo\u0142eczno\u015bci graczy!","email":"shop@prismagamers.com","telephone":"48795541705","legalName":"East Caravan Maksym \u017bukow","foundingDate":"2012-05-10","vatID":"PL8943038612","taxID":"PL8943038612","numberOfEmployees":{"@type":"QuantitativeValue","minValue":"11","maxValue":"50"}}]}},"_links":{"self":[{"href":"https:\/\/prismagamers.com\/hu\/wp-json\/wp\/v2\/product\/50734","targetHints":{"allow":["GET"]}}],"collection":[{"href":"https:\/\/prismagamers.com\/hu\/wp-json\/wp\/v2\/product"}],"about":[{"href":"https:\/\/prismagamers.com\/hu\/wp-json\/wp\/v2\/types\/product"}],"wp:featuredmedia":[{"embeddable":true,"href":"https:\/\/prismagamers.com\/hu\/wp-json\/wp\/v2\/media\/50726"}],"wp:attachment":[{"href":"https:\/\/prismagamers.com\/hu\/wp-json\/wp\/v2\/media?parent=50734"}],"wp:term":[{"taxonomy":"product_brand","embeddable":true,"href":"https:\/\/prismagamers.com\/hu\/wp-json\/wp\/v2\/product_brand?post=50734"},{"taxonomy":"product_cat","embeddable":true,"href":"https:\/\/prismagamers.com\/hu\/wp-json\/wp\/v2\/product_cat?post=50734"},{"taxonomy":"product_tag","embeddable":true,"href":"https:\/\/prismagamers.com\/hu\/wp-json\/wp\/v2\/product_tag?post=50734"}],"curies":[{"name":"wp","href":"https:\/\/api.w.org\/{rel}","templated":true}]}}