{"id":51139,"date":"2026-03-01T00:48:35","date_gmt":"2026-02-28T23:48:35","guid":{"rendered":"https:\/\/prismagamers.com\/produkt\/not-monday-cafe\/"},"modified":"2026-05-06T02:13:44","modified_gmt":"2026-05-06T00:13:44","slug":"not-monday-cafe","status":"publish","type":"product","link":"https:\/\/prismagamers.com\/hu\/produkt\/not-monday-cafe\/","title":{"rendered":"Not Monday Cafe"},"content":{"rendered":"<p data-start=\"50\" data-end=\"449\">Fedezd fel a <strong data-start=\"72\" data-end=\"90\">Cozy Cafe Idle<\/strong> b\u00e1jos vil\u00e1g\u00e1t, ahol saj\u00e1t k\u00e1v\u00e9z\u00f3dat ir\u00e1ny\u00edthatod, \u00e9s bar\u00e1ts\u00e1gos szem\u00e9lyzet gondoskodik mindenr\u0151l, mik\u00f6zben dolgozol, tanulsz vagy pihensz. Termessz friss alapanyagokat a kis farmodon, k\u00e9sz\u00edts bel\u0151l\u00fck finom \u00e9teleket, \u00e9s t\u00e1lald fel \u0151ket im\u00e1dnival\u00f3 \u00e1llatos vend\u00e9geidnek. Tervezd meg, dekor\u00e1ld \u00e9s szem\u00e9lyre szabd \u00e1lmaid hely\u00e9t, amely mindig a k\u00e9perny\u0151 alj\u00e1n marad, k\u00e9szen \u00e1ll az interakci\u00f3ra.  <\/p>\n<p data-start=\"451\" data-end=\"881\">F\u0151zz \u00e9s t\u00e1lalj t\u00f6bb mint <strong data-start=\"472\" data-end=\"489\">300 receptet<\/strong>, gy\u0171jts p\u00e9nzt a b\u0151v\u00edt\u00e9sre \u00e9s a dekor\u00e1ci\u00f3ra, \u00e9s fejleszd a helysz\u00ednt, hogy m\u00e9g t\u00f6bb vend\u00e9get vonzzon. A be\u00e9p\u00edtett <strong data-start=\"619\" data-end=\"629\">Twitch-integr\u00e1ci\u00f3<\/strong> lehet\u0151v\u00e9 teszi, hogy a streamedet hangulatos k\u00e1v\u00e9z\u00f3v\u00e1 alak\u00edtsd, ahol a n\u00e9z\u0151k vend\u00e9gk\u00e9nt l\u00e1togathatj\u00e1k meg a helysz\u00ednedet. Emellett a <strong data-start=\"751\" data-end=\"769\">postai szolg\u00e1ltat\u00e1s<\/strong> rendszere lehet\u0151v\u00e9 teszi, hogy aj\u00e1nd\u00e9kokat k\u00fcldj a bar\u00e1taidnak, \u00e9s megl\u00e1togass\u00e1k a k\u00e1v\u00e9z\u00f3dat, ami a sz\u00f3rakoz\u00e1s k\u00f6z\u00f6ss\u00e9gi r\u00e9teg\u00e9t adja hozz\u00e1.  <\/p>\n<p data-start=\"883\" data-end=\"1052\">Fejleszd a farmot, finom\u00edtsd az \u00e9tlapot, dekor\u00e1ld a bels\u0151 teret, \u00e9s hozd l\u00e9tre <strong data-start=\"938\" data-end=\"959\">\u00e1lmaid k\u00e1v\u00e9z\u00f3j\u00e1t<\/strong>, amely nemcsak pihentet\u0151, hanem lebilincsel\u0151 j\u00e1t\u00e9klehet\u0151s\u00e9get is ny\u00fajt munka vagy tanul\u00e1s k\u00f6zben.<\/p>\n","protected":false},"excerpt":{"rendered":"<p>\u00c9p\u00edtsd meg \u00e9s ir\u00e1ny\u00edtsd \u00e1lmaid k\u00e1v\u00e9z\u00f3j\u00e1t a <strong data-start=\"1137\" data-end=\"1155\">Cozy Cafe Idle<\/strong> j\u00e1t\u00e9kban, ahol finom \u00e9teleket szolg\u00e1lsz fel az im\u00e1dnival\u00f3 \u00e1llatos v\u00e1s\u00e1rl\u00f3knak. Termessz alapanyagokat, f\u0151zz t\u00f6bb mint 300 receptet, \u00e9s dekor\u00e1ld a l\u00e9tes\u00edtm\u00e9nyt a saj\u00e1t st\u00edlusod szerint. A Twitch integr\u00e1ci\u00f3val \u00e9s a Postal Service rendszerrel online sz\u00f3rakoztathatod magad, vagy megl\u00e1togathatod bar\u00e1taid k\u00e1v\u00e9z\u00f3it.  <\/p>\n","protected":false},"featured_media":51131,"template":"","meta":{"_acf_changed":false,"site-sidebar-layout":"default","site-content-layout":"","ast-site-content-layout":"default","site-content-style":"default","site-sidebar-style":"default","ast-global-header-display":"","ast-banner-title-visibility":"","ast-main-header-display":"","ast-hfb-above-header-display":"","ast-hfb-below-header-display":"","ast-hfb-mobile-header-display":"","site-post-title":"","ast-breadcrumbs-content":"","ast-featured-img":"","footer-sml-layout":"","ast-disable-related-posts":"","theme-transparent-header-meta":"default","adv-header-id-meta":"","stick-header-meta":"","header-above-stick-meta":"","header-main-stick-meta":"","header-below-stick-meta":"","astra-migrate-meta-layouts":"default","ast-page-background-enabled":"default","ast-page-background-meta":{"desktop":{"background-color":"var(--ast-global-color-4)","background-image":"","background-repeat":"repeat","background-position":"center center","background-size":"auto","background-attachment":"scroll","background-type":"","background-media":"","overlay-type":"","overlay-color":"","overlay-opacity":"","overlay-gradient":""},"tablet":{"background-color":"","background-image":"","background-repeat":"repeat","background-position":"center center","background-size":"auto","background-attachment":"scroll","background-type":"","background-media":"","overlay-type":"","overlay-color":"","overlay-opacity":"","overlay-gradient":""},"mobile":{"background-color":"","background-image":"","background-repeat":"repeat","background-position":"center center","background-size":"auto","background-attachment":"scroll","background-type":"","background-media":"","overlay-type":"","overlay-color":"","overlay-opacity":"","overlay-gradient":""}},"ast-content-background-meta":{"desktop":{"background-color":"var(--ast-global-color-5)","background-image":"","background-repeat":"repeat","background-position":"center center","background-size":"auto","background-attachment":"scroll","background-type":"","background-media":"","overlay-type":"","overlay-color":"","overlay-opacity":"","overlay-gradient":""},"tablet":{"background-color":"var(--ast-global-color-5)","background-image":"","background-repeat":"repeat","background-position":"center center","background-size":"auto","background-attachment":"scroll","background-type":"","background-media":"","overlay-type":"","overlay-color":"","overlay-opacity":"","overlay-gradient":""},"mobile":{"background-color":"var(--ast-global-color-5)","background-image":"","background-repeat":"repeat","background-position":"center center","background-size":"auto","background-attachment":"scroll","background-type":"","background-media":"","overlay-type":"","overlay-color":"","overlay-opacity":"","overlay-gradient":""}}},"product_brand":[],"product_cat":[755,365,392,372,335],"product_tag":[],"class_list":{"0":"post-51139","1":"product","2":"type-product","3":"status-publish","4":"has-post-thumbnail","6":"product_cat-flyhigh-works","7":"product_cat-goz","8":"product_cat-india","9":"product_cat-jatekok-szimulatorok","10":"product_cat-wyprzedaz","11":"desktop-align-left","12":"tablet-align-left","13":"mobile-align-left","15":"first","16":"instock","17":"virtual","18":"product-type-simple"},"acf":[],"yoast_head":"<!-- This site is optimized with the Yoast SEO Premium plugin v27.5 (Yoast SEO v27.5) - https:\/\/yoast.com\/product\/yoast-seo-premium-wordpress\/ -->\n<title>Not Monday Cafe - Prismagamers.com<\/title>\n<meta name=\"description\" content=\"\u00c9p\u00edtsd meg \u00e9s ir\u00e1ny\u00edtsd \u00e1lmaid k\u00e1v\u00e9z\u00f3j\u00e1t a Cozy Cafe Idle j\u00e1t\u00e9kban, ahol finom \u00e9teleket szolg\u00e1lsz fel az im\u00e1dnival\u00f3 \u00e1llatos v\u00e1s\u00e1rl\u00f3knak. Termessz alapanyagokat, f\u0151zz t\u00f6bb mint 300 receptet, \u00e9s dekor\u00e1ld a l\u00e9tes\u00edtm\u00e9nyt a saj\u00e1t st\u00edlusod szerint. A Twitch integr\u00e1ci\u00f3val \u00e9s a Postal Service rendszerrel online sz\u00f3rakoztathatod magad, vagy megl\u00e1togathatod bar\u00e1taid k\u00e1v\u00e9z\u00f3it.\" \/>\n<meta name=\"robots\" content=\"index, follow, max-snippet:-1, max-image-preview:large, max-video-preview:-1\" \/>\n<link rel=\"canonical\" href=\"https:\/\/prismagamers.com\/hu\/produkt\/not-monday-cafe\/\" \/>\n<meta property=\"og:locale\" content=\"hu_HU\" \/>\n<meta property=\"og:type\" content=\"article\" \/>\n<meta property=\"og:title\" content=\"Not Monday Cafe\" \/>\n<meta property=\"og:description\" content=\"\u00c9p\u00edtsd meg \u00e9s ir\u00e1ny\u00edtsd \u00e1lmaid k\u00e1v\u00e9z\u00f3j\u00e1t a Cozy Cafe Idle j\u00e1t\u00e9kban, ahol finom \u00e9teleket szolg\u00e1lsz fel az im\u00e1dnival\u00f3 \u00e1llatos v\u00e1s\u00e1rl\u00f3knak. Termessz alapanyagokat, f\u0151zz t\u00f6bb mint 300 receptet, \u00e9s dekor\u00e1ld a l\u00e9tes\u00edtm\u00e9nyt a saj\u00e1t st\u00edlusod szerint. A Twitch integr\u00e1ci\u00f3val \u00e9s a Postal Service rendszerrel online sz\u00f3rakoztathatod magad, vagy megl\u00e1togathatod bar\u00e1taid k\u00e1v\u00e9z\u00f3it.\" \/>\n<meta property=\"og:url\" content=\"https:\/\/prismagamers.com\/hu\/produkt\/not-monday-cafe\/\" \/>\n<meta property=\"og:site_name\" content=\"Prismagamers.com\" \/>\n<meta property=\"article:publisher\" content=\"https:\/\/www.facebook.com\/prismagamers\" \/>\n<meta property=\"article:modified_time\" content=\"2026-05-06T00:13:44+00:00\" \/>\n<meta property=\"og:image\" content=\"https:\/\/prismagamers.com\/wp-content\/uploads\/2026\/03\/9mj83YsFpsxnTp7HhTHI5LvYChom4xGQz1kx4ffECX4.jpg\" \/>\n\t<meta property=\"og:image:width\" content=\"374\" \/>\n\t<meta property=\"og:image:height\" content=\"448\" \/>\n\t<meta property=\"og:image:type\" content=\"image\/jpeg\" \/>\n<meta name=\"twitter:card\" content=\"summary_large_image\" \/>\n<meta name=\"twitter:label1\" content=\"Becs\u00fclt olvas\u00e1si id\u0151\" \/>\n\t<meta name=\"twitter:data1\" content=\"1 perc\" \/>\n<script type=\"application\/ld+json\" class=\"yoast-schema-graph\">{\"@context\":\"https:\\\/\\\/schema.org\",\"@graph\":[{\"@type\":\"WebPage\",\"@id\":\"https:\\\/\\\/prismagamers.com\\\/hu\\\/produkt\\\/not-monday-cafe\\\/\",\"url\":\"https:\\\/\\\/prismagamers.com\\\/hu\\\/produkt\\\/not-monday-cafe\\\/\",\"name\":\"Not Monday Cafe - Prismagamers.com\",\"isPartOf\":{\"@id\":\"https:\\\/\\\/prismagamers.com\\\/hu\\\/#website\"},\"primaryImageOfPage\":{\"@id\":\"https:\\\/\\\/prismagamers.com\\\/hu\\\/produkt\\\/not-monday-cafe\\\/#primaryimage\"},\"image\":{\"@id\":\"https:\\\/\\\/prismagamers.com\\\/hu\\\/produkt\\\/not-monday-cafe\\\/#primaryimage\"},\"thumbnailUrl\":\"https:\\\/\\\/prismagamers.com\\\/wp-content\\\/uploads\\\/2026\\\/03\\\/9mj83YsFpsxnTp7HhTHI5LvYChom4xGQz1kx4ffECX4.jpg\",\"datePublished\":\"2026-02-28T23:48:35+00:00\",\"dateModified\":\"2026-05-06T00:13:44+00:00\",\"description\":\"\u00c9p\u00edtsd meg \u00e9s ir\u00e1ny\u00edtsd \u00e1lmaid k\u00e1v\u00e9z\u00f3j\u00e1t a Cozy Cafe Idle j\u00e1t\u00e9kban, ahol finom \u00e9teleket szolg\u00e1lsz fel az im\u00e1dnival\u00f3 \u00e1llatos v\u00e1s\u00e1rl\u00f3knak. Termessz alapanyagokat, f\u0151zz t\u00f6bb mint 300 receptet, \u00e9s dekor\u00e1ld a l\u00e9tes\u00edtm\u00e9nyt a saj\u00e1t st\u00edlusod szerint. A Twitch integr\u00e1ci\u00f3val \u00e9s a Postal Service rendszerrel online sz\u00f3rakoztathatod magad, vagy megl\u00e1togathatod bar\u00e1taid k\u00e1v\u00e9z\u00f3it.\",\"breadcrumb\":{\"@id\":\"https:\\\/\\\/prismagamers.com\\\/hu\\\/produkt\\\/not-monday-cafe\\\/#breadcrumb\"},\"inLanguage\":\"hu\",\"potentialAction\":[{\"@type\":\"ReadAction\",\"target\":[\"https:\\\/\\\/prismagamers.com\\\/hu\\\/produkt\\\/not-monday-cafe\\\/\"]}]},{\"@type\":\"ImageObject\",\"inLanguage\":\"hu\",\"@id\":\"https:\\\/\\\/prismagamers.com\\\/hu\\\/produkt\\\/not-monday-cafe\\\/#primaryimage\",\"url\":\"https:\\\/\\\/prismagamers.com\\\/wp-content\\\/uploads\\\/2026\\\/03\\\/9mj83YsFpsxnTp7HhTHI5LvYChom4xGQz1kx4ffECX4.jpg\",\"contentUrl\":\"https:\\\/\\\/prismagamers.com\\\/wp-content\\\/uploads\\\/2026\\\/03\\\/9mj83YsFpsxnTp7HhTHI5LvYChom4xGQz1kx4ffECX4.jpg\",\"width\":374,\"height\":448},{\"@type\":\"BreadcrumbList\",\"@id\":\"https:\\\/\\\/prismagamers.com\\\/hu\\\/produkt\\\/not-monday-cafe\\\/#breadcrumb\",\"itemListElement\":[{\"@type\":\"ListItem\",\"position\":1,\"name\":\"Strona g\u0142\u00f3wna\",\"item\":\"https:\\\/\\\/prismagamers.com\\\/hu\\\/prismagamers\\\/\"},{\"@type\":\"ListItem\",\"position\":2,\"name\":\"Shop\",\"item\":\"https:\\\/\\\/prismagamers.com\\\/hu\\\/shop\\\/\"},{\"@type\":\"ListItem\",\"position\":3,\"name\":\"Not Monday Cafe\"}]},{\"@type\":\"WebSite\",\"@id\":\"https:\\\/\\\/prismagamers.com\\\/hu\\\/#website\",\"url\":\"https:\\\/\\\/prismagamers.com\\\/hu\\\/\",\"name\":\"Prismagamers\",\"description\":\"Sklep z grami PC I Sklep klucze Steam\",\"publisher\":{\"@id\":\"https:\\\/\\\/prismagamers.com\\\/hu\\\/#organization\"},\"potentialAction\":[{\"@type\":\"SearchAction\",\"target\":{\"@type\":\"EntryPoint\",\"urlTemplate\":\"https:\\\/\\\/prismagamers.com\\\/hu\\\/?s={search_term_string}\"},\"query-input\":{\"@type\":\"PropertyValueSpecification\",\"valueRequired\":true,\"valueName\":\"search_term_string\"}}],\"inLanguage\":\"hu\"},{\"@type\":\"Organization\",\"@id\":\"https:\\\/\\\/prismagamers.com\\\/hu\\\/#organization\",\"name\":\"Prismagamers\",\"url\":\"https:\\\/\\\/prismagamers.com\\\/hu\\\/\",\"logo\":{\"@type\":\"ImageObject\",\"inLanguage\":\"hu\",\"@id\":\"https:\\\/\\\/prismagamers.com\\\/hu\\\/#\\\/schema\\\/logo\\\/image\\\/\",\"url\":\"https:\\\/\\\/prismagamers.com\\\/wp-content\\\/uploads\\\/2022\\\/04\\\/cropped-logo-Prismagamers-01-scaled-1.jpg\",\"contentUrl\":\"https:\\\/\\\/prismagamers.com\\\/wp-content\\\/uploads\\\/2022\\\/04\\\/cropped-logo-Prismagamers-01-scaled-1.jpg\",\"width\":512,\"height\":512,\"caption\":\"Prismagamers\"},\"image\":{\"@id\":\"https:\\\/\\\/prismagamers.com\\\/hu\\\/#\\\/schema\\\/logo\\\/image\\\/\"},\"sameAs\":[\"https:\\\/\\\/www.facebook.com\\\/prismagamers\",\"https:\\\/\\\/www.instagram.com\\\/prismagamers_grycyfrowe\\\/\"],\"description\":\"Prismagamers.com to dynamiczny sklep z grami cyfrowymi, stworzony z my\u015bl\u0105 o entuzjastach gier wideo. Nasza strona oferuje szerok\u0105 gam\u0119 gier komputerowych, w tym najnowsze tytu\u0142y, dobrze znane klasyki oraz gry stworzone przez niezale\u017cne studia Ca\u0142y czas d\u0105\u017cymy do rozszerzenia naszej oferty. Do\u0142\u0105cz do nas i sta\u0144 si\u0119 cz\u0119\u015bci\u0105 naszej rosn\u0105cej spo\u0142eczno\u015bci graczy!\",\"email\":\"shop@prismagamers.com\",\"telephone\":\"48795541705\",\"legalName\":\"East Caravan Maksym \u017bukow\",\"foundingDate\":\"2012-05-10\",\"vatID\":\"PL8943038612\",\"taxID\":\"PL8943038612\",\"numberOfEmployees\":{\"@type\":\"QuantitativeValue\",\"minValue\":\"11\",\"maxValue\":\"50\"}}]}<\/script>\n<!-- \/ Yoast SEO Premium plugin. -->","yoast_head_json":{"title":"Not Monday Cafe - Prismagamers.com","description":"\u00c9p\u00edtsd meg \u00e9s ir\u00e1ny\u00edtsd \u00e1lmaid k\u00e1v\u00e9z\u00f3j\u00e1t a Cozy Cafe Idle j\u00e1t\u00e9kban, ahol finom \u00e9teleket szolg\u00e1lsz fel az im\u00e1dnival\u00f3 \u00e1llatos v\u00e1s\u00e1rl\u00f3knak. Termessz alapanyagokat, f\u0151zz t\u00f6bb mint 300 receptet, \u00e9s dekor\u00e1ld a l\u00e9tes\u00edtm\u00e9nyt a saj\u00e1t st\u00edlusod szerint. A Twitch integr\u00e1ci\u00f3val \u00e9s a Postal Service rendszerrel online sz\u00f3rakoztathatod magad, vagy megl\u00e1togathatod bar\u00e1taid k\u00e1v\u00e9z\u00f3it.","robots":{"index":"index","follow":"follow","max-snippet":"max-snippet:-1","max-image-preview":"max-image-preview:large","max-video-preview":"max-video-preview:-1"},"canonical":"https:\/\/prismagamers.com\/hu\/produkt\/not-monday-cafe\/","og_locale":"hu_HU","og_type":"article","og_title":"Not Monday Cafe","og_description":"\u00c9p\u00edtsd meg \u00e9s ir\u00e1ny\u00edtsd \u00e1lmaid k\u00e1v\u00e9z\u00f3j\u00e1t a Cozy Cafe Idle j\u00e1t\u00e9kban, ahol finom \u00e9teleket szolg\u00e1lsz fel az im\u00e1dnival\u00f3 \u00e1llatos v\u00e1s\u00e1rl\u00f3knak. Termessz alapanyagokat, f\u0151zz t\u00f6bb mint 300 receptet, \u00e9s dekor\u00e1ld a l\u00e9tes\u00edtm\u00e9nyt a saj\u00e1t st\u00edlusod szerint. A Twitch integr\u00e1ci\u00f3val \u00e9s a Postal Service rendszerrel online sz\u00f3rakoztathatod magad, vagy megl\u00e1togathatod bar\u00e1taid k\u00e1v\u00e9z\u00f3it.","og_url":"https:\/\/prismagamers.com\/hu\/produkt\/not-monday-cafe\/","og_site_name":"Prismagamers.com","article_publisher":"https:\/\/www.facebook.com\/prismagamers","article_modified_time":"2026-05-06T00:13:44+00:00","og_image":[{"width":374,"height":448,"url":"https:\/\/prismagamers.com\/wp-content\/uploads\/2026\/03\/9mj83YsFpsxnTp7HhTHI5LvYChom4xGQz1kx4ffECX4.jpg","type":"image\/jpeg"}],"twitter_card":"summary_large_image","twitter_misc":{"Becs\u00fclt olvas\u00e1si id\u0151":"1 perc"},"schema":{"@context":"https:\/\/schema.org","@graph":[{"@type":"WebPage","@id":"https:\/\/prismagamers.com\/hu\/produkt\/not-monday-cafe\/","url":"https:\/\/prismagamers.com\/hu\/produkt\/not-monday-cafe\/","name":"Not Monday Cafe - Prismagamers.com","isPartOf":{"@id":"https:\/\/prismagamers.com\/hu\/#website"},"primaryImageOfPage":{"@id":"https:\/\/prismagamers.com\/hu\/produkt\/not-monday-cafe\/#primaryimage"},"image":{"@id":"https:\/\/prismagamers.com\/hu\/produkt\/not-monday-cafe\/#primaryimage"},"thumbnailUrl":"https:\/\/prismagamers.com\/wp-content\/uploads\/2026\/03\/9mj83YsFpsxnTp7HhTHI5LvYChom4xGQz1kx4ffECX4.jpg","datePublished":"2026-02-28T23:48:35+00:00","dateModified":"2026-05-06T00:13:44+00:00","description":"\u00c9p\u00edtsd meg \u00e9s ir\u00e1ny\u00edtsd \u00e1lmaid k\u00e1v\u00e9z\u00f3j\u00e1t a Cozy Cafe Idle j\u00e1t\u00e9kban, ahol finom \u00e9teleket szolg\u00e1lsz fel az im\u00e1dnival\u00f3 \u00e1llatos v\u00e1s\u00e1rl\u00f3knak. Termessz alapanyagokat, f\u0151zz t\u00f6bb mint 300 receptet, \u00e9s dekor\u00e1ld a l\u00e9tes\u00edtm\u00e9nyt a saj\u00e1t st\u00edlusod szerint. A Twitch integr\u00e1ci\u00f3val \u00e9s a Postal Service rendszerrel online sz\u00f3rakoztathatod magad, vagy megl\u00e1togathatod bar\u00e1taid k\u00e1v\u00e9z\u00f3it.","breadcrumb":{"@id":"https:\/\/prismagamers.com\/hu\/produkt\/not-monday-cafe\/#breadcrumb"},"inLanguage":"hu","potentialAction":[{"@type":"ReadAction","target":["https:\/\/prismagamers.com\/hu\/produkt\/not-monday-cafe\/"]}]},{"@type":"ImageObject","inLanguage":"hu","@id":"https:\/\/prismagamers.com\/hu\/produkt\/not-monday-cafe\/#primaryimage","url":"https:\/\/prismagamers.com\/wp-content\/uploads\/2026\/03\/9mj83YsFpsxnTp7HhTHI5LvYChom4xGQz1kx4ffECX4.jpg","contentUrl":"https:\/\/prismagamers.com\/wp-content\/uploads\/2026\/03\/9mj83YsFpsxnTp7HhTHI5LvYChom4xGQz1kx4ffECX4.jpg","width":374,"height":448},{"@type":"BreadcrumbList","@id":"https:\/\/prismagamers.com\/hu\/produkt\/not-monday-cafe\/#breadcrumb","itemListElement":[{"@type":"ListItem","position":1,"name":"Strona g\u0142\u00f3wna","item":"https:\/\/prismagamers.com\/hu\/prismagamers\/"},{"@type":"ListItem","position":2,"name":"Shop","item":"https:\/\/prismagamers.com\/hu\/shop\/"},{"@type":"ListItem","position":3,"name":"Not Monday Cafe"}]},{"@type":"WebSite","@id":"https:\/\/prismagamers.com\/hu\/#website","url":"https:\/\/prismagamers.com\/hu\/","name":"Prismagamers","description":"Sklep z grami PC I Sklep klucze Steam","publisher":{"@id":"https:\/\/prismagamers.com\/hu\/#organization"},"potentialAction":[{"@type":"SearchAction","target":{"@type":"EntryPoint","urlTemplate":"https:\/\/prismagamers.com\/hu\/?s={search_term_string}"},"query-input":{"@type":"PropertyValueSpecification","valueRequired":true,"valueName":"search_term_string"}}],"inLanguage":"hu"},{"@type":"Organization","@id":"https:\/\/prismagamers.com\/hu\/#organization","name":"Prismagamers","url":"https:\/\/prismagamers.com\/hu\/","logo":{"@type":"ImageObject","inLanguage":"hu","@id":"https:\/\/prismagamers.com\/hu\/#\/schema\/logo\/image\/","url":"https:\/\/prismagamers.com\/wp-content\/uploads\/2022\/04\/cropped-logo-Prismagamers-01-scaled-1.jpg","contentUrl":"https:\/\/prismagamers.com\/wp-content\/uploads\/2022\/04\/cropped-logo-Prismagamers-01-scaled-1.jpg","width":512,"height":512,"caption":"Prismagamers"},"image":{"@id":"https:\/\/prismagamers.com\/hu\/#\/schema\/logo\/image\/"},"sameAs":["https:\/\/www.facebook.com\/prismagamers","https:\/\/www.instagram.com\/prismagamers_grycyfrowe\/"],"description":"Prismagamers.com to dynamiczny sklep z grami cyfrowymi, stworzony z my\u015bl\u0105 o entuzjastach gier wideo. Nasza strona oferuje szerok\u0105 gam\u0119 gier komputerowych, w tym najnowsze tytu\u0142y, dobrze znane klasyki oraz gry stworzone przez niezale\u017cne studia Ca\u0142y czas d\u0105\u017cymy do rozszerzenia naszej oferty. Do\u0142\u0105cz do nas i sta\u0144 si\u0119 cz\u0119\u015bci\u0105 naszej rosn\u0105cej spo\u0142eczno\u015bci graczy!","email":"shop@prismagamers.com","telephone":"48795541705","legalName":"East Caravan Maksym \u017bukow","foundingDate":"2012-05-10","vatID":"PL8943038612","taxID":"PL8943038612","numberOfEmployees":{"@type":"QuantitativeValue","minValue":"11","maxValue":"50"}}]}},"_links":{"self":[{"href":"https:\/\/prismagamers.com\/hu\/wp-json\/wp\/v2\/product\/51139","targetHints":{"allow":["GET"]}}],"collection":[{"href":"https:\/\/prismagamers.com\/hu\/wp-json\/wp\/v2\/product"}],"about":[{"href":"https:\/\/prismagamers.com\/hu\/wp-json\/wp\/v2\/types\/product"}],"wp:featuredmedia":[{"embeddable":true,"href":"https:\/\/prismagamers.com\/hu\/wp-json\/wp\/v2\/media\/51131"}],"wp:attachment":[{"href":"https:\/\/prismagamers.com\/hu\/wp-json\/wp\/v2\/media?parent=51139"}],"wp:term":[{"taxonomy":"product_brand","embeddable":true,"href":"https:\/\/prismagamers.com\/hu\/wp-json\/wp\/v2\/product_brand?post=51139"},{"taxonomy":"product_cat","embeddable":true,"href":"https:\/\/prismagamers.com\/hu\/wp-json\/wp\/v2\/product_cat?post=51139"},{"taxonomy":"product_tag","embeddable":true,"href":"https:\/\/prismagamers.com\/hu\/wp-json\/wp\/v2\/product_tag?post=51139"}],"curies":[{"name":"wp","href":"https:\/\/api.w.org\/{rel}","templated":true}]}}