{"id":51171,"date":"2026-03-01T00:59:55","date_gmt":"2026-02-28T23:59:55","guid":{"rendered":"https:\/\/prismagamers.com\/produkt\/startenders-intergalactic-bartending\/"},"modified":"2026-05-09T02:18:52","modified_gmt":"2026-05-09T00:18:52","slug":"startenders-intergalactic-bartending","status":"publish","type":"product","link":"https:\/\/prismagamers.com\/hu\/produkt\/startenders-intergalactic-bartending\/","title":{"rendered":"Startenders: Intergalactic Bartending"},"content":{"rendered":"<p data-start=\"50\" data-end=\"387\">A <strong data-start=\"50\" data-end=\"65\">Startenders<\/strong> egy egyed\u00fcl\u00e1ll\u00f3 <strong data-start=\"79\" data-end=\"99\">VR-\u00e9lm\u00e9ny<\/strong>, amelyben a Startenders Academy &#8211; egy intergalaktikus csaposok iskol\u00e1ja &#8211; \u00faj di\u00e1kj\u00e1nak szerep\u00e9be b\u00fajhatsz. Elrabolva \u00e9s kiss\u00e9 zavartan, az a feladatod, hogy szokatlan italokat k\u00e9sz\u00edts a sz\u00ednes vend\u00e9geknek, mik\u00f6zben megpr\u00f3b\u00e1lod elrejteni, hogy fogalmad sincs, mit csin\u00e1lsz! <\/p>\n<p data-start=\"389\" data-end=\"721\">Haszn\u00e1lj <strong data-start=\"401\" data-end=\"455\">shakereket, \u0151r\u00fclt g\u00e9peket \u00e9s galaktikus \u00f6sszetev\u0151ket<\/strong>, hogy kokt\u00e9lokat keverj, r\u00e1zz \u00e9s szolg\u00e1lj fel az eg\u00e9sz univerzumban. K\u00eds\u00e9rletezz t\u00f6bb mint <strong data-start=\"541\" data-end=\"573\">100 000 lehets\u00e9ges kombin\u00e1ci\u00f3val<\/strong>, fejleszd a g\u00e9peidet, n\u00f6veld a hat\u00e9konys\u00e1godat, \u00e9s ker\u00fclj a <strong data-start=\"643\" data-end=\"668\">Daily Shift ranglista<\/strong> \u00e9l\u00e9re, hogy a 7C szektor legjobb Startender\u00e9v\u00e9 v\u00e1lj. <\/p>\n<p data-start=\"723\" data-end=\"822\">Mindehhez adj hozz\u00e1 egyed\u00fcl\u00e1ll\u00f3 kil\u00e1t\u00e1st VR-ben, \u00e9s \u00e9rezd magad igazi csillagk\u00f6zi csaposnak!<\/p>\n","protected":false},"excerpt":{"rendered":"<p>A <strong data-start=\"862\" data-end=\"877\">Startenders<\/strong> egy VR-kaland, ahol \u0151r\u00fclt kokt\u00e9lokat k\u00e9sz\u00edthetsz intergalaktikus \u00fcgyfelek sz\u00e1m\u00e1ra. Keverj \u00f6ssze t\u00f6bb mint <strong data-start=\"980\" data-end=\"1002\">100 000 kombin\u00e1ci\u00f3t<\/strong>, fejleszd a g\u00e9peket \u00e9s versenyezz a Daily Shift ranglist\u00e1n. Legy\u00e9l a legjobb Startender a 7C szektorban, mik\u00f6zben egy mag\u00e1val ragad\u00f3 VR-\u00e9lm\u00e9nyt \u00e9lvezhetsz.  <\/p>\n","protected":false},"featured_media":51163,"template":"","meta":{"_acf_changed":false,"site-sidebar-layout":"default","site-content-layout":"","ast-site-content-layout":"default","site-content-style":"default","site-sidebar-style":"default","ast-global-header-display":"","ast-banner-title-visibility":"","ast-main-header-display":"","ast-hfb-above-header-display":"","ast-hfb-below-header-display":"","ast-hfb-mobile-header-display":"","site-post-title":"","ast-breadcrumbs-content":"","ast-featured-img":"","footer-sml-layout":"","ast-disable-related-posts":"","theme-transparent-header-meta":"default","adv-header-id-meta":"","stick-header-meta":"","header-above-stick-meta":"","header-main-stick-meta":"","header-below-stick-meta":"","astra-migrate-meta-layouts":"default","ast-page-background-enabled":"default","ast-page-background-meta":{"desktop":{"background-color":"var(--ast-global-color-4)","background-image":"","background-repeat":"repeat","background-position":"center center","background-size":"auto","background-attachment":"scroll","background-type":"","background-media":"","overlay-type":"","overlay-color":"","overlay-opacity":"","overlay-gradient":""},"tablet":{"background-color":"","background-image":"","background-repeat":"repeat","background-position":"center center","background-size":"auto","background-attachment":"scroll","background-type":"","background-media":"","overlay-type":"","overlay-color":"","overlay-opacity":"","overlay-gradient":""},"mobile":{"background-color":"","background-image":"","background-repeat":"repeat","background-position":"center center","background-size":"auto","background-attachment":"scroll","background-type":"","background-media":"","overlay-type":"","overlay-color":"","overlay-opacity":"","overlay-gradient":""}},"ast-content-background-meta":{"desktop":{"background-color":"var(--ast-global-color-5)","background-image":"","background-repeat":"repeat","background-position":"center center","background-size":"auto","background-attachment":"scroll","background-type":"","background-media":"","overlay-type":"","overlay-color":"","overlay-opacity":"","overlay-gradient":""},"tablet":{"background-color":"var(--ast-global-color-5)","background-image":"","background-repeat":"repeat","background-position":"center center","background-size":"auto","background-attachment":"scroll","background-type":"","background-media":"","overlay-type":"","overlay-color":"","overlay-opacity":"","overlay-gradient":""},"mobile":{"background-color":"var(--ast-global-color-5)","background-image":"","background-repeat":"repeat","background-position":"center center","background-size":"auto","background-attachment":"scroll","background-type":"","background-media":"","overlay-type":"","overlay-color":"","overlay-opacity":"","overlay-gradient":""}}},"product_brand":[],"product_cat":[365,392,372,335,391],"product_tag":[],"class_list":{"0":"post-51171","1":"product","2":"type-product","3":"status-publish","4":"has-post-thumbnail","6":"product_cat-goz","7":"product_cat-india","8":"product_cat-jatekok-szimulatorok","9":"product_cat-wyprzedaz","10":"product_cat-yogscast-jatekok","11":"desktop-align-left","12":"tablet-align-left","13":"mobile-align-left","15":"first","16":"instock","17":"virtual","18":"purchasable","19":"product-type-simple"},"acf":[],"yoast_head":"<!-- This site is optimized with the Yoast SEO Premium plugin v27.5 (Yoast SEO v27.5) - https:\/\/yoast.com\/product\/yoast-seo-premium-wordpress\/ -->\n<title>Startenders: Intergalactic Bartending - Prismagamers.com<\/title>\n<meta name=\"description\" content=\"A Startenders egy VR-kaland, ahol \u0151r\u00fclt kokt\u00e9lokat k\u00e9sz\u00edthetsz intergalaktikus \u00fcgyfelek sz\u00e1m\u00e1ra. Keverj \u00f6ssze t\u00f6bb mint 100 000 kombin\u00e1ci\u00f3t, fejleszd a g\u00e9peket \u00e9s versenyezz a Daily Shift ranglist\u00e1n. Legy\u00e9l a legjobb Startender a 7C szektorban, mik\u00f6zben egy mag\u00e1val ragad\u00f3 VR-\u00e9lm\u00e9nyt \u00e9lvezhetsz.\" \/>\n<meta name=\"robots\" content=\"index, follow, max-snippet:-1, max-image-preview:large, max-video-preview:-1\" \/>\n<link rel=\"canonical\" href=\"https:\/\/prismagamers.com\/hu\/produkt\/startenders-intergalactic-bartending\/\" \/>\n<meta property=\"og:locale\" content=\"hu_HU\" \/>\n<meta property=\"og:type\" content=\"article\" \/>\n<meta property=\"og:title\" content=\"Startenders: Intergalactic Bartending\" \/>\n<meta property=\"og:description\" content=\"A Startenders egy VR-kaland, ahol \u0151r\u00fclt kokt\u00e9lokat k\u00e9sz\u00edthetsz intergalaktikus \u00fcgyfelek sz\u00e1m\u00e1ra. Keverj \u00f6ssze t\u00f6bb mint 100 000 kombin\u00e1ci\u00f3t, fejleszd a g\u00e9peket \u00e9s versenyezz a Daily Shift ranglist\u00e1n. Legy\u00e9l a legjobb Startender a 7C szektorban, mik\u00f6zben egy mag\u00e1val ragad\u00f3 VR-\u00e9lm\u00e9nyt \u00e9lvezhetsz.\" \/>\n<meta property=\"og:url\" content=\"https:\/\/prismagamers.com\/hu\/produkt\/startenders-intergalactic-bartending\/\" \/>\n<meta property=\"og:site_name\" content=\"Prismagamers.com\" \/>\n<meta property=\"article:publisher\" content=\"https:\/\/www.facebook.com\/prismagamers\" \/>\n<meta property=\"article:modified_time\" content=\"2026-05-09T00:18:52+00:00\" \/>\n<meta property=\"og:image\" content=\"https:\/\/prismagamers.com\/wp-content\/uploads\/2026\/03\/header-17.jpg\" \/>\n\t<meta property=\"og:image:width\" content=\"460\" \/>\n\t<meta property=\"og:image:height\" content=\"215\" \/>\n\t<meta property=\"og:image:type\" content=\"image\/jpeg\" \/>\n<meta name=\"twitter:card\" content=\"summary_large_image\" \/>\n<meta name=\"twitter:label1\" content=\"Becs\u00fclt olvas\u00e1si id\u0151\" \/>\n\t<meta name=\"twitter:data1\" content=\"1 perc\" \/>\n<script type=\"application\/ld+json\" class=\"yoast-schema-graph\">{\"@context\":\"https:\\\/\\\/schema.org\",\"@graph\":[{\"@type\":\"WebPage\",\"@id\":\"https:\\\/\\\/prismagamers.com\\\/hu\\\/produkt\\\/startenders-intergalactic-bartending\\\/\",\"url\":\"https:\\\/\\\/prismagamers.com\\\/hu\\\/produkt\\\/startenders-intergalactic-bartending\\\/\",\"name\":\"Startenders: Intergalactic Bartending - Prismagamers.com\",\"isPartOf\":{\"@id\":\"https:\\\/\\\/prismagamers.com\\\/hu\\\/#website\"},\"primaryImageOfPage\":{\"@id\":\"https:\\\/\\\/prismagamers.com\\\/hu\\\/produkt\\\/startenders-intergalactic-bartending\\\/#primaryimage\"},\"image\":{\"@id\":\"https:\\\/\\\/prismagamers.com\\\/hu\\\/produkt\\\/startenders-intergalactic-bartending\\\/#primaryimage\"},\"thumbnailUrl\":\"https:\\\/\\\/prismagamers.com\\\/wp-content\\\/uploads\\\/2026\\\/03\\\/header-17.jpg\",\"datePublished\":\"2026-02-28T23:59:55+00:00\",\"dateModified\":\"2026-05-09T00:18:52+00:00\",\"description\":\"A Startenders egy VR-kaland, ahol \u0151r\u00fclt kokt\u00e9lokat k\u00e9sz\u00edthetsz intergalaktikus \u00fcgyfelek sz\u00e1m\u00e1ra. Keverj \u00f6ssze t\u00f6bb mint 100 000 kombin\u00e1ci\u00f3t, fejleszd a g\u00e9peket \u00e9s versenyezz a Daily Shift ranglist\u00e1n. Legy\u00e9l a legjobb Startender a 7C szektorban, mik\u00f6zben egy mag\u00e1val ragad\u00f3 VR-\u00e9lm\u00e9nyt \u00e9lvezhetsz.\",\"breadcrumb\":{\"@id\":\"https:\\\/\\\/prismagamers.com\\\/hu\\\/produkt\\\/startenders-intergalactic-bartending\\\/#breadcrumb\"},\"inLanguage\":\"hu\",\"potentialAction\":[{\"@type\":\"ReadAction\",\"target\":[\"https:\\\/\\\/prismagamers.com\\\/hu\\\/produkt\\\/startenders-intergalactic-bartending\\\/\"]}]},{\"@type\":\"ImageObject\",\"inLanguage\":\"hu\",\"@id\":\"https:\\\/\\\/prismagamers.com\\\/hu\\\/produkt\\\/startenders-intergalactic-bartending\\\/#primaryimage\",\"url\":\"https:\\\/\\\/prismagamers.com\\\/wp-content\\\/uploads\\\/2026\\\/03\\\/header-17.jpg\",\"contentUrl\":\"https:\\\/\\\/prismagamers.com\\\/wp-content\\\/uploads\\\/2026\\\/03\\\/header-17.jpg\",\"width\":460,\"height\":215},{\"@type\":\"BreadcrumbList\",\"@id\":\"https:\\\/\\\/prismagamers.com\\\/hu\\\/produkt\\\/startenders-intergalactic-bartending\\\/#breadcrumb\",\"itemListElement\":[{\"@type\":\"ListItem\",\"position\":1,\"name\":\"Strona g\u0142\u00f3wna\",\"item\":\"https:\\\/\\\/prismagamers.com\\\/hu\\\/prismagamers\\\/\"},{\"@type\":\"ListItem\",\"position\":2,\"name\":\"Shop\",\"item\":\"https:\\\/\\\/prismagamers.com\\\/hu\\\/shop\\\/\"},{\"@type\":\"ListItem\",\"position\":3,\"name\":\"Startenders: Intergalactic Bartending\"}]},{\"@type\":\"WebSite\",\"@id\":\"https:\\\/\\\/prismagamers.com\\\/hu\\\/#website\",\"url\":\"https:\\\/\\\/prismagamers.com\\\/hu\\\/\",\"name\":\"Prismagamers\",\"description\":\"Sklep z grami PC I Sklep klucze Steam\",\"publisher\":{\"@id\":\"https:\\\/\\\/prismagamers.com\\\/hu\\\/#organization\"},\"potentialAction\":[{\"@type\":\"SearchAction\",\"target\":{\"@type\":\"EntryPoint\",\"urlTemplate\":\"https:\\\/\\\/prismagamers.com\\\/hu\\\/?s={search_term_string}\"},\"query-input\":{\"@type\":\"PropertyValueSpecification\",\"valueRequired\":true,\"valueName\":\"search_term_string\"}}],\"inLanguage\":\"hu\"},{\"@type\":\"Organization\",\"@id\":\"https:\\\/\\\/prismagamers.com\\\/hu\\\/#organization\",\"name\":\"Prismagamers\",\"url\":\"https:\\\/\\\/prismagamers.com\\\/hu\\\/\",\"logo\":{\"@type\":\"ImageObject\",\"inLanguage\":\"hu\",\"@id\":\"https:\\\/\\\/prismagamers.com\\\/hu\\\/#\\\/schema\\\/logo\\\/image\\\/\",\"url\":\"https:\\\/\\\/prismagamers.com\\\/wp-content\\\/uploads\\\/2022\\\/04\\\/cropped-logo-Prismagamers-01-scaled-1.jpg\",\"contentUrl\":\"https:\\\/\\\/prismagamers.com\\\/wp-content\\\/uploads\\\/2022\\\/04\\\/cropped-logo-Prismagamers-01-scaled-1.jpg\",\"width\":512,\"height\":512,\"caption\":\"Prismagamers\"},\"image\":{\"@id\":\"https:\\\/\\\/prismagamers.com\\\/hu\\\/#\\\/schema\\\/logo\\\/image\\\/\"},\"sameAs\":[\"https:\\\/\\\/www.facebook.com\\\/prismagamers\",\"https:\\\/\\\/www.instagram.com\\\/prismagamers_grycyfrowe\\\/\"],\"description\":\"Prismagamers.com to dynamiczny sklep z grami cyfrowymi, stworzony z my\u015bl\u0105 o entuzjastach gier wideo. Nasza strona oferuje szerok\u0105 gam\u0119 gier komputerowych, w tym najnowsze tytu\u0142y, dobrze znane klasyki oraz gry stworzone przez niezale\u017cne studia Ca\u0142y czas d\u0105\u017cymy do rozszerzenia naszej oferty. Do\u0142\u0105cz do nas i sta\u0144 si\u0119 cz\u0119\u015bci\u0105 naszej rosn\u0105cej spo\u0142eczno\u015bci graczy!\",\"email\":\"shop@prismagamers.com\",\"telephone\":\"48795541705\",\"legalName\":\"East Caravan Maksym \u017bukow\",\"foundingDate\":\"2012-05-10\",\"vatID\":\"PL8943038612\",\"taxID\":\"PL8943038612\",\"numberOfEmployees\":{\"@type\":\"QuantitativeValue\",\"minValue\":\"11\",\"maxValue\":\"50\"}}]}<\/script>\n<!-- \/ Yoast SEO Premium plugin. -->","yoast_head_json":{"title":"Startenders: Intergalactic Bartending - Prismagamers.com","description":"A Startenders egy VR-kaland, ahol \u0151r\u00fclt kokt\u00e9lokat k\u00e9sz\u00edthetsz intergalaktikus \u00fcgyfelek sz\u00e1m\u00e1ra. Keverj \u00f6ssze t\u00f6bb mint 100 000 kombin\u00e1ci\u00f3t, fejleszd a g\u00e9peket \u00e9s versenyezz a Daily Shift ranglist\u00e1n. Legy\u00e9l a legjobb Startender a 7C szektorban, mik\u00f6zben egy mag\u00e1val ragad\u00f3 VR-\u00e9lm\u00e9nyt \u00e9lvezhetsz.","robots":{"index":"index","follow":"follow","max-snippet":"max-snippet:-1","max-image-preview":"max-image-preview:large","max-video-preview":"max-video-preview:-1"},"canonical":"https:\/\/prismagamers.com\/hu\/produkt\/startenders-intergalactic-bartending\/","og_locale":"hu_HU","og_type":"article","og_title":"Startenders: Intergalactic Bartending","og_description":"A Startenders egy VR-kaland, ahol \u0151r\u00fclt kokt\u00e9lokat k\u00e9sz\u00edthetsz intergalaktikus \u00fcgyfelek sz\u00e1m\u00e1ra. Keverj \u00f6ssze t\u00f6bb mint 100 000 kombin\u00e1ci\u00f3t, fejleszd a g\u00e9peket \u00e9s versenyezz a Daily Shift ranglist\u00e1n. Legy\u00e9l a legjobb Startender a 7C szektorban, mik\u00f6zben egy mag\u00e1val ragad\u00f3 VR-\u00e9lm\u00e9nyt \u00e9lvezhetsz.","og_url":"https:\/\/prismagamers.com\/hu\/produkt\/startenders-intergalactic-bartending\/","og_site_name":"Prismagamers.com","article_publisher":"https:\/\/www.facebook.com\/prismagamers","article_modified_time":"2026-05-09T00:18:52+00:00","og_image":[{"width":460,"height":215,"url":"https:\/\/prismagamers.com\/wp-content\/uploads\/2026\/03\/header-17.jpg","type":"image\/jpeg"}],"twitter_card":"summary_large_image","twitter_misc":{"Becs\u00fclt olvas\u00e1si id\u0151":"1 perc"},"schema":{"@context":"https:\/\/schema.org","@graph":[{"@type":"WebPage","@id":"https:\/\/prismagamers.com\/hu\/produkt\/startenders-intergalactic-bartending\/","url":"https:\/\/prismagamers.com\/hu\/produkt\/startenders-intergalactic-bartending\/","name":"Startenders: Intergalactic Bartending - Prismagamers.com","isPartOf":{"@id":"https:\/\/prismagamers.com\/hu\/#website"},"primaryImageOfPage":{"@id":"https:\/\/prismagamers.com\/hu\/produkt\/startenders-intergalactic-bartending\/#primaryimage"},"image":{"@id":"https:\/\/prismagamers.com\/hu\/produkt\/startenders-intergalactic-bartending\/#primaryimage"},"thumbnailUrl":"https:\/\/prismagamers.com\/wp-content\/uploads\/2026\/03\/header-17.jpg","datePublished":"2026-02-28T23:59:55+00:00","dateModified":"2026-05-09T00:18:52+00:00","description":"A Startenders egy VR-kaland, ahol \u0151r\u00fclt kokt\u00e9lokat k\u00e9sz\u00edthetsz intergalaktikus \u00fcgyfelek sz\u00e1m\u00e1ra. Keverj \u00f6ssze t\u00f6bb mint 100 000 kombin\u00e1ci\u00f3t, fejleszd a g\u00e9peket \u00e9s versenyezz a Daily Shift ranglist\u00e1n. Legy\u00e9l a legjobb Startender a 7C szektorban, mik\u00f6zben egy mag\u00e1val ragad\u00f3 VR-\u00e9lm\u00e9nyt \u00e9lvezhetsz.","breadcrumb":{"@id":"https:\/\/prismagamers.com\/hu\/produkt\/startenders-intergalactic-bartending\/#breadcrumb"},"inLanguage":"hu","potentialAction":[{"@type":"ReadAction","target":["https:\/\/prismagamers.com\/hu\/produkt\/startenders-intergalactic-bartending\/"]}]},{"@type":"ImageObject","inLanguage":"hu","@id":"https:\/\/prismagamers.com\/hu\/produkt\/startenders-intergalactic-bartending\/#primaryimage","url":"https:\/\/prismagamers.com\/wp-content\/uploads\/2026\/03\/header-17.jpg","contentUrl":"https:\/\/prismagamers.com\/wp-content\/uploads\/2026\/03\/header-17.jpg","width":460,"height":215},{"@type":"BreadcrumbList","@id":"https:\/\/prismagamers.com\/hu\/produkt\/startenders-intergalactic-bartending\/#breadcrumb","itemListElement":[{"@type":"ListItem","position":1,"name":"Strona g\u0142\u00f3wna","item":"https:\/\/prismagamers.com\/hu\/prismagamers\/"},{"@type":"ListItem","position":2,"name":"Shop","item":"https:\/\/prismagamers.com\/hu\/shop\/"},{"@type":"ListItem","position":3,"name":"Startenders: Intergalactic Bartending"}]},{"@type":"WebSite","@id":"https:\/\/prismagamers.com\/hu\/#website","url":"https:\/\/prismagamers.com\/hu\/","name":"Prismagamers","description":"Sklep z grami PC I Sklep klucze Steam","publisher":{"@id":"https:\/\/prismagamers.com\/hu\/#organization"},"potentialAction":[{"@type":"SearchAction","target":{"@type":"EntryPoint","urlTemplate":"https:\/\/prismagamers.com\/hu\/?s={search_term_string}"},"query-input":{"@type":"PropertyValueSpecification","valueRequired":true,"valueName":"search_term_string"}}],"inLanguage":"hu"},{"@type":"Organization","@id":"https:\/\/prismagamers.com\/hu\/#organization","name":"Prismagamers","url":"https:\/\/prismagamers.com\/hu\/","logo":{"@type":"ImageObject","inLanguage":"hu","@id":"https:\/\/prismagamers.com\/hu\/#\/schema\/logo\/image\/","url":"https:\/\/prismagamers.com\/wp-content\/uploads\/2022\/04\/cropped-logo-Prismagamers-01-scaled-1.jpg","contentUrl":"https:\/\/prismagamers.com\/wp-content\/uploads\/2022\/04\/cropped-logo-Prismagamers-01-scaled-1.jpg","width":512,"height":512,"caption":"Prismagamers"},"image":{"@id":"https:\/\/prismagamers.com\/hu\/#\/schema\/logo\/image\/"},"sameAs":["https:\/\/www.facebook.com\/prismagamers","https:\/\/www.instagram.com\/prismagamers_grycyfrowe\/"],"description":"Prismagamers.com to dynamiczny sklep z grami cyfrowymi, stworzony z my\u015bl\u0105 o entuzjastach gier wideo. Nasza strona oferuje szerok\u0105 gam\u0119 gier komputerowych, w tym najnowsze tytu\u0142y, dobrze znane klasyki oraz gry stworzone przez niezale\u017cne studia Ca\u0142y czas d\u0105\u017cymy do rozszerzenia naszej oferty. Do\u0142\u0105cz do nas i sta\u0144 si\u0119 cz\u0119\u015bci\u0105 naszej rosn\u0105cej spo\u0142eczno\u015bci graczy!","email":"shop@prismagamers.com","telephone":"48795541705","legalName":"East Caravan Maksym \u017bukow","foundingDate":"2012-05-10","vatID":"PL8943038612","taxID":"PL8943038612","numberOfEmployees":{"@type":"QuantitativeValue","minValue":"11","maxValue":"50"}}]}},"_links":{"self":[{"href":"https:\/\/prismagamers.com\/hu\/wp-json\/wp\/v2\/product\/51171","targetHints":{"allow":["GET"]}}],"collection":[{"href":"https:\/\/prismagamers.com\/hu\/wp-json\/wp\/v2\/product"}],"about":[{"href":"https:\/\/prismagamers.com\/hu\/wp-json\/wp\/v2\/types\/product"}],"wp:featuredmedia":[{"embeddable":true,"href":"https:\/\/prismagamers.com\/hu\/wp-json\/wp\/v2\/media\/51163"}],"wp:attachment":[{"href":"https:\/\/prismagamers.com\/hu\/wp-json\/wp\/v2\/media?parent=51171"}],"wp:term":[{"taxonomy":"product_brand","embeddable":true,"href":"https:\/\/prismagamers.com\/hu\/wp-json\/wp\/v2\/product_brand?post=51171"},{"taxonomy":"product_cat","embeddable":true,"href":"https:\/\/prismagamers.com\/hu\/wp-json\/wp\/v2\/product_cat?post=51171"},{"taxonomy":"product_tag","embeddable":true,"href":"https:\/\/prismagamers.com\/hu\/wp-json\/wp\/v2\/product_tag?post=51171"}],"curies":[{"name":"wp","href":"https:\/\/api.w.org\/{rel}","templated":true}]}}