{"id":51197,"date":"2026-03-01T01:14:34","date_gmt":"2026-03-01T00:14:34","guid":{"rendered":"https:\/\/prismagamers.com\/produkt\/superhero-simulator\/"},"modified":"2026-03-01T01:14:34","modified_gmt":"2026-03-01T00:14:34","slug":"superhero-simulator","status":"publish","type":"product","link":"https:\/\/prismagamers.com\/hu\/produkt\/superhero-simulator\/","title":{"rendered":"Superhero Simulator"},"content":{"rendered":"<p data-start=\"50\" data-end=\"300\">K\u00e9szen \u00e1llsz arra, hogy megv\u00e9dd a v\u00e1rosodat? A <strong data-start=\"91\" data-end=\"114\">Superhero Simulatorban<\/strong> egy olyan h\u0151s szerep\u00e9be b\u00fajhatsz, aki j\u00e1r\u0151r\u00f6zik az utc\u00e1kon, meg\u00e1ll\u00edtja a b\u0171n\u00f6z\u00e9st, megmenti a civileket \u00e9s szembesz\u00e1ll a hatalmas gonosztev\u0151kkel. D\u00f6nt\u00e9seid alak\u00edtj\u00e1k a v\u00e1rost \u00e9s befoly\u00e1solj\u00e1k a t\u00f6rt\u00e9net alakul\u00e1s\u00e1t!  <\/p>\n<p data-start=\"302\" data-end=\"518\"><strong data-start=\"302\" data-end=\"318\">Mentsd meg a v\u00e1rost<\/strong> &#8211; \u00e1ll\u00edtsd meg a rabl\u00e1sokat, mentsd meg a lakosokat, \u00e9s k\u00fczdj a b\u0171n\u00f6z\u00e9s ellen a magad m\u00f3dj\u00e1n. Minden egyes h\u0151sies cselekedet \u00faj k\u00e9pess\u00e9geket old fel, amelyek lehet\u0151v\u00e9 teszik, hogy te legy\u00e9l az a h\u0151s, akire Goldpine-nak sz\u00fcks\u00e9ge van. <\/p>\n<p data-start=\"520\" data-end=\"747\"><strong data-start=\"520\" data-end=\"551\">Kezeld a mindennapi \u00e9letedet<\/strong> &#8211; a h\u0151sk\u00f6d\u00e9s nem el\u00e9g a sz\u00e1ml\u00e1k kifizet\u00e9s\u00e9hez, ez\u00e9rt szerezz munk\u00e1t: vezess taxit, s\u00fcss hamburgert, vagy keress p\u00e9nzt m\u00e1s m\u00f3don. Minden &#8222;goll\u00e1r&#8221; sz\u00e1m\u00edt &#8211; ak\u00e1r \u00e9telre, ak\u00e1r felszerel\u00e9sed fejleszt\u00e9s\u00e9re. <\/p>\n<p data-start=\"749\" data-end=\"927\"><strong data-start=\"749\" data-end=\"782\">Szem\u00e9lyre szabhatod h\u0151s\u00f6d<\/strong> &#8211; hozz l\u00e9tre egyedi karaktert szuperh\u0151sk\u00e9nt \u00e9s civilk\u00e9nt egyar\u00e1nt! V\u00e1lassz maszkokat, k\u00f6penyeket \u00e9s p\u00e1nc\u00e9lokat, hogy megteremtsd egyedi st\u00edlusodat. <\/p>\n<p data-start=\"929\" data-end=\"1193\"><strong data-start=\"929\" data-end=\"955\">Emelkedik vagy bukik<\/strong> &#8211; vigy\u00e1zzon az eg\u00e9szs\u00e9g\u00e9re, a higi\u00e9ni\u00e1ra, a ment\u00e1lis \u00e1llapot\u00e1ra \u00e9s a tiszteletre, hogy teljes m\u00e9rt\u00e9kben hat\u00e9kony maradjon. Ha ezeket elhanyagolod, az megnehez\u00edti az utadat. Minden d\u00f6nt\u00e9s alak\u00edtja a legend\u00e1dat &#8211; felemelkedsz vagy megt\u00f6rsz a nyom\u00e1s alatt?  <\/p>\n","protected":false},"excerpt":{"rendered":"<div class=\"flex flex-col text-sm pb-25\">\n<article class=\"text-token-text-primary w-full focus:outline-none [--shadow-height:45px] has-data-writing-block:pointer-events-none has-data-writing-block:-mt-(--shadow-height) has-data-writing-block:pt-(--shadow-height) [&amp;:has([data-writing-block])&gt;*]:pointer-events-auto scroll-mt-[calc(var(--header-height)+min(200px,max(70px,20svh)))]\" dir=\"auto\" tabindex=\"-1\" data-turn-id=\"request-69823d89-3a18-8332-a8f2-1ec63de144a1-15\" data-testid=\"conversation-turn-82\" data-scroll-anchor=\"true\" data-turn=\"assistant\">\n<div class=\"text-base my-auto mx-auto pb-10 [--thread-content-margin:--spacing(4)] @w-sm\/main:[--thread-content-margin:--spacing(6)] @w-lg\/main:[--thread-content-margin:--spacing(16)] px-(--thread-content-margin)\">\n<div class=\"[--thread-content-max-width:40rem] @w-lg\/main:[--thread-content-max-width:48rem] mx-auto max-w-(--thread-content-max-width) flex-1 group\/turn-messages focus-visible:outline-hidden relative flex w-full min-w-0 flex-col agent-turn\" tabindex=\"-1\">\n<div class=\"flex max-w-full flex-col grow\">\n<div class=\"min-h-8 text-message relative flex w-full flex-col items-end gap-2 text-start break-words whitespace-normal [.text-message+&amp;]:mt-1\" dir=\"auto\" data-message-author-role=\"assistant\" data-message-id=\"f0406dcb-b8eb-4191-8840-d39856f8e7cb\" data-message-model-slug=\"gpt-5-mini\">\n<div class=\"flex w-full flex-col gap-1 empty:hidden first:pt-[1px]\">\n<div class=\"markdown prose dark:prose-invert w-full wrap-break-word light markdown-new-styling\">\n<p data-start=\"1233\" data-end=\"1481\" data-is-last-node=\"\" data-is-only-node=\"\">Legy\u00e9l Goldpine h\u0151s a <strong data-start=\"1235\" data-end=\"1258\">Superhero Simulatorban<\/strong>! J\u00e1r\u0151r\u00f6zz az utc\u00e1kon, mentsd meg a civileket, harcolj a b\u0171n\u00f6z\u0151kkel \u00e9s fejleszd a k\u00e9pess\u00e9geidet. Gondoskodj a napi sz\u00fcks\u00e9gletekr\u0151l, szem\u00e9lyre szabd a karakteredet, \u00e9s d\u00f6ntsd el, hogy legend\u00e1v\u00e1 v\u00e1lsz-e, vagy megt\u00f6rsz a nyom\u00e1s alatt.  <\/p>\n<\/div>\n<\/div>\n<\/div>\n<\/div>\n<\/div>\n<\/div>\n<\/article>\n<\/div>\n","protected":false},"featured_media":51196,"template":"","meta":{"_acf_changed":false,"site-sidebar-layout":"default","site-content-layout":"","ast-site-content-layout":"default","site-content-style":"default","site-sidebar-style":"default","ast-global-header-display":"","ast-banner-title-visibility":"","ast-main-header-display":"","ast-hfb-above-header-display":"","ast-hfb-below-header-display":"","ast-hfb-mobile-header-display":"","site-post-title":"","ast-breadcrumbs-content":"","ast-featured-img":"","footer-sml-layout":"","ast-disable-related-posts":"","theme-transparent-header-meta":"default","adv-header-id-meta":"","stick-header-meta":"","header-above-stick-meta":"","header-main-stick-meta":"","header-below-stick-meta":"","astra-migrate-meta-layouts":"default","ast-page-background-enabled":"default","ast-page-background-meta":{"desktop":{"background-color":"var(--ast-global-color-4)","background-image":"","background-repeat":"repeat","background-position":"center center","background-size":"auto","background-attachment":"scroll","background-type":"","background-media":"","overlay-type":"","overlay-color":"","overlay-opacity":"","overlay-gradient":""},"tablet":{"background-color":"","background-image":"","background-repeat":"repeat","background-position":"center center","background-size":"auto","background-attachment":"scroll","background-type":"","background-media":"","overlay-type":"","overlay-color":"","overlay-opacity":"","overlay-gradient":""},"mobile":{"background-color":"","background-image":"","background-repeat":"repeat","background-position":"center center","background-size":"auto","background-attachment":"scroll","background-type":"","background-media":"","overlay-type":"","overlay-color":"","overlay-opacity":"","overlay-gradient":""}},"ast-content-background-meta":{"desktop":{"background-color":"var(--ast-global-color-5)","background-image":"","background-repeat":"repeat","background-position":"center center","background-size":"auto","background-attachment":"scroll","background-type":"","background-media":"","overlay-type":"","overlay-color":"","overlay-opacity":"","overlay-gradient":""},"tablet":{"background-color":"var(--ast-global-color-5)","background-image":"","background-repeat":"repeat","background-position":"center center","background-size":"auto","background-attachment":"scroll","background-type":"","background-media":"","overlay-type":"","overlay-color":"","overlay-opacity":"","overlay-gradient":""},"mobile":{"background-color":"var(--ast-global-color-5)","background-image":"","background-repeat":"repeat","background-position":"center center","background-size":"auto","background-attachment":"scroll","background-type":"","background-media":"","overlay-type":"","overlay-color":"","overlay-opacity":"","overlay-gradient":""}}},"product_brand":[],"product_cat":[371,668,365,392,363,364],"product_tag":[],"class_list":{"0":"post-51197","1":"product","2":"type-product","3":"status-publish","4":"has-post-thumbnail","6":"product_cat-akcio-jatekok","7":"product_cat-blackburne-jatekok","8":"product_cat-goz","9":"product_cat-india","10":"product_cat-kaland-jatekok","11":"product_cat-rpg-k","12":"desktop-align-left","13":"tablet-align-left","14":"mobile-align-left","16":"first","17":"instock","18":"virtual","19":"purchasable","20":"product-type-simple"},"acf":[],"yoast_head":"<!-- This site is optimized with the Yoast SEO Premium plugin v27.5 (Yoast SEO v27.5) - https:\/\/yoast.com\/product\/yoast-seo-premium-wordpress\/ -->\n<title>Superhero Simulator - Prismagamers.com<\/title>\n<meta name=\"description\" content=\"Legy\u00e9l Goldpine h\u0151s a Superhero Simulatorban! J\u00e1r\u0151r\u00f6zz az utc\u00e1kon, mentsd meg a civileket, harcolj a b\u0171n\u00f6z\u0151kkel \u00e9s fejleszd a k\u00e9pess\u00e9geidet. Gondoskodj a napi sz\u00fcks\u00e9gletekr\u0151l, szem\u00e9lyre szabd a karakteredet, \u00e9s d\u00f6ntsd el, hogy legend\u00e1v\u00e1 v\u00e1lsz-e, vagy megt\u00f6rsz a nyom\u00e1s alatt.\" \/>\n<meta name=\"robots\" content=\"index, follow, max-snippet:-1, max-image-preview:large, max-video-preview:-1\" \/>\n<link rel=\"canonical\" href=\"https:\/\/prismagamers.com\/hu\/produkt\/superhero-simulator\/\" \/>\n<meta property=\"og:locale\" content=\"hu_HU\" \/>\n<meta property=\"og:type\" content=\"article\" \/>\n<meta property=\"og:title\" content=\"Superhero Simulator\" \/>\n<meta property=\"og:description\" content=\"Legy\u00e9l Goldpine h\u0151s a Superhero Simulatorban! J\u00e1r\u0151r\u00f6zz az utc\u00e1kon, mentsd meg a civileket, harcolj a b\u0171n\u00f6z\u0151kkel \u00e9s fejleszd a k\u00e9pess\u00e9geidet. Gondoskodj a napi sz\u00fcks\u00e9gletekr\u0151l, szem\u00e9lyre szabd a karakteredet, \u00e9s d\u00f6ntsd el, hogy legend\u00e1v\u00e1 v\u00e1lsz-e, vagy megt\u00f6rsz a nyom\u00e1s alatt.\" \/>\n<meta property=\"og:url\" content=\"https:\/\/prismagamers.com\/hu\/produkt\/superhero-simulator\/\" \/>\n<meta property=\"og:site_name\" content=\"Prismagamers.com\" \/>\n<meta property=\"article:publisher\" content=\"https:\/\/www.facebook.com\/prismagamers\" \/>\n<meta property=\"og:image\" content=\"https:\/\/prismagamers.com\/wp-content\/uploads\/2026\/03\/k62LVUXRDmE34phGdbngeNkZaOQcFplpGYENJohgK4s.jpg\" \/>\n\t<meta property=\"og:image:width\" content=\"300\" \/>\n\t<meta property=\"og:image:height\" content=\"450\" \/>\n\t<meta property=\"og:image:type\" content=\"image\/jpeg\" \/>\n<meta name=\"twitter:card\" content=\"summary_large_image\" \/>\n<meta name=\"twitter:label1\" content=\"Becs\u00fclt olvas\u00e1si id\u0151\" \/>\n\t<meta name=\"twitter:data1\" content=\"1 perc\" \/>\n<script type=\"application\/ld+json\" class=\"yoast-schema-graph\">{\"@context\":\"https:\\\/\\\/schema.org\",\"@graph\":[{\"@type\":\"WebPage\",\"@id\":\"https:\\\/\\\/prismagamers.com\\\/hu\\\/produkt\\\/superhero-simulator\\\/\",\"url\":\"https:\\\/\\\/prismagamers.com\\\/hu\\\/produkt\\\/superhero-simulator\\\/\",\"name\":\"Superhero Simulator - Prismagamers.com\",\"isPartOf\":{\"@id\":\"https:\\\/\\\/prismagamers.com\\\/hu\\\/#website\"},\"primaryImageOfPage\":{\"@id\":\"https:\\\/\\\/prismagamers.com\\\/hu\\\/produkt\\\/superhero-simulator\\\/#primaryimage\"},\"image\":{\"@id\":\"https:\\\/\\\/prismagamers.com\\\/hu\\\/produkt\\\/superhero-simulator\\\/#primaryimage\"},\"thumbnailUrl\":\"https:\\\/\\\/prismagamers.com\\\/wp-content\\\/uploads\\\/2026\\\/03\\\/k62LVUXRDmE34phGdbngeNkZaOQcFplpGYENJohgK4s.jpg\",\"datePublished\":\"2026-03-01T00:14:34+00:00\",\"description\":\"Legy\u00e9l Goldpine h\u0151s a Superhero Simulatorban! J\u00e1r\u0151r\u00f6zz az utc\u00e1kon, mentsd meg a civileket, harcolj a b\u0171n\u00f6z\u0151kkel \u00e9s fejleszd a k\u00e9pess\u00e9geidet. Gondoskodj a napi sz\u00fcks\u00e9gletekr\u0151l, szem\u00e9lyre szabd a karakteredet, \u00e9s d\u00f6ntsd el, hogy legend\u00e1v\u00e1 v\u00e1lsz-e, vagy megt\u00f6rsz a nyom\u00e1s alatt.\",\"breadcrumb\":{\"@id\":\"https:\\\/\\\/prismagamers.com\\\/hu\\\/produkt\\\/superhero-simulator\\\/#breadcrumb\"},\"inLanguage\":\"hu\",\"potentialAction\":[{\"@type\":\"ReadAction\",\"target\":[\"https:\\\/\\\/prismagamers.com\\\/hu\\\/produkt\\\/superhero-simulator\\\/\"]}]},{\"@type\":\"ImageObject\",\"inLanguage\":\"hu\",\"@id\":\"https:\\\/\\\/prismagamers.com\\\/hu\\\/produkt\\\/superhero-simulator\\\/#primaryimage\",\"url\":\"https:\\\/\\\/prismagamers.com\\\/wp-content\\\/uploads\\\/2026\\\/03\\\/k62LVUXRDmE34phGdbngeNkZaOQcFplpGYENJohgK4s.jpg\",\"contentUrl\":\"https:\\\/\\\/prismagamers.com\\\/wp-content\\\/uploads\\\/2026\\\/03\\\/k62LVUXRDmE34phGdbngeNkZaOQcFplpGYENJohgK4s.jpg\",\"width\":300,\"height\":450},{\"@type\":\"BreadcrumbList\",\"@id\":\"https:\\\/\\\/prismagamers.com\\\/hu\\\/produkt\\\/superhero-simulator\\\/#breadcrumb\",\"itemListElement\":[{\"@type\":\"ListItem\",\"position\":1,\"name\":\"Strona g\u0142\u00f3wna\",\"item\":\"https:\\\/\\\/prismagamers.com\\\/hu\\\/prismagamers\\\/\"},{\"@type\":\"ListItem\",\"position\":2,\"name\":\"Shop\",\"item\":\"https:\\\/\\\/prismagamers.com\\\/hu\\\/shop\\\/\"},{\"@type\":\"ListItem\",\"position\":3,\"name\":\"Superhero Simulator\"}]},{\"@type\":\"WebSite\",\"@id\":\"https:\\\/\\\/prismagamers.com\\\/hu\\\/#website\",\"url\":\"https:\\\/\\\/prismagamers.com\\\/hu\\\/\",\"name\":\"Prismagamers\",\"description\":\"Sklep z grami PC I Sklep klucze Steam\",\"publisher\":{\"@id\":\"https:\\\/\\\/prismagamers.com\\\/hu\\\/#organization\"},\"potentialAction\":[{\"@type\":\"SearchAction\",\"target\":{\"@type\":\"EntryPoint\",\"urlTemplate\":\"https:\\\/\\\/prismagamers.com\\\/hu\\\/?s={search_term_string}\"},\"query-input\":{\"@type\":\"PropertyValueSpecification\",\"valueRequired\":true,\"valueName\":\"search_term_string\"}}],\"inLanguage\":\"hu\"},{\"@type\":\"Organization\",\"@id\":\"https:\\\/\\\/prismagamers.com\\\/hu\\\/#organization\",\"name\":\"Prismagamers\",\"url\":\"https:\\\/\\\/prismagamers.com\\\/hu\\\/\",\"logo\":{\"@type\":\"ImageObject\",\"inLanguage\":\"hu\",\"@id\":\"https:\\\/\\\/prismagamers.com\\\/hu\\\/#\\\/schema\\\/logo\\\/image\\\/\",\"url\":\"https:\\\/\\\/prismagamers.com\\\/wp-content\\\/uploads\\\/2022\\\/04\\\/cropped-logo-Prismagamers-01-scaled-1.jpg\",\"contentUrl\":\"https:\\\/\\\/prismagamers.com\\\/wp-content\\\/uploads\\\/2022\\\/04\\\/cropped-logo-Prismagamers-01-scaled-1.jpg\",\"width\":512,\"height\":512,\"caption\":\"Prismagamers\"},\"image\":{\"@id\":\"https:\\\/\\\/prismagamers.com\\\/hu\\\/#\\\/schema\\\/logo\\\/image\\\/\"},\"sameAs\":[\"https:\\\/\\\/www.facebook.com\\\/prismagamers\",\"https:\\\/\\\/www.instagram.com\\\/prismagamers_grycyfrowe\\\/\"],\"description\":\"Prismagamers.com to dynamiczny sklep z grami cyfrowymi, stworzony z my\u015bl\u0105 o entuzjastach gier wideo. Nasza strona oferuje szerok\u0105 gam\u0119 gier komputerowych, w tym najnowsze tytu\u0142y, dobrze znane klasyki oraz gry stworzone przez niezale\u017cne studia Ca\u0142y czas d\u0105\u017cymy do rozszerzenia naszej oferty. Do\u0142\u0105cz do nas i sta\u0144 si\u0119 cz\u0119\u015bci\u0105 naszej rosn\u0105cej spo\u0142eczno\u015bci graczy!\",\"email\":\"shop@prismagamers.com\",\"telephone\":\"48795541705\",\"legalName\":\"East Caravan Maksym \u017bukow\",\"foundingDate\":\"2012-05-10\",\"vatID\":\"PL8943038612\",\"taxID\":\"PL8943038612\",\"numberOfEmployees\":{\"@type\":\"QuantitativeValue\",\"minValue\":\"11\",\"maxValue\":\"50\"}}]}<\/script>\n<!-- \/ Yoast SEO Premium plugin. -->","yoast_head_json":{"title":"Superhero Simulator - Prismagamers.com","description":"Legy\u00e9l Goldpine h\u0151s a Superhero Simulatorban! J\u00e1r\u0151r\u00f6zz az utc\u00e1kon, mentsd meg a civileket, harcolj a b\u0171n\u00f6z\u0151kkel \u00e9s fejleszd a k\u00e9pess\u00e9geidet. Gondoskodj a napi sz\u00fcks\u00e9gletekr\u0151l, szem\u00e9lyre szabd a karakteredet, \u00e9s d\u00f6ntsd el, hogy legend\u00e1v\u00e1 v\u00e1lsz-e, vagy megt\u00f6rsz a nyom\u00e1s alatt.","robots":{"index":"index","follow":"follow","max-snippet":"max-snippet:-1","max-image-preview":"max-image-preview:large","max-video-preview":"max-video-preview:-1"},"canonical":"https:\/\/prismagamers.com\/hu\/produkt\/superhero-simulator\/","og_locale":"hu_HU","og_type":"article","og_title":"Superhero Simulator","og_description":"Legy\u00e9l Goldpine h\u0151s a Superhero Simulatorban! J\u00e1r\u0151r\u00f6zz az utc\u00e1kon, mentsd meg a civileket, harcolj a b\u0171n\u00f6z\u0151kkel \u00e9s fejleszd a k\u00e9pess\u00e9geidet. Gondoskodj a napi sz\u00fcks\u00e9gletekr\u0151l, szem\u00e9lyre szabd a karakteredet, \u00e9s d\u00f6ntsd el, hogy legend\u00e1v\u00e1 v\u00e1lsz-e, vagy megt\u00f6rsz a nyom\u00e1s alatt.","og_url":"https:\/\/prismagamers.com\/hu\/produkt\/superhero-simulator\/","og_site_name":"Prismagamers.com","article_publisher":"https:\/\/www.facebook.com\/prismagamers","og_image":[{"width":300,"height":450,"url":"https:\/\/prismagamers.com\/wp-content\/uploads\/2026\/03\/k62LVUXRDmE34phGdbngeNkZaOQcFplpGYENJohgK4s.jpg","type":"image\/jpeg"}],"twitter_card":"summary_large_image","twitter_misc":{"Becs\u00fclt olvas\u00e1si id\u0151":"1 perc"},"schema":{"@context":"https:\/\/schema.org","@graph":[{"@type":"WebPage","@id":"https:\/\/prismagamers.com\/hu\/produkt\/superhero-simulator\/","url":"https:\/\/prismagamers.com\/hu\/produkt\/superhero-simulator\/","name":"Superhero Simulator - Prismagamers.com","isPartOf":{"@id":"https:\/\/prismagamers.com\/hu\/#website"},"primaryImageOfPage":{"@id":"https:\/\/prismagamers.com\/hu\/produkt\/superhero-simulator\/#primaryimage"},"image":{"@id":"https:\/\/prismagamers.com\/hu\/produkt\/superhero-simulator\/#primaryimage"},"thumbnailUrl":"https:\/\/prismagamers.com\/wp-content\/uploads\/2026\/03\/k62LVUXRDmE34phGdbngeNkZaOQcFplpGYENJohgK4s.jpg","datePublished":"2026-03-01T00:14:34+00:00","description":"Legy\u00e9l Goldpine h\u0151s a Superhero Simulatorban! J\u00e1r\u0151r\u00f6zz az utc\u00e1kon, mentsd meg a civileket, harcolj a b\u0171n\u00f6z\u0151kkel \u00e9s fejleszd a k\u00e9pess\u00e9geidet. Gondoskodj a napi sz\u00fcks\u00e9gletekr\u0151l, szem\u00e9lyre szabd a karakteredet, \u00e9s d\u00f6ntsd el, hogy legend\u00e1v\u00e1 v\u00e1lsz-e, vagy megt\u00f6rsz a nyom\u00e1s alatt.","breadcrumb":{"@id":"https:\/\/prismagamers.com\/hu\/produkt\/superhero-simulator\/#breadcrumb"},"inLanguage":"hu","potentialAction":[{"@type":"ReadAction","target":["https:\/\/prismagamers.com\/hu\/produkt\/superhero-simulator\/"]}]},{"@type":"ImageObject","inLanguage":"hu","@id":"https:\/\/prismagamers.com\/hu\/produkt\/superhero-simulator\/#primaryimage","url":"https:\/\/prismagamers.com\/wp-content\/uploads\/2026\/03\/k62LVUXRDmE34phGdbngeNkZaOQcFplpGYENJohgK4s.jpg","contentUrl":"https:\/\/prismagamers.com\/wp-content\/uploads\/2026\/03\/k62LVUXRDmE34phGdbngeNkZaOQcFplpGYENJohgK4s.jpg","width":300,"height":450},{"@type":"BreadcrumbList","@id":"https:\/\/prismagamers.com\/hu\/produkt\/superhero-simulator\/#breadcrumb","itemListElement":[{"@type":"ListItem","position":1,"name":"Strona g\u0142\u00f3wna","item":"https:\/\/prismagamers.com\/hu\/prismagamers\/"},{"@type":"ListItem","position":2,"name":"Shop","item":"https:\/\/prismagamers.com\/hu\/shop\/"},{"@type":"ListItem","position":3,"name":"Superhero Simulator"}]},{"@type":"WebSite","@id":"https:\/\/prismagamers.com\/hu\/#website","url":"https:\/\/prismagamers.com\/hu\/","name":"Prismagamers","description":"Sklep z grami PC I Sklep klucze Steam","publisher":{"@id":"https:\/\/prismagamers.com\/hu\/#organization"},"potentialAction":[{"@type":"SearchAction","target":{"@type":"EntryPoint","urlTemplate":"https:\/\/prismagamers.com\/hu\/?s={search_term_string}"},"query-input":{"@type":"PropertyValueSpecification","valueRequired":true,"valueName":"search_term_string"}}],"inLanguage":"hu"},{"@type":"Organization","@id":"https:\/\/prismagamers.com\/hu\/#organization","name":"Prismagamers","url":"https:\/\/prismagamers.com\/hu\/","logo":{"@type":"ImageObject","inLanguage":"hu","@id":"https:\/\/prismagamers.com\/hu\/#\/schema\/logo\/image\/","url":"https:\/\/prismagamers.com\/wp-content\/uploads\/2022\/04\/cropped-logo-Prismagamers-01-scaled-1.jpg","contentUrl":"https:\/\/prismagamers.com\/wp-content\/uploads\/2022\/04\/cropped-logo-Prismagamers-01-scaled-1.jpg","width":512,"height":512,"caption":"Prismagamers"},"image":{"@id":"https:\/\/prismagamers.com\/hu\/#\/schema\/logo\/image\/"},"sameAs":["https:\/\/www.facebook.com\/prismagamers","https:\/\/www.instagram.com\/prismagamers_grycyfrowe\/"],"description":"Prismagamers.com to dynamiczny sklep z grami cyfrowymi, stworzony z my\u015bl\u0105 o entuzjastach gier wideo. Nasza strona oferuje szerok\u0105 gam\u0119 gier komputerowych, w tym najnowsze tytu\u0142y, dobrze znane klasyki oraz gry stworzone przez niezale\u017cne studia Ca\u0142y czas d\u0105\u017cymy do rozszerzenia naszej oferty. Do\u0142\u0105cz do nas i sta\u0144 si\u0119 cz\u0119\u015bci\u0105 naszej rosn\u0105cej spo\u0142eczno\u015bci graczy!","email":"shop@prismagamers.com","telephone":"48795541705","legalName":"East Caravan Maksym \u017bukow","foundingDate":"2012-05-10","vatID":"PL8943038612","taxID":"PL8943038612","numberOfEmployees":{"@type":"QuantitativeValue","minValue":"11","maxValue":"50"}}]}},"_links":{"self":[{"href":"https:\/\/prismagamers.com\/hu\/wp-json\/wp\/v2\/product\/51197","targetHints":{"allow":["GET"]}}],"collection":[{"href":"https:\/\/prismagamers.com\/hu\/wp-json\/wp\/v2\/product"}],"about":[{"href":"https:\/\/prismagamers.com\/hu\/wp-json\/wp\/v2\/types\/product"}],"wp:featuredmedia":[{"embeddable":true,"href":"https:\/\/prismagamers.com\/hu\/wp-json\/wp\/v2\/media\/51196"}],"wp:attachment":[{"href":"https:\/\/prismagamers.com\/hu\/wp-json\/wp\/v2\/media?parent=51197"}],"wp:term":[{"taxonomy":"product_brand","embeddable":true,"href":"https:\/\/prismagamers.com\/hu\/wp-json\/wp\/v2\/product_brand?post=51197"},{"taxonomy":"product_cat","embeddable":true,"href":"https:\/\/prismagamers.com\/hu\/wp-json\/wp\/v2\/product_cat?post=51197"},{"taxonomy":"product_tag","embeddable":true,"href":"https:\/\/prismagamers.com\/hu\/wp-json\/wp\/v2\/product_tag?post=51197"}],"curies":[{"name":"wp","href":"https:\/\/api.w.org\/{rel}","templated":true}]}}