{"id":52068,"date":"2026-03-20T13:46:05","date_gmt":"2026-03-20T12:46:05","guid":{"rendered":"https:\/\/prismagamers.com\/produkt\/farming-simulator-25-vredo-pack\/"},"modified":"2026-05-09T02:18:53","modified_gmt":"2026-05-09T00:18:53","slug":"farming-simulator-25-vredo-pack","status":"publish","type":"product","link":"https:\/\/prismagamers.com\/hu\/produkt\/farming-simulator-25-vredo-pack\/","title":{"rendered":"Farming Simulator 25: Vredo Pack"},"content":{"rendered":"<p data-start=\"0\" data-end=\"252\">Karbantartja gyepter\u00fclet\u00e9t a Vredo &#8211; az \u00fajravet\u00e9s \u00e9s a h\u00edgtr\u00e1gya kijuttat\u00e1s\u00e1nak elismert specialist\u00e1ja &#8211; technol\u00f3gi\u00e1j\u00e1val. Ek\u00f6zben a vaddiszn\u00f3k szabadon k\u00f3borolnak a mez\u0151k\u00f6n, \u00e9s vesz\u00e9lyeztetik a term\u00e9s eg\u00e9szs\u00e9g\u00e9t. <\/p>\n<hr data-start=\"254\" data-end=\"257\">\n<h3 data-section-id=\"h9u4k3\" data-start=\"259\" data-end=\"279\">12 \u00faj g\u00e9p<\/h3>\n<p data-start=\"281\" data-end=\"486\">A Vredo csomagban el\u0151sz\u00f6r mutatkozik be a sorozatban a hagyom\u00e1nyos holland gy\u00e1rt\u00f3, a Vredo, valamint visszat\u00e9r az Evers Agro m\u00e1rka. Tizenk\u00e9t \u00faj g\u00e9p seg\u00edt a gyepter\u00fcletek degrad\u00e1ci\u00f3ja ellen. <\/p>\n<hr data-start=\"488\" data-end=\"491\">\n<h3 data-section-id=\"1xezpzd\" data-start=\"493\" data-end=\"515\">K\u00e1rkezel\u00e9s<\/h3>\n<p data-start=\"517\" data-end=\"804\">A Vredo Agri Twin 580, Agri 290 \u00e9s Agri Air 290 a DZ5 vet\u0151g\u00e9pek vadonat\u00faj gener\u00e1ci\u00f3j\u00e1b\u00f3l lehet\u0151v\u00e9 teszi a f\u0171 \u00fajravet\u00e9s\u00e9t \u00e9s a term\u00e9spotenci\u00e1l helyre\u00e1ll\u00edt\u00e1s\u00e1t. Figyeljen a vaddiszn\u00f3kra &#8211; a h\u00e1zisert\u00e9sek durva, s\u00f6t\u00e9t sz\u0151rzet\u0171 \u0151seire &#8211; a f\u00f6ldeken, \u00e9s csalogassa el \u0151ket, hogy cs\u00f6kkentse a term\u00e9sk\u00e1rokat! <\/p>\n<hr data-start=\"806\" data-end=\"809\">\n<h3 data-section-id=\"vzaosn\" data-start=\"811\" data-end=\"833\">H\u00edgtr\u00e1gya a talajhoz<\/h3>\n<p data-start=\"835\" data-end=\"1160\" data-is-last-node=\"\" data-is-only-node=\"\">A Vredo h\u00edgtr\u00e1gya tart\u00e1lykocsival t\u00f6rt\u00e9n\u0151 megfelel\u0151 h\u00edgtr\u00e1gya kijuttat\u00e1sa az \u00fajratermeszt\u00e9s mellett n\u00f6velheti a term\u00e9shozamot \u00e9s a min\u0151s\u00e9get. Haszn\u00e1lja a Vredo VT7138 &#8211; nagy teljes\u00edtm\u00e9ny\u0171, h\u00e1romtengelyes, \u00f6nj\u00e1r\u00f3 h\u00edgtr\u00e1gya-tart\u00e1lykocsit, a Vredo Profi sorozat\u00fa kijuttat\u00f3kat vagy a felf\u00fcggesztett Evers Agro Toric 48-672-t a maxim\u00e1lis hat\u00e9konys\u00e1g el\u00e9r\u00e9se \u00e9s a talaj term\u00e9kenys\u00e9g\u00e9nek jav\u00edt\u00e1sa \u00e9rdek\u00e9ben. <\/p>\n","protected":false},"excerpt":{"rendered":"<p>Karbantartja gyepter\u00fclet\u00e9t a Vredo &#8211; az \u00fajravet\u00e9s \u00e9s a h\u00edgtr\u00e1gya kijuttat\u00e1s\u00e1nak elismert specialist\u00e1ja &#8211; technol\u00f3gi\u00e1j\u00e1val. Ek\u00f6zben a vaddiszn\u00f3k szabadon k\u00f3borolnak a mez\u0151k\u00f6n, \u00e9s vesz\u00e9lyeztetik a term\u00e9s eg\u00e9szs\u00e9g\u00e9t. 12 \u00faj g\u00e9p A Vredo csomagban el\u0151sz\u00f6r mutatkozik be a sorozatban a hagyom\u00e1nyos holland gy\u00e1rt\u00f3, a Vredo, valamint visszat\u00e9r az Evers Agro m\u00e1rka. Tizenk\u00e9t \u00faj g\u00e9p seg\u00edt a [&hellip;]<\/p>\n","protected":false},"featured_media":52062,"template":"","meta":{"_acf_changed":false,"site-sidebar-layout":"default","site-content-layout":"","ast-site-content-layout":"default","site-content-style":"default","site-sidebar-style":"default","ast-global-header-display":"","ast-banner-title-visibility":"","ast-main-header-display":"","ast-hfb-above-header-display":"","ast-hfb-below-header-display":"","ast-hfb-mobile-header-display":"","site-post-title":"","ast-breadcrumbs-content":"","ast-featured-img":"","footer-sml-layout":"","ast-disable-related-posts":"","theme-transparent-header-meta":"default","adv-header-id-meta":"","stick-header-meta":"","header-above-stick-meta":"","header-main-stick-meta":"","header-below-stick-meta":"","astra-migrate-meta-layouts":"default","ast-page-background-enabled":"default","ast-page-background-meta":{"desktop":{"background-color":"var(--ast-global-color-4)","background-image":"","background-repeat":"repeat","background-position":"center center","background-size":"auto","background-attachment":"scroll","background-type":"","background-media":"","overlay-type":"","overlay-color":"","overlay-opacity":"","overlay-gradient":""},"tablet":{"background-color":"","background-image":"","background-repeat":"repeat","background-position":"center center","background-size":"auto","background-attachment":"scroll","background-type":"","background-media":"","overlay-type":"","overlay-color":"","overlay-opacity":"","overlay-gradient":""},"mobile":{"background-color":"","background-image":"","background-repeat":"repeat","background-position":"center center","background-size":"auto","background-attachment":"scroll","background-type":"","background-media":"","overlay-type":"","overlay-color":"","overlay-opacity":"","overlay-gradient":""}},"ast-content-background-meta":{"desktop":{"background-color":"var(--ast-global-color-5)","background-image":"","background-repeat":"repeat","background-position":"center center","background-size":"auto","background-attachment":"scroll","background-type":"","background-media":"","overlay-type":"","overlay-color":"","overlay-opacity":"","overlay-gradient":""},"tablet":{"background-color":"var(--ast-global-color-5)","background-image":"","background-repeat":"repeat","background-position":"center center","background-size":"auto","background-attachment":"scroll","background-type":"","background-media":"","overlay-type":"","overlay-color":"","overlay-opacity":"","overlay-gradient":""},"mobile":{"background-color":"var(--ast-global-color-5)","background-image":"","background-repeat":"repeat","background-position":"center center","background-size":"auto","background-attachment":"scroll","background-type":"","background-media":"","overlay-type":"","overlay-color":"","overlay-opacity":"","overlay-gradient":""}}},"product_brand":[],"product_cat":[368,451,365,523,372,335],"product_tag":[],"class_list":{"0":"post-52068","1":"product","2":"type-product","3":"status-publish","4":"has-post-thumbnail","6":"product_cat-dlc-hu","7":"product_cat-giants-software-gmbh-hu","8":"product_cat-goz","9":"product_cat-hirek","10":"product_cat-jatekok-szimulatorok","11":"product_cat-wyprzedaz","12":"desktop-align-left","13":"tablet-align-left","14":"mobile-align-left","16":"first","17":"instock","18":"virtual","19":"purchasable","20":"product-type-simple"},"acf":[],"yoast_head":"<!-- This site is optimized with the Yoast SEO Premium plugin v27.5 (Yoast SEO v27.5) - https:\/\/yoast.com\/product\/yoast-seo-premium-wordpress\/ -->\n<title>Farming Simulator 25: Vredo Pack - Prismagamers.com<\/title>\n<meta name=\"description\" content=\"Karbantartja gyepter\u00fclet\u00e9t a Vredo - az \u00fajravet\u00e9s \u00e9s a h\u00edgtr\u00e1gya kijuttat\u00e1s\u00e1nak elismert specialist\u00e1ja - technol\u00f3gi\u00e1j\u00e1val. Ek\u00f6zben a vaddiszn\u00f3k szabadon\" \/>\n<meta name=\"robots\" content=\"index, follow, max-snippet:-1, max-image-preview:large, max-video-preview:-1\" \/>\n<link rel=\"canonical\" href=\"https:\/\/prismagamers.com\/hu\/produkt\/farming-simulator-25-vredo-pack\/\" \/>\n<meta property=\"og:locale\" content=\"hu_HU\" \/>\n<meta property=\"og:type\" content=\"article\" \/>\n<meta property=\"og:title\" content=\"Farming Simulator 25: Vredo Pack\" \/>\n<meta property=\"og:description\" content=\"Karbantartja gyepter\u00fclet\u00e9t a Vredo - az \u00fajravet\u00e9s \u00e9s a h\u00edgtr\u00e1gya kijuttat\u00e1s\u00e1nak elismert specialist\u00e1ja - technol\u00f3gi\u00e1j\u00e1val. Ek\u00f6zben a vaddiszn\u00f3k szabadon\" \/>\n<meta property=\"og:url\" content=\"https:\/\/prismagamers.com\/hu\/produkt\/farming-simulator-25-vredo-pack\/\" \/>\n<meta property=\"og:site_name\" content=\"Prismagamers.com\" \/>\n<meta property=\"article:publisher\" content=\"https:\/\/www.facebook.com\/prismagamers\" \/>\n<meta property=\"article:modified_time\" content=\"2026-05-09T00:18:53+00:00\" \/>\n<meta property=\"og:image\" content=\"https:\/\/prismagamers.com\/wp-content\/uploads\/2026\/03\/03-VerticalCapsule_748x896.png\" \/>\n\t<meta property=\"og:image:width\" content=\"748\" \/>\n\t<meta property=\"og:image:height\" content=\"896\" \/>\n\t<meta property=\"og:image:type\" content=\"image\/png\" \/>\n<meta name=\"twitter:card\" content=\"summary_large_image\" \/>\n<meta name=\"twitter:label1\" content=\"Becs\u00fclt olvas\u00e1si id\u0151\" \/>\n\t<meta name=\"twitter:data1\" content=\"1 perc\" \/>\n<script type=\"application\/ld+json\" class=\"yoast-schema-graph\">{\"@context\":\"https:\\\/\\\/schema.org\",\"@graph\":[{\"@type\":\"WebPage\",\"@id\":\"https:\\\/\\\/prismagamers.com\\\/hu\\\/produkt\\\/farming-simulator-25-vredo-pack\\\/\",\"url\":\"https:\\\/\\\/prismagamers.com\\\/hu\\\/produkt\\\/farming-simulator-25-vredo-pack\\\/\",\"name\":\"Farming Simulator 25: Vredo Pack - Prismagamers.com\",\"isPartOf\":{\"@id\":\"https:\\\/\\\/prismagamers.com\\\/hu\\\/#website\"},\"primaryImageOfPage\":{\"@id\":\"https:\\\/\\\/prismagamers.com\\\/hu\\\/produkt\\\/farming-simulator-25-vredo-pack\\\/#primaryimage\"},\"image\":{\"@id\":\"https:\\\/\\\/prismagamers.com\\\/hu\\\/produkt\\\/farming-simulator-25-vredo-pack\\\/#primaryimage\"},\"thumbnailUrl\":\"https:\\\/\\\/prismagamers.com\\\/wp-content\\\/uploads\\\/2026\\\/03\\\/03-VerticalCapsule_748x896.png\",\"datePublished\":\"2026-03-20T12:46:05+00:00\",\"dateModified\":\"2026-05-09T00:18:53+00:00\",\"description\":\"Karbantartja gyepter\u00fclet\u00e9t a Vredo - az \u00fajravet\u00e9s \u00e9s a h\u00edgtr\u00e1gya kijuttat\u00e1s\u00e1nak elismert specialist\u00e1ja - technol\u00f3gi\u00e1j\u00e1val. Ek\u00f6zben a vaddiszn\u00f3k szabadon\",\"breadcrumb\":{\"@id\":\"https:\\\/\\\/prismagamers.com\\\/hu\\\/produkt\\\/farming-simulator-25-vredo-pack\\\/#breadcrumb\"},\"inLanguage\":\"hu\",\"potentialAction\":[{\"@type\":\"ReadAction\",\"target\":[\"https:\\\/\\\/prismagamers.com\\\/hu\\\/produkt\\\/farming-simulator-25-vredo-pack\\\/\"]}]},{\"@type\":\"ImageObject\",\"inLanguage\":\"hu\",\"@id\":\"https:\\\/\\\/prismagamers.com\\\/hu\\\/produkt\\\/farming-simulator-25-vredo-pack\\\/#primaryimage\",\"url\":\"https:\\\/\\\/prismagamers.com\\\/wp-content\\\/uploads\\\/2026\\\/03\\\/03-VerticalCapsule_748x896.png\",\"contentUrl\":\"https:\\\/\\\/prismagamers.com\\\/wp-content\\\/uploads\\\/2026\\\/03\\\/03-VerticalCapsule_748x896.png\",\"width\":748,\"height\":896},{\"@type\":\"BreadcrumbList\",\"@id\":\"https:\\\/\\\/prismagamers.com\\\/hu\\\/produkt\\\/farming-simulator-25-vredo-pack\\\/#breadcrumb\",\"itemListElement\":[{\"@type\":\"ListItem\",\"position\":1,\"name\":\"Strona g\u0142\u00f3wna\",\"item\":\"https:\\\/\\\/prismagamers.com\\\/hu\\\/prismagamers\\\/\"},{\"@type\":\"ListItem\",\"position\":2,\"name\":\"Shop\",\"item\":\"https:\\\/\\\/prismagamers.com\\\/hu\\\/shop\\\/\"},{\"@type\":\"ListItem\",\"position\":3,\"name\":\"Farming Simulator 25: Vredo Pack\"}]},{\"@type\":\"WebSite\",\"@id\":\"https:\\\/\\\/prismagamers.com\\\/hu\\\/#website\",\"url\":\"https:\\\/\\\/prismagamers.com\\\/hu\\\/\",\"name\":\"Prismagamers\",\"description\":\"Sklep z grami PC I Sklep klucze Steam\",\"publisher\":{\"@id\":\"https:\\\/\\\/prismagamers.com\\\/hu\\\/#organization\"},\"potentialAction\":[{\"@type\":\"SearchAction\",\"target\":{\"@type\":\"EntryPoint\",\"urlTemplate\":\"https:\\\/\\\/prismagamers.com\\\/hu\\\/?s={search_term_string}\"},\"query-input\":{\"@type\":\"PropertyValueSpecification\",\"valueRequired\":true,\"valueName\":\"search_term_string\"}}],\"inLanguage\":\"hu\"},{\"@type\":\"Organization\",\"@id\":\"https:\\\/\\\/prismagamers.com\\\/hu\\\/#organization\",\"name\":\"Prismagamers\",\"url\":\"https:\\\/\\\/prismagamers.com\\\/hu\\\/\",\"logo\":{\"@type\":\"ImageObject\",\"inLanguage\":\"hu\",\"@id\":\"https:\\\/\\\/prismagamers.com\\\/hu\\\/#\\\/schema\\\/logo\\\/image\\\/\",\"url\":\"https:\\\/\\\/prismagamers.com\\\/wp-content\\\/uploads\\\/2022\\\/04\\\/cropped-logo-Prismagamers-01-scaled-1.jpg\",\"contentUrl\":\"https:\\\/\\\/prismagamers.com\\\/wp-content\\\/uploads\\\/2022\\\/04\\\/cropped-logo-Prismagamers-01-scaled-1.jpg\",\"width\":512,\"height\":512,\"caption\":\"Prismagamers\"},\"image\":{\"@id\":\"https:\\\/\\\/prismagamers.com\\\/hu\\\/#\\\/schema\\\/logo\\\/image\\\/\"},\"sameAs\":[\"https:\\\/\\\/www.facebook.com\\\/prismagamers\",\"https:\\\/\\\/www.instagram.com\\\/prismagamers_grycyfrowe\\\/\"],\"description\":\"Prismagamers.com to dynamiczny sklep z grami cyfrowymi, stworzony z my\u015bl\u0105 o entuzjastach gier wideo. Nasza strona oferuje szerok\u0105 gam\u0119 gier komputerowych, w tym najnowsze tytu\u0142y, dobrze znane klasyki oraz gry stworzone przez niezale\u017cne studia Ca\u0142y czas d\u0105\u017cymy do rozszerzenia naszej oferty. Do\u0142\u0105cz do nas i sta\u0144 si\u0119 cz\u0119\u015bci\u0105 naszej rosn\u0105cej spo\u0142eczno\u015bci graczy!\",\"email\":\"shop@prismagamers.com\",\"telephone\":\"48795541705\",\"legalName\":\"East Caravan Maksym \u017bukow\",\"foundingDate\":\"2012-05-10\",\"vatID\":\"PL8943038612\",\"taxID\":\"PL8943038612\",\"numberOfEmployees\":{\"@type\":\"QuantitativeValue\",\"minValue\":\"11\",\"maxValue\":\"50\"}}]}<\/script>\n<!-- \/ Yoast SEO Premium plugin. -->","yoast_head_json":{"title":"Farming Simulator 25: Vredo Pack - Prismagamers.com","description":"Karbantartja gyepter\u00fclet\u00e9t a Vredo - az \u00fajravet\u00e9s \u00e9s a h\u00edgtr\u00e1gya kijuttat\u00e1s\u00e1nak elismert specialist\u00e1ja - technol\u00f3gi\u00e1j\u00e1val. Ek\u00f6zben a vaddiszn\u00f3k szabadon","robots":{"index":"index","follow":"follow","max-snippet":"max-snippet:-1","max-image-preview":"max-image-preview:large","max-video-preview":"max-video-preview:-1"},"canonical":"https:\/\/prismagamers.com\/hu\/produkt\/farming-simulator-25-vredo-pack\/","og_locale":"hu_HU","og_type":"article","og_title":"Farming Simulator 25: Vredo Pack","og_description":"Karbantartja gyepter\u00fclet\u00e9t a Vredo - az \u00fajravet\u00e9s \u00e9s a h\u00edgtr\u00e1gya kijuttat\u00e1s\u00e1nak elismert specialist\u00e1ja - technol\u00f3gi\u00e1j\u00e1val. Ek\u00f6zben a vaddiszn\u00f3k szabadon","og_url":"https:\/\/prismagamers.com\/hu\/produkt\/farming-simulator-25-vredo-pack\/","og_site_name":"Prismagamers.com","article_publisher":"https:\/\/www.facebook.com\/prismagamers","article_modified_time":"2026-05-09T00:18:53+00:00","og_image":[{"width":748,"height":896,"url":"https:\/\/prismagamers.com\/wp-content\/uploads\/2026\/03\/03-VerticalCapsule_748x896.png","type":"image\/png"}],"twitter_card":"summary_large_image","twitter_misc":{"Becs\u00fclt olvas\u00e1si id\u0151":"1 perc"},"schema":{"@context":"https:\/\/schema.org","@graph":[{"@type":"WebPage","@id":"https:\/\/prismagamers.com\/hu\/produkt\/farming-simulator-25-vredo-pack\/","url":"https:\/\/prismagamers.com\/hu\/produkt\/farming-simulator-25-vredo-pack\/","name":"Farming Simulator 25: Vredo Pack - Prismagamers.com","isPartOf":{"@id":"https:\/\/prismagamers.com\/hu\/#website"},"primaryImageOfPage":{"@id":"https:\/\/prismagamers.com\/hu\/produkt\/farming-simulator-25-vredo-pack\/#primaryimage"},"image":{"@id":"https:\/\/prismagamers.com\/hu\/produkt\/farming-simulator-25-vredo-pack\/#primaryimage"},"thumbnailUrl":"https:\/\/prismagamers.com\/wp-content\/uploads\/2026\/03\/03-VerticalCapsule_748x896.png","datePublished":"2026-03-20T12:46:05+00:00","dateModified":"2026-05-09T00:18:53+00:00","description":"Karbantartja gyepter\u00fclet\u00e9t a Vredo - az \u00fajravet\u00e9s \u00e9s a h\u00edgtr\u00e1gya kijuttat\u00e1s\u00e1nak elismert specialist\u00e1ja - technol\u00f3gi\u00e1j\u00e1val. Ek\u00f6zben a vaddiszn\u00f3k szabadon","breadcrumb":{"@id":"https:\/\/prismagamers.com\/hu\/produkt\/farming-simulator-25-vredo-pack\/#breadcrumb"},"inLanguage":"hu","potentialAction":[{"@type":"ReadAction","target":["https:\/\/prismagamers.com\/hu\/produkt\/farming-simulator-25-vredo-pack\/"]}]},{"@type":"ImageObject","inLanguage":"hu","@id":"https:\/\/prismagamers.com\/hu\/produkt\/farming-simulator-25-vredo-pack\/#primaryimage","url":"https:\/\/prismagamers.com\/wp-content\/uploads\/2026\/03\/03-VerticalCapsule_748x896.png","contentUrl":"https:\/\/prismagamers.com\/wp-content\/uploads\/2026\/03\/03-VerticalCapsule_748x896.png","width":748,"height":896},{"@type":"BreadcrumbList","@id":"https:\/\/prismagamers.com\/hu\/produkt\/farming-simulator-25-vredo-pack\/#breadcrumb","itemListElement":[{"@type":"ListItem","position":1,"name":"Strona g\u0142\u00f3wna","item":"https:\/\/prismagamers.com\/hu\/prismagamers\/"},{"@type":"ListItem","position":2,"name":"Shop","item":"https:\/\/prismagamers.com\/hu\/shop\/"},{"@type":"ListItem","position":3,"name":"Farming Simulator 25: Vredo Pack"}]},{"@type":"WebSite","@id":"https:\/\/prismagamers.com\/hu\/#website","url":"https:\/\/prismagamers.com\/hu\/","name":"Prismagamers","description":"Sklep z grami PC I Sklep klucze Steam","publisher":{"@id":"https:\/\/prismagamers.com\/hu\/#organization"},"potentialAction":[{"@type":"SearchAction","target":{"@type":"EntryPoint","urlTemplate":"https:\/\/prismagamers.com\/hu\/?s={search_term_string}"},"query-input":{"@type":"PropertyValueSpecification","valueRequired":true,"valueName":"search_term_string"}}],"inLanguage":"hu"},{"@type":"Organization","@id":"https:\/\/prismagamers.com\/hu\/#organization","name":"Prismagamers","url":"https:\/\/prismagamers.com\/hu\/","logo":{"@type":"ImageObject","inLanguage":"hu","@id":"https:\/\/prismagamers.com\/hu\/#\/schema\/logo\/image\/","url":"https:\/\/prismagamers.com\/wp-content\/uploads\/2022\/04\/cropped-logo-Prismagamers-01-scaled-1.jpg","contentUrl":"https:\/\/prismagamers.com\/wp-content\/uploads\/2022\/04\/cropped-logo-Prismagamers-01-scaled-1.jpg","width":512,"height":512,"caption":"Prismagamers"},"image":{"@id":"https:\/\/prismagamers.com\/hu\/#\/schema\/logo\/image\/"},"sameAs":["https:\/\/www.facebook.com\/prismagamers","https:\/\/www.instagram.com\/prismagamers_grycyfrowe\/"],"description":"Prismagamers.com to dynamiczny sklep z grami cyfrowymi, stworzony z my\u015bl\u0105 o entuzjastach gier wideo. Nasza strona oferuje szerok\u0105 gam\u0119 gier komputerowych, w tym najnowsze tytu\u0142y, dobrze znane klasyki oraz gry stworzone przez niezale\u017cne studia Ca\u0142y czas d\u0105\u017cymy do rozszerzenia naszej oferty. Do\u0142\u0105cz do nas i sta\u0144 si\u0119 cz\u0119\u015bci\u0105 naszej rosn\u0105cej spo\u0142eczno\u015bci graczy!","email":"shop@prismagamers.com","telephone":"48795541705","legalName":"East Caravan Maksym \u017bukow","foundingDate":"2012-05-10","vatID":"PL8943038612","taxID":"PL8943038612","numberOfEmployees":{"@type":"QuantitativeValue","minValue":"11","maxValue":"50"}}]}},"_links":{"self":[{"href":"https:\/\/prismagamers.com\/hu\/wp-json\/wp\/v2\/product\/52068","targetHints":{"allow":["GET"]}}],"collection":[{"href":"https:\/\/prismagamers.com\/hu\/wp-json\/wp\/v2\/product"}],"about":[{"href":"https:\/\/prismagamers.com\/hu\/wp-json\/wp\/v2\/types\/product"}],"wp:featuredmedia":[{"embeddable":true,"href":"https:\/\/prismagamers.com\/hu\/wp-json\/wp\/v2\/media\/52062"}],"wp:attachment":[{"href":"https:\/\/prismagamers.com\/hu\/wp-json\/wp\/v2\/media?parent=52068"}],"wp:term":[{"taxonomy":"product_brand","embeddable":true,"href":"https:\/\/prismagamers.com\/hu\/wp-json\/wp\/v2\/product_brand?post=52068"},{"taxonomy":"product_cat","embeddable":true,"href":"https:\/\/prismagamers.com\/hu\/wp-json\/wp\/v2\/product_cat?post=52068"},{"taxonomy":"product_tag","embeddable":true,"href":"https:\/\/prismagamers.com\/hu\/wp-json\/wp\/v2\/product_tag?post=52068"}],"curies":[{"name":"wp","href":"https:\/\/api.w.org\/{rel}","templated":true}]}}