{"id":52440,"date":"2026-03-26T18:56:08","date_gmt":"2026-03-26T17:56:08","guid":{"rendered":"https:\/\/prismagamers.com\/produkt\/rhell-warped-worlds-troubled-times\/"},"modified":"2026-03-26T18:56:08","modified_gmt":"2026-03-26T17:56:08","slug":"rhell-warped-worlds-troubled-times","status":"publish","type":"product","link":"https:\/\/prismagamers.com\/hu\/produkt\/rhell-warped-worlds-troubled-times\/","title":{"rendered":"Rhell: Warped Worlds &amp; Troubled Times"},"content":{"rendered":"<p data-start=\"66\" data-end=\"407\">A <strong data-start=\"66\" data-end=\"107\">Rhell: Warped Worlds &amp; Troubled<\/strong> Times egy f\u00e9lig nyitott vil\u00e1g\u00fa puzzle-kalandj\u00e1t\u00e9k, amely a kreativit\u00e1sra, a k\u00eds\u00e9rletez\u00e9sre \u00e9s a rejtv\u00e9nyek megold\u00e1s\u00e1nak saj\u00e1t megk\u00f6zel\u00edt\u00e9s\u00e9re \u00e9p\u00fcl. Vedd \u00e1t a szarkasztikus var\u00e1zsl\u00f3n\u0151, Rhell szerep\u00e9t, \u00e9s der\u00edtsd ki, hogy mi\u00e9rt n\u00e9ptelenedett el hirtelen a vil\u00e1g, csak egy maroknyi t\u00fal\u00e9l\u0151 \u00e9s sok megmagyar\u00e1zhatatlan rejt\u00e9ly maradt ut\u00e1na. <\/p>\n<p data-start=\"409\" data-end=\"840\">A j\u00e1t\u00e9k legnagyobb er\u0151ss\u00e9ge a <strong data-start=\"441\" data-end=\"459\">m\u00e1gikus r\u00fanarendszer<\/strong> &#8211; ak\u00e1r 40 r\u00fana is rendelkez\u00e9sedre \u00e1llhat, amelyeket t\u00f6bb milli\u00f3 var\u00e1zslatkombin\u00e1ci\u00f3ban kombin\u00e1lhatsz (t\u00f6bb mint 100 milli\u00f3 lehets\u00e9ges konfigur\u00e1ci\u00f3). Minden rejtv\u00e9nyt t\u00f6bbf\u00e9lek\u00e9ppen lehet megoldani &#8211; alkoss saj\u00e1t strat\u00e9gi\u00e1t, k\u00eds\u00e9rletezz \u00e9s haszn\u00e1ld a m\u00e1gi\u00e1t nem nyilv\u00e1nval\u00f3 m\u00f3don. Duplik\u00e1ld magad, v\u00e1lj foly\u00e9konny\u00e1, anim\u00e1lj t\u00e1rgyakat vagy hozz l\u00e9tre r\u00f6gt\u00f6nz\u00f6tt k\u00f6zleked\u00e9si eszk\u00f6z\u00f6ket &#8211; csak a k\u00e9pzeleted szab hat\u00e1rt.  <\/p>\n<p data-start=\"842\" data-end=\"1116\">Fedezz fel egy f\u00e9lig nyitott vil\u00e1got, amely 9 k\u00fcl\u00f6nb\u00f6z\u0151 ter\u00fcletre oszlik &#8211; az els\u00fcllyedt k\u00f6nyvt\u00e1rakt\u00f3l \u00e9s v\u00edz alatti v\u00e1rosokt\u00f3l a vulkanikus gy\u00e1rakig \u00e9s krist\u00e1lybarlangokig. Minden helysz\u00edn saj\u00e1t t\u00f6rt\u00e9netet, titkokat \u00e9s egyedi kih\u00edv\u00e1sokat rejt, a j\u00e1t\u00e9k vil\u00e1ga pedig jutalmazza a k\u00edv\u00e1ncsis\u00e1got \u00e9s a felfedez\u00e9st. <\/p>\n<p data-start=\"1118\" data-end=\"1353\">A cselekm\u00e9ny a d\u00f6nt\u00e9seidnek megfelel\u0151en alakul. Tal\u00e1lkozol t\u00fal\u00e9l\u0151 h\u0151s\u00f6kkel, akiknek seg\u00edthetsz&#8230; vagy figyelmen k\u00edv\u00fcl hagyhatod \u0151ket. D\u00f6nt\u00e9seid befoly\u00e1solj\u00e1k Rhell karakter\u00e9t, \u00e9s k\u00fcl\u00f6nb\u00f6z\u0151 befejez\u00e9sekhez vezetnek, \u00edgy minden j\u00e1t\u00e9k egyedi lesz.  <\/p>\n<p data-start=\"1355\" data-end=\"1530\">A j\u00e1t\u00e9k hossz\u00fa \u00f3r\u00e1kon \u00e1t tart\u00f3 sz\u00f3rakoz\u00e1st, hatalmas cselekv\u00e9si szabads\u00e1got \u00e9s nagyfok\u00fa \u00fajraj\u00e1tszhat\u00f3s\u00e1got k\u00edn\u00e1l a k\u00fcl\u00f6nb\u00f6z\u0151 t\u00f6rt\u00e9netsz\u00e1laknak \u00e9s a m\u00e1gi\u00e1val val\u00f3 k\u00eds\u00e9rletez\u00e9s v\u00e9gtelen lehet\u0151s\u00e9g\u00e9nek k\u00f6sz\u00f6nhet\u0151en.<\/p>\n<p data-start=\"1532\" data-end=\"1658\"><strong data-start=\"1532\" data-end=\"1658\">A Rhell: Warped Worlds &amp; Troubled Times egy olyan kalandos kirak\u00f3s j\u00e1t\u00e9k, amelyben te tal\u00e1lod ki a megold\u00e1sokat &#8211; \u00e9s a saj\u00e1t t\u00f6rt\u00e9netedet.<\/strong><\/p>\n","protected":false},"excerpt":{"rendered":"<section class=\"text-token-text-primary w-full focus:outline-none [--shadow-height:45px] has-data-writing-block:pointer-events-none has-data-writing-block:-mt-(--shadow-height) has-data-writing-block:pt-(--shadow-height) [&amp;:has([data-writing-block])&gt;*]:pointer-events-auto R6Vx5W_threadScrollVars scroll-mb-[calc(var(--scroll-root-safe-area-inset-bottom,0px)+var(--thread-response-height,0px))] scroll-mt-[calc(var(--header-height)+min(200px,max(70px,20svh)))]\" dir=\"auto\" data-turn-id=\"request-69c4d20d-fde8-8388-b204-b107ca6c446b-12\" data-testid=\"conversation-turn-24\" data-scroll-anchor=\"false\" data-turn=\"assistant\">\n<div class=\"text-base my-auto mx-auto pb-10 [--thread-content-margin:var(--thread-content-margin-xs,calc(var(--spacing)*4))] @w-sm\/main:[--thread-content-margin:var(--thread-content-margin-sm,calc(var(--spacing)*6))] @w-lg\/main:[--thread-content-margin:var(--thread-content-margin-lg,calc(var(--spacing)*16))] px-(--thread-content-margin)\">\n<div class=\"[--thread-content-max-width:40rem] @w-lg\/main:[--thread-content-max-width:48rem] mx-auto max-w-(--thread-content-max-width) flex-1 group\/turn-messages focus-visible:outline-hidden relative flex w-full min-w-0 flex-col agent-turn\">\n<div class=\"flex max-w-full flex-col gap-4 grow\">\n<div class=\"min-h-8 text-message relative flex w-full flex-col items-end gap-2 text-start break-words whitespace-normal outline-none keyboard-focused:focus-ring [.text-message+&amp;]:mt-1\" dir=\"auto\" tabindex=\"0\" data-message-author-role=\"assistant\" data-message-id=\"709b42f7-98cd-44bf-bcfb-a9585466d86a\" data-message-model-slug=\"gpt-5-3\" data-turn-start-message=\"true\">\n<div class=\"flex w-full flex-col gap-1 empty:hidden\">\n<div class=\"markdown prose dark:prose-invert w-full wrap-break-word light markdown-new-styling\">\n<p data-start=\"1697\" data-end=\"1987\" data-is-last-node=\"\" data-is-only-node=\"\">A Rhell: Warped Worlds &amp; Troubled Times egy puzzle-kalandj\u00e1t\u00e9k, amelyben a rejtv\u00e9nyeket m\u00e1gikus r\u00fan\u00e1k t\u00f6bb sz\u00e1z kombin\u00e1ci\u00f3j\u00e1val oldod meg. Fedezz fel egy f\u00e9lig nyitott vil\u00e1got, fedezz fel titkokat \u00e9s hozz olyan d\u00f6nt\u00e9seket, amelyek befoly\u00e1solj\u00e1k a t\u00f6rt\u00e9netet. Minden rejtv\u00e9nynek t\u00f6bbf\u00e9le megold\u00e1sa van &#8211; a v\u00e1laszt\u00e1s a ti\u00e9d.  <\/p>\n<\/div>\n<\/div>\n<\/div>\n<\/div>\n<div class=\"z-0 flex min-h-[46px] justify-start\"><img decoding=\"async\" class=\"emoji\" role=\"img\" draggable=\"false\" src=\"https:\/\/s.w.org\/images\/core\/emoji\/17.0.2\/svg\/1f30d.svg\" alt=\"\ud83c\udf0d\">  EU<br \/>\n<img decoding=\"async\" class=\"emoji\" role=\"img\" draggable=\"false\" src=\"https:\/\/s.w.org\/images\/core\/emoji\/17.0.2\/svg\/2699.svg\" alt=\"\u2699\ufe0f\"> Steam<br \/>\n<img decoding=\"async\" class=\"emoji\" role=\"img\" draggable=\"false\" src=\"https:\/\/s.w.org\/images\/core\/emoji\/17.0.2\/svg\/1f5dd.svg\" alt=\"\ud83d\udddd\"> Digit\u00e1lis kulcs<\/div>\n<div class=\"mt-3 w-full empty:hidden\">\n<div class=\"text-center\"><\/div>\n<\/div>\n<\/div>\n<\/div>\n<\/section>\n<div class=\"pointer-events-none -mt-px h-px translate-y-[calc(var(--scroll-root-safe-area-inset-bottom)-14*var(--spacing))]\" aria-hidden=\"true\"><\/div>\n","protected":false},"featured_media":52433,"template":"","meta":{"_acf_changed":false,"site-sidebar-layout":"default","site-content-layout":"","ast-site-content-layout":"default","site-content-style":"default","site-sidebar-style":"default","ast-global-header-display":"","ast-banner-title-visibility":"","ast-main-header-display":"","ast-hfb-above-header-display":"","ast-hfb-below-header-display":"","ast-hfb-mobile-header-display":"","site-post-title":"","ast-breadcrumbs-content":"","ast-featured-img":"","footer-sml-layout":"","ast-disable-related-posts":"","theme-transparent-header-meta":"default","adv-header-id-meta":"","stick-header-meta":"","header-above-stick-meta":"","header-main-stick-meta":"","header-below-stick-meta":"","astra-migrate-meta-layouts":"default","ast-page-background-enabled":"default","ast-page-background-meta":{"desktop":{"background-color":"var(--ast-global-color-4)","background-image":"","background-repeat":"repeat","background-position":"center center","background-size":"auto","background-attachment":"scroll","background-type":"","background-media":"","overlay-type":"","overlay-color":"","overlay-opacity":"","overlay-gradient":""},"tablet":{"background-color":"","background-image":"","background-repeat":"repeat","background-position":"center center","background-size":"auto","background-attachment":"scroll","background-type":"","background-media":"","overlay-type":"","overlay-color":"","overlay-opacity":"","overlay-gradient":""},"mobile":{"background-color":"","background-image":"","background-repeat":"repeat","background-position":"center center","background-size":"auto","background-attachment":"scroll","background-type":"","background-media":"","overlay-type":"","overlay-color":"","overlay-opacity":"","overlay-gradient":""}},"ast-content-background-meta":{"desktop":{"background-color":"var(--ast-global-color-5)","background-image":"","background-repeat":"repeat","background-position":"center center","background-size":"auto","background-attachment":"scroll","background-type":"","background-media":"","overlay-type":"","overlay-color":"","overlay-opacity":"","overlay-gradient":""},"tablet":{"background-color":"var(--ast-global-color-5)","background-image":"","background-repeat":"repeat","background-position":"center center","background-size":"auto","background-attachment":"scroll","background-type":"","background-media":"","overlay-type":"","overlay-color":"","overlay-opacity":"","overlay-gradient":""},"mobile":{"background-color":"var(--ast-global-color-5)","background-image":"","background-repeat":"repeat","background-position":"center center","background-size":"auto","background-attachment":"scroll","background-type":"","background-media":"","overlay-type":"","overlay-color":"","overlay-opacity":"","overlay-gradient":""}}},"product_brand":[],"product_cat":[365,363,364,391],"product_tag":[],"class_list":{"0":"post-52440","1":"product","2":"type-product","3":"status-publish","4":"has-post-thumbnail","6":"product_cat-goz","7":"product_cat-kaland-jatekok","8":"product_cat-rpg-k","9":"product_cat-yogscast-jatekok","10":"desktop-align-left","11":"tablet-align-left","12":"mobile-align-left","14":"first","15":"instock","16":"virtual","17":"purchasable","18":"product-type-simple"},"acf":[],"yoast_head":"<!-- This site is optimized with the Yoast SEO Premium plugin v27.5 (Yoast SEO v27.5) - https:\/\/yoast.com\/product\/yoast-seo-premium-wordpress\/ -->\n<title>Rhell: Warped Worlds &amp; Troubled Times - Prismagamers.com<\/title>\n<meta name=\"description\" content=\"A Rhell: Warped Worlds &amp; Troubled Times egy puzzle-kalandj\u00e1t\u00e9k, amelyben a rejtv\u00e9nyeket m\u00e1gikus r\u00fan\u00e1k t\u00f6bb sz\u00e1z kombin\u00e1ci\u00f3j\u00e1val oldod meg. Fedezz fel egy f\u00e9lig nyitott vil\u00e1got, fedezz fel titkokat \u00e9s hozz olyan d\u00f6nt\u00e9seket, amelyek befoly\u00e1solj\u00e1k a t\u00f6rt\u00e9netet. Minden rejtv\u00e9nynek t\u00f6bbf\u00e9le megold\u00e1sa van - a v\u00e1laszt\u00e1s a ti\u00e9d.     EU Steam Digit\u00e1lis kulcs\" \/>\n<meta name=\"robots\" content=\"index, follow, max-snippet:-1, max-image-preview:large, max-video-preview:-1\" \/>\n<link rel=\"canonical\" href=\"https:\/\/prismagamers.com\/hu\/produkt\/rhell-warped-worlds-troubled-times\/\" \/>\n<meta property=\"og:locale\" content=\"hu_HU\" \/>\n<meta property=\"og:type\" content=\"article\" \/>\n<meta property=\"og:title\" content=\"Rhell: Warped Worlds &amp; Troubled Times\" \/>\n<meta property=\"og:description\" content=\"A Rhell: Warped Worlds &amp; Troubled Times egy puzzle-kalandj\u00e1t\u00e9k, amelyben a rejtv\u00e9nyeket m\u00e1gikus r\u00fan\u00e1k t\u00f6bb sz\u00e1z kombin\u00e1ci\u00f3j\u00e1val oldod meg. Fedezz fel egy f\u00e9lig nyitott vil\u00e1got, fedezz fel titkokat \u00e9s hozz olyan d\u00f6nt\u00e9seket, amelyek befoly\u00e1solj\u00e1k a t\u00f6rt\u00e9netet. Minden rejtv\u00e9nynek t\u00f6bbf\u00e9le megold\u00e1sa van - a v\u00e1laszt\u00e1s a ti\u00e9d.     EU Steam Digit\u00e1lis kulcs\" \/>\n<meta property=\"og:url\" content=\"https:\/\/prismagamers.com\/hu\/produkt\/rhell-warped-worlds-troubled-times\/\" \/>\n<meta property=\"og:site_name\" content=\"Prismagamers.com\" \/>\n<meta property=\"article:publisher\" content=\"https:\/\/www.facebook.com\/prismagamers\" \/>\n<meta property=\"og:image\" content=\"https:\/\/prismagamers.com\/wp-content\/uploads\/2026\/03\/CREdEh18wu6x8NsjF0HOfmZut8ewoO1nijp3YM2TGVE.jpg\" \/>\n\t<meta property=\"og:image:width\" content=\"300\" \/>\n\t<meta property=\"og:image:height\" content=\"450\" \/>\n\t<meta property=\"og:image:type\" content=\"image\/jpeg\" \/>\n<meta name=\"twitter:card\" content=\"summary_large_image\" \/>\n<meta name=\"twitter:label1\" content=\"Becs\u00fclt olvas\u00e1si id\u0151\" \/>\n\t<meta name=\"twitter:data1\" content=\"2 perc\" \/>\n<script type=\"application\/ld+json\" class=\"yoast-schema-graph\">{\"@context\":\"https:\\\/\\\/schema.org\",\"@graph\":[{\"@type\":\"WebPage\",\"@id\":\"https:\\\/\\\/prismagamers.com\\\/hu\\\/produkt\\\/rhell-warped-worlds-troubled-times\\\/\",\"url\":\"https:\\\/\\\/prismagamers.com\\\/hu\\\/produkt\\\/rhell-warped-worlds-troubled-times\\\/\",\"name\":\"Rhell: Warped Worlds &amp; Troubled Times - Prismagamers.com\",\"isPartOf\":{\"@id\":\"https:\\\/\\\/prismagamers.com\\\/hu\\\/#website\"},\"primaryImageOfPage\":{\"@id\":\"https:\\\/\\\/prismagamers.com\\\/hu\\\/produkt\\\/rhell-warped-worlds-troubled-times\\\/#primaryimage\"},\"image\":{\"@id\":\"https:\\\/\\\/prismagamers.com\\\/hu\\\/produkt\\\/rhell-warped-worlds-troubled-times\\\/#primaryimage\"},\"thumbnailUrl\":\"https:\\\/\\\/prismagamers.com\\\/wp-content\\\/uploads\\\/2026\\\/03\\\/CREdEh18wu6x8NsjF0HOfmZut8ewoO1nijp3YM2TGVE.jpg\",\"datePublished\":\"2026-03-26T17:56:08+00:00\",\"description\":\"A Rhell: Warped Worlds &amp; Troubled Times egy puzzle-kalandj\u00e1t\u00e9k, amelyben a rejtv\u00e9nyeket m\u00e1gikus r\u00fan\u00e1k t\u00f6bb sz\u00e1z kombin\u00e1ci\u00f3j\u00e1val oldod meg. Fedezz fel egy f\u00e9lig nyitott vil\u00e1got, fedezz fel titkokat \u00e9s hozz olyan d\u00f6nt\u00e9seket, amelyek befoly\u00e1solj\u00e1k a t\u00f6rt\u00e9netet. Minden rejtv\u00e9nynek t\u00f6bbf\u00e9le megold\u00e1sa van - a v\u00e1laszt\u00e1s a ti\u00e9d. EU Steam Digit\u00e1lis kulcs\",\"breadcrumb\":{\"@id\":\"https:\\\/\\\/prismagamers.com\\\/hu\\\/produkt\\\/rhell-warped-worlds-troubled-times\\\/#breadcrumb\"},\"inLanguage\":\"hu\",\"potentialAction\":[{\"@type\":\"ReadAction\",\"target\":[\"https:\\\/\\\/prismagamers.com\\\/hu\\\/produkt\\\/rhell-warped-worlds-troubled-times\\\/\"]}]},{\"@type\":\"ImageObject\",\"inLanguage\":\"hu\",\"@id\":\"https:\\\/\\\/prismagamers.com\\\/hu\\\/produkt\\\/rhell-warped-worlds-troubled-times\\\/#primaryimage\",\"url\":\"https:\\\/\\\/prismagamers.com\\\/wp-content\\\/uploads\\\/2026\\\/03\\\/CREdEh18wu6x8NsjF0HOfmZut8ewoO1nijp3YM2TGVE.jpg\",\"contentUrl\":\"https:\\\/\\\/prismagamers.com\\\/wp-content\\\/uploads\\\/2026\\\/03\\\/CREdEh18wu6x8NsjF0HOfmZut8ewoO1nijp3YM2TGVE.jpg\",\"width\":300,\"height\":450},{\"@type\":\"BreadcrumbList\",\"@id\":\"https:\\\/\\\/prismagamers.com\\\/hu\\\/produkt\\\/rhell-warped-worlds-troubled-times\\\/#breadcrumb\",\"itemListElement\":[{\"@type\":\"ListItem\",\"position\":1,\"name\":\"Strona g\u0142\u00f3wna\",\"item\":\"https:\\\/\\\/prismagamers.com\\\/hu\\\/prismagamers\\\/\"},{\"@type\":\"ListItem\",\"position\":2,\"name\":\"Shop\",\"item\":\"https:\\\/\\\/prismagamers.com\\\/hu\\\/shop\\\/\"},{\"@type\":\"ListItem\",\"position\":3,\"name\":\"Rhell: Warped Worlds &amp; Troubled Times\"}]},{\"@type\":\"WebSite\",\"@id\":\"https:\\\/\\\/prismagamers.com\\\/hu\\\/#website\",\"url\":\"https:\\\/\\\/prismagamers.com\\\/hu\\\/\",\"name\":\"Prismagamers\",\"description\":\"Sklep z grami PC I Sklep klucze Steam\",\"publisher\":{\"@id\":\"https:\\\/\\\/prismagamers.com\\\/hu\\\/#organization\"},\"potentialAction\":[{\"@type\":\"SearchAction\",\"target\":{\"@type\":\"EntryPoint\",\"urlTemplate\":\"https:\\\/\\\/prismagamers.com\\\/hu\\\/?s={search_term_string}\"},\"query-input\":{\"@type\":\"PropertyValueSpecification\",\"valueRequired\":true,\"valueName\":\"search_term_string\"}}],\"inLanguage\":\"hu\"},{\"@type\":\"Organization\",\"@id\":\"https:\\\/\\\/prismagamers.com\\\/hu\\\/#organization\",\"name\":\"Prismagamers\",\"url\":\"https:\\\/\\\/prismagamers.com\\\/hu\\\/\",\"logo\":{\"@type\":\"ImageObject\",\"inLanguage\":\"hu\",\"@id\":\"https:\\\/\\\/prismagamers.com\\\/hu\\\/#\\\/schema\\\/logo\\\/image\\\/\",\"url\":\"https:\\\/\\\/prismagamers.com\\\/wp-content\\\/uploads\\\/2022\\\/04\\\/cropped-logo-Prismagamers-01-scaled-1.jpg\",\"contentUrl\":\"https:\\\/\\\/prismagamers.com\\\/wp-content\\\/uploads\\\/2022\\\/04\\\/cropped-logo-Prismagamers-01-scaled-1.jpg\",\"width\":512,\"height\":512,\"caption\":\"Prismagamers\"},\"image\":{\"@id\":\"https:\\\/\\\/prismagamers.com\\\/hu\\\/#\\\/schema\\\/logo\\\/image\\\/\"},\"sameAs\":[\"https:\\\/\\\/www.facebook.com\\\/prismagamers\",\"https:\\\/\\\/www.instagram.com\\\/prismagamers_grycyfrowe\\\/\"],\"description\":\"Prismagamers.com to dynamiczny sklep z grami cyfrowymi, stworzony z my\u015bl\u0105 o entuzjastach gier wideo. Nasza strona oferuje szerok\u0105 gam\u0119 gier komputerowych, w tym najnowsze tytu\u0142y, dobrze znane klasyki oraz gry stworzone przez niezale\u017cne studia Ca\u0142y czas d\u0105\u017cymy do rozszerzenia naszej oferty. Do\u0142\u0105cz do nas i sta\u0144 si\u0119 cz\u0119\u015bci\u0105 naszej rosn\u0105cej spo\u0142eczno\u015bci graczy!\",\"email\":\"shop@prismagamers.com\",\"telephone\":\"48795541705\",\"legalName\":\"East Caravan Maksym \u017bukow\",\"foundingDate\":\"2012-05-10\",\"vatID\":\"PL8943038612\",\"taxID\":\"PL8943038612\",\"numberOfEmployees\":{\"@type\":\"QuantitativeValue\",\"minValue\":\"11\",\"maxValue\":\"50\"}}]}<\/script>\n<!-- \/ Yoast SEO Premium plugin. -->","yoast_head_json":{"title":"Rhell: Warped Worlds &amp; Troubled Times - Prismagamers.com","description":"A Rhell: Warped Worlds &amp; Troubled Times egy puzzle-kalandj\u00e1t\u00e9k, amelyben a rejtv\u00e9nyeket m\u00e1gikus r\u00fan\u00e1k t\u00f6bb sz\u00e1z kombin\u00e1ci\u00f3j\u00e1val oldod meg. Fedezz fel egy f\u00e9lig nyitott vil\u00e1got, fedezz fel titkokat \u00e9s hozz olyan d\u00f6nt\u00e9seket, amelyek befoly\u00e1solj\u00e1k a t\u00f6rt\u00e9netet. Minden rejtv\u00e9nynek t\u00f6bbf\u00e9le megold\u00e1sa van - a v\u00e1laszt\u00e1s a ti\u00e9d.     EU Steam Digit\u00e1lis kulcs","robots":{"index":"index","follow":"follow","max-snippet":"max-snippet:-1","max-image-preview":"max-image-preview:large","max-video-preview":"max-video-preview:-1"},"canonical":"https:\/\/prismagamers.com\/hu\/produkt\/rhell-warped-worlds-troubled-times\/","og_locale":"hu_HU","og_type":"article","og_title":"Rhell: Warped Worlds &amp; Troubled Times","og_description":"A Rhell: Warped Worlds &amp; Troubled Times egy puzzle-kalandj\u00e1t\u00e9k, amelyben a rejtv\u00e9nyeket m\u00e1gikus r\u00fan\u00e1k t\u00f6bb sz\u00e1z kombin\u00e1ci\u00f3j\u00e1val oldod meg. Fedezz fel egy f\u00e9lig nyitott vil\u00e1got, fedezz fel titkokat \u00e9s hozz olyan d\u00f6nt\u00e9seket, amelyek befoly\u00e1solj\u00e1k a t\u00f6rt\u00e9netet. Minden rejtv\u00e9nynek t\u00f6bbf\u00e9le megold\u00e1sa van - a v\u00e1laszt\u00e1s a ti\u00e9d.     EU Steam Digit\u00e1lis kulcs","og_url":"https:\/\/prismagamers.com\/hu\/produkt\/rhell-warped-worlds-troubled-times\/","og_site_name":"Prismagamers.com","article_publisher":"https:\/\/www.facebook.com\/prismagamers","og_image":[{"width":300,"height":450,"url":"https:\/\/prismagamers.com\/wp-content\/uploads\/2026\/03\/CREdEh18wu6x8NsjF0HOfmZut8ewoO1nijp3YM2TGVE.jpg","type":"image\/jpeg"}],"twitter_card":"summary_large_image","twitter_misc":{"Becs\u00fclt olvas\u00e1si id\u0151":"2 perc"},"schema":{"@context":"https:\/\/schema.org","@graph":[{"@type":"WebPage","@id":"https:\/\/prismagamers.com\/hu\/produkt\/rhell-warped-worlds-troubled-times\/","url":"https:\/\/prismagamers.com\/hu\/produkt\/rhell-warped-worlds-troubled-times\/","name":"Rhell: Warped Worlds &amp; Troubled Times - Prismagamers.com","isPartOf":{"@id":"https:\/\/prismagamers.com\/hu\/#website"},"primaryImageOfPage":{"@id":"https:\/\/prismagamers.com\/hu\/produkt\/rhell-warped-worlds-troubled-times\/#primaryimage"},"image":{"@id":"https:\/\/prismagamers.com\/hu\/produkt\/rhell-warped-worlds-troubled-times\/#primaryimage"},"thumbnailUrl":"https:\/\/prismagamers.com\/wp-content\/uploads\/2026\/03\/CREdEh18wu6x8NsjF0HOfmZut8ewoO1nijp3YM2TGVE.jpg","datePublished":"2026-03-26T17:56:08+00:00","description":"A Rhell: Warped Worlds &amp; Troubled Times egy puzzle-kalandj\u00e1t\u00e9k, amelyben a rejtv\u00e9nyeket m\u00e1gikus r\u00fan\u00e1k t\u00f6bb sz\u00e1z kombin\u00e1ci\u00f3j\u00e1val oldod meg. Fedezz fel egy f\u00e9lig nyitott vil\u00e1got, fedezz fel titkokat \u00e9s hozz olyan d\u00f6nt\u00e9seket, amelyek befoly\u00e1solj\u00e1k a t\u00f6rt\u00e9netet. Minden rejtv\u00e9nynek t\u00f6bbf\u00e9le megold\u00e1sa van - a v\u00e1laszt\u00e1s a ti\u00e9d. EU Steam Digit\u00e1lis kulcs","breadcrumb":{"@id":"https:\/\/prismagamers.com\/hu\/produkt\/rhell-warped-worlds-troubled-times\/#breadcrumb"},"inLanguage":"hu","potentialAction":[{"@type":"ReadAction","target":["https:\/\/prismagamers.com\/hu\/produkt\/rhell-warped-worlds-troubled-times\/"]}]},{"@type":"ImageObject","inLanguage":"hu","@id":"https:\/\/prismagamers.com\/hu\/produkt\/rhell-warped-worlds-troubled-times\/#primaryimage","url":"https:\/\/prismagamers.com\/wp-content\/uploads\/2026\/03\/CREdEh18wu6x8NsjF0HOfmZut8ewoO1nijp3YM2TGVE.jpg","contentUrl":"https:\/\/prismagamers.com\/wp-content\/uploads\/2026\/03\/CREdEh18wu6x8NsjF0HOfmZut8ewoO1nijp3YM2TGVE.jpg","width":300,"height":450},{"@type":"BreadcrumbList","@id":"https:\/\/prismagamers.com\/hu\/produkt\/rhell-warped-worlds-troubled-times\/#breadcrumb","itemListElement":[{"@type":"ListItem","position":1,"name":"Strona g\u0142\u00f3wna","item":"https:\/\/prismagamers.com\/hu\/prismagamers\/"},{"@type":"ListItem","position":2,"name":"Shop","item":"https:\/\/prismagamers.com\/hu\/shop\/"},{"@type":"ListItem","position":3,"name":"Rhell: Warped Worlds &amp; Troubled Times"}]},{"@type":"WebSite","@id":"https:\/\/prismagamers.com\/hu\/#website","url":"https:\/\/prismagamers.com\/hu\/","name":"Prismagamers","description":"Sklep z grami PC I Sklep klucze Steam","publisher":{"@id":"https:\/\/prismagamers.com\/hu\/#organization"},"potentialAction":[{"@type":"SearchAction","target":{"@type":"EntryPoint","urlTemplate":"https:\/\/prismagamers.com\/hu\/?s={search_term_string}"},"query-input":{"@type":"PropertyValueSpecification","valueRequired":true,"valueName":"search_term_string"}}],"inLanguage":"hu"},{"@type":"Organization","@id":"https:\/\/prismagamers.com\/hu\/#organization","name":"Prismagamers","url":"https:\/\/prismagamers.com\/hu\/","logo":{"@type":"ImageObject","inLanguage":"hu","@id":"https:\/\/prismagamers.com\/hu\/#\/schema\/logo\/image\/","url":"https:\/\/prismagamers.com\/wp-content\/uploads\/2022\/04\/cropped-logo-Prismagamers-01-scaled-1.jpg","contentUrl":"https:\/\/prismagamers.com\/wp-content\/uploads\/2022\/04\/cropped-logo-Prismagamers-01-scaled-1.jpg","width":512,"height":512,"caption":"Prismagamers"},"image":{"@id":"https:\/\/prismagamers.com\/hu\/#\/schema\/logo\/image\/"},"sameAs":["https:\/\/www.facebook.com\/prismagamers","https:\/\/www.instagram.com\/prismagamers_grycyfrowe\/"],"description":"Prismagamers.com to dynamiczny sklep z grami cyfrowymi, stworzony z my\u015bl\u0105 o entuzjastach gier wideo. Nasza strona oferuje szerok\u0105 gam\u0119 gier komputerowych, w tym najnowsze tytu\u0142y, dobrze znane klasyki oraz gry stworzone przez niezale\u017cne studia Ca\u0142y czas d\u0105\u017cymy do rozszerzenia naszej oferty. Do\u0142\u0105cz do nas i sta\u0144 si\u0119 cz\u0119\u015bci\u0105 naszej rosn\u0105cej spo\u0142eczno\u015bci graczy!","email":"shop@prismagamers.com","telephone":"48795541705","legalName":"East Caravan Maksym \u017bukow","foundingDate":"2012-05-10","vatID":"PL8943038612","taxID":"PL8943038612","numberOfEmployees":{"@type":"QuantitativeValue","minValue":"11","maxValue":"50"}}]}},"_links":{"self":[{"href":"https:\/\/prismagamers.com\/hu\/wp-json\/wp\/v2\/product\/52440","targetHints":{"allow":["GET"]}}],"collection":[{"href":"https:\/\/prismagamers.com\/hu\/wp-json\/wp\/v2\/product"}],"about":[{"href":"https:\/\/prismagamers.com\/hu\/wp-json\/wp\/v2\/types\/product"}],"wp:featuredmedia":[{"embeddable":true,"href":"https:\/\/prismagamers.com\/hu\/wp-json\/wp\/v2\/media\/52433"}],"wp:attachment":[{"href":"https:\/\/prismagamers.com\/hu\/wp-json\/wp\/v2\/media?parent=52440"}],"wp:term":[{"taxonomy":"product_brand","embeddable":true,"href":"https:\/\/prismagamers.com\/hu\/wp-json\/wp\/v2\/product_brand?post=52440"},{"taxonomy":"product_cat","embeddable":true,"href":"https:\/\/prismagamers.com\/hu\/wp-json\/wp\/v2\/product_cat?post=52440"},{"taxonomy":"product_tag","embeddable":true,"href":"https:\/\/prismagamers.com\/hu\/wp-json\/wp\/v2\/product_tag?post=52440"}],"curies":[{"name":"wp","href":"https:\/\/api.w.org\/{rel}","templated":true}]}}