{"id":55882,"date":"2026-04-21T18:12:12","date_gmt":"2026-04-21T16:12:12","guid":{"rendered":"https:\/\/prismagamers.com\/produkt\/the-amusement\/"},"modified":"2026-04-21T18:12:12","modified_gmt":"2026-04-21T16:12:12","slug":"the-amusement","status":"publish","type":"product","link":"https:\/\/prismagamers.com\/hu\/produkt\/the-amusement\/","title":{"rendered":"The Amusement"},"content":{"rendered":"<h2 data-section-id=\"g5upl\" data-start=\"61\" data-end=\"107\">Egy mag\u00e1val ragad\u00f3 VR kalandj\u00e1t\u00e9k tele rejt\u00e9lyekkel<\/h2>\n<p data-start=\"109\" data-end=\"357\"><strong data-start=\"109\" data-end=\"126\">A The Amusement<\/strong> egy narrat\u00edv VR-kalandj\u00e1t\u00e9k, amelyben Samantha Burkhart szerep\u00e9t j\u00e1tszod. A f\u0151szerepl\u0151, akit \u00e9desanyja n\u00e9hai apja elhagyatott vid\u00e1mparkj\u00e1ba k\u00fcld\u00f6tt, fokozatosan felfedezi a rejtett titkokat \u00e9s saj\u00e1t m\u00faltj\u00e1nak t\u00f6red\u00e9keit. <\/p>\n<h2 data-section-id=\"1e6m1hp\" data-start=\"359\" data-end=\"393\">Fedezzen fel egy elfeledett vid\u00e1mparkot<\/h2>\n<p data-start=\"395\" data-end=\"623\">Fedezze fel az 1920-as \u00e9vek vid\u00e1mparkjai \u00e1ltal inspir\u00e1lt rendk\u00edv\u00fcli helysz\u00edneket &#8211; egy hatalmas labirintust\u00f3l kezdve Atlantisz romjain \u00e1t egy hull\u00e1mvas\u00fatig. Minden egyes attrakci\u00f3 Samantha neh\u00e9z csal\u00e1di t\u00f6rt\u00e9net\u00e9nek eml\u00e9keit \u00e9s \u00e9rzelmeit rejti.  <\/p>\n<h2 data-section-id=\"17adm69\" data-start=\"625\" data-end=\"666\">Teljes mer\u00edt\u00e9s a VR technol\u00f3gi\u00e1nak k\u00f6sz\u00f6nhet\u0151en<\/h2>\n<p data-start=\"668\" data-end=\"872\">A j\u00e1t\u00e9k egy fejlett <strong data-start=\"707\" data-end=\"729\">\u00e1tir\u00e1ny\u00edtott j\u00e1r\u00e1si<\/strong> technik\u00e1t haszn\u00e1l, amely minden val\u00f3s l\u00e9p\u00e9sedet k\u00f6zvetlen\u00fcl a j\u00e1t\u00e9k vil\u00e1g\u00e1ba helyezi. Ez rendk\u00edv\u00fcl val\u00f3s\u00e1gh\u0171v\u00e9 \u00e9s mag\u00e1val ragad\u00f3v\u00e1 teszi a felfedez\u00e9st. <\/p>\n<h2 data-section-id=\"2m5ld\" data-start=\"874\" data-end=\"908\">A mozg\u00e1s k\u00fcl\u00f6nb\u00f6z\u0151 form\u00e1i<\/h2>\n<p data-start=\"910\" data-end=\"934\">A gyalogl\u00e1s mellett:<\/p>\n<ul data-start=\"935\" data-end=\"1054\">\n<li data-section-id=\"i9kr3d\" data-start=\"935\" data-end=\"973\">magas \u00e9p\u00edtm\u00e9nyekre m\u00e1szni<\/li>\n<li data-section-id=\"q8zjnq\" data-start=\"974\" data-end=\"1011\">leng\u00e9s \u00e9s az akad\u00e1lyok lek\u00fczd\u00e9se<\/li>\n<li data-section-id=\"14fmvwp\" data-start=\"1012\" data-end=\"1054\">a park hint\u00f3inak \u00e9s attrakci\u00f3inak haszn\u00e1lata<\/li>\n<\/ul>\n<p data-start=\"1056\" data-end=\"1138\">A teleport\u00e1l\u00e1s \u00e9s a sima mozg\u00e1s kisebb terekben is el\u00e9rhet\u0151.<\/p>\n<h2 data-section-id=\"rgedo2\" data-start=\"1140\" data-end=\"1180\">Fejts rejtv\u00e9nyeket \u00e9s fedezd fel a t\u00f6rt\u00e9nelmet<\/h2>\n<p data-start=\"1182\" data-end=\"1372\">Fedezd fel a parkot, gy\u0171jts nyomokat \u00e9s oldj meg logikai rejtv\u00e9nyeket. L\u00e9pj kapcsolatba a t\u00e1rgyakkal \u00e9s mechanizmusokkal, hogy \u00faj utakat nyiss fel, \u00e9s fedezd fel Samantha \u00e9s csal\u00e1dja teljes t\u00f6rt\u00e9net\u00e9t. <\/p>\n<h2 data-section-id=\"1apl1p4\" data-start=\"1374\" data-end=\"1411\">Egy \u00e9rzelmes t\u00f6rt\u00e9net a m\u00faltr\u00f3l<\/h2>\n<p data-start=\"1413\" data-end=\"1582\">A The Amusement t\u00f6bb mint egy kaland, a nosztalgikus, melankolikus hangulat\u00fa, meghat\u00f3 t\u00f6rt\u00e9net csal\u00e1di kapcsolatokr\u00f3l, vesztes\u00e9gekr\u0151l \u00e9s eml\u00e9kekr\u0151l sz\u00f3l.<\/p>\n<hr data-start=\"1584\" data-end=\"1587\">\n<h2 data-section-id=\"1521hxh\" data-start=\"1589\" data-end=\"1616\">\ud83c\udfaf Kinek sz\u00f3l ez a j\u00e1t\u00e9k?<\/h2>\n<ul data-start=\"1618\" data-end=\"1823\">\n<li data-section-id=\"11qy7c9\" data-start=\"1618\" data-end=\"1666\">a VR-j\u00e1t\u00e9kok \u00e9s a mag\u00e1val ragad\u00f3 \u00e9lm\u00e9nyek rajong\u00f3i sz\u00e1m\u00e1ra<\/li>\n<li data-section-id=\"xhzdyk\" data-start=\"1667\" data-end=\"1716\">azoknak, akik szeretik a narrat\u00edv j\u00e1t\u00e9kokat \u00e9s a rejt\u00e9lyeket<\/li>\n<li data-section-id=\"o0tfxb\" data-start=\"1717\" data-end=\"1763\">a felfedez\u00e9st \u00e9s a rejtv\u00e9nyeket kedvel\u0151 j\u00e1t\u00e9kosok sz\u00e1m\u00e1ra<\/li>\n<li data-section-id=\"1dfpqa\" data-start=\"1764\" data-end=\"1823\">a retro \u00e9ghajlat \u00e9s az \u00e9rzelmi m\u00e9lys\u00e9g\u0171 t\u00f6rt\u00e9netek rajong\u00f3i sz\u00e1m\u00e1ra<\/li>\n<\/ul>\n<hr data-start=\"1825\" data-end=\"1828\">\n<h2 data-section-id=\"vdu8a3\" data-start=\"1830\" data-end=\"1847\">\u2b50 F\u0151 jellemz\u0151k<\/h2>\n<ul data-start=\"1849\" data-end=\"2175\">\n<li data-section-id=\"shwg1q\" data-start=\"1849\" data-end=\"1903\">narrat\u00edv VR-kaland er\u0151s t\u00f6rt\u00e9nettel<\/li>\n<li data-section-id=\"1jtzr8v\" data-start=\"1904\" data-end=\"1947\">egy elhagyatott vid\u00e1mpark felt\u00e1r\u00e1sa<\/li>\n<li data-section-id=\"7c4tbs\" data-start=\"1948\" data-end=\"2004\">\u00e1tir\u00e1ny\u00edtott s\u00e9ta technol\u00f3gia az elm\u00e9ly\u00fcl\u00e9s fokoz\u00e1sa \u00e9rdek\u00e9ben<\/li>\n<li data-section-id=\"1osbo7w\" data-start=\"2005\" data-end=\"2071\">k\u00fcl\u00f6nb\u00f6z\u0151 mozg\u00e1sm\u00f3dok (m\u00e1sz\u00e1s, teleport\u00e1l\u00e1s, vezet\u00e9s)<\/li>\n<li data-section-id=\"beopl9\" data-start=\"2072\" data-end=\"2123\">interakt\u00edv rejtv\u00e9nyek \u00e9s t\u00e1rgymanipul\u00e1ci\u00f3<\/li>\n<li data-section-id=\"2k6p9g\" data-start=\"2124\" data-end=\"2175\">az 1920-as \u00e9vek vid\u00e1mparkjai \u00e1ltal ihletett l\u00e9gk\u00f6r <\/li>\n<\/ul>\n","protected":false},"excerpt":{"rendered":"<p>Fedezd fel egy elhagyatott vid\u00e1mpark rejt\u00e9lyeit egy teljesen mag\u00e1val ragad\u00f3 VR-kalandban . <strong data-start=\"2293\" data-end=\"2310\">A The Amusement<\/strong> egy \u00e9rzelmes t\u00f6rt\u00e9net, rejtv\u00e9nyek \u00e9s felfedez\u00e9s, amely az els\u0151 l\u00e9p\u00e9st\u0151l kezdve mag\u00e1val ragad.<\/p>\n","protected":false},"featured_media":55873,"template":"","meta":{"_acf_changed":false,"site-sidebar-layout":"default","site-content-layout":"","ast-site-content-layout":"default","site-content-style":"default","site-sidebar-style":"default","ast-global-header-display":"","ast-banner-title-visibility":"","ast-main-header-display":"","ast-hfb-above-header-display":"","ast-hfb-below-header-display":"","ast-hfb-mobile-header-display":"","site-post-title":"","ast-breadcrumbs-content":"","ast-featured-img":"","footer-sml-layout":"","ast-disable-related-posts":"","theme-transparent-header-meta":"default","adv-header-id-meta":"","stick-header-meta":"","header-above-stick-meta":"","header-main-stick-meta":"","header-below-stick-meta":"","astra-migrate-meta-layouts":"default","ast-page-background-enabled":"default","ast-page-background-meta":{"desktop":{"background-color":"var(--ast-global-color-4)","background-image":"","background-repeat":"repeat","background-position":"center center","background-size":"auto","background-attachment":"scroll","background-type":"","background-media":"","overlay-type":"","overlay-color":"","overlay-opacity":"","overlay-gradient":""},"tablet":{"background-color":"","background-image":"","background-repeat":"repeat","background-position":"center center","background-size":"auto","background-attachment":"scroll","background-type":"","background-media":"","overlay-type":"","overlay-color":"","overlay-opacity":"","overlay-gradient":""},"mobile":{"background-color":"","background-image":"","background-repeat":"repeat","background-position":"center center","background-size":"auto","background-attachment":"scroll","background-type":"","background-media":"","overlay-type":"","overlay-color":"","overlay-opacity":"","overlay-gradient":""}},"ast-content-background-meta":{"desktop":{"background-color":"var(--ast-global-color-5)","background-image":"","background-repeat":"repeat","background-position":"center center","background-size":"auto","background-attachment":"scroll","background-type":"","background-media":"","overlay-type":"","overlay-color":"","overlay-opacity":"","overlay-gradient":""},"tablet":{"background-color":"var(--ast-global-color-5)","background-image":"","background-repeat":"repeat","background-position":"center center","background-size":"auto","background-attachment":"scroll","background-type":"","background-media":"","overlay-type":"","overlay-color":"","overlay-opacity":"","overlay-gradient":""},"mobile":{"background-color":"var(--ast-global-color-5)","background-image":"","background-repeat":"repeat","background-position":"center center","background-size":"auto","background-attachment":"scroll","background-type":"","background-media":"","overlay-type":"","overlay-color":"","overlay-opacity":"","overlay-gradient":""}}},"product_brand":[],"product_cat":[695,402,365,363],"product_tag":[],"class_list":{"0":"post-55882","1":"product","2":"type-product","3":"status-publish","4":"has-post-thumbnail","6":"product_cat-arte-franciaorszag","7":"product_cat-briggs","8":"product_cat-goz","9":"product_cat-kaland-jatekok","10":"desktop-align-left","11":"tablet-align-left","12":"mobile-align-left","14":"first","15":"instock","16":"virtual","17":"purchasable","18":"product-type-simple"},"acf":[],"yoast_head":"<!-- This site is optimized with the Yoast SEO Premium plugin v27.5 (Yoast SEO v27.5) - https:\/\/yoast.com\/product\/yoast-seo-premium-wordpress\/ -->\n<title>The Amusement - Prismagamers.com<\/title>\n<meta name=\"description\" content=\"Fedezd fel egy elhagyatott vid\u00e1mpark rejt\u00e9lyeit egy teljesen mag\u00e1val ragad\u00f3 VR-kalandban . A The Amusement egy \u00e9rzelmes t\u00f6rt\u00e9net, rejtv\u00e9nyek \u00e9s felfedez\u00e9s, amely az els\u0151 l\u00e9p\u00e9st\u0151l kezdve mag\u00e1val ragad.\" \/>\n<meta name=\"robots\" content=\"index, follow, max-snippet:-1, max-image-preview:large, max-video-preview:-1\" \/>\n<link rel=\"canonical\" href=\"https:\/\/prismagamers.com\/hu\/produkt\/the-amusement\/\" \/>\n<meta property=\"og:locale\" content=\"hu_HU\" \/>\n<meta property=\"og:type\" content=\"article\" \/>\n<meta property=\"og:title\" content=\"The Amusement\" \/>\n<meta property=\"og:description\" content=\"Fedezd fel egy elhagyatott vid\u00e1mpark rejt\u00e9lyeit egy teljesen mag\u00e1val ragad\u00f3 VR-kalandban . A The Amusement egy \u00e9rzelmes t\u00f6rt\u00e9net, rejtv\u00e9nyek \u00e9s felfedez\u00e9s, amely az els\u0151 l\u00e9p\u00e9st\u0151l kezdve mag\u00e1val ragad.\" \/>\n<meta property=\"og:url\" content=\"https:\/\/prismagamers.com\/hu\/produkt\/the-amusement\/\" \/>\n<meta property=\"og:site_name\" content=\"Prismagamers.com\" \/>\n<meta property=\"article:publisher\" content=\"https:\/\/www.facebook.com\/prismagamers\" \/>\n<meta property=\"og:image\" content=\"https:\/\/prismagamers.com\/wp-content\/uploads\/2026\/04\/The-Amusement_1.jpg\" \/>\n\t<meta property=\"og:image:width\" content=\"460\" \/>\n\t<meta property=\"og:image:height\" content=\"215\" \/>\n\t<meta property=\"og:image:type\" content=\"image\/jpeg\" \/>\n<meta name=\"twitter:card\" content=\"summary_large_image\" \/>\n<meta name=\"twitter:label1\" content=\"Becs\u00fclt olvas\u00e1si id\u0151\" \/>\n\t<meta name=\"twitter:data1\" content=\"2 perc\" \/>\n<script type=\"application\/ld+json\" class=\"yoast-schema-graph\">{\"@context\":\"https:\\\/\\\/schema.org\",\"@graph\":[{\"@type\":\"WebPage\",\"@id\":\"https:\\\/\\\/prismagamers.com\\\/hu\\\/produkt\\\/the-amusement\\\/\",\"url\":\"https:\\\/\\\/prismagamers.com\\\/hu\\\/produkt\\\/the-amusement\\\/\",\"name\":\"The Amusement - Prismagamers.com\",\"isPartOf\":{\"@id\":\"https:\\\/\\\/prismagamers.com\\\/hu\\\/#website\"},\"primaryImageOfPage\":{\"@id\":\"https:\\\/\\\/prismagamers.com\\\/hu\\\/produkt\\\/the-amusement\\\/#primaryimage\"},\"image\":{\"@id\":\"https:\\\/\\\/prismagamers.com\\\/hu\\\/produkt\\\/the-amusement\\\/#primaryimage\"},\"thumbnailUrl\":\"https:\\\/\\\/prismagamers.com\\\/wp-content\\\/uploads\\\/2026\\\/04\\\/The-Amusement_1.jpg\",\"datePublished\":\"2026-04-21T16:12:12+00:00\",\"description\":\"Fedezd fel egy elhagyatott vid\u00e1mpark rejt\u00e9lyeit egy teljesen mag\u00e1val ragad\u00f3 VR-kalandban . A The Amusement egy \u00e9rzelmes t\u00f6rt\u00e9net, rejtv\u00e9nyek \u00e9s felfedez\u00e9s, amely az els\u0151 l\u00e9p\u00e9st\u0151l kezdve mag\u00e1val ragad.\",\"breadcrumb\":{\"@id\":\"https:\\\/\\\/prismagamers.com\\\/hu\\\/produkt\\\/the-amusement\\\/#breadcrumb\"},\"inLanguage\":\"hu\",\"potentialAction\":[{\"@type\":\"ReadAction\",\"target\":[\"https:\\\/\\\/prismagamers.com\\\/hu\\\/produkt\\\/the-amusement\\\/\"]}]},{\"@type\":\"ImageObject\",\"inLanguage\":\"hu\",\"@id\":\"https:\\\/\\\/prismagamers.com\\\/hu\\\/produkt\\\/the-amusement\\\/#primaryimage\",\"url\":\"https:\\\/\\\/prismagamers.com\\\/wp-content\\\/uploads\\\/2026\\\/04\\\/The-Amusement_1.jpg\",\"contentUrl\":\"https:\\\/\\\/prismagamers.com\\\/wp-content\\\/uploads\\\/2026\\\/04\\\/The-Amusement_1.jpg\",\"width\":460,\"height\":215},{\"@type\":\"BreadcrumbList\",\"@id\":\"https:\\\/\\\/prismagamers.com\\\/hu\\\/produkt\\\/the-amusement\\\/#breadcrumb\",\"itemListElement\":[{\"@type\":\"ListItem\",\"position\":1,\"name\":\"Strona g\u0142\u00f3wna\",\"item\":\"https:\\\/\\\/prismagamers.com\\\/hu\\\/prismagamers\\\/\"},{\"@type\":\"ListItem\",\"position\":2,\"name\":\"Shop\",\"item\":\"https:\\\/\\\/prismagamers.com\\\/hu\\\/shop\\\/\"},{\"@type\":\"ListItem\",\"position\":3,\"name\":\"The Amusement\"}]},{\"@type\":\"WebSite\",\"@id\":\"https:\\\/\\\/prismagamers.com\\\/hu\\\/#website\",\"url\":\"https:\\\/\\\/prismagamers.com\\\/hu\\\/\",\"name\":\"Prismagamers\",\"description\":\"Sklep z grami PC I Sklep klucze Steam\",\"publisher\":{\"@id\":\"https:\\\/\\\/prismagamers.com\\\/hu\\\/#organization\"},\"potentialAction\":[{\"@type\":\"SearchAction\",\"target\":{\"@type\":\"EntryPoint\",\"urlTemplate\":\"https:\\\/\\\/prismagamers.com\\\/hu\\\/?s={search_term_string}\"},\"query-input\":{\"@type\":\"PropertyValueSpecification\",\"valueRequired\":true,\"valueName\":\"search_term_string\"}}],\"inLanguage\":\"hu\"},{\"@type\":\"Organization\",\"@id\":\"https:\\\/\\\/prismagamers.com\\\/hu\\\/#organization\",\"name\":\"Prismagamers\",\"url\":\"https:\\\/\\\/prismagamers.com\\\/hu\\\/\",\"logo\":{\"@type\":\"ImageObject\",\"inLanguage\":\"hu\",\"@id\":\"https:\\\/\\\/prismagamers.com\\\/hu\\\/#\\\/schema\\\/logo\\\/image\\\/\",\"url\":\"https:\\\/\\\/prismagamers.com\\\/wp-content\\\/uploads\\\/2022\\\/04\\\/cropped-logo-Prismagamers-01-scaled-1.jpg\",\"contentUrl\":\"https:\\\/\\\/prismagamers.com\\\/wp-content\\\/uploads\\\/2022\\\/04\\\/cropped-logo-Prismagamers-01-scaled-1.jpg\",\"width\":512,\"height\":512,\"caption\":\"Prismagamers\"},\"image\":{\"@id\":\"https:\\\/\\\/prismagamers.com\\\/hu\\\/#\\\/schema\\\/logo\\\/image\\\/\"},\"sameAs\":[\"https:\\\/\\\/www.facebook.com\\\/prismagamers\",\"https:\\\/\\\/www.instagram.com\\\/prismagamers_grycyfrowe\\\/\"],\"description\":\"Prismagamers.com to dynamiczny sklep z grami cyfrowymi, stworzony z my\u015bl\u0105 o entuzjastach gier wideo. Nasza strona oferuje szerok\u0105 gam\u0119 gier komputerowych, w tym najnowsze tytu\u0142y, dobrze znane klasyki oraz gry stworzone przez niezale\u017cne studia Ca\u0142y czas d\u0105\u017cymy do rozszerzenia naszej oferty. Do\u0142\u0105cz do nas i sta\u0144 si\u0119 cz\u0119\u015bci\u0105 naszej rosn\u0105cej spo\u0142eczno\u015bci graczy!\",\"email\":\"shop@prismagamers.com\",\"telephone\":\"48795541705\",\"legalName\":\"East Caravan Maksym \u017bukow\",\"foundingDate\":\"2012-05-10\",\"vatID\":\"PL8943038612\",\"taxID\":\"PL8943038612\",\"numberOfEmployees\":{\"@type\":\"QuantitativeValue\",\"minValue\":\"11\",\"maxValue\":\"50\"}}]}<\/script>\n<!-- \/ Yoast SEO Premium plugin. -->","yoast_head_json":{"title":"The Amusement - Prismagamers.com","description":"Fedezd fel egy elhagyatott vid\u00e1mpark rejt\u00e9lyeit egy teljesen mag\u00e1val ragad\u00f3 VR-kalandban . A The Amusement egy \u00e9rzelmes t\u00f6rt\u00e9net, rejtv\u00e9nyek \u00e9s felfedez\u00e9s, amely az els\u0151 l\u00e9p\u00e9st\u0151l kezdve mag\u00e1val ragad.","robots":{"index":"index","follow":"follow","max-snippet":"max-snippet:-1","max-image-preview":"max-image-preview:large","max-video-preview":"max-video-preview:-1"},"canonical":"https:\/\/prismagamers.com\/hu\/produkt\/the-amusement\/","og_locale":"hu_HU","og_type":"article","og_title":"The Amusement","og_description":"Fedezd fel egy elhagyatott vid\u00e1mpark rejt\u00e9lyeit egy teljesen mag\u00e1val ragad\u00f3 VR-kalandban . A The Amusement egy \u00e9rzelmes t\u00f6rt\u00e9net, rejtv\u00e9nyek \u00e9s felfedez\u00e9s, amely az els\u0151 l\u00e9p\u00e9st\u0151l kezdve mag\u00e1val ragad.","og_url":"https:\/\/prismagamers.com\/hu\/produkt\/the-amusement\/","og_site_name":"Prismagamers.com","article_publisher":"https:\/\/www.facebook.com\/prismagamers","og_image":[{"width":460,"height":215,"url":"https:\/\/prismagamers.com\/wp-content\/uploads\/2026\/04\/The-Amusement_1.jpg","type":"image\/jpeg"}],"twitter_card":"summary_large_image","twitter_misc":{"Becs\u00fclt olvas\u00e1si id\u0151":"2 perc"},"schema":{"@context":"https:\/\/schema.org","@graph":[{"@type":"WebPage","@id":"https:\/\/prismagamers.com\/hu\/produkt\/the-amusement\/","url":"https:\/\/prismagamers.com\/hu\/produkt\/the-amusement\/","name":"The Amusement - Prismagamers.com","isPartOf":{"@id":"https:\/\/prismagamers.com\/hu\/#website"},"primaryImageOfPage":{"@id":"https:\/\/prismagamers.com\/hu\/produkt\/the-amusement\/#primaryimage"},"image":{"@id":"https:\/\/prismagamers.com\/hu\/produkt\/the-amusement\/#primaryimage"},"thumbnailUrl":"https:\/\/prismagamers.com\/wp-content\/uploads\/2026\/04\/The-Amusement_1.jpg","datePublished":"2026-04-21T16:12:12+00:00","description":"Fedezd fel egy elhagyatott vid\u00e1mpark rejt\u00e9lyeit egy teljesen mag\u00e1val ragad\u00f3 VR-kalandban . A The Amusement egy \u00e9rzelmes t\u00f6rt\u00e9net, rejtv\u00e9nyek \u00e9s felfedez\u00e9s, amely az els\u0151 l\u00e9p\u00e9st\u0151l kezdve mag\u00e1val ragad.","breadcrumb":{"@id":"https:\/\/prismagamers.com\/hu\/produkt\/the-amusement\/#breadcrumb"},"inLanguage":"hu","potentialAction":[{"@type":"ReadAction","target":["https:\/\/prismagamers.com\/hu\/produkt\/the-amusement\/"]}]},{"@type":"ImageObject","inLanguage":"hu","@id":"https:\/\/prismagamers.com\/hu\/produkt\/the-amusement\/#primaryimage","url":"https:\/\/prismagamers.com\/wp-content\/uploads\/2026\/04\/The-Amusement_1.jpg","contentUrl":"https:\/\/prismagamers.com\/wp-content\/uploads\/2026\/04\/The-Amusement_1.jpg","width":460,"height":215},{"@type":"BreadcrumbList","@id":"https:\/\/prismagamers.com\/hu\/produkt\/the-amusement\/#breadcrumb","itemListElement":[{"@type":"ListItem","position":1,"name":"Strona g\u0142\u00f3wna","item":"https:\/\/prismagamers.com\/hu\/prismagamers\/"},{"@type":"ListItem","position":2,"name":"Shop","item":"https:\/\/prismagamers.com\/hu\/shop\/"},{"@type":"ListItem","position":3,"name":"The Amusement"}]},{"@type":"WebSite","@id":"https:\/\/prismagamers.com\/hu\/#website","url":"https:\/\/prismagamers.com\/hu\/","name":"Prismagamers","description":"Sklep z grami PC I Sklep klucze Steam","publisher":{"@id":"https:\/\/prismagamers.com\/hu\/#organization"},"potentialAction":[{"@type":"SearchAction","target":{"@type":"EntryPoint","urlTemplate":"https:\/\/prismagamers.com\/hu\/?s={search_term_string}"},"query-input":{"@type":"PropertyValueSpecification","valueRequired":true,"valueName":"search_term_string"}}],"inLanguage":"hu"},{"@type":"Organization","@id":"https:\/\/prismagamers.com\/hu\/#organization","name":"Prismagamers","url":"https:\/\/prismagamers.com\/hu\/","logo":{"@type":"ImageObject","inLanguage":"hu","@id":"https:\/\/prismagamers.com\/hu\/#\/schema\/logo\/image\/","url":"https:\/\/prismagamers.com\/wp-content\/uploads\/2022\/04\/cropped-logo-Prismagamers-01-scaled-1.jpg","contentUrl":"https:\/\/prismagamers.com\/wp-content\/uploads\/2022\/04\/cropped-logo-Prismagamers-01-scaled-1.jpg","width":512,"height":512,"caption":"Prismagamers"},"image":{"@id":"https:\/\/prismagamers.com\/hu\/#\/schema\/logo\/image\/"},"sameAs":["https:\/\/www.facebook.com\/prismagamers","https:\/\/www.instagram.com\/prismagamers_grycyfrowe\/"],"description":"Prismagamers.com to dynamiczny sklep z grami cyfrowymi, stworzony z my\u015bl\u0105 o entuzjastach gier wideo. Nasza strona oferuje szerok\u0105 gam\u0119 gier komputerowych, w tym najnowsze tytu\u0142y, dobrze znane klasyki oraz gry stworzone przez niezale\u017cne studia Ca\u0142y czas d\u0105\u017cymy do rozszerzenia naszej oferty. Do\u0142\u0105cz do nas i sta\u0144 si\u0119 cz\u0119\u015bci\u0105 naszej rosn\u0105cej spo\u0142eczno\u015bci graczy!","email":"shop@prismagamers.com","telephone":"48795541705","legalName":"East Caravan Maksym \u017bukow","foundingDate":"2012-05-10","vatID":"PL8943038612","taxID":"PL8943038612","numberOfEmployees":{"@type":"QuantitativeValue","minValue":"11","maxValue":"50"}}]}},"_links":{"self":[{"href":"https:\/\/prismagamers.com\/hu\/wp-json\/wp\/v2\/product\/55882","targetHints":{"allow":["GET"]}}],"collection":[{"href":"https:\/\/prismagamers.com\/hu\/wp-json\/wp\/v2\/product"}],"about":[{"href":"https:\/\/prismagamers.com\/hu\/wp-json\/wp\/v2\/types\/product"}],"wp:featuredmedia":[{"embeddable":true,"href":"https:\/\/prismagamers.com\/hu\/wp-json\/wp\/v2\/media\/55873"}],"wp:attachment":[{"href":"https:\/\/prismagamers.com\/hu\/wp-json\/wp\/v2\/media?parent=55882"}],"wp:term":[{"taxonomy":"product_brand","embeddable":true,"href":"https:\/\/prismagamers.com\/hu\/wp-json\/wp\/v2\/product_brand?post=55882"},{"taxonomy":"product_cat","embeddable":true,"href":"https:\/\/prismagamers.com\/hu\/wp-json\/wp\/v2\/product_cat?post=55882"},{"taxonomy":"product_tag","embeddable":true,"href":"https:\/\/prismagamers.com\/hu\/wp-json\/wp\/v2\/product_tag?post=55882"}],"curies":[{"name":"wp","href":"https:\/\/api.w.org\/{rel}","templated":true}]}}