{"id":55916,"date":"2026-04-21T23:09:28","date_gmt":"2026-04-21T21:09:28","guid":{"rendered":"https:\/\/prismagamers.com\/produkt\/food-truck-chef-full-course-edition\/"},"modified":"2026-04-22T01:58:27","modified_gmt":"2026-04-21T23:58:27","slug":"food-truck-chef-full-course-edition","status":"publish","type":"product","link":"https:\/\/prismagamers.com\/hu\/produkt\/food-truck-chef-full-course-edition\/","title":{"rendered":"Food Truck Chef &#8211; Full Course Edition"},"content":{"rendered":"<h2 data-section-id=\"1iuezxz\" data-start=\"61\" data-end=\"97\">Legyen kerekes mesterszak\u00e1cs<\/h2>\n<p data-start=\"99\" data-end=\"371\">A <strong data-start=\"99\" data-end=\"118\">Food Truck Chef<\/strong> egy dinamikus f\u0151z\u0151- \u00e9s menedzsmentj\u00e1t\u00e9k, amelyben Emily szerep\u00e9t j\u00e1tszod, \u00e9s elindulsz az \u00edzek glob\u00e1lis utaz\u00e1s\u00e1ra. K\u00e9sz\u00edts finom \u00e9teleket &#8211; a tac\u00f3t\u00f3l \u00e9s a sushit\u00f3l a pizz\u00e1ig -, szolg\u00e1ld ki a v\u00e1s\u00e1rl\u00f3kat, \u00e9s fejleszd a food truckodat, hogy igazi kulin\u00e1ris szt\u00e1rr\u00e1 v\u00e1lj. <\/p>\n<h2 data-section-id=\"1uje2ak\" data-start=\"373\" data-end=\"402\">F\u0151z\u00e9s id\u0151nyom\u00e1s alatt<\/h2>\n<p data-start=\"404\" data-end=\"661\">\u00c9lvezd a gyors temp\u00f3j\u00fa j\u00e1t\u00e9kmenetet, ahol a reflexek \u00e9s a szervezetts\u00e9g sz\u00e1m\u00edt. Vedd fel a rendel\u00e9seket, k\u00e9sz\u00edtsd el az \u00e9telt \u00e9s t\u00e1lald fel id\u0151ben, hogy el\u00e9gedett\u00e9 tedd a v\u00e1s\u00e1rl\u00f3kat \u00e9s szinteket szerezz. Minden egyes szakasz \u00faj kih\u00edv\u00e1sokat tartogat \u00e9s egyre intenz\u00edvebb\u00e9 v\u00e1lik.  <\/p>\n<h2 data-section-id=\"f5m0mx\" data-start=\"663\" data-end=\"690\">Fejlessze \u00e9telkamionj\u00e1t<\/h2>\n<p data-start=\"692\" data-end=\"919\">Egy kis gurul\u00f3s konyh\u00e1val kezd, de id\u0151vel igazi kulin\u00e1ris birodalomm\u00e1 alak\u00edthatja. Fejleszd a felszerel\u00e9sedet, n\u00f6veld az \u00e9telk\u00e9sz\u00edt\u00e9s sebess\u00e9g\u00e9t, \u00e9s dekor\u00e1ld az \u00e9telkocsidat, hogy m\u00e9g t\u00f6bb v\u00e1s\u00e1rl\u00f3t vonzzon. <\/p>\n<h2 data-section-id=\"1f0lvpo\" data-start=\"921\" data-end=\"954\">Utazzon \u00e9s fedezzen fel \u00faj \u00edzeket<\/h2>\n<p data-start=\"956\" data-end=\"1142\">L\u00e1togasson el a k\u00fcl\u00f6nb\u00f6z\u0151 helysz\u00ednekre, \u00e9s fedezzen fel t\u00f6bb sz\u00e1z receptet a vil\u00e1g minden t\u00e1j\u00e1r\u00f3l. Minden helysz\u00edn \u00faj \u00e9teleket, \u00faj kih\u00edv\u00e1sokat \u00e9s egyedi hangulatot k\u00edn\u00e1l &#8211; az \u00e1zsiai utc\u00e1kt\u00f3l az \u00e9des desszertz\u00f3n\u00e1kig. <\/p>\n<h2 data-section-id=\"1fp8k75\" data-start=\"1144\" data-end=\"1177\">T\u00f6bb sz\u00e1z szint \u00e9s t\u00f6bb \u00f3r\u00e1nyi sz\u00f3rakoz\u00e1s<\/h2>\n<p data-start=\"1179\" data-end=\"1373\">A j\u00e1t\u00e9k t\u00f6bb mint 700 szintet, t\u00f6bb mint 800 receptet \u00e9s t\u00f6bb mint egy tucat egyedi helysz\u00ednt k\u00edn\u00e1l. Ide\u00e1lis az id\u0151menedzsment j\u00e1t\u00e9kok rajong\u00f3inak, akik hossz\u00fa \u00e9s addikt\u00edv j\u00e1t\u00e9kmenetre v\u00e1gynak. <\/p>\n<hr data-start=\"1375\" data-end=\"1378\">\n<h2 data-section-id=\"1521hxh\" data-start=\"1380\" data-end=\"1407\">\ud83c\udfaf Kinek sz\u00f3l ez a j\u00e1t\u00e9k?<\/h2>\n<ul data-start=\"1409\" data-end=\"1604\">\n<li data-section-id=\"1nzhfr4\" data-start=\"1409\" data-end=\"1457\">a f\u0151z\u0151s j\u00e1t\u00e9kok \u00e9s az id\u0151gazd\u00e1lkod\u00e1s rajong\u00f3i sz\u00e1m\u00e1ra<\/li>\n<li data-section-id=\"1o60box\" data-start=\"1458\" data-end=\"1509\">azoknak, akik szeretik a gyors temp\u00f3t \u00e9s a multitaskingot<\/li>\n<li data-section-id=\"otgagt\" data-start=\"1510\" data-end=\"1567\">k\u00f6nny\u0171, lebilincsel\u0151 j\u00e1t\u00e9kra v\u00e1gy\u00f3 j\u00e1t\u00e9kosok sz\u00e1m\u00e1ra<\/li>\n<li data-section-id=\"19gbaky\" data-start=\"1568\" data-end=\"1604\">a b\u0151v\u00edt\u00e9s \u00e9s fejleszt\u00e9s rajong\u00f3i sz\u00e1m\u00e1ra<\/li>\n<\/ul>\n<hr data-start=\"1606\" data-end=\"1609\">\n<h2 data-section-id=\"vdu8a3\" data-start=\"1611\" data-end=\"1628\">\u2b50 F\u0151 jellemz\u0151k<\/h2>\n<ul data-start=\"1630\" data-end=\"1877\">\n<li data-section-id=\"aul4xh\" data-start=\"1630\" data-end=\"1673\">gyors \u00e9s addikt\u00edv f\u0151z\u0151s j\u00e1t\u00e9k<\/li>\n<li data-section-id=\"igxnm0\" data-start=\"1674\" data-end=\"1713\">t\u00f6bb mint 700 szint \u00e9s 800+ recept<\/li>\n<li data-section-id=\"164gaus\" data-start=\"1714\" data-end=\"1744\">19+ egyedi helysz\u00edn<\/li>\n<li data-section-id=\"1i46iqe\" data-start=\"1745\" data-end=\"1787\">a food truck b\u0151v\u00edt\u00e9se \u00e9s szem\u00e9lyre szab\u00e1sa<\/li>\n<li data-section-id=\"1r7j4ux\" data-start=\"1788\" data-end=\"1835\">a berendez\u00e9sek jav\u00edt\u00e1sa \u00e9s a termel\u00e9kenys\u00e9g n\u00f6vel\u00e9se<\/li>\n<li data-section-id=\"1spuxp2\" data-start=\"1836\" data-end=\"1877\">sz\u00ednes \u00e9s kellemes grafikai design<\/li>\n<\/ul>\n","protected":false},"excerpt":{"rendered":"<p>F\u0151zz, fejlessz \u00e9s h\u00f3d\u00edtsd meg az \u00edzek vil\u00e1g\u00e1t! A <strong data-start=\"1962\" data-end=\"1981\">Food Truck Chef<\/strong> egy gyors temp\u00f3j\u00fa \u00e9s addikt\u00edv f\u0151z\u0151s j\u00e1t\u00e9k, amelyben fel\u00e9p\u00edtheted saj\u00e1t utcai \u00e9telbirodalmadat.<\/p>\n","protected":false},"featured_media":55907,"template":"","meta":{"_acf_changed":false,"site-sidebar-layout":"default","site-content-layout":"","ast-site-content-layout":"default","site-content-style":"default","site-sidebar-style":"default","ast-global-header-display":"","ast-banner-title-visibility":"","ast-main-header-display":"","ast-hfb-above-header-display":"","ast-hfb-below-header-display":"","ast-hfb-mobile-header-display":"","site-post-title":"","ast-breadcrumbs-content":"","ast-featured-img":"","footer-sml-layout":"","ast-disable-related-posts":"","theme-transparent-header-meta":"default","adv-header-id-meta":"","stick-header-meta":"","header-above-stick-meta":"","header-main-stick-meta":"","header-below-stick-meta":"","astra-migrate-meta-layouts":"default","ast-page-background-enabled":"default","ast-page-background-meta":{"desktop":{"background-color":"var(--ast-global-color-4)","background-image":"","background-repeat":"repeat","background-position":"center center","background-size":"auto","background-attachment":"scroll","background-type":"","background-media":"","overlay-type":"","overlay-color":"","overlay-opacity":"","overlay-gradient":""},"tablet":{"background-color":"","background-image":"","background-repeat":"repeat","background-position":"center center","background-size":"auto","background-attachment":"scroll","background-type":"","background-media":"","overlay-type":"","overlay-color":"","overlay-opacity":"","overlay-gradient":""},"mobile":{"background-color":"","background-image":"","background-repeat":"repeat","background-position":"center center","background-size":"auto","background-attachment":"scroll","background-type":"","background-media":"","overlay-type":"","overlay-color":"","overlay-opacity":"","overlay-gradient":""}},"ast-content-background-meta":{"desktop":{"background-color":"var(--ast-global-color-5)","background-image":"","background-repeat":"repeat","background-position":"center center","background-size":"auto","background-attachment":"scroll","background-type":"","background-media":"","overlay-type":"","overlay-color":"","overlay-opacity":"","overlay-gradient":""},"tablet":{"background-color":"var(--ast-global-color-5)","background-image":"","background-repeat":"repeat","background-position":"center center","background-size":"auto","background-attachment":"scroll","background-type":"","background-media":"","overlay-type":"","overlay-color":"","overlay-opacity":"","overlay-gradient":""},"mobile":{"background-color":"var(--ast-global-color-5)","background-image":"","background-repeat":"repeat","background-position":"center center","background-size":"auto","background-attachment":"scroll","background-type":"","background-media":"","overlay-type":"","overlay-color":"","overlay-opacity":"","overlay-gradient":""}}},"product_brand":[],"product_cat":[369,365,617,386],"product_tag":[],"class_list":{"0":"post-55916","1":"product","2":"type-product","3":"status-publish","4":"has-post-thumbnail","6":"product_cat-csarnokok","7":"product_cat-goz","8":"product_cat-soedesco-hu","9":"product_cat-strategiai-jatekok","10":"desktop-align-left","11":"tablet-align-left","12":"mobile-align-left","14":"first","15":"instock","16":"sale","17":"virtual","18":"purchasable","19":"product-type-simple"},"acf":[],"yoast_head":"<!-- This site is optimized with the Yoast SEO Premium plugin v27.5 (Yoast SEO v27.5) - https:\/\/yoast.com\/product\/yoast-seo-premium-wordpress\/ -->\n<title>Food Truck Chef - Full Course Edition - Prismagamers.com<\/title>\n<meta name=\"description\" content=\"F\u0151zz, fejlessz \u00e9s h\u00f3d\u00edtsd meg az \u00edzek vil\u00e1g\u00e1t! A Food Truck Chef egy gyors temp\u00f3j\u00fa \u00e9s addikt\u00edv f\u0151z\u0151s j\u00e1t\u00e9k, amelyben fel\u00e9p\u00edtheted saj\u00e1t utcai \u00e9telbirodalmadat.\" \/>\n<meta name=\"robots\" content=\"index, follow, max-snippet:-1, max-image-preview:large, max-video-preview:-1\" \/>\n<link rel=\"canonical\" href=\"https:\/\/prismagamers.com\/hu\/produkt\/food-truck-chef-full-course-edition\/\" \/>\n<meta property=\"og:locale\" content=\"hu_HU\" \/>\n<meta property=\"og:type\" content=\"article\" \/>\n<meta property=\"og:title\" content=\"Food Truck Chef - Full Course Edition\" \/>\n<meta property=\"og:description\" content=\"F\u0151zz, fejlessz \u00e9s h\u00f3d\u00edtsd meg az \u00edzek vil\u00e1g\u00e1t! A Food Truck Chef egy gyors temp\u00f3j\u00fa \u00e9s addikt\u00edv f\u0151z\u0151s j\u00e1t\u00e9k, amelyben fel\u00e9p\u00edtheted saj\u00e1t utcai \u00e9telbirodalmadat.\" \/>\n<meta property=\"og:url\" content=\"https:\/\/prismagamers.com\/hu\/produkt\/food-truck-chef-full-course-edition\/\" \/>\n<meta property=\"og:site_name\" content=\"Prismagamers.com\" \/>\n<meta property=\"article:publisher\" content=\"https:\/\/www.facebook.com\/prismagamers\" \/>\n<meta property=\"article:modified_time\" content=\"2026-04-21T23:58:27+00:00\" \/>\n<meta property=\"og:image\" content=\"https:\/\/prismagamers.com\/wp-content\/uploads\/2026\/04\/header-23.jpg\" \/>\n\t<meta property=\"og:image:width\" content=\"460\" \/>\n\t<meta property=\"og:image:height\" content=\"215\" \/>\n\t<meta property=\"og:image:type\" content=\"image\/jpeg\" \/>\n<meta name=\"twitter:card\" content=\"summary_large_image\" \/>\n<meta name=\"twitter:label1\" content=\"Becs\u00fclt olvas\u00e1si id\u0151\" \/>\n\t<meta name=\"twitter:data1\" content=\"2 perc\" \/>\n<script type=\"application\/ld+json\" class=\"yoast-schema-graph\">{\"@context\":\"https:\\\/\\\/schema.org\",\"@graph\":[{\"@type\":\"WebPage\",\"@id\":\"https:\\\/\\\/prismagamers.com\\\/hu\\\/produkt\\\/food-truck-chef-full-course-edition\\\/\",\"url\":\"https:\\\/\\\/prismagamers.com\\\/hu\\\/produkt\\\/food-truck-chef-full-course-edition\\\/\",\"name\":\"Food Truck Chef - Full Course Edition - Prismagamers.com\",\"isPartOf\":{\"@id\":\"https:\\\/\\\/prismagamers.com\\\/hu\\\/#website\"},\"primaryImageOfPage\":{\"@id\":\"https:\\\/\\\/prismagamers.com\\\/hu\\\/produkt\\\/food-truck-chef-full-course-edition\\\/#primaryimage\"},\"image\":{\"@id\":\"https:\\\/\\\/prismagamers.com\\\/hu\\\/produkt\\\/food-truck-chef-full-course-edition\\\/#primaryimage\"},\"thumbnailUrl\":\"https:\\\/\\\/prismagamers.com\\\/wp-content\\\/uploads\\\/2026\\\/04\\\/header-23.jpg\",\"datePublished\":\"2026-04-21T21:09:28+00:00\",\"dateModified\":\"2026-04-21T23:58:27+00:00\",\"description\":\"F\u0151zz, fejlessz \u00e9s h\u00f3d\u00edtsd meg az \u00edzek vil\u00e1g\u00e1t! A Food Truck Chef egy gyors temp\u00f3j\u00fa \u00e9s addikt\u00edv f\u0151z\u0151s j\u00e1t\u00e9k, amelyben fel\u00e9p\u00edtheted saj\u00e1t utcai \u00e9telbirodalmadat.\",\"breadcrumb\":{\"@id\":\"https:\\\/\\\/prismagamers.com\\\/hu\\\/produkt\\\/food-truck-chef-full-course-edition\\\/#breadcrumb\"},\"inLanguage\":\"hu\",\"potentialAction\":[{\"@type\":\"ReadAction\",\"target\":[\"https:\\\/\\\/prismagamers.com\\\/hu\\\/produkt\\\/food-truck-chef-full-course-edition\\\/\"]}]},{\"@type\":\"ImageObject\",\"inLanguage\":\"hu\",\"@id\":\"https:\\\/\\\/prismagamers.com\\\/hu\\\/produkt\\\/food-truck-chef-full-course-edition\\\/#primaryimage\",\"url\":\"https:\\\/\\\/prismagamers.com\\\/wp-content\\\/uploads\\\/2026\\\/04\\\/header-23.jpg\",\"contentUrl\":\"https:\\\/\\\/prismagamers.com\\\/wp-content\\\/uploads\\\/2026\\\/04\\\/header-23.jpg\",\"width\":460,\"height\":215},{\"@type\":\"BreadcrumbList\",\"@id\":\"https:\\\/\\\/prismagamers.com\\\/hu\\\/produkt\\\/food-truck-chef-full-course-edition\\\/#breadcrumb\",\"itemListElement\":[{\"@type\":\"ListItem\",\"position\":1,\"name\":\"Strona g\u0142\u00f3wna\",\"item\":\"https:\\\/\\\/prismagamers.com\\\/hu\\\/prismagamers\\\/\"},{\"@type\":\"ListItem\",\"position\":2,\"name\":\"Shop\",\"item\":\"https:\\\/\\\/prismagamers.com\\\/hu\\\/shop\\\/\"},{\"@type\":\"ListItem\",\"position\":3,\"name\":\"Food Truck Chef &#8211; Full Course Edition\"}]},{\"@type\":\"WebSite\",\"@id\":\"https:\\\/\\\/prismagamers.com\\\/hu\\\/#website\",\"url\":\"https:\\\/\\\/prismagamers.com\\\/hu\\\/\",\"name\":\"Prismagamers\",\"description\":\"Sklep z grami PC I Sklep klucze Steam\",\"publisher\":{\"@id\":\"https:\\\/\\\/prismagamers.com\\\/hu\\\/#organization\"},\"potentialAction\":[{\"@type\":\"SearchAction\",\"target\":{\"@type\":\"EntryPoint\",\"urlTemplate\":\"https:\\\/\\\/prismagamers.com\\\/hu\\\/?s={search_term_string}\"},\"query-input\":{\"@type\":\"PropertyValueSpecification\",\"valueRequired\":true,\"valueName\":\"search_term_string\"}}],\"inLanguage\":\"hu\"},{\"@type\":\"Organization\",\"@id\":\"https:\\\/\\\/prismagamers.com\\\/hu\\\/#organization\",\"name\":\"Prismagamers\",\"url\":\"https:\\\/\\\/prismagamers.com\\\/hu\\\/\",\"logo\":{\"@type\":\"ImageObject\",\"inLanguage\":\"hu\",\"@id\":\"https:\\\/\\\/prismagamers.com\\\/hu\\\/#\\\/schema\\\/logo\\\/image\\\/\",\"url\":\"https:\\\/\\\/prismagamers.com\\\/wp-content\\\/uploads\\\/2022\\\/04\\\/cropped-logo-Prismagamers-01-scaled-1.jpg\",\"contentUrl\":\"https:\\\/\\\/prismagamers.com\\\/wp-content\\\/uploads\\\/2022\\\/04\\\/cropped-logo-Prismagamers-01-scaled-1.jpg\",\"width\":512,\"height\":512,\"caption\":\"Prismagamers\"},\"image\":{\"@id\":\"https:\\\/\\\/prismagamers.com\\\/hu\\\/#\\\/schema\\\/logo\\\/image\\\/\"},\"sameAs\":[\"https:\\\/\\\/www.facebook.com\\\/prismagamers\",\"https:\\\/\\\/www.instagram.com\\\/prismagamers_grycyfrowe\\\/\"],\"description\":\"Prismagamers.com to dynamiczny sklep z grami cyfrowymi, stworzony z my\u015bl\u0105 o entuzjastach gier wideo. Nasza strona oferuje szerok\u0105 gam\u0119 gier komputerowych, w tym najnowsze tytu\u0142y, dobrze znane klasyki oraz gry stworzone przez niezale\u017cne studia Ca\u0142y czas d\u0105\u017cymy do rozszerzenia naszej oferty. Do\u0142\u0105cz do nas i sta\u0144 si\u0119 cz\u0119\u015bci\u0105 naszej rosn\u0105cej spo\u0142eczno\u015bci graczy!\",\"email\":\"shop@prismagamers.com\",\"telephone\":\"48795541705\",\"legalName\":\"East Caravan Maksym \u017bukow\",\"foundingDate\":\"2012-05-10\",\"vatID\":\"PL8943038612\",\"taxID\":\"PL8943038612\",\"numberOfEmployees\":{\"@type\":\"QuantitativeValue\",\"minValue\":\"11\",\"maxValue\":\"50\"}}]}<\/script>\n<!-- \/ Yoast SEO Premium plugin. -->","yoast_head_json":{"title":"Food Truck Chef - Full Course Edition - Prismagamers.com","description":"F\u0151zz, fejlessz \u00e9s h\u00f3d\u00edtsd meg az \u00edzek vil\u00e1g\u00e1t! A Food Truck Chef egy gyors temp\u00f3j\u00fa \u00e9s addikt\u00edv f\u0151z\u0151s j\u00e1t\u00e9k, amelyben fel\u00e9p\u00edtheted saj\u00e1t utcai \u00e9telbirodalmadat.","robots":{"index":"index","follow":"follow","max-snippet":"max-snippet:-1","max-image-preview":"max-image-preview:large","max-video-preview":"max-video-preview:-1"},"canonical":"https:\/\/prismagamers.com\/hu\/produkt\/food-truck-chef-full-course-edition\/","og_locale":"hu_HU","og_type":"article","og_title":"Food Truck Chef - Full Course Edition","og_description":"F\u0151zz, fejlessz \u00e9s h\u00f3d\u00edtsd meg az \u00edzek vil\u00e1g\u00e1t! A Food Truck Chef egy gyors temp\u00f3j\u00fa \u00e9s addikt\u00edv f\u0151z\u0151s j\u00e1t\u00e9k, amelyben fel\u00e9p\u00edtheted saj\u00e1t utcai \u00e9telbirodalmadat.","og_url":"https:\/\/prismagamers.com\/hu\/produkt\/food-truck-chef-full-course-edition\/","og_site_name":"Prismagamers.com","article_publisher":"https:\/\/www.facebook.com\/prismagamers","article_modified_time":"2026-04-21T23:58:27+00:00","og_image":[{"width":460,"height":215,"url":"https:\/\/prismagamers.com\/wp-content\/uploads\/2026\/04\/header-23.jpg","type":"image\/jpeg"}],"twitter_card":"summary_large_image","twitter_misc":{"Becs\u00fclt olvas\u00e1si id\u0151":"2 perc"},"schema":{"@context":"https:\/\/schema.org","@graph":[{"@type":"WebPage","@id":"https:\/\/prismagamers.com\/hu\/produkt\/food-truck-chef-full-course-edition\/","url":"https:\/\/prismagamers.com\/hu\/produkt\/food-truck-chef-full-course-edition\/","name":"Food Truck Chef - Full Course Edition - Prismagamers.com","isPartOf":{"@id":"https:\/\/prismagamers.com\/hu\/#website"},"primaryImageOfPage":{"@id":"https:\/\/prismagamers.com\/hu\/produkt\/food-truck-chef-full-course-edition\/#primaryimage"},"image":{"@id":"https:\/\/prismagamers.com\/hu\/produkt\/food-truck-chef-full-course-edition\/#primaryimage"},"thumbnailUrl":"https:\/\/prismagamers.com\/wp-content\/uploads\/2026\/04\/header-23.jpg","datePublished":"2026-04-21T21:09:28+00:00","dateModified":"2026-04-21T23:58:27+00:00","description":"F\u0151zz, fejlessz \u00e9s h\u00f3d\u00edtsd meg az \u00edzek vil\u00e1g\u00e1t! A Food Truck Chef egy gyors temp\u00f3j\u00fa \u00e9s addikt\u00edv f\u0151z\u0151s j\u00e1t\u00e9k, amelyben fel\u00e9p\u00edtheted saj\u00e1t utcai \u00e9telbirodalmadat.","breadcrumb":{"@id":"https:\/\/prismagamers.com\/hu\/produkt\/food-truck-chef-full-course-edition\/#breadcrumb"},"inLanguage":"hu","potentialAction":[{"@type":"ReadAction","target":["https:\/\/prismagamers.com\/hu\/produkt\/food-truck-chef-full-course-edition\/"]}]},{"@type":"ImageObject","inLanguage":"hu","@id":"https:\/\/prismagamers.com\/hu\/produkt\/food-truck-chef-full-course-edition\/#primaryimage","url":"https:\/\/prismagamers.com\/wp-content\/uploads\/2026\/04\/header-23.jpg","contentUrl":"https:\/\/prismagamers.com\/wp-content\/uploads\/2026\/04\/header-23.jpg","width":460,"height":215},{"@type":"BreadcrumbList","@id":"https:\/\/prismagamers.com\/hu\/produkt\/food-truck-chef-full-course-edition\/#breadcrumb","itemListElement":[{"@type":"ListItem","position":1,"name":"Strona g\u0142\u00f3wna","item":"https:\/\/prismagamers.com\/hu\/prismagamers\/"},{"@type":"ListItem","position":2,"name":"Shop","item":"https:\/\/prismagamers.com\/hu\/shop\/"},{"@type":"ListItem","position":3,"name":"Food Truck Chef &#8211; Full Course Edition"}]},{"@type":"WebSite","@id":"https:\/\/prismagamers.com\/hu\/#website","url":"https:\/\/prismagamers.com\/hu\/","name":"Prismagamers","description":"Sklep z grami PC I Sklep klucze Steam","publisher":{"@id":"https:\/\/prismagamers.com\/hu\/#organization"},"potentialAction":[{"@type":"SearchAction","target":{"@type":"EntryPoint","urlTemplate":"https:\/\/prismagamers.com\/hu\/?s={search_term_string}"},"query-input":{"@type":"PropertyValueSpecification","valueRequired":true,"valueName":"search_term_string"}}],"inLanguage":"hu"},{"@type":"Organization","@id":"https:\/\/prismagamers.com\/hu\/#organization","name":"Prismagamers","url":"https:\/\/prismagamers.com\/hu\/","logo":{"@type":"ImageObject","inLanguage":"hu","@id":"https:\/\/prismagamers.com\/hu\/#\/schema\/logo\/image\/","url":"https:\/\/prismagamers.com\/wp-content\/uploads\/2022\/04\/cropped-logo-Prismagamers-01-scaled-1.jpg","contentUrl":"https:\/\/prismagamers.com\/wp-content\/uploads\/2022\/04\/cropped-logo-Prismagamers-01-scaled-1.jpg","width":512,"height":512,"caption":"Prismagamers"},"image":{"@id":"https:\/\/prismagamers.com\/hu\/#\/schema\/logo\/image\/"},"sameAs":["https:\/\/www.facebook.com\/prismagamers","https:\/\/www.instagram.com\/prismagamers_grycyfrowe\/"],"description":"Prismagamers.com to dynamiczny sklep z grami cyfrowymi, stworzony z my\u015bl\u0105 o entuzjastach gier wideo. Nasza strona oferuje szerok\u0105 gam\u0119 gier komputerowych, w tym najnowsze tytu\u0142y, dobrze znane klasyki oraz gry stworzone przez niezale\u017cne studia Ca\u0142y czas d\u0105\u017cymy do rozszerzenia naszej oferty. Do\u0142\u0105cz do nas i sta\u0144 si\u0119 cz\u0119\u015bci\u0105 naszej rosn\u0105cej spo\u0142eczno\u015bci graczy!","email":"shop@prismagamers.com","telephone":"48795541705","legalName":"East Caravan Maksym \u017bukow","foundingDate":"2012-05-10","vatID":"PL8943038612","taxID":"PL8943038612","numberOfEmployees":{"@type":"QuantitativeValue","minValue":"11","maxValue":"50"}}]}},"_links":{"self":[{"href":"https:\/\/prismagamers.com\/hu\/wp-json\/wp\/v2\/product\/55916","targetHints":{"allow":["GET"]}}],"collection":[{"href":"https:\/\/prismagamers.com\/hu\/wp-json\/wp\/v2\/product"}],"about":[{"href":"https:\/\/prismagamers.com\/hu\/wp-json\/wp\/v2\/types\/product"}],"wp:featuredmedia":[{"embeddable":true,"href":"https:\/\/prismagamers.com\/hu\/wp-json\/wp\/v2\/media\/55907"}],"wp:attachment":[{"href":"https:\/\/prismagamers.com\/hu\/wp-json\/wp\/v2\/media?parent=55916"}],"wp:term":[{"taxonomy":"product_brand","embeddable":true,"href":"https:\/\/prismagamers.com\/hu\/wp-json\/wp\/v2\/product_brand?post=55916"},{"taxonomy":"product_cat","embeddable":true,"href":"https:\/\/prismagamers.com\/hu\/wp-json\/wp\/v2\/product_cat?post=55916"},{"taxonomy":"product_tag","embeddable":true,"href":"https:\/\/prismagamers.com\/hu\/wp-json\/wp\/v2\/product_tag?post=55916"}],"curies":[{"name":"wp","href":"https:\/\/api.w.org\/{rel}","templated":true}]}}