{"id":57130,"date":"2026-04-30T00:04:37","date_gmt":"2026-04-29T22:04:37","guid":{"rendered":"https:\/\/prismagamers.com\/produkt\/factory-planner\/"},"modified":"2026-04-30T00:04:37","modified_gmt":"2026-04-29T22:04:37","slug":"factory-planner","status":"publish","type":"product","link":"https:\/\/prismagamers.com\/hu\/produkt\/factory-planner\/","title":{"rendered":"Factory Planner"},"content":{"rendered":"<h2 data-section-id=\"1dwjvim\" data-start=\"63\" data-end=\"107\">\u00c9p\u00edtsen l\u00e9p\u00e9sr\u0151l l\u00e9p\u00e9sre egy ipari birodalmat<\/h2>\n<p data-start=\"109\" data-end=\"369\">A <strong data-start=\"109\" data-end=\"128\">Factory Planner<\/strong> egy strat\u00e9giai, k\u00e1rtyaalap\u00fa szimul\u00e1ci\u00f3s j\u00e1t\u00e9k, amelyben megtervezheted \u00e9s optimaliz\u00e1lhatod a saj\u00e1t gy\u00e1radat. Kombin\u00e1ld a termel\u00e9si rendszereket, kezeld az er\u0151forr\u00e1sokat \u00e9s hozz l\u00e9tre hat\u00e9kony gy\u00e1rt\u00f3sorokat, amelyek \u00fagy m\u0171k\u00f6dnek, mint egy t\u00f6k\u00e9letesen olajozott g\u00e9pezet. <\/p>\n<h2 data-section-id=\"y2k4qh\" data-start=\"371\" data-end=\"414\">Egyed\u00fcl\u00e1ll\u00f3 k\u00e1rtya alap\u00fa \u00e9p\u00edt\u00e9si rendszer<\/h2>\n<p data-start=\"416\" data-end=\"472\">Hozzon l\u00e9tre gy\u00e1rat k\u00fcl\u00f6nb\u00f6z\u0151 t\u00edpus\u00fa k\u00e1rty\u00e1k felhaszn\u00e1l\u00e1s\u00e1val:<\/p>\n<ul data-start=\"473\" data-end=\"540\">\n<li data-section-id=\"s5zi1v\" data-start=\"473\" data-end=\"496\">termel\u00e9si l\u00e9tes\u00edtm\u00e9nyek<\/li>\n<li data-section-id=\"vqybhf\" data-start=\"497\" data-end=\"512\">szervezetek<\/li>\n<li data-section-id=\"g6ifla\" data-start=\"513\" data-end=\"529\">m\u00e9rn\u00f6k\u00f6k<\/li>\n<li data-section-id=\"1k2f47o\" data-start=\"530\" data-end=\"540\">forr\u00e1sok<\/li>\n<\/ul>\n<p data-start=\"542\" data-end=\"641\">Minden egyes k\u00e1rty\u00e1nak saj\u00e1tos bemenetei, kimenetei \u00e9s funkci\u00f3i vannak, ami \u00e1tgondolt strat\u00e9gi\u00e1t \u00e9s tervez\u00e9st ig\u00e9nyel.<\/p>\n<h2 data-section-id=\"lglrgm\" data-start=\"643\" data-end=\"681\">Hat\u00e9kony gy\u00e1rt\u00f3sorok tervez\u00e9se<\/h2>\n<p data-start=\"683\" data-end=\"704\">Kezelje az \u00e1raml\u00e1st:<\/p>\n<ul data-start=\"705\" data-end=\"750\">\n<li data-section-id=\"1i060cf\" data-start=\"705\" data-end=\"727\">szil\u00e1rd anyagok<\/li>\n<li data-section-id=\"vagew7\" data-start=\"728\" data-end=\"738\">folyad\u00e9kok<\/li>\n<li data-section-id=\"esusfn\" data-start=\"739\" data-end=\"750\">energi\u00e1k<\/li>\n<\/ul>\n<p data-start=\"752\" data-end=\"869\">A csatlakoz\u00e1sok 90\u00b0-os sz\u00f6gben m\u0171k\u00f6dnek, \u00e9s m\u00e1r egy apr\u00f3 hiba is meg\u00e1ll\u00edthatja az eg\u00e9sz rendszert. Az optimaliz\u00e1l\u00e1s a siker kulcsa. <\/p>\n<h2 data-section-id=\"cwicrg\" data-start=\"871\" data-end=\"907\">M\u00e9rn\u00f6k\u00f6k \u00e9s technol\u00f3giai fejleszt\u00e9s<\/h2>\n<p data-start=\"909\" data-end=\"935\">M\u00e9rn\u00f6k\u00f6k kijel\u00f6l\u00e9se:<\/p>\n<ul data-start=\"936\" data-end=\"1026\">\n<li data-section-id=\"1uojpup\" data-start=\"936\" data-end=\"962\">a termel\u00e9kenys\u00e9g n\u00f6vel\u00e9se<\/li>\n<li data-section-id=\"k5q9pq\" data-start=\"963\" data-end=\"997\">\u00faj receptek felold\u00e1sa<\/li>\n<li data-section-id=\"11clmqn\" data-start=\"998\" data-end=\"1026\">az energiafogyaszt\u00e1s cs\u00f6kkent\u00e9se<\/li>\n<\/ul>\n<p data-start=\"1028\" data-end=\"1106\">N\u00f6veld gy\u00e1radat a k\u00e1rty\u00e1id fejleszt\u00e9s\u00e9vel \u00e9s \u00faj lehet\u0151s\u00e9gek felfedez\u00e9s\u00e9vel.<\/p>\n<h2 data-section-id=\"1bfgg2h\" data-start=\"1108\" data-end=\"1148\">Energiarendszer \u00e9s er\u0151forr\u00e1s-gazd\u00e1lkod\u00e1s<\/h2>\n<p data-start=\"1150\" data-end=\"1175\">Az energia mindent mozgat:<\/p>\n<ul data-start=\"1176\" data-end=\"1251\">\n<li data-section-id=\"m6ahn2\" data-start=\"1176\" data-end=\"1196\">gener\u00e1torok \u00e9p\u00edt\u00e9se<\/li>\n<li data-section-id=\"1om1h4a\" data-start=\"1197\" data-end=\"1221\">energia eloszt\u00e1sa<\/li>\n<li data-section-id=\"ckv14s\" data-start=\"1222\" data-end=\"1251\">keresletszab\u00e1lyoz\u00e1s<\/li>\n<\/ul>\n<p data-start=\"1253\" data-end=\"1331\">Az egyens\u00falyhi\u00e1ny le\u00e1ll\u00edthatja a termel\u00e9st &#8211; gyorsan \u00e9s hat\u00e9konyan kell reag\u00e1lnia.<\/p>\n<h2 data-section-id=\"1cmsp9l\" data-start=\"1333\" data-end=\"1361\">Rakt\u00e1roz\u00e1s \u00e9s logisztika<\/h2>\n<p data-start=\"1363\" data-end=\"1395\">Az anyag\u00e1raml\u00e1s kezel\u00e9se:<\/p>\n<ul data-start=\"1396\" data-end=\"1499\">\n<li data-section-id=\"1hfhuaj\" data-start=\"1396\" data-end=\"1429\">t\u00e1rol\u00f3kapacit\u00e1s ellen\u0151rz\u00e9se<\/li>\n<li data-section-id=\"1ieaocj\" data-start=\"1430\" data-end=\"1472\">fenntartani az egyens\u00falyt a termel\u00e9s \u00e9s a befogad\u00e1s k\u00f6z\u00f6tt<\/li>\n<li data-section-id=\"zia4l\" data-start=\"1473\" data-end=\"1499\">a torl\u00f3d\u00e1sok \u00e9s a pazarl\u00e1s elker\u00fcl\u00e9se<\/li>\n<\/ul>\n<p data-start=\"1501\" data-end=\"1544\">A rendszer minden elem\u00e9nek z\u00f6kken\u0151mentesen kell m\u0171k\u00f6dnie.<\/p>\n<h2 data-section-id=\"chnjko\" data-start=\"1546\" data-end=\"1572\">Gy\u00e1ri fejl\u0151d\u00e9s \u00e9s fejleszt\u00e9s<\/h2>\n<p data-start=\"1574\" data-end=\"1607\">N\u00f6vekedj a szakaszokon kereszt\u00fcl:<\/p>\n<ul data-start=\"1608\" data-end=\"1739\">\n<li data-section-id=\"1ssg8zl\" data-start=\"1608\" data-end=\"1653\">alapanyagokb\u00f3l (fa, vas)<\/li>\n<li data-section-id=\"1km82j2\" data-start=\"1654\" data-end=\"1698\">a fejlett anyagokig (k\u00e9n, ur\u00e1n)<\/li>\n<li data-section-id=\"esll5a\" data-start=\"1699\" data-end=\"1739\">a modern ipari rendszerekig<\/li>\n<\/ul>\n<p data-start=\"1741\" data-end=\"1802\">Id\u0151vel a gy\u00e1rad er\u0151s termel\u00e9si k\u00f6zpontt\u00e1 v\u00e1lik.<\/p>\n<h2 data-section-id=\"56b9pt\" data-start=\"1804\" data-end=\"1829\">Sandbox korl\u00e1tok n\u00e9lk\u00fcl<\/h2>\n<p data-start=\"1831\" data-end=\"1857\">A j\u00e1t\u00e9k teljes szabads\u00e1got k\u00edn\u00e1l:<\/p>\n<ul data-start=\"1858\" data-end=\"1947\">\n<li data-section-id=\"19nnf0i\" data-start=\"1858\" data-end=\"1884\">nincs id\u0151korl\u00e1toz\u00e1s<\/li>\n<li data-section-id=\"k8nesb\" data-start=\"1885\" data-end=\"1900\">nincsenek ellens\u00e9gek<\/li>\n<li data-section-id=\"1omqq86\" data-start=\"1901\" data-end=\"1947\">teljes m\u00e9rt\u00e9kben az \u00e9p\u00edt\u00e9sre \u00e9s az optimaliz\u00e1l\u00e1sra \u00f6sszpontos\u00edt<\/li>\n<\/ul>\n<p data-start=\"1949\" data-end=\"2003\">Alkoss, k\u00eds\u00e9rletezz \u00e9s fejlessz a saj\u00e1t temp\u00f3dban.<\/p>\n<hr data-start=\"2005\" data-end=\"2008\">\n<h2 data-section-id=\"1521hxh\" data-start=\"2010\" data-end=\"2037\">\ud83c\udfaf Kinek sz\u00f3l ez a j\u00e1t\u00e9k?<\/h2>\n<ul data-start=\"2039\" data-end=\"2216\">\n<li data-section-id=\"15vnx05\" data-start=\"2039\" data-end=\"2076\">a szimul\u00e1torok \u00e9s a strat\u00e9gia rajong\u00f3i sz\u00e1m\u00e1ra<\/li>\n<li data-section-id=\"1249krm\" data-start=\"2077\" data-end=\"2128\">az optimaliz\u00e1ci\u00f3t \u00e9s a tervez\u00e9st kedvel\u0151 j\u00e1t\u00e9kosok sz\u00e1m\u00e1ra<\/li>\n<li data-section-id=\"1qj1wpe\" data-start=\"2129\" data-end=\"2170\">azoknak, akik \u00e9rt\u00e9kelik a homokoz\u00f3 szabads\u00e1g\u00e1t<\/li>\n<li data-section-id=\"cyekli\" data-start=\"2171\" data-end=\"2216\">a Factorio \/ automatiz\u00e1l\u00e1si j\u00e1t\u00e9kok rajong\u00f3i sz\u00e1m\u00e1ra<\/li>\n<\/ul>\n<hr data-start=\"2218\" data-end=\"2221\">\n<h2 data-section-id=\"vdu8a3\" data-start=\"2223\" data-end=\"2240\">\u2b50 F\u0151 jellemz\u0151k<\/h2>\n<ul data-start=\"2242\" data-end=\"2529\">\n<li data-section-id=\"rwpamv\" data-start=\"2242\" data-end=\"2277\">k\u00e1rtya alap\u00fa \u00e9p\u00edt\u00e9si rendszer<\/li>\n<li data-section-id=\"qjabkw\" data-start=\"2278\" data-end=\"2312\">fejlett gy\u00e1rt\u00f3sorok<\/li>\n<li data-section-id=\"1haarbx\" data-start=\"2313\" data-end=\"2347\">energia- \u00e9s er\u0151forr\u00e1s-gazd\u00e1lkod\u00e1s<\/li>\n<li data-section-id=\"pcd83f\" data-start=\"2348\" data-end=\"2377\">technol\u00f3giai \u00e9s k\u00e1rtyafejleszt\u00e9sek<\/li>\n<li data-section-id=\"17oejp7\" data-start=\"2378\" data-end=\"2399\">m\u00e9rn\u00f6ki rendszer<\/li>\n<li data-section-id=\"1hu83xg\" data-start=\"2400\" data-end=\"2429\">rakt\u00e1roz\u00e1s \u00e9s logisztika<\/li>\n<li data-section-id=\"1bnkv81\" data-start=\"2430\" data-end=\"2475\">val\u00f3s idej\u0171 statisztik\u00e1k \u00e9s riaszt\u00e1sok<\/li>\n<li data-section-id=\"eckgrv\" data-start=\"2476\" data-end=\"2529\">teljes sandbox szabads\u00e1g (nincs ellens\u00e9g vagy id\u0151nyom\u00e1s)<\/li>\n<\/ul>\n","protected":false},"excerpt":{"rendered":"<p>Tervezze meg a t\u00f6k\u00e9letes gy\u00e1rat. A <strong data-start=\"2601\" data-end=\"2620\">Factory Planner<\/strong> egy strat\u00e9giai homokoz\u00f3, ahol minden d\u00f6nt\u00e9s befoly\u00e1solja ipari birodalmad teljes\u00edtm\u00e9ny\u00e9t.<\/p>\n","protected":false},"featured_media":57126,"template":"","meta":{"_acf_changed":false,"site-sidebar-layout":"default","site-content-layout":"","ast-site-content-layout":"default","site-content-style":"default","site-sidebar-style":"default","ast-global-header-display":"","ast-banner-title-visibility":"","ast-main-header-display":"","ast-hfb-above-header-display":"","ast-hfb-below-header-display":"","ast-hfb-mobile-header-display":"","site-post-title":"","ast-breadcrumbs-content":"","ast-featured-img":"","footer-sml-layout":"","ast-disable-related-posts":"","theme-transparent-header-meta":"default","adv-header-id-meta":"","stick-header-meta":"","header-above-stick-meta":"","header-main-stick-meta":"","header-below-stick-meta":"","astra-migrate-meta-layouts":"default","ast-page-background-enabled":"default","ast-page-background-meta":{"desktop":{"background-color":"var(--ast-global-color-4)","background-image":"","background-repeat":"repeat","background-position":"center center","background-size":"auto","background-attachment":"scroll","background-type":"","background-media":"","overlay-type":"","overlay-color":"","overlay-opacity":"","overlay-gradient":""},"tablet":{"background-color":"","background-image":"","background-repeat":"repeat","background-position":"center center","background-size":"auto","background-attachment":"scroll","background-type":"","background-media":"","overlay-type":"","overlay-color":"","overlay-opacity":"","overlay-gradient":""},"mobile":{"background-color":"","background-image":"","background-repeat":"repeat","background-position":"center center","background-size":"auto","background-attachment":"scroll","background-type":"","background-media":"","overlay-type":"","overlay-color":"","overlay-opacity":"","overlay-gradient":""}},"ast-content-background-meta":{"desktop":{"background-color":"var(--ast-global-color-5)","background-image":"","background-repeat":"repeat","background-position":"center center","background-size":"auto","background-attachment":"scroll","background-type":"","background-media":"","overlay-type":"","overlay-color":"","overlay-opacity":"","overlay-gradient":""},"tablet":{"background-color":"var(--ast-global-color-5)","background-image":"","background-repeat":"repeat","background-position":"center center","background-size":"auto","background-attachment":"scroll","background-type":"","background-media":"","overlay-type":"","overlay-color":"","overlay-opacity":"","overlay-gradient":""},"mobile":{"background-color":"var(--ast-global-color-5)","background-image":"","background-repeat":"repeat","background-position":"center center","background-size":"auto","background-attachment":"scroll","background-type":"","background-media":"","overlay-type":"","overlay-color":"","overlay-opacity":"","overlay-gradient":""}}},"product_brand":[],"product_cat":[365,403,768,386],"product_tag":[],"class_list":{"0":"post-57130","1":"product","2":"type-product","3":"status-publish","4":"has-post-thumbnail","6":"product_cat-goz","7":"product_cat-kartyak","8":"product_cat-red-axe-games","9":"product_cat-strategiai-jatekok","10":"desktop-align-left","11":"tablet-align-left","12":"mobile-align-left","14":"first","15":"instock","16":"virtual","17":"purchasable","18":"product-type-simple"},"acf":[],"yoast_head":"<!-- This site is optimized with the Yoast SEO Premium plugin v27.5 (Yoast SEO v27.5) - https:\/\/yoast.com\/product\/yoast-seo-premium-wordpress\/ -->\n<title>Factory Planner - Prismagamers.com<\/title>\n<meta name=\"description\" content=\"Tervezze meg a t\u00f6k\u00e9letes gy\u00e1rat. A Factory Planner egy strat\u00e9giai homokoz\u00f3, ahol minden d\u00f6nt\u00e9s befoly\u00e1solja ipari birodalmad teljes\u00edtm\u00e9ny\u00e9t.\" \/>\n<meta name=\"robots\" content=\"index, follow, max-snippet:-1, max-image-preview:large, max-video-preview:-1\" \/>\n<link rel=\"canonical\" href=\"https:\/\/prismagamers.com\/hu\/produkt\/factory-planner\/\" \/>\n<meta property=\"og:locale\" content=\"hu_HU\" \/>\n<meta property=\"og:type\" content=\"article\" \/>\n<meta property=\"og:title\" content=\"Factory Planner\" \/>\n<meta property=\"og:description\" content=\"Tervezze meg a t\u00f6k\u00e9letes gy\u00e1rat. A Factory Planner egy strat\u00e9giai homokoz\u00f3, ahol minden d\u00f6nt\u00e9s befoly\u00e1solja ipari birodalmad teljes\u00edtm\u00e9ny\u00e9t.\" \/>\n<meta property=\"og:url\" content=\"https:\/\/prismagamers.com\/hu\/produkt\/factory-planner\/\" \/>\n<meta property=\"og:site_name\" content=\"Prismagamers.com\" \/>\n<meta property=\"article:publisher\" content=\"https:\/\/www.facebook.com\/prismagamers\" \/>\n<meta property=\"og:image\" content=\"https:\/\/prismagamers.com\/wp-content\/uploads\/2026\/04\/391RvRBnK9a1PjJYFmqNnrxJH85S3c52DpXm6AtINow.jpg\" \/>\n\t<meta property=\"og:image:width\" content=\"300\" \/>\n\t<meta property=\"og:image:height\" content=\"450\" \/>\n\t<meta property=\"og:image:type\" content=\"image\/jpeg\" \/>\n<meta name=\"twitter:card\" content=\"summary_large_image\" \/>\n<meta name=\"twitter:label1\" content=\"Becs\u00fclt olvas\u00e1si id\u0151\" \/>\n\t<meta name=\"twitter:data1\" content=\"3 perc\" \/>\n<script type=\"application\/ld+json\" class=\"yoast-schema-graph\">{\"@context\":\"https:\\\/\\\/schema.org\",\"@graph\":[{\"@type\":\"WebPage\",\"@id\":\"https:\\\/\\\/prismagamers.com\\\/hu\\\/produkt\\\/factory-planner\\\/\",\"url\":\"https:\\\/\\\/prismagamers.com\\\/hu\\\/produkt\\\/factory-planner\\\/\",\"name\":\"Factory Planner - Prismagamers.com\",\"isPartOf\":{\"@id\":\"https:\\\/\\\/prismagamers.com\\\/hu\\\/#website\"},\"primaryImageOfPage\":{\"@id\":\"https:\\\/\\\/prismagamers.com\\\/hu\\\/produkt\\\/factory-planner\\\/#primaryimage\"},\"image\":{\"@id\":\"https:\\\/\\\/prismagamers.com\\\/hu\\\/produkt\\\/factory-planner\\\/#primaryimage\"},\"thumbnailUrl\":\"https:\\\/\\\/prismagamers.com\\\/wp-content\\\/uploads\\\/2026\\\/04\\\/391RvRBnK9a1PjJYFmqNnrxJH85S3c52DpXm6AtINow.jpg\",\"datePublished\":\"2026-04-29T22:04:37+00:00\",\"description\":\"Tervezze meg a t\u00f6k\u00e9letes gy\u00e1rat. A Factory Planner egy strat\u00e9giai homokoz\u00f3, ahol minden d\u00f6nt\u00e9s befoly\u00e1solja ipari birodalmad teljes\u00edtm\u00e9ny\u00e9t.\",\"breadcrumb\":{\"@id\":\"https:\\\/\\\/prismagamers.com\\\/hu\\\/produkt\\\/factory-planner\\\/#breadcrumb\"},\"inLanguage\":\"hu\",\"potentialAction\":[{\"@type\":\"ReadAction\",\"target\":[\"https:\\\/\\\/prismagamers.com\\\/hu\\\/produkt\\\/factory-planner\\\/\"]}]},{\"@type\":\"ImageObject\",\"inLanguage\":\"hu\",\"@id\":\"https:\\\/\\\/prismagamers.com\\\/hu\\\/produkt\\\/factory-planner\\\/#primaryimage\",\"url\":\"https:\\\/\\\/prismagamers.com\\\/wp-content\\\/uploads\\\/2026\\\/04\\\/391RvRBnK9a1PjJYFmqNnrxJH85S3c52DpXm6AtINow.jpg\",\"contentUrl\":\"https:\\\/\\\/prismagamers.com\\\/wp-content\\\/uploads\\\/2026\\\/04\\\/391RvRBnK9a1PjJYFmqNnrxJH85S3c52DpXm6AtINow.jpg\",\"width\":300,\"height\":450},{\"@type\":\"BreadcrumbList\",\"@id\":\"https:\\\/\\\/prismagamers.com\\\/hu\\\/produkt\\\/factory-planner\\\/#breadcrumb\",\"itemListElement\":[{\"@type\":\"ListItem\",\"position\":1,\"name\":\"Strona g\u0142\u00f3wna\",\"item\":\"https:\\\/\\\/prismagamers.com\\\/hu\\\/prismagamers\\\/\"},{\"@type\":\"ListItem\",\"position\":2,\"name\":\"Shop\",\"item\":\"https:\\\/\\\/prismagamers.com\\\/hu\\\/shop\\\/\"},{\"@type\":\"ListItem\",\"position\":3,\"name\":\"Factory Planner\"}]},{\"@type\":\"WebSite\",\"@id\":\"https:\\\/\\\/prismagamers.com\\\/hu\\\/#website\",\"url\":\"https:\\\/\\\/prismagamers.com\\\/hu\\\/\",\"name\":\"Prismagamers\",\"description\":\"Sklep z grami PC I Sklep klucze Steam\",\"publisher\":{\"@id\":\"https:\\\/\\\/prismagamers.com\\\/hu\\\/#organization\"},\"potentialAction\":[{\"@type\":\"SearchAction\",\"target\":{\"@type\":\"EntryPoint\",\"urlTemplate\":\"https:\\\/\\\/prismagamers.com\\\/hu\\\/?s={search_term_string}\"},\"query-input\":{\"@type\":\"PropertyValueSpecification\",\"valueRequired\":true,\"valueName\":\"search_term_string\"}}],\"inLanguage\":\"hu\"},{\"@type\":\"Organization\",\"@id\":\"https:\\\/\\\/prismagamers.com\\\/hu\\\/#organization\",\"name\":\"Prismagamers\",\"url\":\"https:\\\/\\\/prismagamers.com\\\/hu\\\/\",\"logo\":{\"@type\":\"ImageObject\",\"inLanguage\":\"hu\",\"@id\":\"https:\\\/\\\/prismagamers.com\\\/hu\\\/#\\\/schema\\\/logo\\\/image\\\/\",\"url\":\"https:\\\/\\\/prismagamers.com\\\/wp-content\\\/uploads\\\/2022\\\/04\\\/cropped-logo-Prismagamers-01-scaled-1.jpg\",\"contentUrl\":\"https:\\\/\\\/prismagamers.com\\\/wp-content\\\/uploads\\\/2022\\\/04\\\/cropped-logo-Prismagamers-01-scaled-1.jpg\",\"width\":512,\"height\":512,\"caption\":\"Prismagamers\"},\"image\":{\"@id\":\"https:\\\/\\\/prismagamers.com\\\/hu\\\/#\\\/schema\\\/logo\\\/image\\\/\"},\"sameAs\":[\"https:\\\/\\\/www.facebook.com\\\/prismagamers\",\"https:\\\/\\\/www.instagram.com\\\/prismagamers_grycyfrowe\\\/\"],\"description\":\"Prismagamers.com to dynamiczny sklep z grami cyfrowymi, stworzony z my\u015bl\u0105 o entuzjastach gier wideo. Nasza strona oferuje szerok\u0105 gam\u0119 gier komputerowych, w tym najnowsze tytu\u0142y, dobrze znane klasyki oraz gry stworzone przez niezale\u017cne studia Ca\u0142y czas d\u0105\u017cymy do rozszerzenia naszej oferty. Do\u0142\u0105cz do nas i sta\u0144 si\u0119 cz\u0119\u015bci\u0105 naszej rosn\u0105cej spo\u0142eczno\u015bci graczy!\",\"email\":\"shop@prismagamers.com\",\"telephone\":\"48795541705\",\"legalName\":\"East Caravan Maksym \u017bukow\",\"foundingDate\":\"2012-05-10\",\"vatID\":\"PL8943038612\",\"taxID\":\"PL8943038612\",\"numberOfEmployees\":{\"@type\":\"QuantitativeValue\",\"minValue\":\"11\",\"maxValue\":\"50\"}}]}<\/script>\n<!-- \/ Yoast SEO Premium plugin. -->","yoast_head_json":{"title":"Factory Planner - Prismagamers.com","description":"Tervezze meg a t\u00f6k\u00e9letes gy\u00e1rat. A Factory Planner egy strat\u00e9giai homokoz\u00f3, ahol minden d\u00f6nt\u00e9s befoly\u00e1solja ipari birodalmad teljes\u00edtm\u00e9ny\u00e9t.","robots":{"index":"index","follow":"follow","max-snippet":"max-snippet:-1","max-image-preview":"max-image-preview:large","max-video-preview":"max-video-preview:-1"},"canonical":"https:\/\/prismagamers.com\/hu\/produkt\/factory-planner\/","og_locale":"hu_HU","og_type":"article","og_title":"Factory Planner","og_description":"Tervezze meg a t\u00f6k\u00e9letes gy\u00e1rat. A Factory Planner egy strat\u00e9giai homokoz\u00f3, ahol minden d\u00f6nt\u00e9s befoly\u00e1solja ipari birodalmad teljes\u00edtm\u00e9ny\u00e9t.","og_url":"https:\/\/prismagamers.com\/hu\/produkt\/factory-planner\/","og_site_name":"Prismagamers.com","article_publisher":"https:\/\/www.facebook.com\/prismagamers","og_image":[{"width":300,"height":450,"url":"https:\/\/prismagamers.com\/wp-content\/uploads\/2026\/04\/391RvRBnK9a1PjJYFmqNnrxJH85S3c52DpXm6AtINow.jpg","type":"image\/jpeg"}],"twitter_card":"summary_large_image","twitter_misc":{"Becs\u00fclt olvas\u00e1si id\u0151":"3 perc"},"schema":{"@context":"https:\/\/schema.org","@graph":[{"@type":"WebPage","@id":"https:\/\/prismagamers.com\/hu\/produkt\/factory-planner\/","url":"https:\/\/prismagamers.com\/hu\/produkt\/factory-planner\/","name":"Factory Planner - Prismagamers.com","isPartOf":{"@id":"https:\/\/prismagamers.com\/hu\/#website"},"primaryImageOfPage":{"@id":"https:\/\/prismagamers.com\/hu\/produkt\/factory-planner\/#primaryimage"},"image":{"@id":"https:\/\/prismagamers.com\/hu\/produkt\/factory-planner\/#primaryimage"},"thumbnailUrl":"https:\/\/prismagamers.com\/wp-content\/uploads\/2026\/04\/391RvRBnK9a1PjJYFmqNnrxJH85S3c52DpXm6AtINow.jpg","datePublished":"2026-04-29T22:04:37+00:00","description":"Tervezze meg a t\u00f6k\u00e9letes gy\u00e1rat. A Factory Planner egy strat\u00e9giai homokoz\u00f3, ahol minden d\u00f6nt\u00e9s befoly\u00e1solja ipari birodalmad teljes\u00edtm\u00e9ny\u00e9t.","breadcrumb":{"@id":"https:\/\/prismagamers.com\/hu\/produkt\/factory-planner\/#breadcrumb"},"inLanguage":"hu","potentialAction":[{"@type":"ReadAction","target":["https:\/\/prismagamers.com\/hu\/produkt\/factory-planner\/"]}]},{"@type":"ImageObject","inLanguage":"hu","@id":"https:\/\/prismagamers.com\/hu\/produkt\/factory-planner\/#primaryimage","url":"https:\/\/prismagamers.com\/wp-content\/uploads\/2026\/04\/391RvRBnK9a1PjJYFmqNnrxJH85S3c52DpXm6AtINow.jpg","contentUrl":"https:\/\/prismagamers.com\/wp-content\/uploads\/2026\/04\/391RvRBnK9a1PjJYFmqNnrxJH85S3c52DpXm6AtINow.jpg","width":300,"height":450},{"@type":"BreadcrumbList","@id":"https:\/\/prismagamers.com\/hu\/produkt\/factory-planner\/#breadcrumb","itemListElement":[{"@type":"ListItem","position":1,"name":"Strona g\u0142\u00f3wna","item":"https:\/\/prismagamers.com\/hu\/prismagamers\/"},{"@type":"ListItem","position":2,"name":"Shop","item":"https:\/\/prismagamers.com\/hu\/shop\/"},{"@type":"ListItem","position":3,"name":"Factory Planner"}]},{"@type":"WebSite","@id":"https:\/\/prismagamers.com\/hu\/#website","url":"https:\/\/prismagamers.com\/hu\/","name":"Prismagamers","description":"Sklep z grami PC I Sklep klucze Steam","publisher":{"@id":"https:\/\/prismagamers.com\/hu\/#organization"},"potentialAction":[{"@type":"SearchAction","target":{"@type":"EntryPoint","urlTemplate":"https:\/\/prismagamers.com\/hu\/?s={search_term_string}"},"query-input":{"@type":"PropertyValueSpecification","valueRequired":true,"valueName":"search_term_string"}}],"inLanguage":"hu"},{"@type":"Organization","@id":"https:\/\/prismagamers.com\/hu\/#organization","name":"Prismagamers","url":"https:\/\/prismagamers.com\/hu\/","logo":{"@type":"ImageObject","inLanguage":"hu","@id":"https:\/\/prismagamers.com\/hu\/#\/schema\/logo\/image\/","url":"https:\/\/prismagamers.com\/wp-content\/uploads\/2022\/04\/cropped-logo-Prismagamers-01-scaled-1.jpg","contentUrl":"https:\/\/prismagamers.com\/wp-content\/uploads\/2022\/04\/cropped-logo-Prismagamers-01-scaled-1.jpg","width":512,"height":512,"caption":"Prismagamers"},"image":{"@id":"https:\/\/prismagamers.com\/hu\/#\/schema\/logo\/image\/"},"sameAs":["https:\/\/www.facebook.com\/prismagamers","https:\/\/www.instagram.com\/prismagamers_grycyfrowe\/"],"description":"Prismagamers.com to dynamiczny sklep z grami cyfrowymi, stworzony z my\u015bl\u0105 o entuzjastach gier wideo. Nasza strona oferuje szerok\u0105 gam\u0119 gier komputerowych, w tym najnowsze tytu\u0142y, dobrze znane klasyki oraz gry stworzone przez niezale\u017cne studia Ca\u0142y czas d\u0105\u017cymy do rozszerzenia naszej oferty. Do\u0142\u0105cz do nas i sta\u0144 si\u0119 cz\u0119\u015bci\u0105 naszej rosn\u0105cej spo\u0142eczno\u015bci graczy!","email":"shop@prismagamers.com","telephone":"48795541705","legalName":"East Caravan Maksym \u017bukow","foundingDate":"2012-05-10","vatID":"PL8943038612","taxID":"PL8943038612","numberOfEmployees":{"@type":"QuantitativeValue","minValue":"11","maxValue":"50"}}]}},"_links":{"self":[{"href":"https:\/\/prismagamers.com\/hu\/wp-json\/wp\/v2\/product\/57130","targetHints":{"allow":["GET"]}}],"collection":[{"href":"https:\/\/prismagamers.com\/hu\/wp-json\/wp\/v2\/product"}],"about":[{"href":"https:\/\/prismagamers.com\/hu\/wp-json\/wp\/v2\/types\/product"}],"wp:featuredmedia":[{"embeddable":true,"href":"https:\/\/prismagamers.com\/hu\/wp-json\/wp\/v2\/media\/57126"}],"wp:attachment":[{"href":"https:\/\/prismagamers.com\/hu\/wp-json\/wp\/v2\/media?parent=57130"}],"wp:term":[{"taxonomy":"product_brand","embeddable":true,"href":"https:\/\/prismagamers.com\/hu\/wp-json\/wp\/v2\/product_brand?post=57130"},{"taxonomy":"product_cat","embeddable":true,"href":"https:\/\/prismagamers.com\/hu\/wp-json\/wp\/v2\/product_cat?post=57130"},{"taxonomy":"product_tag","embeddable":true,"href":"https:\/\/prismagamers.com\/hu\/wp-json\/wp\/v2\/product_tag?post=57130"}],"curies":[{"name":"wp","href":"https:\/\/api.w.org\/{rel}","templated":true}]}}